
{"id":10299,"date":"2017-06-27T19:14:59","date_gmt":"2017-06-27T19:14:59","guid":{"rendered":"http:\/\/exclusive-it-development.nl\/?page_id=837"},"modified":"2021-04-02T10:02:45","modified_gmt":"2021-04-02T10:02:45","slug":"design","status":"publish","type":"page","link":"https:\/\/fireware.nl\/de\/design\/","title":{"rendered":"Design"},"content":{"rendered":"\n\n\t\t\t\t<img decoding=\"async\" src=\"https:\/\/fireware.nl\/wp-content\/uploads\/2018\/11\/drenthe-1.jpg\" alt=\"\" itemprop=\"image\" onerror=\"this.style.display='none'\"  \/>\n\t<h2>Realistische Trainingsumgebungen schaffen<\/h2>\n<p>Wir bei FireWare schaffen realistische Trainingsumgebungen. Die Mittel, die wir dabei einsetzen sind sehr unterschiedlich, aber sie alle haben gemeinsam, dass sie realistisch, erkennbar und interaktiv sind. Auf diese Weise bleibt die Botschaft, die unsere Kunden vermitteln wollen, besser im Ged\u00e4chtnis und tragen wir zum Erreichen des gestellten Trainingsziel bei.<\/p>\n<p>Die Produkte, die wir verkaufen und vermieten, bilden dabei die Grundlage. Dadurch, dass wir die richtigen Materialien einsetzen, ist es m\u00f6glich, eine realistische Simulation aufzubauen. FireWare positioniert sich dabei am liebsten als Ihr Partner. Zusammen kommen wir mithilfe der Co-Creation zu einer L\u00f6sung, die perfekt passt. Ihr eigener Beitrag ist dabei so gro\u00df, wie Sie es selbst wollen. FireWare hilft dabei gern mit:<\/p>\n<ul>\n<li>bei der Festlegung der \u00dcbungsziele;<\/li>\n<li>bei der Auswahl der richtigen Mittel (mobiles oder station\u00e4res \u00dcbungszentrum, Escape-Room, Simulation, interaktive Roadshow usw.);<\/li>\n<li>bei der Auswahl der richtigen Effekte (Flammen, Rauch, Soundeffekte usw.);<\/li>\n<li>der Art und Weise der Ansteuerung;<\/li>\n<li>der gew\u00fcnschten Ausstrahlung;<\/li>\n<li>kleinen Anpassungen, die die Anlage f\u00fcr mehrere Zwecke einsetzbar machen.<\/li>\n<\/ul>\n<h3><strong>Unverbindliches Brainstorming<\/strong><\/h3>\n<p>Neugierig, was FireWare f\u00fcr Ihr Projekt tun kann? Dann kommen Sie unverbindlich zu einem Brainstorming vorbei! Vereinbaren Sie immer zuerst einen Termin, um sicherzustellen, dass die richtigen Personen anwesend sind und wir alle Zeit f\u00fcr Sie haben. Wir haben einen speziellen Brainstorming-Raum in Wieringerwerf, weil wir glauben, dass jedes erfolgreiche Projekt mit guten Ideen und einem Ansatzplan beginnt. M\u00f6chten Sie mehr \u00fcber die Schritte erfahren, die wir nach dem Brainstorming auf dem Weg zum gew\u00fcnschten Endergebnis unternehmen? Nachfolgend k\u00f6nnen Sie unter Projektansatz alles dar\u00fcber lesen.<\/p>\n<p>Dar\u00fcber hinaus bietet FireWare die M\u00f6glichkeit, Lego\u00ae Serious Play\u00ae f\u00fcr die Konzeptentwicklung einzusetzen. Hier nutzen wir Lego\u00ae, um Antworten auf Fragen zu geben, L\u00f6sungen f\u00fcr Herausforderungen zu finden und einander besser kennenzulernen. M\u00f6chten Sie mehr \u00fcber Lego\u00ae Serious Play\u00ae erfahren? Nachfolgend k\u00f6nnen Sie alles dar\u00fcber lesen.<\/p>\n<p>Auf unserer Website finden Sie eine F\u00fclle von Informationen zu unseren Produkten und Projekten. Trotzdem lohnt es sich, diese \u00dcbungsl\u00f6sungen aus der N\u00e4he zu erleben. Deshalb m\u00f6chten wir Sie gerne in unserem Testzentrum mit einer Demonstration unserer Produkte inspirieren.<\/p>\n\t<h3>Projektansatz<\/h3>\n\t\t\t\t<a href=\"https:\/\/fireware.nl\/de\/design\/projektansatz\/\" target=\"_blank\" rel=\"noopener\" itemprop=\"url\">\n\t\t\t\t<img loading=\"lazy\" decoding=\"async\" src=\"https:\/\/fireware.nl\/wp-content\/uploads\/2021\/03\/Projectaanpak-2021.jpg\" alt=\"Projectaanpak 2021\" itemprop=\"image\" height=\"400\" width=\"800\" title=\"Projectaanpak 2021\" onerror=\"this.style.display='none'\"  \/>\n\t\t\t\t<\/a>\n\t<h3>Lego\u00ae Serious Play\u00ae<\/h3>\n\t\t\t\t<a href=\"https:\/\/fireware.nl\/de\/design\/lego-serious-play\" target=\"_blank\" rel=\"noopener\" itemprop=\"url\">\n\t\t\t\t<img loading=\"lazy\" decoding=\"async\" src=\"https:\/\/fireware.nl\/wp-content\/uploads\/2021\/03\/Lego-Serious-Play-2021.jpg\" alt=\"Lego Serious Play 2021\" itemprop=\"image\" height=\"400\" width=\"800\" title=\"Lego Serious Play 2021\" onerror=\"this.style.display='none'\"  \/>\n\t\t\t\t<\/a>\n\t<h3><strong>Inhaltserstellung<\/strong><\/h3>\n<p>FireWare durfte den letzten Jahren regelm\u00e4\u00dfig einen wichtigen Beitrag zur Entwicklung verschiedener \u00dcbungszentren in den Niederlanden und im Ausland leisten. Vom Gesamtkonzeptentwurf bis zum Erlebnisdesign und von der Integration von Lern- und Lehrzielen bis zu Zukunftssicherheitsstudien. Um diesen Prozess noch besser zu vereinfachen, wurde diese Woche mit dem Bau des neuen CreaLab bei FireWare begonnen. Dieser Raum ist mit einem 3D-Drucker, einem Gro\u00dfformatplotter, einem Schneideplotter, einer CNC-Bank, einem Laserschneider, einer Lasergravurmaschine und vielen anderen Werkzeugen ausgestattet.<\/p>\n<p>Dar\u00fcber hinaus bietet unser FireWare-Studio die M\u00f6glichkeit, (Live-) Webinare und Mitgliederversammlungen zu organisieren und Inhalte zum Lernen von Filmen und E-Learning aufzuzeichnen. Sind Sie neugierig, was das FireWare-Studio so besonders macht? Klicken Sie auf den Block unten, um alle gesuchten Informationen anzuzeigen.<\/p>\n\t<h3>FireWare CreaLab<\/h3>\n\t\t\t\t<a href=\"https:\/\/fireware.nl\/de\/design\/crealab\/\" target=\"_blank\" rel=\"noopener\" itemprop=\"url\">\n\t\t\t\t<img loading=\"lazy\" decoding=\"async\" src=\"https:\/\/fireware.nl\/wp-content\/uploads\/2021\/03\/CreaLab.jpg\" alt=\"CreaLab\" itemprop=\"image\" height=\"400\" width=\"800\" title=\"CreaLab\" onerror=\"this.style.display='none'\"  \/>\n\t\t\t\t<\/a>\n\t<h3>FireWare Studio<\/h3>\n\t\t\t\t<a href=\"https:\/\/fireware.nl\/de\/design\/fireware-studio\/\" target=\"_blank\" rel=\"noopener\" itemprop=\"url\">\n\t\t\t\t<img loading=\"lazy\" decoding=\"async\" src=\"https:\/\/fireware.nl\/wp-content\/uploads\/2021\/03\/FireWare-Studio.jpg\" alt=\"FireWare Studio\" itemprop=\"image\" height=\"400\" width=\"800\" title=\"FireWare Studio\" onerror=\"this.style.display='none'\"  \/>\n\t\t\t\t<\/a>\n\n","protected":false},"excerpt":{"rendered":"<p>Realistische Trainingsumgebungen schaffen Wir bei FireWare schaffen realistische Trainingsumgebungen. Die Mittel, die wir dabei einsetzen sind sehr unterschiedlich, aber sie<span class=\"excerpt-ellipsis\">&#8230;<\/span><\/p>\n","protected":false},"author":2,"featured_media":0,"parent":0,"menu_order":0,"comment_status":"closed","ping_status":"closed","template":"","meta":{"footnotes":""},"class_list":["post-10299","page","type-page","status-publish","hentry"],"yoast_head":"<!-- This site is optimized with the Yoast SEO plugin v27.5 - https:\/\/yoast.com\/product\/yoast-seo-wordpress\/ -->\n<title>Design - FireWare<\/title>\n<meta name=\"robots\" content=\"index, follow, max-snippet:-1, max-image-preview:large, max-video-preview:-1\" \/>\n<link rel=\"canonical\" href=\"https:\/\/fireware.nl\/de\/design\/\" \/>\n<meta property=\"og:locale\" content=\"de_DE\" \/>\n<meta property=\"og:type\" content=\"article\" \/>\n<meta property=\"og:title\" content=\"Design - FireWare\" \/>\n<meta property=\"og:description\" content=\"Realistische Trainingsumgebungen schaffen Wir bei FireWare schaffen realistische Trainingsumgebungen. Die Mittel, die wir dabei einsetzen sind sehr unterschiedlich, aber sie...\" \/>\n<meta property=\"og:url\" content=\"https:\/\/fireware.nl\/de\/design\/\" \/>\n<meta property=\"og:site_name\" content=\"FireWare\" \/>\n<meta property=\"article:publisher\" content=\"https:\/\/www.facebook.com\/FireWareBV\/\" \/>\n<meta property=\"article:modified_time\" content=\"2021-04-02T10:02:45+00:00\" \/>\n<meta property=\"og:image\" content=\"https:\/\/fireware.nl\/wp-content\/uploads\/2018\/11\/drenthe-1.jpg\" \/>\n<meta name=\"twitter:card\" content=\"summary_large_image\" \/>\n<meta name=\"twitter:site\" content=\"@FireWarebv\" \/>\n<meta name=\"twitter:label1\" content=\"Gesch\u00e4tzte Lesezeit\" \/>\n\t<meta name=\"twitter:data1\" content=\"2\u00a0Minuten\" \/>\n<script type=\"application\/ld+json\" class=\"yoast-schema-graph\">{\"@context\":\"https:\\\/\\\/schema.org\",\"@graph\":[{\"@type\":\"WebPage\",\"@id\":\"https:\\\/\\\/fireware.nl\\\/de\\\/design\\\/\",\"url\":\"https:\\\/\\\/fireware.nl\\\/de\\\/design\\\/\",\"name\":\"Design - FireWare\",\"isPartOf\":{\"@id\":\"https:\\\/\\\/fireware.nl\\\/de\\\/#website\"},\"primaryImageOfPage\":{\"@id\":\"https:\\\/\\\/fireware.nl\\\/de\\\/design\\\/#primaryimage\"},\"image\":{\"@id\":\"https:\\\/\\\/fireware.nl\\\/de\\\/design\\\/#primaryimage\"},\"thumbnailUrl\":\"https:\\\/\\\/fireware.nl\\\/wp-content\\\/uploads\\\/2018\\\/11\\\/drenthe-1.jpg\",\"datePublished\":\"2017-06-27T19:14:59+00:00\",\"dateModified\":\"2021-04-02T10:02:45+00:00\",\"breadcrumb\":{\"@id\":\"https:\\\/\\\/fireware.nl\\\/de\\\/design\\\/#breadcrumb\"},\"inLanguage\":\"de\",\"potentialAction\":[{\"@type\":\"ReadAction\",\"target\":[\"https:\\\/\\\/fireware.nl\\\/de\\\/design\\\/\"]}]},{\"@type\":\"ImageObject\",\"inLanguage\":\"de\",\"@id\":\"https:\\\/\\\/fireware.nl\\\/de\\\/design\\\/#primaryimage\",\"url\":\"https:\\\/\\\/fireware.nl\\\/wp-content\\\/uploads\\\/2018\\\/11\\\/drenthe-1.jpg\",\"contentUrl\":\"https:\\\/\\\/fireware.nl\\\/wp-content\\\/uploads\\\/2018\\\/11\\\/drenthe-1.jpg\"},{\"@type\":\"BreadcrumbList\",\"@id\":\"https:\\\/\\\/fireware.nl\\\/de\\\/design\\\/#breadcrumb\",\"itemListElement\":[{\"@type\":\"ListItem\",\"position\":1,\"name\":\"Home\",\"item\":\"https:\\\/\\\/fireware.nl\\\/de\\\/\"},{\"@type\":\"ListItem\",\"position\":2,\"name\":\"Design\"}]},{\"@type\":\"WebSite\",\"@id\":\"https:\\\/\\\/fireware.nl\\\/de\\\/#website\",\"url\":\"https:\\\/\\\/fireware.nl\\\/de\\\/\",\"name\":\"FireWare\",\"description\":\"CREATING REALISTIC  TRAINING ENVIRONMENTS\",\"publisher\":{\"@id\":\"https:\\\/\\\/fireware.nl\\\/de\\\/#organization\"},\"potentialAction\":[{\"@type\":\"SearchAction\",\"target\":{\"@type\":\"EntryPoint\",\"urlTemplate\":\"https:\\\/\\\/fireware.nl\\\/de\\\/?s={search_term_string}\"},\"query-input\":{\"@type\":\"PropertyValueSpecification\",\"valueRequired\":true,\"valueName\":\"search_term_string\"}}],\"inLanguage\":\"de\"},{\"@type\":\"Organization\",\"@id\":\"https:\\\/\\\/fireware.nl\\\/de\\\/#organization\",\"name\":\"FireWare\",\"url\":\"https:\\\/\\\/fireware.nl\\\/de\\\/\",\"logo\":{\"@type\":\"ImageObject\",\"inLanguage\":\"de\",\"@id\":\"https:\\\/\\\/fireware.nl\\\/de\\\/#\\\/schema\\\/logo\\\/image\\\/\",\"url\":\"https:\\\/\\\/fireware.nl\\\/wp-content\\\/uploads\\\/2018\\\/10\\\/FireWare-logo.jpg\",\"contentUrl\":\"https:\\\/\\\/fireware.nl\\\/wp-content\\\/uploads\\\/2018\\\/10\\\/FireWare-logo.jpg\",\"width\":171,\"height\":70,\"caption\":\"FireWare\"},\"image\":{\"@id\":\"https:\\\/\\\/fireware.nl\\\/de\\\/#\\\/schema\\\/logo\\\/image\\\/\"},\"sameAs\":[\"https:\\\/\\\/www.facebook.com\\\/FireWareBV\\\/\",\"https:\\\/\\\/x.com\\\/FireWarebv\",\"https:\\\/\\\/www.instagram.com\\\/fireware_nl\\\/\",\"https:\\\/\\\/www.linkedin.com\\\/company\\\/3586017\\\/\",\"https:\\\/\\\/www.youtube.com\\\/user\\\/firesalesrentconsult\"]}]}<\/script>\n<!-- \/ Yoast SEO plugin. -->","yoast_head_json":{"title":"Design - FireWare","robots":{"index":"index","follow":"follow","max-snippet":"max-snippet:-1","max-image-preview":"max-image-preview:large","max-video-preview":"max-video-preview:-1"},"canonical":"https:\/\/fireware.nl\/de\/design\/","og_locale":"de_DE","og_type":"article","og_title":"Design - FireWare","og_description":"Realistische Trainingsumgebungen schaffen Wir bei FireWare schaffen realistische Trainingsumgebungen. Die Mittel, die wir dabei einsetzen sind sehr unterschiedlich, aber sie...","og_url":"https:\/\/fireware.nl\/de\/design\/","og_site_name":"FireWare","article_publisher":"https:\/\/www.facebook.com\/FireWareBV\/","article_modified_time":"2021-04-02T10:02:45+00:00","og_image":[{"url":"https:\/\/fireware.nl\/wp-content\/uploads\/2018\/11\/drenthe-1.jpg","type":"","width":"","height":""}],"twitter_card":"summary_large_image","twitter_site":"@FireWarebv","twitter_misc":{"Gesch\u00e4tzte Lesezeit":"2\u00a0Minuten"},"schema":{"@context":"https:\/\/schema.org","@graph":[{"@type":"WebPage","@id":"https:\/\/fireware.nl\/de\/design\/","url":"https:\/\/fireware.nl\/de\/design\/","name":"Design - FireWare","isPartOf":{"@id":"https:\/\/fireware.nl\/de\/#website"},"primaryImageOfPage":{"@id":"https:\/\/fireware.nl\/de\/design\/#primaryimage"},"image":{"@id":"https:\/\/fireware.nl\/de\/design\/#primaryimage"},"thumbnailUrl":"https:\/\/fireware.nl\/wp-content\/uploads\/2018\/11\/drenthe-1.jpg","datePublished":"2017-06-27T19:14:59+00:00","dateModified":"2021-04-02T10:02:45+00:00","breadcrumb":{"@id":"https:\/\/fireware.nl\/de\/design\/#breadcrumb"},"inLanguage":"de","potentialAction":[{"@type":"ReadAction","target":["https:\/\/fireware.nl\/de\/design\/"]}]},{"@type":"ImageObject","inLanguage":"de","@id":"https:\/\/fireware.nl\/de\/design\/#primaryimage","url":"https:\/\/fireware.nl\/wp-content\/uploads\/2018\/11\/drenthe-1.jpg","contentUrl":"https:\/\/fireware.nl\/wp-content\/uploads\/2018\/11\/drenthe-1.jpg"},{"@type":"BreadcrumbList","@id":"https:\/\/fireware.nl\/de\/design\/#breadcrumb","itemListElement":[{"@type":"ListItem","position":1,"name":"Home","item":"https:\/\/fireware.nl\/de\/"},{"@type":"ListItem","position":2,"name":"Design"}]},{"@type":"WebSite","@id":"https:\/\/fireware.nl\/de\/#website","url":"https:\/\/fireware.nl\/de\/","name":"FireWare","description":"CREATING REALISTIC  TRAINING ENVIRONMENTS","publisher":{"@id":"https:\/\/fireware.nl\/de\/#organization"},"potentialAction":[{"@type":"SearchAction","target":{"@type":"EntryPoint","urlTemplate":"https:\/\/fireware.nl\/de\/?s={search_term_string}"},"query-input":{"@type":"PropertyValueSpecification","valueRequired":true,"valueName":"search_term_string"}}],"inLanguage":"de"},{"@type":"Organization","@id":"https:\/\/fireware.nl\/de\/#organization","name":"FireWare","url":"https:\/\/fireware.nl\/de\/","logo":{"@type":"ImageObject","inLanguage":"de","@id":"https:\/\/fireware.nl\/de\/#\/schema\/logo\/image\/","url":"https:\/\/fireware.nl\/wp-content\/uploads\/2018\/10\/FireWare-logo.jpg","contentUrl":"https:\/\/fireware.nl\/wp-content\/uploads\/2018\/10\/FireWare-logo.jpg","width":171,"height":70,"caption":"FireWare"},"image":{"@id":"https:\/\/fireware.nl\/de\/#\/schema\/logo\/image\/"},"sameAs":["https:\/\/www.facebook.com\/FireWareBV\/","https:\/\/x.com\/FireWarebv","https:\/\/www.instagram.com\/fireware_nl\/","https:\/\/www.linkedin.com\/company\/3586017\/","https:\/\/www.youtube.com\/user\/firesalesrentconsult"]}]}},"publishpress_future_action":{"enabled":false,"date":"2026-05-12 18:23:37","action":"change-status","newStatus":"draft","terms":[],"taxonomy":"translation_priority","extraData":[]},"publishpress_future_workflow_manual_trigger":{"enabledWorkflows":[]},"_links":{"self":[{"href":"https:\/\/fireware.nl\/de\/wp-json\/wp\/v2\/pages\/10299","targetHints":{"allow":["GET"]}}],"collection":[{"href":"https:\/\/fireware.nl\/de\/wp-json\/wp\/v2\/pages"}],"about":[{"href":"https:\/\/fireware.nl\/de\/wp-json\/wp\/v2\/types\/page"}],"author":[{"embeddable":true,"href":"https:\/\/fireware.nl\/de\/wp-json\/wp\/v2\/users\/2"}],"replies":[{"embeddable":true,"href":"https:\/\/fireware.nl\/de\/wp-json\/wp\/v2\/comments?post=10299"}],"version-history":[{"count":0,"href":"https:\/\/fireware.nl\/de\/wp-json\/wp\/v2\/pages\/10299\/revisions"}],"wp:attachment":[{"href":"https:\/\/fireware.nl\/de\/wp-json\/wp\/v2\/media?parent=10299"}],"curies":[{"name":"wp","href":"https:\/\/api.w.org\/{rel}","templated":true}]}}