
{"id":128941,"date":"2025-08-18T12:20:54","date_gmt":"2025-08-18T12:20:54","guid":{"rendered":"https:\/\/fireware.nl\/simulation-academy\/how-to-videos-lernen-sie-zu-inszenieren-wie-ein-profi\/"},"modified":"2026-03-20T12:16:53","modified_gmt":"2026-03-20T12:16:53","slug":"how-to-videos-lernen-sie-zu-inszenieren-wie-ein-profi","status":"publish","type":"page","link":"https:\/\/fireware.nl\/de\/simulation-academy\/how-to-videos-lernen-sie-zu-inszenieren-wie-ein-profi\/","title":{"rendered":"HOW-TO Videos &#8211; Lernen Sie zu inszenieren wie ein Profi"},"content":{"rendered":"\n<figure itemscope itemtype=\"https:\/\/schema.org\/ImageObject\">\n\t\t\t\t<img decoding=\"async\" src=\"https:\/\/fireware.nl\/wp-content\/uploads\/2025\/07\/How-to-videos-Website-Header_Grijze-achtergrond.jpg\" alt=\"How to video&#039;s Website Header_Grijze achtergrond\" height=\"800\" width=\"2200\" title=\"How to video&#039;s Website Header_Grijze achtergrond\" onerror=\"this.style.display='none'\" loading=\"lazy\" \/>\n\t<\/figure>\n\t<h2 data-start=\"203\" data-end=\"251\"><strong data-start=\"203\" data-end=\"251\">Lernen Sie das Szenieren wie ein Profi &#8211; Schritt f\u00fcr Schritt<\/strong><\/h2>\n<strong>Willkommen bei der ultimativen Sammlung all unserer HOW-TO-Videos. Hier finden Sie Anleitungen zu Szenierung, Simulation und zur Wartung von Szenierungsmitteln. Der perfekte Ort, um Ihre F\u00e4higkeiten zu verbessern und auf dem neuesten Stand zu bleiben. Ob Sie gerade erst anfangen oder seit Jahren \u00dcbungen gestalten &#8211; diese Videos bringen Sie weiter.<\/strong>\nVon der Erstellung verschiedener Thermal Runaways bis hin zur Erzeugung realistischer Rauchschichten &#8211; jedes Video bietet eine klare Schritt-f\u00fcr-Schritt-Erkl\u00e4rung und visuelle Beispiele. Alles basiert auf unserer praktischen Felderfahrung.\nNutzen Sie die Videos zur Inspiration, als Nachschlagewerk, zur Auffrischung Ihres Wissens oder als praktische Unterst\u00fctzung bei der Vorbereitung. So holen Sie das Beste aus Ihrem \u00dcbungsmaterial und Ihrem Training heraus.\nBleiben Sie dieser Seite treu &#8211; die Anzahl der HOW-TO-Videos wird stetig wachsen.\n<p>&nbsp;<\/p>\n\t<h2 data-start=\"179\" data-end=\"241\"><strong data-start=\"179\" data-end=\"241\">HOW TO | Flammensimulationen und IBGS\/CBRNe Inszenierungen<\/strong><\/h2>\n\t\t<iframe src='https:\/\/vimeo.com\/showcase\/11700892\/embed' allow='autoplay; fullscreen; picture-in-picture; gyroscope; accelerometer; clipboard-write; encrypted-media; web-share' frameborder='0' style='position:absolute;top:0;left:0;width:100%;height:100%;'><\/iframe>\t\n\t<h2 data-start=\"179\" data-end=\"241\"><strong>THE BASICS | Die Essenz des Produkts<\/strong><\/h2>\n\t\t<iframe src='https:\/\/vimeo.com\/showcase\/12106120\/embed' allow='autoplay; fullscreen; picture-in-picture; gyroscope; accelerometer; clipboard-write; encrypted-media; web-share' frameborder='0' style='position:absolute;top:0;left:0;width:100%;height:100%;'><\/iframe>\t\n\t<h2 data-start=\"179\" data-end=\"241\"><strong>HOW TO | Safety Library<\/strong><\/h2>\n\t\t<iframe src='https:\/\/vimeo.com\/showcase\/7968777\/embed' allow='autoplay; fullscreen; picture-in-picture; gyroscope; accelerometer; clipboard-write; encrypted-media; web-share' frameborder='0' style='position:absolute;top:0;left:0;width:100%;height:100%;'><\/iframe>\t\n\tDie <a href=\"https:\/\/fireware.nl\/de\/safety-library\/\" target=\"_blank\" rel=\"noopener\">FireWare Safety Library<\/a> ist die digitale Bibliothek mit Bildmaterial f\u00fcr die Sicherheitsbranche. Entwickeln und erstellen Sie unendlich viele Szenarien mit \u00fcber 2500 Animationen sowie 2D- und 3D-Bildern, um realistische Szenarien zu gestalten und in Ihrer eigenen Pr\u00e4sentationssoftware zu pr\u00e4sentieren. Und ein Bonus: Sie ist komplett kostenlos!\n\t<h2 data-start=\"179\" data-end=\"241\"><strong>HOW TO | Produktwartung<\/strong><\/h2>\n\t\t<iframe src='https:\/\/vimeo.com\/showcase\/12051772\/embed' allow='autoplay; fullscreen; picture-in-picture; gyroscope; accelerometer; clipboard-write; encrypted-media; web-share' frameborder='0' style='position:absolute;top:0;left:0;width:100%;height:100%;'><\/iframe>\t\n\t<h2 data-start=\"179\" data-end=\"241\"><strong>HOW TO | Verletzten Simulationen<\/strong><\/h2>\n\t\t<iframe src='https:\/\/vimeo.com\/showcase\/11218698\/embed' allow='autoplay; fullscreen; picture-in-picture; gyroscope; accelerometer; clipboard-write; encrypted-media; web-share' frameborder='0' style='position:absolute;top:0;left:0;width:100%;height:100%;'><\/iframe>\t\n\t<p>In der Videoplaylist <strong><em>HOW TO Casualty Simulation<\/em><\/strong> finden Sie verschiedene Anleitungsvideos, darunter 16 exklusive realistische Unfallszenarien, die mit einer \u00dcbungspuppe dargestellt werden. Tom Pistorius vom <a href=\"https:\/\/www.facebook.com\/p\/Brandveiligheidsinstituut-Pistorius-100060344723056\/\" target=\"_blank\" rel=\"noopener\">(Brand)veiligheidsinstituut Pistorius<\/a> zeigt Schritt f\u00fcr Schritt, wie unterschiedliche Unfallsituationen sorgf\u00e4ltig und realit\u00e4tsnah inszeniert werden. Dazu geh\u00f6ren Separationsprotokolle, Kopfverletzungen sowie ein Unfall mit einem Winkelschleifer. Eine wertvolle Ressource f\u00fcr alle, die realistische Verletzten Trainings gestalten m\u00f6chten. Absolut sehenswert!<\/p>\n\n","protected":false},"excerpt":{"rendered":"<p>Lernen Sie das Szenieren wie ein Profi &#8211; Schritt f\u00fcr Schritt Willkommen bei der ultimativen Sammlung all unserer HOW-TO-Videos. Hier<span class=\"excerpt-ellipsis\">&#8230;<\/span><\/p>\n","protected":false},"author":1280,"featured_media":0,"parent":39887,"menu_order":0,"comment_status":"closed","ping_status":"closed","template":"","meta":{"footnotes":""},"class_list":["post-128941","page","type-page","status-publish","hentry"],"yoast_head":"<!-- This site is optimized with the Yoast SEO plugin v27.5 - https:\/\/yoast.com\/product\/yoast-seo-wordpress\/ -->\n<title>HOW-TO Videos - Lernen Sie zu inszenieren wie ein Profi - FireWare<\/title>\n<meta name=\"robots\" content=\"index, follow, max-snippet:-1, max-image-preview:large, max-video-preview:-1\" \/>\n<link rel=\"canonical\" href=\"https:\/\/fireware.nl\/de\/simulation-academy\/how-to-videos-lernen-sie-zu-inszenieren-wie-ein-profi\/\" \/>\n<meta property=\"og:locale\" content=\"de_DE\" \/>\n<meta property=\"og:type\" content=\"article\" \/>\n<meta property=\"og:title\" content=\"HOW-TO Videos - Lernen Sie zu inszenieren wie ein Profi - FireWare\" \/>\n<meta property=\"og:description\" content=\"Lernen Sie das Szenieren wie ein Profi &#8211; Schritt f\u00fcr Schritt Willkommen bei der ultimativen Sammlung all unserer HOW-TO-Videos. Hier...\" \/>\n<meta property=\"og:url\" content=\"https:\/\/fireware.nl\/de\/simulation-academy\/how-to-videos-lernen-sie-zu-inszenieren-wie-ein-profi\/\" \/>\n<meta property=\"og:site_name\" content=\"FireWare\" \/>\n<meta property=\"article:publisher\" content=\"https:\/\/www.facebook.com\/FireWareBV\/\" \/>\n<meta property=\"article:modified_time\" content=\"2026-03-20T12:16:53+00:00\" \/>\n<meta property=\"og:image\" content=\"https:\/\/fireware.nl\/wp-content\/uploads\/2025\/07\/How-to-videos-Website-Header_Grijze-achtergrond.jpg\" \/>\n<meta name=\"twitter:card\" content=\"summary_large_image\" \/>\n<meta name=\"twitter:site\" content=\"@FireWarebv\" \/>\n<meta name=\"twitter:label1\" content=\"Gesch\u00e4tzte Lesezeit\" \/>\n\t<meta name=\"twitter:data1\" content=\"1\u00a0Minute\" \/>\n<script type=\"application\/ld+json\" class=\"yoast-schema-graph\">{\"@context\":\"https:\\\/\\\/schema.org\",\"@graph\":[{\"@type\":\"WebPage\",\"@id\":\"https:\\\/\\\/fireware.nl\\\/de\\\/simulation-academy\\\/how-to-videos-lernen-sie-zu-inszenieren-wie-ein-profi\\\/\",\"url\":\"https:\\\/\\\/fireware.nl\\\/de\\\/simulation-academy\\\/how-to-videos-lernen-sie-zu-inszenieren-wie-ein-profi\\\/\",\"name\":\"HOW-TO Videos - Lernen Sie zu inszenieren wie ein Profi - FireWare\",\"isPartOf\":{\"@id\":\"https:\\\/\\\/fireware.nl\\\/de\\\/#website\"},\"primaryImageOfPage\":{\"@id\":\"https:\\\/\\\/fireware.nl\\\/de\\\/simulation-academy\\\/how-to-videos-lernen-sie-zu-inszenieren-wie-ein-profi\\\/#primaryimage\"},\"image\":{\"@id\":\"https:\\\/\\\/fireware.nl\\\/de\\\/simulation-academy\\\/how-to-videos-lernen-sie-zu-inszenieren-wie-ein-profi\\\/#primaryimage\"},\"thumbnailUrl\":\"https:\\\/\\\/fireware.nl\\\/wp-content\\\/uploads\\\/2025\\\/07\\\/How-to-videos-Website-Header_Grijze-achtergrond.jpg\",\"datePublished\":\"2025-08-18T12:20:54+00:00\",\"dateModified\":\"2026-03-20T12:16:53+00:00\",\"breadcrumb\":{\"@id\":\"https:\\\/\\\/fireware.nl\\\/de\\\/simulation-academy\\\/how-to-videos-lernen-sie-zu-inszenieren-wie-ein-profi\\\/#breadcrumb\"},\"inLanguage\":\"de\",\"potentialAction\":[{\"@type\":\"ReadAction\",\"target\":[\"https:\\\/\\\/fireware.nl\\\/de\\\/simulation-academy\\\/how-to-videos-lernen-sie-zu-inszenieren-wie-ein-profi\\\/\"]}]},{\"@type\":\"ImageObject\",\"inLanguage\":\"de\",\"@id\":\"https:\\\/\\\/fireware.nl\\\/de\\\/simulation-academy\\\/how-to-videos-lernen-sie-zu-inszenieren-wie-ein-profi\\\/#primaryimage\",\"url\":\"https:\\\/\\\/fireware.nl\\\/wp-content\\\/uploads\\\/2025\\\/07\\\/How-to-videos-Website-Header_Grijze-achtergrond.jpg\",\"contentUrl\":\"https:\\\/\\\/fireware.nl\\\/wp-content\\\/uploads\\\/2025\\\/07\\\/How-to-videos-Website-Header_Grijze-achtergrond.jpg\"},{\"@type\":\"BreadcrumbList\",\"@id\":\"https:\\\/\\\/fireware.nl\\\/de\\\/simulation-academy\\\/how-to-videos-lernen-sie-zu-inszenieren-wie-ein-profi\\\/#breadcrumb\",\"itemListElement\":[{\"@type\":\"ListItem\",\"position\":1,\"name\":\"Home\",\"item\":\"https:\\\/\\\/fireware.nl\\\/de\\\/\"},{\"@type\":\"ListItem\",\"position\":2,\"name\":\"Simulation Academy\",\"item\":\"https:\\\/\\\/fireware.nl\\\/de\\\/simulation-academy\\\/\"},{\"@type\":\"ListItem\",\"position\":3,\"name\":\"HOW-TO Videos &#8211; Lernen Sie zu inszenieren wie ein Profi\"}]},{\"@type\":\"WebSite\",\"@id\":\"https:\\\/\\\/fireware.nl\\\/de\\\/#website\",\"url\":\"https:\\\/\\\/fireware.nl\\\/de\\\/\",\"name\":\"FireWare\",\"description\":\"CREATING REALISTIC  TRAINING ENVIRONMENTS\",\"publisher\":{\"@id\":\"https:\\\/\\\/fireware.nl\\\/de\\\/#organization\"},\"potentialAction\":[{\"@type\":\"SearchAction\",\"target\":{\"@type\":\"EntryPoint\",\"urlTemplate\":\"https:\\\/\\\/fireware.nl\\\/de\\\/?s={search_term_string}\"},\"query-input\":{\"@type\":\"PropertyValueSpecification\",\"valueRequired\":true,\"valueName\":\"search_term_string\"}}],\"inLanguage\":\"de\"},{\"@type\":\"Organization\",\"@id\":\"https:\\\/\\\/fireware.nl\\\/de\\\/#organization\",\"name\":\"FireWare\",\"url\":\"https:\\\/\\\/fireware.nl\\\/de\\\/\",\"logo\":{\"@type\":\"ImageObject\",\"inLanguage\":\"de\",\"@id\":\"https:\\\/\\\/fireware.nl\\\/de\\\/#\\\/schema\\\/logo\\\/image\\\/\",\"url\":\"https:\\\/\\\/fireware.nl\\\/wp-content\\\/uploads\\\/2018\\\/10\\\/FireWare-logo.jpg\",\"contentUrl\":\"https:\\\/\\\/fireware.nl\\\/wp-content\\\/uploads\\\/2018\\\/10\\\/FireWare-logo.jpg\",\"width\":171,\"height\":70,\"caption\":\"FireWare\"},\"image\":{\"@id\":\"https:\\\/\\\/fireware.nl\\\/de\\\/#\\\/schema\\\/logo\\\/image\\\/\"},\"sameAs\":[\"https:\\\/\\\/www.facebook.com\\\/FireWareBV\\\/\",\"https:\\\/\\\/x.com\\\/FireWarebv\",\"https:\\\/\\\/www.instagram.com\\\/fireware_nl\\\/\",\"https:\\\/\\\/www.linkedin.com\\\/company\\\/3586017\\\/\",\"https:\\\/\\\/www.youtube.com\\\/user\\\/firesalesrentconsult\"]}]}<\/script>\n<!-- \/ Yoast SEO plugin. -->","yoast_head_json":{"title":"HOW-TO Videos - Lernen Sie zu inszenieren wie ein Profi - FireWare","robots":{"index":"index","follow":"follow","max-snippet":"max-snippet:-1","max-image-preview":"max-image-preview:large","max-video-preview":"max-video-preview:-1"},"canonical":"https:\/\/fireware.nl\/de\/simulation-academy\/how-to-videos-lernen-sie-zu-inszenieren-wie-ein-profi\/","og_locale":"de_DE","og_type":"article","og_title":"HOW-TO Videos - Lernen Sie zu inszenieren wie ein Profi - FireWare","og_description":"Lernen Sie das Szenieren wie ein Profi &#8211; Schritt f\u00fcr Schritt Willkommen bei der ultimativen Sammlung all unserer HOW-TO-Videos. Hier...","og_url":"https:\/\/fireware.nl\/de\/simulation-academy\/how-to-videos-lernen-sie-zu-inszenieren-wie-ein-profi\/","og_site_name":"FireWare","article_publisher":"https:\/\/www.facebook.com\/FireWareBV\/","article_modified_time":"2026-03-20T12:16:53+00:00","og_image":[{"url":"https:\/\/fireware.nl\/wp-content\/uploads\/2025\/07\/How-to-videos-Website-Header_Grijze-achtergrond.jpg","type":"","width":"","height":""}],"twitter_card":"summary_large_image","twitter_site":"@FireWarebv","twitter_misc":{"Gesch\u00e4tzte Lesezeit":"1\u00a0Minute"},"schema":{"@context":"https:\/\/schema.org","@graph":[{"@type":"WebPage","@id":"https:\/\/fireware.nl\/de\/simulation-academy\/how-to-videos-lernen-sie-zu-inszenieren-wie-ein-profi\/","url":"https:\/\/fireware.nl\/de\/simulation-academy\/how-to-videos-lernen-sie-zu-inszenieren-wie-ein-profi\/","name":"HOW-TO Videos - Lernen Sie zu inszenieren wie ein Profi - FireWare","isPartOf":{"@id":"https:\/\/fireware.nl\/de\/#website"},"primaryImageOfPage":{"@id":"https:\/\/fireware.nl\/de\/simulation-academy\/how-to-videos-lernen-sie-zu-inszenieren-wie-ein-profi\/#primaryimage"},"image":{"@id":"https:\/\/fireware.nl\/de\/simulation-academy\/how-to-videos-lernen-sie-zu-inszenieren-wie-ein-profi\/#primaryimage"},"thumbnailUrl":"https:\/\/fireware.nl\/wp-content\/uploads\/2025\/07\/How-to-videos-Website-Header_Grijze-achtergrond.jpg","datePublished":"2025-08-18T12:20:54+00:00","dateModified":"2026-03-20T12:16:53+00:00","breadcrumb":{"@id":"https:\/\/fireware.nl\/de\/simulation-academy\/how-to-videos-lernen-sie-zu-inszenieren-wie-ein-profi\/#breadcrumb"},"inLanguage":"de","potentialAction":[{"@type":"ReadAction","target":["https:\/\/fireware.nl\/de\/simulation-academy\/how-to-videos-lernen-sie-zu-inszenieren-wie-ein-profi\/"]}]},{"@type":"ImageObject","inLanguage":"de","@id":"https:\/\/fireware.nl\/de\/simulation-academy\/how-to-videos-lernen-sie-zu-inszenieren-wie-ein-profi\/#primaryimage","url":"https:\/\/fireware.nl\/wp-content\/uploads\/2025\/07\/How-to-videos-Website-Header_Grijze-achtergrond.jpg","contentUrl":"https:\/\/fireware.nl\/wp-content\/uploads\/2025\/07\/How-to-videos-Website-Header_Grijze-achtergrond.jpg"},{"@type":"BreadcrumbList","@id":"https:\/\/fireware.nl\/de\/simulation-academy\/how-to-videos-lernen-sie-zu-inszenieren-wie-ein-profi\/#breadcrumb","itemListElement":[{"@type":"ListItem","position":1,"name":"Home","item":"https:\/\/fireware.nl\/de\/"},{"@type":"ListItem","position":2,"name":"Simulation Academy","item":"https:\/\/fireware.nl\/de\/simulation-academy\/"},{"@type":"ListItem","position":3,"name":"HOW-TO Videos &#8211; Lernen Sie zu inszenieren wie ein Profi"}]},{"@type":"WebSite","@id":"https:\/\/fireware.nl\/de\/#website","url":"https:\/\/fireware.nl\/de\/","name":"FireWare","description":"CREATING REALISTIC  TRAINING ENVIRONMENTS","publisher":{"@id":"https:\/\/fireware.nl\/de\/#organization"},"potentialAction":[{"@type":"SearchAction","target":{"@type":"EntryPoint","urlTemplate":"https:\/\/fireware.nl\/de\/?s={search_term_string}"},"query-input":{"@type":"PropertyValueSpecification","valueRequired":true,"valueName":"search_term_string"}}],"inLanguage":"de"},{"@type":"Organization","@id":"https:\/\/fireware.nl\/de\/#organization","name":"FireWare","url":"https:\/\/fireware.nl\/de\/","logo":{"@type":"ImageObject","inLanguage":"de","@id":"https:\/\/fireware.nl\/de\/#\/schema\/logo\/image\/","url":"https:\/\/fireware.nl\/wp-content\/uploads\/2018\/10\/FireWare-logo.jpg","contentUrl":"https:\/\/fireware.nl\/wp-content\/uploads\/2018\/10\/FireWare-logo.jpg","width":171,"height":70,"caption":"FireWare"},"image":{"@id":"https:\/\/fireware.nl\/de\/#\/schema\/logo\/image\/"},"sameAs":["https:\/\/www.facebook.com\/FireWareBV\/","https:\/\/x.com\/FireWarebv","https:\/\/www.instagram.com\/fireware_nl\/","https:\/\/www.linkedin.com\/company\/3586017\/","https:\/\/www.youtube.com\/user\/firesalesrentconsult"]}]}},"publishpress_future_action":{"enabled":false,"date":"2026-05-12 20:42:04","action":"change-status","newStatus":"draft","terms":[],"taxonomy":"translation_priority","extraData":[]},"publishpress_future_workflow_manual_trigger":{"enabledWorkflows":[]},"_links":{"self":[{"href":"https:\/\/fireware.nl\/de\/wp-json\/wp\/v2\/pages\/128941","targetHints":{"allow":["GET"]}}],"collection":[{"href":"https:\/\/fireware.nl\/de\/wp-json\/wp\/v2\/pages"}],"about":[{"href":"https:\/\/fireware.nl\/de\/wp-json\/wp\/v2\/types\/page"}],"author":[{"embeddable":true,"href":"https:\/\/fireware.nl\/de\/wp-json\/wp\/v2\/users\/1280"}],"replies":[{"embeddable":true,"href":"https:\/\/fireware.nl\/de\/wp-json\/wp\/v2\/comments?post=128941"}],"version-history":[{"count":4,"href":"https:\/\/fireware.nl\/de\/wp-json\/wp\/v2\/pages\/128941\/revisions"}],"predecessor-version":[{"id":131431,"href":"https:\/\/fireware.nl\/de\/wp-json\/wp\/v2\/pages\/128941\/revisions\/131431"}],"up":[{"embeddable":true,"href":"https:\/\/fireware.nl\/de\/wp-json\/wp\/v2\/pages\/39887"}],"wp:attachment":[{"href":"https:\/\/fireware.nl\/de\/wp-json\/wp\/v2\/media?parent=128941"}],"curies":[{"name":"wp","href":"https:\/\/api.w.org\/{rel}","templated":true}]}}