
{"id":2604,"date":"2017-08-15T10:01:25","date_gmt":"2017-08-15T10:01:25","guid":{"rendered":"http:\/\/exclusive-it-development.nl\/?page_id=2604"},"modified":"2023-06-05T12:04:02","modified_gmt":"2023-06-05T12:04:02","slug":"auftrag-vision-grundwerte","status":"publish","type":"page","link":"https:\/\/fireware.nl\/de\/auftrag-vision-grundwerte\/","title":{"rendered":"Auftrag \/ Vision \/ Grundwerte"},"content":{"rendered":"\n\n<h3>Auftrag<\/h3>\n<p>Wir erm\u00f6glichen Helfern weltweit, so realistisch wie m\u00f6glich zu \u00fcben. Die Anregung m\u00f6glichst vieler Sinne anhand unseres theatertechnischen Ursprungs unterscheidet uns von Anderen. So helfen wir Helfern, fachkundig zu werden und zu bleiben.<\/p>\n<h3>Vision<\/h3>\n<p>Mit einem Team engagierter, kreativer Leute entwickeln und liefern wir \u00dcbungs- und Instruktionsl\u00f6sungen f\u00fcr die Feuerwehrbranche. Unser theatertechnischer Ursprung sorgt daf\u00fcr, dass unsere L\u00f6sungen sich in Bezug auf Realismus unterscheiden.<\/p>\n<p>Wir kombinieren Kreativit\u00e4t mit erwiesenen Techniken und entwickeln deshalb innovative L\u00f6sungen, die in der Trainingserfahrung den Unterschied machen.<\/p>\n<p>Darin sind wir die Inspiration f\u00fcr unsere Kunden, Lieferanten und in unserer eigenen Branche. Nachhaltigkeit und Zuverl\u00e4ssigkeit kommen in all unseren Konzepten zum Ausdruck.<\/p>\n<p>Wir streben nach langfristigen Beziehungen zu unseren Kunden und Lieferanten, wobei wir t\u00e4glich Wert sch\u00f6pfen. Dies tun wir durch unser Streben nach Exzellenz in unseren Produkten, Prozessen und Dienstleistungen. Vor allen Dingen aber auch durch unser authentisches und ehrliches Handeln.<\/p>\n<h3>Grundwerte<\/h3>\n\t\t\t\t<img loading=\"lazy\" decoding=\"async\" src=\"https:\/\/fireware.nl\/wp-content\/uploads\/2023\/05\/Inspirerend_v2.jpg\" alt=\"Inspirerend_v2\" itemprop=\"image\" height=\"167\" width=\"220\" title=\"Inspirerend_v2\" onerror=\"this.style.display='none'\"  \/>\n\t<h4>Inspirierend zusammenarbeiten<\/h4>\n\t<p>FireWare inspiriert ihre Kunden und die Branche mit ihren kreativen Konzepten und ihrem co-kreativen Ansatz. Indem wir selbst auch offen sind, von unserem Umfeld zu lernen, bleiben wir zukunftsweisend und erarbeiten gemeinsam das beste Ergebnis.<\/p>\n\t\t\t\t<img loading=\"lazy\" decoding=\"async\" src=\"https:\/\/fireware.nl\/wp-content\/uploads\/2023\/05\/Creatief.jpg\" alt=\"Creatief\" itemprop=\"image\" height=\"167\" width=\"221\" title=\"Creatief\" onerror=\"this.style.display='none'\"  \/>\n\t<h4>Kreativ<\/h4>\n\t<p>Wir finden originelle L\u00f6sungen f\u00fcr Probleme und Herausforderungen. Wir kreieren nach Belieben neue Produkte und L\u00f6sungen von einer leeren Leinwand aus. Dabei sind wir imstande, funktionale Anforderungen in ein praktisches, \u00e4sthetisch verantwortungsvolles Konzept umzusetzen. Wir verlieren die Interessen der verschiedenen Nutzer hierbei nicht aus dem Auge.<\/p>\n\t\t\t\t<img loading=\"lazy\" decoding=\"async\" src=\"https:\/\/fireware.nl\/wp-content\/uploads\/2023\/05\/Betrouwbaar.jpg\" alt=\"Betrouwbaar\" itemprop=\"image\" height=\"167\" width=\"221\" title=\"Betrouwbaar\" onerror=\"this.style.display='none'\"  \/>\n\t<h4>Zuverl\u00e4ssig<\/h4>\n\t<p>Wir halten unsere Versprechen. Wir sagen lieber &#8216;Nein&#8217; oder verweisen an jemand anderen, als ein Versprechen zu geben, das wir nicht halten k\u00f6nnen.<\/p>\n\t\t\t\t<img loading=\"lazy\" decoding=\"async\" src=\"https:\/\/fireware.nl\/wp-content\/uploads\/2023\/05\/Duurzaam.jpg\" alt=\"Duurzaam\" itemprop=\"image\" height=\"167\" width=\"220\" title=\"Duurzaam\" onerror=\"this.style.display='none'\"  \/>\n\t<h4>Nachhaltig<\/h4>\n\t<p>Wir halten uns vor Augen, dass wir diesen Planeten nur geliehen haben. Mit etwas Geliehenem geht man sparsam um. Deshalb messen wir den Themen Nachhaltigkeit und Umwelt eine hohe Bedeutung bei. Das beginnt in kleinen Dingen, wie M\u00fclltrennung, aber wir ber\u00fccksichtigen diese Themen auch bei der Entwicklung unserer L\u00f6sungen.<\/p>\n\t\t\t\t<img loading=\"lazy\" decoding=\"async\" src=\"https:\/\/fireware.nl\/wp-content\/uploads\/2023\/05\/Authentiek.jpg\" alt=\"Authentiek\" itemprop=\"image\" height=\"167\" width=\"221\" title=\"Authentiek\" onerror=\"this.style.display='none'\"  \/>\n\t<h4>Authentisch<\/h4>\n\t<p>Wir bleiben uns selbst treu. Unser theatertechnischer und kreativer Hintergrund macht sich in all unseren Produkten und Dienstleistungen bemerkbar. Humor, und ab und zu ein Hauch Ironie und Spa\u00df geh\u00f6rt zur Kultur bei FireWare. Aber vor allem respektieren wir unsere Kunden, Lieferanten, Mitarbeiter und sonstige Interessengruppen. Wir setzen uns f\u00fcr die Erreichung des besten Ergebnisses und f\u00fcr langlebige Beziehungen ein.<\/p>\n\t\t\t\t<img loading=\"lazy\" decoding=\"async\" src=\"https:\/\/fireware.nl\/wp-content\/uploads\/2023\/05\/Excellent.jpg\" alt=\"Excellent\" itemprop=\"image\" height=\"167\" width=\"221\" title=\"Excellent\" onerror=\"this.style.display='none'\"  \/>\n\t<h4>Exzellent<\/h4>\n\t<p>Wir streben nach exzellenten Produkten, hervorragenden Prozessen und exzellenten Dienstleistungen. Dabei ist uns bewusst, dass st\u00e4ndige Verbesserung der Schl\u00fcssel ist. Dies tun wir anhand der Pflege einer Kultur, in der Raum f\u00fcr konstruktive Kritik ist und in der Offenheit f\u00fcr neue Ideen Anderer herrscht.<\/p>\n\n","protected":false},"excerpt":{"rendered":"<p>Auftrag Wir erm\u00f6glichen Helfern weltweit, so realistisch wie m\u00f6glich zu \u00fcben. Die Anregung m\u00f6glichst vieler Sinne anhand unseres theatertechnischen Ursprungs<span class=\"excerpt-ellipsis\">&#8230;<\/span><\/p>\n","protected":false},"author":2,"featured_media":0,"parent":0,"menu_order":0,"comment_status":"closed","ping_status":"closed","template":"","meta":{"footnotes":""},"class_list":["post-2604","page","type-page","status-publish","hentry"],"yoast_head":"<!-- This site is optimized with the Yoast SEO plugin v27.5 - https:\/\/yoast.com\/product\/yoast-seo-wordpress\/ -->\n<title>Auftrag \/ Vision \/ Grundwerte - FireWare<\/title>\n<meta name=\"robots\" content=\"index, follow, max-snippet:-1, max-image-preview:large, max-video-preview:-1\" \/>\n<link rel=\"canonical\" href=\"https:\/\/fireware.nl\/de\/auftrag-vision-grundwerte\/\" \/>\n<meta property=\"og:locale\" content=\"de_DE\" \/>\n<meta property=\"og:type\" content=\"article\" \/>\n<meta property=\"og:title\" content=\"Auftrag \/ Vision \/ Grundwerte - FireWare\" \/>\n<meta property=\"og:description\" content=\"Auftrag Wir erm\u00f6glichen Helfern weltweit, so realistisch wie m\u00f6glich zu \u00fcben. Die Anregung m\u00f6glichst vieler Sinne anhand unseres theatertechnischen Ursprungs...\" \/>\n<meta property=\"og:url\" content=\"https:\/\/fireware.nl\/de\/auftrag-vision-grundwerte\/\" \/>\n<meta property=\"og:site_name\" content=\"FireWare\" \/>\n<meta property=\"article:publisher\" content=\"https:\/\/www.facebook.com\/FireWareBV\/\" \/>\n<meta property=\"article:modified_time\" content=\"2023-06-05T12:04:02+00:00\" \/>\n<meta property=\"og:image\" content=\"https:\/\/fireware.nl\/wp-content\/uploads\/2023\/05\/Inspirerend_v2.jpg\" \/>\n<meta name=\"twitter:card\" content=\"summary_large_image\" \/>\n<meta name=\"twitter:site\" content=\"@FireWarebv\" \/>\n<meta name=\"twitter:label1\" content=\"Gesch\u00e4tzte Lesezeit\" \/>\n\t<meta name=\"twitter:data1\" content=\"2\u00a0Minuten\" \/>\n<script type=\"application\/ld+json\" class=\"yoast-schema-graph\">{\"@context\":\"https:\\\/\\\/schema.org\",\"@graph\":[{\"@type\":\"WebPage\",\"@id\":\"https:\\\/\\\/fireware.nl\\\/de\\\/auftrag-vision-grundwerte\\\/\",\"url\":\"https:\\\/\\\/fireware.nl\\\/de\\\/auftrag-vision-grundwerte\\\/\",\"name\":\"Auftrag \\\/ Vision \\\/ Grundwerte - FireWare\",\"isPartOf\":{\"@id\":\"https:\\\/\\\/fireware.nl\\\/de\\\/#website\"},\"primaryImageOfPage\":{\"@id\":\"https:\\\/\\\/fireware.nl\\\/de\\\/auftrag-vision-grundwerte\\\/#primaryimage\"},\"image\":{\"@id\":\"https:\\\/\\\/fireware.nl\\\/de\\\/auftrag-vision-grundwerte\\\/#primaryimage\"},\"thumbnailUrl\":\"https:\\\/\\\/fireware.nl\\\/wp-content\\\/uploads\\\/2023\\\/05\\\/Inspirerend_v2.jpg\",\"datePublished\":\"2017-08-15T10:01:25+00:00\",\"dateModified\":\"2023-06-05T12:04:02+00:00\",\"breadcrumb\":{\"@id\":\"https:\\\/\\\/fireware.nl\\\/de\\\/auftrag-vision-grundwerte\\\/#breadcrumb\"},\"inLanguage\":\"de\",\"potentialAction\":[{\"@type\":\"ReadAction\",\"target\":[\"https:\\\/\\\/fireware.nl\\\/de\\\/auftrag-vision-grundwerte\\\/\"]}]},{\"@type\":\"ImageObject\",\"inLanguage\":\"de\",\"@id\":\"https:\\\/\\\/fireware.nl\\\/de\\\/auftrag-vision-grundwerte\\\/#primaryimage\",\"url\":\"https:\\\/\\\/fireware.nl\\\/wp-content\\\/uploads\\\/2023\\\/05\\\/Inspirerend_v2.jpg\",\"contentUrl\":\"https:\\\/\\\/fireware.nl\\\/wp-content\\\/uploads\\\/2023\\\/05\\\/Inspirerend_v2.jpg\"},{\"@type\":\"BreadcrumbList\",\"@id\":\"https:\\\/\\\/fireware.nl\\\/de\\\/auftrag-vision-grundwerte\\\/#breadcrumb\",\"itemListElement\":[{\"@type\":\"ListItem\",\"position\":1,\"name\":\"Home\",\"item\":\"https:\\\/\\\/fireware.nl\\\/de\\\/\"},{\"@type\":\"ListItem\",\"position\":2,\"name\":\"Auftrag \\\/ Vision \\\/ Grundwerte\"}]},{\"@type\":\"WebSite\",\"@id\":\"https:\\\/\\\/fireware.nl\\\/de\\\/#website\",\"url\":\"https:\\\/\\\/fireware.nl\\\/de\\\/\",\"name\":\"FireWare\",\"description\":\"CREATING REALISTIC  TRAINING ENVIRONMENTS\",\"publisher\":{\"@id\":\"https:\\\/\\\/fireware.nl\\\/de\\\/#organization\"},\"potentialAction\":[{\"@type\":\"SearchAction\",\"target\":{\"@type\":\"EntryPoint\",\"urlTemplate\":\"https:\\\/\\\/fireware.nl\\\/de\\\/?s={search_term_string}\"},\"query-input\":{\"@type\":\"PropertyValueSpecification\",\"valueRequired\":true,\"valueName\":\"search_term_string\"}}],\"inLanguage\":\"de\"},{\"@type\":\"Organization\",\"@id\":\"https:\\\/\\\/fireware.nl\\\/de\\\/#organization\",\"name\":\"FireWare\",\"url\":\"https:\\\/\\\/fireware.nl\\\/de\\\/\",\"logo\":{\"@type\":\"ImageObject\",\"inLanguage\":\"de\",\"@id\":\"https:\\\/\\\/fireware.nl\\\/de\\\/#\\\/schema\\\/logo\\\/image\\\/\",\"url\":\"https:\\\/\\\/fireware.nl\\\/wp-content\\\/uploads\\\/2018\\\/10\\\/FireWare-logo.jpg\",\"contentUrl\":\"https:\\\/\\\/fireware.nl\\\/wp-content\\\/uploads\\\/2018\\\/10\\\/FireWare-logo.jpg\",\"width\":171,\"height\":70,\"caption\":\"FireWare\"},\"image\":{\"@id\":\"https:\\\/\\\/fireware.nl\\\/de\\\/#\\\/schema\\\/logo\\\/image\\\/\"},\"sameAs\":[\"https:\\\/\\\/www.facebook.com\\\/FireWareBV\\\/\",\"https:\\\/\\\/x.com\\\/FireWarebv\",\"https:\\\/\\\/www.instagram.com\\\/fireware_nl\\\/\",\"https:\\\/\\\/www.linkedin.com\\\/company\\\/3586017\\\/\",\"https:\\\/\\\/www.youtube.com\\\/user\\\/firesalesrentconsult\"]}]}<\/script>\n<!-- \/ Yoast SEO plugin. -->","yoast_head_json":{"title":"Auftrag \/ Vision \/ Grundwerte - FireWare","robots":{"index":"index","follow":"follow","max-snippet":"max-snippet:-1","max-image-preview":"max-image-preview:large","max-video-preview":"max-video-preview:-1"},"canonical":"https:\/\/fireware.nl\/de\/auftrag-vision-grundwerte\/","og_locale":"de_DE","og_type":"article","og_title":"Auftrag \/ Vision \/ Grundwerte - FireWare","og_description":"Auftrag Wir erm\u00f6glichen Helfern weltweit, so realistisch wie m\u00f6glich zu \u00fcben. Die Anregung m\u00f6glichst vieler Sinne anhand unseres theatertechnischen Ursprungs...","og_url":"https:\/\/fireware.nl\/de\/auftrag-vision-grundwerte\/","og_site_name":"FireWare","article_publisher":"https:\/\/www.facebook.com\/FireWareBV\/","article_modified_time":"2023-06-05T12:04:02+00:00","og_image":[{"url":"https:\/\/fireware.nl\/wp-content\/uploads\/2023\/05\/Inspirerend_v2.jpg","type":"","width":"","height":""}],"twitter_card":"summary_large_image","twitter_site":"@FireWarebv","twitter_misc":{"Gesch\u00e4tzte Lesezeit":"2\u00a0Minuten"},"schema":{"@context":"https:\/\/schema.org","@graph":[{"@type":"WebPage","@id":"https:\/\/fireware.nl\/de\/auftrag-vision-grundwerte\/","url":"https:\/\/fireware.nl\/de\/auftrag-vision-grundwerte\/","name":"Auftrag \/ Vision \/ Grundwerte - FireWare","isPartOf":{"@id":"https:\/\/fireware.nl\/de\/#website"},"primaryImageOfPage":{"@id":"https:\/\/fireware.nl\/de\/auftrag-vision-grundwerte\/#primaryimage"},"image":{"@id":"https:\/\/fireware.nl\/de\/auftrag-vision-grundwerte\/#primaryimage"},"thumbnailUrl":"https:\/\/fireware.nl\/wp-content\/uploads\/2023\/05\/Inspirerend_v2.jpg","datePublished":"2017-08-15T10:01:25+00:00","dateModified":"2023-06-05T12:04:02+00:00","breadcrumb":{"@id":"https:\/\/fireware.nl\/de\/auftrag-vision-grundwerte\/#breadcrumb"},"inLanguage":"de","potentialAction":[{"@type":"ReadAction","target":["https:\/\/fireware.nl\/de\/auftrag-vision-grundwerte\/"]}]},{"@type":"ImageObject","inLanguage":"de","@id":"https:\/\/fireware.nl\/de\/auftrag-vision-grundwerte\/#primaryimage","url":"https:\/\/fireware.nl\/wp-content\/uploads\/2023\/05\/Inspirerend_v2.jpg","contentUrl":"https:\/\/fireware.nl\/wp-content\/uploads\/2023\/05\/Inspirerend_v2.jpg"},{"@type":"BreadcrumbList","@id":"https:\/\/fireware.nl\/de\/auftrag-vision-grundwerte\/#breadcrumb","itemListElement":[{"@type":"ListItem","position":1,"name":"Home","item":"https:\/\/fireware.nl\/de\/"},{"@type":"ListItem","position":2,"name":"Auftrag \/ Vision \/ Grundwerte"}]},{"@type":"WebSite","@id":"https:\/\/fireware.nl\/de\/#website","url":"https:\/\/fireware.nl\/de\/","name":"FireWare","description":"CREATING REALISTIC  TRAINING ENVIRONMENTS","publisher":{"@id":"https:\/\/fireware.nl\/de\/#organization"},"potentialAction":[{"@type":"SearchAction","target":{"@type":"EntryPoint","urlTemplate":"https:\/\/fireware.nl\/de\/?s={search_term_string}"},"query-input":{"@type":"PropertyValueSpecification","valueRequired":true,"valueName":"search_term_string"}}],"inLanguage":"de"},{"@type":"Organization","@id":"https:\/\/fireware.nl\/de\/#organization","name":"FireWare","url":"https:\/\/fireware.nl\/de\/","logo":{"@type":"ImageObject","inLanguage":"de","@id":"https:\/\/fireware.nl\/de\/#\/schema\/logo\/image\/","url":"https:\/\/fireware.nl\/wp-content\/uploads\/2018\/10\/FireWare-logo.jpg","contentUrl":"https:\/\/fireware.nl\/wp-content\/uploads\/2018\/10\/FireWare-logo.jpg","width":171,"height":70,"caption":"FireWare"},"image":{"@id":"https:\/\/fireware.nl\/de\/#\/schema\/logo\/image\/"},"sameAs":["https:\/\/www.facebook.com\/FireWareBV\/","https:\/\/x.com\/FireWarebv","https:\/\/www.instagram.com\/fireware_nl\/","https:\/\/www.linkedin.com\/company\/3586017\/","https:\/\/www.youtube.com\/user\/firesalesrentconsult"]}]}},"publishpress_future_action":{"enabled":false,"date":"2026-05-12 22:04:47","action":"change-status","newStatus":"draft","terms":[],"taxonomy":"translation_priority","extraData":[]},"publishpress_future_workflow_manual_trigger":{"enabledWorkflows":[]},"_links":{"self":[{"href":"https:\/\/fireware.nl\/de\/wp-json\/wp\/v2\/pages\/2604","targetHints":{"allow":["GET"]}}],"collection":[{"href":"https:\/\/fireware.nl\/de\/wp-json\/wp\/v2\/pages"}],"about":[{"href":"https:\/\/fireware.nl\/de\/wp-json\/wp\/v2\/types\/page"}],"author":[{"embeddable":true,"href":"https:\/\/fireware.nl\/de\/wp-json\/wp\/v2\/users\/2"}],"replies":[{"embeddable":true,"href":"https:\/\/fireware.nl\/de\/wp-json\/wp\/v2\/comments?post=2604"}],"version-history":[{"count":2,"href":"https:\/\/fireware.nl\/de\/wp-json\/wp\/v2\/pages\/2604\/revisions"}],"predecessor-version":[{"id":80555,"href":"https:\/\/fireware.nl\/de\/wp-json\/wp\/v2\/pages\/2604\/revisions\/80555"}],"wp:attachment":[{"href":"https:\/\/fireware.nl\/de\/wp-json\/wp\/v2\/media?parent=2604"}],"curies":[{"name":"wp","href":"https:\/\/api.w.org\/{rel}","templated":true}]}}