
{"id":2670,"date":"2017-08-15T10:24:39","date_gmt":"2017-08-15T10:24:39","guid":{"rendered":"http:\/\/exclusive-it-development.nl\/?page_id=2670"},"modified":"2019-02-01T14:48:11","modified_gmt":"2019-02-01T14:48:11","slug":"standorte","status":"publish","type":"page","link":"https:\/\/fireware.nl\/de\/standorte\/","title":{"rendered":"Standorte"},"content":{"rendered":"\n\t<p><img decoding=\"async\" src=\"https:\/\/fireware.nl\/wp-content\/uploads\/Locatie-Wieringerwerf.png\" \/><\/p>\n<h4>Wieringerwerf<\/h4>\n<p>FireWare ist seit 2013 an De Stek 5 in Wieringerwerf ans\u00e4ssig. Von diesem Geb\u00e4ude aus arbeiten die Teammitglieder von FireWare. Helle B\u00fcror\u00e4ume, ein umfassend organisierter technischer Dienst und ein geselliger, gro\u00dfer Esstisch sowie eine leckere Kaffeemaschine machen es zu einem sch\u00f6nen Arbeitsumfeld.<\/p>\n<p>F\u00fcr Besucher wurde ein Showroom eingerichtet, in dem verschiedene Materialien aus dem wirklichen Leben angesehen und ausprobiert werden k\u00f6nnen. Der supermoderne Brainstorm-Raum hat bereits so manches Konzept oder so manche Idee hervorgebracht.<\/p>\n<p>F\u00fcr Inszenierungstrainings gibt es einen separaten Praxisraum, der komplett mit \u00dcbungsh\u00e4usern ausgestattet ist. Vom Lager aus findet haupts\u00e4chlich der Verleih und Versand statt.<\/p>\n\t<p><img decoding=\"async\" src=\"https:\/\/fireware.nl\/wp-content\/uploads\/dealerkaart-fireware-V1.png\" \/><\/p>\n<h4>H\u00e4ndler<\/h4>\n<p>Die Produkte von FireWare sind auch au\u00dferhalb der Niederlande beliebt. Hierf\u00fcr wird von einem internationalen H\u00e4ndlernetzwerk Gebrauch gemacht. Diese H\u00e4ndler werden von FireWare maximal unterst\u00fctzt.<\/p>\n<p>So finden regelm\u00e4\u00dfig Schulungen statt, um die H\u00e4ndler in den neuesten Besonderheiten der Produkte und Dienstleistungen von FireWare fortzubilden. Hierdurch k\u00f6nnen diese H\u00e4ndler optimalen Service bieten und schnell schalten!<\/p>\n<p>Eine \u00dcbersicht \u00fcber unsere H\u00e4ndler befindet sich auf der <a href=\"https:\/\/fireware.nl\/de\/dealers\/\">H\u00e4ndlerseite<\/a>.<\/p>\n","protected":false},"excerpt":{"rendered":"<p>Wieringerwerf FireWare ist seit 2013 an De Stek 5 in Wieringerwerf ans\u00e4ssig. Von diesem Geb\u00e4ude aus arbeiten die Teammitglieder von<span class=\"excerpt-ellipsis\">&#8230;<\/span><\/p>\n","protected":false},"author":2,"featured_media":0,"parent":0,"menu_order":0,"comment_status":"closed","ping_status":"closed","template":"","meta":{"footnotes":""},"class_list":["post-2670","page","type-page","status-publish","hentry"],"yoast_head":"<!-- This site is optimized with the Yoast SEO plugin v27.5 - https:\/\/yoast.com\/product\/yoast-seo-wordpress\/ -->\n<title>Standorte - FireWare<\/title>\n<meta name=\"robots\" content=\"index, follow, max-snippet:-1, max-image-preview:large, max-video-preview:-1\" \/>\n<link rel=\"canonical\" href=\"https:\/\/fireware.nl\/de\/standorte\/\" \/>\n<meta property=\"og:locale\" content=\"de_DE\" \/>\n<meta property=\"og:type\" content=\"article\" \/>\n<meta property=\"og:title\" content=\"Standorte - FireWare\" \/>\n<meta property=\"og:description\" content=\"Wieringerwerf FireWare ist seit 2013 an De Stek 5 in Wieringerwerf ans\u00e4ssig. Von diesem Geb\u00e4ude aus arbeiten die Teammitglieder von...\" \/>\n<meta property=\"og:url\" content=\"https:\/\/fireware.nl\/de\/standorte\/\" \/>\n<meta property=\"og:site_name\" content=\"FireWare\" \/>\n<meta property=\"article:publisher\" content=\"https:\/\/www.facebook.com\/FireWareBV\/\" \/>\n<meta property=\"article:modified_time\" content=\"2019-02-01T14:48:11+00:00\" \/>\n<meta property=\"og:image\" content=\"https:\/\/fireware.nl\/wp-content\/uploads\/Locatie-Wieringerwerf.png\" \/>\n<meta name=\"twitter:card\" content=\"summary_large_image\" \/>\n<meta name=\"twitter:site\" content=\"@FireWarebv\" \/>\n<meta name=\"twitter:label1\" content=\"Gesch\u00e4tzte Lesezeit\" \/>\n\t<meta name=\"twitter:data1\" content=\"1\u00a0Minute\" \/>\n<script type=\"application\/ld+json\" class=\"yoast-schema-graph\">{\"@context\":\"https:\\\/\\\/schema.org\",\"@graph\":[{\"@type\":\"WebPage\",\"@id\":\"https:\\\/\\\/fireware.nl\\\/de\\\/standorte\\\/\",\"url\":\"https:\\\/\\\/fireware.nl\\\/de\\\/standorte\\\/\",\"name\":\"Standorte - FireWare\",\"isPartOf\":{\"@id\":\"https:\\\/\\\/fireware.nl\\\/de\\\/#website\"},\"primaryImageOfPage\":{\"@id\":\"https:\\\/\\\/fireware.nl\\\/de\\\/standorte\\\/#primaryimage\"},\"image\":{\"@id\":\"https:\\\/\\\/fireware.nl\\\/de\\\/standorte\\\/#primaryimage\"},\"thumbnailUrl\":\"https:\\\/\\\/fireware.nl\\\/wp-content\\\/uploads\\\/Locatie-Wieringerwerf.png\",\"datePublished\":\"2017-08-15T10:24:39+00:00\",\"dateModified\":\"2019-02-01T14:48:11+00:00\",\"breadcrumb\":{\"@id\":\"https:\\\/\\\/fireware.nl\\\/de\\\/standorte\\\/#breadcrumb\"},\"inLanguage\":\"de\",\"potentialAction\":[{\"@type\":\"ReadAction\",\"target\":[\"https:\\\/\\\/fireware.nl\\\/de\\\/standorte\\\/\"]}]},{\"@type\":\"ImageObject\",\"inLanguage\":\"de\",\"@id\":\"https:\\\/\\\/fireware.nl\\\/de\\\/standorte\\\/#primaryimage\",\"url\":\"https:\\\/\\\/fireware.nl\\\/wp-content\\\/uploads\\\/Locatie-Wieringerwerf.png\",\"contentUrl\":\"https:\\\/\\\/fireware.nl\\\/wp-content\\\/uploads\\\/Locatie-Wieringerwerf.png\"},{\"@type\":\"BreadcrumbList\",\"@id\":\"https:\\\/\\\/fireware.nl\\\/de\\\/standorte\\\/#breadcrumb\",\"itemListElement\":[{\"@type\":\"ListItem\",\"position\":1,\"name\":\"Home\",\"item\":\"https:\\\/\\\/fireware.nl\\\/de\\\/\"},{\"@type\":\"ListItem\",\"position\":2,\"name\":\"Standorte\"}]},{\"@type\":\"WebSite\",\"@id\":\"https:\\\/\\\/fireware.nl\\\/de\\\/#website\",\"url\":\"https:\\\/\\\/fireware.nl\\\/de\\\/\",\"name\":\"FireWare\",\"description\":\"CREATING REALISTIC  TRAINING ENVIRONMENTS\",\"publisher\":{\"@id\":\"https:\\\/\\\/fireware.nl\\\/de\\\/#organization\"},\"potentialAction\":[{\"@type\":\"SearchAction\",\"target\":{\"@type\":\"EntryPoint\",\"urlTemplate\":\"https:\\\/\\\/fireware.nl\\\/de\\\/?s={search_term_string}\"},\"query-input\":{\"@type\":\"PropertyValueSpecification\",\"valueRequired\":true,\"valueName\":\"search_term_string\"}}],\"inLanguage\":\"de\"},{\"@type\":\"Organization\",\"@id\":\"https:\\\/\\\/fireware.nl\\\/de\\\/#organization\",\"name\":\"FireWare\",\"url\":\"https:\\\/\\\/fireware.nl\\\/de\\\/\",\"logo\":{\"@type\":\"ImageObject\",\"inLanguage\":\"de\",\"@id\":\"https:\\\/\\\/fireware.nl\\\/de\\\/#\\\/schema\\\/logo\\\/image\\\/\",\"url\":\"https:\\\/\\\/fireware.nl\\\/wp-content\\\/uploads\\\/2018\\\/10\\\/FireWare-logo.jpg\",\"contentUrl\":\"https:\\\/\\\/fireware.nl\\\/wp-content\\\/uploads\\\/2018\\\/10\\\/FireWare-logo.jpg\",\"width\":171,\"height\":70,\"caption\":\"FireWare\"},\"image\":{\"@id\":\"https:\\\/\\\/fireware.nl\\\/de\\\/#\\\/schema\\\/logo\\\/image\\\/\"},\"sameAs\":[\"https:\\\/\\\/www.facebook.com\\\/FireWareBV\\\/\",\"https:\\\/\\\/x.com\\\/FireWarebv\",\"https:\\\/\\\/www.instagram.com\\\/fireware_nl\\\/\",\"https:\\\/\\\/www.linkedin.com\\\/company\\\/3586017\\\/\",\"https:\\\/\\\/www.youtube.com\\\/user\\\/firesalesrentconsult\"]}]}<\/script>\n<!-- \/ Yoast SEO plugin. -->","yoast_head_json":{"title":"Standorte - FireWare","robots":{"index":"index","follow":"follow","max-snippet":"max-snippet:-1","max-image-preview":"max-image-preview:large","max-video-preview":"max-video-preview:-1"},"canonical":"https:\/\/fireware.nl\/de\/standorte\/","og_locale":"de_DE","og_type":"article","og_title":"Standorte - FireWare","og_description":"Wieringerwerf FireWare ist seit 2013 an De Stek 5 in Wieringerwerf ans\u00e4ssig. Von diesem Geb\u00e4ude aus arbeiten die Teammitglieder von...","og_url":"https:\/\/fireware.nl\/de\/standorte\/","og_site_name":"FireWare","article_publisher":"https:\/\/www.facebook.com\/FireWareBV\/","article_modified_time":"2019-02-01T14:48:11+00:00","og_image":[{"url":"https:\/\/fireware.nl\/wp-content\/uploads\/Locatie-Wieringerwerf.png","type":"","width":"","height":""}],"twitter_card":"summary_large_image","twitter_site":"@FireWarebv","twitter_misc":{"Gesch\u00e4tzte Lesezeit":"1\u00a0Minute"},"schema":{"@context":"https:\/\/schema.org","@graph":[{"@type":"WebPage","@id":"https:\/\/fireware.nl\/de\/standorte\/","url":"https:\/\/fireware.nl\/de\/standorte\/","name":"Standorte - FireWare","isPartOf":{"@id":"https:\/\/fireware.nl\/de\/#website"},"primaryImageOfPage":{"@id":"https:\/\/fireware.nl\/de\/standorte\/#primaryimage"},"image":{"@id":"https:\/\/fireware.nl\/de\/standorte\/#primaryimage"},"thumbnailUrl":"https:\/\/fireware.nl\/wp-content\/uploads\/Locatie-Wieringerwerf.png","datePublished":"2017-08-15T10:24:39+00:00","dateModified":"2019-02-01T14:48:11+00:00","breadcrumb":{"@id":"https:\/\/fireware.nl\/de\/standorte\/#breadcrumb"},"inLanguage":"de","potentialAction":[{"@type":"ReadAction","target":["https:\/\/fireware.nl\/de\/standorte\/"]}]},{"@type":"ImageObject","inLanguage":"de","@id":"https:\/\/fireware.nl\/de\/standorte\/#primaryimage","url":"https:\/\/fireware.nl\/wp-content\/uploads\/Locatie-Wieringerwerf.png","contentUrl":"https:\/\/fireware.nl\/wp-content\/uploads\/Locatie-Wieringerwerf.png"},{"@type":"BreadcrumbList","@id":"https:\/\/fireware.nl\/de\/standorte\/#breadcrumb","itemListElement":[{"@type":"ListItem","position":1,"name":"Home","item":"https:\/\/fireware.nl\/de\/"},{"@type":"ListItem","position":2,"name":"Standorte"}]},{"@type":"WebSite","@id":"https:\/\/fireware.nl\/de\/#website","url":"https:\/\/fireware.nl\/de\/","name":"FireWare","description":"CREATING REALISTIC  TRAINING ENVIRONMENTS","publisher":{"@id":"https:\/\/fireware.nl\/de\/#organization"},"potentialAction":[{"@type":"SearchAction","target":{"@type":"EntryPoint","urlTemplate":"https:\/\/fireware.nl\/de\/?s={search_term_string}"},"query-input":{"@type":"PropertyValueSpecification","valueRequired":true,"valueName":"search_term_string"}}],"inLanguage":"de"},{"@type":"Organization","@id":"https:\/\/fireware.nl\/de\/#organization","name":"FireWare","url":"https:\/\/fireware.nl\/de\/","logo":{"@type":"ImageObject","inLanguage":"de","@id":"https:\/\/fireware.nl\/de\/#\/schema\/logo\/image\/","url":"https:\/\/fireware.nl\/wp-content\/uploads\/2018\/10\/FireWare-logo.jpg","contentUrl":"https:\/\/fireware.nl\/wp-content\/uploads\/2018\/10\/FireWare-logo.jpg","width":171,"height":70,"caption":"FireWare"},"image":{"@id":"https:\/\/fireware.nl\/de\/#\/schema\/logo\/image\/"},"sameAs":["https:\/\/www.facebook.com\/FireWareBV\/","https:\/\/x.com\/FireWarebv","https:\/\/www.instagram.com\/fireware_nl\/","https:\/\/www.linkedin.com\/company\/3586017\/","https:\/\/www.youtube.com\/user\/firesalesrentconsult"]}]}},"publishpress_future_action":{"enabled":false,"date":"2026-05-12 22:04:50","action":"change-status","newStatus":"draft","terms":[],"taxonomy":"translation_priority","extraData":[]},"publishpress_future_workflow_manual_trigger":{"enabledWorkflows":[]},"_links":{"self":[{"href":"https:\/\/fireware.nl\/de\/wp-json\/wp\/v2\/pages\/2670","targetHints":{"allow":["GET"]}}],"collection":[{"href":"https:\/\/fireware.nl\/de\/wp-json\/wp\/v2\/pages"}],"about":[{"href":"https:\/\/fireware.nl\/de\/wp-json\/wp\/v2\/types\/page"}],"author":[{"embeddable":true,"href":"https:\/\/fireware.nl\/de\/wp-json\/wp\/v2\/users\/2"}],"replies":[{"embeddable":true,"href":"https:\/\/fireware.nl\/de\/wp-json\/wp\/v2\/comments?post=2670"}],"version-history":[{"count":0,"href":"https:\/\/fireware.nl\/de\/wp-json\/wp\/v2\/pages\/2670\/revisions"}],"wp:attachment":[{"href":"https:\/\/fireware.nl\/de\/wp-json\/wp\/v2\/media?parent=2670"}],"curies":[{"name":"wp","href":"https:\/\/api.w.org\/{rel}","templated":true}]}}