
{"id":27056,"date":"2019-02-21T11:01:36","date_gmt":"2019-02-21T11:01:36","guid":{"rendered":"http:\/\/fireware.sites.hyperhosting.co\/?page_id=27056"},"modified":"2021-05-19T09:11:54","modified_gmt":"2021-05-19T09:11:54","slug":"lego-serious-play","status":"publish","type":"page","link":"https:\/\/fireware.nl\/de\/design\/lego-serious-play\/","title":{"rendered":"Lego\u00ae Serious Play\u00ae"},"content":{"rendered":"\n\n\t\t\t\t<img loading=\"lazy\" decoding=\"async\" src=\"https:\/\/fireware.nl\/wp-content\/uploads\/2021\/05\/Lego-Serious-Play-banner.jpg\" alt=\"Lego Serious Play banner\" itemprop=\"image\" height=\"800\" width=\"2200\" title=\"Lego Serious Play banner\" onerror=\"this.style.display='none'\"  \/>\n\t\n<h2>Was ist Lego\u00ae Serious Play\u00ae?<\/h2>\n<p>Bei Lego\u00ae Serious Play\u00ae verwenden wir Lego\u00ae-Steine als Mittel, um Antworten auf Fragen zu geben, L\u00f6sungen f\u00fcr Herausforderungen zu finden und einander besser kennenzulernen. Ein zertifizierter Moderator stellt den Teilnehmern eine Reihe gut vorbereiteter Fragen. Auf der Grundlage dieser Fragen bauen die Teilnehmer ein dreidimensionales Modell. Dieses Modell wird dann in der Gruppe erl\u00e4utert.<\/p>\n<h2>Warum Lego\u00ae Serious Play\u00ae?<\/h2>\n<p>Jeder kennt sie: Besprechungen und Brainstorming-Sitzungen, bei denen 20% der Teilnehmer 80% der Zeit das Wort ergreifen. Die Frage \u201eWas mache ich hier eigentlich&#8221; dr\u00e4ngt sich auf und langsam aber sicher wei\u00df jeder, was gesagt werden wird und durch wen. Im Lego\u00ae Serious Play\u00ae-Jargon nennt man das ein \u201eLean Backward Meeting&#8221;, eine Besprechung, bei der man sich zur\u00fccklehnt.<\/p>\n<p>Mit Lego\u00ae Serious Play\u00ae wird die Veranstaltung zu einem \u201eLean Forward Meeting&#8221;: Jeder Teilnehmer wird 100% der Zeit zu 100% einbezogen. Damit leistet jeder mit seinen oder ihren Ideen, Einsichten, Meinungen und L\u00f6sungen einen Beitrag. Die Idee, die hinter Lego\u00ae Serious Play\u00ae steckt, ist, das kollektive Wissen der Gruppe zu nutzen und nicht nur die Minderheit mit dem h\u00f6chsten Wortbeitrag bestimmen zu lassen.<\/p>\n<p>Wir bei FireWare verwenden diese Methode regelm\u00e4\u00dfig. Wir benutzen Lego\u00ae, um uns besser kennenzulernen und gemeinsam L\u00f6sungen zu finden. Lego\u00ae Serious Play\u00ae verwenden wir in unseren eigenen internen Prozessen, bei Brainstorming-Sitzungen mit Kunden, aber auch bei Gesch\u00e4ftspartnern au\u00dferhalb unserer Niederlassung. Weil es funktioniert!<\/p>\n\t\t\t\t<img decoding=\"async\" src=\"https:\/\/fireware.nl\/wp-content\/uploads\/2019\/02\/Lego-Serious-Play-table.jpg\" alt=\"Lego Serious Play table\" itemprop=\"image\" title=\"Lego Serious Play table\" onerror=\"this.style.display='none'\"  \/>\n\t<h2>Wie funktioniert Lego\u00ae Serious Play\u00ae?<\/h2>\n<p>Eine Lego\u00ae Serious Play\u00ae-Sitzung wird von einem zertifizierten Moderator geleitet. Durch mehrere \u201eAufw\u00e4rm\u00fcbungen&#8221; sorgt er daf\u00fcr, dass jeder \u201eLego\u00ae&#8221; spricht. Dann beginnt die eigentliche Arbeit. Die Basisroutine einer Lego\u00ae Serious Play\u00ae-Sitzung ist immer dieselbe: Frage stellen &#8211; Bauen &#8211; Teilen &#8211; Reflektieren.<\/p>\n<ul>\n<li><em>Die Frage stellen:<\/em> Die richtige Vorbereitung bestimmt weitgehend den Erfolg einer Lego\u00ae Serious Play\u00ae-Sitzung. Welche Fragen m\u00fcssen in welcher Reihenfolge gestellt werden? Und welche Frage tr\u00e4gt am besten zum Ergebnis bei? Nachdem die Frage der Gruppe vorgelegt worden ist, beginnt das Bauen.<\/li>\n<li><em>Bauen:<\/em> Beim Bauen geht es nicht um die \u00c4sthetik oder den Einfallsreichtum der Konstruktion. Bei Lego\u00ae Serious Play\u00ae gibst Du selbst den Bl\u00f6cken eine Bedeutung. Und Deine Bedeutung ist die einzig richtige. Wenn man mit Metaphern arbeitet, kann dasselbe Lego\u00ae immer Antworten auf andere Fragen geben, die reichen von \u201eWelche Aufgaben schiebst Du immer bis zum letzten Moment auf?&#8221; bis hin zu \u201eBaue Deinen idealen Arbeitstag&#8221;.<br \/>\nEinmal ist ein Stein ein Computer, an dem man sich nicht einloggen kann. Bei der n\u00e4chsten Frage ist der gleiche Stein das Symbol f\u00fcr eine Tasse Kaffee. Es sind jedes Mal Lego\u00ae-Steine, die helfen, eine Geschichte zu erz\u00e4hlen. Und jeder hat die Freiheit, sein oder ihr eigenes, individuelles Modell zu bauen.<\/li>\n<li><em>Teilen:<\/em>\u00a0Der Reihe nach erz\u00e4hlt jeder Teilnehmer seine Geschichte zu seinem \/ ihrem Modell. W\u00e4hrend des Erz\u00e4hlens erf\u00e4hrt der Teilnehmer manchmal sogar, dass das gebaute Modell mehr und tiefere Bedeutungen als er es selbst wartet hatte. Wir nennen diesen Prozess \u201eDenken mit den H\u00e4nden&#8221;. Da jeder Teilnehmer teilt und auch zuh\u00f6rt, werden alle gebauten Modelle und die dahinterstehenden Gr\u00fcnde besprochen.<\/li>\n<li><em>Reflektieren:<\/em> Nach der Erl\u00e4uterung des Modells ermutigt der Moderator die anderen Teilnehmer dazu, Fragen zu stellen. Das sorgt f\u00fcr neue und tiefere Einblicke sowohl f\u00fcr den Konstrukteur als auch f\u00fcr den Fragesteller und ist einer der wichtigsten Mehrwerte von Lego\u00ae Serious Play\u00ae. Da der Moderator sicherstellt, dass Fragen immer \u00fcber das Modell und nicht \u00fcber den Ersteller gestellt werden, schafft er eine sichere Umgebung f\u00fcr den Gedankenaustausch.<\/li>\n<\/ul>\n\t\t\t\t<img decoding=\"async\" src=\"https:\/\/fireware.nl\/wp-content\/uploads\/2019\/02\/Lego-Serious-Play-picture.jpg\" alt=\"Lego Serious Play picture\" itemprop=\"image\" title=\"Lego Serious Play picture\" onerror=\"this.style.display='none'\"  \/>\n\t<h2>Baut jeder nur sein eigenes Modell?<\/h2>\n<p>Das individuelle Modell ist die Basis, von dem bei der Arbeit ausgegangen wird. Abh\u00e4ngig vom gew\u00fcnschten Input, von der verf\u00fcgbarer Zeit und von der Fragestellung k\u00f6nnen auch andere Konstruktionen verwendet werden. Bei Lego\u00ae Serious Play\u00ae kennen wir 7:<\/p>\n<ul>\n<li><em>Das individuelle Modell<\/em>. Damit beginnt eine Sitzung immer: Jeder Teilnehmer stellt sein \/ ihr eigenes Modell her.<\/li>\n<li><em>Das gemeinsame Modell<\/em>. Die einzelnen Modelle werden zu einem einzigen Modell zusammengef\u00fcgt, bei dem sich alle wiederfinden k\u00f6nnen.<\/li>\n<li><em>Eine Landschaft<\/em>. Die einzelnen Modelle werden von den Teilnehmern nebeneinander aufgestellt. Dies ist eine Methode, die deutlich macht, wie sich die einzelnen Modelle zueinander verhalten.<\/li>\n<li><em>Verbindungen<\/em>. Mit speziellen Lego\u00ae-Steinen werden Verbindungen zwischen den Modellen hergestellt.<\/li>\n<li><em>Ein System<\/em>. Diese Art der Konstruktion ist eine Erweiterung des Verbindungsaufbaus und macht deutlich, wo die Abh\u00e4ngigkeiten liegen.<\/li>\n<li><em>Ereignisse und Entscheidungen<\/em>. Diese Konstruktion zeigt anhand von Simulationen den Einfluss von Entscheidungen und Ereignissen auf das System.<\/li>\n<li><em>Einfache Leitprinzipien.<\/em> Diese Art der Konstruktion hilft dabei, zu einer Reihe von Ausgangspunkten zu gelangen, auf die man sich als Team oder Organisation verlassen kann, wenn man eine schwierige (strategische) Entscheidung trifft.<\/li>\n<\/ul>\n<p>Damit verf\u00fcgt der Moderator \u00fcber eine Vielzahl von Arbeitsformen, die er kombinieren kann, um eine geeignete Lego\u00ae Serious Play\u00ae-Sitzung auszuarbeiten.<\/p>\n<h2>Wann setzt man Lego\u00ae Serious Play\u00ae ein?<\/h2>\n<p>Wir bei FireWare verwenden Lego\u00ae Serious Play\u00ae f\u00fcr die Strategiefindung, Produktentwicklung, Verbesserungsprozesse, organisatorische Fragen und Konzeptentwicklung. Die Methode ist jedoch nach vielf\u00e4ltiger anwendbar: Denken Sie an Konfliktmanagement, Teambildung und Visionsentwicklung. Da unsere Erfahrungen mit der Methode so gut sind, greifen wir gerne darauf zur\u00fcck. Und dieses Wissen nutzen wir auch gerne f\u00fcr externe Parteien!<\/p>\n\t\t\t\t<img decoding=\"async\" src=\"https:\/\/fireware.nl\/wp-content\/uploads\/2019\/02\/Lego-Serious-Play-bouwwerk.jpg\" alt=\"Lego Serious Play bouwwerk\" itemprop=\"image\" title=\"Lego Serious Play bouwwerk\" onerror=\"this.style.display='none'\"  \/>\n\t<h2>Die Antworten auf praktische Fragen<\/h2>\n<p><em><strong>Wie viele Personen k\u00f6nnen an einer Lego\u00ae Serious Play\u00ae-Sitzung teilnehmen? &#8211;<\/strong><\/em> Das h\u00e4ngt sehr stark von den gesetzten Zielen ab. Wir selbst halten die Teilnehmerzahl zwischen 2 und 12. Auch gr\u00f6\u00dfere Gruppen sind m\u00f6glich. Allerdings muss dann oft ein zweiter Moderator eingesetzt werden.<\/p>\n<p><em><strong>Wie lange dauert eine Lego\u00ae Serious Play\u00ae-Sitzung? &#8211;<\/strong><\/em> Die meisten Sitzungen gehen \u00fcber einen oder zwei Tage. Es finden auch mehrt\u00e4gige Sitzungen statt. Die Dauer h\u00e4ngt vom gew\u00fcnschten Ergebnis, der verf\u00fcgbaren Zeit und der Anzahl der Teilnehmer ab.<\/p>\n<p><em><strong>Welche Lego\u00ae-Steine werden verwendet? &#8211;<\/strong><\/em> Es wurde gut abgewogen, welche Lego\u00ae-Steine in den von uns eingesetzten Sets enthalten sind. In der ersten Phase der Sitzung hat jeder sein \u201eeigenes&#8221; Set. Je nach Komplexit\u00e4t und Dauer des Workshops entscheiden wir uns f\u00fcr das Lego\u00ae Serious Play\u00ae Exploration Kit (Art.-Nr. 2000409) oder das Starter Kit (Art.-Nr. 2000414). Sp\u00e4ter in der Sitzung werden den Teilnehmern viele weitere Lego\u00ae-Steine zur Verf\u00fcgung gestellt. Dann setzen wir das Identity &amp; Landscape Kit (Artikel Nr. 2000430) und das Connections Kit (Artikel Nr. 2000431) ein. In jedem Fall stellen wir mehr als genug Material zur Verf\u00fcgung, mit dem gearbeitet werden kann.<\/p>\n<p><em><strong>Arbeiten Sie mit zertifizierten Moderatoren? &#8211;<\/strong><\/em>\u00a0Nur Moderatoren, die ein intensives Training von den Machern von Lego\u00ae Serious Play\u00ae in Kopenhagen absolviert haben, d\u00fcrfen eine Lego\u00ae Serious Play\u00ae-Sitzung begleiten. Im Rahmen von FireWare ist <a href=\"https:\/\/www.lspdirectory.com\/user\/seffireware-nl\/\" target=\"_blank\" rel=\"noopener\">Sef Hendrickx ein zertifizierter Lego\u00ae Serious Play\u00ae-Moderator<\/a>. Bei gr\u00f6\u00dferen Gruppen nehmen wir die Hilfe befreundeter zertifizierter Moderatoren in Anspruch.<\/p>\n<p><em><strong>Was kostet eine Lego\u00ae Serious Play\u00ae-Sitzung? &#8211;<\/strong><\/em> Die Investition f\u00fcr eine Sitzung h\u00e4ngt stark von der Gruppengr\u00f6\u00dfe, der Dauer und der Vorbereitungszeit ab. Im Durchschnitt muss f\u00fcr eine Sitzung mit 800,00 \u20ac pro Tag gerechnet werden, ohne Vorbereitung, Reise-, Unterbringungs- und Materialkosten. Lego\u00ae-Sets k\u00f6nnen bei FireWare gemietet und gekauft werden. Bitte kontaktieren Sie uns f\u00fcr eine genaue Preiskalkulation.<\/p>\n<p><em><strong>Gibt es Dinge, die ich ber\u00fccksichtigen muss? &#8211;<\/strong><\/em> Wir streben nach einem optimalen Ergebnis. Deshalb gibt es einige Grundregeln, an die sich jeder Teilnehmer halten muss. Das wichtigste ist, dass Mobiltelefone w\u00e4hrend einer Sitzung nicht zul\u00e4ssig sind. Wir erwarten, dass alle mit 100% Aufmerksamkeit anwesend sind.<\/p>\n<p><em><strong>Wo kann eine Lego\u00ae Serious Play\u00ae-Sitzung abgehalten werden? &#8211;<\/strong><\/em> Das ist eigentlich \u00fcberall m\u00f6glich! Wenn nur ein paar gro\u00dfe Tische vorhanden sind. Wir haben bereits Sitzungen am Strand, in Hotels, Feuerwachen, Besprechungsr\u00e4umen und auf Segelschiffen mitten im Ijsselmeer abgehalten. Dabei ist der Datenschutz allerdings von gro\u00dfer Bedeutung. Wenn Sie eine Sitzung an einem externen Ort durchf\u00fchren m\u00f6chten, ist es gut zu wissen, dass wir bei FireWare einen speziell entwickelten Brainstorming-Raum haben, der verwendet werden kann.<\/p>\n\t\t\t\t<img decoding=\"async\" src=\"https:\/\/fireware.nl\/wp-content\/uploads\/2019\/02\/Lego-Serious-Play-facilitator.jpg\" alt=\"Lego Serious Play facilitator\" itemprop=\"image\" title=\"Lego Serious Play facilitator\" onerror=\"this.style.display='none'\"  \/>\n\n","protected":false},"excerpt":{"rendered":"<p>Was ist Lego\u00ae Serious Play\u00ae? Bei Lego\u00ae Serious Play\u00ae verwenden wir Lego\u00ae-Steine als Mittel, um Antworten auf Fragen zu geben,<span class=\"excerpt-ellipsis\">&#8230;<\/span><\/p>\n","protected":false},"author":9,"featured_media":22162,"parent":10299,"menu_order":0,"comment_status":"closed","ping_status":"closed","template":"","meta":{"footnotes":""},"class_list":["post-27056","page","type-page","status-publish","has-post-thumbnail","hentry"],"yoast_head":"<!-- This site is optimized with the Yoast SEO plugin v27.5 - https:\/\/yoast.com\/product\/yoast-seo-wordpress\/ -->\n<title>Lego\u00ae Serious Play\u00ae - FireWare<\/title>\n<meta name=\"robots\" content=\"index, follow, max-snippet:-1, max-image-preview:large, max-video-preview:-1\" \/>\n<link rel=\"canonical\" href=\"https:\/\/fireware.nl\/de\/design\/lego-serious-play\/\" \/>\n<meta property=\"og:locale\" content=\"de_DE\" \/>\n<meta property=\"og:type\" content=\"article\" \/>\n<meta property=\"og:title\" content=\"Lego\u00ae Serious Play\u00ae - FireWare\" \/>\n<meta property=\"og:description\" content=\"Was ist Lego\u00ae Serious Play\u00ae? Bei Lego\u00ae Serious Play\u00ae verwenden wir Lego\u00ae-Steine als Mittel, um Antworten auf Fragen zu geben,...\" \/>\n<meta property=\"og:url\" content=\"https:\/\/fireware.nl\/de\/design\/lego-serious-play\/\" \/>\n<meta property=\"og:site_name\" content=\"FireWare\" \/>\n<meta property=\"article:publisher\" content=\"https:\/\/www.facebook.com\/FireWareBV\/\" \/>\n<meta property=\"article:modified_time\" content=\"2021-05-19T09:11:54+00:00\" \/>\n<meta property=\"og:image\" content=\"https:\/\/fireware.nl\/wp-content\/uploads\/2018\/01\/brainstorm-lego-serious-play-6.jpg\" \/>\n\t<meta property=\"og:image:width\" content=\"1100\" \/>\n\t<meta property=\"og:image:height\" content=\"400\" \/>\n\t<meta property=\"og:image:type\" content=\"image\/jpeg\" \/>\n<meta name=\"twitter:card\" content=\"summary_large_image\" \/>\n<meta name=\"twitter:site\" content=\"@FireWarebv\" \/>\n<meta name=\"twitter:label1\" content=\"Gesch\u00e4tzte Lesezeit\" \/>\n\t<meta name=\"twitter:data1\" content=\"7\u00a0Minuten\" \/>\n<script type=\"application\/ld+json\" class=\"yoast-schema-graph\">{\"@context\":\"https:\\\/\\\/schema.org\",\"@graph\":[{\"@type\":\"WebPage\",\"@id\":\"https:\\\/\\\/fireware.nl\\\/de\\\/design\\\/lego-serious-play\\\/\",\"url\":\"https:\\\/\\\/fireware.nl\\\/de\\\/design\\\/lego-serious-play\\\/\",\"name\":\"Lego\u00ae Serious Play\u00ae - FireWare\",\"isPartOf\":{\"@id\":\"https:\\\/\\\/fireware.nl\\\/de\\\/#website\"},\"primaryImageOfPage\":{\"@id\":\"https:\\\/\\\/fireware.nl\\\/de\\\/design\\\/lego-serious-play\\\/#primaryimage\"},\"image\":{\"@id\":\"https:\\\/\\\/fireware.nl\\\/de\\\/design\\\/lego-serious-play\\\/#primaryimage\"},\"thumbnailUrl\":\"https:\\\/\\\/fireware.nl\\\/wp-content\\\/uploads\\\/2018\\\/01\\\/brainstorm-lego-serious-play-6.jpg\",\"datePublished\":\"2019-02-21T11:01:36+00:00\",\"dateModified\":\"2021-05-19T09:11:54+00:00\",\"breadcrumb\":{\"@id\":\"https:\\\/\\\/fireware.nl\\\/de\\\/design\\\/lego-serious-play\\\/#breadcrumb\"},\"inLanguage\":\"de\",\"potentialAction\":[{\"@type\":\"ReadAction\",\"target\":[\"https:\\\/\\\/fireware.nl\\\/de\\\/design\\\/lego-serious-play\\\/\"]}]},{\"@type\":\"ImageObject\",\"inLanguage\":\"de\",\"@id\":\"https:\\\/\\\/fireware.nl\\\/de\\\/design\\\/lego-serious-play\\\/#primaryimage\",\"url\":\"https:\\\/\\\/fireware.nl\\\/wp-content\\\/uploads\\\/2018\\\/01\\\/brainstorm-lego-serious-play-6.jpg\",\"contentUrl\":\"https:\\\/\\\/fireware.nl\\\/wp-content\\\/uploads\\\/2018\\\/01\\\/brainstorm-lego-serious-play-6.jpg\",\"width\":1100,\"height\":400,\"caption\":\"brainstorm lego serious play-6\"},{\"@type\":\"BreadcrumbList\",\"@id\":\"https:\\\/\\\/fireware.nl\\\/de\\\/design\\\/lego-serious-play\\\/#breadcrumb\",\"itemListElement\":[{\"@type\":\"ListItem\",\"position\":1,\"name\":\"Home\",\"item\":\"https:\\\/\\\/fireware.nl\\\/de\\\/\"},{\"@type\":\"ListItem\",\"position\":2,\"name\":\"Design\",\"item\":\"https:\\\/\\\/fireware.nl\\\/de\\\/design\\\/\"},{\"@type\":\"ListItem\",\"position\":3,\"name\":\"Lego\u00ae Serious Play\u00ae\"}]},{\"@type\":\"WebSite\",\"@id\":\"https:\\\/\\\/fireware.nl\\\/de\\\/#website\",\"url\":\"https:\\\/\\\/fireware.nl\\\/de\\\/\",\"name\":\"FireWare\",\"description\":\"CREATING REALISTIC  TRAINING ENVIRONMENTS\",\"publisher\":{\"@id\":\"https:\\\/\\\/fireware.nl\\\/de\\\/#organization\"},\"potentialAction\":[{\"@type\":\"SearchAction\",\"target\":{\"@type\":\"EntryPoint\",\"urlTemplate\":\"https:\\\/\\\/fireware.nl\\\/de\\\/?s={search_term_string}\"},\"query-input\":{\"@type\":\"PropertyValueSpecification\",\"valueRequired\":true,\"valueName\":\"search_term_string\"}}],\"inLanguage\":\"de\"},{\"@type\":\"Organization\",\"@id\":\"https:\\\/\\\/fireware.nl\\\/de\\\/#organization\",\"name\":\"FireWare\",\"url\":\"https:\\\/\\\/fireware.nl\\\/de\\\/\",\"logo\":{\"@type\":\"ImageObject\",\"inLanguage\":\"de\",\"@id\":\"https:\\\/\\\/fireware.nl\\\/de\\\/#\\\/schema\\\/logo\\\/image\\\/\",\"url\":\"https:\\\/\\\/fireware.nl\\\/wp-content\\\/uploads\\\/2018\\\/10\\\/FireWare-logo.jpg\",\"contentUrl\":\"https:\\\/\\\/fireware.nl\\\/wp-content\\\/uploads\\\/2018\\\/10\\\/FireWare-logo.jpg\",\"width\":171,\"height\":70,\"caption\":\"FireWare\"},\"image\":{\"@id\":\"https:\\\/\\\/fireware.nl\\\/de\\\/#\\\/schema\\\/logo\\\/image\\\/\"},\"sameAs\":[\"https:\\\/\\\/www.facebook.com\\\/FireWareBV\\\/\",\"https:\\\/\\\/x.com\\\/FireWarebv\",\"https:\\\/\\\/www.instagram.com\\\/fireware_nl\\\/\",\"https:\\\/\\\/www.linkedin.com\\\/company\\\/3586017\\\/\",\"https:\\\/\\\/www.youtube.com\\\/user\\\/firesalesrentconsult\"]}]}<\/script>\n<!-- \/ Yoast SEO plugin. -->","yoast_head_json":{"title":"Lego\u00ae Serious Play\u00ae - FireWare","robots":{"index":"index","follow":"follow","max-snippet":"max-snippet:-1","max-image-preview":"max-image-preview:large","max-video-preview":"max-video-preview:-1"},"canonical":"https:\/\/fireware.nl\/de\/design\/lego-serious-play\/","og_locale":"de_DE","og_type":"article","og_title":"Lego\u00ae Serious Play\u00ae - FireWare","og_description":"Was ist Lego\u00ae Serious Play\u00ae? Bei Lego\u00ae Serious Play\u00ae verwenden wir Lego\u00ae-Steine als Mittel, um Antworten auf Fragen zu geben,...","og_url":"https:\/\/fireware.nl\/de\/design\/lego-serious-play\/","og_site_name":"FireWare","article_publisher":"https:\/\/www.facebook.com\/FireWareBV\/","article_modified_time":"2021-05-19T09:11:54+00:00","og_image":[{"width":1100,"height":400,"url":"https:\/\/fireware.nl\/wp-content\/uploads\/2018\/01\/brainstorm-lego-serious-play-6.jpg","type":"image\/jpeg"}],"twitter_card":"summary_large_image","twitter_site":"@FireWarebv","twitter_misc":{"Gesch\u00e4tzte Lesezeit":"7\u00a0Minuten"},"schema":{"@context":"https:\/\/schema.org","@graph":[{"@type":"WebPage","@id":"https:\/\/fireware.nl\/de\/design\/lego-serious-play\/","url":"https:\/\/fireware.nl\/de\/design\/lego-serious-play\/","name":"Lego\u00ae Serious Play\u00ae - FireWare","isPartOf":{"@id":"https:\/\/fireware.nl\/de\/#website"},"primaryImageOfPage":{"@id":"https:\/\/fireware.nl\/de\/design\/lego-serious-play\/#primaryimage"},"image":{"@id":"https:\/\/fireware.nl\/de\/design\/lego-serious-play\/#primaryimage"},"thumbnailUrl":"https:\/\/fireware.nl\/wp-content\/uploads\/2018\/01\/brainstorm-lego-serious-play-6.jpg","datePublished":"2019-02-21T11:01:36+00:00","dateModified":"2021-05-19T09:11:54+00:00","breadcrumb":{"@id":"https:\/\/fireware.nl\/de\/design\/lego-serious-play\/#breadcrumb"},"inLanguage":"de","potentialAction":[{"@type":"ReadAction","target":["https:\/\/fireware.nl\/de\/design\/lego-serious-play\/"]}]},{"@type":"ImageObject","inLanguage":"de","@id":"https:\/\/fireware.nl\/de\/design\/lego-serious-play\/#primaryimage","url":"https:\/\/fireware.nl\/wp-content\/uploads\/2018\/01\/brainstorm-lego-serious-play-6.jpg","contentUrl":"https:\/\/fireware.nl\/wp-content\/uploads\/2018\/01\/brainstorm-lego-serious-play-6.jpg","width":1100,"height":400,"caption":"brainstorm lego serious play-6"},{"@type":"BreadcrumbList","@id":"https:\/\/fireware.nl\/de\/design\/lego-serious-play\/#breadcrumb","itemListElement":[{"@type":"ListItem","position":1,"name":"Home","item":"https:\/\/fireware.nl\/de\/"},{"@type":"ListItem","position":2,"name":"Design","item":"https:\/\/fireware.nl\/de\/design\/"},{"@type":"ListItem","position":3,"name":"Lego\u00ae Serious Play\u00ae"}]},{"@type":"WebSite","@id":"https:\/\/fireware.nl\/de\/#website","url":"https:\/\/fireware.nl\/de\/","name":"FireWare","description":"CREATING REALISTIC  TRAINING ENVIRONMENTS","publisher":{"@id":"https:\/\/fireware.nl\/de\/#organization"},"potentialAction":[{"@type":"SearchAction","target":{"@type":"EntryPoint","urlTemplate":"https:\/\/fireware.nl\/de\/?s={search_term_string}"},"query-input":{"@type":"PropertyValueSpecification","valueRequired":true,"valueName":"search_term_string"}}],"inLanguage":"de"},{"@type":"Organization","@id":"https:\/\/fireware.nl\/de\/#organization","name":"FireWare","url":"https:\/\/fireware.nl\/de\/","logo":{"@type":"ImageObject","inLanguage":"de","@id":"https:\/\/fireware.nl\/de\/#\/schema\/logo\/image\/","url":"https:\/\/fireware.nl\/wp-content\/uploads\/2018\/10\/FireWare-logo.jpg","contentUrl":"https:\/\/fireware.nl\/wp-content\/uploads\/2018\/10\/FireWare-logo.jpg","width":171,"height":70,"caption":"FireWare"},"image":{"@id":"https:\/\/fireware.nl\/de\/#\/schema\/logo\/image\/"},"sameAs":["https:\/\/www.facebook.com\/FireWareBV\/","https:\/\/x.com\/FireWarebv","https:\/\/www.instagram.com\/fireware_nl\/","https:\/\/www.linkedin.com\/company\/3586017\/","https:\/\/www.youtube.com\/user\/firesalesrentconsult"]}]}},"publishpress_future_action":{"enabled":false,"date":"2026-05-12 22:38:03","action":"change-status","newStatus":"draft","terms":[],"taxonomy":"translation_priority","extraData":[]},"publishpress_future_workflow_manual_trigger":{"enabledWorkflows":[]},"_links":{"self":[{"href":"https:\/\/fireware.nl\/de\/wp-json\/wp\/v2\/pages\/27056","targetHints":{"allow":["GET"]}}],"collection":[{"href":"https:\/\/fireware.nl\/de\/wp-json\/wp\/v2\/pages"}],"about":[{"href":"https:\/\/fireware.nl\/de\/wp-json\/wp\/v2\/types\/page"}],"author":[{"embeddable":true,"href":"https:\/\/fireware.nl\/de\/wp-json\/wp\/v2\/users\/9"}],"replies":[{"embeddable":true,"href":"https:\/\/fireware.nl\/de\/wp-json\/wp\/v2\/comments?post=27056"}],"version-history":[{"count":0,"href":"https:\/\/fireware.nl\/de\/wp-json\/wp\/v2\/pages\/27056\/revisions"}],"up":[{"embeddable":true,"href":"https:\/\/fireware.nl\/de\/wp-json\/wp\/v2\/pages\/10299"}],"wp:featuredmedia":[{"embeddable":true,"href":"https:\/\/fireware.nl\/de\/wp-json\/wp\/v2\/media\/22162"}],"wp:attachment":[{"href":"https:\/\/fireware.nl\/de\/wp-json\/wp\/v2\/media?parent=27056"}],"curies":[{"name":"wp","href":"https:\/\/api.w.org\/{rel}","templated":true}]}}