
{"id":2707,"date":"2017-08-15T11:10:26","date_gmt":"2017-08-15T11:10:26","guid":{"rendered":"http:\/\/exclusive-it-development.nl\/?page_id=2707"},"modified":"2021-03-29T09:07:08","modified_gmt":"2021-03-29T09:07:08","slug":"geschichte","status":"publish","type":"page","link":"https:\/\/fireware.nl\/de\/geschichte\/","title":{"rendered":"Geschichte"},"content":{"rendered":"\n\n\t\t\t<img decoding=\"async\" loading='false' src=\"https:\/\/fireware.nl\/wp-content\/uploads\/2019\/05\/Geschiedenis-Tijdlijn_DE_01.jpg\" alt=\"\" \/>\t\t\t\n\t\t\t<img decoding=\"async\" loading='false' src=\"https:\/\/fireware.nl\/wp-content\/uploads\/2019\/05\/Geschiedenis-Tijdlijn_DE_02.jpg\" alt=\"\" \/>\t\t\t\n\t<h3>Theatertechnik<\/h3>\n<p>Am 28. Juli 2003 wurde FireWare von Sef Hendrickx und Jacqueline van Zanen gegr\u00fcndet. Hendrickx studierte seinerseits Theatertechnik und wunderte sich w\u00e4hrend eines Katastrophenhelfertrainings mit einem Knisterkasten \u00fcber die Frage, warum keine Special Effects aus der Theater- und Filmbranche zur Ausbildung von Helfern eingesetzt werden. Diese Frage wurde zum Thema seiner Abschlussarbeit, woraus anschlie\u00dfend die Idee zur Gr\u00fcndung von FireWare entstanden ist.<\/p>\n<p>Nach einer Reihe kleiner Anpassungen erwiesen sich die Effekte und Techniken aus der Theaterwelt als gut auf das Trainingsumfeld f\u00fcr Helfer anwendbar: aus der Untersuchung ergab sich sogar, dass eine erhebliche Verbesserung zu sehen war.<\/p>\n<p>Sef Hendrickx und Jacqueline van Zanen arbeiteten die ersten Jahre von einem Studentenzimmer aus an der Bekanntheit und der Akzeptanz des Einsatzes von Theatertechniken in der Ausbildung von Helfern. Die theatertechnischen Effekte erwiesen sich als eine willkommene Alternative f\u00fcr Trainer und Ausbilder von Helfern.<\/p>\n<h3>Wachstum<\/h3>\n<p>Schon bald war mehr Platz erforderlich als das Studentenzimmer. Das Unternehmen wuchs stetig von einer Lagerung in einem Seecontainer zu einer Lagerung in der Halle einer Fahrschule in Velserbroek 2004. Schon schnell wurde mit dem Bau eines Simulators begonnen, in dem die Effekte mechanisch dargestellt wurden. ProFhire, auch in den gemeinsam genutzten R\u00e4umlichkeiten ans\u00e4ssig, verwendete diesen Raum f\u00fcr Katastrophenhelfertrainings. Eine Win-Win-Situation f\u00fcr beide Parteien entstand. FireWare konnte bei den Ausbildern und Kursteilnehmern von ProFhire neue Ideen testen und ProFhire verf\u00fcgte immer \u00fcber innovative \u00dcbungsmittel.<\/p>\n<p>2005 zog das B\u00fcro am Haus f\u00fcr eine kurze Zeit mit nach Schoorl um. 2006 wurde ein B\u00fcroraum und ein Showroom in Velserbroek eingerichtet. Der Lagerraum wurde schnell zu klein und deshalb wird seit 2011 ein Logistikzentrum in Kerkrade genutzt. Von dort aus werden alle verkauften Produkte mittels robotisiertem Lager versendet.<\/p>\n<p>2013 zog FireWare nach Wieringerwerf; nach 1,5 Jahren Umbau ist es zu einem Geb\u00e4ude mit idealen Einrichtungen zum Brainstormen und zur Entwicklung von Trainingsl\u00f6sungen geworden. Der heutige Standort bietet Raum in hellen B\u00fcror\u00e4umen, einen eigenen technischen Dienst, die Verleihflotte, einen Brainstorm-Raum, einen Praxisraum sowie einen Showroom, in dem sich Kunden im Hinblick auf neue Produkte orientieren k\u00f6nnen. Zudem l\u00e4dt ein gro\u00dfer Esstisch und eine sch\u00f6ne Kaffeemaschine zu einer Pause ein.<\/p>\n<h3>Arbeiten<\/h3>\n<p>FireWare hatte in kurzer Zeit bereits 2003 alle Produkte in einem Webshop untergebracht. Hier wurden sp\u00e4ter auch Verleihartikel und Inszenierungstrainings hinzugef\u00fcgt. Es erwies sich jedoch nicht als einfach, alle Aktivit\u00e4ten f\u00fcr Besucher hinreichend klar zu machen. 2007 hat man sich f\u00fcr eine neue Corporate Identity entschieden, an die drei neue Handelsnamen gekn\u00fcpft sind: FireSales, FireRent und FireConsult. Ende 2014 wurde diese Strategie komplett \u00fcberarbeitet und alles wieder unter FireWare zusammengefasst.<\/p>\n\n","protected":false},"excerpt":{"rendered":"<p>Theatertechnik Am 28. Juli 2003 wurde FireWare von Sef Hendrickx und Jacqueline van Zanen gegr\u00fcndet. Hendrickx studierte seinerseits Theatertechnik und<span class=\"excerpt-ellipsis\">&#8230;<\/span><\/p>\n","protected":false},"author":2,"featured_media":0,"parent":0,"menu_order":0,"comment_status":"closed","ping_status":"closed","template":"","meta":{"footnotes":""},"class_list":["post-2707","page","type-page","status-publish","hentry"],"yoast_head":"<!-- This site is optimized with the Yoast SEO plugin v27.5 - https:\/\/yoast.com\/product\/yoast-seo-wordpress\/ -->\n<title>Geschichte - FireWare<\/title>\n<meta name=\"robots\" content=\"index, follow, max-snippet:-1, max-image-preview:large, max-video-preview:-1\" \/>\n<link rel=\"canonical\" href=\"https:\/\/fireware.nl\/de\/geschichte\/\" \/>\n<meta property=\"og:locale\" content=\"de_DE\" \/>\n<meta property=\"og:type\" content=\"article\" \/>\n<meta property=\"og:title\" content=\"Geschichte - FireWare\" \/>\n<meta property=\"og:description\" content=\"Theatertechnik Am 28. Juli 2003 wurde FireWare von Sef Hendrickx und Jacqueline van Zanen gegr\u00fcndet. Hendrickx studierte seinerseits Theatertechnik und...\" \/>\n<meta property=\"og:url\" content=\"https:\/\/fireware.nl\/de\/geschichte\/\" \/>\n<meta property=\"og:site_name\" content=\"FireWare\" \/>\n<meta property=\"article:publisher\" content=\"https:\/\/www.facebook.com\/FireWareBV\/\" \/>\n<meta property=\"article:modified_time\" content=\"2021-03-29T09:07:08+00:00\" \/>\n<meta property=\"og:image\" content=\"https:\/\/fireware.nl\/wp-content\/uploads\/2019\/05\/Geschiedenis-Tijdlijn_DE_01.jpg\" \/>\n<meta name=\"twitter:card\" content=\"summary_large_image\" \/>\n<meta name=\"twitter:site\" content=\"@FireWarebv\" \/>\n<meta name=\"twitter:label1\" content=\"Gesch\u00e4tzte Lesezeit\" \/>\n\t<meta name=\"twitter:data1\" content=\"2\u00a0Minuten\" \/>\n<script type=\"application\/ld+json\" class=\"yoast-schema-graph\">{\"@context\":\"https:\\\/\\\/schema.org\",\"@graph\":[{\"@type\":\"WebPage\",\"@id\":\"https:\\\/\\\/fireware.nl\\\/de\\\/geschichte\\\/\",\"url\":\"https:\\\/\\\/fireware.nl\\\/de\\\/geschichte\\\/\",\"name\":\"Geschichte - FireWare\",\"isPartOf\":{\"@id\":\"https:\\\/\\\/fireware.nl\\\/de\\\/#website\"},\"primaryImageOfPage\":{\"@id\":\"https:\\\/\\\/fireware.nl\\\/de\\\/geschichte\\\/#primaryimage\"},\"image\":{\"@id\":\"https:\\\/\\\/fireware.nl\\\/de\\\/geschichte\\\/#primaryimage\"},\"thumbnailUrl\":\"https:\\\/\\\/fireware.nl\\\/wp-content\\\/uploads\\\/2019\\\/05\\\/Geschiedenis-Tijdlijn_DE_01.jpg\",\"datePublished\":\"2017-08-15T11:10:26+00:00\",\"dateModified\":\"2021-03-29T09:07:08+00:00\",\"breadcrumb\":{\"@id\":\"https:\\\/\\\/fireware.nl\\\/de\\\/geschichte\\\/#breadcrumb\"},\"inLanguage\":\"de\",\"potentialAction\":[{\"@type\":\"ReadAction\",\"target\":[\"https:\\\/\\\/fireware.nl\\\/de\\\/geschichte\\\/\"]}]},{\"@type\":\"ImageObject\",\"inLanguage\":\"de\",\"@id\":\"https:\\\/\\\/fireware.nl\\\/de\\\/geschichte\\\/#primaryimage\",\"url\":\"https:\\\/\\\/fireware.nl\\\/wp-content\\\/uploads\\\/2019\\\/05\\\/Geschiedenis-Tijdlijn_DE_01.jpg\",\"contentUrl\":\"https:\\\/\\\/fireware.nl\\\/wp-content\\\/uploads\\\/2019\\\/05\\\/Geschiedenis-Tijdlijn_DE_01.jpg\"},{\"@type\":\"BreadcrumbList\",\"@id\":\"https:\\\/\\\/fireware.nl\\\/de\\\/geschichte\\\/#breadcrumb\",\"itemListElement\":[{\"@type\":\"ListItem\",\"position\":1,\"name\":\"Home\",\"item\":\"https:\\\/\\\/fireware.nl\\\/de\\\/\"},{\"@type\":\"ListItem\",\"position\":2,\"name\":\"Geschichte\"}]},{\"@type\":\"WebSite\",\"@id\":\"https:\\\/\\\/fireware.nl\\\/de\\\/#website\",\"url\":\"https:\\\/\\\/fireware.nl\\\/de\\\/\",\"name\":\"FireWare\",\"description\":\"CREATING REALISTIC  TRAINING ENVIRONMENTS\",\"publisher\":{\"@id\":\"https:\\\/\\\/fireware.nl\\\/de\\\/#organization\"},\"potentialAction\":[{\"@type\":\"SearchAction\",\"target\":{\"@type\":\"EntryPoint\",\"urlTemplate\":\"https:\\\/\\\/fireware.nl\\\/de\\\/?s={search_term_string}\"},\"query-input\":{\"@type\":\"PropertyValueSpecification\",\"valueRequired\":true,\"valueName\":\"search_term_string\"}}],\"inLanguage\":\"de\"},{\"@type\":\"Organization\",\"@id\":\"https:\\\/\\\/fireware.nl\\\/de\\\/#organization\",\"name\":\"FireWare\",\"url\":\"https:\\\/\\\/fireware.nl\\\/de\\\/\",\"logo\":{\"@type\":\"ImageObject\",\"inLanguage\":\"de\",\"@id\":\"https:\\\/\\\/fireware.nl\\\/de\\\/#\\\/schema\\\/logo\\\/image\\\/\",\"url\":\"https:\\\/\\\/fireware.nl\\\/wp-content\\\/uploads\\\/2018\\\/10\\\/FireWare-logo.jpg\",\"contentUrl\":\"https:\\\/\\\/fireware.nl\\\/wp-content\\\/uploads\\\/2018\\\/10\\\/FireWare-logo.jpg\",\"width\":171,\"height\":70,\"caption\":\"FireWare\"},\"image\":{\"@id\":\"https:\\\/\\\/fireware.nl\\\/de\\\/#\\\/schema\\\/logo\\\/image\\\/\"},\"sameAs\":[\"https:\\\/\\\/www.facebook.com\\\/FireWareBV\\\/\",\"https:\\\/\\\/x.com\\\/FireWarebv\",\"https:\\\/\\\/www.instagram.com\\\/fireware_nl\\\/\",\"https:\\\/\\\/www.linkedin.com\\\/company\\\/3586017\\\/\",\"https:\\\/\\\/www.youtube.com\\\/user\\\/firesalesrentconsult\"]}]}<\/script>\n<!-- \/ Yoast SEO plugin. -->","yoast_head_json":{"title":"Geschichte - FireWare","robots":{"index":"index","follow":"follow","max-snippet":"max-snippet:-1","max-image-preview":"max-image-preview:large","max-video-preview":"max-video-preview:-1"},"canonical":"https:\/\/fireware.nl\/de\/geschichte\/","og_locale":"de_DE","og_type":"article","og_title":"Geschichte - FireWare","og_description":"Theatertechnik Am 28. Juli 2003 wurde FireWare von Sef Hendrickx und Jacqueline van Zanen gegr\u00fcndet. Hendrickx studierte seinerseits Theatertechnik und...","og_url":"https:\/\/fireware.nl\/de\/geschichte\/","og_site_name":"FireWare","article_publisher":"https:\/\/www.facebook.com\/FireWareBV\/","article_modified_time":"2021-03-29T09:07:08+00:00","og_image":[{"url":"https:\/\/fireware.nl\/wp-content\/uploads\/2019\/05\/Geschiedenis-Tijdlijn_DE_01.jpg","type":"","width":"","height":""}],"twitter_card":"summary_large_image","twitter_site":"@FireWarebv","twitter_misc":{"Gesch\u00e4tzte Lesezeit":"2\u00a0Minuten"},"schema":{"@context":"https:\/\/schema.org","@graph":[{"@type":"WebPage","@id":"https:\/\/fireware.nl\/de\/geschichte\/","url":"https:\/\/fireware.nl\/de\/geschichte\/","name":"Geschichte - FireWare","isPartOf":{"@id":"https:\/\/fireware.nl\/de\/#website"},"primaryImageOfPage":{"@id":"https:\/\/fireware.nl\/de\/geschichte\/#primaryimage"},"image":{"@id":"https:\/\/fireware.nl\/de\/geschichte\/#primaryimage"},"thumbnailUrl":"https:\/\/fireware.nl\/wp-content\/uploads\/2019\/05\/Geschiedenis-Tijdlijn_DE_01.jpg","datePublished":"2017-08-15T11:10:26+00:00","dateModified":"2021-03-29T09:07:08+00:00","breadcrumb":{"@id":"https:\/\/fireware.nl\/de\/geschichte\/#breadcrumb"},"inLanguage":"de","potentialAction":[{"@type":"ReadAction","target":["https:\/\/fireware.nl\/de\/geschichte\/"]}]},{"@type":"ImageObject","inLanguage":"de","@id":"https:\/\/fireware.nl\/de\/geschichte\/#primaryimage","url":"https:\/\/fireware.nl\/wp-content\/uploads\/2019\/05\/Geschiedenis-Tijdlijn_DE_01.jpg","contentUrl":"https:\/\/fireware.nl\/wp-content\/uploads\/2019\/05\/Geschiedenis-Tijdlijn_DE_01.jpg"},{"@type":"BreadcrumbList","@id":"https:\/\/fireware.nl\/de\/geschichte\/#breadcrumb","itemListElement":[{"@type":"ListItem","position":1,"name":"Home","item":"https:\/\/fireware.nl\/de\/"},{"@type":"ListItem","position":2,"name":"Geschichte"}]},{"@type":"WebSite","@id":"https:\/\/fireware.nl\/de\/#website","url":"https:\/\/fireware.nl\/de\/","name":"FireWare","description":"CREATING REALISTIC  TRAINING ENVIRONMENTS","publisher":{"@id":"https:\/\/fireware.nl\/de\/#organization"},"potentialAction":[{"@type":"SearchAction","target":{"@type":"EntryPoint","urlTemplate":"https:\/\/fireware.nl\/de\/?s={search_term_string}"},"query-input":{"@type":"PropertyValueSpecification","valueRequired":true,"valueName":"search_term_string"}}],"inLanguage":"de"},{"@type":"Organization","@id":"https:\/\/fireware.nl\/de\/#organization","name":"FireWare","url":"https:\/\/fireware.nl\/de\/","logo":{"@type":"ImageObject","inLanguage":"de","@id":"https:\/\/fireware.nl\/de\/#\/schema\/logo\/image\/","url":"https:\/\/fireware.nl\/wp-content\/uploads\/2018\/10\/FireWare-logo.jpg","contentUrl":"https:\/\/fireware.nl\/wp-content\/uploads\/2018\/10\/FireWare-logo.jpg","width":171,"height":70,"caption":"FireWare"},"image":{"@id":"https:\/\/fireware.nl\/de\/#\/schema\/logo\/image\/"},"sameAs":["https:\/\/www.facebook.com\/FireWareBV\/","https:\/\/x.com\/FireWarebv","https:\/\/www.instagram.com\/fireware_nl\/","https:\/\/www.linkedin.com\/company\/3586017\/","https:\/\/www.youtube.com\/user\/firesalesrentconsult"]}]}},"publishpress_future_action":{"enabled":false,"date":"2026-05-12 22:04:37","action":"change-status","newStatus":"draft","terms":[],"taxonomy":"translation_priority","extraData":[]},"publishpress_future_workflow_manual_trigger":{"enabledWorkflows":[]},"_links":{"self":[{"href":"https:\/\/fireware.nl\/de\/wp-json\/wp\/v2\/pages\/2707","targetHints":{"allow":["GET"]}}],"collection":[{"href":"https:\/\/fireware.nl\/de\/wp-json\/wp\/v2\/pages"}],"about":[{"href":"https:\/\/fireware.nl\/de\/wp-json\/wp\/v2\/types\/page"}],"author":[{"embeddable":true,"href":"https:\/\/fireware.nl\/de\/wp-json\/wp\/v2\/users\/2"}],"replies":[{"embeddable":true,"href":"https:\/\/fireware.nl\/de\/wp-json\/wp\/v2\/comments?post=2707"}],"version-history":[{"count":0,"href":"https:\/\/fireware.nl\/de\/wp-json\/wp\/v2\/pages\/2707\/revisions"}],"wp:attachment":[{"href":"https:\/\/fireware.nl\/de\/wp-json\/wp\/v2\/media?parent=2707"}],"curies":[{"name":"wp","href":"https:\/\/api.w.org\/{rel}","templated":true}]}}