
{"id":3243,"date":"2017-08-18T08:42:24","date_gmt":"2017-08-18T08:42:24","guid":{"rendered":"http:\/\/exclusive-it-development.nl\/?page_id=3243"},"modified":"2021-02-23T13:04:52","modified_gmt":"2021-02-23T13:04:52","slug":"roparun","status":"publish","type":"page","link":"https:\/\/fireware.nl\/de\/sozialverantwortung-und-nachhaltigkeit\/roparun\/","title":{"rendered":"Roparun"},"content":{"rendered":"\n\n\t\t\t\t<img decoding=\"async\" src=\"https:\/\/fireware.nl\/wp-content\/uploads\/2017\/06\/FireWare-helpt-Zele-tijdens-de-RopaRun.jpg\" alt=\"FireWare helpt Zele tijdens de RopaRun\" itemprop=\"image\" title=\"FireWare helpt Zele tijdens de RopaRun\" onerror=\"this.style.display='none'\"  \/>\n\t\n<p>Immer mehr Gemeinden entlang der Roparun-Strecke organisieren diverse Veranstaltungen, um den Durchlauf der Teilnehmer angenehm und gesellig zu gestalten. Den D\u00f6rfern und St\u00e4dten, denen dies am besten gelingt, wird der Status &#8221;Roparunnerstadt&#8221; verliehen und sie erhalten eine erhebliche Geldsumme, die sie f\u00fcr Palliativpflege in der Region verwenden sollen.<\/p>\n<h2>Zele funkelt im Weltraum<\/h2>\n<p>Im Belgischen Zele nimmt man den Empfang der Roparunners sehr ernst. Das ganze Dorf steht im Zeichen eines Themas, und in diesem Jahr lautete das Motto &#8216;Zele funkelt im Weltall.&#8217; Dazu wurde eine echte, sage und schreibe 25 Meter hohe Replik der Apollo 11 nachgebaut. Man simulierte sogar einen Start mit 4 horizontal platzierten&#8217;Cumulus Rauchmaschinen&#8217;und Feuerglutspots.<\/p>\n<p>Ein fantastischer DJ sorgte f\u00fcr eine tolle Stimmung in Zele. Hunderte Menschen jubelten den Roparunners w\u00e4hrend ihres Durchlaufs zu. Ein nettes Detail war, dass der B\u00fcrgermeister und die Sch\u00f6ffen die ganze Nacht hindurch ganz vorn standen. Den drei Teams aus Zele sang der Musical-Star Jurgen Stein live zu, es gab einen gro\u00dfen Bildschirm, Stelzenl\u00e4ufer, Marsm\u00e4nnchen und diverse Podien&#8217;. Alles wurde getan, um den L\u00e4ufern einen gro\u00dfen Anschub zu geben, damit sie die Nacht durch laufen konnten.<\/p>\n<h2>Man arbeitet nicht allein zusammen<\/h2>\n<p>Unter der beseelenden Leitung der Feuerwehr Zele wird alles unternommen, um den Lauf jedes Jahr wieder zu einem fantastischen Event zu machen.<\/p>\n<p>Seit 2008 unterst\u00fctzt FireWare die lokalen Helfer beim Ausleuchten des Dorfplatzes und der Installation diverser Effekte. In diesem Jahr waren auch Mitarbeiter von JE-BHV und ProFhire anwesend, um ebenfalls einen Beitrag zu leisten. Evelements sorgte daf\u00fcr, dass gen\u00fcgend Scheinwerfer vorhanden waren.<\/p>\n<p>Die Ausleuchtung des Dorfplatzes ist allerdings nur ein kleiner Teil von all dem, was passiert, w\u00e4hrend der Roparun durch das Dorf zieht. Es ist sehr inspirierend, wenn man sieht, wie sich so viele Menschen mit so viel Energie auf so viele verschiedene Arten selbstlos f\u00fcr den Roparun engagieren. Hierzu beitragen zu d\u00fcrfen, bedeutet eine gro\u00dfe Ehre.<\/p>\n<h2>Videos:<\/h2>\n<em><br \/>\n<\/em><a href=\"http:\/\/www.tvoost.be\/nieuws\/brandweer-zele-bouwt-reuzeraket-voor-doortocht-roparun-28955\">http:\/\/www.tvoost.be\/nieuws\/brandweer-zele-bouwt-reuzeraket-voor-doortocht-roparun-28955<\/a><br \/>\n<a href=\"http:\/\/www.tvoost.be\/nieuws\/zele-weer-vol-voor-titel-va-roparunstad-29049\">http:\/\/www.tvoost.be\/nieuws\/zele-weer-vol-voor-titel-va-roparunstad-29049<\/a><br \/>\n<a href=\"http:\/\/www.tvoost.be\/nieuws\/zele-op-zijn-kop-tijdens-doortocht-roparun-29035\">http:\/\/www.tvoost.be\/nieuws\/zele-op-zijn-kop-tijdens-doortocht-roparun-29035<\/a>\n<p>&nbsp;<\/p>\n\t\n\t\n\n","protected":false},"excerpt":{"rendered":"<p>Immer mehr Gemeinden entlang der Roparun-Strecke organisieren diverse Veranstaltungen, um den Durchlauf der Teilnehmer angenehm und gesellig zu gestalten. Den<span class=\"excerpt-ellipsis\">&#8230;<\/span><\/p>\n","protected":false},"author":2,"featured_media":0,"parent":2620,"menu_order":0,"comment_status":"closed","ping_status":"closed","template":"","meta":{"footnotes":""},"class_list":["post-3243","page","type-page","status-publish","hentry"],"yoast_head":"<!-- This site is optimized with the Yoast SEO plugin v27.5 - https:\/\/yoast.com\/product\/yoast-seo-wordpress\/ -->\n<title>Roparun - FireWare<\/title>\n<meta name=\"robots\" content=\"index, follow, max-snippet:-1, max-image-preview:large, max-video-preview:-1\" \/>\n<link rel=\"canonical\" href=\"https:\/\/fireware.nl\/de\/sozialverantwortung-und-nachhaltigkeit\/roparun\/\" \/>\n<meta property=\"og:locale\" content=\"de_DE\" \/>\n<meta property=\"og:type\" content=\"article\" \/>\n<meta property=\"og:title\" content=\"Roparun - FireWare\" \/>\n<meta property=\"og:description\" content=\"Immer mehr Gemeinden entlang der Roparun-Strecke organisieren diverse Veranstaltungen, um den Durchlauf der Teilnehmer angenehm und gesellig zu gestalten. Den...\" \/>\n<meta property=\"og:url\" content=\"https:\/\/fireware.nl\/de\/sozialverantwortung-und-nachhaltigkeit\/roparun\/\" \/>\n<meta property=\"og:site_name\" content=\"FireWare\" \/>\n<meta property=\"article:publisher\" content=\"https:\/\/www.facebook.com\/FireWareBV\/\" \/>\n<meta property=\"article:modified_time\" content=\"2021-02-23T13:04:52+00:00\" \/>\n<meta property=\"og:image\" content=\"https:\/\/fireware.nl\/wp-content\/uploads\/2017\/06\/FireWare-helpt-Zele-tijdens-de-RopaRun.jpg\" \/>\n<meta name=\"twitter:card\" content=\"summary_large_image\" \/>\n<meta name=\"twitter:site\" content=\"@FireWarebv\" \/>\n<meta name=\"twitter:label1\" content=\"Gesch\u00e4tzte Lesezeit\" \/>\n\t<meta name=\"twitter:data1\" content=\"2\u00a0Minuten\" \/>\n<script type=\"application\/ld+json\" class=\"yoast-schema-graph\">{\"@context\":\"https:\\\/\\\/schema.org\",\"@graph\":[{\"@type\":\"WebPage\",\"@id\":\"https:\\\/\\\/fireware.nl\\\/de\\\/sozialverantwortung-und-nachhaltigkeit\\\/roparun\\\/\",\"url\":\"https:\\\/\\\/fireware.nl\\\/de\\\/sozialverantwortung-und-nachhaltigkeit\\\/roparun\\\/\",\"name\":\"Roparun - FireWare\",\"isPartOf\":{\"@id\":\"https:\\\/\\\/fireware.nl\\\/de\\\/#website\"},\"primaryImageOfPage\":{\"@id\":\"https:\\\/\\\/fireware.nl\\\/de\\\/sozialverantwortung-und-nachhaltigkeit\\\/roparun\\\/#primaryimage\"},\"image\":{\"@id\":\"https:\\\/\\\/fireware.nl\\\/de\\\/sozialverantwortung-und-nachhaltigkeit\\\/roparun\\\/#primaryimage\"},\"thumbnailUrl\":\"https:\\\/\\\/fireware.nl\\\/wp-content\\\/uploads\\\/2017\\\/06\\\/FireWare-helpt-Zele-tijdens-de-RopaRun.jpg\",\"datePublished\":\"2017-08-18T08:42:24+00:00\",\"dateModified\":\"2021-02-23T13:04:52+00:00\",\"breadcrumb\":{\"@id\":\"https:\\\/\\\/fireware.nl\\\/de\\\/sozialverantwortung-und-nachhaltigkeit\\\/roparun\\\/#breadcrumb\"},\"inLanguage\":\"de\",\"potentialAction\":[{\"@type\":\"ReadAction\",\"target\":[\"https:\\\/\\\/fireware.nl\\\/de\\\/sozialverantwortung-und-nachhaltigkeit\\\/roparun\\\/\"]}]},{\"@type\":\"ImageObject\",\"inLanguage\":\"de\",\"@id\":\"https:\\\/\\\/fireware.nl\\\/de\\\/sozialverantwortung-und-nachhaltigkeit\\\/roparun\\\/#primaryimage\",\"url\":\"https:\\\/\\\/fireware.nl\\\/wp-content\\\/uploads\\\/2017\\\/06\\\/FireWare-helpt-Zele-tijdens-de-RopaRun.jpg\",\"contentUrl\":\"https:\\\/\\\/fireware.nl\\\/wp-content\\\/uploads\\\/2017\\\/06\\\/FireWare-helpt-Zele-tijdens-de-RopaRun.jpg\"},{\"@type\":\"BreadcrumbList\",\"@id\":\"https:\\\/\\\/fireware.nl\\\/de\\\/sozialverantwortung-und-nachhaltigkeit\\\/roparun\\\/#breadcrumb\",\"itemListElement\":[{\"@type\":\"ListItem\",\"position\":1,\"name\":\"Home\",\"item\":\"https:\\\/\\\/fireware.nl\\\/de\\\/\"},{\"@type\":\"ListItem\",\"position\":2,\"name\":\"Sozialverantwortung und Nachhaltigkeit\",\"item\":\"https:\\\/\\\/fireware.nl\\\/de\\\/sozialverantwortung-und-nachhaltigkeit\\\/\"},{\"@type\":\"ListItem\",\"position\":3,\"name\":\"Roparun\"}]},{\"@type\":\"WebSite\",\"@id\":\"https:\\\/\\\/fireware.nl\\\/de\\\/#website\",\"url\":\"https:\\\/\\\/fireware.nl\\\/de\\\/\",\"name\":\"FireWare\",\"description\":\"CREATING REALISTIC  TRAINING ENVIRONMENTS\",\"publisher\":{\"@id\":\"https:\\\/\\\/fireware.nl\\\/de\\\/#organization\"},\"potentialAction\":[{\"@type\":\"SearchAction\",\"target\":{\"@type\":\"EntryPoint\",\"urlTemplate\":\"https:\\\/\\\/fireware.nl\\\/de\\\/?s={search_term_string}\"},\"query-input\":{\"@type\":\"PropertyValueSpecification\",\"valueRequired\":true,\"valueName\":\"search_term_string\"}}],\"inLanguage\":\"de\"},{\"@type\":\"Organization\",\"@id\":\"https:\\\/\\\/fireware.nl\\\/de\\\/#organization\",\"name\":\"FireWare\",\"url\":\"https:\\\/\\\/fireware.nl\\\/de\\\/\",\"logo\":{\"@type\":\"ImageObject\",\"inLanguage\":\"de\",\"@id\":\"https:\\\/\\\/fireware.nl\\\/de\\\/#\\\/schema\\\/logo\\\/image\\\/\",\"url\":\"https:\\\/\\\/fireware.nl\\\/wp-content\\\/uploads\\\/2018\\\/10\\\/FireWare-logo.jpg\",\"contentUrl\":\"https:\\\/\\\/fireware.nl\\\/wp-content\\\/uploads\\\/2018\\\/10\\\/FireWare-logo.jpg\",\"width\":171,\"height\":70,\"caption\":\"FireWare\"},\"image\":{\"@id\":\"https:\\\/\\\/fireware.nl\\\/de\\\/#\\\/schema\\\/logo\\\/image\\\/\"},\"sameAs\":[\"https:\\\/\\\/www.facebook.com\\\/FireWareBV\\\/\",\"https:\\\/\\\/x.com\\\/FireWarebv\",\"https:\\\/\\\/www.instagram.com\\\/fireware_nl\\\/\",\"https:\\\/\\\/www.linkedin.com\\\/company\\\/3586017\\\/\",\"https:\\\/\\\/www.youtube.com\\\/user\\\/firesalesrentconsult\"]}]}<\/script>\n<!-- \/ Yoast SEO plugin. -->","yoast_head_json":{"title":"Roparun - FireWare","robots":{"index":"index","follow":"follow","max-snippet":"max-snippet:-1","max-image-preview":"max-image-preview:large","max-video-preview":"max-video-preview:-1"},"canonical":"https:\/\/fireware.nl\/de\/sozialverantwortung-und-nachhaltigkeit\/roparun\/","og_locale":"de_DE","og_type":"article","og_title":"Roparun - FireWare","og_description":"Immer mehr Gemeinden entlang der Roparun-Strecke organisieren diverse Veranstaltungen, um den Durchlauf der Teilnehmer angenehm und gesellig zu gestalten. Den...","og_url":"https:\/\/fireware.nl\/de\/sozialverantwortung-und-nachhaltigkeit\/roparun\/","og_site_name":"FireWare","article_publisher":"https:\/\/www.facebook.com\/FireWareBV\/","article_modified_time":"2021-02-23T13:04:52+00:00","og_image":[{"url":"https:\/\/fireware.nl\/wp-content\/uploads\/2017\/06\/FireWare-helpt-Zele-tijdens-de-RopaRun.jpg","type":"","width":"","height":""}],"twitter_card":"summary_large_image","twitter_site":"@FireWarebv","twitter_misc":{"Gesch\u00e4tzte Lesezeit":"2\u00a0Minuten"},"schema":{"@context":"https:\/\/schema.org","@graph":[{"@type":"WebPage","@id":"https:\/\/fireware.nl\/de\/sozialverantwortung-und-nachhaltigkeit\/roparun\/","url":"https:\/\/fireware.nl\/de\/sozialverantwortung-und-nachhaltigkeit\/roparun\/","name":"Roparun - FireWare","isPartOf":{"@id":"https:\/\/fireware.nl\/de\/#website"},"primaryImageOfPage":{"@id":"https:\/\/fireware.nl\/de\/sozialverantwortung-und-nachhaltigkeit\/roparun\/#primaryimage"},"image":{"@id":"https:\/\/fireware.nl\/de\/sozialverantwortung-und-nachhaltigkeit\/roparun\/#primaryimage"},"thumbnailUrl":"https:\/\/fireware.nl\/wp-content\/uploads\/2017\/06\/FireWare-helpt-Zele-tijdens-de-RopaRun.jpg","datePublished":"2017-08-18T08:42:24+00:00","dateModified":"2021-02-23T13:04:52+00:00","breadcrumb":{"@id":"https:\/\/fireware.nl\/de\/sozialverantwortung-und-nachhaltigkeit\/roparun\/#breadcrumb"},"inLanguage":"de","potentialAction":[{"@type":"ReadAction","target":["https:\/\/fireware.nl\/de\/sozialverantwortung-und-nachhaltigkeit\/roparun\/"]}]},{"@type":"ImageObject","inLanguage":"de","@id":"https:\/\/fireware.nl\/de\/sozialverantwortung-und-nachhaltigkeit\/roparun\/#primaryimage","url":"https:\/\/fireware.nl\/wp-content\/uploads\/2017\/06\/FireWare-helpt-Zele-tijdens-de-RopaRun.jpg","contentUrl":"https:\/\/fireware.nl\/wp-content\/uploads\/2017\/06\/FireWare-helpt-Zele-tijdens-de-RopaRun.jpg"},{"@type":"BreadcrumbList","@id":"https:\/\/fireware.nl\/de\/sozialverantwortung-und-nachhaltigkeit\/roparun\/#breadcrumb","itemListElement":[{"@type":"ListItem","position":1,"name":"Home","item":"https:\/\/fireware.nl\/de\/"},{"@type":"ListItem","position":2,"name":"Sozialverantwortung und Nachhaltigkeit","item":"https:\/\/fireware.nl\/de\/sozialverantwortung-und-nachhaltigkeit\/"},{"@type":"ListItem","position":3,"name":"Roparun"}]},{"@type":"WebSite","@id":"https:\/\/fireware.nl\/de\/#website","url":"https:\/\/fireware.nl\/de\/","name":"FireWare","description":"CREATING REALISTIC  TRAINING ENVIRONMENTS","publisher":{"@id":"https:\/\/fireware.nl\/de\/#organization"},"potentialAction":[{"@type":"SearchAction","target":{"@type":"EntryPoint","urlTemplate":"https:\/\/fireware.nl\/de\/?s={search_term_string}"},"query-input":{"@type":"PropertyValueSpecification","valueRequired":true,"valueName":"search_term_string"}}],"inLanguage":"de"},{"@type":"Organization","@id":"https:\/\/fireware.nl\/de\/#organization","name":"FireWare","url":"https:\/\/fireware.nl\/de\/","logo":{"@type":"ImageObject","inLanguage":"de","@id":"https:\/\/fireware.nl\/de\/#\/schema\/logo\/image\/","url":"https:\/\/fireware.nl\/wp-content\/uploads\/2018\/10\/FireWare-logo.jpg","contentUrl":"https:\/\/fireware.nl\/wp-content\/uploads\/2018\/10\/FireWare-logo.jpg","width":171,"height":70,"caption":"FireWare"},"image":{"@id":"https:\/\/fireware.nl\/de\/#\/schema\/logo\/image\/"},"sameAs":["https:\/\/www.facebook.com\/FireWareBV\/","https:\/\/x.com\/FireWarebv","https:\/\/www.instagram.com\/fireware_nl\/","https:\/\/www.linkedin.com\/company\/3586017\/","https:\/\/www.youtube.com\/user\/firesalesrentconsult"]}]}},"publishpress_future_action":{"enabled":false,"date":"2026-05-12 21:32:39","action":"change-status","newStatus":"draft","terms":[],"taxonomy":"translation_priority","extraData":[]},"publishpress_future_workflow_manual_trigger":{"enabledWorkflows":[]},"_links":{"self":[{"href":"https:\/\/fireware.nl\/de\/wp-json\/wp\/v2\/pages\/3243","targetHints":{"allow":["GET"]}}],"collection":[{"href":"https:\/\/fireware.nl\/de\/wp-json\/wp\/v2\/pages"}],"about":[{"href":"https:\/\/fireware.nl\/de\/wp-json\/wp\/v2\/types\/page"}],"author":[{"embeddable":true,"href":"https:\/\/fireware.nl\/de\/wp-json\/wp\/v2\/users\/2"}],"replies":[{"embeddable":true,"href":"https:\/\/fireware.nl\/de\/wp-json\/wp\/v2\/comments?post=3243"}],"version-history":[{"count":0,"href":"https:\/\/fireware.nl\/de\/wp-json\/wp\/v2\/pages\/3243\/revisions"}],"up":[{"embeddable":true,"href":"https:\/\/fireware.nl\/de\/wp-json\/wp\/v2\/pages\/2620"}],"wp:attachment":[{"href":"https:\/\/fireware.nl\/de\/wp-json\/wp\/v2\/media?parent=3243"}],"curies":[{"name":"wp","href":"https:\/\/api.w.org\/{rel}","templated":true}]}}