
{"id":3253,"date":"2017-08-18T09:12:03","date_gmt":"2017-08-18T09:12:03","guid":{"rendered":"http:\/\/exclusive-it-development.nl\/?page_id=3253"},"modified":"2019-02-26T09:21:21","modified_gmt":"2019-02-26T09:21:21","slug":"besitz-oder-gebrauch","status":"publish","type":"page","link":"https:\/\/fireware.nl\/de\/sozialverantwortung-und-nachhaltigkeit\/besitz-oder-gebrauch\/","title":{"rendered":"Besitz oder Gebrauch?"},"content":{"rendered":"\n\t\t\t\t<img decoding=\"async\" src=\"https:\/\/fireware.nl\/wp-content\/uploads\/2019\/02\/Huur-of-koop.jpg\" alt=\"Huur of koop\" itemprop=\"image\" title=\"Huur of koop\" onerror=\"this.style.display='none'\"  \/>\n\t<h1>Besitz oder Gebrauch?<\/h1>\n<p>Es ist nicht immer erforderlich, ein spezifisches Inszenierungsmittel zu besitzen. Bestimmte Sonder\u00fcbungsmaterialien sind beispielsweise einmal pro Jahr erforderlich. Mieten ist dann eine interessante Alternative zum Besitz (und der Verwaltung) dieses \u00dcbungsmaterials.<\/p>\n<p>FireWare stellt verschiedene \u00dcbungsmaterialien im Rahmen eines Verleihs zur Verf\u00fcgung. In manchen F\u00e4llen eine nachhaltige Alternative zu einer Anschaffung!<\/p>\n","protected":false},"excerpt":{"rendered":"<p>Besitz oder Gebrauch? Es ist nicht immer erforderlich, ein spezifisches Inszenierungsmittel zu besitzen. Bestimmte Sonder\u00fcbungsmaterialien sind beispielsweise einmal pro Jahr<span class=\"excerpt-ellipsis\">&#8230;<\/span><\/p>\n","protected":false},"author":2,"featured_media":0,"parent":2620,"menu_order":0,"comment_status":"closed","ping_status":"closed","template":"","meta":{"footnotes":""},"class_list":["post-3253","page","type-page","status-publish","hentry"],"yoast_head":"<!-- This site is optimized with the Yoast SEO plugin v27.5 - https:\/\/yoast.com\/product\/yoast-seo-wordpress\/ -->\n<title>Besitz oder Gebrauch? - FireWare<\/title>\n<meta name=\"robots\" content=\"index, follow, max-snippet:-1, max-image-preview:large, max-video-preview:-1\" \/>\n<link rel=\"canonical\" href=\"https:\/\/fireware.nl\/de\/sozialverantwortung-und-nachhaltigkeit\/besitz-oder-gebrauch\/\" \/>\n<meta property=\"og:locale\" content=\"de_DE\" \/>\n<meta property=\"og:type\" content=\"article\" \/>\n<meta property=\"og:title\" content=\"Besitz oder Gebrauch? - FireWare\" \/>\n<meta property=\"og:description\" content=\"Besitz oder Gebrauch? Es ist nicht immer erforderlich, ein spezifisches Inszenierungsmittel zu besitzen. Bestimmte Sonder\u00fcbungsmaterialien sind beispielsweise einmal pro Jahr...\" \/>\n<meta property=\"og:url\" content=\"https:\/\/fireware.nl\/de\/sozialverantwortung-und-nachhaltigkeit\/besitz-oder-gebrauch\/\" \/>\n<meta property=\"og:site_name\" content=\"FireWare\" \/>\n<meta property=\"article:publisher\" content=\"https:\/\/www.facebook.com\/FireWareBV\/\" \/>\n<meta property=\"article:modified_time\" content=\"2019-02-26T09:21:21+00:00\" \/>\n<meta property=\"og:image\" content=\"https:\/\/fireware.nl\/wp-content\/uploads\/2019\/02\/Huur-of-koop.jpg\" \/>\n<meta name=\"twitter:card\" content=\"summary_large_image\" \/>\n<meta name=\"twitter:site\" content=\"@FireWarebv\" \/>\n<script type=\"application\/ld+json\" class=\"yoast-schema-graph\">{\"@context\":\"https:\\\/\\\/schema.org\",\"@graph\":[{\"@type\":\"WebPage\",\"@id\":\"https:\\\/\\\/fireware.nl\\\/de\\\/sozialverantwortung-und-nachhaltigkeit\\\/besitz-oder-gebrauch\\\/\",\"url\":\"https:\\\/\\\/fireware.nl\\\/de\\\/sozialverantwortung-und-nachhaltigkeit\\\/besitz-oder-gebrauch\\\/\",\"name\":\"Besitz oder Gebrauch? - FireWare\",\"isPartOf\":{\"@id\":\"https:\\\/\\\/fireware.nl\\\/de\\\/#website\"},\"primaryImageOfPage\":{\"@id\":\"https:\\\/\\\/fireware.nl\\\/de\\\/sozialverantwortung-und-nachhaltigkeit\\\/besitz-oder-gebrauch\\\/#primaryimage\"},\"image\":{\"@id\":\"https:\\\/\\\/fireware.nl\\\/de\\\/sozialverantwortung-und-nachhaltigkeit\\\/besitz-oder-gebrauch\\\/#primaryimage\"},\"thumbnailUrl\":\"https:\\\/\\\/fireware.nl\\\/wp-content\\\/uploads\\\/2019\\\/02\\\/Huur-of-koop.jpg\",\"datePublished\":\"2017-08-18T09:12:03+00:00\",\"dateModified\":\"2019-02-26T09:21:21+00:00\",\"breadcrumb\":{\"@id\":\"https:\\\/\\\/fireware.nl\\\/de\\\/sozialverantwortung-und-nachhaltigkeit\\\/besitz-oder-gebrauch\\\/#breadcrumb\"},\"inLanguage\":\"de\",\"potentialAction\":[{\"@type\":\"ReadAction\",\"target\":[\"https:\\\/\\\/fireware.nl\\\/de\\\/sozialverantwortung-und-nachhaltigkeit\\\/besitz-oder-gebrauch\\\/\"]}]},{\"@type\":\"ImageObject\",\"inLanguage\":\"de\",\"@id\":\"https:\\\/\\\/fireware.nl\\\/de\\\/sozialverantwortung-und-nachhaltigkeit\\\/besitz-oder-gebrauch\\\/#primaryimage\",\"url\":\"https:\\\/\\\/fireware.nl\\\/wp-content\\\/uploads\\\/2019\\\/02\\\/Huur-of-koop.jpg\",\"contentUrl\":\"https:\\\/\\\/fireware.nl\\\/wp-content\\\/uploads\\\/2019\\\/02\\\/Huur-of-koop.jpg\"},{\"@type\":\"BreadcrumbList\",\"@id\":\"https:\\\/\\\/fireware.nl\\\/de\\\/sozialverantwortung-und-nachhaltigkeit\\\/besitz-oder-gebrauch\\\/#breadcrumb\",\"itemListElement\":[{\"@type\":\"ListItem\",\"position\":1,\"name\":\"Home\",\"item\":\"https:\\\/\\\/fireware.nl\\\/de\\\/\"},{\"@type\":\"ListItem\",\"position\":2,\"name\":\"Sozialverantwortung und Nachhaltigkeit\",\"item\":\"https:\\\/\\\/fireware.nl\\\/de\\\/sozialverantwortung-und-nachhaltigkeit\\\/\"},{\"@type\":\"ListItem\",\"position\":3,\"name\":\"Besitz oder Gebrauch?\"}]},{\"@type\":\"WebSite\",\"@id\":\"https:\\\/\\\/fireware.nl\\\/de\\\/#website\",\"url\":\"https:\\\/\\\/fireware.nl\\\/de\\\/\",\"name\":\"FireWare\",\"description\":\"CREATING REALISTIC  TRAINING ENVIRONMENTS\",\"publisher\":{\"@id\":\"https:\\\/\\\/fireware.nl\\\/de\\\/#organization\"},\"potentialAction\":[{\"@type\":\"SearchAction\",\"target\":{\"@type\":\"EntryPoint\",\"urlTemplate\":\"https:\\\/\\\/fireware.nl\\\/de\\\/?s={search_term_string}\"},\"query-input\":{\"@type\":\"PropertyValueSpecification\",\"valueRequired\":true,\"valueName\":\"search_term_string\"}}],\"inLanguage\":\"de\"},{\"@type\":\"Organization\",\"@id\":\"https:\\\/\\\/fireware.nl\\\/de\\\/#organization\",\"name\":\"FireWare\",\"url\":\"https:\\\/\\\/fireware.nl\\\/de\\\/\",\"logo\":{\"@type\":\"ImageObject\",\"inLanguage\":\"de\",\"@id\":\"https:\\\/\\\/fireware.nl\\\/de\\\/#\\\/schema\\\/logo\\\/image\\\/\",\"url\":\"https:\\\/\\\/fireware.nl\\\/wp-content\\\/uploads\\\/2018\\\/10\\\/FireWare-logo.jpg\",\"contentUrl\":\"https:\\\/\\\/fireware.nl\\\/wp-content\\\/uploads\\\/2018\\\/10\\\/FireWare-logo.jpg\",\"width\":171,\"height\":70,\"caption\":\"FireWare\"},\"image\":{\"@id\":\"https:\\\/\\\/fireware.nl\\\/de\\\/#\\\/schema\\\/logo\\\/image\\\/\"},\"sameAs\":[\"https:\\\/\\\/www.facebook.com\\\/FireWareBV\\\/\",\"https:\\\/\\\/x.com\\\/FireWarebv\",\"https:\\\/\\\/www.instagram.com\\\/fireware_nl\\\/\",\"https:\\\/\\\/www.linkedin.com\\\/company\\\/3586017\\\/\",\"https:\\\/\\\/www.youtube.com\\\/user\\\/firesalesrentconsult\"]}]}<\/script>\n<!-- \/ Yoast SEO plugin. -->","yoast_head_json":{"title":"Besitz oder Gebrauch? - FireWare","robots":{"index":"index","follow":"follow","max-snippet":"max-snippet:-1","max-image-preview":"max-image-preview:large","max-video-preview":"max-video-preview:-1"},"canonical":"https:\/\/fireware.nl\/de\/sozialverantwortung-und-nachhaltigkeit\/besitz-oder-gebrauch\/","og_locale":"de_DE","og_type":"article","og_title":"Besitz oder Gebrauch? - FireWare","og_description":"Besitz oder Gebrauch? Es ist nicht immer erforderlich, ein spezifisches Inszenierungsmittel zu besitzen. Bestimmte Sonder\u00fcbungsmaterialien sind beispielsweise einmal pro Jahr...","og_url":"https:\/\/fireware.nl\/de\/sozialverantwortung-und-nachhaltigkeit\/besitz-oder-gebrauch\/","og_site_name":"FireWare","article_publisher":"https:\/\/www.facebook.com\/FireWareBV\/","article_modified_time":"2019-02-26T09:21:21+00:00","og_image":[{"url":"https:\/\/fireware.nl\/wp-content\/uploads\/2019\/02\/Huur-of-koop.jpg","type":"","width":"","height":""}],"twitter_card":"summary_large_image","twitter_site":"@FireWarebv","schema":{"@context":"https:\/\/schema.org","@graph":[{"@type":"WebPage","@id":"https:\/\/fireware.nl\/de\/sozialverantwortung-und-nachhaltigkeit\/besitz-oder-gebrauch\/","url":"https:\/\/fireware.nl\/de\/sozialverantwortung-und-nachhaltigkeit\/besitz-oder-gebrauch\/","name":"Besitz oder Gebrauch? - FireWare","isPartOf":{"@id":"https:\/\/fireware.nl\/de\/#website"},"primaryImageOfPage":{"@id":"https:\/\/fireware.nl\/de\/sozialverantwortung-und-nachhaltigkeit\/besitz-oder-gebrauch\/#primaryimage"},"image":{"@id":"https:\/\/fireware.nl\/de\/sozialverantwortung-und-nachhaltigkeit\/besitz-oder-gebrauch\/#primaryimage"},"thumbnailUrl":"https:\/\/fireware.nl\/wp-content\/uploads\/2019\/02\/Huur-of-koop.jpg","datePublished":"2017-08-18T09:12:03+00:00","dateModified":"2019-02-26T09:21:21+00:00","breadcrumb":{"@id":"https:\/\/fireware.nl\/de\/sozialverantwortung-und-nachhaltigkeit\/besitz-oder-gebrauch\/#breadcrumb"},"inLanguage":"de","potentialAction":[{"@type":"ReadAction","target":["https:\/\/fireware.nl\/de\/sozialverantwortung-und-nachhaltigkeit\/besitz-oder-gebrauch\/"]}]},{"@type":"ImageObject","inLanguage":"de","@id":"https:\/\/fireware.nl\/de\/sozialverantwortung-und-nachhaltigkeit\/besitz-oder-gebrauch\/#primaryimage","url":"https:\/\/fireware.nl\/wp-content\/uploads\/2019\/02\/Huur-of-koop.jpg","contentUrl":"https:\/\/fireware.nl\/wp-content\/uploads\/2019\/02\/Huur-of-koop.jpg"},{"@type":"BreadcrumbList","@id":"https:\/\/fireware.nl\/de\/sozialverantwortung-und-nachhaltigkeit\/besitz-oder-gebrauch\/#breadcrumb","itemListElement":[{"@type":"ListItem","position":1,"name":"Home","item":"https:\/\/fireware.nl\/de\/"},{"@type":"ListItem","position":2,"name":"Sozialverantwortung und Nachhaltigkeit","item":"https:\/\/fireware.nl\/de\/sozialverantwortung-und-nachhaltigkeit\/"},{"@type":"ListItem","position":3,"name":"Besitz oder Gebrauch?"}]},{"@type":"WebSite","@id":"https:\/\/fireware.nl\/de\/#website","url":"https:\/\/fireware.nl\/de\/","name":"FireWare","description":"CREATING REALISTIC  TRAINING ENVIRONMENTS","publisher":{"@id":"https:\/\/fireware.nl\/de\/#organization"},"potentialAction":[{"@type":"SearchAction","target":{"@type":"EntryPoint","urlTemplate":"https:\/\/fireware.nl\/de\/?s={search_term_string}"},"query-input":{"@type":"PropertyValueSpecification","valueRequired":true,"valueName":"search_term_string"}}],"inLanguage":"de"},{"@type":"Organization","@id":"https:\/\/fireware.nl\/de\/#organization","name":"FireWare","url":"https:\/\/fireware.nl\/de\/","logo":{"@type":"ImageObject","inLanguage":"de","@id":"https:\/\/fireware.nl\/de\/#\/schema\/logo\/image\/","url":"https:\/\/fireware.nl\/wp-content\/uploads\/2018\/10\/FireWare-logo.jpg","contentUrl":"https:\/\/fireware.nl\/wp-content\/uploads\/2018\/10\/FireWare-logo.jpg","width":171,"height":70,"caption":"FireWare"},"image":{"@id":"https:\/\/fireware.nl\/de\/#\/schema\/logo\/image\/"},"sameAs":["https:\/\/www.facebook.com\/FireWareBV\/","https:\/\/x.com\/FireWarebv","https:\/\/www.instagram.com\/fireware_nl\/","https:\/\/www.linkedin.com\/company\/3586017\/","https:\/\/www.youtube.com\/user\/firesalesrentconsult"]}]}},"publishpress_future_action":{"enabled":false,"date":"2026-05-12 22:25:20","action":"change-status","newStatus":"draft","terms":[],"taxonomy":"translation_priority","extraData":[]},"publishpress_future_workflow_manual_trigger":{"enabledWorkflows":[]},"_links":{"self":[{"href":"https:\/\/fireware.nl\/de\/wp-json\/wp\/v2\/pages\/3253","targetHints":{"allow":["GET"]}}],"collection":[{"href":"https:\/\/fireware.nl\/de\/wp-json\/wp\/v2\/pages"}],"about":[{"href":"https:\/\/fireware.nl\/de\/wp-json\/wp\/v2\/types\/page"}],"author":[{"embeddable":true,"href":"https:\/\/fireware.nl\/de\/wp-json\/wp\/v2\/users\/2"}],"replies":[{"embeddable":true,"href":"https:\/\/fireware.nl\/de\/wp-json\/wp\/v2\/comments?post=3253"}],"version-history":[{"count":0,"href":"https:\/\/fireware.nl\/de\/wp-json\/wp\/v2\/pages\/3253\/revisions"}],"up":[{"embeddable":true,"href":"https:\/\/fireware.nl\/de\/wp-json\/wp\/v2\/pages\/2620"}],"wp:attachment":[{"href":"https:\/\/fireware.nl\/de\/wp-json\/wp\/v2\/media?parent=3253"}],"curies":[{"name":"wp","href":"https:\/\/api.w.org\/{rel}","templated":true}]}}