
{"id":3257,"date":"2017-08-18T09:14:46","date_gmt":"2017-08-18T09:14:46","guid":{"rendered":"http:\/\/exclusive-it-development.nl\/?page_id=3257"},"modified":"2019-02-26T08:29:33","modified_gmt":"2019-02-26T08:29:33","slug":"distanz-zum-arbeitsmarkt","status":"publish","type":"page","link":"https:\/\/fireware.nl\/de\/sozialverantwortung-und-nachhaltigkeit\/distanz-zum-arbeitsmarkt\/","title":{"rendered":"Distanz zum Arbeitsmarkt"},"content":{"rendered":"\n\t\t\t\t<img decoding=\"async\" src=\"https:\/\/fireware.nl\/wp-content\/uploads\/2019\/02\/Knetterkast.jpg\" alt=\"Knetterkast\" itemprop=\"image\" title=\"Knetterkast\" onerror=\"this.style.display='none'\"  \/>\n\t<p>Innerhalb der Produktionsprozesse von FireWare findet viel Montagearbeit statt. Diese Arbeit kann gut von Menschen mit einer sprichw\u00f6rtlichen &#8220;Distanz zum Arbeitsmarkt&#8221; get\u00e4tigt werden. Soci-com in Enkhuizen hat sich als ein idealer &#8211; lokaler &#8211; Partner f\u00fcr FireWare erwiesen. Dieser Partner hat eine gute Formel, um hervorragende Qualit\u00e4t zu liefern und gleichzeitig daf\u00fcr zu sorgen, dass den Menschen, die anderweitig keine Stelle bekommen, eine sch\u00f6ne Chance auf dem Arbeitsmarkt geboten wird. Und daran m\u00f6chte FireWare gerne mitarbeiten!!<\/p>\n","protected":false},"excerpt":{"rendered":"<p>Innerhalb der Produktionsprozesse von FireWare findet viel Montagearbeit statt. Diese Arbeit kann gut von Menschen mit einer sprichw\u00f6rtlichen &#8220;Distanz zum<span class=\"excerpt-ellipsis\">&#8230;<\/span><\/p>\n","protected":false},"author":2,"featured_media":0,"parent":2620,"menu_order":0,"comment_status":"closed","ping_status":"closed","template":"","meta":{"footnotes":""},"class_list":["post-3257","page","type-page","status-publish","hentry"],"yoast_head":"<!-- This site is optimized with the Yoast SEO plugin v27.5 - https:\/\/yoast.com\/product\/yoast-seo-wordpress\/ -->\n<title>Distanz zum Arbeitsmarkt - FireWare<\/title>\n<meta name=\"robots\" content=\"index, follow, max-snippet:-1, max-image-preview:large, max-video-preview:-1\" \/>\n<link rel=\"canonical\" href=\"https:\/\/fireware.nl\/de\/sozialverantwortung-und-nachhaltigkeit\/distanz-zum-arbeitsmarkt\/\" \/>\n<meta property=\"og:locale\" content=\"de_DE\" \/>\n<meta property=\"og:type\" content=\"article\" \/>\n<meta property=\"og:title\" content=\"Distanz zum Arbeitsmarkt - FireWare\" \/>\n<meta property=\"og:description\" content=\"Innerhalb der Produktionsprozesse von FireWare findet viel Montagearbeit statt. Diese Arbeit kann gut von Menschen mit einer sprichw\u00f6rtlichen &#8220;Distanz zum...\" \/>\n<meta property=\"og:url\" content=\"https:\/\/fireware.nl\/de\/sozialverantwortung-und-nachhaltigkeit\/distanz-zum-arbeitsmarkt\/\" \/>\n<meta property=\"og:site_name\" content=\"FireWare\" \/>\n<meta property=\"article:publisher\" content=\"https:\/\/www.facebook.com\/FireWareBV\/\" \/>\n<meta property=\"article:modified_time\" content=\"2019-02-26T08:29:33+00:00\" \/>\n<meta property=\"og:image\" content=\"https:\/\/fireware.nl\/wp-content\/uploads\/2019\/02\/Knetterkast.jpg\" \/>\n<meta name=\"twitter:card\" content=\"summary_large_image\" \/>\n<meta name=\"twitter:site\" content=\"@FireWarebv\" \/>\n<script type=\"application\/ld+json\" class=\"yoast-schema-graph\">{\"@context\":\"https:\\\/\\\/schema.org\",\"@graph\":[{\"@type\":\"WebPage\",\"@id\":\"https:\\\/\\\/fireware.nl\\\/de\\\/sozialverantwortung-und-nachhaltigkeit\\\/distanz-zum-arbeitsmarkt\\\/\",\"url\":\"https:\\\/\\\/fireware.nl\\\/de\\\/sozialverantwortung-und-nachhaltigkeit\\\/distanz-zum-arbeitsmarkt\\\/\",\"name\":\"Distanz zum Arbeitsmarkt - FireWare\",\"isPartOf\":{\"@id\":\"https:\\\/\\\/fireware.nl\\\/de\\\/#website\"},\"primaryImageOfPage\":{\"@id\":\"https:\\\/\\\/fireware.nl\\\/de\\\/sozialverantwortung-und-nachhaltigkeit\\\/distanz-zum-arbeitsmarkt\\\/#primaryimage\"},\"image\":{\"@id\":\"https:\\\/\\\/fireware.nl\\\/de\\\/sozialverantwortung-und-nachhaltigkeit\\\/distanz-zum-arbeitsmarkt\\\/#primaryimage\"},\"thumbnailUrl\":\"https:\\\/\\\/fireware.nl\\\/wp-content\\\/uploads\\\/2019\\\/02\\\/Knetterkast.jpg\",\"datePublished\":\"2017-08-18T09:14:46+00:00\",\"dateModified\":\"2019-02-26T08:29:33+00:00\",\"breadcrumb\":{\"@id\":\"https:\\\/\\\/fireware.nl\\\/de\\\/sozialverantwortung-und-nachhaltigkeit\\\/distanz-zum-arbeitsmarkt\\\/#breadcrumb\"},\"inLanguage\":\"de\",\"potentialAction\":[{\"@type\":\"ReadAction\",\"target\":[\"https:\\\/\\\/fireware.nl\\\/de\\\/sozialverantwortung-und-nachhaltigkeit\\\/distanz-zum-arbeitsmarkt\\\/\"]}]},{\"@type\":\"ImageObject\",\"inLanguage\":\"de\",\"@id\":\"https:\\\/\\\/fireware.nl\\\/de\\\/sozialverantwortung-und-nachhaltigkeit\\\/distanz-zum-arbeitsmarkt\\\/#primaryimage\",\"url\":\"https:\\\/\\\/fireware.nl\\\/wp-content\\\/uploads\\\/2019\\\/02\\\/Knetterkast.jpg\",\"contentUrl\":\"https:\\\/\\\/fireware.nl\\\/wp-content\\\/uploads\\\/2019\\\/02\\\/Knetterkast.jpg\"},{\"@type\":\"BreadcrumbList\",\"@id\":\"https:\\\/\\\/fireware.nl\\\/de\\\/sozialverantwortung-und-nachhaltigkeit\\\/distanz-zum-arbeitsmarkt\\\/#breadcrumb\",\"itemListElement\":[{\"@type\":\"ListItem\",\"position\":1,\"name\":\"Home\",\"item\":\"https:\\\/\\\/fireware.nl\\\/de\\\/\"},{\"@type\":\"ListItem\",\"position\":2,\"name\":\"Sozialverantwortung und Nachhaltigkeit\",\"item\":\"https:\\\/\\\/fireware.nl\\\/de\\\/sozialverantwortung-und-nachhaltigkeit\\\/\"},{\"@type\":\"ListItem\",\"position\":3,\"name\":\"Distanz zum Arbeitsmarkt\"}]},{\"@type\":\"WebSite\",\"@id\":\"https:\\\/\\\/fireware.nl\\\/de\\\/#website\",\"url\":\"https:\\\/\\\/fireware.nl\\\/de\\\/\",\"name\":\"FireWare\",\"description\":\"CREATING REALISTIC  TRAINING ENVIRONMENTS\",\"publisher\":{\"@id\":\"https:\\\/\\\/fireware.nl\\\/de\\\/#organization\"},\"potentialAction\":[{\"@type\":\"SearchAction\",\"target\":{\"@type\":\"EntryPoint\",\"urlTemplate\":\"https:\\\/\\\/fireware.nl\\\/de\\\/?s={search_term_string}\"},\"query-input\":{\"@type\":\"PropertyValueSpecification\",\"valueRequired\":true,\"valueName\":\"search_term_string\"}}],\"inLanguage\":\"de\"},{\"@type\":\"Organization\",\"@id\":\"https:\\\/\\\/fireware.nl\\\/de\\\/#organization\",\"name\":\"FireWare\",\"url\":\"https:\\\/\\\/fireware.nl\\\/de\\\/\",\"logo\":{\"@type\":\"ImageObject\",\"inLanguage\":\"de\",\"@id\":\"https:\\\/\\\/fireware.nl\\\/de\\\/#\\\/schema\\\/logo\\\/image\\\/\",\"url\":\"https:\\\/\\\/fireware.nl\\\/wp-content\\\/uploads\\\/2018\\\/10\\\/FireWare-logo.jpg\",\"contentUrl\":\"https:\\\/\\\/fireware.nl\\\/wp-content\\\/uploads\\\/2018\\\/10\\\/FireWare-logo.jpg\",\"width\":171,\"height\":70,\"caption\":\"FireWare\"},\"image\":{\"@id\":\"https:\\\/\\\/fireware.nl\\\/de\\\/#\\\/schema\\\/logo\\\/image\\\/\"},\"sameAs\":[\"https:\\\/\\\/www.facebook.com\\\/FireWareBV\\\/\",\"https:\\\/\\\/x.com\\\/FireWarebv\",\"https:\\\/\\\/www.instagram.com\\\/fireware_nl\\\/\",\"https:\\\/\\\/www.linkedin.com\\\/company\\\/3586017\\\/\",\"https:\\\/\\\/www.youtube.com\\\/user\\\/firesalesrentconsult\"]}]}<\/script>\n<!-- \/ Yoast SEO plugin. -->","yoast_head_json":{"title":"Distanz zum Arbeitsmarkt - FireWare","robots":{"index":"index","follow":"follow","max-snippet":"max-snippet:-1","max-image-preview":"max-image-preview:large","max-video-preview":"max-video-preview:-1"},"canonical":"https:\/\/fireware.nl\/de\/sozialverantwortung-und-nachhaltigkeit\/distanz-zum-arbeitsmarkt\/","og_locale":"de_DE","og_type":"article","og_title":"Distanz zum Arbeitsmarkt - FireWare","og_description":"Innerhalb der Produktionsprozesse von FireWare findet viel Montagearbeit statt. Diese Arbeit kann gut von Menschen mit einer sprichw\u00f6rtlichen &#8220;Distanz zum...","og_url":"https:\/\/fireware.nl\/de\/sozialverantwortung-und-nachhaltigkeit\/distanz-zum-arbeitsmarkt\/","og_site_name":"FireWare","article_publisher":"https:\/\/www.facebook.com\/FireWareBV\/","article_modified_time":"2019-02-26T08:29:33+00:00","og_image":[{"url":"https:\/\/fireware.nl\/wp-content\/uploads\/2019\/02\/Knetterkast.jpg","type":"","width":"","height":""}],"twitter_card":"summary_large_image","twitter_site":"@FireWarebv","schema":{"@context":"https:\/\/schema.org","@graph":[{"@type":"WebPage","@id":"https:\/\/fireware.nl\/de\/sozialverantwortung-und-nachhaltigkeit\/distanz-zum-arbeitsmarkt\/","url":"https:\/\/fireware.nl\/de\/sozialverantwortung-und-nachhaltigkeit\/distanz-zum-arbeitsmarkt\/","name":"Distanz zum Arbeitsmarkt - FireWare","isPartOf":{"@id":"https:\/\/fireware.nl\/de\/#website"},"primaryImageOfPage":{"@id":"https:\/\/fireware.nl\/de\/sozialverantwortung-und-nachhaltigkeit\/distanz-zum-arbeitsmarkt\/#primaryimage"},"image":{"@id":"https:\/\/fireware.nl\/de\/sozialverantwortung-und-nachhaltigkeit\/distanz-zum-arbeitsmarkt\/#primaryimage"},"thumbnailUrl":"https:\/\/fireware.nl\/wp-content\/uploads\/2019\/02\/Knetterkast.jpg","datePublished":"2017-08-18T09:14:46+00:00","dateModified":"2019-02-26T08:29:33+00:00","breadcrumb":{"@id":"https:\/\/fireware.nl\/de\/sozialverantwortung-und-nachhaltigkeit\/distanz-zum-arbeitsmarkt\/#breadcrumb"},"inLanguage":"de","potentialAction":[{"@type":"ReadAction","target":["https:\/\/fireware.nl\/de\/sozialverantwortung-und-nachhaltigkeit\/distanz-zum-arbeitsmarkt\/"]}]},{"@type":"ImageObject","inLanguage":"de","@id":"https:\/\/fireware.nl\/de\/sozialverantwortung-und-nachhaltigkeit\/distanz-zum-arbeitsmarkt\/#primaryimage","url":"https:\/\/fireware.nl\/wp-content\/uploads\/2019\/02\/Knetterkast.jpg","contentUrl":"https:\/\/fireware.nl\/wp-content\/uploads\/2019\/02\/Knetterkast.jpg"},{"@type":"BreadcrumbList","@id":"https:\/\/fireware.nl\/de\/sozialverantwortung-und-nachhaltigkeit\/distanz-zum-arbeitsmarkt\/#breadcrumb","itemListElement":[{"@type":"ListItem","position":1,"name":"Home","item":"https:\/\/fireware.nl\/de\/"},{"@type":"ListItem","position":2,"name":"Sozialverantwortung und Nachhaltigkeit","item":"https:\/\/fireware.nl\/de\/sozialverantwortung-und-nachhaltigkeit\/"},{"@type":"ListItem","position":3,"name":"Distanz zum Arbeitsmarkt"}]},{"@type":"WebSite","@id":"https:\/\/fireware.nl\/de\/#website","url":"https:\/\/fireware.nl\/de\/","name":"FireWare","description":"CREATING REALISTIC  TRAINING ENVIRONMENTS","publisher":{"@id":"https:\/\/fireware.nl\/de\/#organization"},"potentialAction":[{"@type":"SearchAction","target":{"@type":"EntryPoint","urlTemplate":"https:\/\/fireware.nl\/de\/?s={search_term_string}"},"query-input":{"@type":"PropertyValueSpecification","valueRequired":true,"valueName":"search_term_string"}}],"inLanguage":"de"},{"@type":"Organization","@id":"https:\/\/fireware.nl\/de\/#organization","name":"FireWare","url":"https:\/\/fireware.nl\/de\/","logo":{"@type":"ImageObject","inLanguage":"de","@id":"https:\/\/fireware.nl\/de\/#\/schema\/logo\/image\/","url":"https:\/\/fireware.nl\/wp-content\/uploads\/2018\/10\/FireWare-logo.jpg","contentUrl":"https:\/\/fireware.nl\/wp-content\/uploads\/2018\/10\/FireWare-logo.jpg","width":171,"height":70,"caption":"FireWare"},"image":{"@id":"https:\/\/fireware.nl\/de\/#\/schema\/logo\/image\/"},"sameAs":["https:\/\/www.facebook.com\/FireWareBV\/","https:\/\/x.com\/FireWarebv","https:\/\/www.instagram.com\/fireware_nl\/","https:\/\/www.linkedin.com\/company\/3586017\/","https:\/\/www.youtube.com\/user\/firesalesrentconsult"]}]}},"publishpress_future_action":{"enabled":false,"date":"2026-05-12 21:25:01","action":"change-status","newStatus":"draft","terms":[],"taxonomy":"translation_priority","extraData":[]},"publishpress_future_workflow_manual_trigger":{"enabledWorkflows":[]},"_links":{"self":[{"href":"https:\/\/fireware.nl\/de\/wp-json\/wp\/v2\/pages\/3257","targetHints":{"allow":["GET"]}}],"collection":[{"href":"https:\/\/fireware.nl\/de\/wp-json\/wp\/v2\/pages"}],"about":[{"href":"https:\/\/fireware.nl\/de\/wp-json\/wp\/v2\/types\/page"}],"author":[{"embeddable":true,"href":"https:\/\/fireware.nl\/de\/wp-json\/wp\/v2\/users\/2"}],"replies":[{"embeddable":true,"href":"https:\/\/fireware.nl\/de\/wp-json\/wp\/v2\/comments?post=3257"}],"version-history":[{"count":0,"href":"https:\/\/fireware.nl\/de\/wp-json\/wp\/v2\/pages\/3257\/revisions"}],"up":[{"embeddable":true,"href":"https:\/\/fireware.nl\/de\/wp-json\/wp\/v2\/pages\/2620"}],"wp:attachment":[{"href":"https:\/\/fireware.nl\/de\/wp-json\/wp\/v2\/media?parent=3257"}],"curies":[{"name":"wp","href":"https:\/\/api.w.org\/{rel}","templated":true}]}}