
{"id":3267,"date":"2017-08-18T09:24:03","date_gmt":"2017-08-18T09:24:03","guid":{"rendered":"http:\/\/exclusive-it-development.nl\/?page_id=3267"},"modified":"2019-02-26T08:59:53","modified_gmt":"2019-02-26T08:59:53","slug":"nachhaltigkeit-in-unseren-planen","status":"publish","type":"page","link":"https:\/\/fireware.nl\/de\/sozialverantwortung-und-nachhaltigkeit\/nachhaltigkeit-in-unseren-planen\/","title":{"rendered":"Nachhaltigkeit in unseren Pl\u00e4nen"},"content":{"rendered":"\n\t\t\t\t<img decoding=\"async\" src=\"https:\/\/fireware.nl\/wp-content\/uploads\/2019\/02\/Duurzaam-ontwerp.jpg\" alt=\"Duurzaam ontwerp\" itemprop=\"image\" title=\"Duurzaam ontwerp\" onerror=\"this.style.display='none'\"  \/>\n\t<p>Als Gestalter ber\u00fccksichtigen wir in unseren Pl\u00e4nen das Thema Nachhaltigkeit. Eine Aufgabe, die wir sehr ernst nehmen. Die Herausforderung, Nachhaltigkeit mit wirtschaftlichen Vorteilen f\u00fcr unsere Kunden zu kombinieren, nehmen wir gerne an. Gerade in der Entwicklungsphase k\u00f6nnen viele Vorteile erzielt werden. So sollen wir, wo m\u00f6glich:<\/p>\n<ul>\n<li>Materialien wiederverwenden<\/li>\n<li>stromsparende L\u00f6sungen anwenden<\/li>\n<li>mit m\u00f6glichst vielen wiederverwertbaren Materialien arbeiten<\/li>\n<li>daf\u00fcr sorgen, dass unsere Entw\u00fcrfe langfristig einsetzbar sind<\/li>\n<li>daf\u00fcr sorgen, dass unsere Entw\u00fcrfe einfach zu modifizieren sind<\/li>\n<li>sorgf\u00e4ltig mit dem Wasserverbrauch umgehen (graues Wasser)<\/li>\n<li>sorgf\u00e4ltig mit dem Gasverbrauch umgehen<\/li>\n<\/ul>\n","protected":false},"excerpt":{"rendered":"<p>Als Gestalter ber\u00fccksichtigen wir in unseren Pl\u00e4nen das Thema Nachhaltigkeit. Eine Aufgabe, die wir sehr ernst nehmen. Die Herausforderung, Nachhaltigkeit<span class=\"excerpt-ellipsis\">&#8230;<\/span><\/p>\n","protected":false},"author":2,"featured_media":0,"parent":2620,"menu_order":0,"comment_status":"closed","ping_status":"closed","template":"","meta":{"footnotes":""},"class_list":["post-3267","page","type-page","status-publish","hentry"],"yoast_head":"<!-- This site is optimized with the Yoast SEO plugin v27.5 - https:\/\/yoast.com\/product\/yoast-seo-wordpress\/ -->\n<title>Nachhaltigkeit in unseren Pl\u00e4nen - FireWare<\/title>\n<meta name=\"robots\" content=\"index, follow, max-snippet:-1, max-image-preview:large, max-video-preview:-1\" \/>\n<link rel=\"canonical\" href=\"https:\/\/fireware.nl\/de\/sozialverantwortung-und-nachhaltigkeit\/nachhaltigkeit-in-unseren-planen\/\" \/>\n<meta property=\"og:locale\" content=\"de_DE\" \/>\n<meta property=\"og:type\" content=\"article\" \/>\n<meta property=\"og:title\" content=\"Nachhaltigkeit in unseren Pl\u00e4nen - FireWare\" \/>\n<meta property=\"og:description\" content=\"Als Gestalter ber\u00fccksichtigen wir in unseren Pl\u00e4nen das Thema Nachhaltigkeit. Eine Aufgabe, die wir sehr ernst nehmen. Die Herausforderung, Nachhaltigkeit...\" \/>\n<meta property=\"og:url\" content=\"https:\/\/fireware.nl\/de\/sozialverantwortung-und-nachhaltigkeit\/nachhaltigkeit-in-unseren-planen\/\" \/>\n<meta property=\"og:site_name\" content=\"FireWare\" \/>\n<meta property=\"article:publisher\" content=\"https:\/\/www.facebook.com\/FireWareBV\/\" \/>\n<meta property=\"article:modified_time\" content=\"2019-02-26T08:59:53+00:00\" \/>\n<meta property=\"og:image\" content=\"https:\/\/fireware.nl\/wp-content\/uploads\/2019\/02\/Duurzaam-ontwerp.jpg\" \/>\n<meta name=\"twitter:card\" content=\"summary_large_image\" \/>\n<meta name=\"twitter:site\" content=\"@FireWarebv\" \/>\n<script type=\"application\/ld+json\" class=\"yoast-schema-graph\">{\"@context\":\"https:\\\/\\\/schema.org\",\"@graph\":[{\"@type\":\"WebPage\",\"@id\":\"https:\\\/\\\/fireware.nl\\\/de\\\/sozialverantwortung-und-nachhaltigkeit\\\/nachhaltigkeit-in-unseren-planen\\\/\",\"url\":\"https:\\\/\\\/fireware.nl\\\/de\\\/sozialverantwortung-und-nachhaltigkeit\\\/nachhaltigkeit-in-unseren-planen\\\/\",\"name\":\"Nachhaltigkeit in unseren Pl\u00e4nen - FireWare\",\"isPartOf\":{\"@id\":\"https:\\\/\\\/fireware.nl\\\/de\\\/#website\"},\"primaryImageOfPage\":{\"@id\":\"https:\\\/\\\/fireware.nl\\\/de\\\/sozialverantwortung-und-nachhaltigkeit\\\/nachhaltigkeit-in-unseren-planen\\\/#primaryimage\"},\"image\":{\"@id\":\"https:\\\/\\\/fireware.nl\\\/de\\\/sozialverantwortung-und-nachhaltigkeit\\\/nachhaltigkeit-in-unseren-planen\\\/#primaryimage\"},\"thumbnailUrl\":\"https:\\\/\\\/fireware.nl\\\/wp-content\\\/uploads\\\/2019\\\/02\\\/Duurzaam-ontwerp.jpg\",\"datePublished\":\"2017-08-18T09:24:03+00:00\",\"dateModified\":\"2019-02-26T08:59:53+00:00\",\"breadcrumb\":{\"@id\":\"https:\\\/\\\/fireware.nl\\\/de\\\/sozialverantwortung-und-nachhaltigkeit\\\/nachhaltigkeit-in-unseren-planen\\\/#breadcrumb\"},\"inLanguage\":\"de\",\"potentialAction\":[{\"@type\":\"ReadAction\",\"target\":[\"https:\\\/\\\/fireware.nl\\\/de\\\/sozialverantwortung-und-nachhaltigkeit\\\/nachhaltigkeit-in-unseren-planen\\\/\"]}]},{\"@type\":\"ImageObject\",\"inLanguage\":\"de\",\"@id\":\"https:\\\/\\\/fireware.nl\\\/de\\\/sozialverantwortung-und-nachhaltigkeit\\\/nachhaltigkeit-in-unseren-planen\\\/#primaryimage\",\"url\":\"https:\\\/\\\/fireware.nl\\\/wp-content\\\/uploads\\\/2019\\\/02\\\/Duurzaam-ontwerp.jpg\",\"contentUrl\":\"https:\\\/\\\/fireware.nl\\\/wp-content\\\/uploads\\\/2019\\\/02\\\/Duurzaam-ontwerp.jpg\"},{\"@type\":\"BreadcrumbList\",\"@id\":\"https:\\\/\\\/fireware.nl\\\/de\\\/sozialverantwortung-und-nachhaltigkeit\\\/nachhaltigkeit-in-unseren-planen\\\/#breadcrumb\",\"itemListElement\":[{\"@type\":\"ListItem\",\"position\":1,\"name\":\"Home\",\"item\":\"https:\\\/\\\/fireware.nl\\\/de\\\/\"},{\"@type\":\"ListItem\",\"position\":2,\"name\":\"Sozialverantwortung und Nachhaltigkeit\",\"item\":\"https:\\\/\\\/fireware.nl\\\/de\\\/sozialverantwortung-und-nachhaltigkeit\\\/\"},{\"@type\":\"ListItem\",\"position\":3,\"name\":\"Nachhaltigkeit in unseren Pl\u00e4nen\"}]},{\"@type\":\"WebSite\",\"@id\":\"https:\\\/\\\/fireware.nl\\\/de\\\/#website\",\"url\":\"https:\\\/\\\/fireware.nl\\\/de\\\/\",\"name\":\"FireWare\",\"description\":\"CREATING REALISTIC  TRAINING ENVIRONMENTS\",\"publisher\":{\"@id\":\"https:\\\/\\\/fireware.nl\\\/de\\\/#organization\"},\"potentialAction\":[{\"@type\":\"SearchAction\",\"target\":{\"@type\":\"EntryPoint\",\"urlTemplate\":\"https:\\\/\\\/fireware.nl\\\/de\\\/?s={search_term_string}\"},\"query-input\":{\"@type\":\"PropertyValueSpecification\",\"valueRequired\":true,\"valueName\":\"search_term_string\"}}],\"inLanguage\":\"de\"},{\"@type\":\"Organization\",\"@id\":\"https:\\\/\\\/fireware.nl\\\/de\\\/#organization\",\"name\":\"FireWare\",\"url\":\"https:\\\/\\\/fireware.nl\\\/de\\\/\",\"logo\":{\"@type\":\"ImageObject\",\"inLanguage\":\"de\",\"@id\":\"https:\\\/\\\/fireware.nl\\\/de\\\/#\\\/schema\\\/logo\\\/image\\\/\",\"url\":\"https:\\\/\\\/fireware.nl\\\/wp-content\\\/uploads\\\/2018\\\/10\\\/FireWare-logo.jpg\",\"contentUrl\":\"https:\\\/\\\/fireware.nl\\\/wp-content\\\/uploads\\\/2018\\\/10\\\/FireWare-logo.jpg\",\"width\":171,\"height\":70,\"caption\":\"FireWare\"},\"image\":{\"@id\":\"https:\\\/\\\/fireware.nl\\\/de\\\/#\\\/schema\\\/logo\\\/image\\\/\"},\"sameAs\":[\"https:\\\/\\\/www.facebook.com\\\/FireWareBV\\\/\",\"https:\\\/\\\/x.com\\\/FireWarebv\",\"https:\\\/\\\/www.instagram.com\\\/fireware_nl\\\/\",\"https:\\\/\\\/www.linkedin.com\\\/company\\\/3586017\\\/\",\"https:\\\/\\\/www.youtube.com\\\/user\\\/firesalesrentconsult\"]}]}<\/script>\n<!-- \/ Yoast SEO plugin. -->","yoast_head_json":{"title":"Nachhaltigkeit in unseren Pl\u00e4nen - FireWare","robots":{"index":"index","follow":"follow","max-snippet":"max-snippet:-1","max-image-preview":"max-image-preview:large","max-video-preview":"max-video-preview:-1"},"canonical":"https:\/\/fireware.nl\/de\/sozialverantwortung-und-nachhaltigkeit\/nachhaltigkeit-in-unseren-planen\/","og_locale":"de_DE","og_type":"article","og_title":"Nachhaltigkeit in unseren Pl\u00e4nen - FireWare","og_description":"Als Gestalter ber\u00fccksichtigen wir in unseren Pl\u00e4nen das Thema Nachhaltigkeit. Eine Aufgabe, die wir sehr ernst nehmen. Die Herausforderung, Nachhaltigkeit...","og_url":"https:\/\/fireware.nl\/de\/sozialverantwortung-und-nachhaltigkeit\/nachhaltigkeit-in-unseren-planen\/","og_site_name":"FireWare","article_publisher":"https:\/\/www.facebook.com\/FireWareBV\/","article_modified_time":"2019-02-26T08:59:53+00:00","og_image":[{"url":"https:\/\/fireware.nl\/wp-content\/uploads\/2019\/02\/Duurzaam-ontwerp.jpg","type":"","width":"","height":""}],"twitter_card":"summary_large_image","twitter_site":"@FireWarebv","schema":{"@context":"https:\/\/schema.org","@graph":[{"@type":"WebPage","@id":"https:\/\/fireware.nl\/de\/sozialverantwortung-und-nachhaltigkeit\/nachhaltigkeit-in-unseren-planen\/","url":"https:\/\/fireware.nl\/de\/sozialverantwortung-und-nachhaltigkeit\/nachhaltigkeit-in-unseren-planen\/","name":"Nachhaltigkeit in unseren Pl\u00e4nen - FireWare","isPartOf":{"@id":"https:\/\/fireware.nl\/de\/#website"},"primaryImageOfPage":{"@id":"https:\/\/fireware.nl\/de\/sozialverantwortung-und-nachhaltigkeit\/nachhaltigkeit-in-unseren-planen\/#primaryimage"},"image":{"@id":"https:\/\/fireware.nl\/de\/sozialverantwortung-und-nachhaltigkeit\/nachhaltigkeit-in-unseren-planen\/#primaryimage"},"thumbnailUrl":"https:\/\/fireware.nl\/wp-content\/uploads\/2019\/02\/Duurzaam-ontwerp.jpg","datePublished":"2017-08-18T09:24:03+00:00","dateModified":"2019-02-26T08:59:53+00:00","breadcrumb":{"@id":"https:\/\/fireware.nl\/de\/sozialverantwortung-und-nachhaltigkeit\/nachhaltigkeit-in-unseren-planen\/#breadcrumb"},"inLanguage":"de","potentialAction":[{"@type":"ReadAction","target":["https:\/\/fireware.nl\/de\/sozialverantwortung-und-nachhaltigkeit\/nachhaltigkeit-in-unseren-planen\/"]}]},{"@type":"ImageObject","inLanguage":"de","@id":"https:\/\/fireware.nl\/de\/sozialverantwortung-und-nachhaltigkeit\/nachhaltigkeit-in-unseren-planen\/#primaryimage","url":"https:\/\/fireware.nl\/wp-content\/uploads\/2019\/02\/Duurzaam-ontwerp.jpg","contentUrl":"https:\/\/fireware.nl\/wp-content\/uploads\/2019\/02\/Duurzaam-ontwerp.jpg"},{"@type":"BreadcrumbList","@id":"https:\/\/fireware.nl\/de\/sozialverantwortung-und-nachhaltigkeit\/nachhaltigkeit-in-unseren-planen\/#breadcrumb","itemListElement":[{"@type":"ListItem","position":1,"name":"Home","item":"https:\/\/fireware.nl\/de\/"},{"@type":"ListItem","position":2,"name":"Sozialverantwortung und Nachhaltigkeit","item":"https:\/\/fireware.nl\/de\/sozialverantwortung-und-nachhaltigkeit\/"},{"@type":"ListItem","position":3,"name":"Nachhaltigkeit in unseren Pl\u00e4nen"}]},{"@type":"WebSite","@id":"https:\/\/fireware.nl\/de\/#website","url":"https:\/\/fireware.nl\/de\/","name":"FireWare","description":"CREATING REALISTIC  TRAINING ENVIRONMENTS","publisher":{"@id":"https:\/\/fireware.nl\/de\/#organization"},"potentialAction":[{"@type":"SearchAction","target":{"@type":"EntryPoint","urlTemplate":"https:\/\/fireware.nl\/de\/?s={search_term_string}"},"query-input":{"@type":"PropertyValueSpecification","valueRequired":true,"valueName":"search_term_string"}}],"inLanguage":"de"},{"@type":"Organization","@id":"https:\/\/fireware.nl\/de\/#organization","name":"FireWare","url":"https:\/\/fireware.nl\/de\/","logo":{"@type":"ImageObject","inLanguage":"de","@id":"https:\/\/fireware.nl\/de\/#\/schema\/logo\/image\/","url":"https:\/\/fireware.nl\/wp-content\/uploads\/2018\/10\/FireWare-logo.jpg","contentUrl":"https:\/\/fireware.nl\/wp-content\/uploads\/2018\/10\/FireWare-logo.jpg","width":171,"height":70,"caption":"FireWare"},"image":{"@id":"https:\/\/fireware.nl\/de\/#\/schema\/logo\/image\/"},"sameAs":["https:\/\/www.facebook.com\/FireWareBV\/","https:\/\/x.com\/FireWarebv","https:\/\/www.instagram.com\/fireware_nl\/","https:\/\/www.linkedin.com\/company\/3586017\/","https:\/\/www.youtube.com\/user\/firesalesrentconsult"]}]}},"publishpress_future_action":{"enabled":false,"date":"2026-05-12 21:19:21","action":"change-status","newStatus":"draft","terms":[],"taxonomy":"translation_priority","extraData":[]},"publishpress_future_workflow_manual_trigger":{"enabledWorkflows":[]},"_links":{"self":[{"href":"https:\/\/fireware.nl\/de\/wp-json\/wp\/v2\/pages\/3267","targetHints":{"allow":["GET"]}}],"collection":[{"href":"https:\/\/fireware.nl\/de\/wp-json\/wp\/v2\/pages"}],"about":[{"href":"https:\/\/fireware.nl\/de\/wp-json\/wp\/v2\/types\/page"}],"author":[{"embeddable":true,"href":"https:\/\/fireware.nl\/de\/wp-json\/wp\/v2\/users\/2"}],"replies":[{"embeddable":true,"href":"https:\/\/fireware.nl\/de\/wp-json\/wp\/v2\/comments?post=3267"}],"version-history":[{"count":0,"href":"https:\/\/fireware.nl\/de\/wp-json\/wp\/v2\/pages\/3267\/revisions"}],"up":[{"embeddable":true,"href":"https:\/\/fireware.nl\/de\/wp-json\/wp\/v2\/pages\/2620"}],"wp:attachment":[{"href":"https:\/\/fireware.nl\/de\/wp-json\/wp\/v2\/media?parent=3267"}],"curies":[{"name":"wp","href":"https:\/\/api.w.org\/{rel}","templated":true}]}}