
{"id":3275,"date":"2017-08-18T09:34:16","date_gmt":"2017-08-18T09:34:16","guid":{"rendered":"http:\/\/exclusive-it-development.nl\/?page_id=3275"},"modified":"2019-02-22T12:08:44","modified_gmt":"2019-02-22T12:08:44","slug":"okostrom-und-gas","status":"publish","type":"page","link":"https:\/\/fireware.nl\/de\/sozialverantwortung-und-nachhaltigkeit\/okostrom-und-gas\/","title":{"rendered":"\u00d6kostrom und gr\u00fcnes Gas"},"content":{"rendered":"\n\t<p>FireWare kauft Strom &#8220;von der Quelle&#8221;. In unserem Fall nur wenige Kilometer entfernt in\u00a0<a href=\"https:\/\/vandebron.nl\/#!\/generator-details\/75f274d7-afe2-429b-97f9-a34100fc4379?houseTypeIdx=1&amp;residentTypeIdx=2&amp;meterTypeIdx=1&amp;propositionTypeIdx=FE1-1503&amp;basicEstimate=2850&amp;peakEstimate=1710&amp;offPeakEstimate=1140&amp;gasEstimate=1200&amp;includeGas=true\" target=\"_blank\" rel=\"noopener\">einer Windm\u00fchle in Middenmeer<\/a>. Hier haben Bernard und Karin Kadijk einen Bauernhof mit einer Windm\u00fchle. Diese Windm\u00fchle produziert mehr Strom als erforderlich.<\/p>\n<p>Durch die Initiative &#8220;von der Quelle&#8221; k\u00f6nnen wir Strom direkt bei ihnen kaufen. So wissen wir sicher, dass der von uns genutzte Strom auch wirklich \u00f6kologisch aufbereitet wird und dass es keinen &#8220;Pfusch&#8221; mit Zertifikaten gibt. Ein sehr angenehmes Gef\u00fchl!<\/p>\n<p>Unser Gas kaufen wir auch \u00fcber &#8220;von der Quelle&#8221; ein. Leider ist es nicht m\u00f6glich, &#8220;gr\u00fcnes Gas&#8221; zu kaufen. Jedoch CO2-kompensiertes Gas gem\u00e4\u00df dem Goldstandard. Das strengste G\u00fctezeichen im Bereich der CO2-Kompensation. Auf diese Weise helfen wir mit,\u00a0<a href=\"https:\/\/vandebron.nl\/#!\/gas#gas-kikonda\" target=\"_blank\" rel=\"noopener\">oder Entwaldung in Kilkonda entgegenzuwirken<\/a>.<\/p>\n<p>M\u00f6chten Sie auch auf diese Weise Ihren Strom kaufen? Dann gehen Sie auf\u00a0<a href=\"http:\/\/www.vandebron.nl\/\">Vandebron.nl<\/a>, die Fotos im obigen Slider stammen ebenfalls daraus.<\/p>\n\t<p><img decoding=\"async\" src=\"https:\/\/fireware.nl\/wp-content\/uploads\/groene-stroom-1.jpg\" \/><\/p>\n\t<p><img decoding=\"async\" src=\"https:\/\/fireware.nl\/wp-content\/uploads\/groene-stroom-2.jpg\" \/><\/p>\n\t<p><img decoding=\"async\" src=\"https:\/\/fireware.nl\/wp-content\/uploads\/groene-stroom-3.jpg\" \/><\/p>\n\t<p><img decoding=\"async\" src=\"https:\/\/fireware.nl\/wp-content\/uploads\/Groene-stroom-4.jpg\" \/><\/p>\n","protected":false},"excerpt":{"rendered":"<p>FireWare kauft Strom &#8220;von der Quelle&#8221;. In unserem Fall nur wenige Kilometer entfernt in\u00a0einer Windm\u00fchle in Middenmeer. Hier haben Bernard<span class=\"excerpt-ellipsis\">&#8230;<\/span><\/p>\n","protected":false},"author":2,"featured_media":0,"parent":2620,"menu_order":0,"comment_status":"closed","ping_status":"closed","template":"","meta":{"footnotes":""},"class_list":["post-3275","page","type-page","status-publish","hentry"],"yoast_head":"<!-- This site is optimized with the Yoast SEO plugin v27.5 - https:\/\/yoast.com\/product\/yoast-seo-wordpress\/ -->\n<title>\u00d6kostrom und gr\u00fcnes Gas - FireWare<\/title>\n<meta name=\"robots\" content=\"index, follow, max-snippet:-1, max-image-preview:large, max-video-preview:-1\" \/>\n<link rel=\"canonical\" href=\"https:\/\/fireware.nl\/de\/sozialverantwortung-und-nachhaltigkeit\/okostrom-und-gas\/\" \/>\n<meta property=\"og:locale\" content=\"de_DE\" \/>\n<meta property=\"og:type\" content=\"article\" \/>\n<meta property=\"og:title\" content=\"\u00d6kostrom und gr\u00fcnes Gas - FireWare\" \/>\n<meta property=\"og:description\" content=\"FireWare kauft Strom &#8220;von der Quelle&#8221;. In unserem Fall nur wenige Kilometer entfernt in\u00a0einer Windm\u00fchle in Middenmeer. Hier haben Bernard...\" \/>\n<meta property=\"og:url\" content=\"https:\/\/fireware.nl\/de\/sozialverantwortung-und-nachhaltigkeit\/okostrom-und-gas\/\" \/>\n<meta property=\"og:site_name\" content=\"FireWare\" \/>\n<meta property=\"article:publisher\" content=\"https:\/\/www.facebook.com\/FireWareBV\/\" \/>\n<meta property=\"article:modified_time\" content=\"2019-02-22T12:08:44+00:00\" \/>\n<meta property=\"og:image\" content=\"https:\/\/fireware.nl\/wp-content\/uploads\/groene-stroom-1.jpg\" \/>\n<meta name=\"twitter:card\" content=\"summary_large_image\" \/>\n<meta name=\"twitter:site\" content=\"@FireWarebv\" \/>\n<meta name=\"twitter:label1\" content=\"Gesch\u00e4tzte Lesezeit\" \/>\n\t<meta name=\"twitter:data1\" content=\"1\u00a0Minute\" \/>\n<script type=\"application\/ld+json\" class=\"yoast-schema-graph\">{\"@context\":\"https:\\\/\\\/schema.org\",\"@graph\":[{\"@type\":\"WebPage\",\"@id\":\"https:\\\/\\\/fireware.nl\\\/de\\\/sozialverantwortung-und-nachhaltigkeit\\\/okostrom-und-gas\\\/\",\"url\":\"https:\\\/\\\/fireware.nl\\\/de\\\/sozialverantwortung-und-nachhaltigkeit\\\/okostrom-und-gas\\\/\",\"name\":\"\u00d6kostrom und gr\u00fcnes Gas - FireWare\",\"isPartOf\":{\"@id\":\"https:\\\/\\\/fireware.nl\\\/de\\\/#website\"},\"primaryImageOfPage\":{\"@id\":\"https:\\\/\\\/fireware.nl\\\/de\\\/sozialverantwortung-und-nachhaltigkeit\\\/okostrom-und-gas\\\/#primaryimage\"},\"image\":{\"@id\":\"https:\\\/\\\/fireware.nl\\\/de\\\/sozialverantwortung-und-nachhaltigkeit\\\/okostrom-und-gas\\\/#primaryimage\"},\"thumbnailUrl\":\"https:\\\/\\\/fireware.nl\\\/wp-content\\\/uploads\\\/groene-stroom-1.jpg\",\"datePublished\":\"2017-08-18T09:34:16+00:00\",\"dateModified\":\"2019-02-22T12:08:44+00:00\",\"breadcrumb\":{\"@id\":\"https:\\\/\\\/fireware.nl\\\/de\\\/sozialverantwortung-und-nachhaltigkeit\\\/okostrom-und-gas\\\/#breadcrumb\"},\"inLanguage\":\"de\",\"potentialAction\":[{\"@type\":\"ReadAction\",\"target\":[\"https:\\\/\\\/fireware.nl\\\/de\\\/sozialverantwortung-und-nachhaltigkeit\\\/okostrom-und-gas\\\/\"]}]},{\"@type\":\"ImageObject\",\"inLanguage\":\"de\",\"@id\":\"https:\\\/\\\/fireware.nl\\\/de\\\/sozialverantwortung-und-nachhaltigkeit\\\/okostrom-und-gas\\\/#primaryimage\",\"url\":\"https:\\\/\\\/fireware.nl\\\/wp-content\\\/uploads\\\/groene-stroom-1.jpg\",\"contentUrl\":\"https:\\\/\\\/fireware.nl\\\/wp-content\\\/uploads\\\/groene-stroom-1.jpg\"},{\"@type\":\"BreadcrumbList\",\"@id\":\"https:\\\/\\\/fireware.nl\\\/de\\\/sozialverantwortung-und-nachhaltigkeit\\\/okostrom-und-gas\\\/#breadcrumb\",\"itemListElement\":[{\"@type\":\"ListItem\",\"position\":1,\"name\":\"Home\",\"item\":\"https:\\\/\\\/fireware.nl\\\/de\\\/\"},{\"@type\":\"ListItem\",\"position\":2,\"name\":\"Sozialverantwortung und Nachhaltigkeit\",\"item\":\"https:\\\/\\\/fireware.nl\\\/de\\\/sozialverantwortung-und-nachhaltigkeit\\\/\"},{\"@type\":\"ListItem\",\"position\":3,\"name\":\"\u00d6kostrom und gr\u00fcnes Gas\"}]},{\"@type\":\"WebSite\",\"@id\":\"https:\\\/\\\/fireware.nl\\\/de\\\/#website\",\"url\":\"https:\\\/\\\/fireware.nl\\\/de\\\/\",\"name\":\"FireWare\",\"description\":\"CREATING REALISTIC  TRAINING ENVIRONMENTS\",\"publisher\":{\"@id\":\"https:\\\/\\\/fireware.nl\\\/de\\\/#organization\"},\"potentialAction\":[{\"@type\":\"SearchAction\",\"target\":{\"@type\":\"EntryPoint\",\"urlTemplate\":\"https:\\\/\\\/fireware.nl\\\/de\\\/?s={search_term_string}\"},\"query-input\":{\"@type\":\"PropertyValueSpecification\",\"valueRequired\":true,\"valueName\":\"search_term_string\"}}],\"inLanguage\":\"de\"},{\"@type\":\"Organization\",\"@id\":\"https:\\\/\\\/fireware.nl\\\/de\\\/#organization\",\"name\":\"FireWare\",\"url\":\"https:\\\/\\\/fireware.nl\\\/de\\\/\",\"logo\":{\"@type\":\"ImageObject\",\"inLanguage\":\"de\",\"@id\":\"https:\\\/\\\/fireware.nl\\\/de\\\/#\\\/schema\\\/logo\\\/image\\\/\",\"url\":\"https:\\\/\\\/fireware.nl\\\/wp-content\\\/uploads\\\/2018\\\/10\\\/FireWare-logo.jpg\",\"contentUrl\":\"https:\\\/\\\/fireware.nl\\\/wp-content\\\/uploads\\\/2018\\\/10\\\/FireWare-logo.jpg\",\"width\":171,\"height\":70,\"caption\":\"FireWare\"},\"image\":{\"@id\":\"https:\\\/\\\/fireware.nl\\\/de\\\/#\\\/schema\\\/logo\\\/image\\\/\"},\"sameAs\":[\"https:\\\/\\\/www.facebook.com\\\/FireWareBV\\\/\",\"https:\\\/\\\/x.com\\\/FireWarebv\",\"https:\\\/\\\/www.instagram.com\\\/fireware_nl\\\/\",\"https:\\\/\\\/www.linkedin.com\\\/company\\\/3586017\\\/\",\"https:\\\/\\\/www.youtube.com\\\/user\\\/firesalesrentconsult\"]}]}<\/script>\n<!-- \/ Yoast SEO plugin. -->","yoast_head_json":{"title":"\u00d6kostrom und gr\u00fcnes Gas - FireWare","robots":{"index":"index","follow":"follow","max-snippet":"max-snippet:-1","max-image-preview":"max-image-preview:large","max-video-preview":"max-video-preview:-1"},"canonical":"https:\/\/fireware.nl\/de\/sozialverantwortung-und-nachhaltigkeit\/okostrom-und-gas\/","og_locale":"de_DE","og_type":"article","og_title":"\u00d6kostrom und gr\u00fcnes Gas - FireWare","og_description":"FireWare kauft Strom &#8220;von der Quelle&#8221;. In unserem Fall nur wenige Kilometer entfernt in\u00a0einer Windm\u00fchle in Middenmeer. Hier haben Bernard...","og_url":"https:\/\/fireware.nl\/de\/sozialverantwortung-und-nachhaltigkeit\/okostrom-und-gas\/","og_site_name":"FireWare","article_publisher":"https:\/\/www.facebook.com\/FireWareBV\/","article_modified_time":"2019-02-22T12:08:44+00:00","og_image":[{"url":"https:\/\/fireware.nl\/wp-content\/uploads\/groene-stroom-1.jpg","type":"","width":"","height":""}],"twitter_card":"summary_large_image","twitter_site":"@FireWarebv","twitter_misc":{"Gesch\u00e4tzte Lesezeit":"1\u00a0Minute"},"schema":{"@context":"https:\/\/schema.org","@graph":[{"@type":"WebPage","@id":"https:\/\/fireware.nl\/de\/sozialverantwortung-und-nachhaltigkeit\/okostrom-und-gas\/","url":"https:\/\/fireware.nl\/de\/sozialverantwortung-und-nachhaltigkeit\/okostrom-und-gas\/","name":"\u00d6kostrom und gr\u00fcnes Gas - FireWare","isPartOf":{"@id":"https:\/\/fireware.nl\/de\/#website"},"primaryImageOfPage":{"@id":"https:\/\/fireware.nl\/de\/sozialverantwortung-und-nachhaltigkeit\/okostrom-und-gas\/#primaryimage"},"image":{"@id":"https:\/\/fireware.nl\/de\/sozialverantwortung-und-nachhaltigkeit\/okostrom-und-gas\/#primaryimage"},"thumbnailUrl":"https:\/\/fireware.nl\/wp-content\/uploads\/groene-stroom-1.jpg","datePublished":"2017-08-18T09:34:16+00:00","dateModified":"2019-02-22T12:08:44+00:00","breadcrumb":{"@id":"https:\/\/fireware.nl\/de\/sozialverantwortung-und-nachhaltigkeit\/okostrom-und-gas\/#breadcrumb"},"inLanguage":"de","potentialAction":[{"@type":"ReadAction","target":["https:\/\/fireware.nl\/de\/sozialverantwortung-und-nachhaltigkeit\/okostrom-und-gas\/"]}]},{"@type":"ImageObject","inLanguage":"de","@id":"https:\/\/fireware.nl\/de\/sozialverantwortung-und-nachhaltigkeit\/okostrom-und-gas\/#primaryimage","url":"https:\/\/fireware.nl\/wp-content\/uploads\/groene-stroom-1.jpg","contentUrl":"https:\/\/fireware.nl\/wp-content\/uploads\/groene-stroom-1.jpg"},{"@type":"BreadcrumbList","@id":"https:\/\/fireware.nl\/de\/sozialverantwortung-und-nachhaltigkeit\/okostrom-und-gas\/#breadcrumb","itemListElement":[{"@type":"ListItem","position":1,"name":"Home","item":"https:\/\/fireware.nl\/de\/"},{"@type":"ListItem","position":2,"name":"Sozialverantwortung und Nachhaltigkeit","item":"https:\/\/fireware.nl\/de\/sozialverantwortung-und-nachhaltigkeit\/"},{"@type":"ListItem","position":3,"name":"\u00d6kostrom und gr\u00fcnes Gas"}]},{"@type":"WebSite","@id":"https:\/\/fireware.nl\/de\/#website","url":"https:\/\/fireware.nl\/de\/","name":"FireWare","description":"CREATING REALISTIC  TRAINING ENVIRONMENTS","publisher":{"@id":"https:\/\/fireware.nl\/de\/#organization"},"potentialAction":[{"@type":"SearchAction","target":{"@type":"EntryPoint","urlTemplate":"https:\/\/fireware.nl\/de\/?s={search_term_string}"},"query-input":{"@type":"PropertyValueSpecification","valueRequired":true,"valueName":"search_term_string"}}],"inLanguage":"de"},{"@type":"Organization","@id":"https:\/\/fireware.nl\/de\/#organization","name":"FireWare","url":"https:\/\/fireware.nl\/de\/","logo":{"@type":"ImageObject","inLanguage":"de","@id":"https:\/\/fireware.nl\/de\/#\/schema\/logo\/image\/","url":"https:\/\/fireware.nl\/wp-content\/uploads\/2018\/10\/FireWare-logo.jpg","contentUrl":"https:\/\/fireware.nl\/wp-content\/uploads\/2018\/10\/FireWare-logo.jpg","width":171,"height":70,"caption":"FireWare"},"image":{"@id":"https:\/\/fireware.nl\/de\/#\/schema\/logo\/image\/"},"sameAs":["https:\/\/www.facebook.com\/FireWareBV\/","https:\/\/x.com\/FireWarebv","https:\/\/www.instagram.com\/fireware_nl\/","https:\/\/www.linkedin.com\/company\/3586017\/","https:\/\/www.youtube.com\/user\/firesalesrentconsult"]}]}},"publishpress_future_action":{"enabled":false,"date":"2026-05-12 21:19:20","action":"change-status","newStatus":"draft","terms":[],"taxonomy":"translation_priority","extraData":[]},"publishpress_future_workflow_manual_trigger":{"enabledWorkflows":[]},"_links":{"self":[{"href":"https:\/\/fireware.nl\/de\/wp-json\/wp\/v2\/pages\/3275","targetHints":{"allow":["GET"]}}],"collection":[{"href":"https:\/\/fireware.nl\/de\/wp-json\/wp\/v2\/pages"}],"about":[{"href":"https:\/\/fireware.nl\/de\/wp-json\/wp\/v2\/types\/page"}],"author":[{"embeddable":true,"href":"https:\/\/fireware.nl\/de\/wp-json\/wp\/v2\/users\/2"}],"replies":[{"embeddable":true,"href":"https:\/\/fireware.nl\/de\/wp-json\/wp\/v2\/comments?post=3275"}],"version-history":[{"count":0,"href":"https:\/\/fireware.nl\/de\/wp-json\/wp\/v2\/pages\/3275\/revisions"}],"up":[{"embeddable":true,"href":"https:\/\/fireware.nl\/de\/wp-json\/wp\/v2\/pages\/2620"}],"wp:attachment":[{"href":"https:\/\/fireware.nl\/de\/wp-json\/wp\/v2\/media?parent=3275"}],"curies":[{"name":"wp","href":"https:\/\/api.w.org\/{rel}","templated":true}]}}