
{"id":40009,"date":"2020-03-04T15:10:59","date_gmt":"2020-03-04T15:10:59","guid":{"rendered":"https:\/\/fireware.nl\/wissensplattform\/fireware-whitepapers\/"},"modified":"2025-09-01T08:52:40","modified_gmt":"2025-09-01T08:52:40","slug":"whitepapers","status":"publish","type":"page","link":"https:\/\/fireware.nl\/de\/simulation-academy\/whitepapers\/","title":{"rendered":"Whitepapers"},"content":{"rendered":"\n\n\t\t\t\t<img decoding=\"async\" src=\"https:\/\/fireware.nl\/wp-content\/uploads\/2020\/03\/Whitepaper.jpg\" alt=\"Whitepaper\" itemprop=\"image\" height=\"800\" width=\"2200\" title=\"Whitepaper\" onerror=\"this.style.display='none'\" loading=\"lazy\" \/>\n\t<p><strong>Bei FireWare unterst\u00fctzen wir Einsatzkr\u00e4fte weltweit dabei, so realistisch wie m\u00f6glich zu trainieren. Wissensaustausch spielt dabei eine wichtige Rolle. Deshalb ver\u00f6ffentlichen wir regelm\u00e4\u00dfig praxisnahe Inhalte zu relevanten und aktuellen Themen.<\/strong><\/p>\n<p>Auf dieser Seite findest du eine \u00dcbersicht all unserer Whitepapers, die du kostenlos herunterladen kannst. Entdecke, lerne und bleibe auf dem neuesten Stand!<\/p>\n<p>M\u00f6chtest du noch mehr lernen, Inspiration sammeln und dein Wissen vertiefen? Dann schau dir unbedingt auch unsere <a href=\"https:\/\/fireware.nl\/de\/simulation-academy\/\" target=\"_blank\" rel=\"noopener\">Simulation Academy<\/a> an.<\/p>\n\t\t\t\t<img decoding=\"async\" src=\"https:\/\/fireware.nl\/wp-content\/uploads\/2021\/03\/Inszenieren-bedeutet-emotionen-wecken-500x400-1.jpg\" alt=\"Inszenieren bedeutet emotionen wecken 500x400\" itemprop=\"image\" height=\"400\" width=\"500\" title=\"Inszenieren bedeutet emotionen wecken 500x400\" onerror=\"this.style.display='none'\" loading=\"lazy\" \/>\n\t<p><strong>Inszenieren bedeutet emotionen wecken<\/strong><\/p>\n\t<p>W\u00e4hrend der COVID-19-Krise haben Paul und Jasper Weijling von der Stiftung Mentaal Bewust und Sef Hendrickx von FireWare mit dem Unterrichten auf Distanz aus dem FireWare-Studio experimentiert. W\u00e4hrend einer der Pausen am Kaffeetisch drehte sich das Gespr\u00e4ch um die Zusammenh\u00e4nge zwischen dem Inszenieren und dem mentalen Bewusstsein in traumasensitiven Berufen. Die Schlussfolgerung war, dass dieses Thema noch nicht die Aufmerksamkeit erh\u00e4lt, die es im professionellen Bereich verdient. Deshalb haben die Autoren beschlossen, ihr Wissen in einem Whitepaper zusammenzufassen.<\/p>\n\t\t\t\t<img decoding=\"async\" src=\"https:\/\/fireware.nl\/wp-content\/uploads\/2021\/02\/Teaching-Fire-Behaviour-500-x-400.jpg\" alt=\"Teaching Fire Behaviour 500 x 400\" itemprop=\"image\" height=\"400\" width=\"500\" title=\"Teaching Fire Behaviour 500 x 400\" onerror=\"this.style.display='none'\" loading=\"lazy\" \/>\n\t<p><strong>Teaching Fire Behaviour<\/strong><\/p>\n\t<p>Im Januar 2020 fand bei FireWare eine Meisterklasse statt. Zwanzig Ausbilder versammelten sich, um Ideen auszutauschen, wie man Feuerverhalten lehrt. Dieses in englischer Sprache verfasste Whitepaper ist ein Auszug aus den Ergebnissen.<\/p>\n\t\t\t<a href=\"https:\/\/fireware.nl\/de\/inszenieren-bedeutet-emotionen-wecken\/\" target=\"_blank\" rel=\"noopener\">\n\t\t\t\t\t\t\tKostenfreier Download\n\t\t\t\t\t<\/a>\n\t\t\t<a href=\"https:\/\/fireware.nl\/de\/neue-erkenntnisse-in-das-unterrichten-zum-thema-brandverlauf-waehrend-der-meisterklasse-bei-fireware\/\" target=\"_blank\" rel=\"noopener\">\n\t\t\t\t\t\t\tKostenfreier Download\n\t\t\t\t\t<\/a>\n\n","protected":false},"excerpt":{"rendered":"<p>Bei FireWare unterst\u00fctzen wir Einsatzkr\u00e4fte weltweit dabei, so realistisch wie m\u00f6glich zu trainieren. Wissensaustausch spielt dabei eine wichtige Rolle. Deshalb<span class=\"excerpt-ellipsis\">&#8230;<\/span><\/p>\n","protected":false},"author":9,"featured_media":0,"parent":39887,"menu_order":0,"comment_status":"closed","ping_status":"closed","template":"","meta":{"footnotes":""},"class_list":["post-40009","page","type-page","status-publish","hentry"],"yoast_head":"<!-- This site is optimized with the Yoast SEO plugin v27.5 - https:\/\/yoast.com\/product\/yoast-seo-wordpress\/ -->\n<title>Whitepapers - FireWare<\/title>\n<meta name=\"robots\" content=\"index, follow, max-snippet:-1, max-image-preview:large, max-video-preview:-1\" \/>\n<link rel=\"canonical\" href=\"https:\/\/fireware.nl\/de\/simulation-academy\/whitepapers\/\" \/>\n<meta property=\"og:locale\" content=\"de_DE\" \/>\n<meta property=\"og:type\" content=\"article\" \/>\n<meta property=\"og:title\" content=\"Whitepapers - FireWare\" \/>\n<meta property=\"og:description\" content=\"Bei FireWare unterst\u00fctzen wir Einsatzkr\u00e4fte weltweit dabei, so realistisch wie m\u00f6glich zu trainieren. Wissensaustausch spielt dabei eine wichtige Rolle. Deshalb...\" \/>\n<meta property=\"og:url\" content=\"https:\/\/fireware.nl\/de\/simulation-academy\/whitepapers\/\" \/>\n<meta property=\"og:site_name\" content=\"FireWare\" \/>\n<meta property=\"article:publisher\" content=\"https:\/\/www.facebook.com\/FireWareBV\/\" \/>\n<meta property=\"article:modified_time\" content=\"2025-09-01T08:52:40+00:00\" \/>\n<meta property=\"og:image\" content=\"https:\/\/fireware.nl\/wp-content\/uploads\/2020\/03\/Whitepaper.jpg\" \/>\n<meta name=\"twitter:card\" content=\"summary_large_image\" \/>\n<meta name=\"twitter:site\" content=\"@FireWarebv\" \/>\n<meta name=\"twitter:label1\" content=\"Gesch\u00e4tzte Lesezeit\" \/>\n\t<meta name=\"twitter:data1\" content=\"1\u00a0Minute\" \/>\n<script type=\"application\/ld+json\" class=\"yoast-schema-graph\">{\"@context\":\"https:\\\/\\\/schema.org\",\"@graph\":[{\"@type\":\"WebPage\",\"@id\":\"https:\\\/\\\/fireware.nl\\\/de\\\/simulation-academy\\\/whitepapers\\\/\",\"url\":\"https:\\\/\\\/fireware.nl\\\/de\\\/simulation-academy\\\/whitepapers\\\/\",\"name\":\"Whitepapers - FireWare\",\"isPartOf\":{\"@id\":\"https:\\\/\\\/fireware.nl\\\/de\\\/#website\"},\"primaryImageOfPage\":{\"@id\":\"https:\\\/\\\/fireware.nl\\\/de\\\/simulation-academy\\\/whitepapers\\\/#primaryimage\"},\"image\":{\"@id\":\"https:\\\/\\\/fireware.nl\\\/de\\\/simulation-academy\\\/whitepapers\\\/#primaryimage\"},\"thumbnailUrl\":\"https:\\\/\\\/fireware.nl\\\/wp-content\\\/uploads\\\/2020\\\/03\\\/Whitepaper.jpg\",\"datePublished\":\"2020-03-04T15:10:59+00:00\",\"dateModified\":\"2025-09-01T08:52:40+00:00\",\"breadcrumb\":{\"@id\":\"https:\\\/\\\/fireware.nl\\\/de\\\/simulation-academy\\\/whitepapers\\\/#breadcrumb\"},\"inLanguage\":\"de\",\"potentialAction\":[{\"@type\":\"ReadAction\",\"target\":[\"https:\\\/\\\/fireware.nl\\\/de\\\/simulation-academy\\\/whitepapers\\\/\"]}]},{\"@type\":\"ImageObject\",\"inLanguage\":\"de\",\"@id\":\"https:\\\/\\\/fireware.nl\\\/de\\\/simulation-academy\\\/whitepapers\\\/#primaryimage\",\"url\":\"https:\\\/\\\/fireware.nl\\\/wp-content\\\/uploads\\\/2020\\\/03\\\/Whitepaper.jpg\",\"contentUrl\":\"https:\\\/\\\/fireware.nl\\\/wp-content\\\/uploads\\\/2020\\\/03\\\/Whitepaper.jpg\"},{\"@type\":\"BreadcrumbList\",\"@id\":\"https:\\\/\\\/fireware.nl\\\/de\\\/simulation-academy\\\/whitepapers\\\/#breadcrumb\",\"itemListElement\":[{\"@type\":\"ListItem\",\"position\":1,\"name\":\"Home\",\"item\":\"https:\\\/\\\/fireware.nl\\\/de\\\/\"},{\"@type\":\"ListItem\",\"position\":2,\"name\":\"Simulation Academy\",\"item\":\"https:\\\/\\\/fireware.nl\\\/de\\\/simulation-academy\\\/\"},{\"@type\":\"ListItem\",\"position\":3,\"name\":\"Whitepapers\"}]},{\"@type\":\"WebSite\",\"@id\":\"https:\\\/\\\/fireware.nl\\\/de\\\/#website\",\"url\":\"https:\\\/\\\/fireware.nl\\\/de\\\/\",\"name\":\"FireWare\",\"description\":\"CREATING REALISTIC  TRAINING ENVIRONMENTS\",\"publisher\":{\"@id\":\"https:\\\/\\\/fireware.nl\\\/de\\\/#organization\"},\"potentialAction\":[{\"@type\":\"SearchAction\",\"target\":{\"@type\":\"EntryPoint\",\"urlTemplate\":\"https:\\\/\\\/fireware.nl\\\/de\\\/?s={search_term_string}\"},\"query-input\":{\"@type\":\"PropertyValueSpecification\",\"valueRequired\":true,\"valueName\":\"search_term_string\"}}],\"inLanguage\":\"de\"},{\"@type\":\"Organization\",\"@id\":\"https:\\\/\\\/fireware.nl\\\/de\\\/#organization\",\"name\":\"FireWare\",\"url\":\"https:\\\/\\\/fireware.nl\\\/de\\\/\",\"logo\":{\"@type\":\"ImageObject\",\"inLanguage\":\"de\",\"@id\":\"https:\\\/\\\/fireware.nl\\\/de\\\/#\\\/schema\\\/logo\\\/image\\\/\",\"url\":\"https:\\\/\\\/fireware.nl\\\/wp-content\\\/uploads\\\/2018\\\/10\\\/FireWare-logo.jpg\",\"contentUrl\":\"https:\\\/\\\/fireware.nl\\\/wp-content\\\/uploads\\\/2018\\\/10\\\/FireWare-logo.jpg\",\"width\":171,\"height\":70,\"caption\":\"FireWare\"},\"image\":{\"@id\":\"https:\\\/\\\/fireware.nl\\\/de\\\/#\\\/schema\\\/logo\\\/image\\\/\"},\"sameAs\":[\"https:\\\/\\\/www.facebook.com\\\/FireWareBV\\\/\",\"https:\\\/\\\/x.com\\\/FireWarebv\",\"https:\\\/\\\/www.instagram.com\\\/fireware_nl\\\/\",\"https:\\\/\\\/www.linkedin.com\\\/company\\\/3586017\\\/\",\"https:\\\/\\\/www.youtube.com\\\/user\\\/firesalesrentconsult\"]}]}<\/script>\n<!-- \/ Yoast SEO plugin. -->","yoast_head_json":{"title":"Whitepapers - FireWare","robots":{"index":"index","follow":"follow","max-snippet":"max-snippet:-1","max-image-preview":"max-image-preview:large","max-video-preview":"max-video-preview:-1"},"canonical":"https:\/\/fireware.nl\/de\/simulation-academy\/whitepapers\/","og_locale":"de_DE","og_type":"article","og_title":"Whitepapers - FireWare","og_description":"Bei FireWare unterst\u00fctzen wir Einsatzkr\u00e4fte weltweit dabei, so realistisch wie m\u00f6glich zu trainieren. Wissensaustausch spielt dabei eine wichtige Rolle. Deshalb...","og_url":"https:\/\/fireware.nl\/de\/simulation-academy\/whitepapers\/","og_site_name":"FireWare","article_publisher":"https:\/\/www.facebook.com\/FireWareBV\/","article_modified_time":"2025-09-01T08:52:40+00:00","og_image":[{"url":"https:\/\/fireware.nl\/wp-content\/uploads\/2020\/03\/Whitepaper.jpg","type":"","width":"","height":""}],"twitter_card":"summary_large_image","twitter_site":"@FireWarebv","twitter_misc":{"Gesch\u00e4tzte Lesezeit":"1\u00a0Minute"},"schema":{"@context":"https:\/\/schema.org","@graph":[{"@type":"WebPage","@id":"https:\/\/fireware.nl\/de\/simulation-academy\/whitepapers\/","url":"https:\/\/fireware.nl\/de\/simulation-academy\/whitepapers\/","name":"Whitepapers - FireWare","isPartOf":{"@id":"https:\/\/fireware.nl\/de\/#website"},"primaryImageOfPage":{"@id":"https:\/\/fireware.nl\/de\/simulation-academy\/whitepapers\/#primaryimage"},"image":{"@id":"https:\/\/fireware.nl\/de\/simulation-academy\/whitepapers\/#primaryimage"},"thumbnailUrl":"https:\/\/fireware.nl\/wp-content\/uploads\/2020\/03\/Whitepaper.jpg","datePublished":"2020-03-04T15:10:59+00:00","dateModified":"2025-09-01T08:52:40+00:00","breadcrumb":{"@id":"https:\/\/fireware.nl\/de\/simulation-academy\/whitepapers\/#breadcrumb"},"inLanguage":"de","potentialAction":[{"@type":"ReadAction","target":["https:\/\/fireware.nl\/de\/simulation-academy\/whitepapers\/"]}]},{"@type":"ImageObject","inLanguage":"de","@id":"https:\/\/fireware.nl\/de\/simulation-academy\/whitepapers\/#primaryimage","url":"https:\/\/fireware.nl\/wp-content\/uploads\/2020\/03\/Whitepaper.jpg","contentUrl":"https:\/\/fireware.nl\/wp-content\/uploads\/2020\/03\/Whitepaper.jpg"},{"@type":"BreadcrumbList","@id":"https:\/\/fireware.nl\/de\/simulation-academy\/whitepapers\/#breadcrumb","itemListElement":[{"@type":"ListItem","position":1,"name":"Home","item":"https:\/\/fireware.nl\/de\/"},{"@type":"ListItem","position":2,"name":"Simulation Academy","item":"https:\/\/fireware.nl\/de\/simulation-academy\/"},{"@type":"ListItem","position":3,"name":"Whitepapers"}]},{"@type":"WebSite","@id":"https:\/\/fireware.nl\/de\/#website","url":"https:\/\/fireware.nl\/de\/","name":"FireWare","description":"CREATING REALISTIC  TRAINING ENVIRONMENTS","publisher":{"@id":"https:\/\/fireware.nl\/de\/#organization"},"potentialAction":[{"@type":"SearchAction","target":{"@type":"EntryPoint","urlTemplate":"https:\/\/fireware.nl\/de\/?s={search_term_string}"},"query-input":{"@type":"PropertyValueSpecification","valueRequired":true,"valueName":"search_term_string"}}],"inLanguage":"de"},{"@type":"Organization","@id":"https:\/\/fireware.nl\/de\/#organization","name":"FireWare","url":"https:\/\/fireware.nl\/de\/","logo":{"@type":"ImageObject","inLanguage":"de","@id":"https:\/\/fireware.nl\/de\/#\/schema\/logo\/image\/","url":"https:\/\/fireware.nl\/wp-content\/uploads\/2018\/10\/FireWare-logo.jpg","contentUrl":"https:\/\/fireware.nl\/wp-content\/uploads\/2018\/10\/FireWare-logo.jpg","width":171,"height":70,"caption":"FireWare"},"image":{"@id":"https:\/\/fireware.nl\/de\/#\/schema\/logo\/image\/"},"sameAs":["https:\/\/www.facebook.com\/FireWareBV\/","https:\/\/x.com\/FireWarebv","https:\/\/www.instagram.com\/fireware_nl\/","https:\/\/www.linkedin.com\/company\/3586017\/","https:\/\/www.youtube.com\/user\/firesalesrentconsult"]}]}},"publishpress_future_action":{"enabled":false,"date":"2026-05-12 22:03:55","action":"change-status","newStatus":"draft","terms":[],"taxonomy":"translation_priority","extraData":[]},"publishpress_future_workflow_manual_trigger":{"enabledWorkflows":[]},"_links":{"self":[{"href":"https:\/\/fireware.nl\/de\/wp-json\/wp\/v2\/pages\/40009","targetHints":{"allow":["GET"]}}],"collection":[{"href":"https:\/\/fireware.nl\/de\/wp-json\/wp\/v2\/pages"}],"about":[{"href":"https:\/\/fireware.nl\/de\/wp-json\/wp\/v2\/types\/page"}],"author":[{"embeddable":true,"href":"https:\/\/fireware.nl\/de\/wp-json\/wp\/v2\/users\/9"}],"replies":[{"embeddable":true,"href":"https:\/\/fireware.nl\/de\/wp-json\/wp\/v2\/comments?post=40009"}],"version-history":[{"count":1,"href":"https:\/\/fireware.nl\/de\/wp-json\/wp\/v2\/pages\/40009\/revisions"}],"predecessor-version":[{"id":129156,"href":"https:\/\/fireware.nl\/de\/wp-json\/wp\/v2\/pages\/40009\/revisions\/129156"}],"up":[{"embeddable":true,"href":"https:\/\/fireware.nl\/de\/wp-json\/wp\/v2\/pages\/39887"}],"wp:attachment":[{"href":"https:\/\/fireware.nl\/de\/wp-json\/wp\/v2\/media?parent=40009"}],"curies":[{"name":"wp","href":"https:\/\/api.w.org\/{rel}","templated":true}]}}