
{"id":41101,"date":"2020-04-09T08:43:49","date_gmt":"2020-04-09T08:43:49","guid":{"rendered":"https:\/\/fireware.nl\/wissensplattform\/fachkundig-per-fernunterricht\/"},"modified":"2022-03-02T14:53:22","modified_gmt":"2022-03-02T14:53:22","slug":"fachkundig-per-fernunterricht","status":"publish","type":"page","link":"https:\/\/fireware.nl\/de\/simulation-academy\/fachkundig-per-fernunterricht\/","title":{"rendered":"Fachkundig per Fernunterricht"},"content":{"rendered":"\n\n\t\t\t\t<img loading=\"lazy\" decoding=\"async\" src=\"https:\/\/fireware.nl\/wp-content\/uploads\/2020\/05\/Fachkundig-per-Fernunterricht-1.jpg\" alt=\"Fachkundig per Fernunterricht\" itemprop=\"image\" height=\"800\" width=\"2200\" title=\"Fachkundig per Fernunterricht\" onerror=\"this.style.display='none'\"  \/>\n\t<p><strong>Unser Leben hat sich von einem Tag auf den anderen ver\u00e4ndert. Damit hat sich auch die berufliche Kompetenz ver\u00e4ndert. Wo wir vorher den gemeinsamen \u00dcbungsabend hatten, ist dies jetzt kompliziert oder nicht m\u00f6glich. Es darf nicht so sein, dass \u00fcberhaupt nichts mehr in puncto Fachkompetenz im Hilfeleistungssektor unternommen wird. Was ist noch m\u00f6glich? Auf welche alternative Weise k\u00f6nnen wir der Ausbildung und der \u00dcbung Substanz verleihen?<\/strong><\/p>\n<p>Das sind viele Fragen und noch wenige Antworten. Auf dieser Seite teilen wir Initiativen und Erfahrungen im Zusammenhang mit dem Projekt \u201eFachkundig per Fernunterricht&#8221;. Webinare, Streams, E-Learning, Elos, aber auch der soziale Aspekt. Was l\u00e4uft gut, aber vor allem, was l\u00e4uft nicht gut und woraus k\u00f6nnen andere lernen?<\/p>\n<p>Derzeit haben sich die <a href=\"https:\/\/www.vrnhn.nl\/\">Sicherheitsregio Nordholland Nord<\/a>, die <a href=\"https:\/\/www.zhzveilig.nl\/\">Sicherheitsregio S\u00fcdholland S\u00fcd<\/a>, die <a href=\"https:\/\/www.vrgz.nl\/\">Sicherheitsregio Gelderland\u00a0 S\u00fcd<\/a>, <a href=\"https:\/\/mentaalbewust.nl\/\">Mentaalbewust<\/a> und <a href=\"https:\/\/fireware.nl\/\">FireWare<\/a> zusammengetan. Wir lernen voneinander und tauschen Erfahrungen aus, um gemeinsam die steile Lernkurve zu durchlaufen. Wir behalten diese Informationen nicht f\u00fcr uns, wir teilen sie aktiv \u00fcber soziale Medien und hier auf dieser Website.<\/p>\n<p>Ben\u00f6tigen Sie Informationen oder m\u00f6chten Sie auch einen Beitrag leisten? Z\u00f6gern Sie nicht, uns zu <a href=\"https:\/\/fireware.nl\/de\/kontakt\/\">kontaktieren<\/a>. Wir arbeiten gerne zusammen. Durch Teilen wird man reich!<\/p>\n\t<p><strong>PUBLIKATIONEN<\/strong><\/p>\n<hr \/>\n<p>&nbsp;<\/p>\n\t\t\t\t<img loading=\"lazy\" decoding=\"async\" src=\"https:\/\/fireware.nl\/wp-content\/uploads\/2020\/04\/Logo-vakbekwaam-op-afstand.jpg\" alt=\"Logo vakbekwaam op afstand\" itemprop=\"image\" height=\"178\" width=\"300\" title=\"Logo vakbekwaam op afstand\" onerror=\"this.style.display='none'\"  \/>\n\t<p><strong>WEBINARE<\/strong><\/p>\n<hr \/>\n<p>&nbsp;<\/p>\n\n","protected":false},"excerpt":{"rendered":"<p>Unser Leben hat sich von einem Tag auf den anderen ver\u00e4ndert. Damit hat sich auch die berufliche Kompetenz ver\u00e4ndert. Wo<span class=\"excerpt-ellipsis\">&#8230;<\/span><\/p>\n","protected":false},"author":9,"featured_media":42381,"parent":39887,"menu_order":0,"comment_status":"closed","ping_status":"closed","template":"","meta":{"footnotes":""},"class_list":["post-41101","page","type-page","status-publish","has-post-thumbnail","hentry"],"yoast_head":"<!-- This site is optimized with the Yoast SEO plugin v27.5 - https:\/\/yoast.com\/product\/yoast-seo-wordpress\/ -->\n<title>Fachkundig per Fernunterricht - FireWare<\/title>\n<meta name=\"robots\" content=\"index, follow, max-snippet:-1, max-image-preview:large, max-video-preview:-1\" \/>\n<link rel=\"canonical\" href=\"https:\/\/fireware.nl\/de\/simulation-academy\/fachkundig-per-fernunterricht\/\" \/>\n<meta property=\"og:locale\" content=\"de_DE\" \/>\n<meta property=\"og:type\" content=\"article\" \/>\n<meta property=\"og:title\" content=\"Fachkundig per Fernunterricht - FireWare\" \/>\n<meta property=\"og:description\" content=\"Unser Leben hat sich von einem Tag auf den anderen ver\u00e4ndert. Damit hat sich auch die berufliche Kompetenz ver\u00e4ndert. Wo...\" \/>\n<meta property=\"og:url\" content=\"https:\/\/fireware.nl\/de\/simulation-academy\/fachkundig-per-fernunterricht\/\" \/>\n<meta property=\"og:site_name\" content=\"FireWare\" \/>\n<meta property=\"article:publisher\" content=\"https:\/\/www.facebook.com\/FireWareBV\/\" \/>\n<meta property=\"article:modified_time\" content=\"2022-03-02T14:53:22+00:00\" \/>\n<meta property=\"og:image\" content=\"https:\/\/fireware.nl\/wp-content\/uploads\/2020\/05\/Fachkundig-per-Fernunterricht-1.jpg\" \/>\n\t<meta property=\"og:image:width\" content=\"2200\" \/>\n\t<meta property=\"og:image:height\" content=\"800\" \/>\n\t<meta property=\"og:image:type\" content=\"image\/jpeg\" \/>\n<meta name=\"twitter:card\" content=\"summary_large_image\" \/>\n<meta name=\"twitter:site\" content=\"@FireWarebv\" \/>\n<meta name=\"twitter:label1\" content=\"Gesch\u00e4tzte Lesezeit\" \/>\n\t<meta name=\"twitter:data1\" content=\"1\u00a0Minute\" \/>\n<script type=\"application\/ld+json\" class=\"yoast-schema-graph\">{\"@context\":\"https:\\\/\\\/schema.org\",\"@graph\":[{\"@type\":\"WebPage\",\"@id\":\"https:\\\/\\\/fireware.nl\\\/de\\\/simulation-academy\\\/fachkundig-per-fernunterricht\\\/\",\"url\":\"https:\\\/\\\/fireware.nl\\\/de\\\/simulation-academy\\\/fachkundig-per-fernunterricht\\\/\",\"name\":\"Fachkundig per Fernunterricht - FireWare\",\"isPartOf\":{\"@id\":\"https:\\\/\\\/fireware.nl\\\/de\\\/#website\"},\"primaryImageOfPage\":{\"@id\":\"https:\\\/\\\/fireware.nl\\\/de\\\/simulation-academy\\\/fachkundig-per-fernunterricht\\\/#primaryimage\"},\"image\":{\"@id\":\"https:\\\/\\\/fireware.nl\\\/de\\\/simulation-academy\\\/fachkundig-per-fernunterricht\\\/#primaryimage\"},\"thumbnailUrl\":\"https:\\\/\\\/fireware.nl\\\/wp-content\\\/uploads\\\/2020\\\/05\\\/Fachkundig-per-Fernunterricht-1.jpg\",\"datePublished\":\"2020-04-09T08:43:49+00:00\",\"dateModified\":\"2022-03-02T14:53:22+00:00\",\"breadcrumb\":{\"@id\":\"https:\\\/\\\/fireware.nl\\\/de\\\/simulation-academy\\\/fachkundig-per-fernunterricht\\\/#breadcrumb\"},\"inLanguage\":\"de\",\"potentialAction\":[{\"@type\":\"ReadAction\",\"target\":[\"https:\\\/\\\/fireware.nl\\\/de\\\/simulation-academy\\\/fachkundig-per-fernunterricht\\\/\"]}]},{\"@type\":\"ImageObject\",\"inLanguage\":\"de\",\"@id\":\"https:\\\/\\\/fireware.nl\\\/de\\\/simulation-academy\\\/fachkundig-per-fernunterricht\\\/#primaryimage\",\"url\":\"https:\\\/\\\/fireware.nl\\\/wp-content\\\/uploads\\\/2020\\\/05\\\/Fachkundig-per-Fernunterricht-1.jpg\",\"contentUrl\":\"https:\\\/\\\/fireware.nl\\\/wp-content\\\/uploads\\\/2020\\\/05\\\/Fachkundig-per-Fernunterricht-1.jpg\",\"width\":2200,\"height\":800},{\"@type\":\"BreadcrumbList\",\"@id\":\"https:\\\/\\\/fireware.nl\\\/de\\\/simulation-academy\\\/fachkundig-per-fernunterricht\\\/#breadcrumb\",\"itemListElement\":[{\"@type\":\"ListItem\",\"position\":1,\"name\":\"Home\",\"item\":\"https:\\\/\\\/fireware.nl\\\/de\\\/\"},{\"@type\":\"ListItem\",\"position\":2,\"name\":\"Simulation Academy\",\"item\":\"https:\\\/\\\/fireware.nl\\\/de\\\/simulation-academy\\\/\"},{\"@type\":\"ListItem\",\"position\":3,\"name\":\"Fachkundig per Fernunterricht\"}]},{\"@type\":\"WebSite\",\"@id\":\"https:\\\/\\\/fireware.nl\\\/de\\\/#website\",\"url\":\"https:\\\/\\\/fireware.nl\\\/de\\\/\",\"name\":\"FireWare\",\"description\":\"CREATING REALISTIC  TRAINING ENVIRONMENTS\",\"publisher\":{\"@id\":\"https:\\\/\\\/fireware.nl\\\/de\\\/#organization\"},\"potentialAction\":[{\"@type\":\"SearchAction\",\"target\":{\"@type\":\"EntryPoint\",\"urlTemplate\":\"https:\\\/\\\/fireware.nl\\\/de\\\/?s={search_term_string}\"},\"query-input\":{\"@type\":\"PropertyValueSpecification\",\"valueRequired\":true,\"valueName\":\"search_term_string\"}}],\"inLanguage\":\"de\"},{\"@type\":\"Organization\",\"@id\":\"https:\\\/\\\/fireware.nl\\\/de\\\/#organization\",\"name\":\"FireWare\",\"url\":\"https:\\\/\\\/fireware.nl\\\/de\\\/\",\"logo\":{\"@type\":\"ImageObject\",\"inLanguage\":\"de\",\"@id\":\"https:\\\/\\\/fireware.nl\\\/de\\\/#\\\/schema\\\/logo\\\/image\\\/\",\"url\":\"https:\\\/\\\/fireware.nl\\\/wp-content\\\/uploads\\\/2018\\\/10\\\/FireWare-logo.jpg\",\"contentUrl\":\"https:\\\/\\\/fireware.nl\\\/wp-content\\\/uploads\\\/2018\\\/10\\\/FireWare-logo.jpg\",\"width\":171,\"height\":70,\"caption\":\"FireWare\"},\"image\":{\"@id\":\"https:\\\/\\\/fireware.nl\\\/de\\\/#\\\/schema\\\/logo\\\/image\\\/\"},\"sameAs\":[\"https:\\\/\\\/www.facebook.com\\\/FireWareBV\\\/\",\"https:\\\/\\\/x.com\\\/FireWarebv\",\"https:\\\/\\\/www.instagram.com\\\/fireware_nl\\\/\",\"https:\\\/\\\/www.linkedin.com\\\/company\\\/3586017\\\/\",\"https:\\\/\\\/www.youtube.com\\\/user\\\/firesalesrentconsult\"]}]}<\/script>\n<!-- \/ Yoast SEO plugin. -->","yoast_head_json":{"title":"Fachkundig per Fernunterricht - FireWare","robots":{"index":"index","follow":"follow","max-snippet":"max-snippet:-1","max-image-preview":"max-image-preview:large","max-video-preview":"max-video-preview:-1"},"canonical":"https:\/\/fireware.nl\/de\/simulation-academy\/fachkundig-per-fernunterricht\/","og_locale":"de_DE","og_type":"article","og_title":"Fachkundig per Fernunterricht - FireWare","og_description":"Unser Leben hat sich von einem Tag auf den anderen ver\u00e4ndert. Damit hat sich auch die berufliche Kompetenz ver\u00e4ndert. Wo...","og_url":"https:\/\/fireware.nl\/de\/simulation-academy\/fachkundig-per-fernunterricht\/","og_site_name":"FireWare","article_publisher":"https:\/\/www.facebook.com\/FireWareBV\/","article_modified_time":"2022-03-02T14:53:22+00:00","og_image":[{"width":2200,"height":800,"url":"https:\/\/fireware.nl\/wp-content\/uploads\/2020\/05\/Fachkundig-per-Fernunterricht-1.jpg","type":"image\/jpeg"}],"twitter_card":"summary_large_image","twitter_site":"@FireWarebv","twitter_misc":{"Gesch\u00e4tzte Lesezeit":"1\u00a0Minute"},"schema":{"@context":"https:\/\/schema.org","@graph":[{"@type":"WebPage","@id":"https:\/\/fireware.nl\/de\/simulation-academy\/fachkundig-per-fernunterricht\/","url":"https:\/\/fireware.nl\/de\/simulation-academy\/fachkundig-per-fernunterricht\/","name":"Fachkundig per Fernunterricht - FireWare","isPartOf":{"@id":"https:\/\/fireware.nl\/de\/#website"},"primaryImageOfPage":{"@id":"https:\/\/fireware.nl\/de\/simulation-academy\/fachkundig-per-fernunterricht\/#primaryimage"},"image":{"@id":"https:\/\/fireware.nl\/de\/simulation-academy\/fachkundig-per-fernunterricht\/#primaryimage"},"thumbnailUrl":"https:\/\/fireware.nl\/wp-content\/uploads\/2020\/05\/Fachkundig-per-Fernunterricht-1.jpg","datePublished":"2020-04-09T08:43:49+00:00","dateModified":"2022-03-02T14:53:22+00:00","breadcrumb":{"@id":"https:\/\/fireware.nl\/de\/simulation-academy\/fachkundig-per-fernunterricht\/#breadcrumb"},"inLanguage":"de","potentialAction":[{"@type":"ReadAction","target":["https:\/\/fireware.nl\/de\/simulation-academy\/fachkundig-per-fernunterricht\/"]}]},{"@type":"ImageObject","inLanguage":"de","@id":"https:\/\/fireware.nl\/de\/simulation-academy\/fachkundig-per-fernunterricht\/#primaryimage","url":"https:\/\/fireware.nl\/wp-content\/uploads\/2020\/05\/Fachkundig-per-Fernunterricht-1.jpg","contentUrl":"https:\/\/fireware.nl\/wp-content\/uploads\/2020\/05\/Fachkundig-per-Fernunterricht-1.jpg","width":2200,"height":800},{"@type":"BreadcrumbList","@id":"https:\/\/fireware.nl\/de\/simulation-academy\/fachkundig-per-fernunterricht\/#breadcrumb","itemListElement":[{"@type":"ListItem","position":1,"name":"Home","item":"https:\/\/fireware.nl\/de\/"},{"@type":"ListItem","position":2,"name":"Simulation Academy","item":"https:\/\/fireware.nl\/de\/simulation-academy\/"},{"@type":"ListItem","position":3,"name":"Fachkundig per Fernunterricht"}]},{"@type":"WebSite","@id":"https:\/\/fireware.nl\/de\/#website","url":"https:\/\/fireware.nl\/de\/","name":"FireWare","description":"CREATING REALISTIC  TRAINING ENVIRONMENTS","publisher":{"@id":"https:\/\/fireware.nl\/de\/#organization"},"potentialAction":[{"@type":"SearchAction","target":{"@type":"EntryPoint","urlTemplate":"https:\/\/fireware.nl\/de\/?s={search_term_string}"},"query-input":{"@type":"PropertyValueSpecification","valueRequired":true,"valueName":"search_term_string"}}],"inLanguage":"de"},{"@type":"Organization","@id":"https:\/\/fireware.nl\/de\/#organization","name":"FireWare","url":"https:\/\/fireware.nl\/de\/","logo":{"@type":"ImageObject","inLanguage":"de","@id":"https:\/\/fireware.nl\/de\/#\/schema\/logo\/image\/","url":"https:\/\/fireware.nl\/wp-content\/uploads\/2018\/10\/FireWare-logo.jpg","contentUrl":"https:\/\/fireware.nl\/wp-content\/uploads\/2018\/10\/FireWare-logo.jpg","width":171,"height":70,"caption":"FireWare"},"image":{"@id":"https:\/\/fireware.nl\/de\/#\/schema\/logo\/image\/"},"sameAs":["https:\/\/www.facebook.com\/FireWareBV\/","https:\/\/x.com\/FireWarebv","https:\/\/www.instagram.com\/fireware_nl\/","https:\/\/www.linkedin.com\/company\/3586017\/","https:\/\/www.youtube.com\/user\/firesalesrentconsult"]}]}},"publishpress_future_action":{"enabled":false,"date":"2026-05-12 22:05:11","action":"change-status","newStatus":"draft","terms":[],"taxonomy":"translation_priority","extraData":[]},"publishpress_future_workflow_manual_trigger":{"enabledWorkflows":[]},"_links":{"self":[{"href":"https:\/\/fireware.nl\/de\/wp-json\/wp\/v2\/pages\/41101","targetHints":{"allow":["GET"]}}],"collection":[{"href":"https:\/\/fireware.nl\/de\/wp-json\/wp\/v2\/pages"}],"about":[{"href":"https:\/\/fireware.nl\/de\/wp-json\/wp\/v2\/types\/page"}],"author":[{"embeddable":true,"href":"https:\/\/fireware.nl\/de\/wp-json\/wp\/v2\/users\/9"}],"replies":[{"embeddable":true,"href":"https:\/\/fireware.nl\/de\/wp-json\/wp\/v2\/comments?post=41101"}],"version-history":[{"count":0,"href":"https:\/\/fireware.nl\/de\/wp-json\/wp\/v2\/pages\/41101\/revisions"}],"up":[{"embeddable":true,"href":"https:\/\/fireware.nl\/de\/wp-json\/wp\/v2\/pages\/39887"}],"wp:featuredmedia":[{"embeddable":true,"href":"https:\/\/fireware.nl\/de\/wp-json\/wp\/v2\/media\/42381"}],"wp:attachment":[{"href":"https:\/\/fireware.nl\/de\/wp-json\/wp\/v2\/media?parent=41101"}],"curies":[{"name":"wp","href":"https:\/\/api.w.org\/{rel}","templated":true}]}}