
{"id":58611,"date":"2021-03-22T11:43:47","date_gmt":"2021-03-22T11:43:47","guid":{"rendered":"https:\/\/fireware.nl\/der-safety-library-inspirationsplatz\/"},"modified":"2021-03-22T11:44:48","modified_gmt":"2021-03-22T11:44:48","slug":"der-safety-library-inspirationsplatz","status":"publish","type":"page","link":"https:\/\/fireware.nl\/de\/der-safety-library-inspirationsplatz\/","title":{"rendered":"Der Safety Library-Inspirationsplatz"},"content":{"rendered":"\n\n\t\t\t\t<img loading=\"lazy\" decoding=\"async\" src=\"https:\/\/fireware.nl\/wp-content\/uploads\/2020\/10\/FireWare-Safety-Library.jpg\" alt=\"FireWare Safety Library\" itemprop=\"image\" height=\"800\" width=\"2200\" title=\"FireWare Safety Library\" onerror=\"this.style.display='none'\"  \/>\n\t\n<p>Mit den mehr als 2500 Abbildungen aus der FireWare- Safety Library (Sicherheitsbibliothek) k\u00f6nnen Sie unendlich viele Szenarien kreieren. Vom Evakuierungsszenario zum interaktiven Feuerszenario und von der Tisch\u00fcbung f\u00fcr betriebliche Notfallhilfema\u00dfnahmen des Werkschutzes oder der Feuerwehr bis zum Falltraining. Sie k\u00f6nnen gar nicht so verr\u00fcckt denken: wir haben es! Alle Kreationen kommen auf dem Inspirationsplatz zusammen.<\/p>\n<p>Haben Sie mit den Abbildungen aus der Safety Library selbst etwas Sch\u00f6nes gemacht? Dann senden Sie uns Ihre Szenarien zu. Wir werden dann Ihre Kreation zur \u00dcbersicht hinzuf\u00fcgen und dabei Ihre Organisation nennen. Das machen wir gerne!<\/p>\n\t\t\t<a href=\"mailto:dennis@fireware.nl?subject=Ich teile gerne Inspiration mit der Community\" target=\"_blank\" role=\"button\" rel=\"noopener\">\n\t\t\t\t\t\t\tTeilen Sie Ihre Inspiration\n\t\t\t\t\t<\/a>\n\t\t\t<a href=\"https:\/\/fireware.nl\/de\/safety-library\/\" target=\"_blank\" role=\"button\" rel=\"noopener\">\n\t\t\t\t\t\t\tZur Safety Library\n\t\t\t\t\t<\/a>\n\t<h2>Szenarien<\/h2>\n\t\t\t\t<a href=\"https:\/\/fireware.nl\/wp-content\/uploads\/2020\/10\/Safety-Library-scenario.jpg\" target=\"_self\" itemprop=\"url\" rel=\"noopener\">\n\t\t\t\t<img loading=\"lazy\" decoding=\"async\" src=\"https:\/\/fireware.nl\/wp-content\/uploads\/2020\/10\/Safety-Library-scenario.jpg\" alt=\"Safety Library - scenario\" itemprop=\"image\" height=\"768\" width=\"1024\" title=\"Safety Library - scenario\" onerror=\"this.style.display='none'\"  \/>\n\t\t\t\t<\/a>\n\t\n\t\t\t\t<a href=\"https:\/\/fireware.nl\/wp-content\/uploads\/2020\/10\/Kantoorscenario.jpg\" target=\"_self\" itemprop=\"url\" rel=\"noopener\">\n\t\t\t\t<img loading=\"lazy\" decoding=\"async\" src=\"https:\/\/fireware.nl\/wp-content\/uploads\/2020\/10\/Kantoorscenario.jpg\" alt=\"Kantoorscenario\" itemprop=\"image\" height=\"768\" width=\"1024\" title=\"Kantoorscenario\" onerror=\"this.style.display='none'\"  \/>\n\t\t\t\t<\/a>\n\t\n\t\t\t\t<a href=\"https:\/\/fireware.nl\/wp-content\/uploads\/2020\/10\/Road-incident-2.jpg\" target=\"_self\" itemprop=\"url\" rel=\"noopener\">\n\t\t\t\t<img loading=\"lazy\" decoding=\"async\" src=\"https:\/\/fireware.nl\/wp-content\/uploads\/2020\/10\/Road-incident-2.jpg\" alt=\"Road incident 2\" itemprop=\"image\" height=\"768\" width=\"1024\" title=\"Road incident 2\" onerror=\"this.style.display='none'\"  \/>\n\t\t\t\t<\/a>\n\t\n\t\t\t\t<a href=\"https:\/\/fireware.nl\/wp-content\/uploads\/2020\/10\/Tankstation-1.jpg\" target=\"_self\" itemprop=\"url\" rel=\"noopener\">\n\t\t\t\t<img loading=\"lazy\" decoding=\"async\" src=\"https:\/\/fireware.nl\/wp-content\/uploads\/2020\/10\/Tankstation-1.jpg\" alt=\"Tankstation 1\" itemprop=\"image\" height=\"768\" width=\"1024\" title=\"Tankstation 1\" onerror=\"this.style.display='none'\"  \/>\n\t\t\t\t<\/a>\n\t\n\t\t\t\t<a href=\"https:\/\/fireware.nl\/wp-content\/uploads\/2020\/10\/Verwondingen-1.jpg\" target=\"_self\" itemprop=\"url\" rel=\"noopener\">\n\t\t\t\t<img loading=\"lazy\" decoding=\"async\" src=\"https:\/\/fireware.nl\/wp-content\/uploads\/2020\/10\/Verwondingen-1.jpg\" alt=\"Verwondingen\" itemprop=\"image\" height=\"768\" width=\"1024\" title=\"Verwondingen\" onerror=\"this.style.display='none'\"  \/>\n\t\t\t\t<\/a>\n\t\n\t\t\t\t<a href=\"https:\/\/fireware.nl\/wp-content\/uploads\/2020\/10\/Verkeersincident-gevaarlijke-stoffen.jpg\" target=\"_self\" itemprop=\"url\" rel=\"noopener\">\n\t\t\t\t<img loading=\"lazy\" decoding=\"async\" src=\"https:\/\/fireware.nl\/wp-content\/uploads\/2020\/10\/Verkeersincident-gevaarlijke-stoffen.jpg\" alt=\"Verkeersincident gevaarlijke stoffen\" itemprop=\"image\" height=\"768\" width=\"1024\" title=\"Verkeersincident gevaarlijke stoffen\" onerror=\"this.style.display='none'\"  \/>\n\t\t\t\t<\/a>\n\t\n\t\t\t\t<a href=\"https:\/\/fireware.nl\/wp-content\/uploads\/2020\/10\/Table-top-oefening-Brandweer.jpg\" target=\"_self\" itemprop=\"url\" rel=\"noopener\">\n\t\t\t\t<img loading=\"lazy\" decoding=\"async\" src=\"https:\/\/fireware.nl\/wp-content\/uploads\/2020\/10\/Table-top-oefening-Brandweer.jpg\" alt=\"Table top oefening Brandweer\" itemprop=\"image\" height=\"768\" width=\"1024\" title=\"Table top oefening Brandweer\" onerror=\"this.style.display='none'\"  \/>\n\t\t\t\t<\/a>\n\t\n\t\t\t\t<a href=\"https:\/\/fireware.nl\/wp-content\/uploads\/2020\/10\/Road-incident.jpg\" target=\"_self\" itemprop=\"url\" rel=\"noopener\">\n\t\t\t\t<img loading=\"lazy\" decoding=\"async\" src=\"https:\/\/fireware.nl\/wp-content\/uploads\/2020\/10\/Road-incident.jpg\" alt=\"Road incident\" itemprop=\"image\" height=\"1125\" width=\"1506\" title=\"Road incident\" onerror=\"this.style.display='none'\"  \/>\n\t\t\t\t<\/a>\n\t\n\t\t\t\t<a href=\"https:\/\/fireware.nl\/wp-content\/uploads\/2020\/10\/Autobrand-elektrisch.jpg\" target=\"_self\" itemprop=\"url\" rel=\"noopener\">\n\t\t\t\t<img loading=\"lazy\" decoding=\"async\" src=\"https:\/\/fireware.nl\/wp-content\/uploads\/2020\/10\/Autobrand-elektrisch.jpg\" alt=\"Autobrand elektrisch\" itemprop=\"image\" height=\"768\" width=\"1024\" title=\"Autobrand elektrisch\" onerror=\"this.style.display='none'\"  \/>\n\t\t\t\t<\/a>\n\t\n\t\t\t\t<a href=\"https:\/\/fireware.nl\/wp-content\/uploads\/2020\/10\/Verwondingen-2.jpg\" target=\"_self\" itemprop=\"url\" rel=\"noopener\">\n\t\t\t\t<img loading=\"lazy\" decoding=\"async\" src=\"https:\/\/fireware.nl\/wp-content\/uploads\/2020\/10\/Verwondingen-2.jpg\" alt=\"Verwondingen 2\" itemprop=\"image\" height=\"768\" width=\"1024\" title=\"Verwondingen 2\" onerror=\"this.style.display='none'\"  \/>\n\t\t\t\t<\/a>\n\t\n\t\t\t\t<a href=\"https:\/\/fireware.nl\/wp-content\/uploads\/2020\/10\/Scenario-met-vlammen-en-rook.jpg\" target=\"_self\" itemprop=\"url\" rel=\"noopener\">\n\t\t\t\t<img loading=\"lazy\" decoding=\"async\" src=\"https:\/\/fireware.nl\/wp-content\/uploads\/2020\/10\/Scenario-met-vlammen-en-rook.jpg\" alt=\"Scenario met vlammen en rook\" itemprop=\"image\" height=\"768\" width=\"1024\" title=\"Scenario met vlammen en rook\" onerror=\"this.style.display='none'\"  \/>\n\t\t\t\t<\/a>\n\t\n\t\t\t\t<a href=\"https:\/\/fireware.nl\/wp-content\/uploads\/2020\/10\/BHV-Table-top.jpg\" target=\"_self\" itemprop=\"url\" rel=\"noopener\">\n\t\t\t\t<img loading=\"lazy\" decoding=\"async\" src=\"https:\/\/fireware.nl\/wp-content\/uploads\/2020\/10\/BHV-Table-top.jpg\" alt=\"BHV Table top\" itemprop=\"image\" height=\"768\" width=\"1024\" title=\"BHV Table top\" onerror=\"this.style.display='none'\"  \/>\n\t\t\t\t<\/a>\n\t\n\t\t\t\t<a href=\"https:\/\/fireware.nl\/wp-content\/uploads\/2020\/10\/Tunnel-fire.jpg\" target=\"_self\" itemprop=\"url\" rel=\"noopener\">\n\t\t\t\t<img loading=\"lazy\" decoding=\"async\" src=\"https:\/\/fireware.nl\/wp-content\/uploads\/2020\/10\/Tunnel-fire.jpg\" alt=\"Tunnel fire\" itemprop=\"image\" height=\"768\" width=\"1024\" title=\"Tunnel fire\" onerror=\"this.style.display='none'\"  \/>\n\t\t\t\t<\/a>\n\t\n\t\t\t\t<a href=\"https:\/\/fireware.nl\/wp-content\/uploads\/2020\/10\/Office-scenario.jpg\" target=\"_self\" itemprop=\"url\" rel=\"noopener\">\n\t\t\t\t<img loading=\"lazy\" decoding=\"async\" src=\"https:\/\/fireware.nl\/wp-content\/uploads\/2020\/10\/Office-scenario.jpg\" alt=\"Office scenario\" itemprop=\"image\" height=\"768\" width=\"1024\" title=\"Office scenario\" onerror=\"this.style.display='none'\"  \/>\n\t\t\t\t<\/a>\n\t\n\t\t\t\t<a href=\"https:\/\/fireware.nl\/wp-content\/uploads\/2020\/10\/Verwondingen-3.jpg\" target=\"_self\" itemprop=\"url\" rel=\"noopener\">\n\t\t\t\t<img loading=\"lazy\" decoding=\"async\" src=\"https:\/\/fireware.nl\/wp-content\/uploads\/2020\/10\/Verwondingen-3.jpg\" alt=\"Verwondingen 3\" itemprop=\"image\" height=\"768\" width=\"1024\" title=\"Verwondingen 3\" onerror=\"this.style.display='none'\"  \/>\n\t\t\t\t<\/a>\n\t\n\n","protected":false},"excerpt":{"rendered":"<p>Mit den mehr als 2500 Abbildungen aus der FireWare- Safety Library (Sicherheitsbibliothek) k\u00f6nnen Sie unendlich viele Szenarien kreieren. Vom Evakuierungsszenario<span class=\"excerpt-ellipsis\">&#8230;<\/span><\/p>\n","protected":false},"author":9,"featured_media":49490,"parent":0,"menu_order":0,"comment_status":"closed","ping_status":"closed","template":"","meta":{"footnotes":""},"class_list":["post-58611","page","type-page","status-publish","has-post-thumbnail","hentry"],"yoast_head":"<!-- This site is optimized with the Yoast SEO plugin v27.5 - https:\/\/yoast.com\/product\/yoast-seo-wordpress\/ -->\n<title>Der Safety Library-Inspirationsplatz - FireWare<\/title>\n<meta name=\"robots\" content=\"index, follow, max-snippet:-1, max-image-preview:large, max-video-preview:-1\" \/>\n<link rel=\"canonical\" href=\"https:\/\/fireware.nl\/de\/der-safety-library-inspirationsplatz\/\" \/>\n<meta property=\"og:locale\" content=\"de_DE\" \/>\n<meta property=\"og:type\" content=\"article\" \/>\n<meta property=\"og:title\" content=\"Teilen Sie Ihre Szenarien mit der Community!\" \/>\n<meta property=\"og:description\" content=\"Mit den mehr als 2500 Abbildungen aus der FireWare- Safety Library (Sicherheitsbibliothek) k\u00f6nnen Sie unendlich viele Szenarien kreieren. Vom Evakuierungsszenario...\" \/>\n<meta property=\"og:url\" content=\"https:\/\/fireware.nl\/de\/der-safety-library-inspirationsplatz\/\" \/>\n<meta property=\"og:site_name\" content=\"FireWare\" \/>\n<meta property=\"article:publisher\" content=\"https:\/\/www.facebook.com\/FireWareBV\/\" \/>\n<meta property=\"article:modified_time\" content=\"2021-03-22T11:44:48+00:00\" \/>\n<meta property=\"og:image\" content=\"https:\/\/fireware.nl\/wp-content\/uploads\/2020\/10\/Inspiratieplein.jpg\" \/>\n<meta name=\"twitter:card\" content=\"summary_large_image\" \/>\n<meta name=\"twitter:site\" content=\"@FireWarebv\" \/>\n<meta name=\"twitter:label1\" content=\"Gesch\u00e4tzte Lesezeit\" \/>\n\t<meta name=\"twitter:data1\" content=\"1\u00a0Minute\" \/>\n<script type=\"application\/ld+json\" class=\"yoast-schema-graph\">{\"@context\":\"https:\\\/\\\/schema.org\",\"@graph\":[{\"@type\":\"WebPage\",\"@id\":\"https:\\\/\\\/fireware.nl\\\/de\\\/der-safety-library-inspirationsplatz\\\/\",\"url\":\"https:\\\/\\\/fireware.nl\\\/de\\\/der-safety-library-inspirationsplatz\\\/\",\"name\":\"Der Safety Library-Inspirationsplatz - FireWare\",\"isPartOf\":{\"@id\":\"https:\\\/\\\/fireware.nl\\\/de\\\/#website\"},\"primaryImageOfPage\":{\"@id\":\"https:\\\/\\\/fireware.nl\\\/de\\\/der-safety-library-inspirationsplatz\\\/#primaryimage\"},\"image\":{\"@id\":\"https:\\\/\\\/fireware.nl\\\/de\\\/der-safety-library-inspirationsplatz\\\/#primaryimage\"},\"thumbnailUrl\":\"https:\\\/\\\/fireware.nl\\\/wp-content\\\/uploads\\\/2020\\\/10\\\/FireWare-Safety-Library.jpg\",\"datePublished\":\"2021-03-22T11:43:47+00:00\",\"dateModified\":\"2021-03-22T11:44:48+00:00\",\"breadcrumb\":{\"@id\":\"https:\\\/\\\/fireware.nl\\\/de\\\/der-safety-library-inspirationsplatz\\\/#breadcrumb\"},\"inLanguage\":\"de\",\"potentialAction\":[{\"@type\":\"ReadAction\",\"target\":[\"https:\\\/\\\/fireware.nl\\\/de\\\/der-safety-library-inspirationsplatz\\\/\"]}]},{\"@type\":\"ImageObject\",\"inLanguage\":\"de\",\"@id\":\"https:\\\/\\\/fireware.nl\\\/de\\\/der-safety-library-inspirationsplatz\\\/#primaryimage\",\"url\":\"https:\\\/\\\/fireware.nl\\\/wp-content\\\/uploads\\\/2020\\\/10\\\/FireWare-Safety-Library.jpg\",\"contentUrl\":\"https:\\\/\\\/fireware.nl\\\/wp-content\\\/uploads\\\/2020\\\/10\\\/FireWare-Safety-Library.jpg\",\"width\":2200,\"height\":800},{\"@type\":\"BreadcrumbList\",\"@id\":\"https:\\\/\\\/fireware.nl\\\/de\\\/der-safety-library-inspirationsplatz\\\/#breadcrumb\",\"itemListElement\":[{\"@type\":\"ListItem\",\"position\":1,\"name\":\"Home\",\"item\":\"https:\\\/\\\/fireware.nl\\\/de\\\/\"},{\"@type\":\"ListItem\",\"position\":2,\"name\":\"Der Safety Library-Inspirationsplatz\"}]},{\"@type\":\"WebSite\",\"@id\":\"https:\\\/\\\/fireware.nl\\\/de\\\/#website\",\"url\":\"https:\\\/\\\/fireware.nl\\\/de\\\/\",\"name\":\"FireWare\",\"description\":\"CREATING REALISTIC  TRAINING ENVIRONMENTS\",\"publisher\":{\"@id\":\"https:\\\/\\\/fireware.nl\\\/de\\\/#organization\"},\"potentialAction\":[{\"@type\":\"SearchAction\",\"target\":{\"@type\":\"EntryPoint\",\"urlTemplate\":\"https:\\\/\\\/fireware.nl\\\/de\\\/?s={search_term_string}\"},\"query-input\":{\"@type\":\"PropertyValueSpecification\",\"valueRequired\":true,\"valueName\":\"search_term_string\"}}],\"inLanguage\":\"de\"},{\"@type\":\"Organization\",\"@id\":\"https:\\\/\\\/fireware.nl\\\/de\\\/#organization\",\"name\":\"FireWare\",\"url\":\"https:\\\/\\\/fireware.nl\\\/de\\\/\",\"logo\":{\"@type\":\"ImageObject\",\"inLanguage\":\"de\",\"@id\":\"https:\\\/\\\/fireware.nl\\\/de\\\/#\\\/schema\\\/logo\\\/image\\\/\",\"url\":\"https:\\\/\\\/fireware.nl\\\/wp-content\\\/uploads\\\/2018\\\/10\\\/FireWare-logo.jpg\",\"contentUrl\":\"https:\\\/\\\/fireware.nl\\\/wp-content\\\/uploads\\\/2018\\\/10\\\/FireWare-logo.jpg\",\"width\":171,\"height\":70,\"caption\":\"FireWare\"},\"image\":{\"@id\":\"https:\\\/\\\/fireware.nl\\\/de\\\/#\\\/schema\\\/logo\\\/image\\\/\"},\"sameAs\":[\"https:\\\/\\\/www.facebook.com\\\/FireWareBV\\\/\",\"https:\\\/\\\/x.com\\\/FireWarebv\",\"https:\\\/\\\/www.instagram.com\\\/fireware_nl\\\/\",\"https:\\\/\\\/www.linkedin.com\\\/company\\\/3586017\\\/\",\"https:\\\/\\\/www.youtube.com\\\/user\\\/firesalesrentconsult\"]}]}<\/script>\n<!-- \/ Yoast SEO plugin. -->","yoast_head_json":{"title":"Der Safety Library-Inspirationsplatz - FireWare","robots":{"index":"index","follow":"follow","max-snippet":"max-snippet:-1","max-image-preview":"max-image-preview:large","max-video-preview":"max-video-preview:-1"},"canonical":"https:\/\/fireware.nl\/de\/der-safety-library-inspirationsplatz\/","og_locale":"de_DE","og_type":"article","og_title":"Teilen Sie Ihre Szenarien mit der Community!","og_description":"Mit den mehr als 2500 Abbildungen aus der FireWare- Safety Library (Sicherheitsbibliothek) k\u00f6nnen Sie unendlich viele Szenarien kreieren. Vom Evakuierungsszenario...","og_url":"https:\/\/fireware.nl\/de\/der-safety-library-inspirationsplatz\/","og_site_name":"FireWare","article_publisher":"https:\/\/www.facebook.com\/FireWareBV\/","article_modified_time":"2021-03-22T11:44:48+00:00","og_image":[{"url":"https:\/\/fireware.nl\/wp-content\/uploads\/2020\/10\/Inspiratieplein.jpg","type":"","width":"","height":""}],"twitter_card":"summary_large_image","twitter_site":"@FireWarebv","twitter_misc":{"Gesch\u00e4tzte Lesezeit":"1\u00a0Minute"},"schema":{"@context":"https:\/\/schema.org","@graph":[{"@type":"WebPage","@id":"https:\/\/fireware.nl\/de\/der-safety-library-inspirationsplatz\/","url":"https:\/\/fireware.nl\/de\/der-safety-library-inspirationsplatz\/","name":"Der Safety Library-Inspirationsplatz - FireWare","isPartOf":{"@id":"https:\/\/fireware.nl\/de\/#website"},"primaryImageOfPage":{"@id":"https:\/\/fireware.nl\/de\/der-safety-library-inspirationsplatz\/#primaryimage"},"image":{"@id":"https:\/\/fireware.nl\/de\/der-safety-library-inspirationsplatz\/#primaryimage"},"thumbnailUrl":"https:\/\/fireware.nl\/wp-content\/uploads\/2020\/10\/FireWare-Safety-Library.jpg","datePublished":"2021-03-22T11:43:47+00:00","dateModified":"2021-03-22T11:44:48+00:00","breadcrumb":{"@id":"https:\/\/fireware.nl\/de\/der-safety-library-inspirationsplatz\/#breadcrumb"},"inLanguage":"de","potentialAction":[{"@type":"ReadAction","target":["https:\/\/fireware.nl\/de\/der-safety-library-inspirationsplatz\/"]}]},{"@type":"ImageObject","inLanguage":"de","@id":"https:\/\/fireware.nl\/de\/der-safety-library-inspirationsplatz\/#primaryimage","url":"https:\/\/fireware.nl\/wp-content\/uploads\/2020\/10\/FireWare-Safety-Library.jpg","contentUrl":"https:\/\/fireware.nl\/wp-content\/uploads\/2020\/10\/FireWare-Safety-Library.jpg","width":2200,"height":800},{"@type":"BreadcrumbList","@id":"https:\/\/fireware.nl\/de\/der-safety-library-inspirationsplatz\/#breadcrumb","itemListElement":[{"@type":"ListItem","position":1,"name":"Home","item":"https:\/\/fireware.nl\/de\/"},{"@type":"ListItem","position":2,"name":"Der Safety Library-Inspirationsplatz"}]},{"@type":"WebSite","@id":"https:\/\/fireware.nl\/de\/#website","url":"https:\/\/fireware.nl\/de\/","name":"FireWare","description":"CREATING REALISTIC  TRAINING ENVIRONMENTS","publisher":{"@id":"https:\/\/fireware.nl\/de\/#organization"},"potentialAction":[{"@type":"SearchAction","target":{"@type":"EntryPoint","urlTemplate":"https:\/\/fireware.nl\/de\/?s={search_term_string}"},"query-input":{"@type":"PropertyValueSpecification","valueRequired":true,"valueName":"search_term_string"}}],"inLanguage":"de"},{"@type":"Organization","@id":"https:\/\/fireware.nl\/de\/#organization","name":"FireWare","url":"https:\/\/fireware.nl\/de\/","logo":{"@type":"ImageObject","inLanguage":"de","@id":"https:\/\/fireware.nl\/de\/#\/schema\/logo\/image\/","url":"https:\/\/fireware.nl\/wp-content\/uploads\/2018\/10\/FireWare-logo.jpg","contentUrl":"https:\/\/fireware.nl\/wp-content\/uploads\/2018\/10\/FireWare-logo.jpg","width":171,"height":70,"caption":"FireWare"},"image":{"@id":"https:\/\/fireware.nl\/de\/#\/schema\/logo\/image\/"},"sameAs":["https:\/\/www.facebook.com\/FireWareBV\/","https:\/\/x.com\/FireWarebv","https:\/\/www.instagram.com\/fireware_nl\/","https:\/\/www.linkedin.com\/company\/3586017\/","https:\/\/www.youtube.com\/user\/firesalesrentconsult"]}]}},"publishpress_future_action":{"enabled":false,"date":"2026-05-12 23:42:47","action":"change-status","newStatus":"draft","terms":[],"taxonomy":"translation_priority","extraData":[]},"publishpress_future_workflow_manual_trigger":{"enabledWorkflows":[]},"_links":{"self":[{"href":"https:\/\/fireware.nl\/de\/wp-json\/wp\/v2\/pages\/58611","targetHints":{"allow":["GET"]}}],"collection":[{"href":"https:\/\/fireware.nl\/de\/wp-json\/wp\/v2\/pages"}],"about":[{"href":"https:\/\/fireware.nl\/de\/wp-json\/wp\/v2\/types\/page"}],"author":[{"embeddable":true,"href":"https:\/\/fireware.nl\/de\/wp-json\/wp\/v2\/users\/9"}],"replies":[{"embeddable":true,"href":"https:\/\/fireware.nl\/de\/wp-json\/wp\/v2\/comments?post=58611"}],"version-history":[{"count":0,"href":"https:\/\/fireware.nl\/de\/wp-json\/wp\/v2\/pages\/58611\/revisions"}],"wp:featuredmedia":[{"embeddable":true,"href":"https:\/\/fireware.nl\/de\/wp-json\/wp\/v2\/media\/49490"}],"wp:attachment":[{"href":"https:\/\/fireware.nl\/de\/wp-json\/wp\/v2\/media?parent=58611"}],"curies":[{"name":"wp","href":"https:\/\/api.w.org\/{rel}","templated":true}]}}