
{"id":66460,"date":"2021-10-22T06:30:28","date_gmt":"2021-10-22T06:30:28","guid":{"rendered":"https:\/\/fireware.nl\/adaptiven-streitkraeften-substanz\/"},"modified":"2022-08-19T12:32:46","modified_gmt":"2022-08-19T12:32:46","slug":"adaptiven-streitkraeften-substanz","status":"publish","type":"page","link":"https:\/\/fireware.nl\/de\/adaptiven-streitkraften-substanz\/","title":{"rendered":"Adaptiven Streitkr\u00e4ften Substanz"},"content":{"rendered":"\n\n\t\t\t\t<img loading=\"lazy\" decoding=\"async\" src=\"https:\/\/fireware.nl\/wp-content\/uploads\/2020\/11\/Adaptieve-krijgsmacht.jpg\" alt=\"Adaptieve krijgsmacht\" itemprop=\"image\" height=\"800\" width=\"2200\" title=\"Adaptieve krijgsmacht\" onerror=\"this.style.display='none'\"  \/>\n\t<p>Innerhalb der niederl\u00e4ndischen Streitkr\u00e4fte wurde eine eigene Task Force f\u00fcr die milit\u00e4risch-zivile Zusammenarbeit eingerichtet: Total Force Genie (TFG). TFG gibt den adaptiven Streitkr\u00e4ften Substanz: Schulter an Schulter mit zivilen Verb\u00fcndeten milit\u00e4rische Aufgaben erf\u00fcllen . FireWare ist einer dieser zivilen Verb\u00fcndeten. Auf diese Weise arbeiten wir gemeinsam an einer sicheren Welt.<\/p>\n<h2>Ziviles und milit\u00e4risches Fachwissen b\u00fcndeln<\/h2>\n<p>Als Spezialist f\u00fcr die Schaffung realistischer Trainingsumgebungen f\u00fcr Rettungskr\u00e4fte leistet FireWare einen wichtigen Beitrag zum Nationalen Trainingszentrum (NTC). Durch die Kombination von Wissen, Brainstorming, Experimentieren und Lernen sorgen wir gemeinsam daf\u00fcr, dass die Messlatte f\u00fcr realistisches \u00dcben und Training jeden Tag h\u00f6her gelegt wird. Ein gutes Beispiel f\u00fcr inspirierende Zusammenarbeit: dies ist einer der Kernwerte von FireWare und sicherlich auch eine tolle Interpretation der adaptiven Streitkr\u00e4fte!<\/p>\n\n","protected":false},"excerpt":{"rendered":"<p>Innerhalb der niederl\u00e4ndischen Streitkr\u00e4fte wurde eine eigene Task Force f\u00fcr die milit\u00e4risch-zivile Zusammenarbeit eingerichtet: Total Force Genie (TFG). TFG gibt<span class=\"excerpt-ellipsis\">&#8230;<\/span><\/p>\n","protected":false},"author":9,"featured_media":0,"parent":0,"menu_order":0,"comment_status":"closed","ping_status":"closed","template":"","meta":{"footnotes":""},"class_list":["post-66460","page","type-page","status-publish","hentry"],"yoast_head":"<!-- This site is optimized with the Yoast SEO plugin v27.5 - https:\/\/yoast.com\/product\/yoast-seo-wordpress\/ -->\n<title>Adaptiven Streitkr\u00e4ften Substanz - FireWare<\/title>\n<meta name=\"robots\" content=\"index, follow, max-snippet:-1, max-image-preview:large, max-video-preview:-1\" \/>\n<link rel=\"canonical\" href=\"https:\/\/fireware.nl\/de\/adaptiven-streitkraften-substanz\/\" \/>\n<meta property=\"og:locale\" content=\"de_DE\" \/>\n<meta property=\"og:type\" content=\"article\" \/>\n<meta property=\"og:title\" content=\"Adaptiven Streitkr\u00e4ften Substanz - FireWare\" \/>\n<meta property=\"og:description\" content=\"Innerhalb der niederl\u00e4ndischen Streitkr\u00e4fte wurde eine eigene Task Force f\u00fcr die milit\u00e4risch-zivile Zusammenarbeit eingerichtet: Total Force Genie (TFG). TFG gibt...\" \/>\n<meta property=\"og:url\" content=\"https:\/\/fireware.nl\/de\/adaptiven-streitkraften-substanz\/\" \/>\n<meta property=\"og:site_name\" content=\"FireWare\" \/>\n<meta property=\"article:publisher\" content=\"https:\/\/www.facebook.com\/FireWareBV\/\" \/>\n<meta property=\"article:modified_time\" content=\"2022-08-19T12:32:46+00:00\" \/>\n<meta property=\"og:image\" content=\"https:\/\/fireware.nl\/wp-content\/uploads\/2020\/11\/Adaptieve-krijgsmacht.jpg\" \/>\n<meta name=\"twitter:card\" content=\"summary_large_image\" \/>\n<meta name=\"twitter:site\" content=\"@FireWarebv\" \/>\n<meta name=\"twitter:label1\" content=\"Gesch\u00e4tzte Lesezeit\" \/>\n\t<meta name=\"twitter:data1\" content=\"1\u00a0Minute\" \/>\n<script type=\"application\/ld+json\" class=\"yoast-schema-graph\">{\"@context\":\"https:\\\/\\\/schema.org\",\"@graph\":[{\"@type\":\"WebPage\",\"@id\":\"https:\\\/\\\/fireware.nl\\\/de\\\/adaptiven-streitkraften-substanz\\\/\",\"url\":\"https:\\\/\\\/fireware.nl\\\/de\\\/adaptiven-streitkraften-substanz\\\/\",\"name\":\"Adaptiven Streitkr\u00e4ften Substanz - FireWare\",\"isPartOf\":{\"@id\":\"https:\\\/\\\/fireware.nl\\\/de\\\/#website\"},\"primaryImageOfPage\":{\"@id\":\"https:\\\/\\\/fireware.nl\\\/de\\\/adaptiven-streitkraften-substanz\\\/#primaryimage\"},\"image\":{\"@id\":\"https:\\\/\\\/fireware.nl\\\/de\\\/adaptiven-streitkraften-substanz\\\/#primaryimage\"},\"thumbnailUrl\":\"https:\\\/\\\/fireware.nl\\\/wp-content\\\/uploads\\\/2020\\\/11\\\/Adaptieve-krijgsmacht.jpg\",\"datePublished\":\"2021-10-22T06:30:28+00:00\",\"dateModified\":\"2022-08-19T12:32:46+00:00\",\"breadcrumb\":{\"@id\":\"https:\\\/\\\/fireware.nl\\\/de\\\/adaptiven-streitkraften-substanz\\\/#breadcrumb\"},\"inLanguage\":\"de\",\"potentialAction\":[{\"@type\":\"ReadAction\",\"target\":[\"https:\\\/\\\/fireware.nl\\\/de\\\/adaptiven-streitkraften-substanz\\\/\"]}]},{\"@type\":\"ImageObject\",\"inLanguage\":\"de\",\"@id\":\"https:\\\/\\\/fireware.nl\\\/de\\\/adaptiven-streitkraften-substanz\\\/#primaryimage\",\"url\":\"https:\\\/\\\/fireware.nl\\\/wp-content\\\/uploads\\\/2020\\\/11\\\/Adaptieve-krijgsmacht.jpg\",\"contentUrl\":\"https:\\\/\\\/fireware.nl\\\/wp-content\\\/uploads\\\/2020\\\/11\\\/Adaptieve-krijgsmacht.jpg\"},{\"@type\":\"BreadcrumbList\",\"@id\":\"https:\\\/\\\/fireware.nl\\\/de\\\/adaptiven-streitkraften-substanz\\\/#breadcrumb\",\"itemListElement\":[{\"@type\":\"ListItem\",\"position\":1,\"name\":\"Home\",\"item\":\"https:\\\/\\\/fireware.nl\\\/de\\\/\"},{\"@type\":\"ListItem\",\"position\":2,\"name\":\"Adaptiven Streitkr\u00e4ften Substanz\"}]},{\"@type\":\"WebSite\",\"@id\":\"https:\\\/\\\/fireware.nl\\\/de\\\/#website\",\"url\":\"https:\\\/\\\/fireware.nl\\\/de\\\/\",\"name\":\"FireWare\",\"description\":\"CREATING REALISTIC  TRAINING ENVIRONMENTS\",\"publisher\":{\"@id\":\"https:\\\/\\\/fireware.nl\\\/de\\\/#organization\"},\"potentialAction\":[{\"@type\":\"SearchAction\",\"target\":{\"@type\":\"EntryPoint\",\"urlTemplate\":\"https:\\\/\\\/fireware.nl\\\/de\\\/?s={search_term_string}\"},\"query-input\":{\"@type\":\"PropertyValueSpecification\",\"valueRequired\":true,\"valueName\":\"search_term_string\"}}],\"inLanguage\":\"de\"},{\"@type\":\"Organization\",\"@id\":\"https:\\\/\\\/fireware.nl\\\/de\\\/#organization\",\"name\":\"FireWare\",\"url\":\"https:\\\/\\\/fireware.nl\\\/de\\\/\",\"logo\":{\"@type\":\"ImageObject\",\"inLanguage\":\"de\",\"@id\":\"https:\\\/\\\/fireware.nl\\\/de\\\/#\\\/schema\\\/logo\\\/image\\\/\",\"url\":\"https:\\\/\\\/fireware.nl\\\/wp-content\\\/uploads\\\/2018\\\/10\\\/FireWare-logo.jpg\",\"contentUrl\":\"https:\\\/\\\/fireware.nl\\\/wp-content\\\/uploads\\\/2018\\\/10\\\/FireWare-logo.jpg\",\"width\":171,\"height\":70,\"caption\":\"FireWare\"},\"image\":{\"@id\":\"https:\\\/\\\/fireware.nl\\\/de\\\/#\\\/schema\\\/logo\\\/image\\\/\"},\"sameAs\":[\"https:\\\/\\\/www.facebook.com\\\/FireWareBV\\\/\",\"https:\\\/\\\/x.com\\\/FireWarebv\",\"https:\\\/\\\/www.instagram.com\\\/fireware_nl\\\/\",\"https:\\\/\\\/www.linkedin.com\\\/company\\\/3586017\\\/\",\"https:\\\/\\\/www.youtube.com\\\/user\\\/firesalesrentconsult\"]}]}<\/script>\n<!-- \/ Yoast SEO plugin. -->","yoast_head_json":{"title":"Adaptiven Streitkr\u00e4ften Substanz - FireWare","robots":{"index":"index","follow":"follow","max-snippet":"max-snippet:-1","max-image-preview":"max-image-preview:large","max-video-preview":"max-video-preview:-1"},"canonical":"https:\/\/fireware.nl\/de\/adaptiven-streitkraften-substanz\/","og_locale":"de_DE","og_type":"article","og_title":"Adaptiven Streitkr\u00e4ften Substanz - FireWare","og_description":"Innerhalb der niederl\u00e4ndischen Streitkr\u00e4fte wurde eine eigene Task Force f\u00fcr die milit\u00e4risch-zivile Zusammenarbeit eingerichtet: Total Force Genie (TFG). TFG gibt...","og_url":"https:\/\/fireware.nl\/de\/adaptiven-streitkraften-substanz\/","og_site_name":"FireWare","article_publisher":"https:\/\/www.facebook.com\/FireWareBV\/","article_modified_time":"2022-08-19T12:32:46+00:00","og_image":[{"url":"https:\/\/fireware.nl\/wp-content\/uploads\/2020\/11\/Adaptieve-krijgsmacht.jpg","type":"","width":"","height":""}],"twitter_card":"summary_large_image","twitter_site":"@FireWarebv","twitter_misc":{"Gesch\u00e4tzte Lesezeit":"1\u00a0Minute"},"schema":{"@context":"https:\/\/schema.org","@graph":[{"@type":"WebPage","@id":"https:\/\/fireware.nl\/de\/adaptiven-streitkraften-substanz\/","url":"https:\/\/fireware.nl\/de\/adaptiven-streitkraften-substanz\/","name":"Adaptiven Streitkr\u00e4ften Substanz - FireWare","isPartOf":{"@id":"https:\/\/fireware.nl\/de\/#website"},"primaryImageOfPage":{"@id":"https:\/\/fireware.nl\/de\/adaptiven-streitkraften-substanz\/#primaryimage"},"image":{"@id":"https:\/\/fireware.nl\/de\/adaptiven-streitkraften-substanz\/#primaryimage"},"thumbnailUrl":"https:\/\/fireware.nl\/wp-content\/uploads\/2020\/11\/Adaptieve-krijgsmacht.jpg","datePublished":"2021-10-22T06:30:28+00:00","dateModified":"2022-08-19T12:32:46+00:00","breadcrumb":{"@id":"https:\/\/fireware.nl\/de\/adaptiven-streitkraften-substanz\/#breadcrumb"},"inLanguage":"de","potentialAction":[{"@type":"ReadAction","target":["https:\/\/fireware.nl\/de\/adaptiven-streitkraften-substanz\/"]}]},{"@type":"ImageObject","inLanguage":"de","@id":"https:\/\/fireware.nl\/de\/adaptiven-streitkraften-substanz\/#primaryimage","url":"https:\/\/fireware.nl\/wp-content\/uploads\/2020\/11\/Adaptieve-krijgsmacht.jpg","contentUrl":"https:\/\/fireware.nl\/wp-content\/uploads\/2020\/11\/Adaptieve-krijgsmacht.jpg"},{"@type":"BreadcrumbList","@id":"https:\/\/fireware.nl\/de\/adaptiven-streitkraften-substanz\/#breadcrumb","itemListElement":[{"@type":"ListItem","position":1,"name":"Home","item":"https:\/\/fireware.nl\/de\/"},{"@type":"ListItem","position":2,"name":"Adaptiven Streitkr\u00e4ften Substanz"}]},{"@type":"WebSite","@id":"https:\/\/fireware.nl\/de\/#website","url":"https:\/\/fireware.nl\/de\/","name":"FireWare","description":"CREATING REALISTIC  TRAINING ENVIRONMENTS","publisher":{"@id":"https:\/\/fireware.nl\/de\/#organization"},"potentialAction":[{"@type":"SearchAction","target":{"@type":"EntryPoint","urlTemplate":"https:\/\/fireware.nl\/de\/?s={search_term_string}"},"query-input":{"@type":"PropertyValueSpecification","valueRequired":true,"valueName":"search_term_string"}}],"inLanguage":"de"},{"@type":"Organization","@id":"https:\/\/fireware.nl\/de\/#organization","name":"FireWare","url":"https:\/\/fireware.nl\/de\/","logo":{"@type":"ImageObject","inLanguage":"de","@id":"https:\/\/fireware.nl\/de\/#\/schema\/logo\/image\/","url":"https:\/\/fireware.nl\/wp-content\/uploads\/2018\/10\/FireWare-logo.jpg","contentUrl":"https:\/\/fireware.nl\/wp-content\/uploads\/2018\/10\/FireWare-logo.jpg","width":171,"height":70,"caption":"FireWare"},"image":{"@id":"https:\/\/fireware.nl\/de\/#\/schema\/logo\/image\/"},"sameAs":["https:\/\/www.facebook.com\/FireWareBV\/","https:\/\/x.com\/FireWarebv","https:\/\/www.instagram.com\/fireware_nl\/","https:\/\/www.linkedin.com\/company\/3586017\/","https:\/\/www.youtube.com\/user\/firesalesrentconsult"]}]}},"publishpress_future_action":{"enabled":false,"date":"2026-05-12 18:23:59","action":"change-status","newStatus":"draft","terms":[],"taxonomy":"translation_priority","extraData":[]},"publishpress_future_workflow_manual_trigger":{"enabledWorkflows":[]},"_links":{"self":[{"href":"https:\/\/fireware.nl\/de\/wp-json\/wp\/v2\/pages\/66460","targetHints":{"allow":["GET"]}}],"collection":[{"href":"https:\/\/fireware.nl\/de\/wp-json\/wp\/v2\/pages"}],"about":[{"href":"https:\/\/fireware.nl\/de\/wp-json\/wp\/v2\/types\/page"}],"author":[{"embeddable":true,"href":"https:\/\/fireware.nl\/de\/wp-json\/wp\/v2\/users\/9"}],"replies":[{"embeddable":true,"href":"https:\/\/fireware.nl\/de\/wp-json\/wp\/v2\/comments?post=66460"}],"version-history":[{"count":0,"href":"https:\/\/fireware.nl\/de\/wp-json\/wp\/v2\/pages\/66460\/revisions"}],"wp:attachment":[{"href":"https:\/\/fireware.nl\/de\/wp-json\/wp\/v2\/media?parent=66460"}],"curies":[{"name":"wp","href":"https:\/\/api.w.org\/{rel}","templated":true}]}}