
{"id":68794,"date":"2021-12-14T10:38:44","date_gmt":"2021-12-14T10:38:44","guid":{"rendered":"https:\/\/fireware.nl\/sozialverantwortung-und-nachhaltigkeit\/kompostsilos\/"},"modified":"2021-12-14T11:01:13","modified_gmt":"2021-12-14T11:01:13","slug":"kompostsilos","status":"publish","type":"page","link":"https:\/\/fireware.nl\/de\/sozialverantwortung-und-nachhaltigkeit\/kompostsilos\/","title":{"rendered":"Kompostsilos"},"content":{"rendered":"\n\n\t\t\t\t<img loading=\"lazy\" decoding=\"async\" src=\"https:\/\/fireware.nl\/wp-content\/uploads\/2021\/05\/FireWare-plaatst-compostsilo-om-tuinresten-her-te-gebruiken-2.jpg\" alt=\"FireWare plaatst compostsilo om tuinresten her te gebruiken 2\" itemprop=\"image\" height=\"800\" width=\"2200\" title=\"FireWare plaatst compostsilo om tuinresten her te gebruiken 2\" onerror=\"this.style.display='none'\"  \/>\n\t<p>Warum wegwerfen, wenn es eine andere Option gibt? Deshalb haben wir auch Kompostsilo&#8217;s in unserem Hinterhof aufgestellt. Mit dem Kompostsilo&#8217;s k\u00f6nnen wir das Gras, das aus unserem Rasen und anderen Gartenabf\u00e4llen stammt, selbst wiederverwenden und in Superkompost verwandeln! Anstelle eines vollen gr\u00fcnen Beh\u00e4lters bewahren wir jetzt den Kompost f\u00fcr einen fruchtbaren Garten auf. Mit 1600 Litern Stauraum ist das in Ordnung!<\/p>\n\n","protected":false},"excerpt":{"rendered":"<p>Warum wegwerfen, wenn es eine andere Option gibt? Deshalb haben wir auch Kompostsilo&#8217;s in unserem Hinterhof aufgestellt. Mit dem Kompostsilo&#8217;s<span class=\"excerpt-ellipsis\">&#8230;<\/span><\/p>\n","protected":false},"author":9,"featured_media":59741,"parent":2620,"menu_order":0,"comment_status":"closed","ping_status":"closed","template":"","meta":{"footnotes":""},"class_list":["post-68794","page","type-page","status-publish","has-post-thumbnail","hentry"],"yoast_head":"<!-- This site is optimized with the Yoast SEO plugin v27.5 - https:\/\/yoast.com\/product\/yoast-seo-wordpress\/ -->\n<title>Kompostsilos - FireWare<\/title>\n<meta name=\"robots\" content=\"index, follow, max-snippet:-1, max-image-preview:large, max-video-preview:-1\" \/>\n<link rel=\"canonical\" href=\"https:\/\/fireware.nl\/de\/sozialverantwortung-und-nachhaltigkeit\/kompostsilos\/\" \/>\n<meta property=\"og:locale\" content=\"de_DE\" \/>\n<meta property=\"og:type\" content=\"article\" \/>\n<meta property=\"og:title\" content=\"Kompostsilos - FireWare\" \/>\n<meta property=\"og:description\" content=\"Warum wegwerfen, wenn es eine andere Option gibt? Deshalb haben wir auch Kompostsilo&#8217;s in unserem Hinterhof aufgestellt. Mit dem Kompostsilo&#8217;s...\" \/>\n<meta property=\"og:url\" content=\"https:\/\/fireware.nl\/de\/sozialverantwortung-und-nachhaltigkeit\/kompostsilos\/\" \/>\n<meta property=\"og:site_name\" content=\"FireWare\" \/>\n<meta property=\"article:publisher\" content=\"https:\/\/www.facebook.com\/FireWareBV\/\" \/>\n<meta property=\"article:modified_time\" content=\"2021-12-14T11:01:13+00:00\" \/>\n<meta property=\"og:image\" content=\"https:\/\/fireware.nl\/wp-content\/uploads\/2021\/05\/FireWare-plaatst-compostsilo-om-tuinresten-her-te-gebruiken-2.jpg\" \/>\n\t<meta property=\"og:image:width\" content=\"2200\" \/>\n\t<meta property=\"og:image:height\" content=\"800\" \/>\n\t<meta property=\"og:image:type\" content=\"image\/jpeg\" \/>\n<meta name=\"twitter:card\" content=\"summary_large_image\" \/>\n<meta name=\"twitter:site\" content=\"@FireWarebv\" \/>\n<script type=\"application\/ld+json\" class=\"yoast-schema-graph\">{\"@context\":\"https:\\\/\\\/schema.org\",\"@graph\":[{\"@type\":\"WebPage\",\"@id\":\"https:\\\/\\\/fireware.nl\\\/de\\\/sozialverantwortung-und-nachhaltigkeit\\\/kompostsilos\\\/\",\"url\":\"https:\\\/\\\/fireware.nl\\\/de\\\/sozialverantwortung-und-nachhaltigkeit\\\/kompostsilos\\\/\",\"name\":\"Kompostsilos - FireWare\",\"isPartOf\":{\"@id\":\"https:\\\/\\\/fireware.nl\\\/de\\\/#website\"},\"primaryImageOfPage\":{\"@id\":\"https:\\\/\\\/fireware.nl\\\/de\\\/sozialverantwortung-und-nachhaltigkeit\\\/kompostsilos\\\/#primaryimage\"},\"image\":{\"@id\":\"https:\\\/\\\/fireware.nl\\\/de\\\/sozialverantwortung-und-nachhaltigkeit\\\/kompostsilos\\\/#primaryimage\"},\"thumbnailUrl\":\"https:\\\/\\\/fireware.nl\\\/wp-content\\\/uploads\\\/2021\\\/05\\\/FireWare-plaatst-compostsilo-om-tuinresten-her-te-gebruiken-2.jpg\",\"datePublished\":\"2021-12-14T10:38:44+00:00\",\"dateModified\":\"2021-12-14T11:01:13+00:00\",\"breadcrumb\":{\"@id\":\"https:\\\/\\\/fireware.nl\\\/de\\\/sozialverantwortung-und-nachhaltigkeit\\\/kompostsilos\\\/#breadcrumb\"},\"inLanguage\":\"de\",\"potentialAction\":[{\"@type\":\"ReadAction\",\"target\":[\"https:\\\/\\\/fireware.nl\\\/de\\\/sozialverantwortung-und-nachhaltigkeit\\\/kompostsilos\\\/\"]}]},{\"@type\":\"ImageObject\",\"inLanguage\":\"de\",\"@id\":\"https:\\\/\\\/fireware.nl\\\/de\\\/sozialverantwortung-und-nachhaltigkeit\\\/kompostsilos\\\/#primaryimage\",\"url\":\"https:\\\/\\\/fireware.nl\\\/wp-content\\\/uploads\\\/2021\\\/05\\\/FireWare-plaatst-compostsilo-om-tuinresten-her-te-gebruiken-2.jpg\",\"contentUrl\":\"https:\\\/\\\/fireware.nl\\\/wp-content\\\/uploads\\\/2021\\\/05\\\/FireWare-plaatst-compostsilo-om-tuinresten-her-te-gebruiken-2.jpg\",\"width\":2200,\"height\":800},{\"@type\":\"BreadcrumbList\",\"@id\":\"https:\\\/\\\/fireware.nl\\\/de\\\/sozialverantwortung-und-nachhaltigkeit\\\/kompostsilos\\\/#breadcrumb\",\"itemListElement\":[{\"@type\":\"ListItem\",\"position\":1,\"name\":\"Home\",\"item\":\"https:\\\/\\\/fireware.nl\\\/de\\\/\"},{\"@type\":\"ListItem\",\"position\":2,\"name\":\"Sozialverantwortung und Nachhaltigkeit\",\"item\":\"https:\\\/\\\/fireware.nl\\\/de\\\/sozialverantwortung-und-nachhaltigkeit\\\/\"},{\"@type\":\"ListItem\",\"position\":3,\"name\":\"Kompostsilos\"}]},{\"@type\":\"WebSite\",\"@id\":\"https:\\\/\\\/fireware.nl\\\/de\\\/#website\",\"url\":\"https:\\\/\\\/fireware.nl\\\/de\\\/\",\"name\":\"FireWare\",\"description\":\"CREATING REALISTIC  TRAINING ENVIRONMENTS\",\"publisher\":{\"@id\":\"https:\\\/\\\/fireware.nl\\\/de\\\/#organization\"},\"potentialAction\":[{\"@type\":\"SearchAction\",\"target\":{\"@type\":\"EntryPoint\",\"urlTemplate\":\"https:\\\/\\\/fireware.nl\\\/de\\\/?s={search_term_string}\"},\"query-input\":{\"@type\":\"PropertyValueSpecification\",\"valueRequired\":true,\"valueName\":\"search_term_string\"}}],\"inLanguage\":\"de\"},{\"@type\":\"Organization\",\"@id\":\"https:\\\/\\\/fireware.nl\\\/de\\\/#organization\",\"name\":\"FireWare\",\"url\":\"https:\\\/\\\/fireware.nl\\\/de\\\/\",\"logo\":{\"@type\":\"ImageObject\",\"inLanguage\":\"de\",\"@id\":\"https:\\\/\\\/fireware.nl\\\/de\\\/#\\\/schema\\\/logo\\\/image\\\/\",\"url\":\"https:\\\/\\\/fireware.nl\\\/wp-content\\\/uploads\\\/2018\\\/10\\\/FireWare-logo.jpg\",\"contentUrl\":\"https:\\\/\\\/fireware.nl\\\/wp-content\\\/uploads\\\/2018\\\/10\\\/FireWare-logo.jpg\",\"width\":171,\"height\":70,\"caption\":\"FireWare\"},\"image\":{\"@id\":\"https:\\\/\\\/fireware.nl\\\/de\\\/#\\\/schema\\\/logo\\\/image\\\/\"},\"sameAs\":[\"https:\\\/\\\/www.facebook.com\\\/FireWareBV\\\/\",\"https:\\\/\\\/x.com\\\/FireWarebv\",\"https:\\\/\\\/www.instagram.com\\\/fireware_nl\\\/\",\"https:\\\/\\\/www.linkedin.com\\\/company\\\/3586017\\\/\",\"https:\\\/\\\/www.youtube.com\\\/user\\\/firesalesrentconsult\"]}]}<\/script>\n<!-- \/ Yoast SEO plugin. -->","yoast_head_json":{"title":"Kompostsilos - FireWare","robots":{"index":"index","follow":"follow","max-snippet":"max-snippet:-1","max-image-preview":"max-image-preview:large","max-video-preview":"max-video-preview:-1"},"canonical":"https:\/\/fireware.nl\/de\/sozialverantwortung-und-nachhaltigkeit\/kompostsilos\/","og_locale":"de_DE","og_type":"article","og_title":"Kompostsilos - FireWare","og_description":"Warum wegwerfen, wenn es eine andere Option gibt? Deshalb haben wir auch Kompostsilo&#8217;s in unserem Hinterhof aufgestellt. Mit dem Kompostsilo&#8217;s...","og_url":"https:\/\/fireware.nl\/de\/sozialverantwortung-und-nachhaltigkeit\/kompostsilos\/","og_site_name":"FireWare","article_publisher":"https:\/\/www.facebook.com\/FireWareBV\/","article_modified_time":"2021-12-14T11:01:13+00:00","og_image":[{"width":2200,"height":800,"url":"https:\/\/fireware.nl\/wp-content\/uploads\/2021\/05\/FireWare-plaatst-compostsilo-om-tuinresten-her-te-gebruiken-2.jpg","type":"image\/jpeg"}],"twitter_card":"summary_large_image","twitter_site":"@FireWarebv","schema":{"@context":"https:\/\/schema.org","@graph":[{"@type":"WebPage","@id":"https:\/\/fireware.nl\/de\/sozialverantwortung-und-nachhaltigkeit\/kompostsilos\/","url":"https:\/\/fireware.nl\/de\/sozialverantwortung-und-nachhaltigkeit\/kompostsilos\/","name":"Kompostsilos - FireWare","isPartOf":{"@id":"https:\/\/fireware.nl\/de\/#website"},"primaryImageOfPage":{"@id":"https:\/\/fireware.nl\/de\/sozialverantwortung-und-nachhaltigkeit\/kompostsilos\/#primaryimage"},"image":{"@id":"https:\/\/fireware.nl\/de\/sozialverantwortung-und-nachhaltigkeit\/kompostsilos\/#primaryimage"},"thumbnailUrl":"https:\/\/fireware.nl\/wp-content\/uploads\/2021\/05\/FireWare-plaatst-compostsilo-om-tuinresten-her-te-gebruiken-2.jpg","datePublished":"2021-12-14T10:38:44+00:00","dateModified":"2021-12-14T11:01:13+00:00","breadcrumb":{"@id":"https:\/\/fireware.nl\/de\/sozialverantwortung-und-nachhaltigkeit\/kompostsilos\/#breadcrumb"},"inLanguage":"de","potentialAction":[{"@type":"ReadAction","target":["https:\/\/fireware.nl\/de\/sozialverantwortung-und-nachhaltigkeit\/kompostsilos\/"]}]},{"@type":"ImageObject","inLanguage":"de","@id":"https:\/\/fireware.nl\/de\/sozialverantwortung-und-nachhaltigkeit\/kompostsilos\/#primaryimage","url":"https:\/\/fireware.nl\/wp-content\/uploads\/2021\/05\/FireWare-plaatst-compostsilo-om-tuinresten-her-te-gebruiken-2.jpg","contentUrl":"https:\/\/fireware.nl\/wp-content\/uploads\/2021\/05\/FireWare-plaatst-compostsilo-om-tuinresten-her-te-gebruiken-2.jpg","width":2200,"height":800},{"@type":"BreadcrumbList","@id":"https:\/\/fireware.nl\/de\/sozialverantwortung-und-nachhaltigkeit\/kompostsilos\/#breadcrumb","itemListElement":[{"@type":"ListItem","position":1,"name":"Home","item":"https:\/\/fireware.nl\/de\/"},{"@type":"ListItem","position":2,"name":"Sozialverantwortung und Nachhaltigkeit","item":"https:\/\/fireware.nl\/de\/sozialverantwortung-und-nachhaltigkeit\/"},{"@type":"ListItem","position":3,"name":"Kompostsilos"}]},{"@type":"WebSite","@id":"https:\/\/fireware.nl\/de\/#website","url":"https:\/\/fireware.nl\/de\/","name":"FireWare","description":"CREATING REALISTIC  TRAINING ENVIRONMENTS","publisher":{"@id":"https:\/\/fireware.nl\/de\/#organization"},"potentialAction":[{"@type":"SearchAction","target":{"@type":"EntryPoint","urlTemplate":"https:\/\/fireware.nl\/de\/?s={search_term_string}"},"query-input":{"@type":"PropertyValueSpecification","valueRequired":true,"valueName":"search_term_string"}}],"inLanguage":"de"},{"@type":"Organization","@id":"https:\/\/fireware.nl\/de\/#organization","name":"FireWare","url":"https:\/\/fireware.nl\/de\/","logo":{"@type":"ImageObject","inLanguage":"de","@id":"https:\/\/fireware.nl\/de\/#\/schema\/logo\/image\/","url":"https:\/\/fireware.nl\/wp-content\/uploads\/2018\/10\/FireWare-logo.jpg","contentUrl":"https:\/\/fireware.nl\/wp-content\/uploads\/2018\/10\/FireWare-logo.jpg","width":171,"height":70,"caption":"FireWare"},"image":{"@id":"https:\/\/fireware.nl\/de\/#\/schema\/logo\/image\/"},"sameAs":["https:\/\/www.facebook.com\/FireWareBV\/","https:\/\/x.com\/FireWarebv","https:\/\/www.instagram.com\/fireware_nl\/","https:\/\/www.linkedin.com\/company\/3586017\/","https:\/\/www.youtube.com\/user\/firesalesrentconsult"]}]}},"publishpress_future_action":{"enabled":false,"date":"2026-05-12 21:19:23","action":"change-status","newStatus":"draft","terms":[],"taxonomy":"translation_priority","extraData":[]},"publishpress_future_workflow_manual_trigger":{"enabledWorkflows":[]},"_links":{"self":[{"href":"https:\/\/fireware.nl\/de\/wp-json\/wp\/v2\/pages\/68794","targetHints":{"allow":["GET"]}}],"collection":[{"href":"https:\/\/fireware.nl\/de\/wp-json\/wp\/v2\/pages"}],"about":[{"href":"https:\/\/fireware.nl\/de\/wp-json\/wp\/v2\/types\/page"}],"author":[{"embeddable":true,"href":"https:\/\/fireware.nl\/de\/wp-json\/wp\/v2\/users\/9"}],"replies":[{"embeddable":true,"href":"https:\/\/fireware.nl\/de\/wp-json\/wp\/v2\/comments?post=68794"}],"version-history":[{"count":0,"href":"https:\/\/fireware.nl\/de\/wp-json\/wp\/v2\/pages\/68794\/revisions"}],"up":[{"embeddable":true,"href":"https:\/\/fireware.nl\/de\/wp-json\/wp\/v2\/pages\/2620"}],"wp:featuredmedia":[{"embeddable":true,"href":"https:\/\/fireware.nl\/de\/wp-json\/wp\/v2\/media\/59741"}],"wp:attachment":[{"href":"https:\/\/fireware.nl\/de\/wp-json\/wp\/v2\/media?parent=68794"}],"curies":[{"name":"wp","href":"https:\/\/api.w.org\/{rel}","templated":true}]}}