
{"id":72811,"date":"2022-06-14T09:46:38","date_gmt":"2022-06-14T09:46:38","guid":{"rendered":"https:\/\/fireware.nl\/simulation-academy\/broschueren\/"},"modified":"2026-03-20T10:59:20","modified_gmt":"2026-03-20T10:59:20","slug":"broschueren","status":"publish","type":"page","link":"https:\/\/fireware.nl\/de\/simulation-academy\/brochuren\/","title":{"rendered":"Brosch\u00fcren"},"content":{"rendered":"\n<figure itemscope itemtype=\"https:\/\/schema.org\/ImageObject\">\n\t\t\t\t<img decoding=\"async\" src=\"https:\/\/fireware.nl\/wp-content\/uploads\/2022\/05\/Brochures-FireWare.jpg\" alt=\"Brochures FireWare\" height=\"800\" width=\"2200\" title=\"Brochures FireWare\" onerror=\"this.style.display='none'\" loading=\"lazy\" \/>\n\t<\/figure>\n\t<p><strong>M\u00f6chten Sie einen (noch) besseren Eindruck von FireWare bekommen? Dann sind Sie auf der richtigen Seite gelandet. Hier finden Sie eine praktische \u00dcbersicht von Brosch\u00fcren, die Sie inspirieren (versprochen!) und Ihnen unsere Arbeit vorstellen werden. Die Downloads sind kostenlos und unverbindlich.<\/strong><\/p>\n<p>Haben Sie nach der Lekt\u00fcre der Brosch\u00fcren noch Fragen? Dann z\u00f6gern Sie nicht, uns zu <a href=\"https:\/\/fireware.nl\/de\/kontakt\/\" target=\"_blank\" rel=\"noopener\">kontaktieren<\/a>. Wir helfen Ihnen gerne weiter.<\/p>\n<figure itemscope itemtype=\"https:\/\/schema.org\/ImageObject\">\n\t\t\t\t<img decoding=\"async\" src=\"https:\/\/fireware.nl\/wp-content\/uploads\/2022\/05\/Brochure-Verhuuroplossingen.jpg\" alt=\"Brochure Verhuuroplossingen\" height=\"400\" width=\"500\" title=\"Brochure Verhuuroplossingen\" onerror=\"this.style.display='none'\" loading=\"lazy\" \/>\n\t<\/figure>\n\t<strong>Vermietungsl\u00f6sungen<br \/>\n<\/strong><em>Ihre eigene Umgebung als tempor\u00e4res interaktives Ausbildungszentrum<\/em>\n\t\t\t<a href=\"https:\/\/fireware.nl\/wp-content\/uploads\/2022\/06\/FireWare-Vermietungslosungen.pdf\"  target=\"_self\"  download>\n\t\t\t\t\t\t\tKostenloser Download\n\t\t\t\t\t<\/a>\n<figure itemscope itemtype=\"https:\/\/schema.org\/ImageObject\">\n\t\t\t\t<img decoding=\"async\" src=\"https:\/\/fireware.nl\/wp-content\/uploads\/2022\/05\/Brochure-Brandveilig-Leven.jpg\" alt=\"Brochure Brandveilig Leven\" height=\"400\" width=\"500\" title=\"Brochure Brandveilig Leven\" onerror=\"this.style.display='none'\" loading=\"lazy\" \/>\n\t<\/figure>\n\t<strong>L\u00f6sungen zum Brandschutz Unterricht<br \/>\n<\/strong><em>Interaktive Roadshows zur Information der \u00d6ffentlichkeit<\/em>\n\t\t\t<a href=\"https:\/\/fireware.nl\/wp-content\/uploads\/2022\/06\/FireWare-Losungen-zum-Brandschutz-Unterricht.pdf\"  target=\"_self\"  download>\n\t\t\t\t\t\t\tKostenloser Download\n\t\t\t\t\t<\/a>\n<figure itemscope itemtype=\"https:\/\/schema.org\/ImageObject\">\n\t\t\t\t<img decoding=\"async\" src=\"https:\/\/fireware.nl\/wp-content\/uploads\/2022\/05\/Brochure-ensceneringstrainingen.jpg\" alt=\"Brochure ensceneringstrainingen\" height=\"400\" width=\"500\" title=\"Brochure ensceneringstrainingen\" onerror=\"this.style.display='none'\" loading=\"lazy\" \/>\n\t<\/figure>\n\t<strong>Inszenierungslehrg\u00e4nge<br \/>\n<\/strong><em>Lernen Sie an einem Tag \u00e4u\u1e9eerst realit\u00e4tsnah zu inszenieren<\/em>\n\t\t\t<a href=\"https:\/\/fireware.nl\/wp-content\/uploads\/2022\/06\/FireWare-Inszenierungslehrgange.pdf\"  target=\"_self\"  download>\n\t\t\t\t\t\t\tKostenloser Download\n\t\t\t\t\t<\/a>\n<figure itemscope itemtype=\"https:\/\/schema.org\/ImageObject\">\n\t\t\t\t<img decoding=\"async\" src=\"https:\/\/fireware.nl\/wp-content\/uploads\/2022\/05\/Brochure-Verkoop-van-realistische-oefenmaterialen.jpg\" alt=\"Brochure Verkoop van realistische oefenmaterialen\" height=\"400\" width=\"500\" title=\"Brochure Verkoop van realistische oefenmaterialen\" onerror=\"this.style.display='none'\" loading=\"lazy\" \/>\n\t<\/figure>\n\t<p><strong>Verkauf realistischer \u00dcbungsger\u00e4tschaften<\/strong><\/p>\n\t\t\t<a href=\"https:\/\/fireware.nl\/wp-content\/uploads\/2022\/06\/FireWare-Verkauf-realistischer-Ubungsgeratschaften.pdf\"  target=\"_self\"  download>\n\t\t\t\t\t\t\tKostenloser Download\n\t\t\t\t\t<\/a>\n<figure itemscope itemtype=\"https:\/\/schema.org\/ImageObject\">\n\t\t\t\t<img decoding=\"async\" src=\"https:\/\/fireware.nl\/wp-content\/uploads\/2022\/05\/Brochure-Ontwikkelen-van-realistische-oefenomgevingen.jpg\" alt=\"Brochure Ontwikkelen van realistische oefenomgevingen\" height=\"400\" width=\"500\" title=\"Brochure Ontwikkelen van realistische oefenomgevingen\" onerror=\"this.style.display='none'\" loading=\"lazy\" \/>\n\t<\/figure>\n\t<p><strong>Entwicklung realistischer \u00dcbungsumgebungen<\/strong><\/p>\n\t\t\t<a href=\"https:\/\/fireware.nl\/wp-content\/uploads\/2022\/06\/FireWare-Entwicklung-realistischer-Ubungsumgebungen.pdf\"  target=\"_self\"  download>\n\t\t\t\t\t\t\tKostenloser Download\n\t\t\t\t\t<\/a>\n\n","protected":false},"excerpt":{"rendered":"<p>M\u00f6chten Sie einen (noch) besseren Eindruck von FireWare bekommen? Dann sind Sie auf der richtigen Seite gelandet. Hier finden Sie<span class=\"excerpt-ellipsis\">&#8230;<\/span><\/p>\n","protected":false},"author":9,"featured_media":72600,"parent":39887,"menu_order":0,"comment_status":"closed","ping_status":"closed","template":"","meta":{"footnotes":""},"class_list":["post-72811","page","type-page","status-publish","has-post-thumbnail","hentry"],"yoast_head":"<!-- This site is optimized with the Yoast SEO plugin v27.5 - https:\/\/yoast.com\/product\/yoast-seo-wordpress\/ -->\n<title>Brosch\u00fcren - FireWare<\/title>\n<meta name=\"robots\" content=\"index, follow, max-snippet:-1, max-image-preview:large, max-video-preview:-1\" \/>\n<link rel=\"canonical\" href=\"https:\/\/fireware.nl\/de\/simulation-academy\/brochuren\/\" \/>\n<meta property=\"og:locale\" content=\"de_DE\" \/>\n<meta property=\"og:type\" content=\"article\" \/>\n<meta property=\"og:title\" content=\"Brosch\u00fcren - FireWare\" \/>\n<meta property=\"og:description\" content=\"M\u00f6chten Sie einen (noch) besseren Eindruck von FireWare bekommen? Dann sind Sie auf der richtigen Seite gelandet. Hier finden Sie...\" \/>\n<meta property=\"og:url\" content=\"https:\/\/fireware.nl\/de\/simulation-academy\/brochuren\/\" \/>\n<meta property=\"og:site_name\" content=\"FireWare\" \/>\n<meta property=\"article:publisher\" content=\"https:\/\/www.facebook.com\/FireWareBV\/\" \/>\n<meta property=\"article:modified_time\" content=\"2026-03-20T10:59:20+00:00\" \/>\n<meta property=\"og:image\" content=\"https:\/\/fireware.nl\/wp-content\/uploads\/2022\/05\/Brochures-FireWare.jpg\" \/>\n\t<meta property=\"og:image:width\" content=\"2200\" \/>\n\t<meta property=\"og:image:height\" content=\"800\" \/>\n\t<meta property=\"og:image:type\" content=\"image\/jpeg\" \/>\n<meta name=\"twitter:card\" content=\"summary_large_image\" \/>\n<meta name=\"twitter:site\" content=\"@FireWarebv\" \/>\n<meta name=\"twitter:label1\" content=\"Gesch\u00e4tzte Lesezeit\" \/>\n\t<meta name=\"twitter:data1\" content=\"1\u00a0Minute\" \/>\n<script type=\"application\/ld+json\" class=\"yoast-schema-graph\">{\"@context\":\"https:\\\/\\\/schema.org\",\"@graph\":[{\"@type\":\"WebPage\",\"@id\":\"https:\\\/\\\/fireware.nl\\\/de\\\/simulation-academy\\\/brochuren\\\/\",\"url\":\"https:\\\/\\\/fireware.nl\\\/de\\\/simulation-academy\\\/brochuren\\\/\",\"name\":\"Brosch\u00fcren - FireWare\",\"isPartOf\":{\"@id\":\"https:\\\/\\\/fireware.nl\\\/de\\\/#website\"},\"primaryImageOfPage\":{\"@id\":\"https:\\\/\\\/fireware.nl\\\/de\\\/simulation-academy\\\/brochuren\\\/#primaryimage\"},\"image\":{\"@id\":\"https:\\\/\\\/fireware.nl\\\/de\\\/simulation-academy\\\/brochuren\\\/#primaryimage\"},\"thumbnailUrl\":\"https:\\\/\\\/fireware.nl\\\/wp-content\\\/uploads\\\/2022\\\/05\\\/Brochures-FireWare.jpg\",\"datePublished\":\"2022-06-14T09:46:38+00:00\",\"dateModified\":\"2026-03-20T10:59:20+00:00\",\"breadcrumb\":{\"@id\":\"https:\\\/\\\/fireware.nl\\\/de\\\/simulation-academy\\\/brochuren\\\/#breadcrumb\"},\"inLanguage\":\"de\",\"potentialAction\":[{\"@type\":\"ReadAction\",\"target\":[\"https:\\\/\\\/fireware.nl\\\/de\\\/simulation-academy\\\/brochuren\\\/\"]}]},{\"@type\":\"ImageObject\",\"inLanguage\":\"de\",\"@id\":\"https:\\\/\\\/fireware.nl\\\/de\\\/simulation-academy\\\/brochuren\\\/#primaryimage\",\"url\":\"https:\\\/\\\/fireware.nl\\\/wp-content\\\/uploads\\\/2022\\\/05\\\/Brochures-FireWare.jpg\",\"contentUrl\":\"https:\\\/\\\/fireware.nl\\\/wp-content\\\/uploads\\\/2022\\\/05\\\/Brochures-FireWare.jpg\",\"width\":2200,\"height\":800},{\"@type\":\"BreadcrumbList\",\"@id\":\"https:\\\/\\\/fireware.nl\\\/de\\\/simulation-academy\\\/brochuren\\\/#breadcrumb\",\"itemListElement\":[{\"@type\":\"ListItem\",\"position\":1,\"name\":\"Home\",\"item\":\"https:\\\/\\\/fireware.nl\\\/de\\\/\"},{\"@type\":\"ListItem\",\"position\":2,\"name\":\"Simulation Academy\",\"item\":\"https:\\\/\\\/fireware.nl\\\/de\\\/simulation-academy\\\/\"},{\"@type\":\"ListItem\",\"position\":3,\"name\":\"Brosch\u00fcren\"}]},{\"@type\":\"WebSite\",\"@id\":\"https:\\\/\\\/fireware.nl\\\/de\\\/#website\",\"url\":\"https:\\\/\\\/fireware.nl\\\/de\\\/\",\"name\":\"FireWare\",\"description\":\"CREATING REALISTIC  TRAINING ENVIRONMENTS\",\"publisher\":{\"@id\":\"https:\\\/\\\/fireware.nl\\\/de\\\/#organization\"},\"potentialAction\":[{\"@type\":\"SearchAction\",\"target\":{\"@type\":\"EntryPoint\",\"urlTemplate\":\"https:\\\/\\\/fireware.nl\\\/de\\\/?s={search_term_string}\"},\"query-input\":{\"@type\":\"PropertyValueSpecification\",\"valueRequired\":true,\"valueName\":\"search_term_string\"}}],\"inLanguage\":\"de\"},{\"@type\":\"Organization\",\"@id\":\"https:\\\/\\\/fireware.nl\\\/de\\\/#organization\",\"name\":\"FireWare\",\"url\":\"https:\\\/\\\/fireware.nl\\\/de\\\/\",\"logo\":{\"@type\":\"ImageObject\",\"inLanguage\":\"de\",\"@id\":\"https:\\\/\\\/fireware.nl\\\/de\\\/#\\\/schema\\\/logo\\\/image\\\/\",\"url\":\"https:\\\/\\\/fireware.nl\\\/wp-content\\\/uploads\\\/2018\\\/10\\\/FireWare-logo.jpg\",\"contentUrl\":\"https:\\\/\\\/fireware.nl\\\/wp-content\\\/uploads\\\/2018\\\/10\\\/FireWare-logo.jpg\",\"width\":171,\"height\":70,\"caption\":\"FireWare\"},\"image\":{\"@id\":\"https:\\\/\\\/fireware.nl\\\/de\\\/#\\\/schema\\\/logo\\\/image\\\/\"},\"sameAs\":[\"https:\\\/\\\/www.facebook.com\\\/FireWareBV\\\/\",\"https:\\\/\\\/x.com\\\/FireWarebv\",\"https:\\\/\\\/www.instagram.com\\\/fireware_nl\\\/\",\"https:\\\/\\\/www.linkedin.com\\\/company\\\/3586017\\\/\",\"https:\\\/\\\/www.youtube.com\\\/user\\\/firesalesrentconsult\"]}]}<\/script>\n<!-- \/ Yoast SEO plugin. -->","yoast_head_json":{"title":"Brosch\u00fcren - FireWare","robots":{"index":"index","follow":"follow","max-snippet":"max-snippet:-1","max-image-preview":"max-image-preview:large","max-video-preview":"max-video-preview:-1"},"canonical":"https:\/\/fireware.nl\/de\/simulation-academy\/brochuren\/","og_locale":"de_DE","og_type":"article","og_title":"Brosch\u00fcren - FireWare","og_description":"M\u00f6chten Sie einen (noch) besseren Eindruck von FireWare bekommen? Dann sind Sie auf der richtigen Seite gelandet. Hier finden Sie...","og_url":"https:\/\/fireware.nl\/de\/simulation-academy\/brochuren\/","og_site_name":"FireWare","article_publisher":"https:\/\/www.facebook.com\/FireWareBV\/","article_modified_time":"2026-03-20T10:59:20+00:00","og_image":[{"width":2200,"height":800,"url":"https:\/\/fireware.nl\/wp-content\/uploads\/2022\/05\/Brochures-FireWare.jpg","type":"image\/jpeg"}],"twitter_card":"summary_large_image","twitter_site":"@FireWarebv","twitter_misc":{"Gesch\u00e4tzte Lesezeit":"1\u00a0Minute"},"schema":{"@context":"https:\/\/schema.org","@graph":[{"@type":"WebPage","@id":"https:\/\/fireware.nl\/de\/simulation-academy\/brochuren\/","url":"https:\/\/fireware.nl\/de\/simulation-academy\/brochuren\/","name":"Brosch\u00fcren - FireWare","isPartOf":{"@id":"https:\/\/fireware.nl\/de\/#website"},"primaryImageOfPage":{"@id":"https:\/\/fireware.nl\/de\/simulation-academy\/brochuren\/#primaryimage"},"image":{"@id":"https:\/\/fireware.nl\/de\/simulation-academy\/brochuren\/#primaryimage"},"thumbnailUrl":"https:\/\/fireware.nl\/wp-content\/uploads\/2022\/05\/Brochures-FireWare.jpg","datePublished":"2022-06-14T09:46:38+00:00","dateModified":"2026-03-20T10:59:20+00:00","breadcrumb":{"@id":"https:\/\/fireware.nl\/de\/simulation-academy\/brochuren\/#breadcrumb"},"inLanguage":"de","potentialAction":[{"@type":"ReadAction","target":["https:\/\/fireware.nl\/de\/simulation-academy\/brochuren\/"]}]},{"@type":"ImageObject","inLanguage":"de","@id":"https:\/\/fireware.nl\/de\/simulation-academy\/brochuren\/#primaryimage","url":"https:\/\/fireware.nl\/wp-content\/uploads\/2022\/05\/Brochures-FireWare.jpg","contentUrl":"https:\/\/fireware.nl\/wp-content\/uploads\/2022\/05\/Brochures-FireWare.jpg","width":2200,"height":800},{"@type":"BreadcrumbList","@id":"https:\/\/fireware.nl\/de\/simulation-academy\/brochuren\/#breadcrumb","itemListElement":[{"@type":"ListItem","position":1,"name":"Home","item":"https:\/\/fireware.nl\/de\/"},{"@type":"ListItem","position":2,"name":"Simulation Academy","item":"https:\/\/fireware.nl\/de\/simulation-academy\/"},{"@type":"ListItem","position":3,"name":"Brosch\u00fcren"}]},{"@type":"WebSite","@id":"https:\/\/fireware.nl\/de\/#website","url":"https:\/\/fireware.nl\/de\/","name":"FireWare","description":"CREATING REALISTIC  TRAINING ENVIRONMENTS","publisher":{"@id":"https:\/\/fireware.nl\/de\/#organization"},"potentialAction":[{"@type":"SearchAction","target":{"@type":"EntryPoint","urlTemplate":"https:\/\/fireware.nl\/de\/?s={search_term_string}"},"query-input":{"@type":"PropertyValueSpecification","valueRequired":true,"valueName":"search_term_string"}}],"inLanguage":"de"},{"@type":"Organization","@id":"https:\/\/fireware.nl\/de\/#organization","name":"FireWare","url":"https:\/\/fireware.nl\/de\/","logo":{"@type":"ImageObject","inLanguage":"de","@id":"https:\/\/fireware.nl\/de\/#\/schema\/logo\/image\/","url":"https:\/\/fireware.nl\/wp-content\/uploads\/2018\/10\/FireWare-logo.jpg","contentUrl":"https:\/\/fireware.nl\/wp-content\/uploads\/2018\/10\/FireWare-logo.jpg","width":171,"height":70,"caption":"FireWare"},"image":{"@id":"https:\/\/fireware.nl\/de\/#\/schema\/logo\/image\/"},"sameAs":["https:\/\/www.facebook.com\/FireWareBV\/","https:\/\/x.com\/FireWarebv","https:\/\/www.instagram.com\/fireware_nl\/","https:\/\/www.linkedin.com\/company\/3586017\/","https:\/\/www.youtube.com\/user\/firesalesrentconsult"]}]}},"publishpress_future_action":{"enabled":false,"date":"2026-05-12 22:04:36","action":"change-status","newStatus":"draft","terms":[],"taxonomy":"translation_priority","extraData":[]},"publishpress_future_workflow_manual_trigger":{"enabledWorkflows":[]},"_links":{"self":[{"href":"https:\/\/fireware.nl\/de\/wp-json\/wp\/v2\/pages\/72811","targetHints":{"allow":["GET"]}}],"collection":[{"href":"https:\/\/fireware.nl\/de\/wp-json\/wp\/v2\/pages"}],"about":[{"href":"https:\/\/fireware.nl\/de\/wp-json\/wp\/v2\/types\/page"}],"author":[{"embeddable":true,"href":"https:\/\/fireware.nl\/de\/wp-json\/wp\/v2\/users\/9"}],"replies":[{"embeddable":true,"href":"https:\/\/fireware.nl\/de\/wp-json\/wp\/v2\/comments?post=72811"}],"version-history":[{"count":2,"href":"https:\/\/fireware.nl\/de\/wp-json\/wp\/v2\/pages\/72811\/revisions"}],"predecessor-version":[{"id":131418,"href":"https:\/\/fireware.nl\/de\/wp-json\/wp\/v2\/pages\/72811\/revisions\/131418"}],"up":[{"embeddable":true,"href":"https:\/\/fireware.nl\/de\/wp-json\/wp\/v2\/pages\/39887"}],"wp:featuredmedia":[{"embeddable":true,"href":"https:\/\/fireware.nl\/de\/wp-json\/wp\/v2\/media\/72600"}],"wp:attachment":[{"href":"https:\/\/fireware.nl\/de\/wp-json\/wp\/v2\/media?parent=72811"}],"curies":[{"name":"wp","href":"https:\/\/api.w.org\/{rel}","templated":true}]}}