
{"id":73057,"date":"2022-06-24T08:48:43","date_gmt":"2022-06-24T08:48:43","guid":{"rendered":"https:\/\/fireware.nl\/partner\/"},"modified":"2026-03-20T10:51:34","modified_gmt":"2026-03-20T10:51:34","slug":"partner","status":"publish","type":"page","link":"https:\/\/fireware.nl\/de\/partner\/","title":{"rendered":"Partner"},"content":{"rendered":"\r\n<p><strong>Das inspirierende Zusammenarbeiten ist einer der Kernwerte von FireWare. Wir tun dies mit Partnern. Eine Partnerschaft ist etwas ganz Besonderes. Und schon gar nicht selbstverst\u00e4ndlich. In einer Partnerschaft geht es darum, Verletzlichkeit zu wagen, gemeinsam Erfolge zu feiern und gemeinsam aus Fehlern zu lernen. Ab und zu b\u00f6se aufeinander zu sein, aber auch sich wieder vertragen zu k\u00f6nnen. Gemeinsam sch\u00f6ne Dinge ausdenken. Und vor allem gemeinsam daran zu arbeiten, wof\u00fcr FireWare steht und wonach FireWare strebt. Das ist das Schaffen realistischer \u00dcbungsumgebungen f\u00fcr Hilfskr\u00e4fte auf der ganzen Welt, damit sie gut an ihrer beruflichen Kompetenz arbeiten k\u00f6nnen. Damit sie den Unterschied machen k\u00f6nnen, wenn es darauf ankommt.<\/strong><\/p>\r\n<p>Nachfolgend lesen Sie eine Auswahl unserer Partner:<\/p>\r\n<h2>KWK Huisvestingsregisseurs<\/h2>\r\n<p>Immer mehr Ausbilder und Sicherheitsregionen verstehen, dass die Entwicklung von \u00dcbungseinrichtungen komplex ist. W\u00e4hrend sich KWK haupts\u00e4chlich auf das Entwerfen, Definieren und Realisieren der Unterk\u00fcnfte konzentriert, konzentriert sich FireWare auf das Erreichen der Lernziele innerhalb einer solchen \u00dcbungseinrichtung. FireWare befindet sich um 180 Grad auf der anderen Seite von KWK, und das macht die Zusammenarbeit und Partnerschaft so wertvoll.<\/p>\r\n<p><a href=\"https:\/\/kwkbv.nl\/\" target=\"_blank\" rel=\"noopener\"> <img loading=\"lazy\" decoding=\"async\" title=\"KWK\" src=\"https:\/\/fireware.nl\/wp-content\/uploads\/2022\/05\/KWK.jpg\" alt=\"KWK\" width=\"750\" height=\"400\" \/> <\/a><\/p>\r\n<h2>Medical-X<\/h2>\r\n<p>FireWare und Medical-X teilen die Leidenschaft f\u00fcr realistisches Training. Das Schaffen von Situationen, die der Realit\u00e4t so nahe wie m\u00f6glich kommen. Situationen, in denen Spezialisten, die f\u00fcr andere da sind, an ihrer beruflichen Qualifikation arbeiten k\u00f6nnen. Medical-X erreicht dies durch die Herstellung extrem realistischer und fortschrittlicher medizinischer Simulatoren. FireWare durch die Schaffung extrem realistischer \u00dcbungsumgebungen&#8230;<\/p>\r\n<p>Beide Unternehmen wissen noch nicht, wohin die Zusammenarbeit letztendlich f\u00fchren wird. Aber es wird aufregend! Es wurde bereits an der <a href=\"https:\/\/fireware.nl\/de\/?post_type=product&#038;p=87025\" target=\"_blank\" rel=\"noopener\">Victima<\/a> zusammengearbeitet: eine realistische Allround-Trainingspuppe. Es wird auch an fortschrittlicheren L\u00f6sungen gearbeitet, bei denen Umgebungen um ein Opfer projiziert werden, wie bei der FireWare <a href=\"https:\/\/fireware.nl\/de\/product\/fireware-interactive-incident-trainer\/\" target=\"_blank\" rel=\"noopener\">FIIT<\/a>.<\/p>\r\n<p>Das gemeinsame Entwickeln neuer Schulungsl\u00f6sungen erfordert auch die Bereitschaft zur Verletzlichkeit. Eine Eigenschaft, die beide Unternehmen haben! Medical-X verf\u00fcgt \u00fcber umfangreiches Wissen \u00fcber fortschrittliche, realistische Trainingspuppen f\u00fcr die Durchf\u00fchrung medizinischer Ma\u00dfnahmen f\u00fcr verschiedene Zielgruppen. FireWare hat sich einen Namen gemacht durch die Entwicklung physischer Simulationen, die alle Sinne ansprechen. Damit ist die Zusammenarbeit eine goldene Kombination: Medizinische F\u00e4higkeiten auf einem High-Tech-Simulator in einer extrem realistischen Umgebung zu trainieren, die Kontext bietet. Besser geht es nicht!<\/p>\r\n<p><a href=\"https:\/\/medical-x.com\/\" target=\"_blank\" rel=\"noopener\"><img decoding=\"async\" src=\"https:\/\/fireware.nl\/wp-content\/uploads\/2023\/12\/image-1024x279.png\" \/><\/a><\/p>\r\n<p>&nbsp;<\/p>\r\n<h2>Mentaal Bewust<\/h2>\r\n<p>W\u00e4hrend der COVID-19-Krise experimentierten Paul und Jasper Weijling von Mentaal Bewust und Sef Hendrickx von FireWare mit Unterricht auf Distanz aus dem FireWare-Studio. Am Kaffeetisch in einer der Pausen drehte sich das Gespr\u00e4ch um die Zusammenh\u00e4nge zwischen Inszenierung und mentaler Wahrnehmung in traumagef\u00e4hrdeten Berufen. Das Fazit war, dass dieses Thema in der Fachwelt noch nicht die Aufmerksamkeit erh\u00e4lt, die es verdient. Daraus ist eine Partnerschaft entstanden, die sich auf die gewollten und ungewollten mentalen Wirkungen des realistischen Inszenierens konzentriert.<\/p>\r\n<p><a href=\"https:\/\/mentaalbewust.nl\/\" target=\"_blank\" rel=\"noopener\"> <img loading=\"lazy\" decoding=\"async\" title=\"Mentaal bewust\" src=\"https:\/\/fireware.nl\/wp-content\/uploads\/2022\/05\/Mentaal-bewust.jpg\" alt=\"Mentaal bewust\" width=\"750\" height=\"400\" \/><\/a><\/p>\r\n<p>&nbsp;<\/p>\r\n<h2>Total Force Genie &#8211; NTC<\/h2>\r\n<p>Je realistischer eine \u00dcbung ist, desto besser sind die Hilfskr\u00e4fte auf einen tats\u00e4chlichen Vorfall vorbereitet. Dieser Realismus entsteht unter anderem durch gute Bildgebung, Interaktivit\u00e4t, die Schaffung von Dilemmata und ein Auge f\u00fcr Details (F\u00fchlen, H\u00f6ren, Schmecken, Riechen). All dies nat\u00fcrlich unter Ber\u00fccksichtigung der beabsichtigten Lern- und Lehrziele.<\/p>\r\n<p>Um dieses hohe Ma\u00df an Realismus zu erreichen und eine maximale Verbindung zu den Lern- und Lehrzielen aufrechtzuerhalten, ist eine intensive Zusammenarbeit erforderlich. Bei den Pioniereinheiten wurde eine separate Task Force f\u00fcr milit\u00e4risch-zivile Zusammenarbeit eingerichtet: Total Force Genie (TFG). TFG verleiht den adaptiven Streitkr\u00e4ften Substanz: Schulter an Schulter mit milit\u00e4rischen Verb\u00fcndeten zur Erf\u00fcllung milit\u00e4rischer Aufgaben. FireWare ist einer dieser zivilen Verb\u00fcndeten. Auf diese Weise arbeiten wir gemeinsam an einer sicheren Welt.<\/p>\r\n<p>Als Spezialist f\u00fcr die Schaffung realistischer Trainingsumgebungen f\u00fcr Hilfskr\u00e4fte kann FireWare einen wichtigen Beitrag zur Perfektionierung des NTC leisten. Aus diesem Grund wurde ein Prozess gestartet, in dem das FireWare-Team vom NTC in Bezug auf CBRNE-Vorf\u00e4lle geschult wird. Umgekehrt wird das NTC-Team von FireWare in Simulationstechnologie geschult. Durch die B\u00fcndelung von Wissen, Brainstorming, Experimentieren und Lernen wird ein deutlich h\u00f6heres Erlebnisniveau erreicht.<\/p>\r\n<p><a href=\"https:\/\/fireware.nl\/de\/total-force-genie-und-fireware-inspirierende-zusammenarbeit-um-cbrne-simulationen-auf-das-hoechstmoegliche-niveau-zu-bringen-2\/\" target=\"_blank\" rel=\"noopener\"> <img loading=\"lazy\" decoding=\"async\" title=\"Total Force Genie - NTC CBRN\" src=\"https:\/\/fireware.nl\/wp-content\/uploads\/2022\/08\/Total-Force-Genie-NTC-CBRN.jpg\" alt=\"Total Force Genie - NTC CBRN\" width=\"750\" height=\"400\" \/> <\/a><\/p>\r\n<h2>Wissensplattform Tunnelsicherheit<\/h2>\r\n<p>Die Wissensplattform f\u00fcr Tunnelsicherheit ist die zentrale Anlaufstelle f\u00fcr alle Fragen zur Tunnelsicherheit in den Niederlanden. Die Plattform teilt vorhandenes niederl\u00e4ndisches und ausl\u00e4ndisches Wissen \u00fcber Tunnelsicherheit auf zug\u00e4ngliche und proaktive Weise mit allen Personen und Organisationen, die beruflich mit Tunneln und Tunnelsicherheit zu tun haben. Die realistische und zerst\u00f6rungsfreie Inszenierung von Vorf\u00e4llen in Tunneln ist komplex. FireWare freut sich, das im Laufe der Jahre erworbene Wissen mit multidisziplin\u00e4ren Tunnelvorfallssimulationen zu teilen. Das FireWare-Team kann auch Unterst\u00fctzung bei der Inszenierung von Vorf\u00e4llen in Tunneln leisten. Einschlie\u00dflich Br\u00e4nde mit realistischer Rauchentwicklung.<\/p>\r\n<p><a href=\"https:\/\/www.kennisplatformtunnelveiligheid.nl\/\" target=\"_blank\" rel=\"noopener\"> <img loading=\"lazy\" decoding=\"async\" title=\"Kennisplatform tunnelveiligheid\" src=\"https:\/\/fireware.nl\/wp-content\/uploads\/2022\/06\/Kennisplatform-tunnelveiligheid.jpg\" alt=\"Kennisplatform tunnelveiligheid\" width=\"750\" height=\"400\" \/> <\/a><\/p>\r\n<h2>B20<\/h2>\r\n<p>B20 ist eine professionelle, zuverl\u00e4ssige und anerkannte psychologische Beratung. Die Agentur ist vollst\u00e4ndig spezialisiert auf die Bewertung, das Training und das Coaching im Bereich Sicherheit, Katastrophenmanagement und Krisenmanagement.<\/p>\r\n<p>Die Kombination des psychologischen Wissens von B20 mit dem Wissen von FireWare \u00fcber die Schaffung realistischer Trainingsumgebungen schafft einen enormen Mehrwert f\u00fcr den Endbenutzer. Eine Zusammenarbeit wird insbesondere f\u00fcr fortgeschrittenere und umfangreichere Simulationen und Bewertungen angestrebt. Das Ergebnis: eine Reihe von Erlebnissen, bei denen selbst die gestandensten und erfahrensten Profis wirklich an ihrer Fachkompetenz arbeiten k\u00f6nnen.<\/p>\r\n<p><a href=\"https:\/\/b20.nl\/\" target=\"_blank\" rel=\"noopener\"> <img loading=\"lazy\" decoding=\"async\" title=\"B20\" src=\"https:\/\/fireware.nl\/wp-content\/uploads\/2022\/05\/B20.jpg\" alt=\"B20\" width=\"750\" height=\"400\" \/> <\/a><\/p>\r\n","protected":false},"excerpt":{"rendered":"<p>Das inspirierende Zusammenarbeiten ist einer der Kernwerte von FireWare. Wir tun dies mit Partnern. Eine Partnerschaft ist etwas ganz Besonderes.<span class=\"excerpt-ellipsis\">&#8230;<\/span><\/p>\n","protected":false},"author":9,"featured_media":0,"parent":0,"menu_order":0,"comment_status":"closed","ping_status":"closed","template":"","meta":{"footnotes":""},"class_list":["post-73057","page","type-page","status-publish","hentry"],"yoast_head":"<!-- This site is optimized with the Yoast SEO plugin v27.5 - https:\/\/yoast.com\/product\/yoast-seo-wordpress\/ -->\n<title>Partner - FireWare<\/title>\n<meta name=\"robots\" content=\"index, follow, max-snippet:-1, max-image-preview:large, max-video-preview:-1\" \/>\n<link rel=\"canonical\" href=\"https:\/\/fireware.nl\/de\/partner\/\" \/>\n<meta property=\"og:locale\" content=\"de_DE\" \/>\n<meta property=\"og:type\" content=\"article\" \/>\n<meta property=\"og:title\" content=\"Partner - FireWare\" \/>\n<meta property=\"og:description\" content=\"Das inspirierende Zusammenarbeiten ist einer der Kernwerte von FireWare. Wir tun dies mit Partnern. Eine Partnerschaft ist etwas ganz Besonderes....\" \/>\n<meta property=\"og:url\" content=\"https:\/\/fireware.nl\/de\/partner\/\" \/>\n<meta property=\"og:site_name\" content=\"FireWare\" \/>\n<meta property=\"article:publisher\" content=\"https:\/\/www.facebook.com\/FireWareBV\/\" \/>\n<meta property=\"article:modified_time\" content=\"2026-03-20T10:51:34+00:00\" \/>\n<meta property=\"og:image\" content=\"https:\/\/fireware.nl\/wp-content\/uploads\/2022\/05\/KWK.jpg\" \/>\n<meta name=\"twitter:card\" content=\"summary_large_image\" \/>\n<meta name=\"twitter:site\" content=\"@FireWarebv\" \/>\n<meta name=\"twitter:label1\" content=\"Gesch\u00e4tzte Lesezeit\" \/>\n\t<meta name=\"twitter:data1\" content=\"6\u00a0Minuten\" \/>\n<script type=\"application\/ld+json\" class=\"yoast-schema-graph\">{\"@context\":\"https:\\\/\\\/schema.org\",\"@graph\":[{\"@type\":\"WebPage\",\"@id\":\"https:\\\/\\\/fireware.nl\\\/de\\\/partner\\\/\",\"url\":\"https:\\\/\\\/fireware.nl\\\/de\\\/partner\\\/\",\"name\":\"Partner - FireWare\",\"isPartOf\":{\"@id\":\"https:\\\/\\\/fireware.nl\\\/de\\\/#website\"},\"primaryImageOfPage\":{\"@id\":\"https:\\\/\\\/fireware.nl\\\/de\\\/partner\\\/#primaryimage\"},\"image\":{\"@id\":\"https:\\\/\\\/fireware.nl\\\/de\\\/partner\\\/#primaryimage\"},\"thumbnailUrl\":\"https:\\\/\\\/fireware.nl\\\/wp-content\\\/uploads\\\/2022\\\/05\\\/KWK.jpg\",\"datePublished\":\"2022-06-24T08:48:43+00:00\",\"dateModified\":\"2026-03-20T10:51:34+00:00\",\"breadcrumb\":{\"@id\":\"https:\\\/\\\/fireware.nl\\\/de\\\/partner\\\/#breadcrumb\"},\"inLanguage\":\"de\",\"potentialAction\":[{\"@type\":\"ReadAction\",\"target\":[\"https:\\\/\\\/fireware.nl\\\/de\\\/partner\\\/\"]}]},{\"@type\":\"ImageObject\",\"inLanguage\":\"de\",\"@id\":\"https:\\\/\\\/fireware.nl\\\/de\\\/partner\\\/#primaryimage\",\"url\":\"https:\\\/\\\/fireware.nl\\\/wp-content\\\/uploads\\\/2022\\\/05\\\/KWK.jpg\",\"contentUrl\":\"https:\\\/\\\/fireware.nl\\\/wp-content\\\/uploads\\\/2022\\\/05\\\/KWK.jpg\"},{\"@type\":\"BreadcrumbList\",\"@id\":\"https:\\\/\\\/fireware.nl\\\/de\\\/partner\\\/#breadcrumb\",\"itemListElement\":[{\"@type\":\"ListItem\",\"position\":1,\"name\":\"Home\",\"item\":\"https:\\\/\\\/fireware.nl\\\/de\\\/\"},{\"@type\":\"ListItem\",\"position\":2,\"name\":\"Partner\"}]},{\"@type\":\"WebSite\",\"@id\":\"https:\\\/\\\/fireware.nl\\\/de\\\/#website\",\"url\":\"https:\\\/\\\/fireware.nl\\\/de\\\/\",\"name\":\"FireWare\",\"description\":\"CREATING REALISTIC  TRAINING ENVIRONMENTS\",\"publisher\":{\"@id\":\"https:\\\/\\\/fireware.nl\\\/de\\\/#organization\"},\"potentialAction\":[{\"@type\":\"SearchAction\",\"target\":{\"@type\":\"EntryPoint\",\"urlTemplate\":\"https:\\\/\\\/fireware.nl\\\/de\\\/?s={search_term_string}\"},\"query-input\":{\"@type\":\"PropertyValueSpecification\",\"valueRequired\":true,\"valueName\":\"search_term_string\"}}],\"inLanguage\":\"de\"},{\"@type\":\"Organization\",\"@id\":\"https:\\\/\\\/fireware.nl\\\/de\\\/#organization\",\"name\":\"FireWare\",\"url\":\"https:\\\/\\\/fireware.nl\\\/de\\\/\",\"logo\":{\"@type\":\"ImageObject\",\"inLanguage\":\"de\",\"@id\":\"https:\\\/\\\/fireware.nl\\\/de\\\/#\\\/schema\\\/logo\\\/image\\\/\",\"url\":\"https:\\\/\\\/fireware.nl\\\/wp-content\\\/uploads\\\/2018\\\/10\\\/FireWare-logo.jpg\",\"contentUrl\":\"https:\\\/\\\/fireware.nl\\\/wp-content\\\/uploads\\\/2018\\\/10\\\/FireWare-logo.jpg\",\"width\":171,\"height\":70,\"caption\":\"FireWare\"},\"image\":{\"@id\":\"https:\\\/\\\/fireware.nl\\\/de\\\/#\\\/schema\\\/logo\\\/image\\\/\"},\"sameAs\":[\"https:\\\/\\\/www.facebook.com\\\/FireWareBV\\\/\",\"https:\\\/\\\/x.com\\\/FireWarebv\",\"https:\\\/\\\/www.instagram.com\\\/fireware_nl\\\/\",\"https:\\\/\\\/www.linkedin.com\\\/company\\\/3586017\\\/\",\"https:\\\/\\\/www.youtube.com\\\/user\\\/firesalesrentconsult\"]}]}<\/script>\n<!-- \/ Yoast SEO plugin. -->","yoast_head_json":{"title":"Partner - FireWare","robots":{"index":"index","follow":"follow","max-snippet":"max-snippet:-1","max-image-preview":"max-image-preview:large","max-video-preview":"max-video-preview:-1"},"canonical":"https:\/\/fireware.nl\/de\/partner\/","og_locale":"de_DE","og_type":"article","og_title":"Partner - FireWare","og_description":"Das inspirierende Zusammenarbeiten ist einer der Kernwerte von FireWare. Wir tun dies mit Partnern. Eine Partnerschaft ist etwas ganz Besonderes....","og_url":"https:\/\/fireware.nl\/de\/partner\/","og_site_name":"FireWare","article_publisher":"https:\/\/www.facebook.com\/FireWareBV\/","article_modified_time":"2026-03-20T10:51:34+00:00","og_image":[{"url":"https:\/\/fireware.nl\/wp-content\/uploads\/2022\/05\/KWK.jpg","type":"","width":"","height":""}],"twitter_card":"summary_large_image","twitter_site":"@FireWarebv","twitter_misc":{"Gesch\u00e4tzte Lesezeit":"6\u00a0Minuten"},"schema":{"@context":"https:\/\/schema.org","@graph":[{"@type":"WebPage","@id":"https:\/\/fireware.nl\/de\/partner\/","url":"https:\/\/fireware.nl\/de\/partner\/","name":"Partner - FireWare","isPartOf":{"@id":"https:\/\/fireware.nl\/de\/#website"},"primaryImageOfPage":{"@id":"https:\/\/fireware.nl\/de\/partner\/#primaryimage"},"image":{"@id":"https:\/\/fireware.nl\/de\/partner\/#primaryimage"},"thumbnailUrl":"https:\/\/fireware.nl\/wp-content\/uploads\/2022\/05\/KWK.jpg","datePublished":"2022-06-24T08:48:43+00:00","dateModified":"2026-03-20T10:51:34+00:00","breadcrumb":{"@id":"https:\/\/fireware.nl\/de\/partner\/#breadcrumb"},"inLanguage":"de","potentialAction":[{"@type":"ReadAction","target":["https:\/\/fireware.nl\/de\/partner\/"]}]},{"@type":"ImageObject","inLanguage":"de","@id":"https:\/\/fireware.nl\/de\/partner\/#primaryimage","url":"https:\/\/fireware.nl\/wp-content\/uploads\/2022\/05\/KWK.jpg","contentUrl":"https:\/\/fireware.nl\/wp-content\/uploads\/2022\/05\/KWK.jpg"},{"@type":"BreadcrumbList","@id":"https:\/\/fireware.nl\/de\/partner\/#breadcrumb","itemListElement":[{"@type":"ListItem","position":1,"name":"Home","item":"https:\/\/fireware.nl\/de\/"},{"@type":"ListItem","position":2,"name":"Partner"}]},{"@type":"WebSite","@id":"https:\/\/fireware.nl\/de\/#website","url":"https:\/\/fireware.nl\/de\/","name":"FireWare","description":"CREATING REALISTIC  TRAINING ENVIRONMENTS","publisher":{"@id":"https:\/\/fireware.nl\/de\/#organization"},"potentialAction":[{"@type":"SearchAction","target":{"@type":"EntryPoint","urlTemplate":"https:\/\/fireware.nl\/de\/?s={search_term_string}"},"query-input":{"@type":"PropertyValueSpecification","valueRequired":true,"valueName":"search_term_string"}}],"inLanguage":"de"},{"@type":"Organization","@id":"https:\/\/fireware.nl\/de\/#organization","name":"FireWare","url":"https:\/\/fireware.nl\/de\/","logo":{"@type":"ImageObject","inLanguage":"de","@id":"https:\/\/fireware.nl\/de\/#\/schema\/logo\/image\/","url":"https:\/\/fireware.nl\/wp-content\/uploads\/2018\/10\/FireWare-logo.jpg","contentUrl":"https:\/\/fireware.nl\/wp-content\/uploads\/2018\/10\/FireWare-logo.jpg","width":171,"height":70,"caption":"FireWare"},"image":{"@id":"https:\/\/fireware.nl\/de\/#\/schema\/logo\/image\/"},"sameAs":["https:\/\/www.facebook.com\/FireWareBV\/","https:\/\/x.com\/FireWarebv","https:\/\/www.instagram.com\/fireware_nl\/","https:\/\/www.linkedin.com\/company\/3586017\/","https:\/\/www.youtube.com\/user\/firesalesrentconsult"]}]}},"publishpress_future_action":{"enabled":false,"date":"2026-05-12 22:04:49","action":"change-status","newStatus":"draft","terms":[],"taxonomy":"translation_priority","extraData":[]},"publishpress_future_workflow_manual_trigger":{"enabledWorkflows":[]},"_links":{"self":[{"href":"https:\/\/fireware.nl\/de\/wp-json\/wp\/v2\/pages\/73057","targetHints":{"allow":["GET"]}}],"collection":[{"href":"https:\/\/fireware.nl\/de\/wp-json\/wp\/v2\/pages"}],"about":[{"href":"https:\/\/fireware.nl\/de\/wp-json\/wp\/v2\/types\/page"}],"author":[{"embeddable":true,"href":"https:\/\/fireware.nl\/de\/wp-json\/wp\/v2\/users\/9"}],"replies":[{"embeddable":true,"href":"https:\/\/fireware.nl\/de\/wp-json\/wp\/v2\/comments?post=73057"}],"version-history":[{"count":3,"href":"https:\/\/fireware.nl\/de\/wp-json\/wp\/v2\/pages\/73057\/revisions"}],"predecessor-version":[{"id":131409,"href":"https:\/\/fireware.nl\/de\/wp-json\/wp\/v2\/pages\/73057\/revisions\/131409"}],"wp:attachment":[{"href":"https:\/\/fireware.nl\/de\/wp-json\/wp\/v2\/media?parent=73057"}],"curies":[{"name":"wp","href":"https:\/\/api.w.org\/{rel}","templated":true}]}}