
{"id":7877,"date":"2018-05-25T11:21:38","date_gmt":"2018-05-25T11:21:38","guid":{"rendered":"http:\/\/fireware.sites.hyperhosting.co\/?page_id=7877"},"modified":"2023-03-07T10:06:10","modified_gmt":"2023-03-07T10:06:10","slug":"cookies","status":"publish","type":"page","link":"https:\/\/fireware.nl\/de\/cookies\/","title":{"rendered":"Cookies"},"content":{"rendered":"\r\n\r\n\t\t\t\t<img decoding=\"async\" src=\"https:\/\/fireware.nl\/wp-content\/uploads\/2019\/02\/Cookies.jpg\" alt=\"Cookies\" itemprop=\"image\" title=\"Cookies\" onerror=\"this.style.display='none'\"  \/>\r\n\t<h2><strong>Cookies auf der Website von FireWare<\/strong><\/h2>\r\n<h3><strong>Was sind cookies?<\/strong><\/h3>\r\n<p>Wenn Sie auf unsere Website kommen, platzieren wir Cookies. Dies sind kleine (tempor\u00e4re) Textdateien f\u00fcr Ihren PC. Cookies stellen sicher, dass Sie nicht jedes Mal bestimmte Einstellungen vornehmen m\u00fcssen. Zum Beispiel Ihre Spracheinstellungen. Cookies helfen uns auch zu sehen, wie die Website verwendet wird. So k\u00f6nnen wir sie immer besser machen. Und FireWare ist eine kommerzielle Organisation: Deshalb verwenden wir die Cookies f\u00fcr unsere eigenen Marketingzwecke.<\/p>\r\n<p>Wir verwenden auch andere Tools wie Web Beacons und JavaScript. So k\u00f6nnen wir coole Dinge tun: zum Beispiel den Inhalt des Warenkorbs merken oder bereits gesehene Produkte anzeigen.<\/p>\r\n<p>Damit die Website optimal funktioniert, m\u00fcssen Sie die Cookies akzeptieren. Dies kann auf zwei Arten geschehen: Surfen Sie einfach weiter oder dr\u00fccken Sie OK, wenn eine Cookie-Benachrichtigung angezeigt wird.<\/p>\r\n<h2>Welche art Cookies setzen wir ein?<\/h2>\r\n<h3><strong>Notwendige Cookies:<\/strong><\/h3>\r\n<p>Wie der Name schon sagt, sind dies Cookies, die f\u00fcr das reibungslose Funktionieren der Website unerl\u00e4sslich sind. Denken Sie an Funktionen wie Einkaufswagen und Kasse.<\/p>\r\n<h3><strong>Analytische Cookies:<\/strong><\/h3>\r\n<p>Hiermit sammeln wir mithilfe von Dritten Informationen \u00fcber die Nutzung unserer Website. Mit diesen Informationen k\u00f6nnen wir unsere Website verbessern. Unter anderem werden folgende Daten gespeichert:<\/p>\r\n<ul>\r\n<li>Die IP-Adresse<\/li>\r\n<li>Technische Funktionen wie der von Ihnen verwendete Browser (z. B. Chrome, Internet Explorer oder Firefox) sowie die Aufl\u00f6sung Ihres Computerbildschirms und des von Ihnen verwendeten Ger\u00e4ts.<\/li>\r\n<li>Von welcher anderen Seite Sie auf die Seite gekommen sind;<\/li>\r\n<li>Wann und wie lange Sie die Website besuchen oder benutzen;<\/li>\r\n<li>Ob Sie die Funktionalit\u00e4ten des Webshops nutzen. Zum Beispiel, um eine Wunschliste zu erstellen, eine Bestellung aufzugeben oder fr\u00fcher get\u00e4tigte Eink\u00e4ufe zu sehen.<\/li>\r\n<li>Welche Seiten Sie auf unserer Website besuchen<\/li>\r\n<\/ul>\r\n<p>Mit diesen Daten verfolgen wir, wie viele Besucher auf unsere Website kommen, wie lange jemand bleibt und welche Seiten in welcher Reihenfolge besucht werden.<\/p>\r\n<h2>Soziale Medien und externe Cookies:<\/h2>\r\n<p>Social-Media-Cookies werden von den Social-Media-Websites selbst platziert. Wenn Sie in unserem Webshop auf eine Social-Media-Schaltfl\u00e4che klicken, wird ein Social-Media-Cookie platziert. Die Social-Media-Partei kann Ihre IP-Adresse erkennen, wenn Sie eine Seite aus unserem Webshop freigeben m\u00f6chten. F\u00fcr die Cookies, die die Social-Media-Parteien platzieren und die Daten, die sie mit ihnen sammeln, verweisen wir auf die Aussagen, die diese Parteien auf ihren eigenen Websites zur Verf\u00fcgung stellen. Wir empfehlen Ihnen, die nachstehenden Datenschutz- und Cookie-Anweisungen regelm\u00e4\u00dfig zu lesen:<\/p>\r\n<ul>\r\n<li><a href=\"https:\/\/www.facebook.com\/policies\/cookies\/\" target=\"_blank\" rel=\"noopener\"><strong>Facebook<\/strong><\/a><\/li>\r\n<li><a href=\"http:\/\/www.google.com\/intl\/nl\/policies\/privacy\/\" target=\"_blank\" rel=\"noopener\"><strong>Google+ \/ YouTube<\/strong><\/a><\/li>\r\n<li><a href=\"https:\/\/www.linkedin.com\/legal\/privacy-policy\" target=\"_blank\" rel=\"noopener\"><strong>LinkedIn<\/strong><\/a><\/li>\r\n<li><a href=\"https:\/\/help.twitter.com\/en\/rules-and-policies\/twitter-cookies\" target=\"_blank\" rel=\"noopener\"><strong>Twitter<\/strong><\/a><\/li>\r\n<li><a href=\"https:\/\/help.instagram.com\/1896641480634370?cms_id=1896641480634370\" target=\"_blank\" rel=\"noopener\"><strong>Instagram<\/strong><\/a><\/li>\r\n<li><a href=\"https:\/\/policy.pinterest.com\/en\/cookies\" target=\"_blank\" rel=\"noopener\"><strong>Pinterest<\/strong><\/a><\/li>\r\n<\/ul>\r\n<h2>Cookies entfernen oder deaktivieren:<\/h2>\r\n<p>Sie k\u00f6nnen die Cookies auch deaktivieren oder l\u00f6schen. Die Vorgehensweise unterscheidet sich je nach Browser. Hier finden Sie die gebr\u00e4uchlichsten Browser: <a href=\"https:\/\/support.google.com\/chrome\/answer\/95647?hl=nl\">Chrome<\/a>, <a href=\"https:\/\/support.mozilla.org\/nl\/kb\/cookies-verwijderen-gegevens-wissen-websites-opgeslagen\">Firefox<\/a>, <a href=\"https:\/\/support.microsoft.com\/nl-nl\/help\/17442\/windows-internet-explorer-delete-manage-cookies\">Internet Explorer<\/a>, <a href=\"https:\/\/support.microsoft.com\/nl-nl\/help\/10607\/windows-10-view-delete-browser-history-microsoft-edge\">Edge<\/a>, <a href=\"https:\/\/support.apple.com\/nl-nl\/HT201265\">Safari (iOS)<\/a>, <a href=\"https:\/\/support.apple.com\/kb\/PH21411?locale=nl_NL\">Safari (macOS)<\/a>. Beachten Sie, dass die Website beim Ausschalten der Cookies nicht optimal funktioniert.<\/p>\r\n<h3><strong>Alle Cookies:<\/strong><\/h3>\r\n<p>M\u00f6chten Sie die vollst\u00e4ndige Liste aller tats\u00e4chlich verwendeten Cookies sehen? Klicken Sie dann <a href=\"https:\/\/fireware.nl\/wp-content\/uploads\/2019\/03\/Cookie-scan-report-FireWare-27-03-2019.pdf\" target=\"_blank\" rel=\"noopener\">hier<\/a>.<\/p>\r\n\r\n","protected":false},"excerpt":{"rendered":"<p>Cookies auf der Website von FireWare Was sind cookies? Wenn Sie auf unsere Website kommen, platzieren wir Cookies. Dies sind<span class=\"excerpt-ellipsis\">&#8230;<\/span><\/p>\n","protected":false},"author":2,"featured_media":27252,"parent":0,"menu_order":0,"comment_status":"closed","ping_status":"closed","template":"","meta":{"footnotes":""},"class_list":["post-7877","page","type-page","status-publish","has-post-thumbnail","hentry"],"yoast_head":"<!-- This site is optimized with the Yoast SEO plugin v27.5 - https:\/\/yoast.com\/product\/yoast-seo-wordpress\/ -->\n<title>Cookies - FireWare<\/title>\n<meta name=\"robots\" content=\"index, follow, max-snippet:-1, max-image-preview:large, max-video-preview:-1\" \/>\n<link rel=\"canonical\" href=\"https:\/\/fireware.nl\/de\/cookies\/\" \/>\n<meta property=\"og:locale\" content=\"de_DE\" \/>\n<meta property=\"og:type\" content=\"article\" \/>\n<meta property=\"og:title\" content=\"Cookies - FireWare\" \/>\n<meta property=\"og:description\" content=\"Cookies auf der Website von FireWare Was sind cookies? Wenn Sie auf unsere Website kommen, platzieren wir Cookies. Dies sind...\" \/>\n<meta property=\"og:url\" content=\"https:\/\/fireware.nl\/de\/cookies\/\" \/>\n<meta property=\"og:site_name\" content=\"FireWare\" \/>\n<meta property=\"article:publisher\" content=\"https:\/\/www.facebook.com\/FireWareBV\/\" \/>\n<meta property=\"article:modified_time\" content=\"2023-03-07T10:06:10+00:00\" \/>\n<meta property=\"og:image\" content=\"https:\/\/fireware.nl\/wp-content\/uploads\/2019\/02\/Cookies.jpg\" \/>\n\t<meta property=\"og:image:width\" content=\"1100\" \/>\n\t<meta property=\"og:image:height\" content=\"400\" \/>\n\t<meta property=\"og:image:type\" content=\"image\/jpeg\" \/>\n<meta name=\"twitter:card\" content=\"summary_large_image\" \/>\n<meta name=\"twitter:site\" content=\"@FireWarebv\" \/>\n<meta name=\"twitter:label1\" content=\"Gesch\u00e4tzte Lesezeit\" \/>\n\t<meta name=\"twitter:data1\" content=\"3\u00a0Minuten\" \/>\n<script type=\"application\/ld+json\" class=\"yoast-schema-graph\">{\"@context\":\"https:\\\/\\\/schema.org\",\"@graph\":[{\"@type\":\"WebPage\",\"@id\":\"https:\\\/\\\/fireware.nl\\\/de\\\/cookies\\\/\",\"url\":\"https:\\\/\\\/fireware.nl\\\/de\\\/cookies\\\/\",\"name\":\"Cookies - FireWare\",\"isPartOf\":{\"@id\":\"https:\\\/\\\/fireware.nl\\\/de\\\/#website\"},\"primaryImageOfPage\":{\"@id\":\"https:\\\/\\\/fireware.nl\\\/de\\\/cookies\\\/#primaryimage\"},\"image\":{\"@id\":\"https:\\\/\\\/fireware.nl\\\/de\\\/cookies\\\/#primaryimage\"},\"thumbnailUrl\":\"https:\\\/\\\/fireware.nl\\\/wp-content\\\/uploads\\\/2019\\\/02\\\/Cookies.jpg\",\"datePublished\":\"2018-05-25T11:21:38+00:00\",\"dateModified\":\"2023-03-07T10:06:10+00:00\",\"breadcrumb\":{\"@id\":\"https:\\\/\\\/fireware.nl\\\/de\\\/cookies\\\/#breadcrumb\"},\"inLanguage\":\"de\",\"potentialAction\":[{\"@type\":\"ReadAction\",\"target\":[\"https:\\\/\\\/fireware.nl\\\/de\\\/cookies\\\/\"]}]},{\"@type\":\"ImageObject\",\"inLanguage\":\"de\",\"@id\":\"https:\\\/\\\/fireware.nl\\\/de\\\/cookies\\\/#primaryimage\",\"url\":\"https:\\\/\\\/fireware.nl\\\/wp-content\\\/uploads\\\/2019\\\/02\\\/Cookies.jpg\",\"contentUrl\":\"https:\\\/\\\/fireware.nl\\\/wp-content\\\/uploads\\\/2019\\\/02\\\/Cookies.jpg\",\"width\":1100,\"height\":400},{\"@type\":\"BreadcrumbList\",\"@id\":\"https:\\\/\\\/fireware.nl\\\/de\\\/cookies\\\/#breadcrumb\",\"itemListElement\":[{\"@type\":\"ListItem\",\"position\":1,\"name\":\"Home\",\"item\":\"https:\\\/\\\/fireware.nl\\\/de\\\/\"},{\"@type\":\"ListItem\",\"position\":2,\"name\":\"Cookies\"}]},{\"@type\":\"WebSite\",\"@id\":\"https:\\\/\\\/fireware.nl\\\/de\\\/#website\",\"url\":\"https:\\\/\\\/fireware.nl\\\/de\\\/\",\"name\":\"FireWare\",\"description\":\"CREATING REALISTIC  TRAINING ENVIRONMENTS\",\"publisher\":{\"@id\":\"https:\\\/\\\/fireware.nl\\\/de\\\/#organization\"},\"potentialAction\":[{\"@type\":\"SearchAction\",\"target\":{\"@type\":\"EntryPoint\",\"urlTemplate\":\"https:\\\/\\\/fireware.nl\\\/de\\\/?s={search_term_string}\"},\"query-input\":{\"@type\":\"PropertyValueSpecification\",\"valueRequired\":true,\"valueName\":\"search_term_string\"}}],\"inLanguage\":\"de\"},{\"@type\":\"Organization\",\"@id\":\"https:\\\/\\\/fireware.nl\\\/de\\\/#organization\",\"name\":\"FireWare\",\"url\":\"https:\\\/\\\/fireware.nl\\\/de\\\/\",\"logo\":{\"@type\":\"ImageObject\",\"inLanguage\":\"de\",\"@id\":\"https:\\\/\\\/fireware.nl\\\/de\\\/#\\\/schema\\\/logo\\\/image\\\/\",\"url\":\"https:\\\/\\\/fireware.nl\\\/wp-content\\\/uploads\\\/2018\\\/10\\\/FireWare-logo.jpg\",\"contentUrl\":\"https:\\\/\\\/fireware.nl\\\/wp-content\\\/uploads\\\/2018\\\/10\\\/FireWare-logo.jpg\",\"width\":171,\"height\":70,\"caption\":\"FireWare\"},\"image\":{\"@id\":\"https:\\\/\\\/fireware.nl\\\/de\\\/#\\\/schema\\\/logo\\\/image\\\/\"},\"sameAs\":[\"https:\\\/\\\/www.facebook.com\\\/FireWareBV\\\/\",\"https:\\\/\\\/x.com\\\/FireWarebv\",\"https:\\\/\\\/www.instagram.com\\\/fireware_nl\\\/\",\"https:\\\/\\\/www.linkedin.com\\\/company\\\/3586017\\\/\",\"https:\\\/\\\/www.youtube.com\\\/user\\\/firesalesrentconsult\"]}]}<\/script>\n<!-- \/ Yoast SEO plugin. -->","yoast_head_json":{"title":"Cookies - FireWare","robots":{"index":"index","follow":"follow","max-snippet":"max-snippet:-1","max-image-preview":"max-image-preview:large","max-video-preview":"max-video-preview:-1"},"canonical":"https:\/\/fireware.nl\/de\/cookies\/","og_locale":"de_DE","og_type":"article","og_title":"Cookies - FireWare","og_description":"Cookies auf der Website von FireWare Was sind cookies? Wenn Sie auf unsere Website kommen, platzieren wir Cookies. Dies sind...","og_url":"https:\/\/fireware.nl\/de\/cookies\/","og_site_name":"FireWare","article_publisher":"https:\/\/www.facebook.com\/FireWareBV\/","article_modified_time":"2023-03-07T10:06:10+00:00","og_image":[{"width":1100,"height":400,"url":"https:\/\/fireware.nl\/wp-content\/uploads\/2019\/02\/Cookies.jpg","type":"image\/jpeg"}],"twitter_card":"summary_large_image","twitter_site":"@FireWarebv","twitter_misc":{"Gesch\u00e4tzte Lesezeit":"3\u00a0Minuten"},"schema":{"@context":"https:\/\/schema.org","@graph":[{"@type":"WebPage","@id":"https:\/\/fireware.nl\/de\/cookies\/","url":"https:\/\/fireware.nl\/de\/cookies\/","name":"Cookies - FireWare","isPartOf":{"@id":"https:\/\/fireware.nl\/de\/#website"},"primaryImageOfPage":{"@id":"https:\/\/fireware.nl\/de\/cookies\/#primaryimage"},"image":{"@id":"https:\/\/fireware.nl\/de\/cookies\/#primaryimage"},"thumbnailUrl":"https:\/\/fireware.nl\/wp-content\/uploads\/2019\/02\/Cookies.jpg","datePublished":"2018-05-25T11:21:38+00:00","dateModified":"2023-03-07T10:06:10+00:00","breadcrumb":{"@id":"https:\/\/fireware.nl\/de\/cookies\/#breadcrumb"},"inLanguage":"de","potentialAction":[{"@type":"ReadAction","target":["https:\/\/fireware.nl\/de\/cookies\/"]}]},{"@type":"ImageObject","inLanguage":"de","@id":"https:\/\/fireware.nl\/de\/cookies\/#primaryimage","url":"https:\/\/fireware.nl\/wp-content\/uploads\/2019\/02\/Cookies.jpg","contentUrl":"https:\/\/fireware.nl\/wp-content\/uploads\/2019\/02\/Cookies.jpg","width":1100,"height":400},{"@type":"BreadcrumbList","@id":"https:\/\/fireware.nl\/de\/cookies\/#breadcrumb","itemListElement":[{"@type":"ListItem","position":1,"name":"Home","item":"https:\/\/fireware.nl\/de\/"},{"@type":"ListItem","position":2,"name":"Cookies"}]},{"@type":"WebSite","@id":"https:\/\/fireware.nl\/de\/#website","url":"https:\/\/fireware.nl\/de\/","name":"FireWare","description":"CREATING REALISTIC  TRAINING ENVIRONMENTS","publisher":{"@id":"https:\/\/fireware.nl\/de\/#organization"},"potentialAction":[{"@type":"SearchAction","target":{"@type":"EntryPoint","urlTemplate":"https:\/\/fireware.nl\/de\/?s={search_term_string}"},"query-input":{"@type":"PropertyValueSpecification","valueRequired":true,"valueName":"search_term_string"}}],"inLanguage":"de"},{"@type":"Organization","@id":"https:\/\/fireware.nl\/de\/#organization","name":"FireWare","url":"https:\/\/fireware.nl\/de\/","logo":{"@type":"ImageObject","inLanguage":"de","@id":"https:\/\/fireware.nl\/de\/#\/schema\/logo\/image\/","url":"https:\/\/fireware.nl\/wp-content\/uploads\/2018\/10\/FireWare-logo.jpg","contentUrl":"https:\/\/fireware.nl\/wp-content\/uploads\/2018\/10\/FireWare-logo.jpg","width":171,"height":70,"caption":"FireWare"},"image":{"@id":"https:\/\/fireware.nl\/de\/#\/schema\/logo\/image\/"},"sameAs":["https:\/\/www.facebook.com\/FireWareBV\/","https:\/\/x.com\/FireWarebv","https:\/\/www.instagram.com\/fireware_nl\/","https:\/\/www.linkedin.com\/company\/3586017\/","https:\/\/www.youtube.com\/user\/firesalesrentconsult"]}]}},"publishpress_future_action":{"enabled":false,"date":"2026-05-12 18:23:41","action":"change-status","newStatus":"draft","terms":[],"taxonomy":"translation_priority","extraData":[]},"publishpress_future_workflow_manual_trigger":{"enabledWorkflows":[]},"_links":{"self":[{"href":"https:\/\/fireware.nl\/de\/wp-json\/wp\/v2\/pages\/7877","targetHints":{"allow":["GET"]}}],"collection":[{"href":"https:\/\/fireware.nl\/de\/wp-json\/wp\/v2\/pages"}],"about":[{"href":"https:\/\/fireware.nl\/de\/wp-json\/wp\/v2\/types\/page"}],"author":[{"embeddable":true,"href":"https:\/\/fireware.nl\/de\/wp-json\/wp\/v2\/users\/2"}],"replies":[{"embeddable":true,"href":"https:\/\/fireware.nl\/de\/wp-json\/wp\/v2\/comments?post=7877"}],"version-history":[{"count":0,"href":"https:\/\/fireware.nl\/de\/wp-json\/wp\/v2\/pages\/7877\/revisions"}],"wp:featuredmedia":[{"embeddable":true,"href":"https:\/\/fireware.nl\/de\/wp-json\/wp\/v2\/media\/27252"}],"wp:attachment":[{"href":"https:\/\/fireware.nl\/de\/wp-json\/wp\/v2\/media?parent=7877"}],"curies":[{"name":"wp","href":"https:\/\/api.w.org\/{rel}","templated":true}]}}