
{"id":844,"date":"2017-06-27T19:16:21","date_gmt":"2017-06-27T19:16:21","guid":{"rendered":"http:\/\/exclusive-it-development.nl\/?page_id=844"},"modified":"2023-03-07T12:56:06","modified_gmt":"2023-03-07T12:56:06","slug":"support","status":"publish","type":"page","link":"https:\/\/fireware.nl\/de\/support\/","title":{"rendered":"Support"},"content":{"rendered":"\r\n<h3><strong> <a href=\"https:\/\/fireware.nl\/wp-content\/uploads\/2020\/04\/201903011_-RMA-form_DU_interactive.pdf\" target=\"_blank\" rel=\"noopener noreferrer\">REPERATUR ANMELDEN<\/a><\/strong><\/h3>\r\n<p>Haben Sie ein defektes Ger\u00e4t? Der technische Dienst von FireWare steht Ihnen gerne zur Verf\u00fcgung! F\u00fcllen Sie das <em><strong><a href=\"https:\/\/fireware.nl\/wp-content\/uploads\/2020\/04\/201903011_-RMA-form_DU_interactive.pdf\" target=\"_blank\" rel=\"noopener noreferrer\">R\u00fccksendeformular<\/a><\/strong><\/em> aus, um Ihre Reparatur anzumelden, drucken Sie es aus und legen Sie dieses Dokument Ihrem Ger\u00e4t bei. Sobald die Sendung bei FireWare eingeht, erhalten Sie eine Best\u00e4tigung des technischen Dienstes.<\/p>\r\n<p>Auf dem R\u00fccksendeformular k\u00f6nnen Sie angeben, auf welche H\u00f6he sich die Kosten belaufen d\u00fcrfen. Wenn sich herausstellt, dass die Reparatur noch unter die Garantie f\u00e4llt, dann werden selbstverst\u00e4ndlich keine Kosten in Rechnung gestellt.<\/p>\r\n<h3><strong><a href=\"https:\/\/fireware.nl\/wp-content\/uploads\/2019\/03\/201903011_-RMA-form_DU.pdf\">WARTUNG<\/a><\/strong><\/h3>\r\n<p>M\u00f6chten Sie, dass FireWare an Ihren Ger\u00e4ten die Wartung vornimmt? Auch hierf\u00fcr k\u00f6nnen Sie das R\u00fccksendeformular verwenden. F\u00fcr einen Wartungsvertrag nehmen Sie bitte Kontakt mit uns auf.<\/p>\r\n<p><strong><a href=\"https:\/\/fireware.nl\/wp-content\/uploads\/Klachtenformulier-FireWare-DEF.pdf\">ANREGUNGEN UND BESCHWERDEN<\/a><\/strong><\/p>\r\n<p>FireWare ist immer offen f\u00fcr Verbesserungen. Haben Sie eine Anregung oder Beschwerde? Informieren Sie uns per E-Mail an <a href=\"mailto:info@FireWare.nl\">info@FireWare.nl<\/a> dar\u00fcber.<\/p>\r\n<h3><strong><a href=\"https:\/\/fireware.nl\/de\/contact\">TEILE BESTELLEN<\/a><\/strong><\/h3>\r\n<p>Nicht alle Teile sind im Webshop zu finden. Nehmen Sie hierf\u00fcr Kontakt mit uns auf und erhalten Sie ein Angebot per E-Mail.<\/p>\r\n<h3><strong> <a href=\"https:\/\/fireware.nl\/de\/contact\">KONTAKT<\/a><\/strong><\/h3>\r\n<p>Haben Sie Fragen? Dann k\u00f6nnen Sie uns nat\u00fcrlich jederzeit gerne kontaktieren unter <a href=\"mailto:info@FireWare.nl\">info@FireWare.nl<\/a> oder telefonisch unter +31 (0) 88 252 60 00.<\/p>\r\n","protected":false},"excerpt":{"rendered":"<p>REPERATUR ANMELDEN Haben Sie ein defektes Ger\u00e4t? Der technische Dienst von FireWare steht Ihnen gerne zur Verf\u00fcgung! F\u00fcllen Sie das<span class=\"excerpt-ellipsis\">&#8230;<\/span><\/p>\n","protected":false},"author":2,"featured_media":0,"parent":0,"menu_order":0,"comment_status":"closed","ping_status":"closed","template":"","meta":{"footnotes":""},"class_list":["post-844","page","type-page","status-publish","hentry"],"yoast_head":"<!-- This site is optimized with the Yoast SEO plugin v27.5 - https:\/\/yoast.com\/product\/yoast-seo-wordpress\/ -->\n<title>Support - FireWare<\/title>\n<meta name=\"robots\" content=\"index, follow, max-snippet:-1, max-image-preview:large, max-video-preview:-1\" \/>\n<link rel=\"canonical\" href=\"https:\/\/fireware.nl\/de\/support\/\" \/>\n<meta property=\"og:locale\" content=\"de_DE\" \/>\n<meta property=\"og:type\" content=\"article\" \/>\n<meta property=\"og:title\" content=\"Support - FireWare\" \/>\n<meta property=\"og:description\" content=\"REPERATUR ANMELDEN Haben Sie ein defektes Ger\u00e4t? Der technische Dienst von FireWare steht Ihnen gerne zur Verf\u00fcgung! F\u00fcllen Sie das...\" \/>\n<meta property=\"og:url\" content=\"https:\/\/fireware.nl\/de\/support\/\" \/>\n<meta property=\"og:site_name\" content=\"FireWare\" \/>\n<meta property=\"article:publisher\" content=\"https:\/\/www.facebook.com\/FireWareBV\/\" \/>\n<meta property=\"article:modified_time\" content=\"2023-03-07T12:56:06+00:00\" \/>\n<meta name=\"twitter:card\" content=\"summary_large_image\" \/>\n<meta name=\"twitter:site\" content=\"@FireWarebv\" \/>\n<meta name=\"twitter:label1\" content=\"Gesch\u00e4tzte Lesezeit\" \/>\n\t<meta name=\"twitter:data1\" content=\"1\u00a0Minute\" \/>\n<script type=\"application\/ld+json\" class=\"yoast-schema-graph\">{\"@context\":\"https:\\\/\\\/schema.org\",\"@graph\":[{\"@type\":\"WebPage\",\"@id\":\"https:\\\/\\\/fireware.nl\\\/de\\\/support\\\/\",\"url\":\"https:\\\/\\\/fireware.nl\\\/de\\\/support\\\/\",\"name\":\"Support - FireWare\",\"isPartOf\":{\"@id\":\"https:\\\/\\\/fireware.nl\\\/de\\\/#website\"},\"datePublished\":\"2017-06-27T19:16:21+00:00\",\"dateModified\":\"2023-03-07T12:56:06+00:00\",\"breadcrumb\":{\"@id\":\"https:\\\/\\\/fireware.nl\\\/de\\\/support\\\/#breadcrumb\"},\"inLanguage\":\"de\",\"potentialAction\":[{\"@type\":\"ReadAction\",\"target\":[\"https:\\\/\\\/fireware.nl\\\/de\\\/support\\\/\"]}]},{\"@type\":\"BreadcrumbList\",\"@id\":\"https:\\\/\\\/fireware.nl\\\/de\\\/support\\\/#breadcrumb\",\"itemListElement\":[{\"@type\":\"ListItem\",\"position\":1,\"name\":\"Home\",\"item\":\"https:\\\/\\\/fireware.nl\\\/de\\\/\"},{\"@type\":\"ListItem\",\"position\":2,\"name\":\"Support\"}]},{\"@type\":\"WebSite\",\"@id\":\"https:\\\/\\\/fireware.nl\\\/de\\\/#website\",\"url\":\"https:\\\/\\\/fireware.nl\\\/de\\\/\",\"name\":\"FireWare\",\"description\":\"CREATING REALISTIC  TRAINING ENVIRONMENTS\",\"publisher\":{\"@id\":\"https:\\\/\\\/fireware.nl\\\/de\\\/#organization\"},\"potentialAction\":[{\"@type\":\"SearchAction\",\"target\":{\"@type\":\"EntryPoint\",\"urlTemplate\":\"https:\\\/\\\/fireware.nl\\\/de\\\/?s={search_term_string}\"},\"query-input\":{\"@type\":\"PropertyValueSpecification\",\"valueRequired\":true,\"valueName\":\"search_term_string\"}}],\"inLanguage\":\"de\"},{\"@type\":\"Organization\",\"@id\":\"https:\\\/\\\/fireware.nl\\\/de\\\/#organization\",\"name\":\"FireWare\",\"url\":\"https:\\\/\\\/fireware.nl\\\/de\\\/\",\"logo\":{\"@type\":\"ImageObject\",\"inLanguage\":\"de\",\"@id\":\"https:\\\/\\\/fireware.nl\\\/de\\\/#\\\/schema\\\/logo\\\/image\\\/\",\"url\":\"https:\\\/\\\/fireware.nl\\\/wp-content\\\/uploads\\\/2018\\\/10\\\/FireWare-logo.jpg\",\"contentUrl\":\"https:\\\/\\\/fireware.nl\\\/wp-content\\\/uploads\\\/2018\\\/10\\\/FireWare-logo.jpg\",\"width\":171,\"height\":70,\"caption\":\"FireWare\"},\"image\":{\"@id\":\"https:\\\/\\\/fireware.nl\\\/de\\\/#\\\/schema\\\/logo\\\/image\\\/\"},\"sameAs\":[\"https:\\\/\\\/www.facebook.com\\\/FireWareBV\\\/\",\"https:\\\/\\\/x.com\\\/FireWarebv\",\"https:\\\/\\\/www.instagram.com\\\/fireware_nl\\\/\",\"https:\\\/\\\/www.linkedin.com\\\/company\\\/3586017\\\/\",\"https:\\\/\\\/www.youtube.com\\\/user\\\/firesalesrentconsult\"]}]}<\/script>\n<!-- \/ Yoast SEO plugin. -->","yoast_head_json":{"title":"Support - FireWare","robots":{"index":"index","follow":"follow","max-snippet":"max-snippet:-1","max-image-preview":"max-image-preview:large","max-video-preview":"max-video-preview:-1"},"canonical":"https:\/\/fireware.nl\/de\/support\/","og_locale":"de_DE","og_type":"article","og_title":"Support - FireWare","og_description":"REPERATUR ANMELDEN Haben Sie ein defektes Ger\u00e4t? Der technische Dienst von FireWare steht Ihnen gerne zur Verf\u00fcgung! F\u00fcllen Sie das...","og_url":"https:\/\/fireware.nl\/de\/support\/","og_site_name":"FireWare","article_publisher":"https:\/\/www.facebook.com\/FireWareBV\/","article_modified_time":"2023-03-07T12:56:06+00:00","twitter_card":"summary_large_image","twitter_site":"@FireWarebv","twitter_misc":{"Gesch\u00e4tzte Lesezeit":"1\u00a0Minute"},"schema":{"@context":"https:\/\/schema.org","@graph":[{"@type":"WebPage","@id":"https:\/\/fireware.nl\/de\/support\/","url":"https:\/\/fireware.nl\/de\/support\/","name":"Support - FireWare","isPartOf":{"@id":"https:\/\/fireware.nl\/de\/#website"},"datePublished":"2017-06-27T19:16:21+00:00","dateModified":"2023-03-07T12:56:06+00:00","breadcrumb":{"@id":"https:\/\/fireware.nl\/de\/support\/#breadcrumb"},"inLanguage":"de","potentialAction":[{"@type":"ReadAction","target":["https:\/\/fireware.nl\/de\/support\/"]}]},{"@type":"BreadcrumbList","@id":"https:\/\/fireware.nl\/de\/support\/#breadcrumb","itemListElement":[{"@type":"ListItem","position":1,"name":"Home","item":"https:\/\/fireware.nl\/de\/"},{"@type":"ListItem","position":2,"name":"Support"}]},{"@type":"WebSite","@id":"https:\/\/fireware.nl\/de\/#website","url":"https:\/\/fireware.nl\/de\/","name":"FireWare","description":"CREATING REALISTIC  TRAINING ENVIRONMENTS","publisher":{"@id":"https:\/\/fireware.nl\/de\/#organization"},"potentialAction":[{"@type":"SearchAction","target":{"@type":"EntryPoint","urlTemplate":"https:\/\/fireware.nl\/de\/?s={search_term_string}"},"query-input":{"@type":"PropertyValueSpecification","valueRequired":true,"valueName":"search_term_string"}}],"inLanguage":"de"},{"@type":"Organization","@id":"https:\/\/fireware.nl\/de\/#organization","name":"FireWare","url":"https:\/\/fireware.nl\/de\/","logo":{"@type":"ImageObject","inLanguage":"de","@id":"https:\/\/fireware.nl\/de\/#\/schema\/logo\/image\/","url":"https:\/\/fireware.nl\/wp-content\/uploads\/2018\/10\/FireWare-logo.jpg","contentUrl":"https:\/\/fireware.nl\/wp-content\/uploads\/2018\/10\/FireWare-logo.jpg","width":171,"height":70,"caption":"FireWare"},"image":{"@id":"https:\/\/fireware.nl\/de\/#\/schema\/logo\/image\/"},"sameAs":["https:\/\/www.facebook.com\/FireWareBV\/","https:\/\/x.com\/FireWarebv","https:\/\/www.instagram.com\/fireware_nl\/","https:\/\/www.linkedin.com\/company\/3586017\/","https:\/\/www.youtube.com\/user\/firesalesrentconsult"]}]}},"publishpress_future_action":{"enabled":false,"date":"2026-05-12 18:23:42","action":"change-status","newStatus":"draft","terms":[],"taxonomy":"translation_priority","extraData":[]},"publishpress_future_workflow_manual_trigger":{"enabledWorkflows":[]},"_links":{"self":[{"href":"https:\/\/fireware.nl\/de\/wp-json\/wp\/v2\/pages\/844","targetHints":{"allow":["GET"]}}],"collection":[{"href":"https:\/\/fireware.nl\/de\/wp-json\/wp\/v2\/pages"}],"about":[{"href":"https:\/\/fireware.nl\/de\/wp-json\/wp\/v2\/types\/page"}],"author":[{"embeddable":true,"href":"https:\/\/fireware.nl\/de\/wp-json\/wp\/v2\/users\/2"}],"replies":[{"embeddable":true,"href":"https:\/\/fireware.nl\/de\/wp-json\/wp\/v2\/comments?post=844"}],"version-history":[{"count":0,"href":"https:\/\/fireware.nl\/de\/wp-json\/wp\/v2\/pages\/844\/revisions"}],"wp:attachment":[{"href":"https:\/\/fireware.nl\/de\/wp-json\/wp\/v2\/media?parent=844"}],"curies":[{"name":"wp","href":"https:\/\/api.w.org\/{rel}","templated":true}]}}