
{"id":8830,"date":"2018-09-13T12:45:44","date_gmt":"2018-09-13T12:45:44","guid":{"rendered":"http:\/\/fireware.sites.hyperhosting.co\/?page_id=8830"},"modified":"2026-03-02T16:08:40","modified_gmt":"2026-03-02T16:08:40","slug":"arbeiten-bei-fireware","status":"publish","type":"page","link":"https:\/\/fireware.nl\/de\/arbeiten-bei-fireware\/","title":{"rendered":"Arbeiten bei FireWare"},"content":{"rendered":"\n\n\t\t<iframe loading=\"lazy\" width=\"560\" height=\"315\" src=\"https:\/\/www.youtube.com\/embed\/91OUDcLB3X4?hl=de&#038;cc_lang_pref=de&#038;cc_load_policy=1\" title=\"YouTube video player\" frameborder=\"0\" allow=\"accelerometer; autoplay; clipboard-write; encrypted-media; gyroscope; picture-in-picture\" allowfullscreen><\/iframe>\t\n\t<p><strong>Wir bei FireWare sorgen daf\u00fcr, dass Hilfskr\u00e4fte auf der ganzen Welt so realistisch wie m\u00f6glich \u00fcben k\u00f6nnen. Wir tun dies, indem wir daf\u00fcr sorgen, dass so viele Sinne wie m\u00f6glich gereizt werden. Die von uns hierf\u00fcr verwendeten Techniken haben ihren Ursprung in der Theater- und Filmindustrie. In den letzten 18 Jahren haben wir an diesen theatertechnischen Konzepten viele Verbesserungen und Innovationen vorgenommen! Auch durch die Architektur und den Maschinenbau haben uns inspirieren lassen. Wir verbinden Kreativit\u00e4t mit bew\u00e4hrten Techniken. So kommen wir zu innovativen L\u00f6sungen, die den Unterschied beim Trainingserlebnis ausmachen!<\/strong><\/p>\n<p>FireWare w\u00e4chst und die Welt ver\u00e4ndert sich. Der Notwendigkeit, dass Rettungskr\u00e4fte immer realistischer \u00fcben m\u00fcssen, nimmt zu. Es gibt immer noch Br\u00e4nde, Unf\u00e4lle und Terroranschl\u00e4ge. Indem wir den Rettungskr\u00e4ften dabei helfen, sich darauf vorzubereiten, machen wir die Welt ein bisschen sch\u00f6ner. Und dabei k\u00f6nnten wir wirklich Hilfe gebrauchen!<\/p>\n<p>Seien wir ehrlich: Bei FireWare zu arbeiten ist nicht jedermanns Sache. Sie m\u00fcssen in ein Team von eigenwilligen Menschen passen. Das sind alles Menschen mit ihren eigenen Kenntnissen und Vorstellungen. Gemeinsam finden wir immer coole L\u00f6sungen. Sie m\u00fcssen wirklich dazu in der Lage sein, andere Menschen zu inspirieren und sich inspirieren zu lassen. Wenn Sie sich f\u00fcr die Ideen einsetzen, an die Sie glauben, ist das gro\u00dfartig, vor allem dann, wenn es gut l\u00e4uft. Aber die kleinen Wettstreitereien im Team zu unterbinden ist nicht wirklich konstruktiv.<\/p>\n<p>Ein Teil unserer Arbeit ist die Planung. Aber so ein gro\u00dfer Anteil ist sie auch wieder nicht. Ab und zu muss unerwartet ein Zahn zugelegt werden oder aber es l\u00e4uft in letzter Minute alles anders als gedacht. Auch damit muss man umgehen k\u00f6nnen. Sie m\u00f6chten wissen, ob Sie in <a href=\"https:\/\/fireware.nl\/de\/team\/\" target=\"_blank\" rel=\"noopener\">das FireWare-Team<\/a> passen? Dann werfen Sie einen Blick auf <a href=\"https:\/\/fireware.nl\/de\/team\/\" target=\"_blank\" rel=\"noopener\">unsere Kernwerte<\/a>. Das wird Ihnen eine gute Vorstellung davon geben, worauf es im FireWare-Team ankommt!<\/p>\n<p>Die Hilfskr\u00e4fteorganisationen, denen wir helfen (denken Sie an Feuerwehr, Polizei, Krankenwagen, Verteidigung, Werkschutzdienste und vieles mehr), fordern Integrit\u00e4t. Daher ist ein F\u00fchrungszeugnis erforderlich. Au\u00dferdem k\u00f6nnen Sie nicht einfach alles, was Sie an einem Arbeitstag erleben, in den sozialen Medien posten.<\/p>\n<p>Was macht die Arbeit bei FireWare so sch\u00f6n? Sie k\u00f6nnen die Qualit\u00e4ten, die Sie haben, nutzen, um Hilfskr\u00e4fte besser auf eine harte Realit\u00e4t vorzubereiten. Auch wenn Sie selbst keinem Rettungsdienst angeh\u00f6ren. Und das spielt sich in einer sehr coolen, herausfordernden, kreativen Atmosph\u00e4re ab. Die Voraussetzungen, um Ihre Arbeit machen zu k\u00f6nnen, dienen allen. Es gibt bei FireWare ein <a href=\"https:\/\/fireware.nl\/de\/design\/crealab\/\" target=\"_blank\" rel=\"noopener\">Crealab<\/a> zum Ausprobieren. Und an fast jedem Arbeitsplatz ist <a href=\"https:\/\/fireware.nl\/de\/design\/lego-serious-play\/\" target=\"_blank\" rel=\"noopener\">Lego<\/a> zu finden. Sie k\u00f6nnen im n\u00f6rdlichen Teil von Nordholland (Wieringerwerf) arbeiten, aber es gibt gen\u00fcgend Parkpl\u00e4tze. Kostenlos und ohne App. Der Personalverband FireWare ist sehr aktiv. Es werden regelm\u00e4\u00dfig lustige und n\u00fctzliche Dinge organisiert. Sie wollen in eine bestimmte Richtung wachsen? Dann erkunden wir gemeinsam die M\u00f6glichkeiten. Kurzum, es ist wirklich vieles m\u00f6glich!<\/p>\n<p>Sie m\u00f6chten wissen, ob FireWare f\u00fcr als Arbeits-, Praktikums- oder Studienabschlussplatz in Frage kommt? Dann vereinbaren Sie einen Termin f\u00fcr eine Tasse Kaffee oder Tee. Sie sind bei uns willkommen!<\/p>\n\t<h2><strong>STELLENANGEBOTE<\/strong><\/h2>\n\t<h2 data-start=\"313\" data-end=\"450\">Die Stellenangebote sind derzeit nur auf Niederl\u00e4ndisch verf\u00fcgbar.<\/h2>\n<h2 data-start=\"313\" data-end=\"450\">Klicken Sie <a href=\"https:\/\/fireware.nl\/werken-bij-fireware\/\" target=\"_blank\" rel=\"noopener\">hier<\/a>, um die Stellenangebote anzusehen.<\/h2>\n\n","protected":false},"excerpt":{"rendered":"<p>Wir bei FireWare sorgen daf\u00fcr, dass Hilfskr\u00e4fte auf der ganzen Welt so realistisch wie m\u00f6glich \u00fcben k\u00f6nnen. Wir tun dies,<span class=\"excerpt-ellipsis\">&#8230;<\/span><\/p>\n","protected":false},"author":2,"featured_media":61963,"parent":0,"menu_order":0,"comment_status":"closed","ping_status":"closed","template":"","meta":{"footnotes":""},"class_list":["post-8830","page","type-page","status-publish","has-post-thumbnail","hentry"],"yoast_head":"<!-- This site is optimized with the Yoast SEO plugin v27.5 - https:\/\/yoast.com\/product\/yoast-seo-wordpress\/ -->\n<title>Arbeiten bei FireWare - FireWare<\/title>\n<meta name=\"robots\" content=\"index, follow, max-snippet:-1, max-image-preview:large, max-video-preview:-1\" \/>\n<link rel=\"canonical\" href=\"https:\/\/fireware.nl\/de\/arbeiten-bei-fireware\/\" \/>\n<meta property=\"og:locale\" content=\"de_DE\" \/>\n<meta property=\"og:type\" content=\"article\" \/>\n<meta property=\"og:title\" content=\"Arbeiten bei FireWare - FireWare\" \/>\n<meta property=\"og:description\" content=\"Wir bei FireWare sorgen daf\u00fcr, dass Hilfskr\u00e4fte auf der ganzen Welt so realistisch wie m\u00f6glich \u00fcben k\u00f6nnen. Wir tun dies,...\" \/>\n<meta property=\"og:url\" content=\"https:\/\/fireware.nl\/de\/arbeiten-bei-fireware\/\" \/>\n<meta property=\"og:site_name\" content=\"FireWare\" \/>\n<meta property=\"article:publisher\" content=\"https:\/\/www.facebook.com\/FireWareBV\/\" \/>\n<meta property=\"article:modified_time\" content=\"2026-03-02T16:08:40+00:00\" \/>\n<meta property=\"og:image\" content=\"https:\/\/fireware.nl\/wp-content\/uploads\/2021\/07\/Fire-up-your-career.jpg\" \/>\n<meta name=\"twitter:card\" content=\"summary_large_image\" \/>\n<meta name=\"twitter:site\" content=\"@FireWarebv\" \/>\n<meta name=\"twitter:label1\" content=\"Gesch\u00e4tzte Lesezeit\" \/>\n\t<meta name=\"twitter:data1\" content=\"3\u00a0Minuten\" \/>\n<script type=\"application\/ld+json\" class=\"yoast-schema-graph\">{\"@context\":\"https:\\\/\\\/schema.org\",\"@graph\":[{\"@type\":\"WebPage\",\"@id\":\"https:\\\/\\\/fireware.nl\\\/de\\\/arbeiten-bei-fireware\\\/\",\"url\":\"https:\\\/\\\/fireware.nl\\\/de\\\/arbeiten-bei-fireware\\\/\",\"name\":\"Arbeiten bei FireWare - FireWare\",\"isPartOf\":{\"@id\":\"https:\\\/\\\/fireware.nl\\\/de\\\/#website\"},\"primaryImageOfPage\":{\"@id\":\"https:\\\/\\\/fireware.nl\\\/de\\\/arbeiten-bei-fireware\\\/#primaryimage\"},\"image\":{\"@id\":\"https:\\\/\\\/fireware.nl\\\/de\\\/arbeiten-bei-fireware\\\/#primaryimage\"},\"thumbnailUrl\":\"https:\\\/\\\/fireware.nl\\\/wp-content\\\/uploads\\\/2021\\\/06\\\/banner-werken-bij-fireware.jpg\",\"datePublished\":\"2018-09-13T12:45:44+00:00\",\"dateModified\":\"2026-03-02T16:08:40+00:00\",\"breadcrumb\":{\"@id\":\"https:\\\/\\\/fireware.nl\\\/de\\\/arbeiten-bei-fireware\\\/#breadcrumb\"},\"inLanguage\":\"de\",\"potentialAction\":[{\"@type\":\"ReadAction\",\"target\":[\"https:\\\/\\\/fireware.nl\\\/de\\\/arbeiten-bei-fireware\\\/\"]}]},{\"@type\":\"ImageObject\",\"inLanguage\":\"de\",\"@id\":\"https:\\\/\\\/fireware.nl\\\/de\\\/arbeiten-bei-fireware\\\/#primaryimage\",\"url\":\"https:\\\/\\\/fireware.nl\\\/wp-content\\\/uploads\\\/2021\\\/06\\\/banner-werken-bij-fireware.jpg\",\"contentUrl\":\"https:\\\/\\\/fireware.nl\\\/wp-content\\\/uploads\\\/2021\\\/06\\\/banner-werken-bij-fireware.jpg\",\"width\":2200,\"height\":800},{\"@type\":\"BreadcrumbList\",\"@id\":\"https:\\\/\\\/fireware.nl\\\/de\\\/arbeiten-bei-fireware\\\/#breadcrumb\",\"itemListElement\":[{\"@type\":\"ListItem\",\"position\":1,\"name\":\"Home\",\"item\":\"https:\\\/\\\/fireware.nl\\\/de\\\/\"},{\"@type\":\"ListItem\",\"position\":2,\"name\":\"Arbeiten bei FireWare\"}]},{\"@type\":\"WebSite\",\"@id\":\"https:\\\/\\\/fireware.nl\\\/de\\\/#website\",\"url\":\"https:\\\/\\\/fireware.nl\\\/de\\\/\",\"name\":\"FireWare\",\"description\":\"CREATING REALISTIC  TRAINING ENVIRONMENTS\",\"publisher\":{\"@id\":\"https:\\\/\\\/fireware.nl\\\/de\\\/#organization\"},\"potentialAction\":[{\"@type\":\"SearchAction\",\"target\":{\"@type\":\"EntryPoint\",\"urlTemplate\":\"https:\\\/\\\/fireware.nl\\\/de\\\/?s={search_term_string}\"},\"query-input\":{\"@type\":\"PropertyValueSpecification\",\"valueRequired\":true,\"valueName\":\"search_term_string\"}}],\"inLanguage\":\"de\"},{\"@type\":\"Organization\",\"@id\":\"https:\\\/\\\/fireware.nl\\\/de\\\/#organization\",\"name\":\"FireWare\",\"url\":\"https:\\\/\\\/fireware.nl\\\/de\\\/\",\"logo\":{\"@type\":\"ImageObject\",\"inLanguage\":\"de\",\"@id\":\"https:\\\/\\\/fireware.nl\\\/de\\\/#\\\/schema\\\/logo\\\/image\\\/\",\"url\":\"https:\\\/\\\/fireware.nl\\\/wp-content\\\/uploads\\\/2018\\\/10\\\/FireWare-logo.jpg\",\"contentUrl\":\"https:\\\/\\\/fireware.nl\\\/wp-content\\\/uploads\\\/2018\\\/10\\\/FireWare-logo.jpg\",\"width\":171,\"height\":70,\"caption\":\"FireWare\"},\"image\":{\"@id\":\"https:\\\/\\\/fireware.nl\\\/de\\\/#\\\/schema\\\/logo\\\/image\\\/\"},\"sameAs\":[\"https:\\\/\\\/www.facebook.com\\\/FireWareBV\\\/\",\"https:\\\/\\\/x.com\\\/FireWarebv\",\"https:\\\/\\\/www.instagram.com\\\/fireware_nl\\\/\",\"https:\\\/\\\/www.linkedin.com\\\/company\\\/3586017\\\/\",\"https:\\\/\\\/www.youtube.com\\\/user\\\/firesalesrentconsult\"]}]}<\/script>\n<!-- \/ Yoast SEO plugin. -->","yoast_head_json":{"title":"Arbeiten bei FireWare - FireWare","robots":{"index":"index","follow":"follow","max-snippet":"max-snippet:-1","max-image-preview":"max-image-preview:large","max-video-preview":"max-video-preview:-1"},"canonical":"https:\/\/fireware.nl\/de\/arbeiten-bei-fireware\/","og_locale":"de_DE","og_type":"article","og_title":"Arbeiten bei FireWare - FireWare","og_description":"Wir bei FireWare sorgen daf\u00fcr, dass Hilfskr\u00e4fte auf der ganzen Welt so realistisch wie m\u00f6glich \u00fcben k\u00f6nnen. Wir tun dies,...","og_url":"https:\/\/fireware.nl\/de\/arbeiten-bei-fireware\/","og_site_name":"FireWare","article_publisher":"https:\/\/www.facebook.com\/FireWareBV\/","article_modified_time":"2026-03-02T16:08:40+00:00","og_image":[{"url":"https:\/\/fireware.nl\/wp-content\/uploads\/2021\/07\/Fire-up-your-career.jpg","type":"","width":"","height":""}],"twitter_card":"summary_large_image","twitter_site":"@FireWarebv","twitter_misc":{"Gesch\u00e4tzte Lesezeit":"3\u00a0Minuten"},"schema":{"@context":"https:\/\/schema.org","@graph":[{"@type":"WebPage","@id":"https:\/\/fireware.nl\/de\/arbeiten-bei-fireware\/","url":"https:\/\/fireware.nl\/de\/arbeiten-bei-fireware\/","name":"Arbeiten bei FireWare - FireWare","isPartOf":{"@id":"https:\/\/fireware.nl\/de\/#website"},"primaryImageOfPage":{"@id":"https:\/\/fireware.nl\/de\/arbeiten-bei-fireware\/#primaryimage"},"image":{"@id":"https:\/\/fireware.nl\/de\/arbeiten-bei-fireware\/#primaryimage"},"thumbnailUrl":"https:\/\/fireware.nl\/wp-content\/uploads\/2021\/06\/banner-werken-bij-fireware.jpg","datePublished":"2018-09-13T12:45:44+00:00","dateModified":"2026-03-02T16:08:40+00:00","breadcrumb":{"@id":"https:\/\/fireware.nl\/de\/arbeiten-bei-fireware\/#breadcrumb"},"inLanguage":"de","potentialAction":[{"@type":"ReadAction","target":["https:\/\/fireware.nl\/de\/arbeiten-bei-fireware\/"]}]},{"@type":"ImageObject","inLanguage":"de","@id":"https:\/\/fireware.nl\/de\/arbeiten-bei-fireware\/#primaryimage","url":"https:\/\/fireware.nl\/wp-content\/uploads\/2021\/06\/banner-werken-bij-fireware.jpg","contentUrl":"https:\/\/fireware.nl\/wp-content\/uploads\/2021\/06\/banner-werken-bij-fireware.jpg","width":2200,"height":800},{"@type":"BreadcrumbList","@id":"https:\/\/fireware.nl\/de\/arbeiten-bei-fireware\/#breadcrumb","itemListElement":[{"@type":"ListItem","position":1,"name":"Home","item":"https:\/\/fireware.nl\/de\/"},{"@type":"ListItem","position":2,"name":"Arbeiten bei FireWare"}]},{"@type":"WebSite","@id":"https:\/\/fireware.nl\/de\/#website","url":"https:\/\/fireware.nl\/de\/","name":"FireWare","description":"CREATING REALISTIC  TRAINING ENVIRONMENTS","publisher":{"@id":"https:\/\/fireware.nl\/de\/#organization"},"potentialAction":[{"@type":"SearchAction","target":{"@type":"EntryPoint","urlTemplate":"https:\/\/fireware.nl\/de\/?s={search_term_string}"},"query-input":{"@type":"PropertyValueSpecification","valueRequired":true,"valueName":"search_term_string"}}],"inLanguage":"de"},{"@type":"Organization","@id":"https:\/\/fireware.nl\/de\/#organization","name":"FireWare","url":"https:\/\/fireware.nl\/de\/","logo":{"@type":"ImageObject","inLanguage":"de","@id":"https:\/\/fireware.nl\/de\/#\/schema\/logo\/image\/","url":"https:\/\/fireware.nl\/wp-content\/uploads\/2018\/10\/FireWare-logo.jpg","contentUrl":"https:\/\/fireware.nl\/wp-content\/uploads\/2018\/10\/FireWare-logo.jpg","width":171,"height":70,"caption":"FireWare"},"image":{"@id":"https:\/\/fireware.nl\/de\/#\/schema\/logo\/image\/"},"sameAs":["https:\/\/www.facebook.com\/FireWareBV\/","https:\/\/x.com\/FireWarebv","https:\/\/www.instagram.com\/fireware_nl\/","https:\/\/www.linkedin.com\/company\/3586017\/","https:\/\/www.youtube.com\/user\/firesalesrentconsult"]}]}},"publishpress_future_action":{"enabled":false,"date":"2026-05-12 22:04:39","action":"change-status","newStatus":"draft","terms":[],"taxonomy":"translation_priority","extraData":[]},"publishpress_future_workflow_manual_trigger":{"enabledWorkflows":[]},"_links":{"self":[{"href":"https:\/\/fireware.nl\/de\/wp-json\/wp\/v2\/pages\/8830","targetHints":{"allow":["GET"]}}],"collection":[{"href":"https:\/\/fireware.nl\/de\/wp-json\/wp\/v2\/pages"}],"about":[{"href":"https:\/\/fireware.nl\/de\/wp-json\/wp\/v2\/types\/page"}],"author":[{"embeddable":true,"href":"https:\/\/fireware.nl\/de\/wp-json\/wp\/v2\/users\/2"}],"replies":[{"embeddable":true,"href":"https:\/\/fireware.nl\/de\/wp-json\/wp\/v2\/comments?post=8830"}],"version-history":[{"count":2,"href":"https:\/\/fireware.nl\/de\/wp-json\/wp\/v2\/pages\/8830\/revisions"}],"predecessor-version":[{"id":131292,"href":"https:\/\/fireware.nl\/de\/wp-json\/wp\/v2\/pages\/8830\/revisions\/131292"}],"wp:featuredmedia":[{"embeddable":true,"href":"https:\/\/fireware.nl\/de\/wp-json\/wp\/v2\/media\/61963"}],"wp:attachment":[{"href":"https:\/\/fireware.nl\/de\/wp-json\/wp\/v2\/media?parent=8830"}],"curies":[{"name":"wp","href":"https:\/\/api.w.org\/{rel}","templated":true}]}}