
{"id":100729,"date":"2024-09-18T14:15:36","date_gmt":"2024-09-18T14:15:36","guid":{"rendered":"https:\/\/fireware.nl\/?post_type=product&#038;p=100729"},"modified":"2025-08-07T13:02:49","modified_gmt":"2025-08-07T13:02:49","slug":"verlaengerungskabel-powercon-true1-top","status":"publish","type":"product","link":"https:\/\/fireware.nl\/de\/product\/powercon-true-1-top-verlaengerungskabel\/","title":{"rendered":"Powercon True-1 Top Verl\u00e4ngerungskabel"},"content":{"rendered":"<p>Mit diesen Verl\u00e4ngerungskabeln kannst du die 230V-Anschlusskabel einer Vielzahl von FireWare-Produkten verl\u00e4ngern. Der Vorteil der PowerCON True1 TOP-Steckverbinder ist, dass sie robust, kompakt, wasserdicht und einfach durchzuschleifen sind. In diesem Fall steht TOP f\u00fcr \u201eTrue Outdoor Protection\u201c. Deshalb statten wir immer mehr Produkte damit aus.<\/p>\n<p>Alle Produkte mit PowerCON werden mit Adapterkabeln zu Standard-230V-Steckverbindern (Schuko &#8211; CEE7) geliefert. Du kannst also weiterhin deine normalen Verl\u00e4ngerungskabel und Kabeltrommeln verwenden. M\u00f6chtest du jedoch einfach und wasserdicht verl\u00e4ngern und verbinden, w\u00e4hle diese PowerCON-Kabel.<\/p>\n<p>Kompatibel mit den folgenden Produkten:<\/p>\n<ul>\n<li><a href=\"https:\/\/fireware.nl\/de\/product\/firespot-mk2\/\" target=\"_blank\" rel=\"noopener\">FireSpot MK2<\/a><\/li>\n<li><a href=\"https:\/\/fireware.nl\/de\/product\/firespot-xxl\/\" target=\"_blank\" rel=\"noopener\">FireSpot XXL<\/a><\/li>\n<li><a href=\"https:\/\/fireware.nl\/de\/product\/die-buechse-der-pandora-230\/\" target=\"_blank\" rel=\"noopener\">Pandora&#8217;s Box 230<\/a><\/li>\n<li><a href=\"https:\/\/fireware.nl\/de\/produkt\/nebelmaschine-stratus\/\" target=\"_blank\" rel=\"noopener\">Nebelmaschine Stratus<\/a><\/li>\n<li><a href=\"https:\/\/fireware.nl\/de\/produkt\/nebelmaschine-cumulus\/\" target=\"_blank\" rel=\"noopener\">Nebelmaschine Cumulus<\/a><\/li>\n<li><a href=\"https:\/\/fireware.nl\/de\/product\/phoenix\/\" target=\"_blank\" rel=\"noopener\">Phoenix Silkflame<\/a><\/li>\n<\/ul>\n","protected":false},"excerpt":{"rendered":"<div class=\"flex-shrink-0 flex flex-col relative items-end\">\n<div>\n<div class=\"pt-0\">\n<div class=\"gizmo-bot-avatar flex h-8 w-8 items-center justify-center overflow-hidden rounded-full\">\n<ul>\n<li>Wasserdichte Steckverbinder<\/li>\n<li>Verl\u00e4ngere dein Anschlusskabel ganz einfach<\/li>\n<li>Verbinde Ger\u00e4te direkt mit der Pandora\u2019s Box 230<\/li>\n<li>Solide Verbindung durch Drehverriegelung<\/li>\n<li>Kein \u00c4rger mehr mit Leuten, die die Stecker zum &#8220;L\u00f6schen&#8221; selbst herausziehen<\/li>\n<\/ul>\n<\/div>\n<\/div>\n<\/div>\n<\/div>\n","protected":false},"featured_media":99256,"template":"","meta":[],"product_brand":[],"product_cat":[228],"product_tag":[],"class_list":{"0":"post-100729","1":"product","2":"type-product","3":"status-publish","4":"has-post-thumbnail","6":"product_cat-verkabelung","8":"first","9":"instock","10":"taxable","11":"shipping-taxable","12":"purchasable","13":"product-type-variable"},"yoast_head":"<!-- This site is optimized with the Yoast SEO plugin v27.5 - https:\/\/yoast.com\/product\/yoast-seo-wordpress\/ -->\n<title>Powercon True-1 Top Verl\u00e4ngerungskabel - FireWare<\/title>\n<meta name=\"robots\" content=\"index, follow, max-snippet:-1, max-image-preview:large, max-video-preview:-1\" \/>\n<link rel=\"canonical\" href=\"https:\/\/fireware.nl\/de\/product\/powercon-true-1-top-verlaengerungskabel\/\" \/>\n<meta property=\"og:locale\" content=\"de_DE\" \/>\n<meta property=\"og:type\" content=\"article\" \/>\n<meta property=\"og:title\" content=\"Powercon True-1 Top Verl\u00e4ngerungskabel - FireWare\" \/>\n<meta property=\"og:description\" content=\"Wasserdichte Steckverbinder  Verl\u00e4ngere dein Anschlusskabel ganz einfach  Verbinde Ger\u00e4te direkt mit der Pandora\u2019s Box 230  Solide Verbindung durch Drehverriegelung  Kein \u00c4rger mehr mit Leuten, die die Stecker zum &quot;L\u00f6schen&quot; selbst herausziehen\" \/>\n<meta property=\"og:url\" content=\"https:\/\/fireware.nl\/de\/product\/powercon-true-1-top-verlaengerungskabel\/\" \/>\n<meta property=\"og:site_name\" content=\"FireWare\" \/>\n<meta property=\"article:publisher\" content=\"https:\/\/www.facebook.com\/FireWareBV\/\" \/>\n<meta property=\"article:modified_time\" content=\"2025-08-07T13:02:49+00:00\" \/>\n<meta property=\"og:image\" content=\"https:\/\/fireware.nl\/wp-content\/uploads\/2024\/08\/20240801_powercon-verlengkabel_001_002_web-1-1024x1024.jpg\" \/>\n\t<meta property=\"og:image:width\" content=\"1024\" \/>\n\t<meta property=\"og:image:height\" content=\"1024\" \/>\n\t<meta property=\"og:image:type\" content=\"image\/jpeg\" \/>\n<meta name=\"twitter:card\" content=\"summary_large_image\" \/>\n<meta name=\"twitter:site\" content=\"@FireWarebv\" \/>\n<meta name=\"twitter:label1\" content=\"Gesch\u00e4tzte Lesezeit\" \/>\n\t<meta name=\"twitter:data1\" content=\"1\u00a0Minute\" \/>\n<script type=\"application\/ld+json\" class=\"yoast-schema-graph\">{\"@context\":\"https:\\\/\\\/schema.org\",\"@graph\":[{\"@type\":\"WebPage\",\"@id\":\"https:\\\/\\\/fireware.nl\\\/de\\\/product\\\/powercon-true-1-top-verlaengerungskabel\\\/\",\"url\":\"https:\\\/\\\/fireware.nl\\\/de\\\/product\\\/powercon-true-1-top-verlaengerungskabel\\\/\",\"name\":\"Powercon True-1 Top Verl\u00e4ngerungskabel - FireWare\",\"isPartOf\":{\"@id\":\"https:\\\/\\\/fireware.nl\\\/de\\\/#website\"},\"primaryImageOfPage\":{\"@id\":\"https:\\\/\\\/fireware.nl\\\/de\\\/product\\\/powercon-true-1-top-verlaengerungskabel\\\/#primaryimage\"},\"image\":{\"@id\":\"https:\\\/\\\/fireware.nl\\\/de\\\/product\\\/powercon-true-1-top-verlaengerungskabel\\\/#primaryimage\"},\"thumbnailUrl\":\"https:\\\/\\\/fireware.nl\\\/wp-content\\\/uploads\\\/2024\\\/08\\\/20240801_powercon-verlengkabel_001_002_web-1.jpg\",\"datePublished\":\"2024-09-18T14:15:36+00:00\",\"dateModified\":\"2025-08-07T13:02:49+00:00\",\"breadcrumb\":{\"@id\":\"https:\\\/\\\/fireware.nl\\\/de\\\/product\\\/powercon-true-1-top-verlaengerungskabel\\\/#breadcrumb\"},\"inLanguage\":\"de\",\"potentialAction\":[{\"@type\":\"ReadAction\",\"target\":[\"https:\\\/\\\/fireware.nl\\\/de\\\/product\\\/powercon-true-1-top-verlaengerungskabel\\\/\"]}]},{\"@type\":\"ImageObject\",\"inLanguage\":\"de\",\"@id\":\"https:\\\/\\\/fireware.nl\\\/de\\\/product\\\/powercon-true-1-top-verlaengerungskabel\\\/#primaryimage\",\"url\":\"https:\\\/\\\/fireware.nl\\\/wp-content\\\/uploads\\\/2024\\\/08\\\/20240801_powercon-verlengkabel_001_002_web-1.jpg\",\"contentUrl\":\"https:\\\/\\\/fireware.nl\\\/wp-content\\\/uploads\\\/2024\\\/08\\\/20240801_powercon-verlengkabel_001_002_web-1.jpg\",\"width\":4000,\"height\":4000},{\"@type\":\"BreadcrumbList\",\"@id\":\"https:\\\/\\\/fireware.nl\\\/de\\\/product\\\/powercon-true-1-top-verlaengerungskabel\\\/#breadcrumb\",\"itemListElement\":[{\"@type\":\"ListItem\",\"position\":1,\"name\":\"Home\",\"item\":\"https:\\\/\\\/fireware.nl\\\/de\\\/\"},{\"@type\":\"ListItem\",\"position\":2,\"name\":\"Produkte\",\"item\":\"https:\\\/\\\/fireware.nl\\\/de\\\/produkte\\\/\"},{\"@type\":\"ListItem\",\"position\":3,\"name\":\"Powercon True-1 Top Verl\u00e4ngerungskabel\"}]},{\"@type\":\"WebSite\",\"@id\":\"https:\\\/\\\/fireware.nl\\\/de\\\/#website\",\"url\":\"https:\\\/\\\/fireware.nl\\\/de\\\/\",\"name\":\"FireWare\",\"description\":\"CREATING REALISTIC  TRAINING ENVIRONMENTS\",\"publisher\":{\"@id\":\"https:\\\/\\\/fireware.nl\\\/de\\\/#organization\"},\"potentialAction\":[{\"@type\":\"SearchAction\",\"target\":{\"@type\":\"EntryPoint\",\"urlTemplate\":\"https:\\\/\\\/fireware.nl\\\/de\\\/?s={search_term_string}\"},\"query-input\":{\"@type\":\"PropertyValueSpecification\",\"valueRequired\":true,\"valueName\":\"search_term_string\"}}],\"inLanguage\":\"de\"},{\"@type\":\"Organization\",\"@id\":\"https:\\\/\\\/fireware.nl\\\/de\\\/#organization\",\"name\":\"FireWare\",\"url\":\"https:\\\/\\\/fireware.nl\\\/de\\\/\",\"logo\":{\"@type\":\"ImageObject\",\"inLanguage\":\"de\",\"@id\":\"https:\\\/\\\/fireware.nl\\\/de\\\/#\\\/schema\\\/logo\\\/image\\\/\",\"url\":\"https:\\\/\\\/fireware.nl\\\/wp-content\\\/uploads\\\/2018\\\/10\\\/FireWare-logo.jpg\",\"contentUrl\":\"https:\\\/\\\/fireware.nl\\\/wp-content\\\/uploads\\\/2018\\\/10\\\/FireWare-logo.jpg\",\"width\":171,\"height\":70,\"caption\":\"FireWare\"},\"image\":{\"@id\":\"https:\\\/\\\/fireware.nl\\\/de\\\/#\\\/schema\\\/logo\\\/image\\\/\"},\"sameAs\":[\"https:\\\/\\\/www.facebook.com\\\/FireWareBV\\\/\",\"https:\\\/\\\/x.com\\\/FireWarebv\",\"https:\\\/\\\/www.instagram.com\\\/fireware_nl\\\/\",\"https:\\\/\\\/www.linkedin.com\\\/company\\\/3586017\\\/\",\"https:\\\/\\\/www.youtube.com\\\/user\\\/firesalesrentconsult\"]}]}<\/script>\n<!-- \/ Yoast SEO plugin. -->","yoast_head_json":{"title":"Powercon True-1 Top Verl\u00e4ngerungskabel - FireWare","robots":{"index":"index","follow":"follow","max-snippet":"max-snippet:-1","max-image-preview":"max-image-preview:large","max-video-preview":"max-video-preview:-1"},"canonical":"https:\/\/fireware.nl\/de\/product\/powercon-true-1-top-verlaengerungskabel\/","og_locale":"de_DE","og_type":"article","og_title":"Powercon True-1 Top Verl\u00e4ngerungskabel - FireWare","og_description":"Wasserdichte Steckverbinder  Verl\u00e4ngere dein Anschlusskabel ganz einfach  Verbinde Ger\u00e4te direkt mit der Pandora\u2019s Box 230  Solide Verbindung durch Drehverriegelung  Kein \u00c4rger mehr mit Leuten, die die Stecker zum \"L\u00f6schen\" selbst herausziehen","og_url":"https:\/\/fireware.nl\/de\/product\/powercon-true-1-top-verlaengerungskabel\/","og_site_name":"FireWare","article_publisher":"https:\/\/www.facebook.com\/FireWareBV\/","article_modified_time":"2025-08-07T13:02:49+00:00","og_image":[{"width":1024,"height":1024,"url":"https:\/\/fireware.nl\/wp-content\/uploads\/2024\/08\/20240801_powercon-verlengkabel_001_002_web-1-1024x1024.jpg","type":"image\/jpeg"}],"twitter_card":"summary_large_image","twitter_site":"@FireWarebv","twitter_misc":{"Gesch\u00e4tzte Lesezeit":"1\u00a0Minute"},"schema":{"@context":"https:\/\/schema.org","@graph":[{"@type":"WebPage","@id":"https:\/\/fireware.nl\/de\/product\/powercon-true-1-top-verlaengerungskabel\/","url":"https:\/\/fireware.nl\/de\/product\/powercon-true-1-top-verlaengerungskabel\/","name":"Powercon True-1 Top Verl\u00e4ngerungskabel - FireWare","isPartOf":{"@id":"https:\/\/fireware.nl\/de\/#website"},"primaryImageOfPage":{"@id":"https:\/\/fireware.nl\/de\/product\/powercon-true-1-top-verlaengerungskabel\/#primaryimage"},"image":{"@id":"https:\/\/fireware.nl\/de\/product\/powercon-true-1-top-verlaengerungskabel\/#primaryimage"},"thumbnailUrl":"https:\/\/fireware.nl\/wp-content\/uploads\/2024\/08\/20240801_powercon-verlengkabel_001_002_web-1.jpg","datePublished":"2024-09-18T14:15:36+00:00","dateModified":"2025-08-07T13:02:49+00:00","breadcrumb":{"@id":"https:\/\/fireware.nl\/de\/product\/powercon-true-1-top-verlaengerungskabel\/#breadcrumb"},"inLanguage":"de","potentialAction":[{"@type":"ReadAction","target":["https:\/\/fireware.nl\/de\/product\/powercon-true-1-top-verlaengerungskabel\/"]}]},{"@type":"ImageObject","inLanguage":"de","@id":"https:\/\/fireware.nl\/de\/product\/powercon-true-1-top-verlaengerungskabel\/#primaryimage","url":"https:\/\/fireware.nl\/wp-content\/uploads\/2024\/08\/20240801_powercon-verlengkabel_001_002_web-1.jpg","contentUrl":"https:\/\/fireware.nl\/wp-content\/uploads\/2024\/08\/20240801_powercon-verlengkabel_001_002_web-1.jpg","width":4000,"height":4000},{"@type":"BreadcrumbList","@id":"https:\/\/fireware.nl\/de\/product\/powercon-true-1-top-verlaengerungskabel\/#breadcrumb","itemListElement":[{"@type":"ListItem","position":1,"name":"Home","item":"https:\/\/fireware.nl\/de\/"},{"@type":"ListItem","position":2,"name":"Produkte","item":"https:\/\/fireware.nl\/de\/produkte\/"},{"@type":"ListItem","position":3,"name":"Powercon True-1 Top Verl\u00e4ngerungskabel"}]},{"@type":"WebSite","@id":"https:\/\/fireware.nl\/de\/#website","url":"https:\/\/fireware.nl\/de\/","name":"FireWare","description":"CREATING REALISTIC  TRAINING ENVIRONMENTS","publisher":{"@id":"https:\/\/fireware.nl\/de\/#organization"},"potentialAction":[{"@type":"SearchAction","target":{"@type":"EntryPoint","urlTemplate":"https:\/\/fireware.nl\/de\/?s={search_term_string}"},"query-input":{"@type":"PropertyValueSpecification","valueRequired":true,"valueName":"search_term_string"}}],"inLanguage":"de"},{"@type":"Organization","@id":"https:\/\/fireware.nl\/de\/#organization","name":"FireWare","url":"https:\/\/fireware.nl\/de\/","logo":{"@type":"ImageObject","inLanguage":"de","@id":"https:\/\/fireware.nl\/de\/#\/schema\/logo\/image\/","url":"https:\/\/fireware.nl\/wp-content\/uploads\/2018\/10\/FireWare-logo.jpg","contentUrl":"https:\/\/fireware.nl\/wp-content\/uploads\/2018\/10\/FireWare-logo.jpg","width":171,"height":70,"caption":"FireWare"},"image":{"@id":"https:\/\/fireware.nl\/de\/#\/schema\/logo\/image\/"},"sameAs":["https:\/\/www.facebook.com\/FireWareBV\/","https:\/\/x.com\/FireWarebv","https:\/\/www.instagram.com\/fireware_nl\/","https:\/\/www.linkedin.com\/company\/3586017\/","https:\/\/www.youtube.com\/user\/firesalesrentconsult"]}]}},"publishpress_future_workflow_manual_trigger":{"enabledWorkflows":[]},"_links":{"self":[{"href":"https:\/\/fireware.nl\/de\/wp-json\/wp\/v2\/product\/100729","targetHints":{"allow":["GET"]}}],"collection":[{"href":"https:\/\/fireware.nl\/de\/wp-json\/wp\/v2\/product"}],"about":[{"href":"https:\/\/fireware.nl\/de\/wp-json\/wp\/v2\/types\/product"}],"wp:featuredmedia":[{"embeddable":true,"href":"https:\/\/fireware.nl\/de\/wp-json\/wp\/v2\/media\/99256"}],"wp:attachment":[{"href":"https:\/\/fireware.nl\/de\/wp-json\/wp\/v2\/media?parent=100729"}],"wp:term":[{"taxonomy":"product_brand","embeddable":true,"href":"https:\/\/fireware.nl\/de\/wp-json\/wp\/v2\/product_brand?post=100729"},{"taxonomy":"product_cat","embeddable":true,"href":"https:\/\/fireware.nl\/de\/wp-json\/wp\/v2\/product_cat?post=100729"},{"taxonomy":"product_tag","embeddable":true,"href":"https:\/\/fireware.nl\/de\/wp-json\/wp\/v2\/product_tag?post=100729"}],"curies":[{"name":"wp","href":"https:\/\/api.w.org\/{rel}","templated":true}]}}