
{"id":107493,"date":"2025-01-07T15:52:20","date_gmt":"2025-01-07T15:53:12","guid":{"rendered":"https:\/\/fireware.nl\/?post_type=product&#038;p=107493"},"modified":"2025-05-21T14:54:46","modified_gmt":"2025-05-21T14:54:46","slug":"trauma-rettungspuppe","status":"publish","type":"product","link":"https:\/\/fireware.nl\/de\/product\/trauma-rettungspuppe\/","title":{"rendered":"Ruth Lee Trauma-Rettungspuppe"},"content":{"rendered":"<h2>Ruth Lee Trainingspuppen<\/h2>\n<p>Ruth Lee Trainingspuppen wurden f\u00fcr realistische und effektive Trainings entwickelt. Diese Puppen sind bekannt f\u00fcr ihre Haltbarkeit und Vielseitigkeit und eignen sich ideal f\u00fcr die Ausbildung von Feuerwehr, Ersthelfern, Rettungsdiensten und anderen Notfalldiensten. Mit Ruth Lee Trainingspuppen lassen sich realistische Szenarien simulieren, wodurch Einsatzkr\u00e4fte besser auf echte Notfallsituationen vorbereitet werden. Das Sortiment umfasst Puppen f\u00fcr verschiedene Trainingszwecke und in unterschiedlichen Gr\u00f6\u00dfen und Gewichten.<\/p>\n<h2>Die erste Trainingspuppe f\u00fcr Rettung und Opferbehandlung<\/h2>\n<p>Diese Trainingspuppe vereint alles, was Sie ben\u00f6tigen. Sie ist robust, f\u00fcr den intensiven Einsatz unter schwierigen Bedingungen konzipiert und eignet sich hervorragend als Opfer in Szenarien wie Verkehrsunf\u00e4llen oder H\u00f6henrettungen. Dar\u00fcber hinaus erm\u00f6glicht die Puppe auch das \u00dcben der Opferbehandlung, wodurch die Arbeit nach der Rettung nahtlos fortgef\u00fchrt werden kann.<\/p>\n<h2>Perfekt f\u00fcr multidisziplin\u00e4re \u00dcbungen<\/h2>\n<p>Wenn die Feuerwehr ein Opfer befreit oder gerettet hat, ist es oft ihre Aufgabe, eine erste Einsch\u00e4tzung des Zustands des Opfers vorzunehmen. Diese Einsch\u00e4tzung wird anschlie\u00dfend an das Rettungspersonal \u00fcbergeben, das die weitere Versorgung \u00fcbernimmt. Mit dieser Trainingspuppe k\u00f6nnen Sie den gesamten Prozess \u00fcben \u2013 von der Rettung bis zur Reanimation und Atemwegsmanagement. Zudem k\u00f6nnen Sie eine offene traumatische Wunde am Oberschenkel behandeln und optional eine Infusion legen, um das Training noch realistischer und umfassender zu gestalten.<\/p>\n<h2>Reanimation und Atemwegsmanagement<\/h2>\n<p>Der Torso der Trainingspuppe ist f\u00fcr die Durchf\u00fchrung von Reanimationen (CPR) ausgelegt und verf\u00fcgt \u00fcber anatomische Orientierungspunkte wie das Brustbein, den Brustkorb und das Sternum. Au\u00dferdem umfasst er detaillierte anatomische Strukturen, darunter:<\/p>\n<ul>\n<li>Z\u00e4hne, Gaumenz\u00e4pfchen und ein vollst\u00e4ndiger Kehlkopf mit Stimmb\u00e4ndern, Glottis, Epiglottis und Aryknorpeln.<\/li>\n<li>Luftr\u00f6hre und Speiser\u00f6hre.<\/li>\n<li>Aufblasbare Lungen und Magen.<\/li>\n<\/ul>\n<p>Dar\u00fcber hinaus unterst\u00fctzt der Torso das Einf\u00fchren einer Nasen-Magensonde und ist mit Atemwegshilfsmitteln wie Combitube\u00ae, E.O.A., E.G.T.A., P.T.L. und i-gel kompatibel.<\/p>\n<h2>Schwere Blutungen<\/h2>\n<p>Die offene traumatische Wunde am Oberschenkel ist speziell daf\u00fcr konzipiert, das korrekte Anlegen eines Tourniquets oder das Verpacken einer Wunde zu trainieren. Der Trainer kann den Blutverlust \u00fcber eine steuerbare Blutpumpe regulieren und die Blutung stoppen, sobald der Trainee die richtige Behandlung durchgef\u00fchrt hat.<\/p>\n<h2>Infusionsm\u00f6glichkeiten<\/h2>\n<p>Die 30 kg schwere Trainingspuppe kann optional mit Funktionen zum Legen von Infusionen ausgestattet werden:<\/p>\n<p>Intraven\u00f6s (IV): Der optionale Trainingsarm erm\u00f6glicht das Legen einer intraven\u00f6sen Infusion. Der Arm verf\u00fcgt \u00fcber eine intramuskul\u00e4re Injektionsstelle am Oberarm sowie \u00fcber Optionen f\u00fcr Venenpunktionen am Arm und an der Hand.<\/p>\n<p>Intraoss\u00e4r (IO): Das optionale IO-Schienbein erlaubt die Verabreichung intraoss\u00e4rer Medikamente, eine entscheidende F\u00e4higkeit bei Reanimationen, Traumata oder Schocks. Das Schienbein verf\u00fcgt \u00fcber tastbare anatomische Orientierungspunkte am proximalen Schienbein, um die Punktionsstelle genau zu bestimmen. Der interne, 3D-gedruckte Knochen bietet realistischen Widerstand, wenn die Nadel in das Knochenmark eindringt. Hergestellt aus hautfreundlichem Prothesensilikon, bietet es ein flexibles, haut\u00e4hnliches Erscheinungsbild und ist robust genug f\u00fcr 80-100 Anwendungen. Das IO-Schienbein wird mit Klettverschluss an der Trainingspuppe befestigt und kann leicht ausgetauscht werden.<\/p>\n","protected":false},"excerpt":{"rendered":"<ul>\n<li>Rettung und Opferbehandlung mit einer einzigen \u00dcbungspuppe<\/li>\n<li>Geeignet f\u00fcr Atemwegsmanagement und Wiederbelebung<\/li>\n<li>Realistische anatomische Orientierungspunkte<\/li>\n<li>Offene traumatische Wunde am Oberschenkel mit Blutungssystem f\u00fcr das Anlegen eines Tourniquets oder die Wundversorgung<\/li>\n<li>Optionale M\u00f6glichkeiten f\u00fcr intraven\u00f6sen Zugang<\/li>\n<li>Robustes und strapazierf\u00e4higes Design<\/li>\n<\/ul>\n","protected":false},"featured_media":107452,"template":"","meta":[],"product_brand":[],"product_cat":[210],"product_tag":[],"class_list":{"0":"post-107493","1":"product","2":"type-product","3":"status-publish","4":"has-post-thumbnail","6":"product_cat-uebungspuppen-technische-hilfeleistung","8":"first","9":"instock","10":"taxable","11":"shipping-taxable","12":"purchasable","13":"product-type-variable"},"yoast_head":"<!-- This site is optimized with the Yoast SEO plugin v27.5 - https:\/\/yoast.com\/product\/yoast-seo-wordpress\/ -->\n<title>Ruth Lee Trauma-Rettungspuppe - FireWare<\/title>\n<meta name=\"robots\" content=\"index, follow, max-snippet:-1, max-image-preview:large, max-video-preview:-1\" \/>\n<link rel=\"canonical\" href=\"https:\/\/fireware.nl\/de\/product\/trauma-rettungspuppe\/\" \/>\n<meta property=\"og:locale\" content=\"de_DE\" \/>\n<meta property=\"og:type\" content=\"article\" \/>\n<meta property=\"og:title\" content=\"Ruth Lee Trauma-Rettungspuppe - FireWare\" \/>\n<meta property=\"og:description\" content=\"Rettung und Opferbehandlung mit einer einzigen \u00dcbungspuppe  Geeignet f\u00fcr Atemwegsmanagement und Wiederbelebung  Realistische anatomische Orientierungspunkte  Offene traumatische Wunde am Oberschenkel mit Blutungssystem f\u00fcr das Anlegen eines Tourniquets oder die Wundversorgung  Optionale M\u00f6glichkeiten f\u00fcr intraven\u00f6sen Zugang  Robustes und strapazierf\u00e4higes Design\" \/>\n<meta property=\"og:url\" content=\"https:\/\/fireware.nl\/de\/product\/trauma-rettungspuppe\/\" \/>\n<meta property=\"og:site_name\" content=\"FireWare\" \/>\n<meta property=\"article:publisher\" content=\"https:\/\/www.facebook.com\/FireWareBV\/\" \/>\n<meta property=\"article:modified_time\" content=\"2025-05-21T14:54:46+00:00\" \/>\n<meta property=\"og:image\" content=\"https:\/\/fireware.nl\/wp-content\/uploads\/2024\/12\/Trauma-Rescue-Manakin_Product-foto_001.jpg\" \/>\n\t<meta property=\"og:image:width\" content=\"600\" \/>\n\t<meta property=\"og:image:height\" content=\"600\" \/>\n\t<meta property=\"og:image:type\" content=\"image\/jpeg\" \/>\n<meta name=\"twitter:card\" content=\"summary_large_image\" \/>\n<meta name=\"twitter:site\" content=\"@FireWarebv\" \/>\n<meta name=\"twitter:label1\" content=\"Gesch\u00e4tzte Lesezeit\" \/>\n\t<meta name=\"twitter:data1\" content=\"3\u00a0Minuten\" \/>\n<script type=\"application\/ld+json\" class=\"yoast-schema-graph\">{\"@context\":\"https:\\\/\\\/schema.org\",\"@graph\":[{\"@type\":\"WebPage\",\"@id\":\"https:\\\/\\\/fireware.nl\\\/de\\\/product\\\/trauma-rettungspuppe\\\/\",\"url\":\"https:\\\/\\\/fireware.nl\\\/de\\\/product\\\/trauma-rettungspuppe\\\/\",\"name\":\"Ruth Lee Trauma-Rettungspuppe - FireWare\",\"isPartOf\":{\"@id\":\"https:\\\/\\\/fireware.nl\\\/de\\\/#website\"},\"primaryImageOfPage\":{\"@id\":\"https:\\\/\\\/fireware.nl\\\/de\\\/product\\\/trauma-rettungspuppe\\\/#primaryimage\"},\"image\":{\"@id\":\"https:\\\/\\\/fireware.nl\\\/de\\\/product\\\/trauma-rettungspuppe\\\/#primaryimage\"},\"thumbnailUrl\":\"https:\\\/\\\/fireware.nl\\\/wp-content\\\/uploads\\\/2024\\\/12\\\/Trauma-Rescue-Manakin_Product-foto_001.jpg\",\"datePublished\":\"2025-01-07T15:53:12+00:00\",\"dateModified\":\"2025-05-21T14:54:46+00:00\",\"breadcrumb\":{\"@id\":\"https:\\\/\\\/fireware.nl\\\/de\\\/product\\\/trauma-rettungspuppe\\\/#breadcrumb\"},\"inLanguage\":\"de\",\"potentialAction\":[{\"@type\":\"ReadAction\",\"target\":[\"https:\\\/\\\/fireware.nl\\\/de\\\/product\\\/trauma-rettungspuppe\\\/\"]}]},{\"@type\":\"ImageObject\",\"inLanguage\":\"de\",\"@id\":\"https:\\\/\\\/fireware.nl\\\/de\\\/product\\\/trauma-rettungspuppe\\\/#primaryimage\",\"url\":\"https:\\\/\\\/fireware.nl\\\/wp-content\\\/uploads\\\/2024\\\/12\\\/Trauma-Rescue-Manakin_Product-foto_001.jpg\",\"contentUrl\":\"https:\\\/\\\/fireware.nl\\\/wp-content\\\/uploads\\\/2024\\\/12\\\/Trauma-Rescue-Manakin_Product-foto_001.jpg\",\"width\":600,\"height\":600},{\"@type\":\"BreadcrumbList\",\"@id\":\"https:\\\/\\\/fireware.nl\\\/de\\\/product\\\/trauma-rettungspuppe\\\/#breadcrumb\",\"itemListElement\":[{\"@type\":\"ListItem\",\"position\":1,\"name\":\"Home\",\"item\":\"https:\\\/\\\/fireware.nl\\\/de\\\/\"},{\"@type\":\"ListItem\",\"position\":2,\"name\":\"Produkte\",\"item\":\"https:\\\/\\\/fireware.nl\\\/de\\\/produkte\\\/\"},{\"@type\":\"ListItem\",\"position\":3,\"name\":\"Ruth Lee Trauma-Rettungspuppe\"}]},{\"@type\":\"WebSite\",\"@id\":\"https:\\\/\\\/fireware.nl\\\/de\\\/#website\",\"url\":\"https:\\\/\\\/fireware.nl\\\/de\\\/\",\"name\":\"FireWare\",\"description\":\"CREATING REALISTIC  TRAINING ENVIRONMENTS\",\"publisher\":{\"@id\":\"https:\\\/\\\/fireware.nl\\\/de\\\/#organization\"},\"potentialAction\":[{\"@type\":\"SearchAction\",\"target\":{\"@type\":\"EntryPoint\",\"urlTemplate\":\"https:\\\/\\\/fireware.nl\\\/de\\\/?s={search_term_string}\"},\"query-input\":{\"@type\":\"PropertyValueSpecification\",\"valueRequired\":true,\"valueName\":\"search_term_string\"}}],\"inLanguage\":\"de\"},{\"@type\":\"Organization\",\"@id\":\"https:\\\/\\\/fireware.nl\\\/de\\\/#organization\",\"name\":\"FireWare\",\"url\":\"https:\\\/\\\/fireware.nl\\\/de\\\/\",\"logo\":{\"@type\":\"ImageObject\",\"inLanguage\":\"de\",\"@id\":\"https:\\\/\\\/fireware.nl\\\/de\\\/#\\\/schema\\\/logo\\\/image\\\/\",\"url\":\"https:\\\/\\\/fireware.nl\\\/wp-content\\\/uploads\\\/2018\\\/10\\\/FireWare-logo.jpg\",\"contentUrl\":\"https:\\\/\\\/fireware.nl\\\/wp-content\\\/uploads\\\/2018\\\/10\\\/FireWare-logo.jpg\",\"width\":171,\"height\":70,\"caption\":\"FireWare\"},\"image\":{\"@id\":\"https:\\\/\\\/fireware.nl\\\/de\\\/#\\\/schema\\\/logo\\\/image\\\/\"},\"sameAs\":[\"https:\\\/\\\/www.facebook.com\\\/FireWareBV\\\/\",\"https:\\\/\\\/x.com\\\/FireWarebv\",\"https:\\\/\\\/www.instagram.com\\\/fireware_nl\\\/\",\"https:\\\/\\\/www.linkedin.com\\\/company\\\/3586017\\\/\",\"https:\\\/\\\/www.youtube.com\\\/user\\\/firesalesrentconsult\"]}]}<\/script>\n<!-- \/ Yoast SEO plugin. -->","yoast_head_json":{"title":"Ruth Lee Trauma-Rettungspuppe - FireWare","robots":{"index":"index","follow":"follow","max-snippet":"max-snippet:-1","max-image-preview":"max-image-preview:large","max-video-preview":"max-video-preview:-1"},"canonical":"https:\/\/fireware.nl\/de\/product\/trauma-rettungspuppe\/","og_locale":"de_DE","og_type":"article","og_title":"Ruth Lee Trauma-Rettungspuppe - FireWare","og_description":"Rettung und Opferbehandlung mit einer einzigen \u00dcbungspuppe  Geeignet f\u00fcr Atemwegsmanagement und Wiederbelebung  Realistische anatomische Orientierungspunkte  Offene traumatische Wunde am Oberschenkel mit Blutungssystem f\u00fcr das Anlegen eines Tourniquets oder die Wundversorgung  Optionale M\u00f6glichkeiten f\u00fcr intraven\u00f6sen Zugang  Robustes und strapazierf\u00e4higes Design","og_url":"https:\/\/fireware.nl\/de\/product\/trauma-rettungspuppe\/","og_site_name":"FireWare","article_publisher":"https:\/\/www.facebook.com\/FireWareBV\/","article_modified_time":"2025-05-21T14:54:46+00:00","og_image":[{"width":600,"height":600,"url":"https:\/\/fireware.nl\/wp-content\/uploads\/2024\/12\/Trauma-Rescue-Manakin_Product-foto_001.jpg","type":"image\/jpeg"}],"twitter_card":"summary_large_image","twitter_site":"@FireWarebv","twitter_misc":{"Gesch\u00e4tzte Lesezeit":"3\u00a0Minuten"},"schema":{"@context":"https:\/\/schema.org","@graph":[{"@type":"WebPage","@id":"https:\/\/fireware.nl\/de\/product\/trauma-rettungspuppe\/","url":"https:\/\/fireware.nl\/de\/product\/trauma-rettungspuppe\/","name":"Ruth Lee Trauma-Rettungspuppe - FireWare","isPartOf":{"@id":"https:\/\/fireware.nl\/de\/#website"},"primaryImageOfPage":{"@id":"https:\/\/fireware.nl\/de\/product\/trauma-rettungspuppe\/#primaryimage"},"image":{"@id":"https:\/\/fireware.nl\/de\/product\/trauma-rettungspuppe\/#primaryimage"},"thumbnailUrl":"https:\/\/fireware.nl\/wp-content\/uploads\/2024\/12\/Trauma-Rescue-Manakin_Product-foto_001.jpg","datePublished":"2025-01-07T15:53:12+00:00","dateModified":"2025-05-21T14:54:46+00:00","breadcrumb":{"@id":"https:\/\/fireware.nl\/de\/product\/trauma-rettungspuppe\/#breadcrumb"},"inLanguage":"de","potentialAction":[{"@type":"ReadAction","target":["https:\/\/fireware.nl\/de\/product\/trauma-rettungspuppe\/"]}]},{"@type":"ImageObject","inLanguage":"de","@id":"https:\/\/fireware.nl\/de\/product\/trauma-rettungspuppe\/#primaryimage","url":"https:\/\/fireware.nl\/wp-content\/uploads\/2024\/12\/Trauma-Rescue-Manakin_Product-foto_001.jpg","contentUrl":"https:\/\/fireware.nl\/wp-content\/uploads\/2024\/12\/Trauma-Rescue-Manakin_Product-foto_001.jpg","width":600,"height":600},{"@type":"BreadcrumbList","@id":"https:\/\/fireware.nl\/de\/product\/trauma-rettungspuppe\/#breadcrumb","itemListElement":[{"@type":"ListItem","position":1,"name":"Home","item":"https:\/\/fireware.nl\/de\/"},{"@type":"ListItem","position":2,"name":"Produkte","item":"https:\/\/fireware.nl\/de\/produkte\/"},{"@type":"ListItem","position":3,"name":"Ruth Lee Trauma-Rettungspuppe"}]},{"@type":"WebSite","@id":"https:\/\/fireware.nl\/de\/#website","url":"https:\/\/fireware.nl\/de\/","name":"FireWare","description":"CREATING REALISTIC  TRAINING ENVIRONMENTS","publisher":{"@id":"https:\/\/fireware.nl\/de\/#organization"},"potentialAction":[{"@type":"SearchAction","target":{"@type":"EntryPoint","urlTemplate":"https:\/\/fireware.nl\/de\/?s={search_term_string}"},"query-input":{"@type":"PropertyValueSpecification","valueRequired":true,"valueName":"search_term_string"}}],"inLanguage":"de"},{"@type":"Organization","@id":"https:\/\/fireware.nl\/de\/#organization","name":"FireWare","url":"https:\/\/fireware.nl\/de\/","logo":{"@type":"ImageObject","inLanguage":"de","@id":"https:\/\/fireware.nl\/de\/#\/schema\/logo\/image\/","url":"https:\/\/fireware.nl\/wp-content\/uploads\/2018\/10\/FireWare-logo.jpg","contentUrl":"https:\/\/fireware.nl\/wp-content\/uploads\/2018\/10\/FireWare-logo.jpg","width":171,"height":70,"caption":"FireWare"},"image":{"@id":"https:\/\/fireware.nl\/de\/#\/schema\/logo\/image\/"},"sameAs":["https:\/\/www.facebook.com\/FireWareBV\/","https:\/\/x.com\/FireWarebv","https:\/\/www.instagram.com\/fireware_nl\/","https:\/\/www.linkedin.com\/company\/3586017\/","https:\/\/www.youtube.com\/user\/firesalesrentconsult"]}]}},"publishpress_future_workflow_manual_trigger":{"enabledWorkflows":[]},"_links":{"self":[{"href":"https:\/\/fireware.nl\/de\/wp-json\/wp\/v2\/product\/107493","targetHints":{"allow":["GET"]}}],"collection":[{"href":"https:\/\/fireware.nl\/de\/wp-json\/wp\/v2\/product"}],"about":[{"href":"https:\/\/fireware.nl\/de\/wp-json\/wp\/v2\/types\/product"}],"wp:featuredmedia":[{"embeddable":true,"href":"https:\/\/fireware.nl\/de\/wp-json\/wp\/v2\/media\/107452"}],"wp:attachment":[{"href":"https:\/\/fireware.nl\/de\/wp-json\/wp\/v2\/media?parent=107493"}],"wp:term":[{"taxonomy":"product_brand","embeddable":true,"href":"https:\/\/fireware.nl\/de\/wp-json\/wp\/v2\/product_brand?post=107493"},{"taxonomy":"product_cat","embeddable":true,"href":"https:\/\/fireware.nl\/de\/wp-json\/wp\/v2\/product_cat?post=107493"},{"taxonomy":"product_tag","embeddable":true,"href":"https:\/\/fireware.nl\/de\/wp-json\/wp\/v2\/product_tag?post=107493"}],"curies":[{"name":"wp","href":"https:\/\/api.w.org\/{rel}","templated":true}]}}