
{"id":115571,"date":"2025-02-21T15:25:39","date_gmt":"2025-02-21T15:32:54","guid":{"rendered":"https:\/\/fireware.nl\/?post_type=product&#038;p=115571"},"modified":"2025-05-21T14:39:25","modified_gmt":"2025-05-21T14:39:25","slug":"verwundeten-evakuierungpuppe","status":"publish","type":"product","link":"https:\/\/fireware.nl\/de\/product\/verwundeten-evakuierungpuppe\/","title":{"rendered":"Verwundeten-Evakuierungpuppe"},"content":{"rendered":"<h2 data-start=\"0\" data-end=\"30\">Ruth Lee Trainingspuppen<\/h2>\n<p data-start=\"32\" data-end=\"551\">Die Ruth Lee Trainingspuppen wurden f\u00fcr realistisches und effektives Training entwickelt. Diese Puppen sind bekannt f\u00fcr ihre Haltbarkeit und Vielseitigkeit und sind ideal f\u00fcr die Ausbildung von Feuerwehrleuten, Ersthelfern, Rettungsdiensten und anderen Hilfsdiensten. Mit Ruth Lee Trainingspuppen k\u00f6nnen realistische Szenarien simuliert werden, sodass Einsatzkr\u00e4fte besser auf echte Notf\u00e4lle vorbereitet sind. Das Sortiment umfasst Puppen f\u00fcr verschiedene Trainingsarten und in unterschiedlichen Gr\u00f6\u00dfen und Gewichten.<\/p>\n<h2 data-start=\"553\" data-end=\"592\">Verletzten-Evakuierungs-Mannequin<\/h2>\n<p data-start=\"594\" data-end=\"947\">Das Verletzten-Evakuierungs-Mannequin wurde speziell f\u00fcr den britischen Firefighter Recruitment Test und den CFOA FireFit Role Based Fitness Test entwickelt. Die Puppe hat realistische Proportionen eines Erwachsenen und eine anatomisch korrekte Gewichtsverteilung, wodurch das Ziehen und Handhaben eines bewusstlosen Opfers realistisch simuliert wird.<\/p>\n<p data-start=\"949\" data-end=\"1439\">Diese Trainingspuppe ist mit einer robusten Webbing-Schlaufe an der R\u00fcckseite ausgestattet, die eine einfache Handhabung, Aufbewahrung und das Aufh\u00e4ngen zum Trocknen erm\u00f6glicht. Die Puppe wird mit Beinsch\u00fctzern und Gummistiefeln geliefert, die bei Abnutzung einfach ersetzt werden k\u00f6nnen. Das Modell besteht au\u00dferdem aus dem gleichen flammenhemmenden Polyester, das in ballistischen\/sto\u00dffesten Westen der Polizei verwendet wird, was zus\u00e4tzliche Festigkeit und Abriebfestigkeit garantiert.<\/p>\n<p data-start=\"1441\" data-end=\"1732\">Die Puppe ist \u00e4u\u00dferst robust und h\u00e4lt extremen Bedingungen stand, wie dem Fallen aus gro\u00dfer H\u00f6he oder dem \u00dcberfahrenwerden, ohne besch\u00e4digt zu werden. Aufgrund ihrer wasserabweisenden Eigenschaften eignet sich diese Puppe f\u00fcr Trainingseinheiten unter nassen oder verschmutzten Bedingungen.<\/p>\n<p data-start=\"1734\" data-end=\"1830\">Zus\u00e4tzliche Beinsch\u00fctzer sind optional erh\u00e4ltlich, um die Lebensdauer der Puppe zu verl\u00e4ngern.<\/p>\n<p data-start=\"1832\" data-end=\"1963\" data-is-last-node=\"\" data-is-only-node=\"\">Mit dieser Trainingspuppe k\u00f6nnen Sie realistisch und effektiv f\u00fcr die physischen Anforderungen der britischen Feuerwehr trainieren!<\/p>\n","protected":false},"excerpt":{"rendered":"<ul>\n<li data-start=\"0\" data-end=\"58\">Speziell f\u00fcr den britischen Firefighter Fitness Test<\/li>\n<li data-start=\"59\" data-end=\"100\">Gr\u00f6\u00dfe: 180 cm, Gewicht: 55 kg<\/li>\n<li data-start=\"101\" data-end=\"178\">Realistische Gewichtsverteilung, die ein bewusstloses Opfer simuliert<\/li>\n<li data-start=\"179\" data-end=\"259\">Starker Webbing-Schlaufe f\u00fcr einfaches Ziehen, Aufbewahren und Aufh\u00e4ngen<\/li>\n<li data-start=\"260\" data-end=\"365\">Hergestellt aus flammenhemmendem, wasserabweisendem Material, geeignet f\u00fcr verschiedene Szenarien<\/li>\n<li data-start=\"366\" data-end=\"428\">Weiche Gelenke verhindern Einklemmen und blaue Flecken<\/li>\n<li data-start=\"429\" data-end=\"525\">Inklusive Beinsch\u00fctzern und austauschbaren Gummistiefeln f\u00fcr zus\u00e4tzliche Haltbarkeit<\/li>\n<li data-start=\"526\" data-end=\"618\" data-is-last-node=\"\">Sehr robust \u2013 widerstandsf\u00e4hig gegen\u00fcber starken St\u00f6\u00dfen, St\u00fcrzen und extremem Training<\/li>\n<\/ul>\n","protected":false},"featured_media":115563,"template":"","meta":[],"product_brand":[],"product_cat":[210],"product_tag":[],"class_list":{"0":"post-115571","1":"product","2":"type-product","3":"status-publish","4":"has-post-thumbnail","6":"product_cat-uebungspuppen-technische-hilfeleistung","8":"first","9":"instock","10":"taxable","11":"shipping-taxable","12":"purchasable","13":"product-type-simple"},"yoast_head":"<!-- This site is optimized with the Yoast SEO plugin v27.5 - https:\/\/yoast.com\/product\/yoast-seo-wordpress\/ -->\n<title>Verwundeten-Evakuierungpuppe - FireWare<\/title>\n<meta name=\"robots\" content=\"index, follow, max-snippet:-1, max-image-preview:large, max-video-preview:-1\" \/>\n<link rel=\"canonical\" href=\"https:\/\/fireware.nl\/de\/product\/verwundeten-evakuierungpuppe\/\" \/>\n<meta property=\"og:locale\" content=\"de_DE\" \/>\n<meta property=\"og:type\" content=\"article\" \/>\n<meta property=\"og:title\" content=\"Verwundeten-Evakuierungpuppe - FireWare\" \/>\n<meta property=\"og:description\" content=\"Speziell f\u00fcr den britischen Firefighter Fitness Test  Gr\u00f6\u00dfe: 180 cm, Gewicht: 55 kg  Realistische Gewichtsverteilung, die ein bewusstloses Opfer simuliert  Starker Webbing-Schlaufe f\u00fcr einfaches Ziehen, Aufbewahren und Aufh\u00e4ngen  Hergestellt aus flammenhemmendem, wasserabweisendem Material, geeignet f\u00fcr verschiedene Szenarien  Weiche Gelenke verhindern Einklemmen und blaue Flecken  Inklusive Beinsch\u00fctzern und austauschbaren Gummistiefeln f\u00fcr zus\u00e4tzliche Haltbarkeit  Sehr robust \u2013 widerstandsf\u00e4hig gegen\u00fcber starken St\u00f6\u00dfen, St\u00fcrzen und extremem Training\" \/>\n<meta property=\"og:url\" content=\"https:\/\/fireware.nl\/de\/product\/verwundeten-evakuierungpuppe\/\" \/>\n<meta property=\"og:site_name\" content=\"FireWare\" \/>\n<meta property=\"article:publisher\" content=\"https:\/\/www.facebook.com\/FireWareBV\/\" \/>\n<meta property=\"article:modified_time\" content=\"2025-05-21T14:39:25+00:00\" \/>\n<meta property=\"og:image\" content=\"https:\/\/fireware.nl\/wp-content\/uploads\/2025\/02\/Casualty-Evacuation-Manikin_Product_004.jpg\" \/>\n\t<meta property=\"og:image:width\" content=\"600\" \/>\n\t<meta property=\"og:image:height\" content=\"600\" \/>\n\t<meta property=\"og:image:type\" content=\"image\/jpeg\" \/>\n<meta name=\"twitter:card\" content=\"summary_large_image\" \/>\n<meta name=\"twitter:site\" content=\"@FireWarebv\" \/>\n<meta name=\"twitter:label1\" content=\"Gesch\u00e4tzte Lesezeit\" \/>\n\t<meta name=\"twitter:data1\" content=\"2\u00a0Minuten\" \/>\n<script type=\"application\/ld+json\" class=\"yoast-schema-graph\">{\"@context\":\"https:\\\/\\\/schema.org\",\"@graph\":[{\"@type\":\"WebPage\",\"@id\":\"https:\\\/\\\/fireware.nl\\\/de\\\/product\\\/verwundeten-evakuierungpuppe\\\/\",\"url\":\"https:\\\/\\\/fireware.nl\\\/de\\\/product\\\/verwundeten-evakuierungpuppe\\\/\",\"name\":\"Verwundeten-Evakuierungpuppe - FireWare\",\"isPartOf\":{\"@id\":\"https:\\\/\\\/fireware.nl\\\/de\\\/#website\"},\"primaryImageOfPage\":{\"@id\":\"https:\\\/\\\/fireware.nl\\\/de\\\/product\\\/verwundeten-evakuierungpuppe\\\/#primaryimage\"},\"image\":{\"@id\":\"https:\\\/\\\/fireware.nl\\\/de\\\/product\\\/verwundeten-evakuierungpuppe\\\/#primaryimage\"},\"thumbnailUrl\":\"https:\\\/\\\/fireware.nl\\\/wp-content\\\/uploads\\\/2025\\\/02\\\/Casualty-Evacuation-Manikin_Product_004.jpg\",\"datePublished\":\"2025-02-21T15:32:54+00:00\",\"dateModified\":\"2025-05-21T14:39:25+00:00\",\"breadcrumb\":{\"@id\":\"https:\\\/\\\/fireware.nl\\\/de\\\/product\\\/verwundeten-evakuierungpuppe\\\/#breadcrumb\"},\"inLanguage\":\"de\",\"potentialAction\":[{\"@type\":\"ReadAction\",\"target\":[\"https:\\\/\\\/fireware.nl\\\/de\\\/product\\\/verwundeten-evakuierungpuppe\\\/\"]}]},{\"@type\":\"ImageObject\",\"inLanguage\":\"de\",\"@id\":\"https:\\\/\\\/fireware.nl\\\/de\\\/product\\\/verwundeten-evakuierungpuppe\\\/#primaryimage\",\"url\":\"https:\\\/\\\/fireware.nl\\\/wp-content\\\/uploads\\\/2025\\\/02\\\/Casualty-Evacuation-Manikin_Product_004.jpg\",\"contentUrl\":\"https:\\\/\\\/fireware.nl\\\/wp-content\\\/uploads\\\/2025\\\/02\\\/Casualty-Evacuation-Manikin_Product_004.jpg\",\"width\":600,\"height\":600},{\"@type\":\"BreadcrumbList\",\"@id\":\"https:\\\/\\\/fireware.nl\\\/de\\\/product\\\/verwundeten-evakuierungpuppe\\\/#breadcrumb\",\"itemListElement\":[{\"@type\":\"ListItem\",\"position\":1,\"name\":\"Home\",\"item\":\"https:\\\/\\\/fireware.nl\\\/de\\\/\"},{\"@type\":\"ListItem\",\"position\":2,\"name\":\"Produkte\",\"item\":\"https:\\\/\\\/fireware.nl\\\/de\\\/produkte\\\/\"},{\"@type\":\"ListItem\",\"position\":3,\"name\":\"Verwundeten-Evakuierungpuppe\"}]},{\"@type\":\"WebSite\",\"@id\":\"https:\\\/\\\/fireware.nl\\\/de\\\/#website\",\"url\":\"https:\\\/\\\/fireware.nl\\\/de\\\/\",\"name\":\"FireWare\",\"description\":\"CREATING REALISTIC  TRAINING ENVIRONMENTS\",\"publisher\":{\"@id\":\"https:\\\/\\\/fireware.nl\\\/de\\\/#organization\"},\"potentialAction\":[{\"@type\":\"SearchAction\",\"target\":{\"@type\":\"EntryPoint\",\"urlTemplate\":\"https:\\\/\\\/fireware.nl\\\/de\\\/?s={search_term_string}\"},\"query-input\":{\"@type\":\"PropertyValueSpecification\",\"valueRequired\":true,\"valueName\":\"search_term_string\"}}],\"inLanguage\":\"de\"},{\"@type\":\"Organization\",\"@id\":\"https:\\\/\\\/fireware.nl\\\/de\\\/#organization\",\"name\":\"FireWare\",\"url\":\"https:\\\/\\\/fireware.nl\\\/de\\\/\",\"logo\":{\"@type\":\"ImageObject\",\"inLanguage\":\"de\",\"@id\":\"https:\\\/\\\/fireware.nl\\\/de\\\/#\\\/schema\\\/logo\\\/image\\\/\",\"url\":\"https:\\\/\\\/fireware.nl\\\/wp-content\\\/uploads\\\/2018\\\/10\\\/FireWare-logo.jpg\",\"contentUrl\":\"https:\\\/\\\/fireware.nl\\\/wp-content\\\/uploads\\\/2018\\\/10\\\/FireWare-logo.jpg\",\"width\":171,\"height\":70,\"caption\":\"FireWare\"},\"image\":{\"@id\":\"https:\\\/\\\/fireware.nl\\\/de\\\/#\\\/schema\\\/logo\\\/image\\\/\"},\"sameAs\":[\"https:\\\/\\\/www.facebook.com\\\/FireWareBV\\\/\",\"https:\\\/\\\/x.com\\\/FireWarebv\",\"https:\\\/\\\/www.instagram.com\\\/fireware_nl\\\/\",\"https:\\\/\\\/www.linkedin.com\\\/company\\\/3586017\\\/\",\"https:\\\/\\\/www.youtube.com\\\/user\\\/firesalesrentconsult\"]}]}<\/script>\n<!-- \/ Yoast SEO plugin. -->","yoast_head_json":{"title":"Verwundeten-Evakuierungpuppe - FireWare","robots":{"index":"index","follow":"follow","max-snippet":"max-snippet:-1","max-image-preview":"max-image-preview:large","max-video-preview":"max-video-preview:-1"},"canonical":"https:\/\/fireware.nl\/de\/product\/verwundeten-evakuierungpuppe\/","og_locale":"de_DE","og_type":"article","og_title":"Verwundeten-Evakuierungpuppe - FireWare","og_description":"Speziell f\u00fcr den britischen Firefighter Fitness Test  Gr\u00f6\u00dfe: 180 cm, Gewicht: 55 kg  Realistische Gewichtsverteilung, die ein bewusstloses Opfer simuliert  Starker Webbing-Schlaufe f\u00fcr einfaches Ziehen, Aufbewahren und Aufh\u00e4ngen  Hergestellt aus flammenhemmendem, wasserabweisendem Material, geeignet f\u00fcr verschiedene Szenarien  Weiche Gelenke verhindern Einklemmen und blaue Flecken  Inklusive Beinsch\u00fctzern und austauschbaren Gummistiefeln f\u00fcr zus\u00e4tzliche Haltbarkeit  Sehr robust \u2013 widerstandsf\u00e4hig gegen\u00fcber starken St\u00f6\u00dfen, St\u00fcrzen und extremem Training","og_url":"https:\/\/fireware.nl\/de\/product\/verwundeten-evakuierungpuppe\/","og_site_name":"FireWare","article_publisher":"https:\/\/www.facebook.com\/FireWareBV\/","article_modified_time":"2025-05-21T14:39:25+00:00","og_image":[{"width":600,"height":600,"url":"https:\/\/fireware.nl\/wp-content\/uploads\/2025\/02\/Casualty-Evacuation-Manikin_Product_004.jpg","type":"image\/jpeg"}],"twitter_card":"summary_large_image","twitter_site":"@FireWarebv","twitter_misc":{"Gesch\u00e4tzte Lesezeit":"2\u00a0Minuten"},"schema":{"@context":"https:\/\/schema.org","@graph":[{"@type":"WebPage","@id":"https:\/\/fireware.nl\/de\/product\/verwundeten-evakuierungpuppe\/","url":"https:\/\/fireware.nl\/de\/product\/verwundeten-evakuierungpuppe\/","name":"Verwundeten-Evakuierungpuppe - FireWare","isPartOf":{"@id":"https:\/\/fireware.nl\/de\/#website"},"primaryImageOfPage":{"@id":"https:\/\/fireware.nl\/de\/product\/verwundeten-evakuierungpuppe\/#primaryimage"},"image":{"@id":"https:\/\/fireware.nl\/de\/product\/verwundeten-evakuierungpuppe\/#primaryimage"},"thumbnailUrl":"https:\/\/fireware.nl\/wp-content\/uploads\/2025\/02\/Casualty-Evacuation-Manikin_Product_004.jpg","datePublished":"2025-02-21T15:32:54+00:00","dateModified":"2025-05-21T14:39:25+00:00","breadcrumb":{"@id":"https:\/\/fireware.nl\/de\/product\/verwundeten-evakuierungpuppe\/#breadcrumb"},"inLanguage":"de","potentialAction":[{"@type":"ReadAction","target":["https:\/\/fireware.nl\/de\/product\/verwundeten-evakuierungpuppe\/"]}]},{"@type":"ImageObject","inLanguage":"de","@id":"https:\/\/fireware.nl\/de\/product\/verwundeten-evakuierungpuppe\/#primaryimage","url":"https:\/\/fireware.nl\/wp-content\/uploads\/2025\/02\/Casualty-Evacuation-Manikin_Product_004.jpg","contentUrl":"https:\/\/fireware.nl\/wp-content\/uploads\/2025\/02\/Casualty-Evacuation-Manikin_Product_004.jpg","width":600,"height":600},{"@type":"BreadcrumbList","@id":"https:\/\/fireware.nl\/de\/product\/verwundeten-evakuierungpuppe\/#breadcrumb","itemListElement":[{"@type":"ListItem","position":1,"name":"Home","item":"https:\/\/fireware.nl\/de\/"},{"@type":"ListItem","position":2,"name":"Produkte","item":"https:\/\/fireware.nl\/de\/produkte\/"},{"@type":"ListItem","position":3,"name":"Verwundeten-Evakuierungpuppe"}]},{"@type":"WebSite","@id":"https:\/\/fireware.nl\/de\/#website","url":"https:\/\/fireware.nl\/de\/","name":"FireWare","description":"CREATING REALISTIC  TRAINING ENVIRONMENTS","publisher":{"@id":"https:\/\/fireware.nl\/de\/#organization"},"potentialAction":[{"@type":"SearchAction","target":{"@type":"EntryPoint","urlTemplate":"https:\/\/fireware.nl\/de\/?s={search_term_string}"},"query-input":{"@type":"PropertyValueSpecification","valueRequired":true,"valueName":"search_term_string"}}],"inLanguage":"de"},{"@type":"Organization","@id":"https:\/\/fireware.nl\/de\/#organization","name":"FireWare","url":"https:\/\/fireware.nl\/de\/","logo":{"@type":"ImageObject","inLanguage":"de","@id":"https:\/\/fireware.nl\/de\/#\/schema\/logo\/image\/","url":"https:\/\/fireware.nl\/wp-content\/uploads\/2018\/10\/FireWare-logo.jpg","contentUrl":"https:\/\/fireware.nl\/wp-content\/uploads\/2018\/10\/FireWare-logo.jpg","width":171,"height":70,"caption":"FireWare"},"image":{"@id":"https:\/\/fireware.nl\/de\/#\/schema\/logo\/image\/"},"sameAs":["https:\/\/www.facebook.com\/FireWareBV\/","https:\/\/x.com\/FireWarebv","https:\/\/www.instagram.com\/fireware_nl\/","https:\/\/www.linkedin.com\/company\/3586017\/","https:\/\/www.youtube.com\/user\/firesalesrentconsult"]}]}},"publishpress_future_workflow_manual_trigger":{"enabledWorkflows":[]},"_links":{"self":[{"href":"https:\/\/fireware.nl\/de\/wp-json\/wp\/v2\/product\/115571","targetHints":{"allow":["GET"]}}],"collection":[{"href":"https:\/\/fireware.nl\/de\/wp-json\/wp\/v2\/product"}],"about":[{"href":"https:\/\/fireware.nl\/de\/wp-json\/wp\/v2\/types\/product"}],"wp:featuredmedia":[{"embeddable":true,"href":"https:\/\/fireware.nl\/de\/wp-json\/wp\/v2\/media\/115563"}],"wp:attachment":[{"href":"https:\/\/fireware.nl\/de\/wp-json\/wp\/v2\/media?parent=115571"}],"wp:term":[{"taxonomy":"product_brand","embeddable":true,"href":"https:\/\/fireware.nl\/de\/wp-json\/wp\/v2\/product_brand?post=115571"},{"taxonomy":"product_cat","embeddable":true,"href":"https:\/\/fireware.nl\/de\/wp-json\/wp\/v2\/product_cat?post=115571"},{"taxonomy":"product_tag","embeddable":true,"href":"https:\/\/fireware.nl\/de\/wp-json\/wp\/v2\/product_tag?post=115571"}],"curies":[{"name":"wp","href":"https:\/\/api.w.org\/{rel}","templated":true}]}}