
{"id":115724,"date":"2023-02-21T14:58:31","date_gmt":"2023-02-21T14:58:31","guid":{"rendered":"https:\/\/fireware.nl\/?post_type=product&#038;p=115724"},"modified":"2025-03-17T09:41:24","modified_gmt":"2025-03-17T09:41:24","slug":"y-splitter-fuer-vesta-feuerloeschtrainer","status":"publish","type":"product","link":"https:\/\/fireware.nl\/de\/product\/y-splitter-fuer-vesta-feuerloeschtrainer\/","title":{"rendered":"Y-Splitter f\u00fcr Vesta Feuerl\u00f6schtrainer"},"content":{"rendered":"<h2 data-start=\"0\" data-end=\"58\">Vesta Y-Splitter \u2013 Gleichzeitiges Laden und Bedienen<\/h2>\n<p data-start=\"60\" data-end=\"346\">Der Vesta Y-Splitter erm\u00f6glicht es, sowohl die Fernbedienung als auch das Ladeger\u00e4t gleichzeitig an Ihren Feuerl\u00f6schtrainer anzuschlie\u00dfen. Ideal f\u00fcr (halb-)feste Installationen, sodass Sie nicht st\u00e4ndig umstecken m\u00fcssen, um aufzuladen. So ist Ihr Vesta jederzeit sofort einsatzbereit.<\/p>\n<h2 data-start=\"348\" data-end=\"402\">F\u00fcr Feuerl\u00f6schtraining in festen Installationen<\/h2>\n<p data-start=\"404\" data-end=\"876\">Der Vesta Feuerl\u00f6schtrainer ist mit einem Akku ausgestattet, sodass Sie \u00fcberall schnell eine \u00dcbung aufbauen k\u00f6nnen. Dieser Akku versorgt die Fernbedienung mit Strom und steuert sowohl das \u00d6ffnen des Gasventils als auch die Z\u00fcndung. Normalerweise trennt man die Fernbedienung vom Ger\u00e4t, um den Akku aufzuladen, und schlie\u00dft das mitgelieferte Ladeger\u00e4t an denselben Anschluss an. Dies ist ideal f\u00fcr den mobilen Einsatz, aber weniger praktisch in einer festen Installation.<\/p>\n<p data-start=\"878\" data-end=\"1048\">Mit dem Y-Splitter k\u00f6nnen Sie sowohl die Fernbedienung als auch das Ladeger\u00e4t gleichzeitig anschlie\u00dfen. So bleibt der Akku immer geladen und Sie k\u00f6nnen sofort loslegen.<\/p>\n<h2 data-start=\"1050\" data-end=\"1118\">Kompatibel mit kabelgebundenen und kabellosen Fernbedienungen<\/h2>\n<p data-start=\"1120\" data-end=\"1398\">Der Y-Splitter ist mit sowohl kabelgebundenen als auch kabellosen Fernbedienungen von Vesta kompatibel. Zudem verf\u00fcgt er \u00fcber einen Ein-\/Ausschalter, mit dem die Fernbedienung deaktiviert werden kann. Dies verhindert eine unbeabsichtigte Aktivierung und erh\u00f6ht die Sicherheit.<\/p>\n<p data-start=\"1400\" data-end=\"1645\" data-is-last-node=\"\" data-is-only-node=\"\">Bei der Nutzung mit der kabellosen Fernbedienung sorgt der Schalter zus\u00e4tzlich daf\u00fcr, dass die Stromversorgung des Empf\u00e4ngers abgeschaltet wird. Dadurch bleibt die Verbindung nicht unn\u00f6tig lange aktiv und unn\u00f6tiger Stromverbrauch wird vermieden.<\/p>\n","protected":false},"excerpt":{"rendered":"<ul>\n<li data-start=\"0\" data-end=\"74\">Geeignet f\u00fcr sowohl kabelgebundene als auch kabellose Fernbedienungen.<\/li>\n<li data-start=\"75\" data-end=\"117\">Ideal f\u00fcr (halb-)feste Installationen.<\/li>\n<li data-start=\"118\" data-end=\"184\">Ausgestattet mit einem Ein-\/Ausschalter f\u00fcr die Fernbedienung.<\/li>\n<li data-start=\"185\" data-end=\"250\">Schlie\u00dft die Fernbedienung und das Ladeger\u00e4t gleichzeitig an.<\/li>\n<li data-start=\"251\" data-end=\"289\" data-is-last-node=\"\">Verhindert unn\u00f6tigen Stromverbrauch.<\/li>\n<\/ul>\n","protected":false},"featured_media":115695,"template":"","meta":[],"product_brand":[],"product_cat":[71,228],"product_tag":[],"class_list":{"0":"post-115724","1":"product","2":"type-product","3":"status-publish","4":"has-post-thumbnail","6":"product_cat-loeschtrainer","7":"product_cat-verkabelung","9":"first","10":"instock","11":"taxable","12":"shipping-taxable","13":"purchasable","14":"product-type-simple"},"yoast_head":"<!-- This site is optimized with the Yoast SEO plugin v27.5 - https:\/\/yoast.com\/product\/yoast-seo-wordpress\/ -->\n<title>Y-Splitter f\u00fcr Vesta Feuerl\u00f6schtrainer - FireWare<\/title>\n<meta name=\"robots\" content=\"index, follow, max-snippet:-1, max-image-preview:large, max-video-preview:-1\" \/>\n<link rel=\"canonical\" href=\"https:\/\/fireware.nl\/de\/product\/y-splitter-fuer-vesta-feuerloeschtrainer\/\" \/>\n<meta property=\"og:locale\" content=\"de_DE\" \/>\n<meta property=\"og:type\" content=\"article\" \/>\n<meta property=\"og:title\" content=\"Y-Splitter f\u00fcr Vesta Feuerl\u00f6schtrainer - FireWare\" \/>\n<meta property=\"og:description\" content=\"Geeignet f\u00fcr sowohl kabelgebundene als auch kabellose Fernbedienungen.  Ideal f\u00fcr (halb-)feste Installationen.  Ausgestattet mit einem Ein-\/Ausschalter f\u00fcr die Fernbedienung.  Schlie\u00dft die Fernbedienung und das Ladeger\u00e4t gleichzeitig an.  Verhindert unn\u00f6tigen Stromverbrauch.\" \/>\n<meta property=\"og:url\" content=\"https:\/\/fireware.nl\/de\/product\/y-splitter-fuer-vesta-feuerloeschtrainer\/\" \/>\n<meta property=\"og:site_name\" content=\"FireWare\" \/>\n<meta property=\"article:publisher\" content=\"https:\/\/www.facebook.com\/FireWareBV\/\" \/>\n<meta property=\"article:modified_time\" content=\"2025-03-17T09:41:24+00:00\" \/>\n<meta property=\"og:image\" content=\"https:\/\/fireware.nl\/wp-content\/uploads\/2025\/02\/20250108-Vesta-Y-splitter-product-fotos_006-008-009-011_web.jpg\" \/>\n\t<meta property=\"og:image:width\" content=\"600\" \/>\n\t<meta property=\"og:image:height\" content=\"600\" \/>\n\t<meta property=\"og:image:type\" content=\"image\/jpeg\" \/>\n<meta name=\"twitter:card\" content=\"summary_large_image\" \/>\n<meta name=\"twitter:site\" content=\"@FireWarebv\" \/>\n<meta name=\"twitter:label1\" content=\"Gesch\u00e4tzte Lesezeit\" \/>\n\t<meta name=\"twitter:data1\" content=\"2\u00a0Minuten\" \/>\n<script type=\"application\/ld+json\" class=\"yoast-schema-graph\">{\"@context\":\"https:\\\/\\\/schema.org\",\"@graph\":[{\"@type\":\"WebPage\",\"@id\":\"https:\\\/\\\/fireware.nl\\\/de\\\/product\\\/y-splitter-fuer-vesta-feuerloeschtrainer\\\/\",\"url\":\"https:\\\/\\\/fireware.nl\\\/de\\\/product\\\/y-splitter-fuer-vesta-feuerloeschtrainer\\\/\",\"name\":\"Y-Splitter f\u00fcr Vesta Feuerl\u00f6schtrainer - FireWare\",\"isPartOf\":{\"@id\":\"https:\\\/\\\/fireware.nl\\\/de\\\/#website\"},\"primaryImageOfPage\":{\"@id\":\"https:\\\/\\\/fireware.nl\\\/de\\\/product\\\/y-splitter-fuer-vesta-feuerloeschtrainer\\\/#primaryimage\"},\"image\":{\"@id\":\"https:\\\/\\\/fireware.nl\\\/de\\\/product\\\/y-splitter-fuer-vesta-feuerloeschtrainer\\\/#primaryimage\"},\"thumbnailUrl\":\"https:\\\/\\\/fireware.nl\\\/wp-content\\\/uploads\\\/2025\\\/02\\\/20250108-Vesta-Y-splitter-product-fotos_006-008-009-011_web.jpg\",\"datePublished\":\"2023-02-21T14:58:31+00:00\",\"dateModified\":\"2025-03-17T09:41:24+00:00\",\"breadcrumb\":{\"@id\":\"https:\\\/\\\/fireware.nl\\\/de\\\/product\\\/y-splitter-fuer-vesta-feuerloeschtrainer\\\/#breadcrumb\"},\"inLanguage\":\"de\",\"potentialAction\":[{\"@type\":\"ReadAction\",\"target\":[\"https:\\\/\\\/fireware.nl\\\/de\\\/product\\\/y-splitter-fuer-vesta-feuerloeschtrainer\\\/\"]}]},{\"@type\":\"ImageObject\",\"inLanguage\":\"de\",\"@id\":\"https:\\\/\\\/fireware.nl\\\/de\\\/product\\\/y-splitter-fuer-vesta-feuerloeschtrainer\\\/#primaryimage\",\"url\":\"https:\\\/\\\/fireware.nl\\\/wp-content\\\/uploads\\\/2025\\\/02\\\/20250108-Vesta-Y-splitter-product-fotos_006-008-009-011_web.jpg\",\"contentUrl\":\"https:\\\/\\\/fireware.nl\\\/wp-content\\\/uploads\\\/2025\\\/02\\\/20250108-Vesta-Y-splitter-product-fotos_006-008-009-011_web.jpg\",\"width\":600,\"height\":600},{\"@type\":\"BreadcrumbList\",\"@id\":\"https:\\\/\\\/fireware.nl\\\/de\\\/product\\\/y-splitter-fuer-vesta-feuerloeschtrainer\\\/#breadcrumb\",\"itemListElement\":[{\"@type\":\"ListItem\",\"position\":1,\"name\":\"Home\",\"item\":\"https:\\\/\\\/fireware.nl\\\/de\\\/\"},{\"@type\":\"ListItem\",\"position\":2,\"name\":\"Produkte\",\"item\":\"https:\\\/\\\/fireware.nl\\\/de\\\/produkte\\\/\"},{\"@type\":\"ListItem\",\"position\":3,\"name\":\"Y-Splitter f\u00fcr Vesta Feuerl\u00f6schtrainer\"}]},{\"@type\":\"WebSite\",\"@id\":\"https:\\\/\\\/fireware.nl\\\/de\\\/#website\",\"url\":\"https:\\\/\\\/fireware.nl\\\/de\\\/\",\"name\":\"FireWare\",\"description\":\"CREATING REALISTIC  TRAINING ENVIRONMENTS\",\"publisher\":{\"@id\":\"https:\\\/\\\/fireware.nl\\\/de\\\/#organization\"},\"potentialAction\":[{\"@type\":\"SearchAction\",\"target\":{\"@type\":\"EntryPoint\",\"urlTemplate\":\"https:\\\/\\\/fireware.nl\\\/de\\\/?s={search_term_string}\"},\"query-input\":{\"@type\":\"PropertyValueSpecification\",\"valueRequired\":true,\"valueName\":\"search_term_string\"}}],\"inLanguage\":\"de\"},{\"@type\":\"Organization\",\"@id\":\"https:\\\/\\\/fireware.nl\\\/de\\\/#organization\",\"name\":\"FireWare\",\"url\":\"https:\\\/\\\/fireware.nl\\\/de\\\/\",\"logo\":{\"@type\":\"ImageObject\",\"inLanguage\":\"de\",\"@id\":\"https:\\\/\\\/fireware.nl\\\/de\\\/#\\\/schema\\\/logo\\\/image\\\/\",\"url\":\"https:\\\/\\\/fireware.nl\\\/wp-content\\\/uploads\\\/2018\\\/10\\\/FireWare-logo.jpg\",\"contentUrl\":\"https:\\\/\\\/fireware.nl\\\/wp-content\\\/uploads\\\/2018\\\/10\\\/FireWare-logo.jpg\",\"width\":171,\"height\":70,\"caption\":\"FireWare\"},\"image\":{\"@id\":\"https:\\\/\\\/fireware.nl\\\/de\\\/#\\\/schema\\\/logo\\\/image\\\/\"},\"sameAs\":[\"https:\\\/\\\/www.facebook.com\\\/FireWareBV\\\/\",\"https:\\\/\\\/x.com\\\/FireWarebv\",\"https:\\\/\\\/www.instagram.com\\\/fireware_nl\\\/\",\"https:\\\/\\\/www.linkedin.com\\\/company\\\/3586017\\\/\",\"https:\\\/\\\/www.youtube.com\\\/user\\\/firesalesrentconsult\"]}]}<\/script>\n<!-- \/ Yoast SEO plugin. -->","yoast_head_json":{"title":"Y-Splitter f\u00fcr Vesta Feuerl\u00f6schtrainer - FireWare","robots":{"index":"index","follow":"follow","max-snippet":"max-snippet:-1","max-image-preview":"max-image-preview:large","max-video-preview":"max-video-preview:-1"},"canonical":"https:\/\/fireware.nl\/de\/product\/y-splitter-fuer-vesta-feuerloeschtrainer\/","og_locale":"de_DE","og_type":"article","og_title":"Y-Splitter f\u00fcr Vesta Feuerl\u00f6schtrainer - FireWare","og_description":"Geeignet f\u00fcr sowohl kabelgebundene als auch kabellose Fernbedienungen.  Ideal f\u00fcr (halb-)feste Installationen.  Ausgestattet mit einem Ein-\/Ausschalter f\u00fcr die Fernbedienung.  Schlie\u00dft die Fernbedienung und das Ladeger\u00e4t gleichzeitig an.  Verhindert unn\u00f6tigen Stromverbrauch.","og_url":"https:\/\/fireware.nl\/de\/product\/y-splitter-fuer-vesta-feuerloeschtrainer\/","og_site_name":"FireWare","article_publisher":"https:\/\/www.facebook.com\/FireWareBV\/","article_modified_time":"2025-03-17T09:41:24+00:00","og_image":[{"width":600,"height":600,"url":"https:\/\/fireware.nl\/wp-content\/uploads\/2025\/02\/20250108-Vesta-Y-splitter-product-fotos_006-008-009-011_web.jpg","type":"image\/jpeg"}],"twitter_card":"summary_large_image","twitter_site":"@FireWarebv","twitter_misc":{"Gesch\u00e4tzte Lesezeit":"2\u00a0Minuten"},"schema":{"@context":"https:\/\/schema.org","@graph":[{"@type":"WebPage","@id":"https:\/\/fireware.nl\/de\/product\/y-splitter-fuer-vesta-feuerloeschtrainer\/","url":"https:\/\/fireware.nl\/de\/product\/y-splitter-fuer-vesta-feuerloeschtrainer\/","name":"Y-Splitter f\u00fcr Vesta Feuerl\u00f6schtrainer - FireWare","isPartOf":{"@id":"https:\/\/fireware.nl\/de\/#website"},"primaryImageOfPage":{"@id":"https:\/\/fireware.nl\/de\/product\/y-splitter-fuer-vesta-feuerloeschtrainer\/#primaryimage"},"image":{"@id":"https:\/\/fireware.nl\/de\/product\/y-splitter-fuer-vesta-feuerloeschtrainer\/#primaryimage"},"thumbnailUrl":"https:\/\/fireware.nl\/wp-content\/uploads\/2025\/02\/20250108-Vesta-Y-splitter-product-fotos_006-008-009-011_web.jpg","datePublished":"2023-02-21T14:58:31+00:00","dateModified":"2025-03-17T09:41:24+00:00","breadcrumb":{"@id":"https:\/\/fireware.nl\/de\/product\/y-splitter-fuer-vesta-feuerloeschtrainer\/#breadcrumb"},"inLanguage":"de","potentialAction":[{"@type":"ReadAction","target":["https:\/\/fireware.nl\/de\/product\/y-splitter-fuer-vesta-feuerloeschtrainer\/"]}]},{"@type":"ImageObject","inLanguage":"de","@id":"https:\/\/fireware.nl\/de\/product\/y-splitter-fuer-vesta-feuerloeschtrainer\/#primaryimage","url":"https:\/\/fireware.nl\/wp-content\/uploads\/2025\/02\/20250108-Vesta-Y-splitter-product-fotos_006-008-009-011_web.jpg","contentUrl":"https:\/\/fireware.nl\/wp-content\/uploads\/2025\/02\/20250108-Vesta-Y-splitter-product-fotos_006-008-009-011_web.jpg","width":600,"height":600},{"@type":"BreadcrumbList","@id":"https:\/\/fireware.nl\/de\/product\/y-splitter-fuer-vesta-feuerloeschtrainer\/#breadcrumb","itemListElement":[{"@type":"ListItem","position":1,"name":"Home","item":"https:\/\/fireware.nl\/de\/"},{"@type":"ListItem","position":2,"name":"Produkte","item":"https:\/\/fireware.nl\/de\/produkte\/"},{"@type":"ListItem","position":3,"name":"Y-Splitter f\u00fcr Vesta Feuerl\u00f6schtrainer"}]},{"@type":"WebSite","@id":"https:\/\/fireware.nl\/de\/#website","url":"https:\/\/fireware.nl\/de\/","name":"FireWare","description":"CREATING REALISTIC  TRAINING ENVIRONMENTS","publisher":{"@id":"https:\/\/fireware.nl\/de\/#organization"},"potentialAction":[{"@type":"SearchAction","target":{"@type":"EntryPoint","urlTemplate":"https:\/\/fireware.nl\/de\/?s={search_term_string}"},"query-input":{"@type":"PropertyValueSpecification","valueRequired":true,"valueName":"search_term_string"}}],"inLanguage":"de"},{"@type":"Organization","@id":"https:\/\/fireware.nl\/de\/#organization","name":"FireWare","url":"https:\/\/fireware.nl\/de\/","logo":{"@type":"ImageObject","inLanguage":"de","@id":"https:\/\/fireware.nl\/de\/#\/schema\/logo\/image\/","url":"https:\/\/fireware.nl\/wp-content\/uploads\/2018\/10\/FireWare-logo.jpg","contentUrl":"https:\/\/fireware.nl\/wp-content\/uploads\/2018\/10\/FireWare-logo.jpg","width":171,"height":70,"caption":"FireWare"},"image":{"@id":"https:\/\/fireware.nl\/de\/#\/schema\/logo\/image\/"},"sameAs":["https:\/\/www.facebook.com\/FireWareBV\/","https:\/\/x.com\/FireWarebv","https:\/\/www.instagram.com\/fireware_nl\/","https:\/\/www.linkedin.com\/company\/3586017\/","https:\/\/www.youtube.com\/user\/firesalesrentconsult"]}]}},"publishpress_future_workflow_manual_trigger":{"enabledWorkflows":[]},"_links":{"self":[{"href":"https:\/\/fireware.nl\/de\/wp-json\/wp\/v2\/product\/115724","targetHints":{"allow":["GET"]}}],"collection":[{"href":"https:\/\/fireware.nl\/de\/wp-json\/wp\/v2\/product"}],"about":[{"href":"https:\/\/fireware.nl\/de\/wp-json\/wp\/v2\/types\/product"}],"wp:featuredmedia":[{"embeddable":true,"href":"https:\/\/fireware.nl\/de\/wp-json\/wp\/v2\/media\/115695"}],"wp:attachment":[{"href":"https:\/\/fireware.nl\/de\/wp-json\/wp\/v2\/media?parent=115724"}],"wp:term":[{"taxonomy":"product_brand","embeddable":true,"href":"https:\/\/fireware.nl\/de\/wp-json\/wp\/v2\/product_brand?post=115724"},{"taxonomy":"product_cat","embeddable":true,"href":"https:\/\/fireware.nl\/de\/wp-json\/wp\/v2\/product_cat?post=115724"},{"taxonomy":"product_tag","embeddable":true,"href":"https:\/\/fireware.nl\/de\/wp-json\/wp\/v2\/product_tag?post=115724"}],"curies":[{"name":"wp","href":"https:\/\/api.w.org\/{rel}","templated":true}]}}