
{"id":129916,"date":"2026-05-05T07:26:06","date_gmt":"2026-05-05T07:26:06","guid":{"rendered":"https:\/\/fireware.nl\/?post_type=product&#038;p=129916"},"modified":"2026-05-05T07:26:42","modified_gmt":"2026-05-05T07:26:42","slug":"spark-zuendlanze","status":"publish","type":"product","link":"https:\/\/fireware.nl\/de\/product\/spark-zuendlanze\/","title":{"rendered":"Spark Z\u00fcndlanze"},"content":{"rendered":"\r\n<p>Die Spark Z\u00fcndlanze bietet eine sichere und einfache M\u00f6glichkeit, gasbetriebene Feuerstellen zu entz\u00fcnden. Die Lanze kommt besonders gut in Kombination mit beispielsweise dem <a href=\"https:\/\/fireware.nl\/de\/produkt\/hybrid-loeschtrainer\/\" target=\"_blank\" rel=\"noopener\">FireWare Hybrid L\u00f6schtrainer<\/a> oder dem <a href=\"https:\/\/fireware.nl\/de\/produkt\/solid-fire-loeschtrainer\/\" target=\"_blank\" rel=\"noopener\">Solid Fire L\u00f6schtrainer<\/a> zur Geltung.<\/p>\r\n<h2 data-start=\"290\" data-end=\"313\">Keine offene Flamme<\/h2>\r\n<p>Fr\u00fcher wurden gasbetriebene Feuerstellen h\u00e4ufig mit einem Z\u00fcndbrenner entz\u00fcndet. Der Nachteil dabei ist die st\u00e4ndig vorhandene offene Flamme. Eine \u00dcbungsumgebung muss sicher sein. Die Nutzung offener Flammen passt nicht dazu und vermittelt den Teilnehmenden ein falsches Signal.<br data-start=\"593\" data-end=\"596\" \/>Mit der Spark Z\u00fcndlanze geh\u00f6rt das der Vergangenheit an. Gasbetriebene Feuerstellen werden per Knopfdruck entz\u00fcndet. Der Funke im Kopf der Lanze sorgt jedes Mal f\u00fcr eine kontrollierte und sichere Z\u00fcndung.<\/p>\r\n<h2 data-start=\"802\" data-end=\"821\">Sicheres Design<\/h2>\r\n<p>Sicherheit war der wichtigste Leitgedanke beim Entwurf der Z\u00fcndlanze. Der Z\u00fcndknopf befindet sich unter einer Abdeckung, um unbeabsichtigte Bedienung zu verhindern. Der Funke wird vollst\u00e4ndig im Kopf der Lanze erzeugt, sodass der Benutzer nicht mit dem Z\u00fcndpunkt in Kontakt kommen kann.<\/p>\r\n<h2 data-start=\"1111\" data-end=\"1123\">Batterie<\/h2>\r\n<p>Die Z\u00fcndlanze funktioniert mit einer leicht austauschbaren 9V-Batterie. Damit geh\u00f6rt der Aufwand mit kleinen Gaskartuschen der Vergangenheit an. Eine Batterie ist standardm\u00e4\u00dfig im Lieferumfang enthalten.<\/p>\r\n<h2 data-start=\"1125\" data-end=\"1328\">Sieh dir das Video an<\/h2>\r\n<p><iframe loading=\"lazy\" src=\"https:\/\/player.vimeo.com\/video\/1136906707?hl=nl&amp;cc_lang_pref=nl&amp;cc_load_policy=1\" width=\"560\" height=\"315\" frameborder=\"0\" allowfullscreen=\"allowfullscreen\"><\/iframe><\/p>\r\n","protected":false},"excerpt":{"rendered":"<ul>\n<li data-start=\"32\" data-end=\"78\">Z\u00fcndlanze f\u00fcr gasbetriebene Feuerstellen<\/li>\n<li data-start=\"81\" data-end=\"142\">Ideal kombinierbar mit dem FireWare Hybrid L\u00f6schtrainer<\/li>\n<li data-start=\"145\" data-end=\"190\">Sicheres Design mit Sicherheitsschalter<\/li>\n<li data-start=\"193\" data-end=\"223\">Mit einer Hand bedienbar<\/li>\n<li data-start=\"226\" data-end=\"251\">Inklusive 9V-Batterie<\/li>\n<\/ul>\n","protected":false},"featured_media":129872,"template":"","meta":[],"product_brand":[],"product_cat":[71,2233],"product_tag":[],"class_list":{"0":"post-129916","1":"product","2":"type-product","3":"status-publish","4":"has-post-thumbnail","6":"product_cat-loeschtrainer","7":"product_cat-neu-bei-fireware","9":"first","10":"instock","11":"taxable","12":"shipping-taxable","13":"purchasable","14":"product-type-simple"},"yoast_head":"<!-- This site is optimized with the Yoast SEO plugin v27.5 - https:\/\/yoast.com\/product\/yoast-seo-wordpress\/ -->\n<title>Spark Z\u00fcndlanze - FireWare<\/title>\n<meta name=\"robots\" content=\"index, follow, max-snippet:-1, max-image-preview:large, max-video-preview:-1\" \/>\n<link rel=\"canonical\" href=\"https:\/\/fireware.nl\/de\/product\/spark-zuendlanze\/\" \/>\n<meta property=\"og:locale\" content=\"de_DE\" \/>\n<meta property=\"og:type\" content=\"article\" \/>\n<meta property=\"og:title\" content=\"Spark Z\u00fcndlanze - FireWare\" \/>\n<meta property=\"og:description\" content=\"Z\u00fcndlanze f\u00fcr gasbetriebene Feuerstellen Ideal kombinierbar mit dem FireWare Hybrid L\u00f6schtrainer Sicheres Design mit Sicherheitsschalter Mit einer Hand bedienbar Inklusive 9V-Batterie\" \/>\n<meta property=\"og:url\" content=\"https:\/\/fireware.nl\/de\/product\/spark-zuendlanze\/\" \/>\n<meta property=\"og:site_name\" content=\"FireWare\" \/>\n<meta property=\"article:publisher\" content=\"https:\/\/www.facebook.com\/FireWareBV\/\" \/>\n<meta property=\"article:modified_time\" content=\"2026-05-05T07:26:42+00:00\" \/>\n<meta property=\"og:image\" content=\"https:\/\/fireware.nl\/wp-content\/uploads\/2025\/11\/20251107-Aansteeklans-Spark_028-1.jpg\" \/>\n\t<meta property=\"og:image:width\" content=\"600\" \/>\n\t<meta property=\"og:image:height\" content=\"600\" \/>\n\t<meta property=\"og:image:type\" content=\"image\/jpeg\" \/>\n<meta name=\"twitter:card\" content=\"summary_large_image\" \/>\n<meta name=\"twitter:site\" content=\"@FireWarebv\" \/>\n<meta name=\"twitter:label1\" content=\"Gesch\u00e4tzte Lesezeit\" \/>\n\t<meta name=\"twitter:data1\" content=\"2\u00a0Minuten\" \/>\n<script type=\"application\/ld+json\" class=\"yoast-schema-graph\">{\"@context\":\"https:\\\/\\\/schema.org\",\"@graph\":[{\"@type\":\"WebPage\",\"@id\":\"https:\\\/\\\/fireware.nl\\\/de\\\/product\\\/spark-zuendlanze\\\/\",\"url\":\"https:\\\/\\\/fireware.nl\\\/de\\\/product\\\/spark-zuendlanze\\\/\",\"name\":\"Spark Z\u00fcndlanze - FireWare\",\"isPartOf\":{\"@id\":\"https:\\\/\\\/fireware.nl\\\/de\\\/#website\"},\"primaryImageOfPage\":{\"@id\":\"https:\\\/\\\/fireware.nl\\\/de\\\/product\\\/spark-zuendlanze\\\/#primaryimage\"},\"image\":{\"@id\":\"https:\\\/\\\/fireware.nl\\\/de\\\/product\\\/spark-zuendlanze\\\/#primaryimage\"},\"thumbnailUrl\":\"https:\\\/\\\/fireware.nl\\\/wp-content\\\/uploads\\\/2025\\\/11\\\/20251107-Aansteeklans-Spark_028-1.jpg\",\"datePublished\":\"2026-05-05T07:26:06+00:00\",\"dateModified\":\"2026-05-05T07:26:42+00:00\",\"breadcrumb\":{\"@id\":\"https:\\\/\\\/fireware.nl\\\/de\\\/product\\\/spark-zuendlanze\\\/#breadcrumb\"},\"inLanguage\":\"de\",\"potentialAction\":[{\"@type\":\"ReadAction\",\"target\":[\"https:\\\/\\\/fireware.nl\\\/de\\\/product\\\/spark-zuendlanze\\\/\"]}]},{\"@type\":\"ImageObject\",\"inLanguage\":\"de\",\"@id\":\"https:\\\/\\\/fireware.nl\\\/de\\\/product\\\/spark-zuendlanze\\\/#primaryimage\",\"url\":\"https:\\\/\\\/fireware.nl\\\/wp-content\\\/uploads\\\/2025\\\/11\\\/20251107-Aansteeklans-Spark_028-1.jpg\",\"contentUrl\":\"https:\\\/\\\/fireware.nl\\\/wp-content\\\/uploads\\\/2025\\\/11\\\/20251107-Aansteeklans-Spark_028-1.jpg\",\"width\":600,\"height\":600},{\"@type\":\"BreadcrumbList\",\"@id\":\"https:\\\/\\\/fireware.nl\\\/de\\\/product\\\/spark-zuendlanze\\\/#breadcrumb\",\"itemListElement\":[{\"@type\":\"ListItem\",\"position\":1,\"name\":\"Home\",\"item\":\"https:\\\/\\\/fireware.nl\\\/de\\\/\"},{\"@type\":\"ListItem\",\"position\":2,\"name\":\"Produkte\",\"item\":\"https:\\\/\\\/fireware.nl\\\/de\\\/produkte\\\/\"},{\"@type\":\"ListItem\",\"position\":3,\"name\":\"Spark Z\u00fcndlanze\"}]},{\"@type\":\"WebSite\",\"@id\":\"https:\\\/\\\/fireware.nl\\\/de\\\/#website\",\"url\":\"https:\\\/\\\/fireware.nl\\\/de\\\/\",\"name\":\"FireWare\",\"description\":\"CREATING REALISTIC  TRAINING ENVIRONMENTS\",\"publisher\":{\"@id\":\"https:\\\/\\\/fireware.nl\\\/de\\\/#organization\"},\"potentialAction\":[{\"@type\":\"SearchAction\",\"target\":{\"@type\":\"EntryPoint\",\"urlTemplate\":\"https:\\\/\\\/fireware.nl\\\/de\\\/?s={search_term_string}\"},\"query-input\":{\"@type\":\"PropertyValueSpecification\",\"valueRequired\":true,\"valueName\":\"search_term_string\"}}],\"inLanguage\":\"de\"},{\"@type\":\"Organization\",\"@id\":\"https:\\\/\\\/fireware.nl\\\/de\\\/#organization\",\"name\":\"FireWare\",\"url\":\"https:\\\/\\\/fireware.nl\\\/de\\\/\",\"logo\":{\"@type\":\"ImageObject\",\"inLanguage\":\"de\",\"@id\":\"https:\\\/\\\/fireware.nl\\\/de\\\/#\\\/schema\\\/logo\\\/image\\\/\",\"url\":\"https:\\\/\\\/fireware.nl\\\/wp-content\\\/uploads\\\/2018\\\/10\\\/FireWare-logo.jpg\",\"contentUrl\":\"https:\\\/\\\/fireware.nl\\\/wp-content\\\/uploads\\\/2018\\\/10\\\/FireWare-logo.jpg\",\"width\":171,\"height\":70,\"caption\":\"FireWare\"},\"image\":{\"@id\":\"https:\\\/\\\/fireware.nl\\\/de\\\/#\\\/schema\\\/logo\\\/image\\\/\"},\"sameAs\":[\"https:\\\/\\\/www.facebook.com\\\/FireWareBV\\\/\",\"https:\\\/\\\/x.com\\\/FireWarebv\",\"https:\\\/\\\/www.instagram.com\\\/fireware_nl\\\/\",\"https:\\\/\\\/www.linkedin.com\\\/company\\\/3586017\\\/\",\"https:\\\/\\\/www.youtube.com\\\/user\\\/firesalesrentconsult\"]}]}<\/script>\n<!-- \/ Yoast SEO plugin. -->","yoast_head_json":{"title":"Spark Z\u00fcndlanze - FireWare","robots":{"index":"index","follow":"follow","max-snippet":"max-snippet:-1","max-image-preview":"max-image-preview:large","max-video-preview":"max-video-preview:-1"},"canonical":"https:\/\/fireware.nl\/de\/product\/spark-zuendlanze\/","og_locale":"de_DE","og_type":"article","og_title":"Spark Z\u00fcndlanze - FireWare","og_description":"Z\u00fcndlanze f\u00fcr gasbetriebene Feuerstellen Ideal kombinierbar mit dem FireWare Hybrid L\u00f6schtrainer Sicheres Design mit Sicherheitsschalter Mit einer Hand bedienbar Inklusive 9V-Batterie","og_url":"https:\/\/fireware.nl\/de\/product\/spark-zuendlanze\/","og_site_name":"FireWare","article_publisher":"https:\/\/www.facebook.com\/FireWareBV\/","article_modified_time":"2026-05-05T07:26:42+00:00","og_image":[{"width":600,"height":600,"url":"https:\/\/fireware.nl\/wp-content\/uploads\/2025\/11\/20251107-Aansteeklans-Spark_028-1.jpg","type":"image\/jpeg"}],"twitter_card":"summary_large_image","twitter_site":"@FireWarebv","twitter_misc":{"Gesch\u00e4tzte Lesezeit":"2\u00a0Minuten"},"schema":{"@context":"https:\/\/schema.org","@graph":[{"@type":"WebPage","@id":"https:\/\/fireware.nl\/de\/product\/spark-zuendlanze\/","url":"https:\/\/fireware.nl\/de\/product\/spark-zuendlanze\/","name":"Spark Z\u00fcndlanze - FireWare","isPartOf":{"@id":"https:\/\/fireware.nl\/de\/#website"},"primaryImageOfPage":{"@id":"https:\/\/fireware.nl\/de\/product\/spark-zuendlanze\/#primaryimage"},"image":{"@id":"https:\/\/fireware.nl\/de\/product\/spark-zuendlanze\/#primaryimage"},"thumbnailUrl":"https:\/\/fireware.nl\/wp-content\/uploads\/2025\/11\/20251107-Aansteeklans-Spark_028-1.jpg","datePublished":"2026-05-05T07:26:06+00:00","dateModified":"2026-05-05T07:26:42+00:00","breadcrumb":{"@id":"https:\/\/fireware.nl\/de\/product\/spark-zuendlanze\/#breadcrumb"},"inLanguage":"de","potentialAction":[{"@type":"ReadAction","target":["https:\/\/fireware.nl\/de\/product\/spark-zuendlanze\/"]}]},{"@type":"ImageObject","inLanguage":"de","@id":"https:\/\/fireware.nl\/de\/product\/spark-zuendlanze\/#primaryimage","url":"https:\/\/fireware.nl\/wp-content\/uploads\/2025\/11\/20251107-Aansteeklans-Spark_028-1.jpg","contentUrl":"https:\/\/fireware.nl\/wp-content\/uploads\/2025\/11\/20251107-Aansteeklans-Spark_028-1.jpg","width":600,"height":600},{"@type":"BreadcrumbList","@id":"https:\/\/fireware.nl\/de\/product\/spark-zuendlanze\/#breadcrumb","itemListElement":[{"@type":"ListItem","position":1,"name":"Home","item":"https:\/\/fireware.nl\/de\/"},{"@type":"ListItem","position":2,"name":"Produkte","item":"https:\/\/fireware.nl\/de\/produkte\/"},{"@type":"ListItem","position":3,"name":"Spark Z\u00fcndlanze"}]},{"@type":"WebSite","@id":"https:\/\/fireware.nl\/de\/#website","url":"https:\/\/fireware.nl\/de\/","name":"FireWare","description":"CREATING REALISTIC  TRAINING ENVIRONMENTS","publisher":{"@id":"https:\/\/fireware.nl\/de\/#organization"},"potentialAction":[{"@type":"SearchAction","target":{"@type":"EntryPoint","urlTemplate":"https:\/\/fireware.nl\/de\/?s={search_term_string}"},"query-input":{"@type":"PropertyValueSpecification","valueRequired":true,"valueName":"search_term_string"}}],"inLanguage":"de"},{"@type":"Organization","@id":"https:\/\/fireware.nl\/de\/#organization","name":"FireWare","url":"https:\/\/fireware.nl\/de\/","logo":{"@type":"ImageObject","inLanguage":"de","@id":"https:\/\/fireware.nl\/de\/#\/schema\/logo\/image\/","url":"https:\/\/fireware.nl\/wp-content\/uploads\/2018\/10\/FireWare-logo.jpg","contentUrl":"https:\/\/fireware.nl\/wp-content\/uploads\/2018\/10\/FireWare-logo.jpg","width":171,"height":70,"caption":"FireWare"},"image":{"@id":"https:\/\/fireware.nl\/de\/#\/schema\/logo\/image\/"},"sameAs":["https:\/\/www.facebook.com\/FireWareBV\/","https:\/\/x.com\/FireWarebv","https:\/\/www.instagram.com\/fireware_nl\/","https:\/\/www.linkedin.com\/company\/3586017\/","https:\/\/www.youtube.com\/user\/firesalesrentconsult"]}]}},"publishpress_future_workflow_manual_trigger":{"enabledWorkflows":[]},"_links":{"self":[{"href":"https:\/\/fireware.nl\/de\/wp-json\/wp\/v2\/product\/129916","targetHints":{"allow":["GET"]}}],"collection":[{"href":"https:\/\/fireware.nl\/de\/wp-json\/wp\/v2\/product"}],"about":[{"href":"https:\/\/fireware.nl\/de\/wp-json\/wp\/v2\/types\/product"}],"wp:featuredmedia":[{"embeddable":true,"href":"https:\/\/fireware.nl\/de\/wp-json\/wp\/v2\/media\/129872"}],"wp:attachment":[{"href":"https:\/\/fireware.nl\/de\/wp-json\/wp\/v2\/media?parent=129916"}],"wp:term":[{"taxonomy":"product_brand","embeddable":true,"href":"https:\/\/fireware.nl\/de\/wp-json\/wp\/v2\/product_brand?post=129916"},{"taxonomy":"product_cat","embeddable":true,"href":"https:\/\/fireware.nl\/de\/wp-json\/wp\/v2\/product_cat?post=129916"},{"taxonomy":"product_tag","embeddable":true,"href":"https:\/\/fireware.nl\/de\/wp-json\/wp\/v2\/product_tag?post=129916"}],"curies":[{"name":"wp","href":"https:\/\/api.w.org\/{rel}","templated":true}]}}