
{"id":131035,"date":"2026-03-09T10:15:34","date_gmt":"2026-03-09T10:15:34","guid":{"rendered":"https:\/\/fireware.nl\/?post_type=product&#038;p=131035"},"modified":"2026-03-10T11:08:06","modified_gmt":"2026-03-10T11:08:06","slug":"ruth-lee-trauma-simulationskit","status":"publish","type":"product","link":"https:\/\/fireware.nl\/de\/product\/ruth-lee-trauma-simulationskit\/","title":{"rendered":"Ruth Lee Trauma-Simulationskit"},"content":{"rendered":"<h2 data-start=\"109\" data-end=\"136\">Ruth Lee \u00dcbungspuppen<\/h2>\n<p data-start=\"138\" data-end=\"678\">Ruth Lee \u00dcbungspuppen wurden f\u00fcr ein realistisches und effektives Training entwickelt. Diese \u00dcbungspuppen sind bekannt f\u00fcr ihre Langlebigkeit und Vielseitigkeit und eignen sich ideal f\u00fcr die Ausbildung von Feuerwehren, Betriebshelfern (BHV), Rettungsdiensten und anderen Einsatzkr\u00e4ften. Mit Ruth Lee \u00dcbungspuppen lassen sich realistische Szenarien simulieren, sodass Einsatzkr\u00e4fte optimal auf echte Notf\u00e4lle vorbereitet werden. Das Sortiment umfasst Puppen f\u00fcr unterschiedliche Trainingszwecke in verschiedenen Gr\u00f6\u00dfen und Gewichtsklassen.<\/p>\n<h2 data-start=\"685\" data-end=\"744\">Realistische Verletzungen in Ihr Szenario integrieren<\/h2>\n<p data-start=\"746\" data-end=\"1122\">Das Ruth Lee Trauma Simulation Kit ist eine Erweiterung f\u00fcr die <a href=\"https:\/\/fireware.nl\/de\/product\/multitrauma-manikin\/\" target=\"_blank\" rel=\"noopener\">Ruth Lee Multitrauma-\u00dcbungspuppe<\/a>, mit der sich realistische Verletzungen in Trainingsszenarien integrieren lassen. Mit diesem Set wird aus einer Standard\u00fcbung ein intensives und praxisnahes Traumatraining. Die Teilnehmenden erkennen sofort die Situation und m\u00fcssen entsprechend handeln \u2013 wie im realen Einsatz.<\/p>\n<h2 data-start=\"1129\" data-end=\"1173\">Was enth\u00e4lt das Trauma Simulation Kit?<\/h2>\n<p data-start=\"1175\" data-end=\"1317\">Das Set besteht aus drei separaten Verletzungsmodulen. Alle Module sind mit einem System ausgestattet, das realistische Blutungen simuliert.<\/p>\n<h3 data-start=\"1319\" data-end=\"1477\">Beinamputation<\/h3>\n<p data-start=\"1319\" data-end=\"1477\">Geeignet zum \u00dcben der Versorgung starker Blutungen sowie zur korrekten Anwendung eines Tourniquets oder eines h\u00e4mostatischen Verbandes.<\/p>\n<h3 data-start=\"1479\" data-end=\"1565\">Armamputation<\/h3>\n<p data-start=\"1479\" data-end=\"1565\">Zur Schulung der schnellen Blutungskontrolle und Wundversorgung.<\/p>\n<h3 data-start=\"1567\" data-end=\"1720\">Brustverletzung<\/h3>\n<p data-start=\"1567\" data-end=\"1720\">Erm\u00f6glicht die Simulation einer Stich- oder Schussverletzung. Die Verletzung ist deutlich sichtbar und f\u00fchlt sich realistisch an.<\/p>\n<p data-start=\"1722\" data-end=\"1917\">Die Ausbilderin oder der Ausbilder kann selbst bestimmen, wie viel Blut austritt. So kann die \u00dcbung schrittweise aufgebaut oder gezielt zus\u00e4tzlicher Druck auf die Teilnehmenden ausge\u00fcbt werden.<\/p>\n<h2 data-start=\"1924\" data-end=\"1966\">Praxisnahes Training unter Zeitdruck<\/h2>\n<p data-start=\"1968\" data-end=\"2257\">Durch den Einsatz sichtbarer Verletzungen und Blutungen entsteht sofort mehr Stress und Realismus im Szenario. Die Teilnehmenden m\u00fcssen Entscheidungen treffen, zusammenarbeiten und Ma\u00dfnahmen durchf\u00fchren \u2013 genau wie im realen Einsatz. Dadurch wird das Training effektiver und praxisn\u00e4her.<\/p>\n<h2 data-start=\"2264\" data-end=\"2297\">Geeignet unter anderem f\u00fcr:<\/h2>\n<ul>\n<li data-start=\"2301\" data-end=\"2341\">Feuerwehr und technische Hilfeleistung<\/li>\n<li data-start=\"2344\" data-end=\"2388\">Betriebshelfer und Erste-Hilfe-Teams<\/li>\n<li data-start=\"2391\" data-end=\"2408\">Rettungsdienste<\/li>\n<li data-start=\"2411\" data-end=\"2455\">Milit\u00e4r und weitere Rettungsorganisationen<\/li>\n<\/ul>\n","protected":false},"excerpt":{"rendered":"<ul>\n<li data-start=\"64\" data-end=\"120\">Realistische Traumamodule f\u00fcr das Verletzungstraining;<\/li>\n<li data-start=\"123\" data-end=\"171\">Simulation aktiver Blutungen und Amputationen;<\/li>\n<li data-start=\"174\" data-end=\"221\">Module f\u00fcr Arm-, Bein- und Brustverletzungen;<\/li>\n<li data-start=\"224\" data-end=\"297\">Entwickelt f\u00fcr die Verwendung mit der <a href=\"https:\/\/fireware.nl\/de\/product\/multitrauma-manikin\/\" target=\"_blank\" rel=\"noopener\">Ruth Lee Multitrauma Manikin<\/a>;<\/li>\n<li data-start=\"224\" data-end=\"297\">Das Arm- und Beinmodul ist auch f\u00fcr die <a href=\"https:\/\/fireware.nl\/de\/product\/confined-space-ubungspuppe\/\" target=\"_blank\" rel=\"noopener\">Ruth Lee Confined Space \u00dcbungspuppe<\/a> und die <a href=\"https:\/\/fireware.nl\/de\/product\/ubungspuppe-patientenpflege\/\" target=\"_blank\" rel=\"noopener\">Ruth Lee \u00dcbungspuppe Patientenpflege<\/a> geeignet.<\/li>\n<li data-start=\"300\" data-end=\"345\">Schnell aufzubauen und einfach zu reinigen.<\/li>\n<\/ul>\n","protected":false},"featured_media":131243,"template":"","meta":[],"product_brand":[],"product_cat":[2884,2233,2988],"product_tag":[],"class_list":{"0":"post-131035","1":"product","2":"type-product","3":"status-publish","4":"has-post-thumbnail","6":"product_cat-kleidung","7":"product_cat-neu-bei-fireware","8":"product_cat-puppenzubehoer-de","10":"first","11":"instock","12":"taxable","13":"shipping-taxable","14":"purchasable","15":"product-type-simple"},"yoast_head":"<!-- This site is optimized with the Yoast SEO plugin v27.5 - https:\/\/yoast.com\/product\/yoast-seo-wordpress\/ -->\n<title>Ruth Lee Trauma-Simulationskit - FireWare<\/title>\n<meta name=\"robots\" content=\"index, follow, max-snippet:-1, max-image-preview:large, max-video-preview:-1\" \/>\n<link rel=\"canonical\" href=\"https:\/\/fireware.nl\/de\/product\/ruth-lee-trauma-simulationskit\/\" \/>\n<meta property=\"og:locale\" content=\"de_DE\" \/>\n<meta property=\"og:type\" content=\"article\" \/>\n<meta property=\"og:title\" content=\"Ruth Lee Trauma-Simulationskit - FireWare\" \/>\n<meta property=\"og:description\" content=\"Realistische Traumamodule f\u00fcr das Verletzungstraining;  Simulation aktiver Blutungen und Amputationen;  Module f\u00fcr Arm-, Bein- und Brustverletzungen;  Entwickelt f\u00fcr die Verwendung mit der Ruth Lee Multitrauma Manikin;  Das Arm- und Beinmodul ist auch f\u00fcr die Ruth Lee Confined Space \u00dcbungspuppe und die Ruth Lee \u00dcbungspuppe Patientenpflege geeignet.  Schnell aufzubauen und einfach zu reinigen.\" \/>\n<meta property=\"og:url\" content=\"https:\/\/fireware.nl\/de\/product\/ruth-lee-trauma-simulationskit\/\" \/>\n<meta property=\"og:site_name\" content=\"FireWare\" \/>\n<meta property=\"article:publisher\" content=\"https:\/\/www.facebook.com\/FireWareBV\/\" \/>\n<meta property=\"article:modified_time\" content=\"2026-03-10T11:08:06+00:00\" \/>\n<meta property=\"og:image\" content=\"https:\/\/fireware.nl\/wp-content\/uploads\/2026\/02\/000-000-000-Ruth-Lee-Trauma-Simulation-Kit.jpg\" \/>\n\t<meta property=\"og:image:width\" content=\"600\" \/>\n\t<meta property=\"og:image:height\" content=\"600\" \/>\n\t<meta property=\"og:image:type\" content=\"image\/jpeg\" \/>\n<meta name=\"twitter:card\" content=\"summary_large_image\" \/>\n<meta name=\"twitter:site\" content=\"@FireWarebv\" \/>\n<meta name=\"twitter:label1\" content=\"Gesch\u00e4tzte Lesezeit\" \/>\n\t<meta name=\"twitter:data1\" content=\"2\u00a0Minuten\" \/>\n<script type=\"application\/ld+json\" class=\"yoast-schema-graph\">{\"@context\":\"https:\\\/\\\/schema.org\",\"@graph\":[{\"@type\":\"WebPage\",\"@id\":\"https:\\\/\\\/fireware.nl\\\/de\\\/product\\\/ruth-lee-trauma-simulationskit\\\/\",\"url\":\"https:\\\/\\\/fireware.nl\\\/de\\\/product\\\/ruth-lee-trauma-simulationskit\\\/\",\"name\":\"Ruth Lee Trauma-Simulationskit - FireWare\",\"isPartOf\":{\"@id\":\"https:\\\/\\\/fireware.nl\\\/de\\\/#website\"},\"primaryImageOfPage\":{\"@id\":\"https:\\\/\\\/fireware.nl\\\/de\\\/product\\\/ruth-lee-trauma-simulationskit\\\/#primaryimage\"},\"image\":{\"@id\":\"https:\\\/\\\/fireware.nl\\\/de\\\/product\\\/ruth-lee-trauma-simulationskit\\\/#primaryimage\"},\"thumbnailUrl\":\"https:\\\/\\\/fireware.nl\\\/wp-content\\\/uploads\\\/2026\\\/02\\\/000-000-000-Ruth-Lee-Trauma-Simulation-Kit.jpg\",\"datePublished\":\"2026-03-09T10:15:34+00:00\",\"dateModified\":\"2026-03-10T11:08:06+00:00\",\"breadcrumb\":{\"@id\":\"https:\\\/\\\/fireware.nl\\\/de\\\/product\\\/ruth-lee-trauma-simulationskit\\\/#breadcrumb\"},\"inLanguage\":\"de\",\"potentialAction\":[{\"@type\":\"ReadAction\",\"target\":[\"https:\\\/\\\/fireware.nl\\\/de\\\/product\\\/ruth-lee-trauma-simulationskit\\\/\"]}]},{\"@type\":\"ImageObject\",\"inLanguage\":\"de\",\"@id\":\"https:\\\/\\\/fireware.nl\\\/de\\\/product\\\/ruth-lee-trauma-simulationskit\\\/#primaryimage\",\"url\":\"https:\\\/\\\/fireware.nl\\\/wp-content\\\/uploads\\\/2026\\\/02\\\/000-000-000-Ruth-Lee-Trauma-Simulation-Kit.jpg\",\"contentUrl\":\"https:\\\/\\\/fireware.nl\\\/wp-content\\\/uploads\\\/2026\\\/02\\\/000-000-000-Ruth-Lee-Trauma-Simulation-Kit.jpg\",\"width\":600,\"height\":600},{\"@type\":\"BreadcrumbList\",\"@id\":\"https:\\\/\\\/fireware.nl\\\/de\\\/product\\\/ruth-lee-trauma-simulationskit\\\/#breadcrumb\",\"itemListElement\":[{\"@type\":\"ListItem\",\"position\":1,\"name\":\"Home\",\"item\":\"https:\\\/\\\/fireware.nl\\\/de\\\/\"},{\"@type\":\"ListItem\",\"position\":2,\"name\":\"Produkte\",\"item\":\"https:\\\/\\\/fireware.nl\\\/de\\\/produkte\\\/\"},{\"@type\":\"ListItem\",\"position\":3,\"name\":\"Ruth Lee Trauma-Simulationskit\"}]},{\"@type\":\"WebSite\",\"@id\":\"https:\\\/\\\/fireware.nl\\\/de\\\/#website\",\"url\":\"https:\\\/\\\/fireware.nl\\\/de\\\/\",\"name\":\"FireWare\",\"description\":\"CREATING REALISTIC  TRAINING ENVIRONMENTS\",\"publisher\":{\"@id\":\"https:\\\/\\\/fireware.nl\\\/de\\\/#organization\"},\"potentialAction\":[{\"@type\":\"SearchAction\",\"target\":{\"@type\":\"EntryPoint\",\"urlTemplate\":\"https:\\\/\\\/fireware.nl\\\/de\\\/?s={search_term_string}\"},\"query-input\":{\"@type\":\"PropertyValueSpecification\",\"valueRequired\":true,\"valueName\":\"search_term_string\"}}],\"inLanguage\":\"de\"},{\"@type\":\"Organization\",\"@id\":\"https:\\\/\\\/fireware.nl\\\/de\\\/#organization\",\"name\":\"FireWare\",\"url\":\"https:\\\/\\\/fireware.nl\\\/de\\\/\",\"logo\":{\"@type\":\"ImageObject\",\"inLanguage\":\"de\",\"@id\":\"https:\\\/\\\/fireware.nl\\\/de\\\/#\\\/schema\\\/logo\\\/image\\\/\",\"url\":\"https:\\\/\\\/fireware.nl\\\/wp-content\\\/uploads\\\/2018\\\/10\\\/FireWare-logo.jpg\",\"contentUrl\":\"https:\\\/\\\/fireware.nl\\\/wp-content\\\/uploads\\\/2018\\\/10\\\/FireWare-logo.jpg\",\"width\":171,\"height\":70,\"caption\":\"FireWare\"},\"image\":{\"@id\":\"https:\\\/\\\/fireware.nl\\\/de\\\/#\\\/schema\\\/logo\\\/image\\\/\"},\"sameAs\":[\"https:\\\/\\\/www.facebook.com\\\/FireWareBV\\\/\",\"https:\\\/\\\/x.com\\\/FireWarebv\",\"https:\\\/\\\/www.instagram.com\\\/fireware_nl\\\/\",\"https:\\\/\\\/www.linkedin.com\\\/company\\\/3586017\\\/\",\"https:\\\/\\\/www.youtube.com\\\/user\\\/firesalesrentconsult\"]}]}<\/script>\n<!-- \/ Yoast SEO plugin. -->","yoast_head_json":{"title":"Ruth Lee Trauma-Simulationskit - FireWare","robots":{"index":"index","follow":"follow","max-snippet":"max-snippet:-1","max-image-preview":"max-image-preview:large","max-video-preview":"max-video-preview:-1"},"canonical":"https:\/\/fireware.nl\/de\/product\/ruth-lee-trauma-simulationskit\/","og_locale":"de_DE","og_type":"article","og_title":"Ruth Lee Trauma-Simulationskit - FireWare","og_description":"Realistische Traumamodule f\u00fcr das Verletzungstraining;  Simulation aktiver Blutungen und Amputationen;  Module f\u00fcr Arm-, Bein- und Brustverletzungen;  Entwickelt f\u00fcr die Verwendung mit der Ruth Lee Multitrauma Manikin;  Das Arm- und Beinmodul ist auch f\u00fcr die Ruth Lee Confined Space \u00dcbungspuppe und die Ruth Lee \u00dcbungspuppe Patientenpflege geeignet.  Schnell aufzubauen und einfach zu reinigen.","og_url":"https:\/\/fireware.nl\/de\/product\/ruth-lee-trauma-simulationskit\/","og_site_name":"FireWare","article_publisher":"https:\/\/www.facebook.com\/FireWareBV\/","article_modified_time":"2026-03-10T11:08:06+00:00","og_image":[{"width":600,"height":600,"url":"https:\/\/fireware.nl\/wp-content\/uploads\/2026\/02\/000-000-000-Ruth-Lee-Trauma-Simulation-Kit.jpg","type":"image\/jpeg"}],"twitter_card":"summary_large_image","twitter_site":"@FireWarebv","twitter_misc":{"Gesch\u00e4tzte Lesezeit":"2\u00a0Minuten"},"schema":{"@context":"https:\/\/schema.org","@graph":[{"@type":"WebPage","@id":"https:\/\/fireware.nl\/de\/product\/ruth-lee-trauma-simulationskit\/","url":"https:\/\/fireware.nl\/de\/product\/ruth-lee-trauma-simulationskit\/","name":"Ruth Lee Trauma-Simulationskit - FireWare","isPartOf":{"@id":"https:\/\/fireware.nl\/de\/#website"},"primaryImageOfPage":{"@id":"https:\/\/fireware.nl\/de\/product\/ruth-lee-trauma-simulationskit\/#primaryimage"},"image":{"@id":"https:\/\/fireware.nl\/de\/product\/ruth-lee-trauma-simulationskit\/#primaryimage"},"thumbnailUrl":"https:\/\/fireware.nl\/wp-content\/uploads\/2026\/02\/000-000-000-Ruth-Lee-Trauma-Simulation-Kit.jpg","datePublished":"2026-03-09T10:15:34+00:00","dateModified":"2026-03-10T11:08:06+00:00","breadcrumb":{"@id":"https:\/\/fireware.nl\/de\/product\/ruth-lee-trauma-simulationskit\/#breadcrumb"},"inLanguage":"de","potentialAction":[{"@type":"ReadAction","target":["https:\/\/fireware.nl\/de\/product\/ruth-lee-trauma-simulationskit\/"]}]},{"@type":"ImageObject","inLanguage":"de","@id":"https:\/\/fireware.nl\/de\/product\/ruth-lee-trauma-simulationskit\/#primaryimage","url":"https:\/\/fireware.nl\/wp-content\/uploads\/2026\/02\/000-000-000-Ruth-Lee-Trauma-Simulation-Kit.jpg","contentUrl":"https:\/\/fireware.nl\/wp-content\/uploads\/2026\/02\/000-000-000-Ruth-Lee-Trauma-Simulation-Kit.jpg","width":600,"height":600},{"@type":"BreadcrumbList","@id":"https:\/\/fireware.nl\/de\/product\/ruth-lee-trauma-simulationskit\/#breadcrumb","itemListElement":[{"@type":"ListItem","position":1,"name":"Home","item":"https:\/\/fireware.nl\/de\/"},{"@type":"ListItem","position":2,"name":"Produkte","item":"https:\/\/fireware.nl\/de\/produkte\/"},{"@type":"ListItem","position":3,"name":"Ruth Lee Trauma-Simulationskit"}]},{"@type":"WebSite","@id":"https:\/\/fireware.nl\/de\/#website","url":"https:\/\/fireware.nl\/de\/","name":"FireWare","description":"CREATING REALISTIC  TRAINING ENVIRONMENTS","publisher":{"@id":"https:\/\/fireware.nl\/de\/#organization"},"potentialAction":[{"@type":"SearchAction","target":{"@type":"EntryPoint","urlTemplate":"https:\/\/fireware.nl\/de\/?s={search_term_string}"},"query-input":{"@type":"PropertyValueSpecification","valueRequired":true,"valueName":"search_term_string"}}],"inLanguage":"de"},{"@type":"Organization","@id":"https:\/\/fireware.nl\/de\/#organization","name":"FireWare","url":"https:\/\/fireware.nl\/de\/","logo":{"@type":"ImageObject","inLanguage":"de","@id":"https:\/\/fireware.nl\/de\/#\/schema\/logo\/image\/","url":"https:\/\/fireware.nl\/wp-content\/uploads\/2018\/10\/FireWare-logo.jpg","contentUrl":"https:\/\/fireware.nl\/wp-content\/uploads\/2018\/10\/FireWare-logo.jpg","width":171,"height":70,"caption":"FireWare"},"image":{"@id":"https:\/\/fireware.nl\/de\/#\/schema\/logo\/image\/"},"sameAs":["https:\/\/www.facebook.com\/FireWareBV\/","https:\/\/x.com\/FireWarebv","https:\/\/www.instagram.com\/fireware_nl\/","https:\/\/www.linkedin.com\/company\/3586017\/","https:\/\/www.youtube.com\/user\/firesalesrentconsult"]}]}},"publishpress_future_workflow_manual_trigger":{"enabledWorkflows":[]},"_links":{"self":[{"href":"https:\/\/fireware.nl\/de\/wp-json\/wp\/v2\/product\/131035","targetHints":{"allow":["GET"]}}],"collection":[{"href":"https:\/\/fireware.nl\/de\/wp-json\/wp\/v2\/product"}],"about":[{"href":"https:\/\/fireware.nl\/de\/wp-json\/wp\/v2\/types\/product"}],"wp:featuredmedia":[{"embeddable":true,"href":"https:\/\/fireware.nl\/de\/wp-json\/wp\/v2\/media\/131243"}],"wp:attachment":[{"href":"https:\/\/fireware.nl\/de\/wp-json\/wp\/v2\/media?parent=131035"}],"wp:term":[{"taxonomy":"product_brand","embeddable":true,"href":"https:\/\/fireware.nl\/de\/wp-json\/wp\/v2\/product_brand?post=131035"},{"taxonomy":"product_cat","embeddable":true,"href":"https:\/\/fireware.nl\/de\/wp-json\/wp\/v2\/product_cat?post=131035"},{"taxonomy":"product_tag","embeddable":true,"href":"https:\/\/fireware.nl\/de\/wp-json\/wp\/v2\/product_tag?post=131035"}],"curies":[{"name":"wp","href":"https:\/\/api.w.org\/{rel}","templated":true}]}}