
{"id":18873,"date":"2019-01-23T12:15:29","date_gmt":"2019-02-01T07:47:07","guid":{"rendered":"http:\/\/fireware.sites.hyperhosting.co\/?post_type=product&#038;p=18873"},"modified":"2025-02-10T10:42:20","modified_gmt":"2025-02-10T10:42:20","slug":"solid-fire-loeschtrainer","status":"publish","type":"product","link":"https:\/\/fireware.nl\/de\/produkt\/solid-fire-loeschtrainer\/","title":{"rendered":"Solid Fire L\u00f6schtrainer"},"content":{"rendered":"\n\n\t<h2>L\u00f6schtrainer f\u00fcr Br\u00e4nde mit festen Stoffen<\/h2>\n<p>Der Solid Fire L\u00f6schtrainer ist ein idealer Stand-Alone-Trainer, um Br\u00e4nde mit festen Stoffen zu \u00fcben. Mit diesem L\u00f6schtrainer in Form einer Feuerschale lernen die Kursteilnehmer die Grundtechnik zum L\u00f6schen eines brennenden Feststoffs!<\/p>\n<h2>L\u00f6sch\u00fcbung mit einer Feuerschale<\/h2>\n<p>Der Solid Fire ist ein vollst\u00e4ndig eigenst\u00e4ndiger L\u00f6schtrainer, der mit Gas betrieben wird. Dadurch kann das feste Material, das sich in der Feuerschale befindet, entz\u00fcndet werden. Zun\u00e4chst wird der mitgelieferte <a href=\"https:\/\/fireware.nl\/de\/product\/bf-gasschlauch\/\" target=\"_blank\" rel=\"noopener\">Gasschlauch<\/a> an eine Gasflasche angeschlossen. Anschlie\u00dfend dr\u00fcckt man den Griff des Gasschlauchs zusammen und entz\u00fcndet den Solid Fire &#8211; dies sollte sicher mit einem <a href=\"https:\/\/fireware.nl\/de\/produkt\/entzuendung-brenner-gross\/\" target=\"_blank\" rel=\"noopener\">Anz\u00fcndbrenner<\/a> geschehen. Bereits bei einem Gasdruck von nur 1 bar entsteht eine sch\u00f6ne Flamme. Solange der Ausbilder den Griff gedr\u00fcckt h\u00e4lt, brennt das Feuer weiter. Die Inszenierung kann durch das Hinzuf\u00fcgen von Holzscheiten oder <a href=\"https:\/\/fireware.nl\/de\/produkt\/bloecke-aus-holzimitat\/\" target=\"_blank\" rel=\"noopener\">keramischen Kunstholzscheiten<\/a> noch realistischer gestaltet werden.<\/p>\n<p>Die Kursteilnehmer k\u00f6nnen den Brand mit CO\u2082, Schaum, Pulver oder Wasser l\u00f6schen. Die Flammen erl\u00f6schen, sobald der Ausbilder die Gaszufuhr \u00fcber den Griff des Gasschlauchs stoppt.<\/p>\n<h2>Simulation eines Feststoffbrandes<\/h2>\n<p>Der Solid Fire wird zur Simulation eines Feststoffbrandes verwendet. Diese L\u00f6sch\u00fcbung eignet sich sowohl f\u00fcr die Feuerwehr als auch f\u00fcr Betriebliche Ersthelfer (BHV). Mit dieser L\u00f6schwanne lernen die Teilnehmer die grundlegenden Techniken zur Bek\u00e4mpfung eines brennenden Feststoffs.<\/p>\n<p>Dank seines handlichen Formats kann der L\u00f6schtrainer problemlos von einer einzelnen Person aufgestellt werden. Der Brand kann sowohl innen, beispielsweise in einer gro\u00dfen Halle, als auch im Freien simuliert werden. Das Feuer bleibt auf die Feuerschale beschr\u00e4nkt und wird vom Ausbilder \u00fcber den Gasbrenner gesteuert.<\/p>\n<p>Mit dem Solid Fire trainieren die Kursteilnehmer mit echtem Feuer. Der L\u00f6schtrainer wird in einer robusten Euronorm-Transportkiste aus Kunststoff geliefert, die auch den Gasschlauch enth\u00e4lt.<\/p>\n<p>Unabh\u00e4ngig von Ihrer Wahl garantiert dieser L\u00f6schtrainer ein herausforderndes und realistisches Szenario. Vergessen Sie nicht, die Inszenierung mit Kunstholzscheiten zu vervollst\u00e4ndigen, um das Training noch realistischer zu gestalten!<\/p>\n<h2>Sehen Sie sich das Video an<\/h2>\n\t<iframe width=\"1920\" height=\"1080\" src=https:\/\/player.vimeo.com\/video\/1049684078?hl=en&#038;cc_lang_pref=en&#038;cc_load_policy=1 frameborder=\"0\" allow=\"accelerometer; autoplay; clipboard-write; encrypted-media; gyroscope; picture-in-picture\" allowfullscreen><\/iframe>\n\n","protected":false},"excerpt":{"rendered":"<ul>\n<li>Standalone-L\u00f6schtrainer f\u00fcr einen Brand mit einem festen Stoff.<\/li>\n<li>Manuelle Entz\u00fcndung.<\/li>\n<li>L\u00f6schen mit CO2, Schaum oder Wasser.<\/li>\n<li>Funktioniert schon mit nur 1 Bar.<\/li>\n<li>L\u00e4sst sich beispielsweise mit echten Holzbl\u00f6cken noch realistischer gestalten.<\/li>\n<li>Realistischer machen durch den Einsatz von echten Holzbl\u00f6cke oder von Holzimitatbl\u00f6cken.<\/li>\n<li>Inklusive Kunststoffbox 60 x 40 x 32,5 cm.<\/li>\n<li>Einschlie\u00dflich Gasschl\u00e4uche<\/li>\n<\/ul>\n","protected":false},"featured_media":40415,"template":"","meta":[],"product_brand":[],"product_cat":[71],"product_tag":[],"class_list":{"0":"post-18873","1":"product","2":"type-product","3":"status-publish","4":"has-post-thumbnail","6":"product_cat-loeschtrainer","8":"first","9":"instock","10":"taxable","11":"shipping-taxable","12":"purchasable","13":"product-type-simple"},"yoast_head":"<!-- This site is optimized with the Yoast SEO plugin v27.5 - https:\/\/yoast.com\/product\/yoast-seo-wordpress\/ -->\n<title>Solid Fire L\u00f6schtrainer: Brand mit einem festen Stoff simulieren - FireWare<\/title>\n<meta name=\"description\" content=\"Unterrichten Sie die Teilnehmer in den grundlegenden Techniken des Feuerl\u00f6schens. Vervollst\u00e4ndigen Sie die Inszenierung mit Holzbl\u00f6cken.\" \/>\n<meta name=\"robots\" content=\"index, follow, max-snippet:-1, max-image-preview:large, max-video-preview:-1\" \/>\n<link rel=\"canonical\" href=\"https:\/\/fireware.nl\/de\/produkt\/solid-fire-loeschtrainer\/\" \/>\n<meta property=\"og:locale\" content=\"de_DE\" \/>\n<meta property=\"og:type\" content=\"article\" \/>\n<meta property=\"og:title\" content=\"Solid Fire L\u00f6schtrainer: Brand mit einem festen Stoff simulieren - FireWare\" \/>\n<meta property=\"og:description\" content=\"Unterrichten Sie die Teilnehmer in den grundlegenden Techniken des Feuerl\u00f6schens. Vervollst\u00e4ndigen Sie die Inszenierung mit Holzbl\u00f6cken.\" \/>\n<meta property=\"og:url\" content=\"https:\/\/fireware.nl\/de\/produkt\/solid-fire-loeschtrainer\/\" \/>\n<meta property=\"og:site_name\" content=\"FireWare\" \/>\n<meta property=\"article:publisher\" content=\"https:\/\/www.facebook.com\/FireWareBV\/\" \/>\n<meta property=\"article:modified_time\" content=\"2025-02-10T10:42:20+00:00\" \/>\n<meta property=\"og:image\" content=\"https:\/\/fireware.nl\/wp-content\/uploads\/2019\/01\/049-092-012-Solid-Fire-blustrainer_v2.jpg\" \/>\n\t<meta property=\"og:image:width\" content=\"600\" \/>\n\t<meta property=\"og:image:height\" content=\"600\" \/>\n\t<meta property=\"og:image:type\" content=\"image\/jpeg\" \/>\n<meta name=\"twitter:card\" content=\"summary_large_image\" \/>\n<meta name=\"twitter:site\" content=\"@FireWarebv\" \/>\n<meta name=\"twitter:label1\" content=\"Gesch\u00e4tzte Lesezeit\" \/>\n\t<meta name=\"twitter:data1\" content=\"1\u00a0Minute\" \/>\n<script type=\"application\/ld+json\" class=\"yoast-schema-graph\">{\"@context\":\"https:\\\/\\\/schema.org\",\"@graph\":[{\"@type\":\"WebPage\",\"@id\":\"https:\\\/\\\/fireware.nl\\\/de\\\/produkt\\\/solid-fire-loeschtrainer\\\/\",\"url\":\"https:\\\/\\\/fireware.nl\\\/de\\\/produkt\\\/solid-fire-loeschtrainer\\\/\",\"name\":\"Solid Fire L\u00f6schtrainer: Brand mit einem festen Stoff simulieren - FireWare\",\"isPartOf\":{\"@id\":\"https:\\\/\\\/fireware.nl\\\/de\\\/#website\"},\"primaryImageOfPage\":{\"@id\":\"https:\\\/\\\/fireware.nl\\\/de\\\/produkt\\\/solid-fire-loeschtrainer\\\/#primaryimage\"},\"image\":{\"@id\":\"https:\\\/\\\/fireware.nl\\\/de\\\/produkt\\\/solid-fire-loeschtrainer\\\/#primaryimage\"},\"thumbnailUrl\":\"https:\\\/\\\/fireware.nl\\\/wp-content\\\/uploads\\\/2019\\\/01\\\/049-092-012-Solid-Fire-blustrainer_v2.jpg\",\"datePublished\":\"2019-02-01T07:47:07+00:00\",\"dateModified\":\"2025-02-10T10:42:20+00:00\",\"description\":\"Unterrichten Sie die Teilnehmer in den grundlegenden Techniken des Feuerl\u00f6schens. Vervollst\u00e4ndigen Sie die Inszenierung mit Holzbl\u00f6cken.\",\"breadcrumb\":{\"@id\":\"https:\\\/\\\/fireware.nl\\\/de\\\/produkt\\\/solid-fire-loeschtrainer\\\/#breadcrumb\"},\"inLanguage\":\"de\",\"potentialAction\":[{\"@type\":\"ReadAction\",\"target\":[\"https:\\\/\\\/fireware.nl\\\/de\\\/produkt\\\/solid-fire-loeschtrainer\\\/\"]}]},{\"@type\":\"ImageObject\",\"inLanguage\":\"de\",\"@id\":\"https:\\\/\\\/fireware.nl\\\/de\\\/produkt\\\/solid-fire-loeschtrainer\\\/#primaryimage\",\"url\":\"https:\\\/\\\/fireware.nl\\\/wp-content\\\/uploads\\\/2019\\\/01\\\/049-092-012-Solid-Fire-blustrainer_v2.jpg\",\"contentUrl\":\"https:\\\/\\\/fireware.nl\\\/wp-content\\\/uploads\\\/2019\\\/01\\\/049-092-012-Solid-Fire-blustrainer_v2.jpg\",\"width\":600,\"height\":600},{\"@type\":\"BreadcrumbList\",\"@id\":\"https:\\\/\\\/fireware.nl\\\/de\\\/produkt\\\/solid-fire-loeschtrainer\\\/#breadcrumb\",\"itemListElement\":[{\"@type\":\"ListItem\",\"position\":1,\"name\":\"Home\",\"item\":\"https:\\\/\\\/fireware.nl\\\/de\\\/\"},{\"@type\":\"ListItem\",\"position\":2,\"name\":\"Produkte\",\"item\":\"https:\\\/\\\/fireware.nl\\\/de\\\/produkte\\\/\"},{\"@type\":\"ListItem\",\"position\":3,\"name\":\"Solid Fire L\u00f6schtrainer\"}]},{\"@type\":\"WebSite\",\"@id\":\"https:\\\/\\\/fireware.nl\\\/de\\\/#website\",\"url\":\"https:\\\/\\\/fireware.nl\\\/de\\\/\",\"name\":\"FireWare\",\"description\":\"CREATING REALISTIC  TRAINING ENVIRONMENTS\",\"publisher\":{\"@id\":\"https:\\\/\\\/fireware.nl\\\/de\\\/#organization\"},\"potentialAction\":[{\"@type\":\"SearchAction\",\"target\":{\"@type\":\"EntryPoint\",\"urlTemplate\":\"https:\\\/\\\/fireware.nl\\\/de\\\/?s={search_term_string}\"},\"query-input\":{\"@type\":\"PropertyValueSpecification\",\"valueRequired\":true,\"valueName\":\"search_term_string\"}}],\"inLanguage\":\"de\"},{\"@type\":\"Organization\",\"@id\":\"https:\\\/\\\/fireware.nl\\\/de\\\/#organization\",\"name\":\"FireWare\",\"url\":\"https:\\\/\\\/fireware.nl\\\/de\\\/\",\"logo\":{\"@type\":\"ImageObject\",\"inLanguage\":\"de\",\"@id\":\"https:\\\/\\\/fireware.nl\\\/de\\\/#\\\/schema\\\/logo\\\/image\\\/\",\"url\":\"https:\\\/\\\/fireware.nl\\\/wp-content\\\/uploads\\\/2018\\\/10\\\/FireWare-logo.jpg\",\"contentUrl\":\"https:\\\/\\\/fireware.nl\\\/wp-content\\\/uploads\\\/2018\\\/10\\\/FireWare-logo.jpg\",\"width\":171,\"height\":70,\"caption\":\"FireWare\"},\"image\":{\"@id\":\"https:\\\/\\\/fireware.nl\\\/de\\\/#\\\/schema\\\/logo\\\/image\\\/\"},\"sameAs\":[\"https:\\\/\\\/www.facebook.com\\\/FireWareBV\\\/\",\"https:\\\/\\\/x.com\\\/FireWarebv\",\"https:\\\/\\\/www.instagram.com\\\/fireware_nl\\\/\",\"https:\\\/\\\/www.linkedin.com\\\/company\\\/3586017\\\/\",\"https:\\\/\\\/www.youtube.com\\\/user\\\/firesalesrentconsult\"]}]}<\/script>\n<!-- \/ Yoast SEO plugin. -->","yoast_head_json":{"title":"Solid Fire L\u00f6schtrainer: Brand mit einem festen Stoff simulieren - FireWare","description":"Unterrichten Sie die Teilnehmer in den grundlegenden Techniken des Feuerl\u00f6schens. Vervollst\u00e4ndigen Sie die Inszenierung mit Holzbl\u00f6cken.","robots":{"index":"index","follow":"follow","max-snippet":"max-snippet:-1","max-image-preview":"max-image-preview:large","max-video-preview":"max-video-preview:-1"},"canonical":"https:\/\/fireware.nl\/de\/produkt\/solid-fire-loeschtrainer\/","og_locale":"de_DE","og_type":"article","og_title":"Solid Fire L\u00f6schtrainer: Brand mit einem festen Stoff simulieren - FireWare","og_description":"Unterrichten Sie die Teilnehmer in den grundlegenden Techniken des Feuerl\u00f6schens. Vervollst\u00e4ndigen Sie die Inszenierung mit Holzbl\u00f6cken.","og_url":"https:\/\/fireware.nl\/de\/produkt\/solid-fire-loeschtrainer\/","og_site_name":"FireWare","article_publisher":"https:\/\/www.facebook.com\/FireWareBV\/","article_modified_time":"2025-02-10T10:42:20+00:00","og_image":[{"width":600,"height":600,"url":"https:\/\/fireware.nl\/wp-content\/uploads\/2019\/01\/049-092-012-Solid-Fire-blustrainer_v2.jpg","type":"image\/jpeg"}],"twitter_card":"summary_large_image","twitter_site":"@FireWarebv","twitter_misc":{"Gesch\u00e4tzte Lesezeit":"1\u00a0Minute"},"schema":{"@context":"https:\/\/schema.org","@graph":[{"@type":"WebPage","@id":"https:\/\/fireware.nl\/de\/produkt\/solid-fire-loeschtrainer\/","url":"https:\/\/fireware.nl\/de\/produkt\/solid-fire-loeschtrainer\/","name":"Solid Fire L\u00f6schtrainer: Brand mit einem festen Stoff simulieren - FireWare","isPartOf":{"@id":"https:\/\/fireware.nl\/de\/#website"},"primaryImageOfPage":{"@id":"https:\/\/fireware.nl\/de\/produkt\/solid-fire-loeschtrainer\/#primaryimage"},"image":{"@id":"https:\/\/fireware.nl\/de\/produkt\/solid-fire-loeschtrainer\/#primaryimage"},"thumbnailUrl":"https:\/\/fireware.nl\/wp-content\/uploads\/2019\/01\/049-092-012-Solid-Fire-blustrainer_v2.jpg","datePublished":"2019-02-01T07:47:07+00:00","dateModified":"2025-02-10T10:42:20+00:00","description":"Unterrichten Sie die Teilnehmer in den grundlegenden Techniken des Feuerl\u00f6schens. Vervollst\u00e4ndigen Sie die Inszenierung mit Holzbl\u00f6cken.","breadcrumb":{"@id":"https:\/\/fireware.nl\/de\/produkt\/solid-fire-loeschtrainer\/#breadcrumb"},"inLanguage":"de","potentialAction":[{"@type":"ReadAction","target":["https:\/\/fireware.nl\/de\/produkt\/solid-fire-loeschtrainer\/"]}]},{"@type":"ImageObject","inLanguage":"de","@id":"https:\/\/fireware.nl\/de\/produkt\/solid-fire-loeschtrainer\/#primaryimage","url":"https:\/\/fireware.nl\/wp-content\/uploads\/2019\/01\/049-092-012-Solid-Fire-blustrainer_v2.jpg","contentUrl":"https:\/\/fireware.nl\/wp-content\/uploads\/2019\/01\/049-092-012-Solid-Fire-blustrainer_v2.jpg","width":600,"height":600},{"@type":"BreadcrumbList","@id":"https:\/\/fireware.nl\/de\/produkt\/solid-fire-loeschtrainer\/#breadcrumb","itemListElement":[{"@type":"ListItem","position":1,"name":"Home","item":"https:\/\/fireware.nl\/de\/"},{"@type":"ListItem","position":2,"name":"Produkte","item":"https:\/\/fireware.nl\/de\/produkte\/"},{"@type":"ListItem","position":3,"name":"Solid Fire L\u00f6schtrainer"}]},{"@type":"WebSite","@id":"https:\/\/fireware.nl\/de\/#website","url":"https:\/\/fireware.nl\/de\/","name":"FireWare","description":"CREATING REALISTIC  TRAINING ENVIRONMENTS","publisher":{"@id":"https:\/\/fireware.nl\/de\/#organization"},"potentialAction":[{"@type":"SearchAction","target":{"@type":"EntryPoint","urlTemplate":"https:\/\/fireware.nl\/de\/?s={search_term_string}"},"query-input":{"@type":"PropertyValueSpecification","valueRequired":true,"valueName":"search_term_string"}}],"inLanguage":"de"},{"@type":"Organization","@id":"https:\/\/fireware.nl\/de\/#organization","name":"FireWare","url":"https:\/\/fireware.nl\/de\/","logo":{"@type":"ImageObject","inLanguage":"de","@id":"https:\/\/fireware.nl\/de\/#\/schema\/logo\/image\/","url":"https:\/\/fireware.nl\/wp-content\/uploads\/2018\/10\/FireWare-logo.jpg","contentUrl":"https:\/\/fireware.nl\/wp-content\/uploads\/2018\/10\/FireWare-logo.jpg","width":171,"height":70,"caption":"FireWare"},"image":{"@id":"https:\/\/fireware.nl\/de\/#\/schema\/logo\/image\/"},"sameAs":["https:\/\/www.facebook.com\/FireWareBV\/","https:\/\/x.com\/FireWarebv","https:\/\/www.instagram.com\/fireware_nl\/","https:\/\/www.linkedin.com\/company\/3586017\/","https:\/\/www.youtube.com\/user\/firesalesrentconsult"]}]}},"publishpress_future_workflow_manual_trigger":{"enabledWorkflows":[]},"_links":{"self":[{"href":"https:\/\/fireware.nl\/de\/wp-json\/wp\/v2\/product\/18873","targetHints":{"allow":["GET"]}}],"collection":[{"href":"https:\/\/fireware.nl\/de\/wp-json\/wp\/v2\/product"}],"about":[{"href":"https:\/\/fireware.nl\/de\/wp-json\/wp\/v2\/types\/product"}],"wp:featuredmedia":[{"embeddable":true,"href":"https:\/\/fireware.nl\/de\/wp-json\/wp\/v2\/media\/40415"}],"wp:attachment":[{"href":"https:\/\/fireware.nl\/de\/wp-json\/wp\/v2\/media?parent=18873"}],"wp:term":[{"taxonomy":"product_brand","embeddable":true,"href":"https:\/\/fireware.nl\/de\/wp-json\/wp\/v2\/product_brand?post=18873"},{"taxonomy":"product_cat","embeddable":true,"href":"https:\/\/fireware.nl\/de\/wp-json\/wp\/v2\/product_cat?post=18873"},{"taxonomy":"product_tag","embeddable":true,"href":"https:\/\/fireware.nl\/de\/wp-json\/wp\/v2\/product_tag?post=18873"}],"curies":[{"name":"wp","href":"https:\/\/api.w.org\/{rel}","templated":true}]}}