
{"id":18882,"date":"2026-01-01T12:15:28","date_gmt":"2026-01-01T12:15:28","guid":{"rendered":"http:\/\/fireware.sites.hyperhosting.co\/?post_type=product&#038;p=18882"},"modified":"2026-01-14T09:41:08","modified_gmt":"2026-01-14T09:41:08","slug":"hybrid","status":"publish","type":"product","link":"https:\/\/fireware.nl\/de\/produkt\/hybrid-loeschtrainer\/","title":{"rendered":"Hybrid L\u00f6schtrainer V2"},"content":{"rendered":"\r\n<h2 data-start=\"43\" data-end=\"106\">Feuerl\u00f6schtrainer f\u00fcr feste Stoffe und Fl\u00fcssigkeitsbr\u00e4nde<\/h2>\r\n<p data-start=\"108\" data-end=\"478\">Mit dem FireWare Hybrid Feuerl\u00f6schtrainer V2 k\u00f6nnen sowohl feste Stoffe als auch Fl\u00fcssigkeitsbr\u00e4nde mit echtem Feuer simuliert werden. Setzen Sie diesen Trainer ein, um den Teilnehmern die grundlegenden L\u00f6schtechniken beizubringen. Eine L\u00f6sch\u00fcbung ist im Handumdrehen aufgebaut. Da dieser Feuerl\u00f6schtrainer nur 14 kg wiegt, kann er problemlos allein transportiert werden.<\/p>\r\n<p data-start=\"480\" data-end=\"966\">Schlie\u00dfen Sie den mitgelieferten Gasschlauch an eine Gasflasche an und dr\u00fccken Sie den am Schlauch befestigten Handgriff. Anschlie\u00dfend kann der Hybrid V2 mit einem Z\u00fcndbrenner entz\u00fcndet werden. Solange der Ausbilder den Handgriff gedr\u00fcckt h\u00e4lt, bleibt das Feuer brennen. Die Teilnehmer k\u00f6nnen mit CO\u2082, Schaum oder Wasser l\u00f6schen. Die Flammen erl\u00f6schen, sobald der Ausbilder die Gaszufuhr stoppt. Eventuell verbleibender Schaum flie\u00dft einfach durch die seitlichen \u00d6ffnungen des Hybrid V2 ab.<\/p>\r\n<h2 data-start=\"968\" data-end=\"1008\">L\u00f6schen mit Wasser, CO\u2082 und Schaum<\/h2>\r\n<p data-start=\"1010\" data-end=\"1547\">Einzigartig am Hybrid V2 ist, dass dieser Feuerl\u00f6schtrainer sowohl mit als auch ohne Wasser verwendet werden kann. Daher eignet sich die L\u00f6schwanne sowohl f\u00fcr Feuerwehr\u00fcbungen als auch f\u00fcr betriebliche Ersthelfer-Schulungen. Das Flammenbild mit Wasser ist breit und dynamisch, wodurch eine realistische Fl\u00fcssigkeitsbrand-Simulation entsteht. So k\u00f6nnen Teilnehmer beispielsweise das L\u00f6schen eines brennenden Benzins erlernen. Dank der einzigartig perforierten Bodenplatte kann auch ohne Wasser ein vollst\u00e4ndiges Flammenbild erzeugt werden.<\/p>\r\n<p data-start=\"1549\" data-end=\"1845\">Der Hybrid V2 eignet sich hervorragend f\u00fcr Au\u00dfen\u00fcbungen. Bei starkem Wind kann das Flammenbild jedoch verwehen. Die Windschutzvorrichtung f\u00fcr den Hybrid V2 bietet hier eine L\u00f6sung, indem sie den Feuerl\u00f6schtrainer an zwei Seiten sch\u00fctzt. Dadurch bleibt das Flammenbild gro\u00df und dennoch kontrollierbar.<\/p>\r\n<h2 data-start=\"1203\" data-end=\"1234\">Der Komfort des Ablasshahns<\/h2>\r\n<p data-start=\"1236\" data-end=\"1719\">Dank des integrierten Ablasshahns des Hybrid V2 kann das zugef\u00fchrte Wasser nach dem Einsatz kontrolliert abgelassen werden. Der Ablasshahn ist mit einem Gardena Anschluss ausgestattet, an den sich problemlos ein Schlauch anschlie\u00dfen l\u00e4sst. W\u00e4hrend der Feuerl\u00f6schtrainer fr\u00fcher zum Entleeren gekippt werden musste, kann das verschmutzte Wasser nun kontrolliert abgelassen werden. So bleiben der Trainingsort und die unmittelbare Umgebung sauber und die Umweltbelastung wird reduziert.<\/p>\r\n<h2 data-start=\"1847\" data-end=\"1873\">Robuste Konstruktion<\/h2>\r\n<p data-start=\"1875\" data-end=\"2226\">Der Hybrid V2 verf\u00fcgt \u00fcber starke Aluminium-Seitenw\u00e4nde, und das Geh\u00e4use besteht vollst\u00e4ndig aus Tr\u00e4nenblech. Trotz dieser robusten Materialien wiegt der Feuerl\u00f6schtrainer nur 14 kg. Er ist f\u00fcr die Nutzung mit verschiedenen Gasarten geeignet, darunter Propan, LPG und Butan. Solange Gas zum L\u00f6schtrainer geleitet wird, bleibt er zuverl\u00e4ssig in Betrieb!<\/p>\r\n<h2 data-start=\"2228\" data-end=\"2254\">L\u00f6sch\u00fcbung erweitern<\/h2>\r\n<p data-start=\"2256\" data-end=\"2871\">Mit dem Hybrid V2 k\u00f6nnen sowohl feste Stoffbr\u00e4nde als auch Fl\u00fcssigkeitsbrand-Szenarien simuliert werden. M\u00f6chten Sie Ihre Teilnehmer mit herausfordernden L\u00f6sch\u00fcbungen st\u00e4ndig aufs Neue begeistern? Dann werfen Sie einen Blick auf den FireWare Vesta Feuerl\u00f6schtrainer. F\u00fcr den Vesta sind verschiedene Aufs\u00e4tze erh\u00e4ltlich, mit denen jeder Folge\u00fcbung eine neue Dimension verliehen werden kann. So k\u00f6nnen Sie beispielsweise ein realistisches Feuer in einer Waschk\u00fcche oder eine dynamische K\u00fcchenbrandsimulation inszenieren. Der Vesta funktioniert mit einer elektrischen Z\u00fcndung und wird \u00fcber eine Fernbedienung gesteuert.<\/p>\r\n<p data-start=\"2873\" data-end=\"2968\">Der Hybrid Feuerl\u00f6schtrainer V2 wird mit einem BF-Gasschlauchset mit Quetschhandgriff geliefert.<\/p>\r\n<h2>Sehen Sie sich das Video hier an<\/h2>\r\n<p><iframe loading=\"lazy\" title=\"(DE) FireWare Hybrid | L&amp;ouml;schtrainer um die Grundtechnik des L&amp;ouml;schens zu &amp;uuml;ben\" src=\"https:\/\/player.vimeo.com\/video\/241520119?h=7f82739215&amp;badge=0&amp;autopause=0&amp;player_id=0&amp;app_id=58479\" width=\"1920\" height=\"1080\" frameborder=\"0\" allowfullscreen=\"allowfullscreen\"><\/iframe><\/p>\r\n","protected":false},"excerpt":{"rendered":"<ul>\n<li>L\u00f6schtrainer zur Simulation verschiedener Br\u00e4nde;<\/li>\n<li>Funktioniert sowohl mit als auch ohne Wasser;<\/li>\n<li>Innerhalb weniger Minuten einsatzbereit;<\/li>\n<li><span class=\"TextRun SCXO64018520 BCX0\" lang=\"NL-NL\" xml:lang=\"NL-NL\" data-contrast=\"auto\"><span class=\"SpellingError SCXO64018520 BCX0\">Integrierter<\/span><span class=\"NormalTextRun SCXO64018520 BCX0\">\u00a0<\/span><span class=\"SpellingError SCXO64018520 BCX0\">Ablasshahn<\/span><span class=\"NormalTextRun SCXO64018520 BCX0\">\u00a0<\/span><span class=\"SpellingError SCXO64018520 BCX0\">f\u00fcr<\/span><span class=\"NormalTextRun SCXO64018520 BCX0\">\u00a0<\/span><span class=\"SpellingError SCXO64018520 BCX0\">kontrollierten<\/span><span class=\"NormalTextRun SCXO64018520 BCX0\">\u00a0<\/span><span class=\"SpellingError SCXO64018520 BCX0\">Wasserablauf<\/span><span class=\"NormalTextRun SCXO64018520 BCX0\">;<\/span><\/span><span class=\"EOP SCXO64018520 BCX0\">\u00a0<\/span><\/li>\n<li>Einzigartige perforierte Bodenplatte aus rostfreiem Stahl;<\/li>\n<li>L\u00f6schen mit CO2, Schaum oder Wasser;<\/li>\n<li>Starke Seiten aus Aluminium;<\/li>\n<li>Geh\u00e4use vollst\u00e4ndig aus Riffelblech;<\/li>\n<li>Wiegt nur 14 kg;<\/li>\n<li>Manuelle Entz\u00fcndung;<\/li>\n<li>Einschlie\u00dflich Gasschl\u00e4uche;<\/li>\n<li>Inklusive BF-Gasschlauchset.<\/li>\n<li>Eingebauter Ablasshahn.<\/li>\n<\/ul>\n","protected":false},"featured_media":20448,"template":"","meta":[],"product_brand":[],"product_cat":[71],"product_tag":[],"class_list":{"0":"post-18882","1":"product","2":"type-product","3":"status-publish","4":"has-post-thumbnail","6":"product_cat-loeschtrainer","8":"first","9":"instock","10":"taxable","11":"shipping-taxable","12":"purchasable","13":"product-type-simple"},"yoast_head":"<!-- This site is optimized with the Yoast SEO plugin v27.5 - https:\/\/yoast.com\/product\/yoast-seo-wordpress\/ -->\n<title>Hybrid L\u00f6schtrainer V2: funktioniert mit und ohne Wasser - FireWare<\/title>\n<meta name=\"description\" content=\"Der Hybrid L\u00f6schtrainer kann verschiedene Br\u00e4nde simulieren, um L\u00f6schtechniken zu trainieren. Er kann mit und ohne Wasser verwendet werden!\" \/>\n<meta name=\"robots\" content=\"index, follow, max-snippet:-1, max-image-preview:large, max-video-preview:-1\" \/>\n<link rel=\"canonical\" href=\"https:\/\/fireware.nl\/de\/produkt\/hybrid-loeschtrainer\/\" \/>\n<meta property=\"og:locale\" content=\"de_DE\" \/>\n<meta property=\"og:type\" content=\"article\" \/>\n<meta property=\"og:title\" content=\"Hybrid L\u00f6schtrainer V2: funktioniert mit und ohne Wasser - FireWare\" \/>\n<meta property=\"og:description\" content=\"Der Hybrid L\u00f6schtrainer kann verschiedene Br\u00e4nde simulieren, um L\u00f6schtechniken zu trainieren. Er kann mit und ohne Wasser verwendet werden!\" \/>\n<meta property=\"og:url\" content=\"https:\/\/fireware.nl\/de\/produkt\/hybrid-loeschtrainer\/\" \/>\n<meta property=\"og:site_name\" content=\"FireWare\" \/>\n<meta property=\"article:publisher\" content=\"https:\/\/www.facebook.com\/FireWareBV\/\" \/>\n<meta property=\"article:modified_time\" content=\"2026-01-14T09:41:08+00:00\" \/>\n<meta property=\"og:image\" content=\"https:\/\/fireware.nl\/wp-content\/uploads\/2019\/01\/049-092-001-Hybrid-Blustrainer-zonder-water.jpg\" \/>\n\t<meta property=\"og:image:width\" content=\"600\" \/>\n\t<meta property=\"og:image:height\" content=\"600\" \/>\n\t<meta property=\"og:image:type\" content=\"image\/jpeg\" \/>\n<meta name=\"twitter:card\" content=\"summary_large_image\" \/>\n<meta name=\"twitter:site\" content=\"@FireWarebv\" \/>\n<meta name=\"twitter:label1\" content=\"Gesch\u00e4tzte Lesezeit\" \/>\n\t<meta name=\"twitter:data1\" content=\"3\u00a0Minuten\" \/>\n<script type=\"application\/ld+json\" class=\"yoast-schema-graph\">{\"@context\":\"https:\\\/\\\/schema.org\",\"@graph\":[{\"@type\":\"WebPage\",\"@id\":\"https:\\\/\\\/fireware.nl\\\/de\\\/produkt\\\/hybrid-loeschtrainer\\\/\",\"url\":\"https:\\\/\\\/fireware.nl\\\/de\\\/produkt\\\/hybrid-loeschtrainer\\\/\",\"name\":\"Hybrid L\u00f6schtrainer V2: funktioniert mit und ohne Wasser - FireWare\",\"isPartOf\":{\"@id\":\"https:\\\/\\\/fireware.nl\\\/de\\\/#website\"},\"primaryImageOfPage\":{\"@id\":\"https:\\\/\\\/fireware.nl\\\/de\\\/produkt\\\/hybrid-loeschtrainer\\\/#primaryimage\"},\"image\":{\"@id\":\"https:\\\/\\\/fireware.nl\\\/de\\\/produkt\\\/hybrid-loeschtrainer\\\/#primaryimage\"},\"thumbnailUrl\":\"https:\\\/\\\/fireware.nl\\\/wp-content\\\/uploads\\\/2019\\\/01\\\/049-092-001-Hybrid-Blustrainer-zonder-water.jpg\",\"datePublished\":\"2026-01-01T12:15:28+00:00\",\"dateModified\":\"2026-01-14T09:41:08+00:00\",\"description\":\"Der Hybrid L\u00f6schtrainer kann verschiedene Br\u00e4nde simulieren, um L\u00f6schtechniken zu trainieren. Er kann mit und ohne Wasser verwendet werden!\",\"breadcrumb\":{\"@id\":\"https:\\\/\\\/fireware.nl\\\/de\\\/produkt\\\/hybrid-loeschtrainer\\\/#breadcrumb\"},\"inLanguage\":\"de\",\"potentialAction\":[{\"@type\":\"ReadAction\",\"target\":[\"https:\\\/\\\/fireware.nl\\\/de\\\/produkt\\\/hybrid-loeschtrainer\\\/\"]}]},{\"@type\":\"ImageObject\",\"inLanguage\":\"de\",\"@id\":\"https:\\\/\\\/fireware.nl\\\/de\\\/produkt\\\/hybrid-loeschtrainer\\\/#primaryimage\",\"url\":\"https:\\\/\\\/fireware.nl\\\/wp-content\\\/uploads\\\/2019\\\/01\\\/049-092-001-Hybrid-Blustrainer-zonder-water.jpg\",\"contentUrl\":\"https:\\\/\\\/fireware.nl\\\/wp-content\\\/uploads\\\/2019\\\/01\\\/049-092-001-Hybrid-Blustrainer-zonder-water.jpg\",\"width\":600,\"height\":600,\"caption\":\"049-092-001 Hybrid Blustrainer zonder water\"},{\"@type\":\"BreadcrumbList\",\"@id\":\"https:\\\/\\\/fireware.nl\\\/de\\\/produkt\\\/hybrid-loeschtrainer\\\/#breadcrumb\",\"itemListElement\":[{\"@type\":\"ListItem\",\"position\":1,\"name\":\"Home\",\"item\":\"https:\\\/\\\/fireware.nl\\\/de\\\/\"},{\"@type\":\"ListItem\",\"position\":2,\"name\":\"Produkte\",\"item\":\"https:\\\/\\\/fireware.nl\\\/de\\\/produkte\\\/\"},{\"@type\":\"ListItem\",\"position\":3,\"name\":\"Hybrid L\u00f6schtrainer V2\"}]},{\"@type\":\"WebSite\",\"@id\":\"https:\\\/\\\/fireware.nl\\\/de\\\/#website\",\"url\":\"https:\\\/\\\/fireware.nl\\\/de\\\/\",\"name\":\"FireWare\",\"description\":\"CREATING REALISTIC  TRAINING ENVIRONMENTS\",\"publisher\":{\"@id\":\"https:\\\/\\\/fireware.nl\\\/de\\\/#organization\"},\"potentialAction\":[{\"@type\":\"SearchAction\",\"target\":{\"@type\":\"EntryPoint\",\"urlTemplate\":\"https:\\\/\\\/fireware.nl\\\/de\\\/?s={search_term_string}\"},\"query-input\":{\"@type\":\"PropertyValueSpecification\",\"valueRequired\":true,\"valueName\":\"search_term_string\"}}],\"inLanguage\":\"de\"},{\"@type\":\"Organization\",\"@id\":\"https:\\\/\\\/fireware.nl\\\/de\\\/#organization\",\"name\":\"FireWare\",\"url\":\"https:\\\/\\\/fireware.nl\\\/de\\\/\",\"logo\":{\"@type\":\"ImageObject\",\"inLanguage\":\"de\",\"@id\":\"https:\\\/\\\/fireware.nl\\\/de\\\/#\\\/schema\\\/logo\\\/image\\\/\",\"url\":\"https:\\\/\\\/fireware.nl\\\/wp-content\\\/uploads\\\/2018\\\/10\\\/FireWare-logo.jpg\",\"contentUrl\":\"https:\\\/\\\/fireware.nl\\\/wp-content\\\/uploads\\\/2018\\\/10\\\/FireWare-logo.jpg\",\"width\":171,\"height\":70,\"caption\":\"FireWare\"},\"image\":{\"@id\":\"https:\\\/\\\/fireware.nl\\\/de\\\/#\\\/schema\\\/logo\\\/image\\\/\"},\"sameAs\":[\"https:\\\/\\\/www.facebook.com\\\/FireWareBV\\\/\",\"https:\\\/\\\/x.com\\\/FireWarebv\",\"https:\\\/\\\/www.instagram.com\\\/fireware_nl\\\/\",\"https:\\\/\\\/www.linkedin.com\\\/company\\\/3586017\\\/\",\"https:\\\/\\\/www.youtube.com\\\/user\\\/firesalesrentconsult\"]}]}<\/script>\n<!-- \/ Yoast SEO plugin. -->","yoast_head_json":{"title":"Hybrid L\u00f6schtrainer V2: funktioniert mit und ohne Wasser - FireWare","description":"Der Hybrid L\u00f6schtrainer kann verschiedene Br\u00e4nde simulieren, um L\u00f6schtechniken zu trainieren. Er kann mit und ohne Wasser verwendet werden!","robots":{"index":"index","follow":"follow","max-snippet":"max-snippet:-1","max-image-preview":"max-image-preview:large","max-video-preview":"max-video-preview:-1"},"canonical":"https:\/\/fireware.nl\/de\/produkt\/hybrid-loeschtrainer\/","og_locale":"de_DE","og_type":"article","og_title":"Hybrid L\u00f6schtrainer V2: funktioniert mit und ohne Wasser - FireWare","og_description":"Der Hybrid L\u00f6schtrainer kann verschiedene Br\u00e4nde simulieren, um L\u00f6schtechniken zu trainieren. Er kann mit und ohne Wasser verwendet werden!","og_url":"https:\/\/fireware.nl\/de\/produkt\/hybrid-loeschtrainer\/","og_site_name":"FireWare","article_publisher":"https:\/\/www.facebook.com\/FireWareBV\/","article_modified_time":"2026-01-14T09:41:08+00:00","og_image":[{"width":600,"height":600,"url":"https:\/\/fireware.nl\/wp-content\/uploads\/2019\/01\/049-092-001-Hybrid-Blustrainer-zonder-water.jpg","type":"image\/jpeg"}],"twitter_card":"summary_large_image","twitter_site":"@FireWarebv","twitter_misc":{"Gesch\u00e4tzte Lesezeit":"3\u00a0Minuten"},"schema":{"@context":"https:\/\/schema.org","@graph":[{"@type":"WebPage","@id":"https:\/\/fireware.nl\/de\/produkt\/hybrid-loeschtrainer\/","url":"https:\/\/fireware.nl\/de\/produkt\/hybrid-loeschtrainer\/","name":"Hybrid L\u00f6schtrainer V2: funktioniert mit und ohne Wasser - FireWare","isPartOf":{"@id":"https:\/\/fireware.nl\/de\/#website"},"primaryImageOfPage":{"@id":"https:\/\/fireware.nl\/de\/produkt\/hybrid-loeschtrainer\/#primaryimage"},"image":{"@id":"https:\/\/fireware.nl\/de\/produkt\/hybrid-loeschtrainer\/#primaryimage"},"thumbnailUrl":"https:\/\/fireware.nl\/wp-content\/uploads\/2019\/01\/049-092-001-Hybrid-Blustrainer-zonder-water.jpg","datePublished":"2026-01-01T12:15:28+00:00","dateModified":"2026-01-14T09:41:08+00:00","description":"Der Hybrid L\u00f6schtrainer kann verschiedene Br\u00e4nde simulieren, um L\u00f6schtechniken zu trainieren. Er kann mit und ohne Wasser verwendet werden!","breadcrumb":{"@id":"https:\/\/fireware.nl\/de\/produkt\/hybrid-loeschtrainer\/#breadcrumb"},"inLanguage":"de","potentialAction":[{"@type":"ReadAction","target":["https:\/\/fireware.nl\/de\/produkt\/hybrid-loeschtrainer\/"]}]},{"@type":"ImageObject","inLanguage":"de","@id":"https:\/\/fireware.nl\/de\/produkt\/hybrid-loeschtrainer\/#primaryimage","url":"https:\/\/fireware.nl\/wp-content\/uploads\/2019\/01\/049-092-001-Hybrid-Blustrainer-zonder-water.jpg","contentUrl":"https:\/\/fireware.nl\/wp-content\/uploads\/2019\/01\/049-092-001-Hybrid-Blustrainer-zonder-water.jpg","width":600,"height":600,"caption":"049-092-001 Hybrid Blustrainer zonder water"},{"@type":"BreadcrumbList","@id":"https:\/\/fireware.nl\/de\/produkt\/hybrid-loeschtrainer\/#breadcrumb","itemListElement":[{"@type":"ListItem","position":1,"name":"Home","item":"https:\/\/fireware.nl\/de\/"},{"@type":"ListItem","position":2,"name":"Produkte","item":"https:\/\/fireware.nl\/de\/produkte\/"},{"@type":"ListItem","position":3,"name":"Hybrid L\u00f6schtrainer V2"}]},{"@type":"WebSite","@id":"https:\/\/fireware.nl\/de\/#website","url":"https:\/\/fireware.nl\/de\/","name":"FireWare","description":"CREATING REALISTIC  TRAINING ENVIRONMENTS","publisher":{"@id":"https:\/\/fireware.nl\/de\/#organization"},"potentialAction":[{"@type":"SearchAction","target":{"@type":"EntryPoint","urlTemplate":"https:\/\/fireware.nl\/de\/?s={search_term_string}"},"query-input":{"@type":"PropertyValueSpecification","valueRequired":true,"valueName":"search_term_string"}}],"inLanguage":"de"},{"@type":"Organization","@id":"https:\/\/fireware.nl\/de\/#organization","name":"FireWare","url":"https:\/\/fireware.nl\/de\/","logo":{"@type":"ImageObject","inLanguage":"de","@id":"https:\/\/fireware.nl\/de\/#\/schema\/logo\/image\/","url":"https:\/\/fireware.nl\/wp-content\/uploads\/2018\/10\/FireWare-logo.jpg","contentUrl":"https:\/\/fireware.nl\/wp-content\/uploads\/2018\/10\/FireWare-logo.jpg","width":171,"height":70,"caption":"FireWare"},"image":{"@id":"https:\/\/fireware.nl\/de\/#\/schema\/logo\/image\/"},"sameAs":["https:\/\/www.facebook.com\/FireWareBV\/","https:\/\/x.com\/FireWarebv","https:\/\/www.instagram.com\/fireware_nl\/","https:\/\/www.linkedin.com\/company\/3586017\/","https:\/\/www.youtube.com\/user\/firesalesrentconsult"]}]}},"publishpress_future_workflow_manual_trigger":{"enabledWorkflows":[]},"_links":{"self":[{"href":"https:\/\/fireware.nl\/de\/wp-json\/wp\/v2\/product\/18882","targetHints":{"allow":["GET"]}}],"collection":[{"href":"https:\/\/fireware.nl\/de\/wp-json\/wp\/v2\/product"}],"about":[{"href":"https:\/\/fireware.nl\/de\/wp-json\/wp\/v2\/types\/product"}],"wp:featuredmedia":[{"embeddable":true,"href":"https:\/\/fireware.nl\/de\/wp-json\/wp\/v2\/media\/20448"}],"wp:attachment":[{"href":"https:\/\/fireware.nl\/de\/wp-json\/wp\/v2\/media?parent=18882"}],"wp:term":[{"taxonomy":"product_brand","embeddable":true,"href":"https:\/\/fireware.nl\/de\/wp-json\/wp\/v2\/product_brand?post=18882"},{"taxonomy":"product_cat","embeddable":true,"href":"https:\/\/fireware.nl\/de\/wp-json\/wp\/v2\/product_cat?post=18882"},{"taxonomy":"product_tag","embeddable":true,"href":"https:\/\/fireware.nl\/de\/wp-json\/wp\/v2\/product_tag?post=18882"}],"curies":[{"name":"wp","href":"https:\/\/api.w.org\/{rel}","templated":true}]}}