
{"id":18891,"date":"2019-01-23T12:15:29","date_gmt":"2019-02-01T08:12:31","guid":{"rendered":"http:\/\/fireware.sites.hyperhosting.co\/?post_type=product&#038;p=18891"},"modified":"2023-02-02T13:24:14","modified_gmt":"2023-02-02T13:24:14","slug":"flanschbrand-stand-alone","status":"publish","type":"product","link":"https:\/\/fireware.nl\/de\/produkt\/flanschbrand-stand-alone\/","title":{"rendered":"Flanschbrand Stand-Alone"},"content":{"rendered":"\r\n<h2>Machen Sie schnell und sicher echten Flansch Feuer<\/h2>\r\n<p>Der Flanschbrand Stand-Alone wird manuell mit einem separaten Z\u00fcndbrenner gez\u00fcndet (exklusive). Der Gasschlauch hat einen Klemmgriff, mit dem die Gaszufuhr von der Flasche geregelt wird und auch schnell abgeschaltet werden kann.<\/p>\r\n<p>Der Flange Fire erm\u00f6glicht ein anspruchsvolles Training f\u00fcr Unf\u00e4lle mit gef\u00e4hrlichen Stoffen. Das Schlie\u00dfen des Gashahns simuliert die Unterbrechung der Gaszufuhr. Der Ausbilder l\u00e4sst den Zangengriff los und die \u00dcbung ist bestanden!<\/p>\r\n<p>Dank des intelligenten Designs kann dieser Aufsatz leicht in der mitgelieferten Kunststoffbox verpackt und transportiert werden. Sie hat die praktischen Transportma\u00dfe 60 x 40 x 44 cm. Aus sehr hochwertigem Edelstahl. Auch als Add-on f\u00fcr den Vesta erh\u00e4ltlich<\/p>\r\n","protected":false},"excerpt":{"rendered":"<ul>\n<li>Schnell und einfach ein brennendes Absperrventil simulieren.<\/li>\n<li>Mit verschlie\u00dfbarem Gashahn.<\/li>\n<li>Hochwertiger Edelstahl.<\/li>\n<li>Manuelle Z\u00fcndung (exklusive).<\/li>\n<li>Inklusive Kunststoffbox 60 x 40 x 44 cm.<\/li>\n<\/ul>\n","protected":false},"featured_media":20427,"template":"","meta":[],"product_brand":[],"product_cat":[219,71],"product_tag":[],"class_list":{"0":"post-18891","1":"product","2":"type-product","3":"status-publish","4":"has-post-thumbnail","6":"product_cat-cbrne-de","7":"product_cat-loeschtrainer","9":"first","10":"instock","11":"taxable","12":"shipping-taxable","13":"purchasable","14":"product-type-simple"},"yoast_head":"<!-- This site is optimized with the Yoast SEO plugin v27.5 - https:\/\/yoast.com\/product\/yoast-seo-wordpress\/ -->\n<title>Flanschbrand Stand-Alone: Inszenierung eines Flanschbrandes - FireWare<\/title>\n<meta name=\"description\" content=\"Dieser freistehende L\u00f6schtrainer simuliert einen realistischen Flanschbrand. Weisen Sie die Auszubildenden an, den Gashahn zuzudrehen.\" \/>\n<meta name=\"robots\" content=\"index, follow, max-snippet:-1, max-image-preview:large, max-video-preview:-1\" \/>\n<link rel=\"canonical\" href=\"https:\/\/fireware.nl\/de\/produkt\/flanschbrand-stand-alone\/\" \/>\n<meta property=\"og:locale\" content=\"de_DE\" \/>\n<meta property=\"og:type\" content=\"article\" \/>\n<meta property=\"og:title\" content=\"Flanschbrand Stand-Alone: Inszenierung eines Flanschbrandes - FireWare\" \/>\n<meta property=\"og:description\" content=\"Dieser freistehende L\u00f6schtrainer simuliert einen realistischen Flanschbrand. Weisen Sie die Auszubildenden an, den Gashahn zuzudrehen.\" \/>\n<meta property=\"og:url\" content=\"https:\/\/fireware.nl\/de\/produkt\/flanschbrand-stand-alone\/\" \/>\n<meta property=\"og:site_name\" content=\"FireWare\" \/>\n<meta property=\"article:publisher\" content=\"https:\/\/www.facebook.com\/FireWareBV\/\" \/>\n<meta property=\"article:modified_time\" content=\"2023-02-02T13:24:14+00:00\" \/>\n<meta property=\"og:image\" content=\"https:\/\/fireware.nl\/wp-content\/uploads\/2019\/01\/049-012-013-Stand-alone-Flange-Fire.jpg\" \/>\n\t<meta property=\"og:image:width\" content=\"600\" \/>\n\t<meta property=\"og:image:height\" content=\"600\" \/>\n\t<meta property=\"og:image:type\" content=\"image\/jpeg\" \/>\n<meta name=\"twitter:card\" content=\"summary_large_image\" \/>\n<meta name=\"twitter:site\" content=\"@FireWarebv\" \/>\n<meta name=\"twitter:label1\" content=\"Gesch\u00e4tzte Lesezeit\" \/>\n\t<meta name=\"twitter:data1\" content=\"1\u00a0Minute\" \/>\n<script type=\"application\/ld+json\" class=\"yoast-schema-graph\">{\"@context\":\"https:\\\/\\\/schema.org\",\"@graph\":[{\"@type\":\"WebPage\",\"@id\":\"https:\\\/\\\/fireware.nl\\\/de\\\/produkt\\\/flanschbrand-stand-alone\\\/\",\"url\":\"https:\\\/\\\/fireware.nl\\\/de\\\/produkt\\\/flanschbrand-stand-alone\\\/\",\"name\":\"Flanschbrand Stand-Alone: Inszenierung eines Flanschbrandes - FireWare\",\"isPartOf\":{\"@id\":\"https:\\\/\\\/fireware.nl\\\/de\\\/#website\"},\"primaryImageOfPage\":{\"@id\":\"https:\\\/\\\/fireware.nl\\\/de\\\/produkt\\\/flanschbrand-stand-alone\\\/#primaryimage\"},\"image\":{\"@id\":\"https:\\\/\\\/fireware.nl\\\/de\\\/produkt\\\/flanschbrand-stand-alone\\\/#primaryimage\"},\"thumbnailUrl\":\"https:\\\/\\\/fireware.nl\\\/wp-content\\\/uploads\\\/2019\\\/01\\\/049-012-013-Stand-alone-Flange-Fire.jpg\",\"datePublished\":\"2019-02-01T08:12:31+00:00\",\"dateModified\":\"2023-02-02T13:24:14+00:00\",\"description\":\"Dieser freistehende L\u00f6schtrainer simuliert einen realistischen Flanschbrand. Weisen Sie die Auszubildenden an, den Gashahn zuzudrehen.\",\"breadcrumb\":{\"@id\":\"https:\\\/\\\/fireware.nl\\\/de\\\/produkt\\\/flanschbrand-stand-alone\\\/#breadcrumb\"},\"inLanguage\":\"de\",\"potentialAction\":[{\"@type\":\"ReadAction\",\"target\":[\"https:\\\/\\\/fireware.nl\\\/de\\\/produkt\\\/flanschbrand-stand-alone\\\/\"]}]},{\"@type\":\"ImageObject\",\"inLanguage\":\"de\",\"@id\":\"https:\\\/\\\/fireware.nl\\\/de\\\/produkt\\\/flanschbrand-stand-alone\\\/#primaryimage\",\"url\":\"https:\\\/\\\/fireware.nl\\\/wp-content\\\/uploads\\\/2019\\\/01\\\/049-012-013-Stand-alone-Flange-Fire.jpg\",\"contentUrl\":\"https:\\\/\\\/fireware.nl\\\/wp-content\\\/uploads\\\/2019\\\/01\\\/049-012-013-Stand-alone-Flange-Fire.jpg\",\"width\":600,\"height\":600,\"caption\":\"049-012-013 Stand-alone Flange Fire\"},{\"@type\":\"BreadcrumbList\",\"@id\":\"https:\\\/\\\/fireware.nl\\\/de\\\/produkt\\\/flanschbrand-stand-alone\\\/#breadcrumb\",\"itemListElement\":[{\"@type\":\"ListItem\",\"position\":1,\"name\":\"Home\",\"item\":\"https:\\\/\\\/fireware.nl\\\/de\\\/\"},{\"@type\":\"ListItem\",\"position\":2,\"name\":\"Produkte\",\"item\":\"https:\\\/\\\/fireware.nl\\\/de\\\/produkte\\\/\"},{\"@type\":\"ListItem\",\"position\":3,\"name\":\"Flanschbrand Stand-Alone\"}]},{\"@type\":\"WebSite\",\"@id\":\"https:\\\/\\\/fireware.nl\\\/de\\\/#website\",\"url\":\"https:\\\/\\\/fireware.nl\\\/de\\\/\",\"name\":\"FireWare\",\"description\":\"CREATING REALISTIC  TRAINING ENVIRONMENTS\",\"publisher\":{\"@id\":\"https:\\\/\\\/fireware.nl\\\/de\\\/#organization\"},\"potentialAction\":[{\"@type\":\"SearchAction\",\"target\":{\"@type\":\"EntryPoint\",\"urlTemplate\":\"https:\\\/\\\/fireware.nl\\\/de\\\/?s={search_term_string}\"},\"query-input\":{\"@type\":\"PropertyValueSpecification\",\"valueRequired\":true,\"valueName\":\"search_term_string\"}}],\"inLanguage\":\"de\"},{\"@type\":\"Organization\",\"@id\":\"https:\\\/\\\/fireware.nl\\\/de\\\/#organization\",\"name\":\"FireWare\",\"url\":\"https:\\\/\\\/fireware.nl\\\/de\\\/\",\"logo\":{\"@type\":\"ImageObject\",\"inLanguage\":\"de\",\"@id\":\"https:\\\/\\\/fireware.nl\\\/de\\\/#\\\/schema\\\/logo\\\/image\\\/\",\"url\":\"https:\\\/\\\/fireware.nl\\\/wp-content\\\/uploads\\\/2018\\\/10\\\/FireWare-logo.jpg\",\"contentUrl\":\"https:\\\/\\\/fireware.nl\\\/wp-content\\\/uploads\\\/2018\\\/10\\\/FireWare-logo.jpg\",\"width\":171,\"height\":70,\"caption\":\"FireWare\"},\"image\":{\"@id\":\"https:\\\/\\\/fireware.nl\\\/de\\\/#\\\/schema\\\/logo\\\/image\\\/\"},\"sameAs\":[\"https:\\\/\\\/www.facebook.com\\\/FireWareBV\\\/\",\"https:\\\/\\\/x.com\\\/FireWarebv\",\"https:\\\/\\\/www.instagram.com\\\/fireware_nl\\\/\",\"https:\\\/\\\/www.linkedin.com\\\/company\\\/3586017\\\/\",\"https:\\\/\\\/www.youtube.com\\\/user\\\/firesalesrentconsult\"]}]}<\/script>\n<!-- \/ Yoast SEO plugin. -->","yoast_head_json":{"title":"Flanschbrand Stand-Alone: Inszenierung eines Flanschbrandes - FireWare","description":"Dieser freistehende L\u00f6schtrainer simuliert einen realistischen Flanschbrand. Weisen Sie die Auszubildenden an, den Gashahn zuzudrehen.","robots":{"index":"index","follow":"follow","max-snippet":"max-snippet:-1","max-image-preview":"max-image-preview:large","max-video-preview":"max-video-preview:-1"},"canonical":"https:\/\/fireware.nl\/de\/produkt\/flanschbrand-stand-alone\/","og_locale":"de_DE","og_type":"article","og_title":"Flanschbrand Stand-Alone: Inszenierung eines Flanschbrandes - FireWare","og_description":"Dieser freistehende L\u00f6schtrainer simuliert einen realistischen Flanschbrand. Weisen Sie die Auszubildenden an, den Gashahn zuzudrehen.","og_url":"https:\/\/fireware.nl\/de\/produkt\/flanschbrand-stand-alone\/","og_site_name":"FireWare","article_publisher":"https:\/\/www.facebook.com\/FireWareBV\/","article_modified_time":"2023-02-02T13:24:14+00:00","og_image":[{"width":600,"height":600,"url":"https:\/\/fireware.nl\/wp-content\/uploads\/2019\/01\/049-012-013-Stand-alone-Flange-Fire.jpg","type":"image\/jpeg"}],"twitter_card":"summary_large_image","twitter_site":"@FireWarebv","twitter_misc":{"Gesch\u00e4tzte Lesezeit":"1\u00a0Minute"},"schema":{"@context":"https:\/\/schema.org","@graph":[{"@type":"WebPage","@id":"https:\/\/fireware.nl\/de\/produkt\/flanschbrand-stand-alone\/","url":"https:\/\/fireware.nl\/de\/produkt\/flanschbrand-stand-alone\/","name":"Flanschbrand Stand-Alone: Inszenierung eines Flanschbrandes - FireWare","isPartOf":{"@id":"https:\/\/fireware.nl\/de\/#website"},"primaryImageOfPage":{"@id":"https:\/\/fireware.nl\/de\/produkt\/flanschbrand-stand-alone\/#primaryimage"},"image":{"@id":"https:\/\/fireware.nl\/de\/produkt\/flanschbrand-stand-alone\/#primaryimage"},"thumbnailUrl":"https:\/\/fireware.nl\/wp-content\/uploads\/2019\/01\/049-012-013-Stand-alone-Flange-Fire.jpg","datePublished":"2019-02-01T08:12:31+00:00","dateModified":"2023-02-02T13:24:14+00:00","description":"Dieser freistehende L\u00f6schtrainer simuliert einen realistischen Flanschbrand. Weisen Sie die Auszubildenden an, den Gashahn zuzudrehen.","breadcrumb":{"@id":"https:\/\/fireware.nl\/de\/produkt\/flanschbrand-stand-alone\/#breadcrumb"},"inLanguage":"de","potentialAction":[{"@type":"ReadAction","target":["https:\/\/fireware.nl\/de\/produkt\/flanschbrand-stand-alone\/"]}]},{"@type":"ImageObject","inLanguage":"de","@id":"https:\/\/fireware.nl\/de\/produkt\/flanschbrand-stand-alone\/#primaryimage","url":"https:\/\/fireware.nl\/wp-content\/uploads\/2019\/01\/049-012-013-Stand-alone-Flange-Fire.jpg","contentUrl":"https:\/\/fireware.nl\/wp-content\/uploads\/2019\/01\/049-012-013-Stand-alone-Flange-Fire.jpg","width":600,"height":600,"caption":"049-012-013 Stand-alone Flange Fire"},{"@type":"BreadcrumbList","@id":"https:\/\/fireware.nl\/de\/produkt\/flanschbrand-stand-alone\/#breadcrumb","itemListElement":[{"@type":"ListItem","position":1,"name":"Home","item":"https:\/\/fireware.nl\/de\/"},{"@type":"ListItem","position":2,"name":"Produkte","item":"https:\/\/fireware.nl\/de\/produkte\/"},{"@type":"ListItem","position":3,"name":"Flanschbrand Stand-Alone"}]},{"@type":"WebSite","@id":"https:\/\/fireware.nl\/de\/#website","url":"https:\/\/fireware.nl\/de\/","name":"FireWare","description":"CREATING REALISTIC  TRAINING ENVIRONMENTS","publisher":{"@id":"https:\/\/fireware.nl\/de\/#organization"},"potentialAction":[{"@type":"SearchAction","target":{"@type":"EntryPoint","urlTemplate":"https:\/\/fireware.nl\/de\/?s={search_term_string}"},"query-input":{"@type":"PropertyValueSpecification","valueRequired":true,"valueName":"search_term_string"}}],"inLanguage":"de"},{"@type":"Organization","@id":"https:\/\/fireware.nl\/de\/#organization","name":"FireWare","url":"https:\/\/fireware.nl\/de\/","logo":{"@type":"ImageObject","inLanguage":"de","@id":"https:\/\/fireware.nl\/de\/#\/schema\/logo\/image\/","url":"https:\/\/fireware.nl\/wp-content\/uploads\/2018\/10\/FireWare-logo.jpg","contentUrl":"https:\/\/fireware.nl\/wp-content\/uploads\/2018\/10\/FireWare-logo.jpg","width":171,"height":70,"caption":"FireWare"},"image":{"@id":"https:\/\/fireware.nl\/de\/#\/schema\/logo\/image\/"},"sameAs":["https:\/\/www.facebook.com\/FireWareBV\/","https:\/\/x.com\/FireWarebv","https:\/\/www.instagram.com\/fireware_nl\/","https:\/\/www.linkedin.com\/company\/3586017\/","https:\/\/www.youtube.com\/user\/firesalesrentconsult"]}]}},"publishpress_future_workflow_manual_trigger":{"enabledWorkflows":[]},"_links":{"self":[{"href":"https:\/\/fireware.nl\/de\/wp-json\/wp\/v2\/product\/18891","targetHints":{"allow":["GET"]}}],"collection":[{"href":"https:\/\/fireware.nl\/de\/wp-json\/wp\/v2\/product"}],"about":[{"href":"https:\/\/fireware.nl\/de\/wp-json\/wp\/v2\/types\/product"}],"wp:featuredmedia":[{"embeddable":true,"href":"https:\/\/fireware.nl\/de\/wp-json\/wp\/v2\/media\/20427"}],"wp:attachment":[{"href":"https:\/\/fireware.nl\/de\/wp-json\/wp\/v2\/media?parent=18891"}],"wp:term":[{"taxonomy":"product_brand","embeddable":true,"href":"https:\/\/fireware.nl\/de\/wp-json\/wp\/v2\/product_brand?post=18891"},{"taxonomy":"product_cat","embeddable":true,"href":"https:\/\/fireware.nl\/de\/wp-json\/wp\/v2\/product_cat?post=18891"},{"taxonomy":"product_tag","embeddable":true,"href":"https:\/\/fireware.nl\/de\/wp-json\/wp\/v2\/product_tag?post=18891"}],"curies":[{"name":"wp","href":"https:\/\/api.w.org\/{rel}","templated":true}]}}