
{"id":18898,"date":"2019-01-23T12:15:26","date_gmt":"2019-01-23T12:15:26","guid":{"rendered":"http:\/\/fireware.sites.hyperhosting.co\/?post_type=product&#038;p=18898"},"modified":"2025-02-25T08:26:54","modified_gmt":"2025-02-25T08:26:54","slug":"brenngel-raucharm","status":"publish","type":"product","link":"https:\/\/fireware.nl\/de\/product\/brenngel-raucharm\/","title":{"rendered":"Brenngel Raucharm"},"content":{"rendered":"\r\n<h2>Sicher echtes Feuer<\/h2>\r\n<p>Inszenieren Sie doch einmal eine sehr realistische Flamme in einer Bratpfanne, um zu \u00fcberpr\u00fcfen, ob Ihre Kursteilnehmer die erlernte Theorie gut in der Praxis anwenden k\u00f6nnen. Mit raucharmem Brenngel erzeugen Sie Feuer schnell und sicher. Das Besondere an diesem Gel ist, dass man es in Innenr\u00e4umen verwenden kann, denn es erzeugt so gut wie keinen Rauch. Au\u00dferdem bleiben nach dem Verbrennen kaum Ru\u00dfpartikel zur\u00fcck.<\/p>\r\n<p>Das Feuer dieses Gels wird nicht so hei\u00df wie das bei rauchenden Pasten. Dadurch ist das raucharme Brenngel \u00fcberaus gut geeignet zum Gebrauch auf einer\u00a0Brandpuppe.\u00a0 Die niedrigere Temperatur verl\u00e4ngert die Lebensdauer der Puppe. Das Gel eignet sich f\u00fcr jede nicht brennbare Oberfl\u00e4che, wie zum Beispiel die Motorhaube eines Schrottautos.<\/p>\r\n<p>Brenngel kann man von der Struktur her mit Haargel vergleichen. Daher l\u00e4sst es sich auch auf vertikale und schiefe Oberfl\u00e4chen streichen. Zum Beispiel auf eine Abzugskappe bei einem Brand in einer K\u00fcche.<\/p>\r\n<h2>Video<\/h2>\r\n<p><iframe loading=\"lazy\" src=\"https:\/\/player.vimeo.com\/video\/461745302\" width=\"640\" height=\"500\" frameborder=\"0\" allowfullscreen=\"allowfullscreen\"><\/iframe><\/p>\r\n","protected":false},"excerpt":{"rendered":"<ul>\n<li>4 x 1 Liter.<\/li>\n<li>Produziert eine helle gelbe Flamme mit wenig Rauch.<\/li>\n<li>Zur sicheren und schnellen Erzeugung von Feuer.<\/li>\n<li>L\u00e4sst sich auf allen nicht brennbaren Oberfl\u00e4chen einsetzen.<\/li>\n<li>Geeignet zum Gebrauch in Innenr\u00e4umen.<\/li>\n<li>L\u00e4sst sich sicher ohne Atemgas verwenden.<\/li>\n<li>Geeignet zum Gebrauch auf einer Brandpuppe.<\/li>\n<li>Hinterl\u00e4sst nach dem Verbrennen wenig Ru\u00dfpartikel.<\/li>\n<\/ul>\n","protected":false},"featured_media":20484,"template":"","meta":[],"product_brand":[],"product_cat":[108,71],"product_tag":[],"class_list":{"0":"post-18898","1":"product","2":"type-product","3":"status-publish","4":"has-post-thumbnail","6":"product_cat-brandpuppe","7":"product_cat-loeschtrainer","9":"first","10":"instock","11":"taxable","12":"shipping-taxable","13":"purchasable","14":"product-type-simple"},"yoast_head":"<!-- This site is optimized with the Yoast SEO plugin v27.5 - https:\/\/yoast.com\/product\/yoast-seo-wordpress\/ -->\n<title>Brenngel Raucharm - FireWare<\/title>\n<meta name=\"robots\" content=\"index, follow, max-snippet:-1, max-image-preview:large, max-video-preview:-1\" \/>\n<link rel=\"canonical\" href=\"https:\/\/fireware.nl\/de\/product\/brenngel-raucharm\/\" \/>\n<meta property=\"og:locale\" content=\"de_DE\" \/>\n<meta property=\"og:type\" content=\"article\" \/>\n<meta property=\"og:title\" content=\"Brenngel Raucharm - FireWare\" \/>\n<meta property=\"og:description\" content=\"4 x 1 Liter. Produziert eine helle gelbe Flamme mit wenig Rauch. Zur sicheren und schnellen Erzeugung von Feuer. L\u00e4sst sich auf allen nicht brennbaren Oberfl\u00e4chen einsetzen. Geeignet zum Gebrauch in Innenr\u00e4umen. L\u00e4sst sich sicher ohne Atemgas verwenden. Geeignet zum Gebrauch auf einer Brandpuppe. Hinterl\u00e4sst nach dem Verbrennen wenig Ru\u00dfpartikel.\" \/>\n<meta property=\"og:url\" content=\"https:\/\/fireware.nl\/de\/product\/brenngel-raucharm\/\" \/>\n<meta property=\"og:site_name\" content=\"FireWare\" \/>\n<meta property=\"article:publisher\" content=\"https:\/\/www.facebook.com\/FireWareBV\/\" \/>\n<meta property=\"article:modified_time\" content=\"2025-02-25T08:26:54+00:00\" \/>\n<meta property=\"og:image\" content=\"https:\/\/fireware.nl\/wp-content\/uploads\/2019\/01\/029-030-002-FireWare-Brandgel-Rookarm-1L.jpg\" \/>\n\t<meta property=\"og:image:width\" content=\"600\" \/>\n\t<meta property=\"og:image:height\" content=\"600\" \/>\n\t<meta property=\"og:image:type\" content=\"image\/jpeg\" \/>\n<meta name=\"twitter:card\" content=\"summary_large_image\" \/>\n<meta name=\"twitter:site\" content=\"@FireWarebv\" \/>\n<meta name=\"twitter:label1\" content=\"Gesch\u00e4tzte Lesezeit\" \/>\n\t<meta name=\"twitter:data1\" content=\"1\u00a0Minute\" \/>\n<script type=\"application\/ld+json\" class=\"yoast-schema-graph\">{\"@context\":\"https:\\\/\\\/schema.org\",\"@graph\":[{\"@type\":\"WebPage\",\"@id\":\"https:\\\/\\\/fireware.nl\\\/de\\\/product\\\/brenngel-raucharm\\\/\",\"url\":\"https:\\\/\\\/fireware.nl\\\/de\\\/product\\\/brenngel-raucharm\\\/\",\"name\":\"Brenngel Raucharm - FireWare\",\"isPartOf\":{\"@id\":\"https:\\\/\\\/fireware.nl\\\/de\\\/#website\"},\"primaryImageOfPage\":{\"@id\":\"https:\\\/\\\/fireware.nl\\\/de\\\/product\\\/brenngel-raucharm\\\/#primaryimage\"},\"image\":{\"@id\":\"https:\\\/\\\/fireware.nl\\\/de\\\/product\\\/brenngel-raucharm\\\/#primaryimage\"},\"thumbnailUrl\":\"https:\\\/\\\/fireware.nl\\\/wp-content\\\/uploads\\\/2019\\\/01\\\/029-030-002-FireWare-Brandgel-Rookarm-1L.jpg\",\"datePublished\":\"2019-01-23T12:15:26+00:00\",\"dateModified\":\"2025-02-25T08:26:54+00:00\",\"breadcrumb\":{\"@id\":\"https:\\\/\\\/fireware.nl\\\/de\\\/product\\\/brenngel-raucharm\\\/#breadcrumb\"},\"inLanguage\":\"de\",\"potentialAction\":[{\"@type\":\"ReadAction\",\"target\":[\"https:\\\/\\\/fireware.nl\\\/de\\\/product\\\/brenngel-raucharm\\\/\"]}]},{\"@type\":\"ImageObject\",\"inLanguage\":\"de\",\"@id\":\"https:\\\/\\\/fireware.nl\\\/de\\\/product\\\/brenngel-raucharm\\\/#primaryimage\",\"url\":\"https:\\\/\\\/fireware.nl\\\/wp-content\\\/uploads\\\/2019\\\/01\\\/029-030-002-FireWare-Brandgel-Rookarm-1L.jpg\",\"contentUrl\":\"https:\\\/\\\/fireware.nl\\\/wp-content\\\/uploads\\\/2019\\\/01\\\/029-030-002-FireWare-Brandgel-Rookarm-1L.jpg\",\"width\":600,\"height\":600,\"caption\":\"029-030-002 FireWare Brandgel Rookarm 1L\"},{\"@type\":\"BreadcrumbList\",\"@id\":\"https:\\\/\\\/fireware.nl\\\/de\\\/product\\\/brenngel-raucharm\\\/#breadcrumb\",\"itemListElement\":[{\"@type\":\"ListItem\",\"position\":1,\"name\":\"Home\",\"item\":\"https:\\\/\\\/fireware.nl\\\/de\\\/\"},{\"@type\":\"ListItem\",\"position\":2,\"name\":\"Produkte\",\"item\":\"https:\\\/\\\/fireware.nl\\\/de\\\/produkte\\\/\"},{\"@type\":\"ListItem\",\"position\":3,\"name\":\"Brenngel Raucharm\"}]},{\"@type\":\"WebSite\",\"@id\":\"https:\\\/\\\/fireware.nl\\\/de\\\/#website\",\"url\":\"https:\\\/\\\/fireware.nl\\\/de\\\/\",\"name\":\"FireWare\",\"description\":\"CREATING REALISTIC  TRAINING ENVIRONMENTS\",\"publisher\":{\"@id\":\"https:\\\/\\\/fireware.nl\\\/de\\\/#organization\"},\"potentialAction\":[{\"@type\":\"SearchAction\",\"target\":{\"@type\":\"EntryPoint\",\"urlTemplate\":\"https:\\\/\\\/fireware.nl\\\/de\\\/?s={search_term_string}\"},\"query-input\":{\"@type\":\"PropertyValueSpecification\",\"valueRequired\":true,\"valueName\":\"search_term_string\"}}],\"inLanguage\":\"de\"},{\"@type\":\"Organization\",\"@id\":\"https:\\\/\\\/fireware.nl\\\/de\\\/#organization\",\"name\":\"FireWare\",\"url\":\"https:\\\/\\\/fireware.nl\\\/de\\\/\",\"logo\":{\"@type\":\"ImageObject\",\"inLanguage\":\"de\",\"@id\":\"https:\\\/\\\/fireware.nl\\\/de\\\/#\\\/schema\\\/logo\\\/image\\\/\",\"url\":\"https:\\\/\\\/fireware.nl\\\/wp-content\\\/uploads\\\/2018\\\/10\\\/FireWare-logo.jpg\",\"contentUrl\":\"https:\\\/\\\/fireware.nl\\\/wp-content\\\/uploads\\\/2018\\\/10\\\/FireWare-logo.jpg\",\"width\":171,\"height\":70,\"caption\":\"FireWare\"},\"image\":{\"@id\":\"https:\\\/\\\/fireware.nl\\\/de\\\/#\\\/schema\\\/logo\\\/image\\\/\"},\"sameAs\":[\"https:\\\/\\\/www.facebook.com\\\/FireWareBV\\\/\",\"https:\\\/\\\/x.com\\\/FireWarebv\",\"https:\\\/\\\/www.instagram.com\\\/fireware_nl\\\/\",\"https:\\\/\\\/www.linkedin.com\\\/company\\\/3586017\\\/\",\"https:\\\/\\\/www.youtube.com\\\/user\\\/firesalesrentconsult\"]}]}<\/script>\n<!-- \/ Yoast SEO plugin. -->","yoast_head_json":{"title":"Brenngel Raucharm - FireWare","robots":{"index":"index","follow":"follow","max-snippet":"max-snippet:-1","max-image-preview":"max-image-preview:large","max-video-preview":"max-video-preview:-1"},"canonical":"https:\/\/fireware.nl\/de\/product\/brenngel-raucharm\/","og_locale":"de_DE","og_type":"article","og_title":"Brenngel Raucharm - FireWare","og_description":"4 x 1 Liter. Produziert eine helle gelbe Flamme mit wenig Rauch. Zur sicheren und schnellen Erzeugung von Feuer. L\u00e4sst sich auf allen nicht brennbaren Oberfl\u00e4chen einsetzen. Geeignet zum Gebrauch in Innenr\u00e4umen. L\u00e4sst sich sicher ohne Atemgas verwenden. Geeignet zum Gebrauch auf einer Brandpuppe. Hinterl\u00e4sst nach dem Verbrennen wenig Ru\u00dfpartikel.","og_url":"https:\/\/fireware.nl\/de\/product\/brenngel-raucharm\/","og_site_name":"FireWare","article_publisher":"https:\/\/www.facebook.com\/FireWareBV\/","article_modified_time":"2025-02-25T08:26:54+00:00","og_image":[{"width":600,"height":600,"url":"https:\/\/fireware.nl\/wp-content\/uploads\/2019\/01\/029-030-002-FireWare-Brandgel-Rookarm-1L.jpg","type":"image\/jpeg"}],"twitter_card":"summary_large_image","twitter_site":"@FireWarebv","twitter_misc":{"Gesch\u00e4tzte Lesezeit":"1\u00a0Minute"},"schema":{"@context":"https:\/\/schema.org","@graph":[{"@type":"WebPage","@id":"https:\/\/fireware.nl\/de\/product\/brenngel-raucharm\/","url":"https:\/\/fireware.nl\/de\/product\/brenngel-raucharm\/","name":"Brenngel Raucharm - FireWare","isPartOf":{"@id":"https:\/\/fireware.nl\/de\/#website"},"primaryImageOfPage":{"@id":"https:\/\/fireware.nl\/de\/product\/brenngel-raucharm\/#primaryimage"},"image":{"@id":"https:\/\/fireware.nl\/de\/product\/brenngel-raucharm\/#primaryimage"},"thumbnailUrl":"https:\/\/fireware.nl\/wp-content\/uploads\/2019\/01\/029-030-002-FireWare-Brandgel-Rookarm-1L.jpg","datePublished":"2019-01-23T12:15:26+00:00","dateModified":"2025-02-25T08:26:54+00:00","breadcrumb":{"@id":"https:\/\/fireware.nl\/de\/product\/brenngel-raucharm\/#breadcrumb"},"inLanguage":"de","potentialAction":[{"@type":"ReadAction","target":["https:\/\/fireware.nl\/de\/product\/brenngel-raucharm\/"]}]},{"@type":"ImageObject","inLanguage":"de","@id":"https:\/\/fireware.nl\/de\/product\/brenngel-raucharm\/#primaryimage","url":"https:\/\/fireware.nl\/wp-content\/uploads\/2019\/01\/029-030-002-FireWare-Brandgel-Rookarm-1L.jpg","contentUrl":"https:\/\/fireware.nl\/wp-content\/uploads\/2019\/01\/029-030-002-FireWare-Brandgel-Rookarm-1L.jpg","width":600,"height":600,"caption":"029-030-002 FireWare Brandgel Rookarm 1L"},{"@type":"BreadcrumbList","@id":"https:\/\/fireware.nl\/de\/product\/brenngel-raucharm\/#breadcrumb","itemListElement":[{"@type":"ListItem","position":1,"name":"Home","item":"https:\/\/fireware.nl\/de\/"},{"@type":"ListItem","position":2,"name":"Produkte","item":"https:\/\/fireware.nl\/de\/produkte\/"},{"@type":"ListItem","position":3,"name":"Brenngel Raucharm"}]},{"@type":"WebSite","@id":"https:\/\/fireware.nl\/de\/#website","url":"https:\/\/fireware.nl\/de\/","name":"FireWare","description":"CREATING REALISTIC  TRAINING ENVIRONMENTS","publisher":{"@id":"https:\/\/fireware.nl\/de\/#organization"},"potentialAction":[{"@type":"SearchAction","target":{"@type":"EntryPoint","urlTemplate":"https:\/\/fireware.nl\/de\/?s={search_term_string}"},"query-input":{"@type":"PropertyValueSpecification","valueRequired":true,"valueName":"search_term_string"}}],"inLanguage":"de"},{"@type":"Organization","@id":"https:\/\/fireware.nl\/de\/#organization","name":"FireWare","url":"https:\/\/fireware.nl\/de\/","logo":{"@type":"ImageObject","inLanguage":"de","@id":"https:\/\/fireware.nl\/de\/#\/schema\/logo\/image\/","url":"https:\/\/fireware.nl\/wp-content\/uploads\/2018\/10\/FireWare-logo.jpg","contentUrl":"https:\/\/fireware.nl\/wp-content\/uploads\/2018\/10\/FireWare-logo.jpg","width":171,"height":70,"caption":"FireWare"},"image":{"@id":"https:\/\/fireware.nl\/de\/#\/schema\/logo\/image\/"},"sameAs":["https:\/\/www.facebook.com\/FireWareBV\/","https:\/\/x.com\/FireWarebv","https:\/\/www.instagram.com\/fireware_nl\/","https:\/\/www.linkedin.com\/company\/3586017\/","https:\/\/www.youtube.com\/user\/firesalesrentconsult"]}]}},"publishpress_future_workflow_manual_trigger":{"enabledWorkflows":[]},"_links":{"self":[{"href":"https:\/\/fireware.nl\/de\/wp-json\/wp\/v2\/product\/18898","targetHints":{"allow":["GET"]}}],"collection":[{"href":"https:\/\/fireware.nl\/de\/wp-json\/wp\/v2\/product"}],"about":[{"href":"https:\/\/fireware.nl\/de\/wp-json\/wp\/v2\/types\/product"}],"wp:featuredmedia":[{"embeddable":true,"href":"https:\/\/fireware.nl\/de\/wp-json\/wp\/v2\/media\/20484"}],"wp:attachment":[{"href":"https:\/\/fireware.nl\/de\/wp-json\/wp\/v2\/media?parent=18898"}],"wp:term":[{"taxonomy":"product_brand","embeddable":true,"href":"https:\/\/fireware.nl\/de\/wp-json\/wp\/v2\/product_brand?post=18898"},{"taxonomy":"product_cat","embeddable":true,"href":"https:\/\/fireware.nl\/de\/wp-json\/wp\/v2\/product_cat?post=18898"},{"taxonomy":"product_tag","embeddable":true,"href":"https:\/\/fireware.nl\/de\/wp-json\/wp\/v2\/product_tag?post=18898"}],"curies":[{"name":"wp","href":"https:\/\/api.w.org\/{rel}","templated":true}]}}