
{"id":18902,"date":"2019-01-23T12:15:26","date_gmt":"2019-02-01T08:20:18","guid":{"rendered":"http:\/\/fireware.sites.hyperhosting.co\/?post_type=product&#038;p=18902"},"modified":"2022-11-14T09:21:33","modified_gmt":"2022-11-14T09:21:33","slug":"puppenstaender-fur-brandpuppe-silber","status":"publish","type":"product","link":"https:\/\/fireware.nl\/de\/produkt\/puppenstaender-fur-brandpuppe-silber\/","title":{"rendered":"Puppenst\u00e4nder f\u00fcr Brandpuppe Silber"},"content":{"rendered":"\r\n<h2>Lassen Sie Ihre Testpuppe aufrecht stehen<\/h2>\r\n<p>Mit diesem Puppenst\u00e4nder kann man eine <a href=\"https:\/\/fireware.nl\/de\/produkt\/brandpuppe-silber\/\" target=\"_blank\" rel=\"noopener\">Brandpuppe<\/a> bei einer \u00dcbung aufrecht stehen lassen. So simuliert die Puppe eine brennende stehende Person, und die Kursteilnehmer k\u00f6nnen mit der L\u00f6schdecke \u00fcben. Der St\u00e4nder ist an der R\u00fcckseite abgeflacht, so dass man den brennenden Dummy einfach niederlegen kann.<\/p>\r\n<p>Man kann den St\u00e4nder auch gut zur Lagerung der Puppe nutzen. Auf dem Transport k\u00f6nnen Sie den St\u00e4nder dadurch kompakter machen, durch zwei H\u00e4lften aus einander zu nehmen.<\/p>\r\n","protected":false},"excerpt":{"rendered":"<ul>\n<li>St\u00e4nder f\u00fcr Brandpuppen.<\/li>\n<li>Geeignet f\u00fcr Puppen bis 15 kg.<\/li>\n<li>Zum \u00dcben mit der L\u00f6schdecke.<\/li>\n<li>L\u00e4sst sich aus einander nehmen.<\/li>\n<li><span id=\"result_box\" class=\"short_text\" lang=\"de\"><span class=\"\">Wird als Konstruktionspaket geliefert.<\/span><\/span><\/li>\n<li>Kunststoffkiste f\u00fcr den Transport separat erh\u00e4ltlich.<\/li>\n<\/ul>\n","protected":false},"featured_media":20464,"template":"","meta":[],"product_brand":[],"product_cat":[108,71],"product_tag":[],"class_list":{"0":"post-18902","1":"product","2":"type-product","3":"status-publish","4":"has-post-thumbnail","6":"product_cat-brandpuppe","7":"product_cat-loeschtrainer","9":"first","10":"instock","11":"taxable","12":"shipping-taxable","13":"purchasable","14":"product-type-simple"},"yoast_head":"<!-- This site is optimized with the Yoast SEO plugin v27.5 - https:\/\/yoast.com\/product\/yoast-seo-wordpress\/ -->\n<title>Puppenst\u00e4nder f\u00fcr Brandpuppe Silber - FireWare<\/title>\n<meta name=\"description\" content=\"Mit diesem Puppenst\u00e4nder k\u00f6nnen Sie eine brennende Person simulieren. Bringen Sie den Sch\u00fclern den richtigen Umgang mit einer L\u00f6schdecke bei!\" \/>\n<meta name=\"robots\" content=\"index, follow, max-snippet:-1, max-image-preview:large, max-video-preview:-1\" \/>\n<link rel=\"canonical\" href=\"https:\/\/fireware.nl\/de\/produkt\/puppenstaender-fur-brandpuppe-silber\/\" \/>\n<meta property=\"og:locale\" content=\"de_DE\" \/>\n<meta property=\"og:type\" content=\"article\" \/>\n<meta property=\"og:title\" content=\"Puppenst\u00e4nder f\u00fcr Brandpuppe Silber - FireWare\" \/>\n<meta property=\"og:description\" content=\"Mit diesem Puppenst\u00e4nder k\u00f6nnen Sie eine brennende Person simulieren. Bringen Sie den Sch\u00fclern den richtigen Umgang mit einer L\u00f6schdecke bei!\" \/>\n<meta property=\"og:url\" content=\"https:\/\/fireware.nl\/de\/produkt\/puppenstaender-fur-brandpuppe-silber\/\" \/>\n<meta property=\"og:site_name\" content=\"FireWare\" \/>\n<meta property=\"article:publisher\" content=\"https:\/\/www.facebook.com\/FireWareBV\/\" \/>\n<meta property=\"article:modified_time\" content=\"2022-11-14T09:21:33+00:00\" \/>\n<meta property=\"og:image\" content=\"https:\/\/fireware.nl\/wp-content\/uploads\/2019\/01\/017-062-005-Brandpop-standaard-2.0.jpg\" \/>\n\t<meta property=\"og:image:width\" content=\"600\" \/>\n\t<meta property=\"og:image:height\" content=\"600\" \/>\n\t<meta property=\"og:image:type\" content=\"image\/jpeg\" \/>\n<meta name=\"twitter:card\" content=\"summary_large_image\" \/>\n<meta name=\"twitter:site\" content=\"@FireWarebv\" \/>\n<meta name=\"twitter:label1\" content=\"Gesch\u00e4tzte Lesezeit\" \/>\n\t<meta name=\"twitter:data1\" content=\"1\u00a0Minute\" \/>\n<script type=\"application\/ld+json\" class=\"yoast-schema-graph\">{\"@context\":\"https:\\\/\\\/schema.org\",\"@graph\":[{\"@type\":\"WebPage\",\"@id\":\"https:\\\/\\\/fireware.nl\\\/de\\\/produkt\\\/puppenstaender-fur-brandpuppe-silber\\\/\",\"url\":\"https:\\\/\\\/fireware.nl\\\/de\\\/produkt\\\/puppenstaender-fur-brandpuppe-silber\\\/\",\"name\":\"Puppenst\u00e4nder f\u00fcr Brandpuppe Silber - FireWare\",\"isPartOf\":{\"@id\":\"https:\\\/\\\/fireware.nl\\\/de\\\/#website\"},\"primaryImageOfPage\":{\"@id\":\"https:\\\/\\\/fireware.nl\\\/de\\\/produkt\\\/puppenstaender-fur-brandpuppe-silber\\\/#primaryimage\"},\"image\":{\"@id\":\"https:\\\/\\\/fireware.nl\\\/de\\\/produkt\\\/puppenstaender-fur-brandpuppe-silber\\\/#primaryimage\"},\"thumbnailUrl\":\"https:\\\/\\\/fireware.nl\\\/wp-content\\\/uploads\\\/2019\\\/01\\\/017-062-005-Brandpop-standaard-2.0.jpg\",\"datePublished\":\"2019-02-01T08:20:18+00:00\",\"dateModified\":\"2022-11-14T09:21:33+00:00\",\"description\":\"Mit diesem Puppenst\u00e4nder k\u00f6nnen Sie eine brennende Person simulieren. Bringen Sie den Sch\u00fclern den richtigen Umgang mit einer L\u00f6schdecke bei!\",\"breadcrumb\":{\"@id\":\"https:\\\/\\\/fireware.nl\\\/de\\\/produkt\\\/puppenstaender-fur-brandpuppe-silber\\\/#breadcrumb\"},\"inLanguage\":\"de\",\"potentialAction\":[{\"@type\":\"ReadAction\",\"target\":[\"https:\\\/\\\/fireware.nl\\\/de\\\/produkt\\\/puppenstaender-fur-brandpuppe-silber\\\/\"]}]},{\"@type\":\"ImageObject\",\"inLanguage\":\"de\",\"@id\":\"https:\\\/\\\/fireware.nl\\\/de\\\/produkt\\\/puppenstaender-fur-brandpuppe-silber\\\/#primaryimage\",\"url\":\"https:\\\/\\\/fireware.nl\\\/wp-content\\\/uploads\\\/2019\\\/01\\\/017-062-005-Brandpop-standaard-2.0.jpg\",\"contentUrl\":\"https:\\\/\\\/fireware.nl\\\/wp-content\\\/uploads\\\/2019\\\/01\\\/017-062-005-Brandpop-standaard-2.0.jpg\",\"width\":600,\"height\":600,\"caption\":\"017-062-005 Brandpop standaard 2.0\"},{\"@type\":\"BreadcrumbList\",\"@id\":\"https:\\\/\\\/fireware.nl\\\/de\\\/produkt\\\/puppenstaender-fur-brandpuppe-silber\\\/#breadcrumb\",\"itemListElement\":[{\"@type\":\"ListItem\",\"position\":1,\"name\":\"Home\",\"item\":\"https:\\\/\\\/fireware.nl\\\/de\\\/\"},{\"@type\":\"ListItem\",\"position\":2,\"name\":\"Produkte\",\"item\":\"https:\\\/\\\/fireware.nl\\\/de\\\/produkte\\\/\"},{\"@type\":\"ListItem\",\"position\":3,\"name\":\"Puppenst\u00e4nder f\u00fcr Brandpuppe Silber\"}]},{\"@type\":\"WebSite\",\"@id\":\"https:\\\/\\\/fireware.nl\\\/de\\\/#website\",\"url\":\"https:\\\/\\\/fireware.nl\\\/de\\\/\",\"name\":\"FireWare\",\"description\":\"CREATING REALISTIC  TRAINING ENVIRONMENTS\",\"publisher\":{\"@id\":\"https:\\\/\\\/fireware.nl\\\/de\\\/#organization\"},\"potentialAction\":[{\"@type\":\"SearchAction\",\"target\":{\"@type\":\"EntryPoint\",\"urlTemplate\":\"https:\\\/\\\/fireware.nl\\\/de\\\/?s={search_term_string}\"},\"query-input\":{\"@type\":\"PropertyValueSpecification\",\"valueRequired\":true,\"valueName\":\"search_term_string\"}}],\"inLanguage\":\"de\"},{\"@type\":\"Organization\",\"@id\":\"https:\\\/\\\/fireware.nl\\\/de\\\/#organization\",\"name\":\"FireWare\",\"url\":\"https:\\\/\\\/fireware.nl\\\/de\\\/\",\"logo\":{\"@type\":\"ImageObject\",\"inLanguage\":\"de\",\"@id\":\"https:\\\/\\\/fireware.nl\\\/de\\\/#\\\/schema\\\/logo\\\/image\\\/\",\"url\":\"https:\\\/\\\/fireware.nl\\\/wp-content\\\/uploads\\\/2018\\\/10\\\/FireWare-logo.jpg\",\"contentUrl\":\"https:\\\/\\\/fireware.nl\\\/wp-content\\\/uploads\\\/2018\\\/10\\\/FireWare-logo.jpg\",\"width\":171,\"height\":70,\"caption\":\"FireWare\"},\"image\":{\"@id\":\"https:\\\/\\\/fireware.nl\\\/de\\\/#\\\/schema\\\/logo\\\/image\\\/\"},\"sameAs\":[\"https:\\\/\\\/www.facebook.com\\\/FireWareBV\\\/\",\"https:\\\/\\\/x.com\\\/FireWarebv\",\"https:\\\/\\\/www.instagram.com\\\/fireware_nl\\\/\",\"https:\\\/\\\/www.linkedin.com\\\/company\\\/3586017\\\/\",\"https:\\\/\\\/www.youtube.com\\\/user\\\/firesalesrentconsult\"]}]}<\/script>\n<!-- \/ Yoast SEO plugin. -->","yoast_head_json":{"title":"Puppenst\u00e4nder f\u00fcr Brandpuppe Silber - FireWare","description":"Mit diesem Puppenst\u00e4nder k\u00f6nnen Sie eine brennende Person simulieren. Bringen Sie den Sch\u00fclern den richtigen Umgang mit einer L\u00f6schdecke bei!","robots":{"index":"index","follow":"follow","max-snippet":"max-snippet:-1","max-image-preview":"max-image-preview:large","max-video-preview":"max-video-preview:-1"},"canonical":"https:\/\/fireware.nl\/de\/produkt\/puppenstaender-fur-brandpuppe-silber\/","og_locale":"de_DE","og_type":"article","og_title":"Puppenst\u00e4nder f\u00fcr Brandpuppe Silber - FireWare","og_description":"Mit diesem Puppenst\u00e4nder k\u00f6nnen Sie eine brennende Person simulieren. Bringen Sie den Sch\u00fclern den richtigen Umgang mit einer L\u00f6schdecke bei!","og_url":"https:\/\/fireware.nl\/de\/produkt\/puppenstaender-fur-brandpuppe-silber\/","og_site_name":"FireWare","article_publisher":"https:\/\/www.facebook.com\/FireWareBV\/","article_modified_time":"2022-11-14T09:21:33+00:00","og_image":[{"width":600,"height":600,"url":"https:\/\/fireware.nl\/wp-content\/uploads\/2019\/01\/017-062-005-Brandpop-standaard-2.0.jpg","type":"image\/jpeg"}],"twitter_card":"summary_large_image","twitter_site":"@FireWarebv","twitter_misc":{"Gesch\u00e4tzte Lesezeit":"1\u00a0Minute"},"schema":{"@context":"https:\/\/schema.org","@graph":[{"@type":"WebPage","@id":"https:\/\/fireware.nl\/de\/produkt\/puppenstaender-fur-brandpuppe-silber\/","url":"https:\/\/fireware.nl\/de\/produkt\/puppenstaender-fur-brandpuppe-silber\/","name":"Puppenst\u00e4nder f\u00fcr Brandpuppe Silber - FireWare","isPartOf":{"@id":"https:\/\/fireware.nl\/de\/#website"},"primaryImageOfPage":{"@id":"https:\/\/fireware.nl\/de\/produkt\/puppenstaender-fur-brandpuppe-silber\/#primaryimage"},"image":{"@id":"https:\/\/fireware.nl\/de\/produkt\/puppenstaender-fur-brandpuppe-silber\/#primaryimage"},"thumbnailUrl":"https:\/\/fireware.nl\/wp-content\/uploads\/2019\/01\/017-062-005-Brandpop-standaard-2.0.jpg","datePublished":"2019-02-01T08:20:18+00:00","dateModified":"2022-11-14T09:21:33+00:00","description":"Mit diesem Puppenst\u00e4nder k\u00f6nnen Sie eine brennende Person simulieren. Bringen Sie den Sch\u00fclern den richtigen Umgang mit einer L\u00f6schdecke bei!","breadcrumb":{"@id":"https:\/\/fireware.nl\/de\/produkt\/puppenstaender-fur-brandpuppe-silber\/#breadcrumb"},"inLanguage":"de","potentialAction":[{"@type":"ReadAction","target":["https:\/\/fireware.nl\/de\/produkt\/puppenstaender-fur-brandpuppe-silber\/"]}]},{"@type":"ImageObject","inLanguage":"de","@id":"https:\/\/fireware.nl\/de\/produkt\/puppenstaender-fur-brandpuppe-silber\/#primaryimage","url":"https:\/\/fireware.nl\/wp-content\/uploads\/2019\/01\/017-062-005-Brandpop-standaard-2.0.jpg","contentUrl":"https:\/\/fireware.nl\/wp-content\/uploads\/2019\/01\/017-062-005-Brandpop-standaard-2.0.jpg","width":600,"height":600,"caption":"017-062-005 Brandpop standaard 2.0"},{"@type":"BreadcrumbList","@id":"https:\/\/fireware.nl\/de\/produkt\/puppenstaender-fur-brandpuppe-silber\/#breadcrumb","itemListElement":[{"@type":"ListItem","position":1,"name":"Home","item":"https:\/\/fireware.nl\/de\/"},{"@type":"ListItem","position":2,"name":"Produkte","item":"https:\/\/fireware.nl\/de\/produkte\/"},{"@type":"ListItem","position":3,"name":"Puppenst\u00e4nder f\u00fcr Brandpuppe Silber"}]},{"@type":"WebSite","@id":"https:\/\/fireware.nl\/de\/#website","url":"https:\/\/fireware.nl\/de\/","name":"FireWare","description":"CREATING REALISTIC  TRAINING ENVIRONMENTS","publisher":{"@id":"https:\/\/fireware.nl\/de\/#organization"},"potentialAction":[{"@type":"SearchAction","target":{"@type":"EntryPoint","urlTemplate":"https:\/\/fireware.nl\/de\/?s={search_term_string}"},"query-input":{"@type":"PropertyValueSpecification","valueRequired":true,"valueName":"search_term_string"}}],"inLanguage":"de"},{"@type":"Organization","@id":"https:\/\/fireware.nl\/de\/#organization","name":"FireWare","url":"https:\/\/fireware.nl\/de\/","logo":{"@type":"ImageObject","inLanguage":"de","@id":"https:\/\/fireware.nl\/de\/#\/schema\/logo\/image\/","url":"https:\/\/fireware.nl\/wp-content\/uploads\/2018\/10\/FireWare-logo.jpg","contentUrl":"https:\/\/fireware.nl\/wp-content\/uploads\/2018\/10\/FireWare-logo.jpg","width":171,"height":70,"caption":"FireWare"},"image":{"@id":"https:\/\/fireware.nl\/de\/#\/schema\/logo\/image\/"},"sameAs":["https:\/\/www.facebook.com\/FireWareBV\/","https:\/\/x.com\/FireWarebv","https:\/\/www.instagram.com\/fireware_nl\/","https:\/\/www.linkedin.com\/company\/3586017\/","https:\/\/www.youtube.com\/user\/firesalesrentconsult"]}]}},"publishpress_future_workflow_manual_trigger":{"enabledWorkflows":[]},"_links":{"self":[{"href":"https:\/\/fireware.nl\/de\/wp-json\/wp\/v2\/product\/18902","targetHints":{"allow":["GET"]}}],"collection":[{"href":"https:\/\/fireware.nl\/de\/wp-json\/wp\/v2\/product"}],"about":[{"href":"https:\/\/fireware.nl\/de\/wp-json\/wp\/v2\/types\/product"}],"wp:featuredmedia":[{"embeddable":true,"href":"https:\/\/fireware.nl\/de\/wp-json\/wp\/v2\/media\/20464"}],"wp:attachment":[{"href":"https:\/\/fireware.nl\/de\/wp-json\/wp\/v2\/media?parent=18902"}],"wp:term":[{"taxonomy":"product_brand","embeddable":true,"href":"https:\/\/fireware.nl\/de\/wp-json\/wp\/v2\/product_brand?post=18902"},{"taxonomy":"product_cat","embeddable":true,"href":"https:\/\/fireware.nl\/de\/wp-json\/wp\/v2\/product_cat?post=18902"},{"taxonomy":"product_tag","embeddable":true,"href":"https:\/\/fireware.nl\/de\/wp-json\/wp\/v2\/product_tag?post=18902"}],"curies":[{"name":"wp","href":"https:\/\/api.w.org\/{rel}","templated":true}]}}