
{"id":18903,"date":"2019-01-23T12:15:29","date_gmt":"2019-01-23T12:15:29","guid":{"rendered":"http:\/\/fireware.sites.hyperhosting.co\/?post_type=product&#038;p=18903"},"modified":"2025-09-03T09:11:48","modified_gmt":"2025-09-03T09:11:48","slug":"bloecke-aus-holzimitat-fuer-solid-fire","status":"publish","type":"product","link":"https:\/\/fireware.nl\/de\/produkt\/bloecke-aus-holzimitat\/","title":{"rendered":"Bl\u00f6cke aus Holzimitat"},"content":{"rendered":"<p>Diese Holzimitatbl\u00f6cke machen die \u00dcbung mit dem Solid Fire L\u00f6schtrainer noch realistischer. Mit 5 St\u00fcck ist der Feuerkorb sch\u00f6n gef\u00fcllt und k\u00f6nnen Sie einen Feststoffbrand einfach simulieren. Das L\u00f6schen mit Wasser ist absolut kein Problem!<\/p>\n<p>Die keramischen Bl\u00f6cke sind nat\u00fcrlich wiederverwendbar. Lassen Sie sie allerdings erst gut abk\u00fchlen, bevor Sie sie aus dem Solid Fire nehmen. Gut abgek\u00fchlt k\u00f6nnen die Bl\u00f6cke in einer stabilen Kunststoffkiste mit dem Ma\u00dfen 40 x 30 x 23,5 cm aufbewahrt werden.<\/p>\n","protected":false},"excerpt":{"rendered":"<ul>\n<li>Ideal zum Einsatz im Solid Fire-L\u00f6schtrainer<\/li>\n<li>Simulieren Sie einen Brand der Klasse A<\/li>\n<li>Keramische Holzimitatbl\u00f6cke<\/li>\n<li>Geeignet zum L\u00f6schen mit Wasser<\/li>\n<li>Set bestehend aus 5 St\u00fcck<\/li>\n<li>Die Bl\u00f6cke werden in einer stabilen Kunststoffkiste geliefert 40 x 30 x 23,5 cm<\/li>\n<\/ul>\n","protected":false},"featured_media":68437,"template":"","meta":[],"product_brand":[],"product_cat":[71],"product_tag":[],"class_list":{"0":"post-18903","1":"product","2":"type-product","3":"status-publish","4":"has-post-thumbnail","6":"product_cat-loeschtrainer","8":"first","9":"instock","10":"taxable","11":"shipping-taxable","12":"purchasable","13":"product-type-simple"},"yoast_head":"<!-- This site is optimized with the Yoast SEO plugin v27.5 - https:\/\/yoast.com\/product\/yoast-seo-wordpress\/ -->\n<title>Bl\u00f6cke aus Holzimitat: Brand mit einem festen Stoff simulieren - FireWare<\/title>\n<meta name=\"description\" content=\"Mit diesen keramischen Holzimitaten wird das \u00dcben mit dem Solid Fire L\u00f6schtrainer noch realistischer. Verwenden Sie die Bl\u00f6cke immer wieder!\" \/>\n<meta name=\"robots\" content=\"index, follow, max-snippet:-1, max-image-preview:large, max-video-preview:-1\" \/>\n<link rel=\"canonical\" href=\"https:\/\/fireware.nl\/de\/produkt\/bloecke-aus-holzimitat\/\" \/>\n<meta property=\"og:locale\" content=\"de_DE\" \/>\n<meta property=\"og:type\" content=\"article\" \/>\n<meta property=\"og:title\" content=\"Bl\u00f6cke aus Holzimitat: Brand mit einem festen Stoff simulieren - FireWare\" \/>\n<meta property=\"og:description\" content=\"Mit diesen keramischen Holzimitaten wird das \u00dcben mit dem Solid Fire L\u00f6schtrainer noch realistischer. Verwenden Sie die Bl\u00f6cke immer wieder!\" \/>\n<meta property=\"og:url\" content=\"https:\/\/fireware.nl\/de\/produkt\/bloecke-aus-holzimitat\/\" \/>\n<meta property=\"og:site_name\" content=\"FireWare\" \/>\n<meta property=\"article:publisher\" content=\"https:\/\/www.facebook.com\/FireWareBV\/\" \/>\n<meta property=\"article:modified_time\" content=\"2025-09-03T09:11:48+00:00\" \/>\n<meta property=\"og:image\" content=\"https:\/\/fireware.nl\/wp-content\/uploads\/2019\/01\/049-092-016-Nephoutblokken-stapelen.jpg\" \/>\n\t<meta property=\"og:image:width\" content=\"600\" \/>\n\t<meta property=\"og:image:height\" content=\"600\" \/>\n\t<meta property=\"og:image:type\" content=\"image\/jpeg\" \/>\n<meta name=\"twitter:card\" content=\"summary_large_image\" \/>\n<meta name=\"twitter:site\" content=\"@FireWarebv\" \/>\n<meta name=\"twitter:label1\" content=\"Gesch\u00e4tzte Lesezeit\" \/>\n\t<meta name=\"twitter:data1\" content=\"1\u00a0Minute\" \/>\n<script type=\"application\/ld+json\" class=\"yoast-schema-graph\">{\"@context\":\"https:\\\/\\\/schema.org\",\"@graph\":[{\"@type\":\"WebPage\",\"@id\":\"https:\\\/\\\/fireware.nl\\\/de\\\/produkt\\\/bloecke-aus-holzimitat\\\/\",\"url\":\"https:\\\/\\\/fireware.nl\\\/de\\\/produkt\\\/bloecke-aus-holzimitat\\\/\",\"name\":\"Bl\u00f6cke aus Holzimitat: Brand mit einem festen Stoff simulieren - FireWare\",\"isPartOf\":{\"@id\":\"https:\\\/\\\/fireware.nl\\\/de\\\/#website\"},\"primaryImageOfPage\":{\"@id\":\"https:\\\/\\\/fireware.nl\\\/de\\\/produkt\\\/bloecke-aus-holzimitat\\\/#primaryimage\"},\"image\":{\"@id\":\"https:\\\/\\\/fireware.nl\\\/de\\\/produkt\\\/bloecke-aus-holzimitat\\\/#primaryimage\"},\"thumbnailUrl\":\"https:\\\/\\\/fireware.nl\\\/wp-content\\\/uploads\\\/2019\\\/01\\\/049-092-016-Nephoutblokken-stapelen.jpg\",\"datePublished\":\"2019-01-23T12:15:29+00:00\",\"dateModified\":\"2025-09-03T09:11:48+00:00\",\"description\":\"Mit diesen keramischen Holzimitaten wird das \u00dcben mit dem Solid Fire L\u00f6schtrainer noch realistischer. Verwenden Sie die Bl\u00f6cke immer wieder!\",\"breadcrumb\":{\"@id\":\"https:\\\/\\\/fireware.nl\\\/de\\\/produkt\\\/bloecke-aus-holzimitat\\\/#breadcrumb\"},\"inLanguage\":\"de\",\"potentialAction\":[{\"@type\":\"ReadAction\",\"target\":[\"https:\\\/\\\/fireware.nl\\\/de\\\/produkt\\\/bloecke-aus-holzimitat\\\/\"]}]},{\"@type\":\"ImageObject\",\"inLanguage\":\"de\",\"@id\":\"https:\\\/\\\/fireware.nl\\\/de\\\/produkt\\\/bloecke-aus-holzimitat\\\/#primaryimage\",\"url\":\"https:\\\/\\\/fireware.nl\\\/wp-content\\\/uploads\\\/2019\\\/01\\\/049-092-016-Nephoutblokken-stapelen.jpg\",\"contentUrl\":\"https:\\\/\\\/fireware.nl\\\/wp-content\\\/uploads\\\/2019\\\/01\\\/049-092-016-Nephoutblokken-stapelen.jpg\",\"width\":600,\"height\":600},{\"@type\":\"BreadcrumbList\",\"@id\":\"https:\\\/\\\/fireware.nl\\\/de\\\/produkt\\\/bloecke-aus-holzimitat\\\/#breadcrumb\",\"itemListElement\":[{\"@type\":\"ListItem\",\"position\":1,\"name\":\"Home\",\"item\":\"https:\\\/\\\/fireware.nl\\\/de\\\/\"},{\"@type\":\"ListItem\",\"position\":2,\"name\":\"Produkte\",\"item\":\"https:\\\/\\\/fireware.nl\\\/de\\\/produkte\\\/\"},{\"@type\":\"ListItem\",\"position\":3,\"name\":\"Bl\u00f6cke aus Holzimitat\"}]},{\"@type\":\"WebSite\",\"@id\":\"https:\\\/\\\/fireware.nl\\\/de\\\/#website\",\"url\":\"https:\\\/\\\/fireware.nl\\\/de\\\/\",\"name\":\"FireWare\",\"description\":\"CREATING REALISTIC  TRAINING ENVIRONMENTS\",\"publisher\":{\"@id\":\"https:\\\/\\\/fireware.nl\\\/de\\\/#organization\"},\"potentialAction\":[{\"@type\":\"SearchAction\",\"target\":{\"@type\":\"EntryPoint\",\"urlTemplate\":\"https:\\\/\\\/fireware.nl\\\/de\\\/?s={search_term_string}\"},\"query-input\":{\"@type\":\"PropertyValueSpecification\",\"valueRequired\":true,\"valueName\":\"search_term_string\"}}],\"inLanguage\":\"de\"},{\"@type\":\"Organization\",\"@id\":\"https:\\\/\\\/fireware.nl\\\/de\\\/#organization\",\"name\":\"FireWare\",\"url\":\"https:\\\/\\\/fireware.nl\\\/de\\\/\",\"logo\":{\"@type\":\"ImageObject\",\"inLanguage\":\"de\",\"@id\":\"https:\\\/\\\/fireware.nl\\\/de\\\/#\\\/schema\\\/logo\\\/image\\\/\",\"url\":\"https:\\\/\\\/fireware.nl\\\/wp-content\\\/uploads\\\/2018\\\/10\\\/FireWare-logo.jpg\",\"contentUrl\":\"https:\\\/\\\/fireware.nl\\\/wp-content\\\/uploads\\\/2018\\\/10\\\/FireWare-logo.jpg\",\"width\":171,\"height\":70,\"caption\":\"FireWare\"},\"image\":{\"@id\":\"https:\\\/\\\/fireware.nl\\\/de\\\/#\\\/schema\\\/logo\\\/image\\\/\"},\"sameAs\":[\"https:\\\/\\\/www.facebook.com\\\/FireWareBV\\\/\",\"https:\\\/\\\/x.com\\\/FireWarebv\",\"https:\\\/\\\/www.instagram.com\\\/fireware_nl\\\/\",\"https:\\\/\\\/www.linkedin.com\\\/company\\\/3586017\\\/\",\"https:\\\/\\\/www.youtube.com\\\/user\\\/firesalesrentconsult\"]}]}<\/script>\n<!-- \/ Yoast SEO plugin. -->","yoast_head_json":{"title":"Bl\u00f6cke aus Holzimitat: Brand mit einem festen Stoff simulieren - FireWare","description":"Mit diesen keramischen Holzimitaten wird das \u00dcben mit dem Solid Fire L\u00f6schtrainer noch realistischer. Verwenden Sie die Bl\u00f6cke immer wieder!","robots":{"index":"index","follow":"follow","max-snippet":"max-snippet:-1","max-image-preview":"max-image-preview:large","max-video-preview":"max-video-preview:-1"},"canonical":"https:\/\/fireware.nl\/de\/produkt\/bloecke-aus-holzimitat\/","og_locale":"de_DE","og_type":"article","og_title":"Bl\u00f6cke aus Holzimitat: Brand mit einem festen Stoff simulieren - FireWare","og_description":"Mit diesen keramischen Holzimitaten wird das \u00dcben mit dem Solid Fire L\u00f6schtrainer noch realistischer. Verwenden Sie die Bl\u00f6cke immer wieder!","og_url":"https:\/\/fireware.nl\/de\/produkt\/bloecke-aus-holzimitat\/","og_site_name":"FireWare","article_publisher":"https:\/\/www.facebook.com\/FireWareBV\/","article_modified_time":"2025-09-03T09:11:48+00:00","og_image":[{"width":600,"height":600,"url":"https:\/\/fireware.nl\/wp-content\/uploads\/2019\/01\/049-092-016-Nephoutblokken-stapelen.jpg","type":"image\/jpeg"}],"twitter_card":"summary_large_image","twitter_site":"@FireWarebv","twitter_misc":{"Gesch\u00e4tzte Lesezeit":"1\u00a0Minute"},"schema":{"@context":"https:\/\/schema.org","@graph":[{"@type":"WebPage","@id":"https:\/\/fireware.nl\/de\/produkt\/bloecke-aus-holzimitat\/","url":"https:\/\/fireware.nl\/de\/produkt\/bloecke-aus-holzimitat\/","name":"Bl\u00f6cke aus Holzimitat: Brand mit einem festen Stoff simulieren - FireWare","isPartOf":{"@id":"https:\/\/fireware.nl\/de\/#website"},"primaryImageOfPage":{"@id":"https:\/\/fireware.nl\/de\/produkt\/bloecke-aus-holzimitat\/#primaryimage"},"image":{"@id":"https:\/\/fireware.nl\/de\/produkt\/bloecke-aus-holzimitat\/#primaryimage"},"thumbnailUrl":"https:\/\/fireware.nl\/wp-content\/uploads\/2019\/01\/049-092-016-Nephoutblokken-stapelen.jpg","datePublished":"2019-01-23T12:15:29+00:00","dateModified":"2025-09-03T09:11:48+00:00","description":"Mit diesen keramischen Holzimitaten wird das \u00dcben mit dem Solid Fire L\u00f6schtrainer noch realistischer. Verwenden Sie die Bl\u00f6cke immer wieder!","breadcrumb":{"@id":"https:\/\/fireware.nl\/de\/produkt\/bloecke-aus-holzimitat\/#breadcrumb"},"inLanguage":"de","potentialAction":[{"@type":"ReadAction","target":["https:\/\/fireware.nl\/de\/produkt\/bloecke-aus-holzimitat\/"]}]},{"@type":"ImageObject","inLanguage":"de","@id":"https:\/\/fireware.nl\/de\/produkt\/bloecke-aus-holzimitat\/#primaryimage","url":"https:\/\/fireware.nl\/wp-content\/uploads\/2019\/01\/049-092-016-Nephoutblokken-stapelen.jpg","contentUrl":"https:\/\/fireware.nl\/wp-content\/uploads\/2019\/01\/049-092-016-Nephoutblokken-stapelen.jpg","width":600,"height":600},{"@type":"BreadcrumbList","@id":"https:\/\/fireware.nl\/de\/produkt\/bloecke-aus-holzimitat\/#breadcrumb","itemListElement":[{"@type":"ListItem","position":1,"name":"Home","item":"https:\/\/fireware.nl\/de\/"},{"@type":"ListItem","position":2,"name":"Produkte","item":"https:\/\/fireware.nl\/de\/produkte\/"},{"@type":"ListItem","position":3,"name":"Bl\u00f6cke aus Holzimitat"}]},{"@type":"WebSite","@id":"https:\/\/fireware.nl\/de\/#website","url":"https:\/\/fireware.nl\/de\/","name":"FireWare","description":"CREATING REALISTIC  TRAINING ENVIRONMENTS","publisher":{"@id":"https:\/\/fireware.nl\/de\/#organization"},"potentialAction":[{"@type":"SearchAction","target":{"@type":"EntryPoint","urlTemplate":"https:\/\/fireware.nl\/de\/?s={search_term_string}"},"query-input":{"@type":"PropertyValueSpecification","valueRequired":true,"valueName":"search_term_string"}}],"inLanguage":"de"},{"@type":"Organization","@id":"https:\/\/fireware.nl\/de\/#organization","name":"FireWare","url":"https:\/\/fireware.nl\/de\/","logo":{"@type":"ImageObject","inLanguage":"de","@id":"https:\/\/fireware.nl\/de\/#\/schema\/logo\/image\/","url":"https:\/\/fireware.nl\/wp-content\/uploads\/2018\/10\/FireWare-logo.jpg","contentUrl":"https:\/\/fireware.nl\/wp-content\/uploads\/2018\/10\/FireWare-logo.jpg","width":171,"height":70,"caption":"FireWare"},"image":{"@id":"https:\/\/fireware.nl\/de\/#\/schema\/logo\/image\/"},"sameAs":["https:\/\/www.facebook.com\/FireWareBV\/","https:\/\/x.com\/FireWarebv","https:\/\/www.instagram.com\/fireware_nl\/","https:\/\/www.linkedin.com\/company\/3586017\/","https:\/\/www.youtube.com\/user\/firesalesrentconsult"]}]}},"publishpress_future_workflow_manual_trigger":{"enabledWorkflows":[]},"_links":{"self":[{"href":"https:\/\/fireware.nl\/de\/wp-json\/wp\/v2\/product\/18903","targetHints":{"allow":["GET"]}}],"collection":[{"href":"https:\/\/fireware.nl\/de\/wp-json\/wp\/v2\/product"}],"about":[{"href":"https:\/\/fireware.nl\/de\/wp-json\/wp\/v2\/types\/product"}],"wp:featuredmedia":[{"embeddable":true,"href":"https:\/\/fireware.nl\/de\/wp-json\/wp\/v2\/media\/68437"}],"wp:attachment":[{"href":"https:\/\/fireware.nl\/de\/wp-json\/wp\/v2\/media?parent=18903"}],"wp:term":[{"taxonomy":"product_brand","embeddable":true,"href":"https:\/\/fireware.nl\/de\/wp-json\/wp\/v2\/product_brand?post=18903"},{"taxonomy":"product_cat","embeddable":true,"href":"https:\/\/fireware.nl\/de\/wp-json\/wp\/v2\/product_cat?post=18903"},{"taxonomy":"product_tag","embeddable":true,"href":"https:\/\/fireware.nl\/de\/wp-json\/wp\/v2\/product_tag?post=18903"}],"curies":[{"name":"wp","href":"https:\/\/api.w.org\/{rel}","templated":true}]}}