
{"id":18914,"date":"2019-01-23T12:18:30","date_gmt":"2019-01-23T12:18:30","guid":{"rendered":"http:\/\/fireware.sites.hyperhosting.co\/?post_type=product&#038;p=18914"},"modified":"2025-08-20T13:12:52","modified_gmt":"2025-08-20T13:12:52","slug":"bf-gasschlauch","status":"publish","type":"product","link":"https:\/\/fireware.nl\/de\/product\/bf-gasschlauch\/","title":{"rendered":"BF Gasschlauch"},"content":{"rendered":"\r\n<h2>Gasschlauch f\u00fcr L\u00f6schtrainers<\/h2>\r\n<p>Mit Hilfe einer Verbindung kann das BF Gasschlauch-Set einfach an den BF-L\u00f6schtrainern befestigt werden. Ausgestattet mit einem Druckregler, mit dem Sie den Gasdruck regeln und ablesen k\u00f6nnen. Der Druckgriff l\u00e4sst das Gas durch den Schlauch str\u00f6men. Wenn mehr Druck auf den Griff ausge\u00fcbt wird, str\u00f6mt mehr Gas, was zu h\u00f6heren Flammen f\u00fchrt. Sobald der Griff losgelassen wird, erlischt die Flamme.<\/p>\r\n<p>Falls gew\u00fcnscht, kann mit der Stellschraube eine Z\u00fcndflamme am Griff erzeugt werden. Auf diese Weise flie\u00dft weiterhin eine kleine Menge Gas zum L\u00f6schtrainer, sodass Sie diese nicht jedes Mal neu anz\u00fcnden m\u00fcssen, wenn der Griff losgelassen wird. Der Druckregler hat einen Flammenl\u00f6scher. Sollte dem Gasdruck unerwartet etwas passieren, schaltet der Flammenl\u00f6scher die Gaszufuhr automatisch ab.<\/p>\r\n","protected":false},"excerpt":{"rendered":"<ul>\n<li>Passend f\u00fcr dem <a href=\"https:\/\/fireware.nl\/de\/produkt\/hybrid-loeschtrainer\/\" target=\"_blank\" rel=\"noopener\">FireWare Hybrid<\/a>, der <a href=\"https:\/\/fireware.nl\/de\/product\/solid-fire\/\" target=\"_blank\" rel=\"noopener\">FireWare Solid Fire<\/a>, der <a href=\"https:\/\/fireware.nl\/de\/produkt\/flanschbrand-stand-alone\/\" target=\"_blank\" rel=\"noopener\">Stand-Alone Flange Fire<\/a> und der <a href=\"https:\/\/fireware.nl\/de\/?post_type=product&amp;p=18893\" target=\"_blank\" rel=\"noopener\">Gas Zylinder Stand-Alone<\/a>.<\/li>\n<li>Ausgestattet mit Quetschgriff, Flammenl\u00f6scher und Druckminderventil.<\/li>\n<\/ul>\n","protected":false},"featured_media":20378,"template":"","meta":[],"product_brand":[],"product_cat":[71],"product_tag":[],"class_list":{"0":"post-18914","1":"product","2":"type-product","3":"status-publish","4":"has-post-thumbnail","6":"product_cat-loeschtrainer","8":"first","9":"instock","10":"taxable","11":"shipping-taxable","12":"purchasable","13":"product-type-simple"},"yoast_head":"<!-- This site is optimized with the Yoast SEO plugin v27.5 - https:\/\/yoast.com\/product\/yoast-seo-wordpress\/ -->\n<title>BF Gasschlauch mit Quetschgriff - FireWare<\/title>\n<meta name=\"description\" content=\"Ausgestattet mit Quetschgriff, Flammenl\u00f6scher und Druckminderventil. Geeignet f\u00fcr verschiedene L\u00f6schtrainer von FireWare.\" \/>\n<meta name=\"robots\" content=\"index, follow, max-snippet:-1, max-image-preview:large, max-video-preview:-1\" \/>\n<link rel=\"canonical\" href=\"https:\/\/fireware.nl\/de\/product\/bf-gasschlauch\/\" \/>\n<meta property=\"og:locale\" content=\"de_DE\" \/>\n<meta property=\"og:type\" content=\"article\" \/>\n<meta property=\"og:title\" content=\"BF Gasschlauch mit Quetschgriff - FireWare\" \/>\n<meta property=\"og:description\" content=\"Ausgestattet mit Quetschgriff, Flammenl\u00f6scher und Druckminderventil. Geeignet f\u00fcr verschiedene L\u00f6schtrainer von FireWare.\" \/>\n<meta property=\"og:url\" content=\"https:\/\/fireware.nl\/de\/product\/bf-gasschlauch\/\" \/>\n<meta property=\"og:site_name\" content=\"FireWare\" \/>\n<meta property=\"article:publisher\" content=\"https:\/\/www.facebook.com\/FireWareBV\/\" \/>\n<meta property=\"article:modified_time\" content=\"2025-08-20T13:12:52+00:00\" \/>\n<meta property=\"og:image\" content=\"https:\/\/fireware.nl\/wp-content\/uploads\/2019\/01\/049-092-011-BF-Gasslangenset-bovenaanzicht.jpg\" \/>\n\t<meta property=\"og:image:width\" content=\"600\" \/>\n\t<meta property=\"og:image:height\" content=\"600\" \/>\n\t<meta property=\"og:image:type\" content=\"image\/jpeg\" \/>\n<meta name=\"twitter:card\" content=\"summary_large_image\" \/>\n<meta name=\"twitter:site\" content=\"@FireWarebv\" \/>\n<meta name=\"twitter:label1\" content=\"Gesch\u00e4tzte Lesezeit\" \/>\n\t<meta name=\"twitter:data1\" content=\"1\u00a0Minute\" \/>\n<script type=\"application\/ld+json\" class=\"yoast-schema-graph\">{\"@context\":\"https:\\\/\\\/schema.org\",\"@graph\":[{\"@type\":\"WebPage\",\"@id\":\"https:\\\/\\\/fireware.nl\\\/de\\\/product\\\/bf-gasschlauch\\\/\",\"url\":\"https:\\\/\\\/fireware.nl\\\/de\\\/product\\\/bf-gasschlauch\\\/\",\"name\":\"BF Gasschlauch mit Quetschgriff - FireWare\",\"isPartOf\":{\"@id\":\"https:\\\/\\\/fireware.nl\\\/de\\\/#website\"},\"primaryImageOfPage\":{\"@id\":\"https:\\\/\\\/fireware.nl\\\/de\\\/product\\\/bf-gasschlauch\\\/#primaryimage\"},\"image\":{\"@id\":\"https:\\\/\\\/fireware.nl\\\/de\\\/product\\\/bf-gasschlauch\\\/#primaryimage\"},\"thumbnailUrl\":\"https:\\\/\\\/fireware.nl\\\/wp-content\\\/uploads\\\/2019\\\/01\\\/049-092-011-BF-Gasslangenset-bovenaanzicht.jpg\",\"datePublished\":\"2019-01-23T12:18:30+00:00\",\"dateModified\":\"2025-08-20T13:12:52+00:00\",\"description\":\"Ausgestattet mit Quetschgriff, Flammenl\u00f6scher und Druckminderventil. Geeignet f\u00fcr verschiedene L\u00f6schtrainer von FireWare.\",\"breadcrumb\":{\"@id\":\"https:\\\/\\\/fireware.nl\\\/de\\\/product\\\/bf-gasschlauch\\\/#breadcrumb\"},\"inLanguage\":\"de\",\"potentialAction\":[{\"@type\":\"ReadAction\",\"target\":[\"https:\\\/\\\/fireware.nl\\\/de\\\/product\\\/bf-gasschlauch\\\/\"]}]},{\"@type\":\"ImageObject\",\"inLanguage\":\"de\",\"@id\":\"https:\\\/\\\/fireware.nl\\\/de\\\/product\\\/bf-gasschlauch\\\/#primaryimage\",\"url\":\"https:\\\/\\\/fireware.nl\\\/wp-content\\\/uploads\\\/2019\\\/01\\\/049-092-011-BF-Gasslangenset-bovenaanzicht.jpg\",\"contentUrl\":\"https:\\\/\\\/fireware.nl\\\/wp-content\\\/uploads\\\/2019\\\/01\\\/049-092-011-BF-Gasslangenset-bovenaanzicht.jpg\",\"width\":600,\"height\":600,\"caption\":\"049-092-011 BF Gasslangenset bovenaanzicht\"},{\"@type\":\"BreadcrumbList\",\"@id\":\"https:\\\/\\\/fireware.nl\\\/de\\\/product\\\/bf-gasschlauch\\\/#breadcrumb\",\"itemListElement\":[{\"@type\":\"ListItem\",\"position\":1,\"name\":\"Home\",\"item\":\"https:\\\/\\\/fireware.nl\\\/de\\\/\"},{\"@type\":\"ListItem\",\"position\":2,\"name\":\"Produkte\",\"item\":\"https:\\\/\\\/fireware.nl\\\/de\\\/produkte\\\/\"},{\"@type\":\"ListItem\",\"position\":3,\"name\":\"BF Gasschlauch\"}]},{\"@type\":\"WebSite\",\"@id\":\"https:\\\/\\\/fireware.nl\\\/de\\\/#website\",\"url\":\"https:\\\/\\\/fireware.nl\\\/de\\\/\",\"name\":\"FireWare\",\"description\":\"CREATING REALISTIC  TRAINING ENVIRONMENTS\",\"publisher\":{\"@id\":\"https:\\\/\\\/fireware.nl\\\/de\\\/#organization\"},\"potentialAction\":[{\"@type\":\"SearchAction\",\"target\":{\"@type\":\"EntryPoint\",\"urlTemplate\":\"https:\\\/\\\/fireware.nl\\\/de\\\/?s={search_term_string}\"},\"query-input\":{\"@type\":\"PropertyValueSpecification\",\"valueRequired\":true,\"valueName\":\"search_term_string\"}}],\"inLanguage\":\"de\"},{\"@type\":\"Organization\",\"@id\":\"https:\\\/\\\/fireware.nl\\\/de\\\/#organization\",\"name\":\"FireWare\",\"url\":\"https:\\\/\\\/fireware.nl\\\/de\\\/\",\"logo\":{\"@type\":\"ImageObject\",\"inLanguage\":\"de\",\"@id\":\"https:\\\/\\\/fireware.nl\\\/de\\\/#\\\/schema\\\/logo\\\/image\\\/\",\"url\":\"https:\\\/\\\/fireware.nl\\\/wp-content\\\/uploads\\\/2018\\\/10\\\/FireWare-logo.jpg\",\"contentUrl\":\"https:\\\/\\\/fireware.nl\\\/wp-content\\\/uploads\\\/2018\\\/10\\\/FireWare-logo.jpg\",\"width\":171,\"height\":70,\"caption\":\"FireWare\"},\"image\":{\"@id\":\"https:\\\/\\\/fireware.nl\\\/de\\\/#\\\/schema\\\/logo\\\/image\\\/\"},\"sameAs\":[\"https:\\\/\\\/www.facebook.com\\\/FireWareBV\\\/\",\"https:\\\/\\\/x.com\\\/FireWarebv\",\"https:\\\/\\\/www.instagram.com\\\/fireware_nl\\\/\",\"https:\\\/\\\/www.linkedin.com\\\/company\\\/3586017\\\/\",\"https:\\\/\\\/www.youtube.com\\\/user\\\/firesalesrentconsult\"]}]}<\/script>\n<!-- \/ Yoast SEO plugin. -->","yoast_head_json":{"title":"BF Gasschlauch mit Quetschgriff - FireWare","description":"Ausgestattet mit Quetschgriff, Flammenl\u00f6scher und Druckminderventil. Geeignet f\u00fcr verschiedene L\u00f6schtrainer von FireWare.","robots":{"index":"index","follow":"follow","max-snippet":"max-snippet:-1","max-image-preview":"max-image-preview:large","max-video-preview":"max-video-preview:-1"},"canonical":"https:\/\/fireware.nl\/de\/product\/bf-gasschlauch\/","og_locale":"de_DE","og_type":"article","og_title":"BF Gasschlauch mit Quetschgriff - FireWare","og_description":"Ausgestattet mit Quetschgriff, Flammenl\u00f6scher und Druckminderventil. Geeignet f\u00fcr verschiedene L\u00f6schtrainer von FireWare.","og_url":"https:\/\/fireware.nl\/de\/product\/bf-gasschlauch\/","og_site_name":"FireWare","article_publisher":"https:\/\/www.facebook.com\/FireWareBV\/","article_modified_time":"2025-08-20T13:12:52+00:00","og_image":[{"width":600,"height":600,"url":"https:\/\/fireware.nl\/wp-content\/uploads\/2019\/01\/049-092-011-BF-Gasslangenset-bovenaanzicht.jpg","type":"image\/jpeg"}],"twitter_card":"summary_large_image","twitter_site":"@FireWarebv","twitter_misc":{"Gesch\u00e4tzte Lesezeit":"1\u00a0Minute"},"schema":{"@context":"https:\/\/schema.org","@graph":[{"@type":"WebPage","@id":"https:\/\/fireware.nl\/de\/product\/bf-gasschlauch\/","url":"https:\/\/fireware.nl\/de\/product\/bf-gasschlauch\/","name":"BF Gasschlauch mit Quetschgriff - FireWare","isPartOf":{"@id":"https:\/\/fireware.nl\/de\/#website"},"primaryImageOfPage":{"@id":"https:\/\/fireware.nl\/de\/product\/bf-gasschlauch\/#primaryimage"},"image":{"@id":"https:\/\/fireware.nl\/de\/product\/bf-gasschlauch\/#primaryimage"},"thumbnailUrl":"https:\/\/fireware.nl\/wp-content\/uploads\/2019\/01\/049-092-011-BF-Gasslangenset-bovenaanzicht.jpg","datePublished":"2019-01-23T12:18:30+00:00","dateModified":"2025-08-20T13:12:52+00:00","description":"Ausgestattet mit Quetschgriff, Flammenl\u00f6scher und Druckminderventil. Geeignet f\u00fcr verschiedene L\u00f6schtrainer von FireWare.","breadcrumb":{"@id":"https:\/\/fireware.nl\/de\/product\/bf-gasschlauch\/#breadcrumb"},"inLanguage":"de","potentialAction":[{"@type":"ReadAction","target":["https:\/\/fireware.nl\/de\/product\/bf-gasschlauch\/"]}]},{"@type":"ImageObject","inLanguage":"de","@id":"https:\/\/fireware.nl\/de\/product\/bf-gasschlauch\/#primaryimage","url":"https:\/\/fireware.nl\/wp-content\/uploads\/2019\/01\/049-092-011-BF-Gasslangenset-bovenaanzicht.jpg","contentUrl":"https:\/\/fireware.nl\/wp-content\/uploads\/2019\/01\/049-092-011-BF-Gasslangenset-bovenaanzicht.jpg","width":600,"height":600,"caption":"049-092-011 BF Gasslangenset bovenaanzicht"},{"@type":"BreadcrumbList","@id":"https:\/\/fireware.nl\/de\/product\/bf-gasschlauch\/#breadcrumb","itemListElement":[{"@type":"ListItem","position":1,"name":"Home","item":"https:\/\/fireware.nl\/de\/"},{"@type":"ListItem","position":2,"name":"Produkte","item":"https:\/\/fireware.nl\/de\/produkte\/"},{"@type":"ListItem","position":3,"name":"BF Gasschlauch"}]},{"@type":"WebSite","@id":"https:\/\/fireware.nl\/de\/#website","url":"https:\/\/fireware.nl\/de\/","name":"FireWare","description":"CREATING REALISTIC  TRAINING ENVIRONMENTS","publisher":{"@id":"https:\/\/fireware.nl\/de\/#organization"},"potentialAction":[{"@type":"SearchAction","target":{"@type":"EntryPoint","urlTemplate":"https:\/\/fireware.nl\/de\/?s={search_term_string}"},"query-input":{"@type":"PropertyValueSpecification","valueRequired":true,"valueName":"search_term_string"}}],"inLanguage":"de"},{"@type":"Organization","@id":"https:\/\/fireware.nl\/de\/#organization","name":"FireWare","url":"https:\/\/fireware.nl\/de\/","logo":{"@type":"ImageObject","inLanguage":"de","@id":"https:\/\/fireware.nl\/de\/#\/schema\/logo\/image\/","url":"https:\/\/fireware.nl\/wp-content\/uploads\/2018\/10\/FireWare-logo.jpg","contentUrl":"https:\/\/fireware.nl\/wp-content\/uploads\/2018\/10\/FireWare-logo.jpg","width":171,"height":70,"caption":"FireWare"},"image":{"@id":"https:\/\/fireware.nl\/de\/#\/schema\/logo\/image\/"},"sameAs":["https:\/\/www.facebook.com\/FireWareBV\/","https:\/\/x.com\/FireWarebv","https:\/\/www.instagram.com\/fireware_nl\/","https:\/\/www.linkedin.com\/company\/3586017\/","https:\/\/www.youtube.com\/user\/firesalesrentconsult"]}]}},"publishpress_future_workflow_manual_trigger":{"enabledWorkflows":[]},"_links":{"self":[{"href":"https:\/\/fireware.nl\/de\/wp-json\/wp\/v2\/product\/18914","targetHints":{"allow":["GET"]}}],"collection":[{"href":"https:\/\/fireware.nl\/de\/wp-json\/wp\/v2\/product"}],"about":[{"href":"https:\/\/fireware.nl\/de\/wp-json\/wp\/v2\/types\/product"}],"wp:featuredmedia":[{"embeddable":true,"href":"https:\/\/fireware.nl\/de\/wp-json\/wp\/v2\/media\/20378"}],"wp:attachment":[{"href":"https:\/\/fireware.nl\/de\/wp-json\/wp\/v2\/media?parent=18914"}],"wp:term":[{"taxonomy":"product_brand","embeddable":true,"href":"https:\/\/fireware.nl\/de\/wp-json\/wp\/v2\/product_brand?post=18914"},{"taxonomy":"product_cat","embeddable":true,"href":"https:\/\/fireware.nl\/de\/wp-json\/wp\/v2\/product_cat?post=18914"},{"taxonomy":"product_tag","embeddable":true,"href":"https:\/\/fireware.nl\/de\/wp-json\/wp\/v2\/product_tag?post=18914"}],"curies":[{"name":"wp","href":"https:\/\/api.w.org\/{rel}","templated":true}]}}