
{"id":18961,"date":"2019-01-23T12:16:11","date_gmt":"2019-02-01T08:51:43","guid":{"rendered":"http:\/\/fireware.sites.hyperhosting.co\/?post_type=product&#038;p=18961"},"modified":"2022-09-16T14:23:44","modified_gmt":"2022-09-16T14:23:44","slug":"smoky-multi-socket","status":"publish","type":"product","link":"https:\/\/fireware.nl\/de\/produkt\/smoky-multi-socket\/","title":{"rendered":"Smoky Multi Socket"},"content":{"rendered":"\n\n\t<h2>Ein rauchender Steckdosenblock<\/h2>\n<p>Der Smoky Multi Socket sieht aus und funktioniert wie ein Steckdosenblock. Wenn man den Schalter an der angeschlossenen Draht-Fernbedienung aber umschaltet, f\u00e4ngt der Block an zu rauchen und knistert leise. Jetzt kommt es zum Kurzschluss&#8230; Zieht man den Stecker aus der Steckdose, h\u00f6rt dieser Effekt schnell auf. Die &#8216;Gefahr&#8217; ist dann gebannt.<\/p>\n<p>Der Smoky Multi Socket ist prima f\u00fcr Praxis- und Theorieunterricht geeignet. Der Steckdosenblock kann n\u00e4mlich alles verl\u00e4ngern, vom Stabmixer in der K\u00fcche bis zum Laptop eines Dozenten in der Theoriestunde. Testen Sie das Reaktionsverm\u00f6gen Ihrer Kursteilnehmer mit diesem einzigartigen rauchenden Steckdosenblock!<\/p>\n<p>Die Steckdose hat 4 Anschl\u00fcsse, die funktionieren. Zwischen den Kontakten wurde ein kleiner Rauchgenerator eingebaut. Ist das Rauchelement eingeschaltet, brennt die kleine LED-Anzeigelampe. Zum Nachf\u00fcllen des Generators wird eine Injektionsspritze mitgeliefert. Auch ein Fl\u00e4schchen <a href=\"https:\/\/fireware.nl\/de\/produkt\/cirrus-fluid\/\" target=\"_blank\" rel=\"noopener\">Nebelfl\u00fcssigkeit<\/a> (10 mL) ist inklusive.<\/p>\n<h2>Sehen Sie sich das Video hier an<\/h2>\n\t<iframe loading=\"lazy\" src=\"https:\/\/player.vimeo.com\/video\/176462610?rel=0\" width=\"640\" height=\"360\" frameborder=\"0\" allow=\"autoplay; fullscreen; picture-in-picture\" allowfullscreen><\/iframe>\n\n","protected":false},"excerpt":{"rendered":"<ul>\n<li><strong>Verwenden Sie nur <a href=\"https:\/\/fireware.nl\/de\/produkt\/cirrus-fluid\/\" target=\"_blank\" rel=\"noopener\">Cirrus Smoke Fluid<\/a><\/strong><\/li>\n<li>Rauchender Steckdosenblock.<\/li>\n<li>Macht ein knisterndes Ger\u00e4usch.<\/li>\n<li>LED Anzeigelampe Ein\/ Aus.<\/li>\n<li>Inklusive Rauchfl\u00fcssigkeit und Dosierspritze.<\/li>\n<\/ul>\n","protected":false},"featured_media":62728,"template":"","meta":[],"product_brand":[],"product_cat":[93,77,80],"product_tag":[],"class_list":{"0":"post-18961","1":"product","2":"type-product","3":"status-publish","4":"has-post-thumbnail","6":"product_cat-demo-produkte","7":"product_cat-nebel","8":"product_cat-nebelmaschinen","10":"first","11":"instock","12":"taxable","13":"shipping-taxable","14":"purchasable","15":"product-type-simple"},"yoast_head":"<!-- This site is optimized with the Yoast SEO plugin v27.5 - https:\/\/yoast.com\/product\/yoast-seo-wordpress\/ -->\n<title>Smoky Multi Socket: inszenier ein realistischer Kurzschluss - FireWare<\/title>\n<meta name=\"description\" content=\"Inszenierung eines Kurzschlusses? Die Smoky Multi Socket hat das Aussehen und die Funktionalit\u00e4t einer echten Mehrfachsteckdose.\" \/>\n<meta name=\"robots\" content=\"index, follow, max-snippet:-1, max-image-preview:large, max-video-preview:-1\" \/>\n<link rel=\"canonical\" href=\"https:\/\/fireware.nl\/de\/produkt\/smoky-multi-socket\/\" \/>\n<meta property=\"og:locale\" content=\"de_DE\" \/>\n<meta property=\"og:type\" content=\"article\" \/>\n<meta property=\"og:title\" content=\"Smoky Multi Socket: inszenier ein realistischer Kurzschluss - FireWare\" \/>\n<meta property=\"og:description\" content=\"Inszenierung eines Kurzschlusses? Die Smoky Multi Socket hat das Aussehen und die Funktionalit\u00e4t einer echten Mehrfachsteckdose.\" \/>\n<meta property=\"og:url\" content=\"https:\/\/fireware.nl\/de\/produkt\/smoky-multi-socket\/\" \/>\n<meta property=\"og:site_name\" content=\"FireWare\" \/>\n<meta property=\"article:publisher\" content=\"https:\/\/www.facebook.com\/FireWareBV\/\" \/>\n<meta property=\"article:modified_time\" content=\"2022-09-16T14:23:44+00:00\" \/>\n<meta property=\"og:image\" content=\"https:\/\/fireware.nl\/wp-content\/uploads\/2021\/07\/025-012-002-Smoky-Multi-Socket.jpg\" \/>\n\t<meta property=\"og:image:width\" content=\"600\" \/>\n\t<meta property=\"og:image:height\" content=\"600\" \/>\n\t<meta property=\"og:image:type\" content=\"image\/jpeg\" \/>\n<meta name=\"twitter:card\" content=\"summary_large_image\" \/>\n<meta name=\"twitter:site\" content=\"@FireWarebv\" \/>\n<meta name=\"twitter:label1\" content=\"Gesch\u00e4tzte Lesezeit\" \/>\n\t<meta name=\"twitter:data1\" content=\"1\u00a0Minute\" \/>\n<script type=\"application\/ld+json\" class=\"yoast-schema-graph\">{\"@context\":\"https:\\\/\\\/schema.org\",\"@graph\":[{\"@type\":\"WebPage\",\"@id\":\"https:\\\/\\\/fireware.nl\\\/de\\\/produkt\\\/smoky-multi-socket\\\/\",\"url\":\"https:\\\/\\\/fireware.nl\\\/de\\\/produkt\\\/smoky-multi-socket\\\/\",\"name\":\"Smoky Multi Socket: inszenier ein realistischer Kurzschluss - FireWare\",\"isPartOf\":{\"@id\":\"https:\\\/\\\/fireware.nl\\\/de\\\/#website\"},\"primaryImageOfPage\":{\"@id\":\"https:\\\/\\\/fireware.nl\\\/de\\\/produkt\\\/smoky-multi-socket\\\/#primaryimage\"},\"image\":{\"@id\":\"https:\\\/\\\/fireware.nl\\\/de\\\/produkt\\\/smoky-multi-socket\\\/#primaryimage\"},\"thumbnailUrl\":\"https:\\\/\\\/fireware.nl\\\/wp-content\\\/uploads\\\/2021\\\/07\\\/025-012-002-Smoky-Multi-Socket.jpg\",\"datePublished\":\"2019-02-01T08:51:43+00:00\",\"dateModified\":\"2022-09-16T14:23:44+00:00\",\"description\":\"Inszenierung eines Kurzschlusses? Die Smoky Multi Socket hat das Aussehen und die Funktionalit\u00e4t einer echten Mehrfachsteckdose.\",\"breadcrumb\":{\"@id\":\"https:\\\/\\\/fireware.nl\\\/de\\\/produkt\\\/smoky-multi-socket\\\/#breadcrumb\"},\"inLanguage\":\"de\",\"potentialAction\":[{\"@type\":\"ReadAction\",\"target\":[\"https:\\\/\\\/fireware.nl\\\/de\\\/produkt\\\/smoky-multi-socket\\\/\"]}]},{\"@type\":\"ImageObject\",\"inLanguage\":\"de\",\"@id\":\"https:\\\/\\\/fireware.nl\\\/de\\\/produkt\\\/smoky-multi-socket\\\/#primaryimage\",\"url\":\"https:\\\/\\\/fireware.nl\\\/wp-content\\\/uploads\\\/2021\\\/07\\\/025-012-002-Smoky-Multi-Socket.jpg\",\"contentUrl\":\"https:\\\/\\\/fireware.nl\\\/wp-content\\\/uploads\\\/2021\\\/07\\\/025-012-002-Smoky-Multi-Socket.jpg\",\"width\":600,\"height\":600},{\"@type\":\"BreadcrumbList\",\"@id\":\"https:\\\/\\\/fireware.nl\\\/de\\\/produkt\\\/smoky-multi-socket\\\/#breadcrumb\",\"itemListElement\":[{\"@type\":\"ListItem\",\"position\":1,\"name\":\"Home\",\"item\":\"https:\\\/\\\/fireware.nl\\\/de\\\/\"},{\"@type\":\"ListItem\",\"position\":2,\"name\":\"Produkte\",\"item\":\"https:\\\/\\\/fireware.nl\\\/de\\\/produkte\\\/\"},{\"@type\":\"ListItem\",\"position\":3,\"name\":\"Smoky Multi Socket\"}]},{\"@type\":\"WebSite\",\"@id\":\"https:\\\/\\\/fireware.nl\\\/de\\\/#website\",\"url\":\"https:\\\/\\\/fireware.nl\\\/de\\\/\",\"name\":\"FireWare\",\"description\":\"CREATING REALISTIC  TRAINING ENVIRONMENTS\",\"publisher\":{\"@id\":\"https:\\\/\\\/fireware.nl\\\/de\\\/#organization\"},\"potentialAction\":[{\"@type\":\"SearchAction\",\"target\":{\"@type\":\"EntryPoint\",\"urlTemplate\":\"https:\\\/\\\/fireware.nl\\\/de\\\/?s={search_term_string}\"},\"query-input\":{\"@type\":\"PropertyValueSpecification\",\"valueRequired\":true,\"valueName\":\"search_term_string\"}}],\"inLanguage\":\"de\"},{\"@type\":\"Organization\",\"@id\":\"https:\\\/\\\/fireware.nl\\\/de\\\/#organization\",\"name\":\"FireWare\",\"url\":\"https:\\\/\\\/fireware.nl\\\/de\\\/\",\"logo\":{\"@type\":\"ImageObject\",\"inLanguage\":\"de\",\"@id\":\"https:\\\/\\\/fireware.nl\\\/de\\\/#\\\/schema\\\/logo\\\/image\\\/\",\"url\":\"https:\\\/\\\/fireware.nl\\\/wp-content\\\/uploads\\\/2018\\\/10\\\/FireWare-logo.jpg\",\"contentUrl\":\"https:\\\/\\\/fireware.nl\\\/wp-content\\\/uploads\\\/2018\\\/10\\\/FireWare-logo.jpg\",\"width\":171,\"height\":70,\"caption\":\"FireWare\"},\"image\":{\"@id\":\"https:\\\/\\\/fireware.nl\\\/de\\\/#\\\/schema\\\/logo\\\/image\\\/\"},\"sameAs\":[\"https:\\\/\\\/www.facebook.com\\\/FireWareBV\\\/\",\"https:\\\/\\\/x.com\\\/FireWarebv\",\"https:\\\/\\\/www.instagram.com\\\/fireware_nl\\\/\",\"https:\\\/\\\/www.linkedin.com\\\/company\\\/3586017\\\/\",\"https:\\\/\\\/www.youtube.com\\\/user\\\/firesalesrentconsult\"]}]}<\/script>\n<!-- \/ Yoast SEO plugin. -->","yoast_head_json":{"title":"Smoky Multi Socket: inszenier ein realistischer Kurzschluss - FireWare","description":"Inszenierung eines Kurzschlusses? Die Smoky Multi Socket hat das Aussehen und die Funktionalit\u00e4t einer echten Mehrfachsteckdose.","robots":{"index":"index","follow":"follow","max-snippet":"max-snippet:-1","max-image-preview":"max-image-preview:large","max-video-preview":"max-video-preview:-1"},"canonical":"https:\/\/fireware.nl\/de\/produkt\/smoky-multi-socket\/","og_locale":"de_DE","og_type":"article","og_title":"Smoky Multi Socket: inszenier ein realistischer Kurzschluss - FireWare","og_description":"Inszenierung eines Kurzschlusses? Die Smoky Multi Socket hat das Aussehen und die Funktionalit\u00e4t einer echten Mehrfachsteckdose.","og_url":"https:\/\/fireware.nl\/de\/produkt\/smoky-multi-socket\/","og_site_name":"FireWare","article_publisher":"https:\/\/www.facebook.com\/FireWareBV\/","article_modified_time":"2022-09-16T14:23:44+00:00","og_image":[{"width":600,"height":600,"url":"https:\/\/fireware.nl\/wp-content\/uploads\/2021\/07\/025-012-002-Smoky-Multi-Socket.jpg","type":"image\/jpeg"}],"twitter_card":"summary_large_image","twitter_site":"@FireWarebv","twitter_misc":{"Gesch\u00e4tzte Lesezeit":"1\u00a0Minute"},"schema":{"@context":"https:\/\/schema.org","@graph":[{"@type":"WebPage","@id":"https:\/\/fireware.nl\/de\/produkt\/smoky-multi-socket\/","url":"https:\/\/fireware.nl\/de\/produkt\/smoky-multi-socket\/","name":"Smoky Multi Socket: inszenier ein realistischer Kurzschluss - FireWare","isPartOf":{"@id":"https:\/\/fireware.nl\/de\/#website"},"primaryImageOfPage":{"@id":"https:\/\/fireware.nl\/de\/produkt\/smoky-multi-socket\/#primaryimage"},"image":{"@id":"https:\/\/fireware.nl\/de\/produkt\/smoky-multi-socket\/#primaryimage"},"thumbnailUrl":"https:\/\/fireware.nl\/wp-content\/uploads\/2021\/07\/025-012-002-Smoky-Multi-Socket.jpg","datePublished":"2019-02-01T08:51:43+00:00","dateModified":"2022-09-16T14:23:44+00:00","description":"Inszenierung eines Kurzschlusses? Die Smoky Multi Socket hat das Aussehen und die Funktionalit\u00e4t einer echten Mehrfachsteckdose.","breadcrumb":{"@id":"https:\/\/fireware.nl\/de\/produkt\/smoky-multi-socket\/#breadcrumb"},"inLanguage":"de","potentialAction":[{"@type":"ReadAction","target":["https:\/\/fireware.nl\/de\/produkt\/smoky-multi-socket\/"]}]},{"@type":"ImageObject","inLanguage":"de","@id":"https:\/\/fireware.nl\/de\/produkt\/smoky-multi-socket\/#primaryimage","url":"https:\/\/fireware.nl\/wp-content\/uploads\/2021\/07\/025-012-002-Smoky-Multi-Socket.jpg","contentUrl":"https:\/\/fireware.nl\/wp-content\/uploads\/2021\/07\/025-012-002-Smoky-Multi-Socket.jpg","width":600,"height":600},{"@type":"BreadcrumbList","@id":"https:\/\/fireware.nl\/de\/produkt\/smoky-multi-socket\/#breadcrumb","itemListElement":[{"@type":"ListItem","position":1,"name":"Home","item":"https:\/\/fireware.nl\/de\/"},{"@type":"ListItem","position":2,"name":"Produkte","item":"https:\/\/fireware.nl\/de\/produkte\/"},{"@type":"ListItem","position":3,"name":"Smoky Multi Socket"}]},{"@type":"WebSite","@id":"https:\/\/fireware.nl\/de\/#website","url":"https:\/\/fireware.nl\/de\/","name":"FireWare","description":"CREATING REALISTIC  TRAINING ENVIRONMENTS","publisher":{"@id":"https:\/\/fireware.nl\/de\/#organization"},"potentialAction":[{"@type":"SearchAction","target":{"@type":"EntryPoint","urlTemplate":"https:\/\/fireware.nl\/de\/?s={search_term_string}"},"query-input":{"@type":"PropertyValueSpecification","valueRequired":true,"valueName":"search_term_string"}}],"inLanguage":"de"},{"@type":"Organization","@id":"https:\/\/fireware.nl\/de\/#organization","name":"FireWare","url":"https:\/\/fireware.nl\/de\/","logo":{"@type":"ImageObject","inLanguage":"de","@id":"https:\/\/fireware.nl\/de\/#\/schema\/logo\/image\/","url":"https:\/\/fireware.nl\/wp-content\/uploads\/2018\/10\/FireWare-logo.jpg","contentUrl":"https:\/\/fireware.nl\/wp-content\/uploads\/2018\/10\/FireWare-logo.jpg","width":171,"height":70,"caption":"FireWare"},"image":{"@id":"https:\/\/fireware.nl\/de\/#\/schema\/logo\/image\/"},"sameAs":["https:\/\/www.facebook.com\/FireWareBV\/","https:\/\/x.com\/FireWarebv","https:\/\/www.instagram.com\/fireware_nl\/","https:\/\/www.linkedin.com\/company\/3586017\/","https:\/\/www.youtube.com\/user\/firesalesrentconsult"]}]}},"publishpress_future_workflow_manual_trigger":{"enabledWorkflows":[]},"_links":{"self":[{"href":"https:\/\/fireware.nl\/de\/wp-json\/wp\/v2\/product\/18961","targetHints":{"allow":["GET"]}}],"collection":[{"href":"https:\/\/fireware.nl\/de\/wp-json\/wp\/v2\/product"}],"about":[{"href":"https:\/\/fireware.nl\/de\/wp-json\/wp\/v2\/types\/product"}],"wp:featuredmedia":[{"embeddable":true,"href":"https:\/\/fireware.nl\/de\/wp-json\/wp\/v2\/media\/62728"}],"wp:attachment":[{"href":"https:\/\/fireware.nl\/de\/wp-json\/wp\/v2\/media?parent=18961"}],"wp:term":[{"taxonomy":"product_brand","embeddable":true,"href":"https:\/\/fireware.nl\/de\/wp-json\/wp\/v2\/product_brand?post=18961"},{"taxonomy":"product_cat","embeddable":true,"href":"https:\/\/fireware.nl\/de\/wp-json\/wp\/v2\/product_cat?post=18961"},{"taxonomy":"product_tag","embeddable":true,"href":"https:\/\/fireware.nl\/de\/wp-json\/wp\/v2\/product_tag?post=18961"}],"curies":[{"name":"wp","href":"https:\/\/api.w.org\/{rel}","templated":true}]}}