
{"id":18966,"date":"2019-01-20T12:15:27","date_gmt":"2019-01-20T12:15:27","guid":{"rendered":"http:\/\/fireware.sites.hyperhosting.co\/?post_type=product&#038;p=18966"},"modified":"2026-04-21T13:36:47","modified_gmt":"2026-04-21T13:36:47","slug":"nimbo","status":"publish","type":"product","link":"https:\/\/fireware.nl\/de\/produkt\/nebelmaschine-nimbo\/","title":{"rendered":"Nebelmaschine Nimbo"},"content":{"rendered":"\r\n<h2>Machen Sie viel Rauch mit ein handliches Nebelmaschine<\/h2>\r\n<p>Der FireWare Nebelmaschine Nimbo ist ein kleines, hi-output Nebelger\u00e4t von hohe Qualit\u00e4t. Die Maschine ist sehr handlich, l\u00e4sst sich leicht bedienen und f\u00fcllt problemlos einen Raum von der Gr\u00f6\u00dfe eines B\u00fcros oder Hotelzimmers mit Nebel.<\/p>\r\n<p>Die Maschine ist im Handumdrehen gebrauchsfertig, ihre Aufw\u00e4rmzeit betr\u00e4gt nur 2 Minuten. Dauernebel ist Standard mit diese Maschine. Mit FireWare Feuerwehr Intensiv oder Feuerwehr Extrem nebelfluid ist es auch m\u00f6glich gr\u00f6\u00dfere raume komplett zu vernebeln!<\/p>\r\n<p>Der FireWare Nimbo wird inklusive einer Fernbedienung mit Draht geliefert. Eine optionale drahtlose Fernbedienung ist m\u00f6glich. Kommt mit Plastik Box 40 x 30 x 32,5 cm.<\/p>\r\n<h2>Sehen Sie sich die Videos an<\/h2>\r\n<p><iframe loading=\"lazy\" src=\"https:\/\/player.vimeo.com\/video\/146918975?rel=0\" width=\"640\" height=\"360\" frameborder=\"0\" allowfullscreen=\"allowfullscreen\"><\/iframe> <iframe loading=\"lazy\" src=\"https:\/\/player.vimeo.com\/video\/1162169754?rel=0\" width=\"640\" height=\"360\" frameborder=\"0\" allowfullscreen=\"allowfullscreen\"><\/iframe><\/p>\r\n","protected":false},"excerpt":{"rendered":"<ul>\n<li>Nur 2 Minuten Aufheizung zeit.<\/li>\n<li>800 Watt hohes effizient Leistung.<\/li>\n<li>Teilweise Edelstahl Geh\u00e4use.<\/li>\n<li>Kompakt: 32 x 13 x 16,6 cm, 4 Kg.<\/li>\n<li>Tankinhalt 800 ml.<\/li>\n<li>Kabelfernbedienung.<\/li>\n<li>Inklusive Kunststoffbox 40 x 30 x 23,5 cm.<\/li>\n<li>Nebelfluid nicht enthalten.<\/li>\n<\/ul>\n","protected":false},"featured_media":68636,"template":"","meta":[],"product_brand":[],"product_cat":[77,80],"product_tag":[],"class_list":{"0":"post-18966","1":"product","2":"type-product","3":"status-publish","4":"has-post-thumbnail","6":"product_cat-nebel","7":"product_cat-nebelmaschinen","9":"first","10":"instock","11":"taxable","12":"shipping-taxable","13":"purchasable","14":"product-type-simple"},"yoast_head":"<!-- This site is optimized with the Yoast SEO plugin v27.5 - https:\/\/yoast.com\/product\/yoast-seo-wordpress\/ -->\n<title>Nebelmaschine Nimbo, ein kompaktes Kraftpaket - FireWare<\/title>\n<meta name=\"description\" content=\"Der Nebelmaschine Nimbo wurde f\u00fcr kleine bis mittelgro\u00dfe Brand\u00fcbungen entwickelt. Erzeugt eine Menge Rauch in weniger als 2 Minuten.\" \/>\n<meta name=\"robots\" content=\"index, follow, max-snippet:-1, max-image-preview:large, max-video-preview:-1\" \/>\n<link rel=\"canonical\" href=\"https:\/\/fireware.nl\/de\/produkt\/nebelmaschine-nimbo\/\" \/>\n<meta property=\"og:locale\" content=\"de_DE\" \/>\n<meta property=\"og:type\" content=\"article\" \/>\n<meta property=\"og:title\" content=\"Nebelmaschine Nimbo, ein kompaktes Kraftpaket - FireWare\" \/>\n<meta property=\"og:description\" content=\"Der Nebelmaschine Nimbo wurde f\u00fcr kleine bis mittelgro\u00dfe Brand\u00fcbungen entwickelt. Erzeugt eine Menge Rauch in weniger als 2 Minuten.\" \/>\n<meta property=\"og:url\" content=\"https:\/\/fireware.nl\/de\/produkt\/nebelmaschine-nimbo\/\" \/>\n<meta property=\"og:site_name\" content=\"FireWare\" \/>\n<meta property=\"article:publisher\" content=\"https:\/\/www.facebook.com\/FireWareBV\/\" \/>\n<meta property=\"article:modified_time\" content=\"2026-04-21T13:36:47+00:00\" \/>\n<meta property=\"og:image\" content=\"https:\/\/fireware.nl\/wp-content\/uploads\/2019\/01\/001-012-001-nimbo-zijkant_FireWare-verbeterd.png\" \/>\n\t<meta property=\"og:image:width\" content=\"600\" \/>\n\t<meta property=\"og:image:height\" content=\"600\" \/>\n\t<meta property=\"og:image:type\" content=\"image\/png\" \/>\n<meta name=\"twitter:card\" content=\"summary_large_image\" \/>\n<meta name=\"twitter:site\" content=\"@FireWarebv\" \/>\n<meta name=\"twitter:label1\" content=\"Gesch\u00e4tzte Lesezeit\" \/>\n\t<meta name=\"twitter:data1\" content=\"1\u00a0Minute\" \/>\n<script type=\"application\/ld+json\" class=\"yoast-schema-graph\">{\"@context\":\"https:\\\/\\\/schema.org\",\"@graph\":[{\"@type\":\"WebPage\",\"@id\":\"https:\\\/\\\/fireware.nl\\\/de\\\/produkt\\\/nebelmaschine-nimbo\\\/\",\"url\":\"https:\\\/\\\/fireware.nl\\\/de\\\/produkt\\\/nebelmaschine-nimbo\\\/\",\"name\":\"Nebelmaschine Nimbo, ein kompaktes Kraftpaket - FireWare\",\"isPartOf\":{\"@id\":\"https:\\\/\\\/fireware.nl\\\/de\\\/#website\"},\"primaryImageOfPage\":{\"@id\":\"https:\\\/\\\/fireware.nl\\\/de\\\/produkt\\\/nebelmaschine-nimbo\\\/#primaryimage\"},\"image\":{\"@id\":\"https:\\\/\\\/fireware.nl\\\/de\\\/produkt\\\/nebelmaschine-nimbo\\\/#primaryimage\"},\"thumbnailUrl\":\"https:\\\/\\\/fireware.nl\\\/wp-content\\\/uploads\\\/2019\\\/01\\\/001-012-001-nimbo-zijkant_FireWare-verbeterd.png\",\"datePublished\":\"2019-01-20T12:15:27+00:00\",\"dateModified\":\"2026-04-21T13:36:47+00:00\",\"description\":\"Der Nebelmaschine Nimbo wurde f\u00fcr kleine bis mittelgro\u00dfe Brand\u00fcbungen entwickelt. Erzeugt eine Menge Rauch in weniger als 2 Minuten.\",\"breadcrumb\":{\"@id\":\"https:\\\/\\\/fireware.nl\\\/de\\\/produkt\\\/nebelmaschine-nimbo\\\/#breadcrumb\"},\"inLanguage\":\"de\",\"potentialAction\":[{\"@type\":\"ReadAction\",\"target\":[\"https:\\\/\\\/fireware.nl\\\/de\\\/produkt\\\/nebelmaschine-nimbo\\\/\"]}]},{\"@type\":\"ImageObject\",\"inLanguage\":\"de\",\"@id\":\"https:\\\/\\\/fireware.nl\\\/de\\\/produkt\\\/nebelmaschine-nimbo\\\/#primaryimage\",\"url\":\"https:\\\/\\\/fireware.nl\\\/wp-content\\\/uploads\\\/2019\\\/01\\\/001-012-001-nimbo-zijkant_FireWare-verbeterd.png\",\"contentUrl\":\"https:\\\/\\\/fireware.nl\\\/wp-content\\\/uploads\\\/2019\\\/01\\\/001-012-001-nimbo-zijkant_FireWare-verbeterd.png\",\"width\":600,\"height\":600},{\"@type\":\"BreadcrumbList\",\"@id\":\"https:\\\/\\\/fireware.nl\\\/de\\\/produkt\\\/nebelmaschine-nimbo\\\/#breadcrumb\",\"itemListElement\":[{\"@type\":\"ListItem\",\"position\":1,\"name\":\"Home\",\"item\":\"https:\\\/\\\/fireware.nl\\\/de\\\/\"},{\"@type\":\"ListItem\",\"position\":2,\"name\":\"Produkte\",\"item\":\"https:\\\/\\\/fireware.nl\\\/de\\\/produkte\\\/\"},{\"@type\":\"ListItem\",\"position\":3,\"name\":\"Nebelmaschine Nimbo\"}]},{\"@type\":\"WebSite\",\"@id\":\"https:\\\/\\\/fireware.nl\\\/de\\\/#website\",\"url\":\"https:\\\/\\\/fireware.nl\\\/de\\\/\",\"name\":\"FireWare\",\"description\":\"CREATING REALISTIC  TRAINING ENVIRONMENTS\",\"publisher\":{\"@id\":\"https:\\\/\\\/fireware.nl\\\/de\\\/#organization\"},\"potentialAction\":[{\"@type\":\"SearchAction\",\"target\":{\"@type\":\"EntryPoint\",\"urlTemplate\":\"https:\\\/\\\/fireware.nl\\\/de\\\/?s={search_term_string}\"},\"query-input\":{\"@type\":\"PropertyValueSpecification\",\"valueRequired\":true,\"valueName\":\"search_term_string\"}}],\"inLanguage\":\"de\"},{\"@type\":\"Organization\",\"@id\":\"https:\\\/\\\/fireware.nl\\\/de\\\/#organization\",\"name\":\"FireWare\",\"url\":\"https:\\\/\\\/fireware.nl\\\/de\\\/\",\"logo\":{\"@type\":\"ImageObject\",\"inLanguage\":\"de\",\"@id\":\"https:\\\/\\\/fireware.nl\\\/de\\\/#\\\/schema\\\/logo\\\/image\\\/\",\"url\":\"https:\\\/\\\/fireware.nl\\\/wp-content\\\/uploads\\\/2018\\\/10\\\/FireWare-logo.jpg\",\"contentUrl\":\"https:\\\/\\\/fireware.nl\\\/wp-content\\\/uploads\\\/2018\\\/10\\\/FireWare-logo.jpg\",\"width\":171,\"height\":70,\"caption\":\"FireWare\"},\"image\":{\"@id\":\"https:\\\/\\\/fireware.nl\\\/de\\\/#\\\/schema\\\/logo\\\/image\\\/\"},\"sameAs\":[\"https:\\\/\\\/www.facebook.com\\\/FireWareBV\\\/\",\"https:\\\/\\\/x.com\\\/FireWarebv\",\"https:\\\/\\\/www.instagram.com\\\/fireware_nl\\\/\",\"https:\\\/\\\/www.linkedin.com\\\/company\\\/3586017\\\/\",\"https:\\\/\\\/www.youtube.com\\\/user\\\/firesalesrentconsult\"]}]}<\/script>\n<!-- \/ Yoast SEO plugin. -->","yoast_head_json":{"title":"Nebelmaschine Nimbo, ein kompaktes Kraftpaket - FireWare","description":"Der Nebelmaschine Nimbo wurde f\u00fcr kleine bis mittelgro\u00dfe Brand\u00fcbungen entwickelt. Erzeugt eine Menge Rauch in weniger als 2 Minuten.","robots":{"index":"index","follow":"follow","max-snippet":"max-snippet:-1","max-image-preview":"max-image-preview:large","max-video-preview":"max-video-preview:-1"},"canonical":"https:\/\/fireware.nl\/de\/produkt\/nebelmaschine-nimbo\/","og_locale":"de_DE","og_type":"article","og_title":"Nebelmaschine Nimbo, ein kompaktes Kraftpaket - FireWare","og_description":"Der Nebelmaschine Nimbo wurde f\u00fcr kleine bis mittelgro\u00dfe Brand\u00fcbungen entwickelt. Erzeugt eine Menge Rauch in weniger als 2 Minuten.","og_url":"https:\/\/fireware.nl\/de\/produkt\/nebelmaschine-nimbo\/","og_site_name":"FireWare","article_publisher":"https:\/\/www.facebook.com\/FireWareBV\/","article_modified_time":"2026-04-21T13:36:47+00:00","og_image":[{"width":600,"height":600,"url":"https:\/\/fireware.nl\/wp-content\/uploads\/2019\/01\/001-012-001-nimbo-zijkant_FireWare-verbeterd.png","type":"image\/png"}],"twitter_card":"summary_large_image","twitter_site":"@FireWarebv","twitter_misc":{"Gesch\u00e4tzte Lesezeit":"1\u00a0Minute"},"schema":{"@context":"https:\/\/schema.org","@graph":[{"@type":"WebPage","@id":"https:\/\/fireware.nl\/de\/produkt\/nebelmaschine-nimbo\/","url":"https:\/\/fireware.nl\/de\/produkt\/nebelmaschine-nimbo\/","name":"Nebelmaschine Nimbo, ein kompaktes Kraftpaket - FireWare","isPartOf":{"@id":"https:\/\/fireware.nl\/de\/#website"},"primaryImageOfPage":{"@id":"https:\/\/fireware.nl\/de\/produkt\/nebelmaschine-nimbo\/#primaryimage"},"image":{"@id":"https:\/\/fireware.nl\/de\/produkt\/nebelmaschine-nimbo\/#primaryimage"},"thumbnailUrl":"https:\/\/fireware.nl\/wp-content\/uploads\/2019\/01\/001-012-001-nimbo-zijkant_FireWare-verbeterd.png","datePublished":"2019-01-20T12:15:27+00:00","dateModified":"2026-04-21T13:36:47+00:00","description":"Der Nebelmaschine Nimbo wurde f\u00fcr kleine bis mittelgro\u00dfe Brand\u00fcbungen entwickelt. Erzeugt eine Menge Rauch in weniger als 2 Minuten.","breadcrumb":{"@id":"https:\/\/fireware.nl\/de\/produkt\/nebelmaschine-nimbo\/#breadcrumb"},"inLanguage":"de","potentialAction":[{"@type":"ReadAction","target":["https:\/\/fireware.nl\/de\/produkt\/nebelmaschine-nimbo\/"]}]},{"@type":"ImageObject","inLanguage":"de","@id":"https:\/\/fireware.nl\/de\/produkt\/nebelmaschine-nimbo\/#primaryimage","url":"https:\/\/fireware.nl\/wp-content\/uploads\/2019\/01\/001-012-001-nimbo-zijkant_FireWare-verbeterd.png","contentUrl":"https:\/\/fireware.nl\/wp-content\/uploads\/2019\/01\/001-012-001-nimbo-zijkant_FireWare-verbeterd.png","width":600,"height":600},{"@type":"BreadcrumbList","@id":"https:\/\/fireware.nl\/de\/produkt\/nebelmaschine-nimbo\/#breadcrumb","itemListElement":[{"@type":"ListItem","position":1,"name":"Home","item":"https:\/\/fireware.nl\/de\/"},{"@type":"ListItem","position":2,"name":"Produkte","item":"https:\/\/fireware.nl\/de\/produkte\/"},{"@type":"ListItem","position":3,"name":"Nebelmaschine Nimbo"}]},{"@type":"WebSite","@id":"https:\/\/fireware.nl\/de\/#website","url":"https:\/\/fireware.nl\/de\/","name":"FireWare","description":"CREATING REALISTIC  TRAINING ENVIRONMENTS","publisher":{"@id":"https:\/\/fireware.nl\/de\/#organization"},"potentialAction":[{"@type":"SearchAction","target":{"@type":"EntryPoint","urlTemplate":"https:\/\/fireware.nl\/de\/?s={search_term_string}"},"query-input":{"@type":"PropertyValueSpecification","valueRequired":true,"valueName":"search_term_string"}}],"inLanguage":"de"},{"@type":"Organization","@id":"https:\/\/fireware.nl\/de\/#organization","name":"FireWare","url":"https:\/\/fireware.nl\/de\/","logo":{"@type":"ImageObject","inLanguage":"de","@id":"https:\/\/fireware.nl\/de\/#\/schema\/logo\/image\/","url":"https:\/\/fireware.nl\/wp-content\/uploads\/2018\/10\/FireWare-logo.jpg","contentUrl":"https:\/\/fireware.nl\/wp-content\/uploads\/2018\/10\/FireWare-logo.jpg","width":171,"height":70,"caption":"FireWare"},"image":{"@id":"https:\/\/fireware.nl\/de\/#\/schema\/logo\/image\/"},"sameAs":["https:\/\/www.facebook.com\/FireWareBV\/","https:\/\/x.com\/FireWarebv","https:\/\/www.instagram.com\/fireware_nl\/","https:\/\/www.linkedin.com\/company\/3586017\/","https:\/\/www.youtube.com\/user\/firesalesrentconsult"]}]}},"publishpress_future_workflow_manual_trigger":{"enabledWorkflows":[]},"_links":{"self":[{"href":"https:\/\/fireware.nl\/de\/wp-json\/wp\/v2\/product\/18966","targetHints":{"allow":["GET"]}}],"collection":[{"href":"https:\/\/fireware.nl\/de\/wp-json\/wp\/v2\/product"}],"about":[{"href":"https:\/\/fireware.nl\/de\/wp-json\/wp\/v2\/types\/product"}],"wp:featuredmedia":[{"embeddable":true,"href":"https:\/\/fireware.nl\/de\/wp-json\/wp\/v2\/media\/68636"}],"wp:attachment":[{"href":"https:\/\/fireware.nl\/de\/wp-json\/wp\/v2\/media?parent=18966"}],"wp:term":[{"taxonomy":"product_brand","embeddable":true,"href":"https:\/\/fireware.nl\/de\/wp-json\/wp\/v2\/product_brand?post=18966"},{"taxonomy":"product_cat","embeddable":true,"href":"https:\/\/fireware.nl\/de\/wp-json\/wp\/v2\/product_cat?post=18966"},{"taxonomy":"product_tag","embeddable":true,"href":"https:\/\/fireware.nl\/de\/wp-json\/wp\/v2\/product_tag?post=18966"}],"curies":[{"name":"wp","href":"https:\/\/api.w.org\/{rel}","templated":true}]}}