
{"id":18969,"date":"2019-01-21T12:16:09","date_gmt":"2019-01-21T12:16:09","guid":{"rendered":"http:\/\/fireware.sites.hyperhosting.co\/?post_type=product&#038;p=18969"},"modified":"2026-04-13T12:01:41","modified_gmt":"2026-04-13T12:01:41","slug":"cirrus-nebelmaschine-mit-akku","status":"publish","type":"product","link":"https:\/\/fireware.nl\/de\/produkt\/cirrus-nebelmaschine-mit-akku\/","title":{"rendered":"Cirrus Nebelmaschine mit Akku"},"content":{"rendered":"\n\n\t<h2>Machen Sie Rauch ohne Strom.<\/h2>\n<p>FireWare hat langj\u00e4hrige Erfahrungen mit Situationen, in denen eine kleine Menge an Rauch ben\u00f6tigt wird. Genau f\u00fcr diese Situationen wurde der FireWare Cirrus entwickelt. Der Cirrus wird von einem Akku betrieben und kann deswegen auch ohne Stromanschluss oder ohne funktionierenden Netzanschluss eingesetzt werden. Denken Sie hier z.B. an \u00dcbungen im Freien, aber auch in Haftanstalten oder in Geb\u00e4uden, die zum Abriss freigegeben wurden. Auch im Nautischen f\u00fchlt sich der Cirrus zu Hause. Wenn w\u00e4hrend einer \u00dcbung ein Teil eines Schiffes spannungslos wird, erzeugt der Cirrus weiterhin Rauch!<\/p>\n<p>Die Maschine ist solide und aus robustem Edelstahl gefertigt. H\u00e4ufige Verschiebungen sind kein Problem. Der Cirrus kommt nicht nur bei Brand\u00fcbungen, sondern auch beim Testen von Rauchmeldern und der Programmierung von raumlufttechnischen Anlagen zum Einsatz.<\/p>\n<p>Die Rauchmaschine wird \u00fcber einen Schalter am Geh\u00e4use bedient und ist sofort einsatzbereit. Die Maschine kann mit voll geladenem Akku 10 Minuten lang Rauch erzeugen. Hier l\u00e4sst sich auch einstellen, wieviel Rauch ausgegeben werden soll. Die Lieferung des Cirrus erfolgt in einem soliden Kunststoffkasten, inklusive Ladeger\u00e4t und 250 ml speziellen Fl\u00fcssigrauchs. Eine kabellose Fernbedienung ist separat erh\u00e4ltlich.<\/p>\n<h2>Sehen Sie sich die Videos an<\/h2>\n\t\t<iframe loading=\"lazy\" width=\"560\" height=\"315\" src=\"https:\/\/www.youtube.com\/embed\/31p-p0bUQFE?rel=0\" title=\"YouTube video player\" frameborder=\"0\" allow=\"accelerometer; autoplay; clipboard-write; encrypted-media; gyroscope; picture-in-picture\" allowfullscreen><\/iframe>\t\n\t\t<iframe loading=\"lazy\" width=\"1920\" height=\"1080\" src=\"https:\/\/player.vimeo.com\/video\/1162152773?hl=nl&#038;cc_lang_pref=nl&#038;cc_load_policy=1\" frameborder=\"0\" allow=\"accelerometer; autoplay; clipboard-write; encrypted-media; gyroscope; picture-in-picture\" allowfullscreen><\/iframe>\t\n\t\t<iframe loading=\"lazy\" width=\"560\" height=\"315\" src=\"https:\/\/player.vimeo.com\/video\/990561782?hl=nl&#038;cc_lang_pref=nl&#038;cc_load_policy=1\" frameborder=\"0\" allow=\"accelerometer; autoplay; clipboard-write; encrypted-media; gyroscope; picture-in-picture\" allowfullscreen><\/iframe>\t\n\t\t<iframe loading=\"lazy\" width=\"560\" height=\"315\" src=\"https:\/\/player.vimeo.com\/video\/995432935?hl=nl&#038;cc_lang_pref=nl&#038;cc_load_policy=1\" frameborder=\"0\" allow=\"accelerometer; autoplay; clipboard-write; encrypted-media; gyroscope; picture-in-picture\" allowfullscreen><\/iframe>\t\n\n","protected":false},"excerpt":{"rendered":"<ul>\n<li>Kompakte Nebelmaschine mit gro\u00dfer Ausgabe.<\/li>\n<li>Ideal f\u00fcr Orte ohne Stromanschluss.<\/li>\n<li>Geh\u00e4use aus Edelstahl.<\/li>\n<li>In nur 2 Sekunden aufgew\u00e4rmt.<\/li>\n<li>Maximalaussto\u00df 100 m\u00b3\/min;<\/li>\n<li>Entnehmbarer Fl\u00fcssigkeitsbeh\u00e4lter.<\/li>\n<li>Inklusive 250 ml Nebelfluid.<\/li>\n<li>Inklusive Kunststoffbox 30 x 20 x 23,5 cm.<\/li>\n<\/ul>\n","protected":false},"featured_media":68608,"template":"","meta":[],"product_brand":[],"product_cat":[77,80],"product_tag":[],"class_list":{"0":"post-18969","1":"product","2":"type-product","3":"status-publish","4":"has-post-thumbnail","6":"product_cat-nebel","7":"product_cat-nebelmaschinen","9":"first","10":"instock","11":"taxable","12":"shipping-taxable","13":"purchasable","14":"product-type-simple"},"yoast_head":"<!-- This site is optimized with the Yoast SEO plugin v27.5 - https:\/\/yoast.com\/product\/yoast-seo-wordpress\/ -->\n<title>Cirrus Nebelmaschine mit Akku: f\u00fcr Brandschutz\u00fcbungen - FireWare<\/title>\n<meta name=\"description\" content=\"Die Cirrus Nebelmaschine mit Akku ist f\u00fcr jeden Praxisstandort geeignet. Erm\u00f6glicht 10 Minuten Dauerrauch mit einer Batterieladung.\" \/>\n<meta name=\"robots\" content=\"index, follow, max-snippet:-1, max-image-preview:large, max-video-preview:-1\" \/>\n<link rel=\"canonical\" href=\"https:\/\/fireware.nl\/de\/produkt\/cirrus-nebelmaschine-mit-akku\/\" \/>\n<meta property=\"og:locale\" content=\"de_DE\" \/>\n<meta property=\"og:type\" content=\"article\" \/>\n<meta property=\"og:title\" content=\"Cirrus Nebelmaschine mit Akku: f\u00fcr Brandschutz\u00fcbungen - FireWare\" \/>\n<meta property=\"og:description\" content=\"Die Cirrus Nebelmaschine mit Akku ist f\u00fcr jeden Praxisstandort geeignet. Erm\u00f6glicht 10 Minuten Dauerrauch mit einer Batterieladung.\" \/>\n<meta property=\"og:url\" content=\"https:\/\/fireware.nl\/de\/produkt\/cirrus-nebelmaschine-mit-akku\/\" \/>\n<meta property=\"og:site_name\" content=\"FireWare\" \/>\n<meta property=\"article:publisher\" content=\"https:\/\/www.facebook.com\/FireWareBV\/\" \/>\n<meta property=\"article:modified_time\" content=\"2026-04-13T12:01:41+00:00\" \/>\n<meta property=\"og:image\" content=\"https:\/\/fireware.nl\/wp-content\/uploads\/2019\/01\/003-012-001-Cirrus-Accu-rookmachine.jpg\" \/>\n\t<meta property=\"og:image:width\" content=\"600\" \/>\n\t<meta property=\"og:image:height\" content=\"600\" \/>\n\t<meta property=\"og:image:type\" content=\"image\/jpeg\" \/>\n<meta name=\"twitter:card\" content=\"summary_large_image\" \/>\n<meta name=\"twitter:site\" content=\"@FireWarebv\" \/>\n<meta name=\"twitter:label1\" content=\"Gesch\u00e4tzte Lesezeit\" \/>\n\t<meta name=\"twitter:data1\" content=\"1\u00a0Minute\" \/>\n<script type=\"application\/ld+json\" class=\"yoast-schema-graph\">{\"@context\":\"https:\\\/\\\/schema.org\",\"@graph\":[{\"@type\":\"WebPage\",\"@id\":\"https:\\\/\\\/fireware.nl\\\/de\\\/produkt\\\/cirrus-nebelmaschine-mit-akku\\\/\",\"url\":\"https:\\\/\\\/fireware.nl\\\/de\\\/produkt\\\/cirrus-nebelmaschine-mit-akku\\\/\",\"name\":\"Cirrus Nebelmaschine mit Akku: f\u00fcr Brandschutz\u00fcbungen - FireWare\",\"isPartOf\":{\"@id\":\"https:\\\/\\\/fireware.nl\\\/de\\\/#website\"},\"primaryImageOfPage\":{\"@id\":\"https:\\\/\\\/fireware.nl\\\/de\\\/produkt\\\/cirrus-nebelmaschine-mit-akku\\\/#primaryimage\"},\"image\":{\"@id\":\"https:\\\/\\\/fireware.nl\\\/de\\\/produkt\\\/cirrus-nebelmaschine-mit-akku\\\/#primaryimage\"},\"thumbnailUrl\":\"https:\\\/\\\/fireware.nl\\\/wp-content\\\/uploads\\\/2019\\\/01\\\/003-012-001-Cirrus-Accu-rookmachine.jpg\",\"datePublished\":\"2019-01-21T12:16:09+00:00\",\"dateModified\":\"2026-04-13T12:01:41+00:00\",\"description\":\"Die Cirrus Nebelmaschine mit Akku ist f\u00fcr jeden Praxisstandort geeignet. Erm\u00f6glicht 10 Minuten Dauerrauch mit einer Batterieladung.\",\"breadcrumb\":{\"@id\":\"https:\\\/\\\/fireware.nl\\\/de\\\/produkt\\\/cirrus-nebelmaschine-mit-akku\\\/#breadcrumb\"},\"inLanguage\":\"de\",\"potentialAction\":[{\"@type\":\"ReadAction\",\"target\":[\"https:\\\/\\\/fireware.nl\\\/de\\\/produkt\\\/cirrus-nebelmaschine-mit-akku\\\/\"]}]},{\"@type\":\"ImageObject\",\"inLanguage\":\"de\",\"@id\":\"https:\\\/\\\/fireware.nl\\\/de\\\/produkt\\\/cirrus-nebelmaschine-mit-akku\\\/#primaryimage\",\"url\":\"https:\\\/\\\/fireware.nl\\\/wp-content\\\/uploads\\\/2019\\\/01\\\/003-012-001-Cirrus-Accu-rookmachine.jpg\",\"contentUrl\":\"https:\\\/\\\/fireware.nl\\\/wp-content\\\/uploads\\\/2019\\\/01\\\/003-012-001-Cirrus-Accu-rookmachine.jpg\",\"width\":600,\"height\":600},{\"@type\":\"BreadcrumbList\",\"@id\":\"https:\\\/\\\/fireware.nl\\\/de\\\/produkt\\\/cirrus-nebelmaschine-mit-akku\\\/#breadcrumb\",\"itemListElement\":[{\"@type\":\"ListItem\",\"position\":1,\"name\":\"Home\",\"item\":\"https:\\\/\\\/fireware.nl\\\/de\\\/\"},{\"@type\":\"ListItem\",\"position\":2,\"name\":\"Produkte\",\"item\":\"https:\\\/\\\/fireware.nl\\\/de\\\/produkte\\\/\"},{\"@type\":\"ListItem\",\"position\":3,\"name\":\"Cirrus Nebelmaschine mit Akku\"}]},{\"@type\":\"WebSite\",\"@id\":\"https:\\\/\\\/fireware.nl\\\/de\\\/#website\",\"url\":\"https:\\\/\\\/fireware.nl\\\/de\\\/\",\"name\":\"FireWare\",\"description\":\"CREATING REALISTIC  TRAINING ENVIRONMENTS\",\"publisher\":{\"@id\":\"https:\\\/\\\/fireware.nl\\\/de\\\/#organization\"},\"potentialAction\":[{\"@type\":\"SearchAction\",\"target\":{\"@type\":\"EntryPoint\",\"urlTemplate\":\"https:\\\/\\\/fireware.nl\\\/de\\\/?s={search_term_string}\"},\"query-input\":{\"@type\":\"PropertyValueSpecification\",\"valueRequired\":true,\"valueName\":\"search_term_string\"}}],\"inLanguage\":\"de\"},{\"@type\":\"Organization\",\"@id\":\"https:\\\/\\\/fireware.nl\\\/de\\\/#organization\",\"name\":\"FireWare\",\"url\":\"https:\\\/\\\/fireware.nl\\\/de\\\/\",\"logo\":{\"@type\":\"ImageObject\",\"inLanguage\":\"de\",\"@id\":\"https:\\\/\\\/fireware.nl\\\/de\\\/#\\\/schema\\\/logo\\\/image\\\/\",\"url\":\"https:\\\/\\\/fireware.nl\\\/wp-content\\\/uploads\\\/2018\\\/10\\\/FireWare-logo.jpg\",\"contentUrl\":\"https:\\\/\\\/fireware.nl\\\/wp-content\\\/uploads\\\/2018\\\/10\\\/FireWare-logo.jpg\",\"width\":171,\"height\":70,\"caption\":\"FireWare\"},\"image\":{\"@id\":\"https:\\\/\\\/fireware.nl\\\/de\\\/#\\\/schema\\\/logo\\\/image\\\/\"},\"sameAs\":[\"https:\\\/\\\/www.facebook.com\\\/FireWareBV\\\/\",\"https:\\\/\\\/x.com\\\/FireWarebv\",\"https:\\\/\\\/www.instagram.com\\\/fireware_nl\\\/\",\"https:\\\/\\\/www.linkedin.com\\\/company\\\/3586017\\\/\",\"https:\\\/\\\/www.youtube.com\\\/user\\\/firesalesrentconsult\"]}]}<\/script>\n<!-- \/ Yoast SEO plugin. -->","yoast_head_json":{"title":"Cirrus Nebelmaschine mit Akku: f\u00fcr Brandschutz\u00fcbungen - FireWare","description":"Die Cirrus Nebelmaschine mit Akku ist f\u00fcr jeden Praxisstandort geeignet. Erm\u00f6glicht 10 Minuten Dauerrauch mit einer Batterieladung.","robots":{"index":"index","follow":"follow","max-snippet":"max-snippet:-1","max-image-preview":"max-image-preview:large","max-video-preview":"max-video-preview:-1"},"canonical":"https:\/\/fireware.nl\/de\/produkt\/cirrus-nebelmaschine-mit-akku\/","og_locale":"de_DE","og_type":"article","og_title":"Cirrus Nebelmaschine mit Akku: f\u00fcr Brandschutz\u00fcbungen - FireWare","og_description":"Die Cirrus Nebelmaschine mit Akku ist f\u00fcr jeden Praxisstandort geeignet. Erm\u00f6glicht 10 Minuten Dauerrauch mit einer Batterieladung.","og_url":"https:\/\/fireware.nl\/de\/produkt\/cirrus-nebelmaschine-mit-akku\/","og_site_name":"FireWare","article_publisher":"https:\/\/www.facebook.com\/FireWareBV\/","article_modified_time":"2026-04-13T12:01:41+00:00","og_image":[{"width":600,"height":600,"url":"https:\/\/fireware.nl\/wp-content\/uploads\/2019\/01\/003-012-001-Cirrus-Accu-rookmachine.jpg","type":"image\/jpeg"}],"twitter_card":"summary_large_image","twitter_site":"@FireWarebv","twitter_misc":{"Gesch\u00e4tzte Lesezeit":"1\u00a0Minute"},"schema":{"@context":"https:\/\/schema.org","@graph":[{"@type":"WebPage","@id":"https:\/\/fireware.nl\/de\/produkt\/cirrus-nebelmaschine-mit-akku\/","url":"https:\/\/fireware.nl\/de\/produkt\/cirrus-nebelmaschine-mit-akku\/","name":"Cirrus Nebelmaschine mit Akku: f\u00fcr Brandschutz\u00fcbungen - FireWare","isPartOf":{"@id":"https:\/\/fireware.nl\/de\/#website"},"primaryImageOfPage":{"@id":"https:\/\/fireware.nl\/de\/produkt\/cirrus-nebelmaschine-mit-akku\/#primaryimage"},"image":{"@id":"https:\/\/fireware.nl\/de\/produkt\/cirrus-nebelmaschine-mit-akku\/#primaryimage"},"thumbnailUrl":"https:\/\/fireware.nl\/wp-content\/uploads\/2019\/01\/003-012-001-Cirrus-Accu-rookmachine.jpg","datePublished":"2019-01-21T12:16:09+00:00","dateModified":"2026-04-13T12:01:41+00:00","description":"Die Cirrus Nebelmaschine mit Akku ist f\u00fcr jeden Praxisstandort geeignet. Erm\u00f6glicht 10 Minuten Dauerrauch mit einer Batterieladung.","breadcrumb":{"@id":"https:\/\/fireware.nl\/de\/produkt\/cirrus-nebelmaschine-mit-akku\/#breadcrumb"},"inLanguage":"de","potentialAction":[{"@type":"ReadAction","target":["https:\/\/fireware.nl\/de\/produkt\/cirrus-nebelmaschine-mit-akku\/"]}]},{"@type":"ImageObject","inLanguage":"de","@id":"https:\/\/fireware.nl\/de\/produkt\/cirrus-nebelmaschine-mit-akku\/#primaryimage","url":"https:\/\/fireware.nl\/wp-content\/uploads\/2019\/01\/003-012-001-Cirrus-Accu-rookmachine.jpg","contentUrl":"https:\/\/fireware.nl\/wp-content\/uploads\/2019\/01\/003-012-001-Cirrus-Accu-rookmachine.jpg","width":600,"height":600},{"@type":"BreadcrumbList","@id":"https:\/\/fireware.nl\/de\/produkt\/cirrus-nebelmaschine-mit-akku\/#breadcrumb","itemListElement":[{"@type":"ListItem","position":1,"name":"Home","item":"https:\/\/fireware.nl\/de\/"},{"@type":"ListItem","position":2,"name":"Produkte","item":"https:\/\/fireware.nl\/de\/produkte\/"},{"@type":"ListItem","position":3,"name":"Cirrus Nebelmaschine mit Akku"}]},{"@type":"WebSite","@id":"https:\/\/fireware.nl\/de\/#website","url":"https:\/\/fireware.nl\/de\/","name":"FireWare","description":"CREATING REALISTIC  TRAINING ENVIRONMENTS","publisher":{"@id":"https:\/\/fireware.nl\/de\/#organization"},"potentialAction":[{"@type":"SearchAction","target":{"@type":"EntryPoint","urlTemplate":"https:\/\/fireware.nl\/de\/?s={search_term_string}"},"query-input":{"@type":"PropertyValueSpecification","valueRequired":true,"valueName":"search_term_string"}}],"inLanguage":"de"},{"@type":"Organization","@id":"https:\/\/fireware.nl\/de\/#organization","name":"FireWare","url":"https:\/\/fireware.nl\/de\/","logo":{"@type":"ImageObject","inLanguage":"de","@id":"https:\/\/fireware.nl\/de\/#\/schema\/logo\/image\/","url":"https:\/\/fireware.nl\/wp-content\/uploads\/2018\/10\/FireWare-logo.jpg","contentUrl":"https:\/\/fireware.nl\/wp-content\/uploads\/2018\/10\/FireWare-logo.jpg","width":171,"height":70,"caption":"FireWare"},"image":{"@id":"https:\/\/fireware.nl\/de\/#\/schema\/logo\/image\/"},"sameAs":["https:\/\/www.facebook.com\/FireWareBV\/","https:\/\/x.com\/FireWarebv","https:\/\/www.instagram.com\/fireware_nl\/","https:\/\/www.linkedin.com\/company\/3586017\/","https:\/\/www.youtube.com\/user\/firesalesrentconsult"]}]}},"publishpress_future_workflow_manual_trigger":{"enabledWorkflows":[]},"_links":{"self":[{"href":"https:\/\/fireware.nl\/de\/wp-json\/wp\/v2\/product\/18969","targetHints":{"allow":["GET"]}}],"collection":[{"href":"https:\/\/fireware.nl\/de\/wp-json\/wp\/v2\/product"}],"about":[{"href":"https:\/\/fireware.nl\/de\/wp-json\/wp\/v2\/types\/product"}],"wp:featuredmedia":[{"embeddable":true,"href":"https:\/\/fireware.nl\/de\/wp-json\/wp\/v2\/media\/68608"}],"wp:attachment":[{"href":"https:\/\/fireware.nl\/de\/wp-json\/wp\/v2\/media?parent=18969"}],"wp:term":[{"taxonomy":"product_brand","embeddable":true,"href":"https:\/\/fireware.nl\/de\/wp-json\/wp\/v2\/product_brand?post=18969"},{"taxonomy":"product_cat","embeddable":true,"href":"https:\/\/fireware.nl\/de\/wp-json\/wp\/v2\/product_cat?post=18969"},{"taxonomy":"product_tag","embeddable":true,"href":"https:\/\/fireware.nl\/de\/wp-json\/wp\/v2\/product_tag?post=18969"}],"curies":[{"name":"wp","href":"https:\/\/api.w.org\/{rel}","templated":true}]}}