
{"id":18984,"date":"2019-01-23T12:16:12","date_gmt":"2019-01-23T12:16:12","guid":{"rendered":"http:\/\/fireware.sites.hyperhosting.co\/?post_type=product&#038;p=18984"},"modified":"2026-04-13T14:18:44","modified_gmt":"2026-04-13T14:18:44","slug":"nebelmaschine-stratus-2600-w","status":"publish","type":"product","link":"https:\/\/fireware.nl\/de\/produkt\/nebelmaschine-stratus\/","title":{"rendered":"Nebelmaschine Stratus (2600 W)"},"content":{"rendered":"\n\n\t<h2>Riese unter den Nebelmaschinen<\/h2>\n<p>Die FireWare Stratus Nebelmaschine (2600 W) ist der Riese unter den Nebelmaschinen. Keine \u00dcbung ist zu verr\u00fcckt! Innerhalb des FireWare-Sortiments ist die Nebelmaschine die leistungsst\u00e4rkste ihrer Art. Die Stratus kann problemlos und schnell einen gro\u00dfen Raum wie eine Garage, eine Lagerhalle oder ein Schwimmbad mit Nebel f\u00fcllen. Selbst eine Flugzeughangar stellt kein Problem dar.<\/p>\n<p>Wenn Sie den Stratus auf seine R\u00fcckseite legen, k\u00f6nnen Sie eine vertikale Rauchfahne erzeugen. Dies sorgt f\u00fcr einen realistischen Rauchaufbau an der Decke. Diese leistungsstarke Nebelmaschine eignet sich daher beispielsweise hervorragend zur Inszenierung gro\u00dfer industrieller Br\u00e4nde. Verwenden Sie die Nebelmaschine auch einmal in Kombination mit einem Ventilator. Damit k\u00f6nnen Sie den Rauch lenken und ihn beispielsweise hinter den Einsatzkr\u00e4ften niedersinken lassen. Praktisch zur Bewusstseinsbildung \u00fcber die Gefahren von Rauch!<\/p>\n<h2>Einstellbare Ausgabe<\/h2>\n<p>Der Stratus wird standardm\u00e4\u00dfig mit einer <a href=\"https:\/\/fireware.nl\/de\/product\/remote-mit-kabel-cirrus-cumulus-stratus\/\">Kabelfernbedienung<\/a> mit einer Kabell\u00e4nge von 10 Metern geliefert. Sie k\u00f6nnen mehrere Kabel miteinander verbinden, um die Reichweite auf \u00fcber 100 Meter zu erh\u00f6hen. Optional ist auch eine <a href=\"https:\/\/fireware.nl\/de\/product\/drahtlose-fernbedienung-cirrus-cumulus-stratus\/\">drahtlose Fernbedienung<\/a> mit einer Reichweite von bis zu 100 Metern erh\u00e4ltlich. Die maximale Rauchausgabe des Stratus betr\u00e4gt 2000 m\u00b3\/min. Die Ausgabe ist von 1 bis 99 % regelbar.<\/p>\n<p>Stellen Sie den Stratus auf eine Ausgabe von 48 % ein, um kontinuierlich Rauch in das Szenario einzubringen. Dann betr\u00e4gt die maximale Rauchausgabe 600 m\u00b3\/min. Der Stratus verf\u00fcgt au\u00dferdem \u00fcber einen Timer. Dadurch kann die Nebelmaschine w\u00e4hrend der Besprechung ihren Dienst am \u00dcbungsort verrichten. Schlie\u00dfen Sie den Stratus an das DMX-Netzwerk an und steuern Sie ihn zentral.<\/p>\n<p>Untersch\u00e4tzen Sie die Leistung dieser Nebelmaschine nicht. Sie ben\u00f6tigt 2600 W. Sie k\u00f6nnen also nur 1 Stratus an einen freien Stromkreis anschlie\u00dfen. Aber dann haben Sie immer noch Platz f\u00fcr Flammenspots oder Silkflame, um Ihre Inszenierung zu vervollkommnen.<\/p>\n<h2>Entwickelt f\u00fcr Feuerwehr\u00fcbungen<\/h2>\n<p>Der Stratus ist besonders begehrt bei gro\u00dfen Feuerwehr\u00fcbungen. Die Ausgabe ist n\u00e4mlich doppelt so gro\u00df wie die der FireWare Cumulus. Dank des Edelstahlgeh\u00e4uses h\u00e4lt diese Nebelmaschine einiges aus. Daher wird die Nebelmaschine oft bei Au\u00dfen\u00fcbungen von Feuerwehren eingesetzt. Dar\u00fcber hinaus wird der Stratus eingesetzt, um sehr anspruchsvolle \u00dcbungen im Rahmen der Terrorbek\u00e4mpfungsschulung zu inszenieren. Oder denken Sie einmal daran, die Rettung oder Verbesserung der Hilfeleistung bei gro\u00dfen Unf\u00e4llen zu gew\u00e4hrleisten. Dieses Ger\u00e4t eignet sich hervorragend f\u00fcr \u00dcbungen in <a href=\"https:\/\/fireware.nl\/de\/projectsoort\/simulationen-und-inszenierungen\/tunnelbraende\/\">Verkehrstunneln<\/a>. F\u00fcr solche \u00dcbungen sollten Sie vielleicht erw\u00e4gen, das Universal-Feuerwehrnebelmittel durch die <a href=\"https:\/\/fireware.nl\/de\/product\/nebel-rauchfluid-feuerwehr-intensiv\/\">Feuerwehr Intensiv<\/a> oder <a href=\"https:\/\/fireware.nl\/de\/product\/nebel-rauchfluid-feuerwehr-extrem\/\">Feuerwehr Extrem<\/a> Variante zu ersetzen.<\/p>\n<p>An der Vorderseite ist der Stratus mit einem Storz-Anschluss ausgestattet. Hier k\u00f6nnen Sie ganz einfach einen Rauchschlauch, ein Richtst\u00fcck oder einen Storz-Adapter anschlie\u00dfen. Dadurch erweitern Sie die M\u00f6glichkeiten dieser leistungsstarken Nebelmaschine erheblich. Lenken Sie den Rauch mit dem Richtst\u00fcck in ein B\u00fcro \u00fcber einer Garage. Oder verwenden Sie einen Smoke Hose, um den Stratus weiter von Ihrem Szenario entfernt aufzustellen, damit tats\u00e4chlich gel\u00f6scht werden kann. F\u00fcr einen Brand in einem Stall einer alten reetgedeckten Bauernhof ist das Nebel \/ Rauchfluid Feuerwehr Extrem besonders geeignet.<\/p>\n<h2>Schleifen Sie Strom f\u00fcr ein realistisches Flammenbild<\/h2>\n<p>Genau wie die Cumulus hat auch der Stratus einen Vorteil: Er kann Strom durchschleifen! Ein Neutrik-Stecker kann den Strom vom Stratus beispielsweise zu einem Flammeneffektspot durchleiten. Damit k\u00f6nnen Sie ganz einfach ein sehr realistisches Flammenbild f\u00fcr eine lebensechte Feuerwehr\u00fcbung simulieren.<\/p>\n<p>Die Stratus Nebelmaschine (2600 W) wird mit einer 2-j\u00e4hrigen Garantie geliefert. Die Nebelmaschine wird montiert in einem praktischen Kunststoffkoffer f\u00fcr den Transport geliefert. Neben der Nebelmaschine enth\u00e4lt dieser Koffer 5 Liter <a href=\"https:\/\/fireware.nl\/de\/product\/nebel-rauchfluid-feuerwehr-universal\/\">Nebel\/Rauchfluid Feuerwehr Universal<\/a> und eine Kabelfernbedienung. Ben\u00f6tigen Sie nicht immer so viel Leistung f\u00fcr Ihre \u00dcbungen? Das ist nat\u00fcrlich kein Problem. Sie k\u00f6nnen die <a href=\"https:\/\/fireware.nl\/de\/product\/nebelgerat-stratus-2\/\">Stratus Nebelmaschine auch mieten.<\/a><\/p>\n<h2>Sehen Sie sich die Videos an<\/h2>\n\t\t<iframe loading=\"lazy\" src=\"https:\/\/player.vimeo.com\/video\/146918995?h=a384d1c0e2&amp;badge=0&amp;autopause=0&amp;player_id=0&amp;app_id=58479\" width=\"1920\" height=\"1080\" frameborder=\"0\" allow=\"autoplay; fullscreen; picture-in-picture\" allowfullscreen title=\"(DE) FireWare Cumulus und Stratus\"><\/iframe>\t\n\t\t<iframe loading=\"lazy\" src=\"https:\/\/player.vimeo.com\/video\/1162175771?h=d4cda5c7b2&amp;badge=0&amp;autopause=0&amp;player_id=0&amp;app_id=58479\" width=\"560\" height=\"315\" frameborder=\"0\" allow=\"autoplay; fullscreen; picture-in-picture\" allowfullscreen title=\"(NL) FireWare Cumulus en Stratus\"><\/iframe>\t\n\t\t<iframe loading=\"lazy\" width=\"1920\" height=\"1080\" src=\"https:\/\/player.vimeo.com\/video\/1033124798?hl=nl&#038;cc_lang_pref=nl&#038;cc_load_policy=1\" frameborder=\"0\" allow=\"accelerometer; autoplay; clipboard-write; encrypted-media; gyroscope; picture-in-picture\" allowfullscreen><\/iframe>\t\n\t\t<iframe loading=\"lazy\" src=\"https:\/\/player.vimeo.com\/video\/175696153?h=fd9ef78517&amp;badge=0&amp;autopause=0&amp;player_id=0&amp;app_id=58479\" width=\"1920\" height=\"1080\" frameborder=\"0\" allow=\"autoplay; fullscreen; picture-in-picture\" allowfullscreen title=\"FireWare Cumulus and Stratus Lightweight Animation\"><\/iframe>\t\n\t\t<iframe loading=\"lazy\" src=\"https:\/\/player.vimeo.com\/video\/175696146?h=281800aaaf&amp;badge=0&amp;autopause=0&amp;player_id=0&amp;app_id=58479\" width=\"1920\" height=\"1080\" frameborder=\"0\" allow=\"autoplay; fullscreen; picture-in-picture\" allowfullscreen title=\"EN FireWare Cumulus and Stratus Storz Animation\"><\/iframe>\t\n\t\t<iframe loading=\"lazy\" src=\"https:\/\/player.vimeo.com\/video\/175696135?h=c9e30c6047&amp;badge=0&amp;autopause=0&amp;player_id=0&amp;app_id=58479\" width=\"1920\" height=\"1080\" frameborder=\"0\" allow=\"autoplay; fullscreen; picture-in-picture\" allowfullscreen title=\"EN FireWare Cumulus and Stratus Animation\"><\/iframe>\t\n\n","protected":false},"excerpt":{"rendered":"<ul>\n<li>Auf der Basis jahrelanger Erfahrung von FireWare entwickelt.<\/li>\n<li>Aussto\u00df regelbar von 1% bis 99%.<\/li>\n<li>Maximalaussto\u00df 2000 m\u00b3\/min;<\/li>\n<li>Bis zu 48% ist ein kontinuierlicher Aussto\u00df m\u00f6glich.<\/li>\n<li>Kann vertikalen Rauch erzeugen.<\/li>\n<li>Versorgt mit einer Storz-Kupplung.<\/li>\n<li>Doppelgriff, f\u00fcr einfache versetzung.<\/li>\n<li>Inklusiv 5 Liter Nebelfluid und eine Fernbedienung.<\/li>\n<li>Inklusive Kunststoffbox 60 x 40 x 32,5 cm.<\/li>\n<\/ul>\n","protected":false},"featured_media":49322,"template":"","meta":[],"product_brand":[],"product_cat":[80],"product_tag":[],"class_list":{"0":"post-18984","1":"product","2":"type-product","3":"status-publish","4":"has-post-thumbnail","6":"product_cat-nebelmaschinen","8":"first","9":"instock","10":"taxable","11":"shipping-taxable","12":"purchasable","13":"product-type-simple"},"yoast_head":"<!-- This site is optimized with the Yoast SEO plugin v27.5 - https:\/\/yoast.com\/product\/yoast-seo-wordpress\/ -->\n<title>Nebelmaschine Stratus (2600 W): der st\u00e4rkste seiner Art - FireWare<\/title>\n<meta name=\"description\" content=\"Die Nebelmaschine Stratus (2600 W) kann vertikal eingesetzt werden, um eine realistische Rauchschicht zu erzeugen. Das ist ein wahrer Gigant!\" \/>\n<meta name=\"robots\" content=\"index, follow, max-snippet:-1, max-image-preview:large, max-video-preview:-1\" \/>\n<link rel=\"canonical\" href=\"https:\/\/fireware.nl\/de\/produkt\/nebelmaschine-stratus\/\" \/>\n<meta property=\"og:locale\" content=\"de_DE\" \/>\n<meta property=\"og:type\" content=\"article\" \/>\n<meta property=\"og:title\" content=\"Nebelmaschine Stratus (2600 W): der st\u00e4rkste seiner Art - FireWare\" \/>\n<meta property=\"og:description\" content=\"Die Nebelmaschine Stratus (2600 W) kann vertikal eingesetzt werden, um eine realistische Rauchschicht zu erzeugen. Das ist ein wahrer Gigant!\" \/>\n<meta property=\"og:url\" content=\"https:\/\/fireware.nl\/de\/produkt\/nebelmaschine-stratus\/\" \/>\n<meta property=\"og:site_name\" content=\"FireWare\" \/>\n<meta property=\"article:publisher\" content=\"https:\/\/www.facebook.com\/FireWareBV\/\" \/>\n<meta property=\"article:modified_time\" content=\"2026-04-13T14:18:44+00:00\" \/>\n<meta property=\"og:image\" content=\"https:\/\/fireware.nl\/wp-content\/uploads\/2019\/01\/009-030-002-stratus-medium-rookvloeistof.jpg\" \/>\n\t<meta property=\"og:image:width\" content=\"600\" \/>\n\t<meta property=\"og:image:height\" content=\"600\" \/>\n\t<meta property=\"og:image:type\" content=\"image\/jpeg\" \/>\n<meta name=\"twitter:card\" content=\"summary_large_image\" \/>\n<meta name=\"twitter:site\" content=\"@FireWarebv\" \/>\n<meta name=\"twitter:label1\" content=\"Gesch\u00e4tzte Lesezeit\" \/>\n\t<meta name=\"twitter:data1\" content=\"3\u00a0Minuten\" \/>\n<script type=\"application\/ld+json\" class=\"yoast-schema-graph\">{\"@context\":\"https:\\\/\\\/schema.org\",\"@graph\":[{\"@type\":\"WebPage\",\"@id\":\"https:\\\/\\\/fireware.nl\\\/de\\\/produkt\\\/nebelmaschine-stratus\\\/\",\"url\":\"https:\\\/\\\/fireware.nl\\\/de\\\/produkt\\\/nebelmaschine-stratus\\\/\",\"name\":\"Nebelmaschine Stratus (2600 W): der st\u00e4rkste seiner Art - FireWare\",\"isPartOf\":{\"@id\":\"https:\\\/\\\/fireware.nl\\\/de\\\/#website\"},\"primaryImageOfPage\":{\"@id\":\"https:\\\/\\\/fireware.nl\\\/de\\\/produkt\\\/nebelmaschine-stratus\\\/#primaryimage\"},\"image\":{\"@id\":\"https:\\\/\\\/fireware.nl\\\/de\\\/produkt\\\/nebelmaschine-stratus\\\/#primaryimage\"},\"thumbnailUrl\":\"https:\\\/\\\/fireware.nl\\\/wp-content\\\/uploads\\\/2019\\\/01\\\/009-030-002-stratus-medium-rookvloeistof.jpg\",\"datePublished\":\"2019-01-23T12:16:12+00:00\",\"dateModified\":\"2026-04-13T14:18:44+00:00\",\"description\":\"Die Nebelmaschine Stratus (2600 W) kann vertikal eingesetzt werden, um eine realistische Rauchschicht zu erzeugen. Das ist ein wahrer Gigant!\",\"breadcrumb\":{\"@id\":\"https:\\\/\\\/fireware.nl\\\/de\\\/produkt\\\/nebelmaschine-stratus\\\/#breadcrumb\"},\"inLanguage\":\"de\",\"potentialAction\":[{\"@type\":\"ReadAction\",\"target\":[\"https:\\\/\\\/fireware.nl\\\/de\\\/produkt\\\/nebelmaschine-stratus\\\/\"]}]},{\"@type\":\"ImageObject\",\"inLanguage\":\"de\",\"@id\":\"https:\\\/\\\/fireware.nl\\\/de\\\/produkt\\\/nebelmaschine-stratus\\\/#primaryimage\",\"url\":\"https:\\\/\\\/fireware.nl\\\/wp-content\\\/uploads\\\/2019\\\/01\\\/009-030-002-stratus-medium-rookvloeistof.jpg\",\"contentUrl\":\"https:\\\/\\\/fireware.nl\\\/wp-content\\\/uploads\\\/2019\\\/01\\\/009-030-002-stratus-medium-rookvloeistof.jpg\",\"width\":600,\"height\":600},{\"@type\":\"BreadcrumbList\",\"@id\":\"https:\\\/\\\/fireware.nl\\\/de\\\/produkt\\\/nebelmaschine-stratus\\\/#breadcrumb\",\"itemListElement\":[{\"@type\":\"ListItem\",\"position\":1,\"name\":\"Home\",\"item\":\"https:\\\/\\\/fireware.nl\\\/de\\\/\"},{\"@type\":\"ListItem\",\"position\":2,\"name\":\"Produkte\",\"item\":\"https:\\\/\\\/fireware.nl\\\/de\\\/produkte\\\/\"},{\"@type\":\"ListItem\",\"position\":3,\"name\":\"Nebelmaschine Stratus (2600 W)\"}]},{\"@type\":\"WebSite\",\"@id\":\"https:\\\/\\\/fireware.nl\\\/de\\\/#website\",\"url\":\"https:\\\/\\\/fireware.nl\\\/de\\\/\",\"name\":\"FireWare\",\"description\":\"CREATING REALISTIC  TRAINING ENVIRONMENTS\",\"publisher\":{\"@id\":\"https:\\\/\\\/fireware.nl\\\/de\\\/#organization\"},\"potentialAction\":[{\"@type\":\"SearchAction\",\"target\":{\"@type\":\"EntryPoint\",\"urlTemplate\":\"https:\\\/\\\/fireware.nl\\\/de\\\/?s={search_term_string}\"},\"query-input\":{\"@type\":\"PropertyValueSpecification\",\"valueRequired\":true,\"valueName\":\"search_term_string\"}}],\"inLanguage\":\"de\"},{\"@type\":\"Organization\",\"@id\":\"https:\\\/\\\/fireware.nl\\\/de\\\/#organization\",\"name\":\"FireWare\",\"url\":\"https:\\\/\\\/fireware.nl\\\/de\\\/\",\"logo\":{\"@type\":\"ImageObject\",\"inLanguage\":\"de\",\"@id\":\"https:\\\/\\\/fireware.nl\\\/de\\\/#\\\/schema\\\/logo\\\/image\\\/\",\"url\":\"https:\\\/\\\/fireware.nl\\\/wp-content\\\/uploads\\\/2018\\\/10\\\/FireWare-logo.jpg\",\"contentUrl\":\"https:\\\/\\\/fireware.nl\\\/wp-content\\\/uploads\\\/2018\\\/10\\\/FireWare-logo.jpg\",\"width\":171,\"height\":70,\"caption\":\"FireWare\"},\"image\":{\"@id\":\"https:\\\/\\\/fireware.nl\\\/de\\\/#\\\/schema\\\/logo\\\/image\\\/\"},\"sameAs\":[\"https:\\\/\\\/www.facebook.com\\\/FireWareBV\\\/\",\"https:\\\/\\\/x.com\\\/FireWarebv\",\"https:\\\/\\\/www.instagram.com\\\/fireware_nl\\\/\",\"https:\\\/\\\/www.linkedin.com\\\/company\\\/3586017\\\/\",\"https:\\\/\\\/www.youtube.com\\\/user\\\/firesalesrentconsult\"]}]}<\/script>\n<!-- \/ Yoast SEO plugin. -->","yoast_head_json":{"title":"Nebelmaschine Stratus (2600 W): der st\u00e4rkste seiner Art - FireWare","description":"Die Nebelmaschine Stratus (2600 W) kann vertikal eingesetzt werden, um eine realistische Rauchschicht zu erzeugen. Das ist ein wahrer Gigant!","robots":{"index":"index","follow":"follow","max-snippet":"max-snippet:-1","max-image-preview":"max-image-preview:large","max-video-preview":"max-video-preview:-1"},"canonical":"https:\/\/fireware.nl\/de\/produkt\/nebelmaschine-stratus\/","og_locale":"de_DE","og_type":"article","og_title":"Nebelmaschine Stratus (2600 W): der st\u00e4rkste seiner Art - FireWare","og_description":"Die Nebelmaschine Stratus (2600 W) kann vertikal eingesetzt werden, um eine realistische Rauchschicht zu erzeugen. Das ist ein wahrer Gigant!","og_url":"https:\/\/fireware.nl\/de\/produkt\/nebelmaschine-stratus\/","og_site_name":"FireWare","article_publisher":"https:\/\/www.facebook.com\/FireWareBV\/","article_modified_time":"2026-04-13T14:18:44+00:00","og_image":[{"width":600,"height":600,"url":"https:\/\/fireware.nl\/wp-content\/uploads\/2019\/01\/009-030-002-stratus-medium-rookvloeistof.jpg","type":"image\/jpeg"}],"twitter_card":"summary_large_image","twitter_site":"@FireWarebv","twitter_misc":{"Gesch\u00e4tzte Lesezeit":"3\u00a0Minuten"},"schema":{"@context":"https:\/\/schema.org","@graph":[{"@type":"WebPage","@id":"https:\/\/fireware.nl\/de\/produkt\/nebelmaschine-stratus\/","url":"https:\/\/fireware.nl\/de\/produkt\/nebelmaschine-stratus\/","name":"Nebelmaschine Stratus (2600 W): der st\u00e4rkste seiner Art - FireWare","isPartOf":{"@id":"https:\/\/fireware.nl\/de\/#website"},"primaryImageOfPage":{"@id":"https:\/\/fireware.nl\/de\/produkt\/nebelmaschine-stratus\/#primaryimage"},"image":{"@id":"https:\/\/fireware.nl\/de\/produkt\/nebelmaschine-stratus\/#primaryimage"},"thumbnailUrl":"https:\/\/fireware.nl\/wp-content\/uploads\/2019\/01\/009-030-002-stratus-medium-rookvloeistof.jpg","datePublished":"2019-01-23T12:16:12+00:00","dateModified":"2026-04-13T14:18:44+00:00","description":"Die Nebelmaschine Stratus (2600 W) kann vertikal eingesetzt werden, um eine realistische Rauchschicht zu erzeugen. Das ist ein wahrer Gigant!","breadcrumb":{"@id":"https:\/\/fireware.nl\/de\/produkt\/nebelmaschine-stratus\/#breadcrumb"},"inLanguage":"de","potentialAction":[{"@type":"ReadAction","target":["https:\/\/fireware.nl\/de\/produkt\/nebelmaschine-stratus\/"]}]},{"@type":"ImageObject","inLanguage":"de","@id":"https:\/\/fireware.nl\/de\/produkt\/nebelmaschine-stratus\/#primaryimage","url":"https:\/\/fireware.nl\/wp-content\/uploads\/2019\/01\/009-030-002-stratus-medium-rookvloeistof.jpg","contentUrl":"https:\/\/fireware.nl\/wp-content\/uploads\/2019\/01\/009-030-002-stratus-medium-rookvloeistof.jpg","width":600,"height":600},{"@type":"BreadcrumbList","@id":"https:\/\/fireware.nl\/de\/produkt\/nebelmaschine-stratus\/#breadcrumb","itemListElement":[{"@type":"ListItem","position":1,"name":"Home","item":"https:\/\/fireware.nl\/de\/"},{"@type":"ListItem","position":2,"name":"Produkte","item":"https:\/\/fireware.nl\/de\/produkte\/"},{"@type":"ListItem","position":3,"name":"Nebelmaschine Stratus (2600 W)"}]},{"@type":"WebSite","@id":"https:\/\/fireware.nl\/de\/#website","url":"https:\/\/fireware.nl\/de\/","name":"FireWare","description":"CREATING REALISTIC  TRAINING ENVIRONMENTS","publisher":{"@id":"https:\/\/fireware.nl\/de\/#organization"},"potentialAction":[{"@type":"SearchAction","target":{"@type":"EntryPoint","urlTemplate":"https:\/\/fireware.nl\/de\/?s={search_term_string}"},"query-input":{"@type":"PropertyValueSpecification","valueRequired":true,"valueName":"search_term_string"}}],"inLanguage":"de"},{"@type":"Organization","@id":"https:\/\/fireware.nl\/de\/#organization","name":"FireWare","url":"https:\/\/fireware.nl\/de\/","logo":{"@type":"ImageObject","inLanguage":"de","@id":"https:\/\/fireware.nl\/de\/#\/schema\/logo\/image\/","url":"https:\/\/fireware.nl\/wp-content\/uploads\/2018\/10\/FireWare-logo.jpg","contentUrl":"https:\/\/fireware.nl\/wp-content\/uploads\/2018\/10\/FireWare-logo.jpg","width":171,"height":70,"caption":"FireWare"},"image":{"@id":"https:\/\/fireware.nl\/de\/#\/schema\/logo\/image\/"},"sameAs":["https:\/\/www.facebook.com\/FireWareBV\/","https:\/\/x.com\/FireWarebv","https:\/\/www.instagram.com\/fireware_nl\/","https:\/\/www.linkedin.com\/company\/3586017\/","https:\/\/www.youtube.com\/user\/firesalesrentconsult"]}]}},"publishpress_future_workflow_manual_trigger":{"enabledWorkflows":[]},"_links":{"self":[{"href":"https:\/\/fireware.nl\/de\/wp-json\/wp\/v2\/product\/18984","targetHints":{"allow":["GET"]}}],"collection":[{"href":"https:\/\/fireware.nl\/de\/wp-json\/wp\/v2\/product"}],"about":[{"href":"https:\/\/fireware.nl\/de\/wp-json\/wp\/v2\/types\/product"}],"wp:featuredmedia":[{"embeddable":true,"href":"https:\/\/fireware.nl\/de\/wp-json\/wp\/v2\/media\/49322"}],"wp:attachment":[{"href":"https:\/\/fireware.nl\/de\/wp-json\/wp\/v2\/media?parent=18984"}],"wp:term":[{"taxonomy":"product_brand","embeddable":true,"href":"https:\/\/fireware.nl\/de\/wp-json\/wp\/v2\/product_brand?post=18984"},{"taxonomy":"product_cat","embeddable":true,"href":"https:\/\/fireware.nl\/de\/wp-json\/wp\/v2\/product_cat?post=18984"},{"taxonomy":"product_tag","embeddable":true,"href":"https:\/\/fireware.nl\/de\/wp-json\/wp\/v2\/product_tag?post=18984"}],"curies":[{"name":"wp","href":"https:\/\/api.w.org\/{rel}","templated":true}]}}