
{"id":18993,"date":"2019-01-23T12:16:11","date_gmt":"2019-02-01T09:06:07","guid":{"rendered":"http:\/\/fireware.sites.hyperhosting.co\/?post_type=product&#038;p=18993"},"modified":"2022-01-24T11:06:10","modified_gmt":"2022-01-24T11:06:10","slug":"drahtlose-fernbedienung-fuer-nimbo","status":"publish","type":"product","link":"https:\/\/fireware.nl\/de\/product\/drahtlose-fernbedienung-fuer-nimbo\/","title":{"rendered":"Drahtlose Fernbedienung f\u00fcr Nimbo"},"content":{"rendered":"\n\n\t<h2>Steuren Sie Ihren Nimbo drahtlos an<\/h2>\n<p>Mit dem drahtlosen Fernbedienung f\u00fcr <a href=\"https:\/\/fireware.nl\/de\/produkt\/nebelmaschine-nimbo\/\" target=\"_blank\" rel=\"noopener\">Nimbo<\/a> k\u00f6nnen Sie eine Nebelmaschine auf Abstand und drahtlos bedienen. So k\u00f6nnen Sie die Nebelmenge pr\u00e4zise dosieren und direkt auf die \u00dcbungssituation eingehen. Die Handlungen des Kursteilnehmers f\u00fchren so zu mehr oder weniger Nebel. Der \u00dcbungsleiter kann das leicht koordinieren.<\/p>\n<p>Diese drahtlose Fernbedienung eignet sich f\u00fcr den FireWare Nimbo. Die Fernbedienung besteht aus 2 Teilen: einem Sender und einem Empf\u00e4nger. Erst platzieren Sie den Empf\u00e4nger auf der Maschine, dann k\u00f6nnen Sie die Maschine mit dem Sender (de)aktivieren. Halten Sie den Knopf eingedr\u00fcckt, erzeugt die Nebelmaschine Nebel; lassen Sie den Knopf los, stoppt die Nebelerzeugung.<\/p>\n<p>Unter idealen Umst\u00e4nden betr\u00e4gt die Reichweite 50 Meter. Allerdings k\u00f6nnen Hindernisse aus Eisen, Absperrungen sowie st\u00f6rende Radiofrequenzen den Sendebereich beeintr\u00e4chtigen. Die Fernbedienung ist nicht programmierbar wann man mehrerer Nimbo Nebelger\u00e4te gleichzeitig verwendet.<\/p>\n\n","protected":false},"excerpt":{"rendered":"<ul>\n<li>Drahtlose Fernbedienung f\u00fcr FireWare Nimbo Nebelmaschine.<\/li>\n<li>Besteht aus einem Sender und einem Empf\u00e4nger.<\/li>\n<li>Die \u00dcbungen werden mittels Fernbedienung interaktiver<\/li>\n<\/ul>\n","protected":false},"featured_media":20745,"template":"","meta":[],"product_brand":[],"product_cat":[83],"product_tag":[],"class_list":{"0":"post-18993","1":"product","2":"type-product","3":"status-publish","4":"has-post-thumbnail","6":"product_cat-extras-fuer-nebelmaschinen","8":"first","9":"instock","10":"taxable","11":"shipping-taxable","12":"purchasable","13":"product-type-simple"},"yoast_head":"<!-- This site is optimized with the Yoast SEO plugin v27.5 - https:\/\/yoast.com\/product\/yoast-seo-wordpress\/ -->\n<title>Drahtlose Fernbedienung f\u00fcr Nimbo - FireWare<\/title>\n<meta name=\"robots\" content=\"index, follow, max-snippet:-1, max-image-preview:large, max-video-preview:-1\" \/>\n<link rel=\"canonical\" href=\"https:\/\/fireware.nl\/de\/product\/drahtlose-fernbedienung-fuer-nimbo\/\" \/>\n<meta property=\"og:locale\" content=\"de_DE\" \/>\n<meta property=\"og:type\" content=\"article\" \/>\n<meta property=\"og:title\" content=\"Drahtlose Fernbedienung f\u00fcr Nimbo - FireWare\" \/>\n<meta property=\"og:description\" content=\"Drahtlose Fernbedienung f\u00fcr FireWare Nimbo Nebelmaschine.  Besteht aus einem Sender und einem Empf\u00e4nger.  Die \u00dcbungen werden mittels Fernbedienung interaktiver\" \/>\n<meta property=\"og:url\" content=\"https:\/\/fireware.nl\/de\/product\/drahtlose-fernbedienung-fuer-nimbo\/\" \/>\n<meta property=\"og:site_name\" content=\"FireWare\" \/>\n<meta property=\"article:publisher\" content=\"https:\/\/www.facebook.com\/FireWareBV\/\" \/>\n<meta property=\"article:modified_time\" content=\"2022-01-24T11:06:10+00:00\" \/>\n<meta property=\"og:image\" content=\"https:\/\/fireware.nl\/wp-content\/uploads\/2019\/01\/008-012-013-Draadloze-Aftandsbedienignn-Nimbo-Bovenkant.jpg\" \/>\n\t<meta property=\"og:image:width\" content=\"600\" \/>\n\t<meta property=\"og:image:height\" content=\"600\" \/>\n\t<meta property=\"og:image:type\" content=\"image\/jpeg\" \/>\n<meta name=\"twitter:card\" content=\"summary_large_image\" \/>\n<meta name=\"twitter:site\" content=\"@FireWarebv\" \/>\n<meta name=\"twitter:label1\" content=\"Gesch\u00e4tzte Lesezeit\" \/>\n\t<meta name=\"twitter:data1\" content=\"1\u00a0Minute\" \/>\n<script type=\"application\/ld+json\" class=\"yoast-schema-graph\">{\"@context\":\"https:\\\/\\\/schema.org\",\"@graph\":[{\"@type\":\"WebPage\",\"@id\":\"https:\\\/\\\/fireware.nl\\\/de\\\/product\\\/drahtlose-fernbedienung-fuer-nimbo\\\/\",\"url\":\"https:\\\/\\\/fireware.nl\\\/de\\\/product\\\/drahtlose-fernbedienung-fuer-nimbo\\\/\",\"name\":\"Drahtlose Fernbedienung f\u00fcr Nimbo - FireWare\",\"isPartOf\":{\"@id\":\"https:\\\/\\\/fireware.nl\\\/de\\\/#website\"},\"primaryImageOfPage\":{\"@id\":\"https:\\\/\\\/fireware.nl\\\/de\\\/product\\\/drahtlose-fernbedienung-fuer-nimbo\\\/#primaryimage\"},\"image\":{\"@id\":\"https:\\\/\\\/fireware.nl\\\/de\\\/product\\\/drahtlose-fernbedienung-fuer-nimbo\\\/#primaryimage\"},\"thumbnailUrl\":\"https:\\\/\\\/fireware.nl\\\/wp-content\\\/uploads\\\/2019\\\/01\\\/008-012-013-Draadloze-Aftandsbedienignn-Nimbo-Bovenkant.jpg\",\"datePublished\":\"2019-02-01T09:06:07+00:00\",\"dateModified\":\"2022-01-24T11:06:10+00:00\",\"breadcrumb\":{\"@id\":\"https:\\\/\\\/fireware.nl\\\/de\\\/product\\\/drahtlose-fernbedienung-fuer-nimbo\\\/#breadcrumb\"},\"inLanguage\":\"de\",\"potentialAction\":[{\"@type\":\"ReadAction\",\"target\":[\"https:\\\/\\\/fireware.nl\\\/de\\\/product\\\/drahtlose-fernbedienung-fuer-nimbo\\\/\"]}]},{\"@type\":\"ImageObject\",\"inLanguage\":\"de\",\"@id\":\"https:\\\/\\\/fireware.nl\\\/de\\\/product\\\/drahtlose-fernbedienung-fuer-nimbo\\\/#primaryimage\",\"url\":\"https:\\\/\\\/fireware.nl\\\/wp-content\\\/uploads\\\/2019\\\/01\\\/008-012-013-Draadloze-Aftandsbedienignn-Nimbo-Bovenkant.jpg\",\"contentUrl\":\"https:\\\/\\\/fireware.nl\\\/wp-content\\\/uploads\\\/2019\\\/01\\\/008-012-013-Draadloze-Aftandsbedienignn-Nimbo-Bovenkant.jpg\",\"width\":600,\"height\":600,\"caption\":\"008-012-013 Draadloze Aftandsbedienignn Nimbo Bovenkant\"},{\"@type\":\"BreadcrumbList\",\"@id\":\"https:\\\/\\\/fireware.nl\\\/de\\\/product\\\/drahtlose-fernbedienung-fuer-nimbo\\\/#breadcrumb\",\"itemListElement\":[{\"@type\":\"ListItem\",\"position\":1,\"name\":\"Home\",\"item\":\"https:\\\/\\\/fireware.nl\\\/de\\\/\"},{\"@type\":\"ListItem\",\"position\":2,\"name\":\"Produkte\",\"item\":\"https:\\\/\\\/fireware.nl\\\/de\\\/produkte\\\/\"},{\"@type\":\"ListItem\",\"position\":3,\"name\":\"Drahtlose Fernbedienung f\u00fcr Nimbo\"}]},{\"@type\":\"WebSite\",\"@id\":\"https:\\\/\\\/fireware.nl\\\/de\\\/#website\",\"url\":\"https:\\\/\\\/fireware.nl\\\/de\\\/\",\"name\":\"FireWare\",\"description\":\"CREATING REALISTIC  TRAINING ENVIRONMENTS\",\"publisher\":{\"@id\":\"https:\\\/\\\/fireware.nl\\\/de\\\/#organization\"},\"potentialAction\":[{\"@type\":\"SearchAction\",\"target\":{\"@type\":\"EntryPoint\",\"urlTemplate\":\"https:\\\/\\\/fireware.nl\\\/de\\\/?s={search_term_string}\"},\"query-input\":{\"@type\":\"PropertyValueSpecification\",\"valueRequired\":true,\"valueName\":\"search_term_string\"}}],\"inLanguage\":\"de\"},{\"@type\":\"Organization\",\"@id\":\"https:\\\/\\\/fireware.nl\\\/de\\\/#organization\",\"name\":\"FireWare\",\"url\":\"https:\\\/\\\/fireware.nl\\\/de\\\/\",\"logo\":{\"@type\":\"ImageObject\",\"inLanguage\":\"de\",\"@id\":\"https:\\\/\\\/fireware.nl\\\/de\\\/#\\\/schema\\\/logo\\\/image\\\/\",\"url\":\"https:\\\/\\\/fireware.nl\\\/wp-content\\\/uploads\\\/2018\\\/10\\\/FireWare-logo.jpg\",\"contentUrl\":\"https:\\\/\\\/fireware.nl\\\/wp-content\\\/uploads\\\/2018\\\/10\\\/FireWare-logo.jpg\",\"width\":171,\"height\":70,\"caption\":\"FireWare\"},\"image\":{\"@id\":\"https:\\\/\\\/fireware.nl\\\/de\\\/#\\\/schema\\\/logo\\\/image\\\/\"},\"sameAs\":[\"https:\\\/\\\/www.facebook.com\\\/FireWareBV\\\/\",\"https:\\\/\\\/x.com\\\/FireWarebv\",\"https:\\\/\\\/www.instagram.com\\\/fireware_nl\\\/\",\"https:\\\/\\\/www.linkedin.com\\\/company\\\/3586017\\\/\",\"https:\\\/\\\/www.youtube.com\\\/user\\\/firesalesrentconsult\"]}]}<\/script>\n<!-- \/ Yoast SEO plugin. -->","yoast_head_json":{"title":"Drahtlose Fernbedienung f\u00fcr Nimbo - FireWare","robots":{"index":"index","follow":"follow","max-snippet":"max-snippet:-1","max-image-preview":"max-image-preview:large","max-video-preview":"max-video-preview:-1"},"canonical":"https:\/\/fireware.nl\/de\/product\/drahtlose-fernbedienung-fuer-nimbo\/","og_locale":"de_DE","og_type":"article","og_title":"Drahtlose Fernbedienung f\u00fcr Nimbo - FireWare","og_description":"Drahtlose Fernbedienung f\u00fcr FireWare Nimbo Nebelmaschine.  Besteht aus einem Sender und einem Empf\u00e4nger.  Die \u00dcbungen werden mittels Fernbedienung interaktiver","og_url":"https:\/\/fireware.nl\/de\/product\/drahtlose-fernbedienung-fuer-nimbo\/","og_site_name":"FireWare","article_publisher":"https:\/\/www.facebook.com\/FireWareBV\/","article_modified_time":"2022-01-24T11:06:10+00:00","og_image":[{"width":600,"height":600,"url":"https:\/\/fireware.nl\/wp-content\/uploads\/2019\/01\/008-012-013-Draadloze-Aftandsbedienignn-Nimbo-Bovenkant.jpg","type":"image\/jpeg"}],"twitter_card":"summary_large_image","twitter_site":"@FireWarebv","twitter_misc":{"Gesch\u00e4tzte Lesezeit":"1\u00a0Minute"},"schema":{"@context":"https:\/\/schema.org","@graph":[{"@type":"WebPage","@id":"https:\/\/fireware.nl\/de\/product\/drahtlose-fernbedienung-fuer-nimbo\/","url":"https:\/\/fireware.nl\/de\/product\/drahtlose-fernbedienung-fuer-nimbo\/","name":"Drahtlose Fernbedienung f\u00fcr Nimbo - FireWare","isPartOf":{"@id":"https:\/\/fireware.nl\/de\/#website"},"primaryImageOfPage":{"@id":"https:\/\/fireware.nl\/de\/product\/drahtlose-fernbedienung-fuer-nimbo\/#primaryimage"},"image":{"@id":"https:\/\/fireware.nl\/de\/product\/drahtlose-fernbedienung-fuer-nimbo\/#primaryimage"},"thumbnailUrl":"https:\/\/fireware.nl\/wp-content\/uploads\/2019\/01\/008-012-013-Draadloze-Aftandsbedienignn-Nimbo-Bovenkant.jpg","datePublished":"2019-02-01T09:06:07+00:00","dateModified":"2022-01-24T11:06:10+00:00","breadcrumb":{"@id":"https:\/\/fireware.nl\/de\/product\/drahtlose-fernbedienung-fuer-nimbo\/#breadcrumb"},"inLanguage":"de","potentialAction":[{"@type":"ReadAction","target":["https:\/\/fireware.nl\/de\/product\/drahtlose-fernbedienung-fuer-nimbo\/"]}]},{"@type":"ImageObject","inLanguage":"de","@id":"https:\/\/fireware.nl\/de\/product\/drahtlose-fernbedienung-fuer-nimbo\/#primaryimage","url":"https:\/\/fireware.nl\/wp-content\/uploads\/2019\/01\/008-012-013-Draadloze-Aftandsbedienignn-Nimbo-Bovenkant.jpg","contentUrl":"https:\/\/fireware.nl\/wp-content\/uploads\/2019\/01\/008-012-013-Draadloze-Aftandsbedienignn-Nimbo-Bovenkant.jpg","width":600,"height":600,"caption":"008-012-013 Draadloze Aftandsbedienignn Nimbo Bovenkant"},{"@type":"BreadcrumbList","@id":"https:\/\/fireware.nl\/de\/product\/drahtlose-fernbedienung-fuer-nimbo\/#breadcrumb","itemListElement":[{"@type":"ListItem","position":1,"name":"Home","item":"https:\/\/fireware.nl\/de\/"},{"@type":"ListItem","position":2,"name":"Produkte","item":"https:\/\/fireware.nl\/de\/produkte\/"},{"@type":"ListItem","position":3,"name":"Drahtlose Fernbedienung f\u00fcr Nimbo"}]},{"@type":"WebSite","@id":"https:\/\/fireware.nl\/de\/#website","url":"https:\/\/fireware.nl\/de\/","name":"FireWare","description":"CREATING REALISTIC  TRAINING ENVIRONMENTS","publisher":{"@id":"https:\/\/fireware.nl\/de\/#organization"},"potentialAction":[{"@type":"SearchAction","target":{"@type":"EntryPoint","urlTemplate":"https:\/\/fireware.nl\/de\/?s={search_term_string}"},"query-input":{"@type":"PropertyValueSpecification","valueRequired":true,"valueName":"search_term_string"}}],"inLanguage":"de"},{"@type":"Organization","@id":"https:\/\/fireware.nl\/de\/#organization","name":"FireWare","url":"https:\/\/fireware.nl\/de\/","logo":{"@type":"ImageObject","inLanguage":"de","@id":"https:\/\/fireware.nl\/de\/#\/schema\/logo\/image\/","url":"https:\/\/fireware.nl\/wp-content\/uploads\/2018\/10\/FireWare-logo.jpg","contentUrl":"https:\/\/fireware.nl\/wp-content\/uploads\/2018\/10\/FireWare-logo.jpg","width":171,"height":70,"caption":"FireWare"},"image":{"@id":"https:\/\/fireware.nl\/de\/#\/schema\/logo\/image\/"},"sameAs":["https:\/\/www.facebook.com\/FireWareBV\/","https:\/\/x.com\/FireWarebv","https:\/\/www.instagram.com\/fireware_nl\/","https:\/\/www.linkedin.com\/company\/3586017\/","https:\/\/www.youtube.com\/user\/firesalesrentconsult"]}]}},"publishpress_future_workflow_manual_trigger":{"enabledWorkflows":[]},"_links":{"self":[{"href":"https:\/\/fireware.nl\/de\/wp-json\/wp\/v2\/product\/18993","targetHints":{"allow":["GET"]}}],"collection":[{"href":"https:\/\/fireware.nl\/de\/wp-json\/wp\/v2\/product"}],"about":[{"href":"https:\/\/fireware.nl\/de\/wp-json\/wp\/v2\/types\/product"}],"wp:featuredmedia":[{"embeddable":true,"href":"https:\/\/fireware.nl\/de\/wp-json\/wp\/v2\/media\/20745"}],"wp:attachment":[{"href":"https:\/\/fireware.nl\/de\/wp-json\/wp\/v2\/media?parent=18993"}],"wp:term":[{"taxonomy":"product_brand","embeddable":true,"href":"https:\/\/fireware.nl\/de\/wp-json\/wp\/v2\/product_brand?post=18993"},{"taxonomy":"product_cat","embeddable":true,"href":"https:\/\/fireware.nl\/de\/wp-json\/wp\/v2\/product_cat?post=18993"},{"taxonomy":"product_tag","embeddable":true,"href":"https:\/\/fireware.nl\/de\/wp-json\/wp\/v2\/product_tag?post=18993"}],"curies":[{"name":"wp","href":"https:\/\/api.w.org\/{rel}","templated":true}]}}