
{"id":18996,"date":"2019-01-23T12:16:10","date_gmt":"2019-02-01T09:07:36","guid":{"rendered":"http:\/\/fireware.sites.hyperhosting.co\/?post_type=product&#038;p=18996"},"modified":"2022-04-26T14:45:57","modified_gmt":"2022-04-26T14:45:57","slug":"drahtlose-fernbedienung-cirrus-cumulus-stratus","status":"publish","type":"product","link":"https:\/\/fireware.nl\/de\/product\/drahtlose-fernbedienung-cirrus-cumulus-stratus\/","title":{"rendered":"Drahtlose Fernbedienung Cirrus\/Cumulus\/stratus"},"content":{"rendered":"<h2>Bedienen Sie Ihre Nebelmaschinen auf Abstand<\/h2>\n<p>Mit der Drahtlosen XLR Fernbedienung bedienen Sie Nebelmaschinen auf Abstand. So k\u00f6nnen Sie die Nebelmenge pr\u00e4zise dosieren und direkt auf die \u00dcbungssituation eingehen. Die Handlungen des Kursteilnehmers f\u00fchren so zu mehr oder weniger Nebel. Der \u00dcbungsleiter kann das leicht koordinieren.<\/p>\n<p>Die Fernbedienung besteht aus 2 Teilen. Erst platzieren Sie den Empf\u00e4nger auf der Maschine, dann k\u00f6nnen Sie diese mit dem Sender bedienen. Den Nebeloutput stellen Sie im Voraus auf der Maschine ein. Unter idealen Umst\u00e4nden betr\u00e4gt die Reichweite 100 Meter, selbst durch eine Betonwand hindurch. Allerdings k\u00f6nnen Hindernisse aus Eisen sowie st\u00f6rende Radiofrequenzen den Sendebereich beeintr\u00e4chtigen.<\/p>\n<p>Der Sender hat programmierbare Kn\u00f6pfe. So k\u00f6nnen Sie mit einem Sender mehrere Nebelmaschinen ansteuern.<\/p>\n<p>Die Fernbedienung eignet sich f\u00fcr die Rauchmaschinen von FireWare Cirrus, Cumulus und Stratus.<\/p>\n","protected":false},"excerpt":{"rendered":"<ul>\n<li>Drahtlose Fernbedienung f\u00fcr Nebelmaschinen.<\/li>\n<li>Geignet f\u00fcr die FireWare Cirrus, Cumulus und Stratus.<\/li>\n<li>Die \u00dcbungen werden mittels Fernbedienung interaktiver.<\/li>\n<li>Besteht aus einem Sender und einem Empf\u00e4nger.<\/li>\n<li>Der Sender hat programmierbare Kn\u00f6pfe.<\/li>\n<\/ul>\n","protected":false},"featured_media":20758,"template":"","meta":[],"product_brand":[],"product_cat":[83],"product_tag":[],"class_list":{"0":"post-18996","1":"product","2":"type-product","3":"status-publish","4":"has-post-thumbnail","6":"product_cat-extras-fuer-nebelmaschinen","8":"first","9":"instock","10":"taxable","11":"shipping-taxable","12":"purchasable","13":"product-type-simple"},"yoast_head":"<!-- This site is optimized with the Yoast SEO plugin v27.5 - https:\/\/yoast.com\/product\/yoast-seo-wordpress\/ -->\n<title>Drahtlose Fernbedienung Cirrus\/Cumulus\/stratus - FireWare<\/title>\n<meta name=\"robots\" content=\"index, follow, max-snippet:-1, max-image-preview:large, max-video-preview:-1\" \/>\n<link rel=\"canonical\" href=\"https:\/\/fireware.nl\/de\/product\/drahtlose-fernbedienung-cirrus-cumulus-stratus\/\" \/>\n<meta property=\"og:locale\" content=\"de_DE\" \/>\n<meta property=\"og:type\" content=\"article\" \/>\n<meta property=\"og:title\" content=\"Drahtlose Fernbedienung Cirrus\/Cumulus\/stratus - FireWare\" \/>\n<meta property=\"og:description\" content=\"Drahtlose Fernbedienung f\u00fcr Nebelmaschinen.  Geignet f\u00fcr die FireWare Cirrus, Cumulus und Stratus.  Die \u00dcbungen werden mittels Fernbedienung interaktiver.  Besteht aus einem Sender und einem Empf\u00e4nger.  Der Sender hat programmierbare Kn\u00f6pfe.\" \/>\n<meta property=\"og:url\" content=\"https:\/\/fireware.nl\/de\/product\/drahtlose-fernbedienung-cirrus-cumulus-stratus\/\" \/>\n<meta property=\"og:site_name\" content=\"FireWare\" \/>\n<meta property=\"article:publisher\" content=\"https:\/\/www.facebook.com\/FireWareBV\/\" \/>\n<meta property=\"article:modified_time\" content=\"2022-04-26T14:45:57+00:00\" \/>\n<meta property=\"og:image\" content=\"https:\/\/fireware.nl\/wp-content\/uploads\/2019\/01\/008-012-015-Draadloze-afstandsbedienning-CirrusCumulusStratus-Remote.jpg\" \/>\n\t<meta property=\"og:image:width\" content=\"600\" \/>\n\t<meta property=\"og:image:height\" content=\"600\" \/>\n\t<meta property=\"og:image:type\" content=\"image\/jpeg\" \/>\n<meta name=\"twitter:card\" content=\"summary_large_image\" \/>\n<meta name=\"twitter:site\" content=\"@FireWarebv\" \/>\n<meta name=\"twitter:label1\" content=\"Gesch\u00e4tzte Lesezeit\" \/>\n\t<meta name=\"twitter:data1\" content=\"1\u00a0Minute\" \/>\n<script type=\"application\/ld+json\" class=\"yoast-schema-graph\">{\"@context\":\"https:\\\/\\\/schema.org\",\"@graph\":[{\"@type\":\"WebPage\",\"@id\":\"https:\\\/\\\/fireware.nl\\\/de\\\/product\\\/drahtlose-fernbedienung-cirrus-cumulus-stratus\\\/\",\"url\":\"https:\\\/\\\/fireware.nl\\\/de\\\/product\\\/drahtlose-fernbedienung-cirrus-cumulus-stratus\\\/\",\"name\":\"Drahtlose Fernbedienung Cirrus\\\/Cumulus\\\/stratus - FireWare\",\"isPartOf\":{\"@id\":\"https:\\\/\\\/fireware.nl\\\/de\\\/#website\"},\"primaryImageOfPage\":{\"@id\":\"https:\\\/\\\/fireware.nl\\\/de\\\/product\\\/drahtlose-fernbedienung-cirrus-cumulus-stratus\\\/#primaryimage\"},\"image\":{\"@id\":\"https:\\\/\\\/fireware.nl\\\/de\\\/product\\\/drahtlose-fernbedienung-cirrus-cumulus-stratus\\\/#primaryimage\"},\"thumbnailUrl\":\"https:\\\/\\\/fireware.nl\\\/wp-content\\\/uploads\\\/2019\\\/01\\\/008-012-015-Draadloze-afstandsbedienning-CirrusCumulusStratus-Remote.jpg\",\"datePublished\":\"2019-02-01T09:07:36+00:00\",\"dateModified\":\"2022-04-26T14:45:57+00:00\",\"breadcrumb\":{\"@id\":\"https:\\\/\\\/fireware.nl\\\/de\\\/product\\\/drahtlose-fernbedienung-cirrus-cumulus-stratus\\\/#breadcrumb\"},\"inLanguage\":\"de\",\"potentialAction\":[{\"@type\":\"ReadAction\",\"target\":[\"https:\\\/\\\/fireware.nl\\\/de\\\/product\\\/drahtlose-fernbedienung-cirrus-cumulus-stratus\\\/\"]}]},{\"@type\":\"ImageObject\",\"inLanguage\":\"de\",\"@id\":\"https:\\\/\\\/fireware.nl\\\/de\\\/product\\\/drahtlose-fernbedienung-cirrus-cumulus-stratus\\\/#primaryimage\",\"url\":\"https:\\\/\\\/fireware.nl\\\/wp-content\\\/uploads\\\/2019\\\/01\\\/008-012-015-Draadloze-afstandsbedienning-CirrusCumulusStratus-Remote.jpg\",\"contentUrl\":\"https:\\\/\\\/fireware.nl\\\/wp-content\\\/uploads\\\/2019\\\/01\\\/008-012-015-Draadloze-afstandsbedienning-CirrusCumulusStratus-Remote.jpg\",\"width\":600,\"height\":600,\"caption\":\"008-012-015 Draadloze afstandsbedienning Cirrus,Cumulus,Stratus Remote\"},{\"@type\":\"BreadcrumbList\",\"@id\":\"https:\\\/\\\/fireware.nl\\\/de\\\/product\\\/drahtlose-fernbedienung-cirrus-cumulus-stratus\\\/#breadcrumb\",\"itemListElement\":[{\"@type\":\"ListItem\",\"position\":1,\"name\":\"Home\",\"item\":\"https:\\\/\\\/fireware.nl\\\/de\\\/\"},{\"@type\":\"ListItem\",\"position\":2,\"name\":\"Produkte\",\"item\":\"https:\\\/\\\/fireware.nl\\\/de\\\/produkte\\\/\"},{\"@type\":\"ListItem\",\"position\":3,\"name\":\"Drahtlose Fernbedienung Cirrus\\\/Cumulus\\\/stratus\"}]},{\"@type\":\"WebSite\",\"@id\":\"https:\\\/\\\/fireware.nl\\\/de\\\/#website\",\"url\":\"https:\\\/\\\/fireware.nl\\\/de\\\/\",\"name\":\"FireWare\",\"description\":\"CREATING REALISTIC  TRAINING ENVIRONMENTS\",\"publisher\":{\"@id\":\"https:\\\/\\\/fireware.nl\\\/de\\\/#organization\"},\"potentialAction\":[{\"@type\":\"SearchAction\",\"target\":{\"@type\":\"EntryPoint\",\"urlTemplate\":\"https:\\\/\\\/fireware.nl\\\/de\\\/?s={search_term_string}\"},\"query-input\":{\"@type\":\"PropertyValueSpecification\",\"valueRequired\":true,\"valueName\":\"search_term_string\"}}],\"inLanguage\":\"de\"},{\"@type\":\"Organization\",\"@id\":\"https:\\\/\\\/fireware.nl\\\/de\\\/#organization\",\"name\":\"FireWare\",\"url\":\"https:\\\/\\\/fireware.nl\\\/de\\\/\",\"logo\":{\"@type\":\"ImageObject\",\"inLanguage\":\"de\",\"@id\":\"https:\\\/\\\/fireware.nl\\\/de\\\/#\\\/schema\\\/logo\\\/image\\\/\",\"url\":\"https:\\\/\\\/fireware.nl\\\/wp-content\\\/uploads\\\/2018\\\/10\\\/FireWare-logo.jpg\",\"contentUrl\":\"https:\\\/\\\/fireware.nl\\\/wp-content\\\/uploads\\\/2018\\\/10\\\/FireWare-logo.jpg\",\"width\":171,\"height\":70,\"caption\":\"FireWare\"},\"image\":{\"@id\":\"https:\\\/\\\/fireware.nl\\\/de\\\/#\\\/schema\\\/logo\\\/image\\\/\"},\"sameAs\":[\"https:\\\/\\\/www.facebook.com\\\/FireWareBV\\\/\",\"https:\\\/\\\/x.com\\\/FireWarebv\",\"https:\\\/\\\/www.instagram.com\\\/fireware_nl\\\/\",\"https:\\\/\\\/www.linkedin.com\\\/company\\\/3586017\\\/\",\"https:\\\/\\\/www.youtube.com\\\/user\\\/firesalesrentconsult\"]}]}<\/script>\n<!-- \/ Yoast SEO plugin. -->","yoast_head_json":{"title":"Drahtlose Fernbedienung Cirrus\/Cumulus\/stratus - FireWare","robots":{"index":"index","follow":"follow","max-snippet":"max-snippet:-1","max-image-preview":"max-image-preview:large","max-video-preview":"max-video-preview:-1"},"canonical":"https:\/\/fireware.nl\/de\/product\/drahtlose-fernbedienung-cirrus-cumulus-stratus\/","og_locale":"de_DE","og_type":"article","og_title":"Drahtlose Fernbedienung Cirrus\/Cumulus\/stratus - FireWare","og_description":"Drahtlose Fernbedienung f\u00fcr Nebelmaschinen.  Geignet f\u00fcr die FireWare Cirrus, Cumulus und Stratus.  Die \u00dcbungen werden mittels Fernbedienung interaktiver.  Besteht aus einem Sender und einem Empf\u00e4nger.  Der Sender hat programmierbare Kn\u00f6pfe.","og_url":"https:\/\/fireware.nl\/de\/product\/drahtlose-fernbedienung-cirrus-cumulus-stratus\/","og_site_name":"FireWare","article_publisher":"https:\/\/www.facebook.com\/FireWareBV\/","article_modified_time":"2022-04-26T14:45:57+00:00","og_image":[{"width":600,"height":600,"url":"https:\/\/fireware.nl\/wp-content\/uploads\/2019\/01\/008-012-015-Draadloze-afstandsbedienning-CirrusCumulusStratus-Remote.jpg","type":"image\/jpeg"}],"twitter_card":"summary_large_image","twitter_site":"@FireWarebv","twitter_misc":{"Gesch\u00e4tzte Lesezeit":"1\u00a0Minute"},"schema":{"@context":"https:\/\/schema.org","@graph":[{"@type":"WebPage","@id":"https:\/\/fireware.nl\/de\/product\/drahtlose-fernbedienung-cirrus-cumulus-stratus\/","url":"https:\/\/fireware.nl\/de\/product\/drahtlose-fernbedienung-cirrus-cumulus-stratus\/","name":"Drahtlose Fernbedienung Cirrus\/Cumulus\/stratus - FireWare","isPartOf":{"@id":"https:\/\/fireware.nl\/de\/#website"},"primaryImageOfPage":{"@id":"https:\/\/fireware.nl\/de\/product\/drahtlose-fernbedienung-cirrus-cumulus-stratus\/#primaryimage"},"image":{"@id":"https:\/\/fireware.nl\/de\/product\/drahtlose-fernbedienung-cirrus-cumulus-stratus\/#primaryimage"},"thumbnailUrl":"https:\/\/fireware.nl\/wp-content\/uploads\/2019\/01\/008-012-015-Draadloze-afstandsbedienning-CirrusCumulusStratus-Remote.jpg","datePublished":"2019-02-01T09:07:36+00:00","dateModified":"2022-04-26T14:45:57+00:00","breadcrumb":{"@id":"https:\/\/fireware.nl\/de\/product\/drahtlose-fernbedienung-cirrus-cumulus-stratus\/#breadcrumb"},"inLanguage":"de","potentialAction":[{"@type":"ReadAction","target":["https:\/\/fireware.nl\/de\/product\/drahtlose-fernbedienung-cirrus-cumulus-stratus\/"]}]},{"@type":"ImageObject","inLanguage":"de","@id":"https:\/\/fireware.nl\/de\/product\/drahtlose-fernbedienung-cirrus-cumulus-stratus\/#primaryimage","url":"https:\/\/fireware.nl\/wp-content\/uploads\/2019\/01\/008-012-015-Draadloze-afstandsbedienning-CirrusCumulusStratus-Remote.jpg","contentUrl":"https:\/\/fireware.nl\/wp-content\/uploads\/2019\/01\/008-012-015-Draadloze-afstandsbedienning-CirrusCumulusStratus-Remote.jpg","width":600,"height":600,"caption":"008-012-015 Draadloze afstandsbedienning Cirrus,Cumulus,Stratus Remote"},{"@type":"BreadcrumbList","@id":"https:\/\/fireware.nl\/de\/product\/drahtlose-fernbedienung-cirrus-cumulus-stratus\/#breadcrumb","itemListElement":[{"@type":"ListItem","position":1,"name":"Home","item":"https:\/\/fireware.nl\/de\/"},{"@type":"ListItem","position":2,"name":"Produkte","item":"https:\/\/fireware.nl\/de\/produkte\/"},{"@type":"ListItem","position":3,"name":"Drahtlose Fernbedienung Cirrus\/Cumulus\/stratus"}]},{"@type":"WebSite","@id":"https:\/\/fireware.nl\/de\/#website","url":"https:\/\/fireware.nl\/de\/","name":"FireWare","description":"CREATING REALISTIC  TRAINING ENVIRONMENTS","publisher":{"@id":"https:\/\/fireware.nl\/de\/#organization"},"potentialAction":[{"@type":"SearchAction","target":{"@type":"EntryPoint","urlTemplate":"https:\/\/fireware.nl\/de\/?s={search_term_string}"},"query-input":{"@type":"PropertyValueSpecification","valueRequired":true,"valueName":"search_term_string"}}],"inLanguage":"de"},{"@type":"Organization","@id":"https:\/\/fireware.nl\/de\/#organization","name":"FireWare","url":"https:\/\/fireware.nl\/de\/","logo":{"@type":"ImageObject","inLanguage":"de","@id":"https:\/\/fireware.nl\/de\/#\/schema\/logo\/image\/","url":"https:\/\/fireware.nl\/wp-content\/uploads\/2018\/10\/FireWare-logo.jpg","contentUrl":"https:\/\/fireware.nl\/wp-content\/uploads\/2018\/10\/FireWare-logo.jpg","width":171,"height":70,"caption":"FireWare"},"image":{"@id":"https:\/\/fireware.nl\/de\/#\/schema\/logo\/image\/"},"sameAs":["https:\/\/www.facebook.com\/FireWareBV\/","https:\/\/x.com\/FireWarebv","https:\/\/www.instagram.com\/fireware_nl\/","https:\/\/www.linkedin.com\/company\/3586017\/","https:\/\/www.youtube.com\/user\/firesalesrentconsult"]}]}},"publishpress_future_workflow_manual_trigger":{"enabledWorkflows":[]},"_links":{"self":[{"href":"https:\/\/fireware.nl\/de\/wp-json\/wp\/v2\/product\/18996","targetHints":{"allow":["GET"]}}],"collection":[{"href":"https:\/\/fireware.nl\/de\/wp-json\/wp\/v2\/product"}],"about":[{"href":"https:\/\/fireware.nl\/de\/wp-json\/wp\/v2\/types\/product"}],"wp:featuredmedia":[{"embeddable":true,"href":"https:\/\/fireware.nl\/de\/wp-json\/wp\/v2\/media\/20758"}],"wp:attachment":[{"href":"https:\/\/fireware.nl\/de\/wp-json\/wp\/v2\/media?parent=18996"}],"wp:term":[{"taxonomy":"product_brand","embeddable":true,"href":"https:\/\/fireware.nl\/de\/wp-json\/wp\/v2\/product_brand?post=18996"},{"taxonomy":"product_cat","embeddable":true,"href":"https:\/\/fireware.nl\/de\/wp-json\/wp\/v2\/product_cat?post=18996"},{"taxonomy":"product_tag","embeddable":true,"href":"https:\/\/fireware.nl\/de\/wp-json\/wp\/v2\/product_tag?post=18996"}],"curies":[{"name":"wp","href":"https:\/\/api.w.org\/{rel}","templated":true}]}}