
{"id":19019,"date":"2025-07-01T12:16:10","date_gmt":"2025-07-01T12:16:10","guid":{"rendered":"http:\/\/fireware.sites.hyperhosting.co\/?post_type=product&#038;p=19019"},"modified":"2026-02-05T14:52:15","modified_gmt":"2026-02-05T14:52:15","slug":"smoke-hose-set","status":"publish","type":"product","link":"https:\/\/fireware.nl\/de\/product\/smoke-hose-set\/","title":{"rendered":"Smoke Hose Set"},"content":{"rendered":"\n\n\t<h2>Verl\u00e4ngerung f\u00fcr Ihre Rauchmaschine<\/h2>\n<p>Das Smoke Hose Set besteht aus einer Kiste mit einem Adapter f\u00fcr den FireWare Cumulus\/Stratus und einem Rauchschlauch mit einem Durchmesser von 152 mm. Dank des reichlichen Umfangs und dem Gerippe aus Metallringen kann eine ordentliche Menge Rauch durch den Schlauch transportiert werden.<\/p>\n<p>Ein Rauchschlauch wird haupts\u00e4chlich verwendet, wenn die Rauchmaschine weiter von der Inszenierung entfernt stehen muss. Beispielsweise, weil bei einer \u00dcbung Wasser gebraucht wird. Ein Rauchschlauch ist auch ideal f\u00fcr die Simulation von Lecks, um Rauch in eine explosionsgesch\u00fctzte Umgebung zu transportieren oder um eine Rauchmaschine an ein Rohrsystem anzuschlie\u00dfen.<\/p>\n<p>An der Au\u00dfenseite ist der Rauchschlauch mit Verschlei\u00dfstreifen ausgestattet, die daf\u00fcr sorgen, dass der Schlauch gut \u00fcber den Boden geschleift werden kann und f\u00fcr schwere Anwendungen. An beiden Enden des Schlauchs sind Manschetten angebracht. Mit diesen Manschetten kann der Schlauch leicht beispielsweise an einem Rohrsystem befestigt werden. Zur Befestigung des Schlauchs k\u00f6nnen die 3 Befestigungsschlaufen und die eingebauten Spannb\u00e4nder verwendet werden.<\/p>\n<h2>Sehen Sie sich das Video an<\/h2>\n\t\t\u2022\t<iframe width=\"1280\" height=\"720\" src=https:\/\/player.vimeo.com\/video\/1162151561?hl=nl&#038;cc_lang_pref=nl&#038;cc_load_policy=1 frameborder=\"0\" allow=\"accelerometer; autoplay; clipboard-write; encrypted-media; gyroscope; picture-in-picture\" allowfullscreen><\/iframe>\t\n\n","protected":false},"excerpt":{"rendered":"<ul>\n<li>Rauchschlauch mit einer L\u00e4nge von 10 Metern und einem Durchmesser von 152 mm.<\/li>\n<li>Inklusive Adapter f\u00fcr den FireWare Cumulus\/Stratus.<\/li>\n<li>Inklusive Kunststoffbox 60*40*32,5 cm.<\/li>\n<li>Mit Verschlei\u00dfstreifen.<\/li>\n<li>Mit Manschetten zum Anschluss an Rohre.<\/li>\n<li>Mit Schlaufen und Spannb\u00e4ndern zur Befestigung.<\/li>\n<\/ul>\n","protected":false},"featured_media":20784,"template":"","meta":[],"product_brand":[],"product_cat":[83],"product_tag":[],"class_list":{"0":"post-19019","1":"product","2":"type-product","3":"status-publish","4":"has-post-thumbnail","6":"product_cat-extras-fuer-nebelmaschinen","8":"first","9":"instock","10":"taxable","11":"shipping-taxable","12":"purchasable","13":"product-type-simple"},"yoast_head":"<!-- This site is optimized with the Yoast SEO plugin v27.5 - https:\/\/yoast.com\/product\/yoast-seo-wordpress\/ -->\n<title>Smoke Hose Set - FireWare<\/title>\n<meta name=\"robots\" content=\"index, follow, max-snippet:-1, max-image-preview:large, max-video-preview:-1\" \/>\n<link rel=\"canonical\" href=\"https:\/\/fireware.nl\/de\/product\/smoke-hose-set\/\" \/>\n<meta property=\"og:locale\" content=\"de_DE\" \/>\n<meta property=\"og:type\" content=\"article\" \/>\n<meta property=\"og:title\" content=\"Smoke Hose Set - FireWare\" \/>\n<meta property=\"og:description\" content=\"Rauchschlauch mit einer L\u00e4nge von 10 Metern und einem Durchmesser von 152 mm.  Inklusive Adapter f\u00fcr den FireWare Cumulus\/Stratus.  Inklusive Kunststoffbox 60*40*32,5 cm.  Mit Verschlei\u00dfstreifen.  Mit Manschetten zum Anschluss an Rohre.  Mit Schlaufen und Spannb\u00e4ndern zur Befestigung.\" \/>\n<meta property=\"og:url\" content=\"https:\/\/fireware.nl\/de\/product\/smoke-hose-set\/\" \/>\n<meta property=\"og:site_name\" content=\"FireWare\" \/>\n<meta property=\"article:publisher\" content=\"https:\/\/www.facebook.com\/FireWareBV\/\" \/>\n<meta property=\"article:modified_time\" content=\"2026-02-05T14:52:15+00:00\" \/>\n<meta property=\"og:image\" content=\"https:\/\/fireware.nl\/wp-content\/uploads\/2019\/01\/008-012-011-Smokehose_Aangesloten.jpg\" \/>\n\t<meta property=\"og:image:width\" content=\"600\" \/>\n\t<meta property=\"og:image:height\" content=\"600\" \/>\n\t<meta property=\"og:image:type\" content=\"image\/jpeg\" \/>\n<meta name=\"twitter:card\" content=\"summary_large_image\" \/>\n<meta name=\"twitter:site\" content=\"@FireWarebv\" \/>\n<script type=\"application\/ld+json\" class=\"yoast-schema-graph\">{\"@context\":\"https:\\\/\\\/schema.org\",\"@graph\":[{\"@type\":\"WebPage\",\"@id\":\"https:\\\/\\\/fireware.nl\\\/de\\\/product\\\/smoke-hose-set\\\/\",\"url\":\"https:\\\/\\\/fireware.nl\\\/de\\\/product\\\/smoke-hose-set\\\/\",\"name\":\"Smoke Hose Set - FireWare\",\"isPartOf\":{\"@id\":\"https:\\\/\\\/fireware.nl\\\/de\\\/#website\"},\"primaryImageOfPage\":{\"@id\":\"https:\\\/\\\/fireware.nl\\\/de\\\/product\\\/smoke-hose-set\\\/#primaryimage\"},\"image\":{\"@id\":\"https:\\\/\\\/fireware.nl\\\/de\\\/product\\\/smoke-hose-set\\\/#primaryimage\"},\"thumbnailUrl\":\"https:\\\/\\\/fireware.nl\\\/wp-content\\\/uploads\\\/2019\\\/01\\\/008-012-011-Smokehose_Aangesloten.jpg\",\"datePublished\":\"2025-07-01T12:16:10+00:00\",\"dateModified\":\"2026-02-05T14:52:15+00:00\",\"breadcrumb\":{\"@id\":\"https:\\\/\\\/fireware.nl\\\/de\\\/product\\\/smoke-hose-set\\\/#breadcrumb\"},\"inLanguage\":\"de\",\"potentialAction\":[{\"@type\":\"ReadAction\",\"target\":[\"https:\\\/\\\/fireware.nl\\\/de\\\/product\\\/smoke-hose-set\\\/\"]}]},{\"@type\":\"ImageObject\",\"inLanguage\":\"de\",\"@id\":\"https:\\\/\\\/fireware.nl\\\/de\\\/product\\\/smoke-hose-set\\\/#primaryimage\",\"url\":\"https:\\\/\\\/fireware.nl\\\/wp-content\\\/uploads\\\/2019\\\/01\\\/008-012-011-Smokehose_Aangesloten.jpg\",\"contentUrl\":\"https:\\\/\\\/fireware.nl\\\/wp-content\\\/uploads\\\/2019\\\/01\\\/008-012-011-Smokehose_Aangesloten.jpg\",\"width\":600,\"height\":600,\"caption\":\"008-012-011 Smokehose_Aangesloten\"},{\"@type\":\"BreadcrumbList\",\"@id\":\"https:\\\/\\\/fireware.nl\\\/de\\\/product\\\/smoke-hose-set\\\/#breadcrumb\",\"itemListElement\":[{\"@type\":\"ListItem\",\"position\":1,\"name\":\"Home\",\"item\":\"https:\\\/\\\/fireware.nl\\\/de\\\/\"},{\"@type\":\"ListItem\",\"position\":2,\"name\":\"Produkte\",\"item\":\"https:\\\/\\\/fireware.nl\\\/de\\\/produkte\\\/\"},{\"@type\":\"ListItem\",\"position\":3,\"name\":\"Smoke Hose Set\"}]},{\"@type\":\"WebSite\",\"@id\":\"https:\\\/\\\/fireware.nl\\\/de\\\/#website\",\"url\":\"https:\\\/\\\/fireware.nl\\\/de\\\/\",\"name\":\"FireWare\",\"description\":\"CREATING REALISTIC  TRAINING ENVIRONMENTS\",\"publisher\":{\"@id\":\"https:\\\/\\\/fireware.nl\\\/de\\\/#organization\"},\"potentialAction\":[{\"@type\":\"SearchAction\",\"target\":{\"@type\":\"EntryPoint\",\"urlTemplate\":\"https:\\\/\\\/fireware.nl\\\/de\\\/?s={search_term_string}\"},\"query-input\":{\"@type\":\"PropertyValueSpecification\",\"valueRequired\":true,\"valueName\":\"search_term_string\"}}],\"inLanguage\":\"de\"},{\"@type\":\"Organization\",\"@id\":\"https:\\\/\\\/fireware.nl\\\/de\\\/#organization\",\"name\":\"FireWare\",\"url\":\"https:\\\/\\\/fireware.nl\\\/de\\\/\",\"logo\":{\"@type\":\"ImageObject\",\"inLanguage\":\"de\",\"@id\":\"https:\\\/\\\/fireware.nl\\\/de\\\/#\\\/schema\\\/logo\\\/image\\\/\",\"url\":\"https:\\\/\\\/fireware.nl\\\/wp-content\\\/uploads\\\/2018\\\/10\\\/FireWare-logo.jpg\",\"contentUrl\":\"https:\\\/\\\/fireware.nl\\\/wp-content\\\/uploads\\\/2018\\\/10\\\/FireWare-logo.jpg\",\"width\":171,\"height\":70,\"caption\":\"FireWare\"},\"image\":{\"@id\":\"https:\\\/\\\/fireware.nl\\\/de\\\/#\\\/schema\\\/logo\\\/image\\\/\"},\"sameAs\":[\"https:\\\/\\\/www.facebook.com\\\/FireWareBV\\\/\",\"https:\\\/\\\/x.com\\\/FireWarebv\",\"https:\\\/\\\/www.instagram.com\\\/fireware_nl\\\/\",\"https:\\\/\\\/www.linkedin.com\\\/company\\\/3586017\\\/\",\"https:\\\/\\\/www.youtube.com\\\/user\\\/firesalesrentconsult\"]}]}<\/script>\n<!-- \/ Yoast SEO plugin. -->","yoast_head_json":{"title":"Smoke Hose Set - FireWare","robots":{"index":"index","follow":"follow","max-snippet":"max-snippet:-1","max-image-preview":"max-image-preview:large","max-video-preview":"max-video-preview:-1"},"canonical":"https:\/\/fireware.nl\/de\/product\/smoke-hose-set\/","og_locale":"de_DE","og_type":"article","og_title":"Smoke Hose Set - FireWare","og_description":"Rauchschlauch mit einer L\u00e4nge von 10 Metern und einem Durchmesser von 152 mm.  Inklusive Adapter f\u00fcr den FireWare Cumulus\/Stratus.  Inklusive Kunststoffbox 60*40*32,5 cm.  Mit Verschlei\u00dfstreifen.  Mit Manschetten zum Anschluss an Rohre.  Mit Schlaufen und Spannb\u00e4ndern zur Befestigung.","og_url":"https:\/\/fireware.nl\/de\/product\/smoke-hose-set\/","og_site_name":"FireWare","article_publisher":"https:\/\/www.facebook.com\/FireWareBV\/","article_modified_time":"2026-02-05T14:52:15+00:00","og_image":[{"width":600,"height":600,"url":"https:\/\/fireware.nl\/wp-content\/uploads\/2019\/01\/008-012-011-Smokehose_Aangesloten.jpg","type":"image\/jpeg"}],"twitter_card":"summary_large_image","twitter_site":"@FireWarebv","schema":{"@context":"https:\/\/schema.org","@graph":[{"@type":"WebPage","@id":"https:\/\/fireware.nl\/de\/product\/smoke-hose-set\/","url":"https:\/\/fireware.nl\/de\/product\/smoke-hose-set\/","name":"Smoke Hose Set - FireWare","isPartOf":{"@id":"https:\/\/fireware.nl\/de\/#website"},"primaryImageOfPage":{"@id":"https:\/\/fireware.nl\/de\/product\/smoke-hose-set\/#primaryimage"},"image":{"@id":"https:\/\/fireware.nl\/de\/product\/smoke-hose-set\/#primaryimage"},"thumbnailUrl":"https:\/\/fireware.nl\/wp-content\/uploads\/2019\/01\/008-012-011-Smokehose_Aangesloten.jpg","datePublished":"2025-07-01T12:16:10+00:00","dateModified":"2026-02-05T14:52:15+00:00","breadcrumb":{"@id":"https:\/\/fireware.nl\/de\/product\/smoke-hose-set\/#breadcrumb"},"inLanguage":"de","potentialAction":[{"@type":"ReadAction","target":["https:\/\/fireware.nl\/de\/product\/smoke-hose-set\/"]}]},{"@type":"ImageObject","inLanguage":"de","@id":"https:\/\/fireware.nl\/de\/product\/smoke-hose-set\/#primaryimage","url":"https:\/\/fireware.nl\/wp-content\/uploads\/2019\/01\/008-012-011-Smokehose_Aangesloten.jpg","contentUrl":"https:\/\/fireware.nl\/wp-content\/uploads\/2019\/01\/008-012-011-Smokehose_Aangesloten.jpg","width":600,"height":600,"caption":"008-012-011 Smokehose_Aangesloten"},{"@type":"BreadcrumbList","@id":"https:\/\/fireware.nl\/de\/product\/smoke-hose-set\/#breadcrumb","itemListElement":[{"@type":"ListItem","position":1,"name":"Home","item":"https:\/\/fireware.nl\/de\/"},{"@type":"ListItem","position":2,"name":"Produkte","item":"https:\/\/fireware.nl\/de\/produkte\/"},{"@type":"ListItem","position":3,"name":"Smoke Hose Set"}]},{"@type":"WebSite","@id":"https:\/\/fireware.nl\/de\/#website","url":"https:\/\/fireware.nl\/de\/","name":"FireWare","description":"CREATING REALISTIC  TRAINING ENVIRONMENTS","publisher":{"@id":"https:\/\/fireware.nl\/de\/#organization"},"potentialAction":[{"@type":"SearchAction","target":{"@type":"EntryPoint","urlTemplate":"https:\/\/fireware.nl\/de\/?s={search_term_string}"},"query-input":{"@type":"PropertyValueSpecification","valueRequired":true,"valueName":"search_term_string"}}],"inLanguage":"de"},{"@type":"Organization","@id":"https:\/\/fireware.nl\/de\/#organization","name":"FireWare","url":"https:\/\/fireware.nl\/de\/","logo":{"@type":"ImageObject","inLanguage":"de","@id":"https:\/\/fireware.nl\/de\/#\/schema\/logo\/image\/","url":"https:\/\/fireware.nl\/wp-content\/uploads\/2018\/10\/FireWare-logo.jpg","contentUrl":"https:\/\/fireware.nl\/wp-content\/uploads\/2018\/10\/FireWare-logo.jpg","width":171,"height":70,"caption":"FireWare"},"image":{"@id":"https:\/\/fireware.nl\/de\/#\/schema\/logo\/image\/"},"sameAs":["https:\/\/www.facebook.com\/FireWareBV\/","https:\/\/x.com\/FireWarebv","https:\/\/www.instagram.com\/fireware_nl\/","https:\/\/www.linkedin.com\/company\/3586017\/","https:\/\/www.youtube.com\/user\/firesalesrentconsult"]}]}},"publishpress_future_workflow_manual_trigger":{"enabledWorkflows":[]},"_links":{"self":[{"href":"https:\/\/fireware.nl\/de\/wp-json\/wp\/v2\/product\/19019","targetHints":{"allow":["GET"]}}],"collection":[{"href":"https:\/\/fireware.nl\/de\/wp-json\/wp\/v2\/product"}],"about":[{"href":"https:\/\/fireware.nl\/de\/wp-json\/wp\/v2\/types\/product"}],"wp:featuredmedia":[{"embeddable":true,"href":"https:\/\/fireware.nl\/de\/wp-json\/wp\/v2\/media\/20784"}],"wp:attachment":[{"href":"https:\/\/fireware.nl\/de\/wp-json\/wp\/v2\/media?parent=19019"}],"wp:term":[{"taxonomy":"product_brand","embeddable":true,"href":"https:\/\/fireware.nl\/de\/wp-json\/wp\/v2\/product_brand?post=19019"},{"taxonomy":"product_cat","embeddable":true,"href":"https:\/\/fireware.nl\/de\/wp-json\/wp\/v2\/product_cat?post=19019"},{"taxonomy":"product_tag","embeddable":true,"href":"https:\/\/fireware.nl\/de\/wp-json\/wp\/v2\/product_tag?post=19019"}],"curies":[{"name":"wp","href":"https:\/\/api.w.org\/{rel}","templated":true}]}}