
{"id":19040,"date":"2019-01-23T12:16:43","date_gmt":"2019-02-01T09:24:36","guid":{"rendered":"http:\/\/fireware.sites.hyperhosting.co\/?post_type=product&#038;p=19040"},"modified":"2022-06-13T12:42:14","modified_gmt":"2022-06-13T12:42:14","slug":"halbgesichtsmaske","status":"publish","type":"product","link":"https:\/\/fireware.nl\/de\/product\/halbgesichtsmaske\/","title":{"rendered":"Halbgesichtsmaske"},"content":{"rendered":"<p>Die Halbgesichtsmaske sch\u00fctzt Sie vor Schmutz, Staub und sch\u00e4dlichen Gasen. Reagieren Sie empfindlich auf \u00dcbungsrauch, dann hilft die Halbgesichtsmaske gegen eine Reizung der Atemwege. Die Luft, die Sie einatmen, wird gefiltert, und so atmen Sie keinen Staub oder Schmutz mehr ein.<\/p>\n<p>Die Gummib\u00e4nder und der sanfte Gummirand um den Mund-\/ Nasenteil sorgen f\u00fcr eine perfekte Passform, wodurch sich die Maske bequem tragen l\u00e4sst. Die Maske wird ohne die ben\u00f6tigten\u00a0<u>A2-P3 Filter<\/u>\u00a0geliefert.<\/p>\n","protected":false},"excerpt":{"rendered":"<ul>\n<li><strong>Die Lieferzeit f\u00fcr diesen Artikel ist l\u00e4nger als \u00fcblich.<\/strong><\/li>\n<li>Sch\u00fctzt vor Schmutz, Staub und sch\u00e4dlichen Gasen.<\/li>\n<li>Hervorragende Passform, daher maximaler Schutz.<\/li>\n<li>Exklusive Filter.<\/li>\n<\/ul>\n","protected":false},"featured_media":20710,"template":"","meta":[],"product_brand":[],"product_cat":[83,239],"product_tag":[],"class_list":{"0":"post-19040","1":"product","2":"type-product","3":"status-publish","4":"has-post-thumbnail","6":"product_cat-extras-fuer-nebelmaschinen","7":"product_cat-protektion","9":"first","10":"onbackorder","11":"taxable","12":"shipping-taxable","13":"purchasable","14":"product-type-simple"},"yoast_head":"<!-- This site is optimized with the Yoast SEO plugin v27.5 - https:\/\/yoast.com\/product\/yoast-seo-wordpress\/ -->\n<title>Halbgesichtsmaske - FireWare<\/title>\n<meta name=\"robots\" content=\"index, follow, max-snippet:-1, max-image-preview:large, max-video-preview:-1\" \/>\n<link rel=\"canonical\" href=\"https:\/\/fireware.nl\/de\/product\/halbgesichtsmaske\/\" \/>\n<meta property=\"og:locale\" content=\"de_DE\" \/>\n<meta property=\"og:type\" content=\"article\" \/>\n<meta property=\"og:title\" content=\"Halbgesichtsmaske - FireWare\" \/>\n<meta property=\"og:description\" content=\"Die Lieferzeit f\u00fcr diesen Artikel ist l\u00e4nger als \u00fcblich.  Sch\u00fctzt vor Schmutz, Staub und sch\u00e4dlichen Gasen.  Hervorragende Passform, daher maximaler Schutz.  Exklusive Filter.\" \/>\n<meta property=\"og:url\" content=\"https:\/\/fireware.nl\/de\/product\/halbgesichtsmaske\/\" \/>\n<meta property=\"og:site_name\" content=\"FireWare\" \/>\n<meta property=\"article:publisher\" content=\"https:\/\/www.facebook.com\/FireWareBV\/\" \/>\n<meta property=\"article:modified_time\" content=\"2022-06-13T12:42:14+00:00\" \/>\n<meta property=\"og:image\" content=\"https:\/\/fireware.nl\/wp-content\/uploads\/2019\/01\/008-032-001_Halfgelaatsmasker-voorkant.jpg\" \/>\n\t<meta property=\"og:image:width\" content=\"600\" \/>\n\t<meta property=\"og:image:height\" content=\"600\" \/>\n\t<meta property=\"og:image:type\" content=\"image\/jpeg\" \/>\n<meta name=\"twitter:card\" content=\"summary_large_image\" \/>\n<meta name=\"twitter:site\" content=\"@FireWarebv\" \/>\n<script type=\"application\/ld+json\" class=\"yoast-schema-graph\">{\"@context\":\"https:\\\/\\\/schema.org\",\"@graph\":[{\"@type\":\"WebPage\",\"@id\":\"https:\\\/\\\/fireware.nl\\\/de\\\/product\\\/halbgesichtsmaske\\\/\",\"url\":\"https:\\\/\\\/fireware.nl\\\/de\\\/product\\\/halbgesichtsmaske\\\/\",\"name\":\"Halbgesichtsmaske - FireWare\",\"isPartOf\":{\"@id\":\"https:\\\/\\\/fireware.nl\\\/de\\\/#website\"},\"primaryImageOfPage\":{\"@id\":\"https:\\\/\\\/fireware.nl\\\/de\\\/product\\\/halbgesichtsmaske\\\/#primaryimage\"},\"image\":{\"@id\":\"https:\\\/\\\/fireware.nl\\\/de\\\/product\\\/halbgesichtsmaske\\\/#primaryimage\"},\"thumbnailUrl\":\"https:\\\/\\\/fireware.nl\\\/wp-content\\\/uploads\\\/2019\\\/01\\\/008-032-001_Halfgelaatsmasker-voorkant.jpg\",\"datePublished\":\"2019-02-01T09:24:36+00:00\",\"dateModified\":\"2022-06-13T12:42:14+00:00\",\"breadcrumb\":{\"@id\":\"https:\\\/\\\/fireware.nl\\\/de\\\/product\\\/halbgesichtsmaske\\\/#breadcrumb\"},\"inLanguage\":\"de\",\"potentialAction\":[{\"@type\":\"ReadAction\",\"target\":[\"https:\\\/\\\/fireware.nl\\\/de\\\/product\\\/halbgesichtsmaske\\\/\"]}]},{\"@type\":\"ImageObject\",\"inLanguage\":\"de\",\"@id\":\"https:\\\/\\\/fireware.nl\\\/de\\\/product\\\/halbgesichtsmaske\\\/#primaryimage\",\"url\":\"https:\\\/\\\/fireware.nl\\\/wp-content\\\/uploads\\\/2019\\\/01\\\/008-032-001_Halfgelaatsmasker-voorkant.jpg\",\"contentUrl\":\"https:\\\/\\\/fireware.nl\\\/wp-content\\\/uploads\\\/2019\\\/01\\\/008-032-001_Halfgelaatsmasker-voorkant.jpg\",\"width\":600,\"height\":600,\"caption\":\"008-032-001_Halfgelaatsmasker voorkant\"},{\"@type\":\"BreadcrumbList\",\"@id\":\"https:\\\/\\\/fireware.nl\\\/de\\\/product\\\/halbgesichtsmaske\\\/#breadcrumb\",\"itemListElement\":[{\"@type\":\"ListItem\",\"position\":1,\"name\":\"Home\",\"item\":\"https:\\\/\\\/fireware.nl\\\/de\\\/\"},{\"@type\":\"ListItem\",\"position\":2,\"name\":\"Produkte\",\"item\":\"https:\\\/\\\/fireware.nl\\\/de\\\/produkte\\\/\"},{\"@type\":\"ListItem\",\"position\":3,\"name\":\"Halbgesichtsmaske\"}]},{\"@type\":\"WebSite\",\"@id\":\"https:\\\/\\\/fireware.nl\\\/de\\\/#website\",\"url\":\"https:\\\/\\\/fireware.nl\\\/de\\\/\",\"name\":\"FireWare\",\"description\":\"CREATING REALISTIC  TRAINING ENVIRONMENTS\",\"publisher\":{\"@id\":\"https:\\\/\\\/fireware.nl\\\/de\\\/#organization\"},\"potentialAction\":[{\"@type\":\"SearchAction\",\"target\":{\"@type\":\"EntryPoint\",\"urlTemplate\":\"https:\\\/\\\/fireware.nl\\\/de\\\/?s={search_term_string}\"},\"query-input\":{\"@type\":\"PropertyValueSpecification\",\"valueRequired\":true,\"valueName\":\"search_term_string\"}}],\"inLanguage\":\"de\"},{\"@type\":\"Organization\",\"@id\":\"https:\\\/\\\/fireware.nl\\\/de\\\/#organization\",\"name\":\"FireWare\",\"url\":\"https:\\\/\\\/fireware.nl\\\/de\\\/\",\"logo\":{\"@type\":\"ImageObject\",\"inLanguage\":\"de\",\"@id\":\"https:\\\/\\\/fireware.nl\\\/de\\\/#\\\/schema\\\/logo\\\/image\\\/\",\"url\":\"https:\\\/\\\/fireware.nl\\\/wp-content\\\/uploads\\\/2018\\\/10\\\/FireWare-logo.jpg\",\"contentUrl\":\"https:\\\/\\\/fireware.nl\\\/wp-content\\\/uploads\\\/2018\\\/10\\\/FireWare-logo.jpg\",\"width\":171,\"height\":70,\"caption\":\"FireWare\"},\"image\":{\"@id\":\"https:\\\/\\\/fireware.nl\\\/de\\\/#\\\/schema\\\/logo\\\/image\\\/\"},\"sameAs\":[\"https:\\\/\\\/www.facebook.com\\\/FireWareBV\\\/\",\"https:\\\/\\\/x.com\\\/FireWarebv\",\"https:\\\/\\\/www.instagram.com\\\/fireware_nl\\\/\",\"https:\\\/\\\/www.linkedin.com\\\/company\\\/3586017\\\/\",\"https:\\\/\\\/www.youtube.com\\\/user\\\/firesalesrentconsult\"]}]}<\/script>\n<!-- \/ Yoast SEO plugin. -->","yoast_head_json":{"title":"Halbgesichtsmaske - FireWare","robots":{"index":"index","follow":"follow","max-snippet":"max-snippet:-1","max-image-preview":"max-image-preview:large","max-video-preview":"max-video-preview:-1"},"canonical":"https:\/\/fireware.nl\/de\/product\/halbgesichtsmaske\/","og_locale":"de_DE","og_type":"article","og_title":"Halbgesichtsmaske - FireWare","og_description":"Die Lieferzeit f\u00fcr diesen Artikel ist l\u00e4nger als \u00fcblich.  Sch\u00fctzt vor Schmutz, Staub und sch\u00e4dlichen Gasen.  Hervorragende Passform, daher maximaler Schutz.  Exklusive Filter.","og_url":"https:\/\/fireware.nl\/de\/product\/halbgesichtsmaske\/","og_site_name":"FireWare","article_publisher":"https:\/\/www.facebook.com\/FireWareBV\/","article_modified_time":"2022-06-13T12:42:14+00:00","og_image":[{"width":600,"height":600,"url":"https:\/\/fireware.nl\/wp-content\/uploads\/2019\/01\/008-032-001_Halfgelaatsmasker-voorkant.jpg","type":"image\/jpeg"}],"twitter_card":"summary_large_image","twitter_site":"@FireWarebv","schema":{"@context":"https:\/\/schema.org","@graph":[{"@type":"WebPage","@id":"https:\/\/fireware.nl\/de\/product\/halbgesichtsmaske\/","url":"https:\/\/fireware.nl\/de\/product\/halbgesichtsmaske\/","name":"Halbgesichtsmaske - FireWare","isPartOf":{"@id":"https:\/\/fireware.nl\/de\/#website"},"primaryImageOfPage":{"@id":"https:\/\/fireware.nl\/de\/product\/halbgesichtsmaske\/#primaryimage"},"image":{"@id":"https:\/\/fireware.nl\/de\/product\/halbgesichtsmaske\/#primaryimage"},"thumbnailUrl":"https:\/\/fireware.nl\/wp-content\/uploads\/2019\/01\/008-032-001_Halfgelaatsmasker-voorkant.jpg","datePublished":"2019-02-01T09:24:36+00:00","dateModified":"2022-06-13T12:42:14+00:00","breadcrumb":{"@id":"https:\/\/fireware.nl\/de\/product\/halbgesichtsmaske\/#breadcrumb"},"inLanguage":"de","potentialAction":[{"@type":"ReadAction","target":["https:\/\/fireware.nl\/de\/product\/halbgesichtsmaske\/"]}]},{"@type":"ImageObject","inLanguage":"de","@id":"https:\/\/fireware.nl\/de\/product\/halbgesichtsmaske\/#primaryimage","url":"https:\/\/fireware.nl\/wp-content\/uploads\/2019\/01\/008-032-001_Halfgelaatsmasker-voorkant.jpg","contentUrl":"https:\/\/fireware.nl\/wp-content\/uploads\/2019\/01\/008-032-001_Halfgelaatsmasker-voorkant.jpg","width":600,"height":600,"caption":"008-032-001_Halfgelaatsmasker voorkant"},{"@type":"BreadcrumbList","@id":"https:\/\/fireware.nl\/de\/product\/halbgesichtsmaske\/#breadcrumb","itemListElement":[{"@type":"ListItem","position":1,"name":"Home","item":"https:\/\/fireware.nl\/de\/"},{"@type":"ListItem","position":2,"name":"Produkte","item":"https:\/\/fireware.nl\/de\/produkte\/"},{"@type":"ListItem","position":3,"name":"Halbgesichtsmaske"}]},{"@type":"WebSite","@id":"https:\/\/fireware.nl\/de\/#website","url":"https:\/\/fireware.nl\/de\/","name":"FireWare","description":"CREATING REALISTIC  TRAINING ENVIRONMENTS","publisher":{"@id":"https:\/\/fireware.nl\/de\/#organization"},"potentialAction":[{"@type":"SearchAction","target":{"@type":"EntryPoint","urlTemplate":"https:\/\/fireware.nl\/de\/?s={search_term_string}"},"query-input":{"@type":"PropertyValueSpecification","valueRequired":true,"valueName":"search_term_string"}}],"inLanguage":"de"},{"@type":"Organization","@id":"https:\/\/fireware.nl\/de\/#organization","name":"FireWare","url":"https:\/\/fireware.nl\/de\/","logo":{"@type":"ImageObject","inLanguage":"de","@id":"https:\/\/fireware.nl\/de\/#\/schema\/logo\/image\/","url":"https:\/\/fireware.nl\/wp-content\/uploads\/2018\/10\/FireWare-logo.jpg","contentUrl":"https:\/\/fireware.nl\/wp-content\/uploads\/2018\/10\/FireWare-logo.jpg","width":171,"height":70,"caption":"FireWare"},"image":{"@id":"https:\/\/fireware.nl\/de\/#\/schema\/logo\/image\/"},"sameAs":["https:\/\/www.facebook.com\/FireWareBV\/","https:\/\/x.com\/FireWarebv","https:\/\/www.instagram.com\/fireware_nl\/","https:\/\/www.linkedin.com\/company\/3586017\/","https:\/\/www.youtube.com\/user\/firesalesrentconsult"]}]}},"publishpress_future_workflow_manual_trigger":{"enabledWorkflows":[]},"_links":{"self":[{"href":"https:\/\/fireware.nl\/de\/wp-json\/wp\/v2\/product\/19040","targetHints":{"allow":["GET"]}}],"collection":[{"href":"https:\/\/fireware.nl\/de\/wp-json\/wp\/v2\/product"}],"about":[{"href":"https:\/\/fireware.nl\/de\/wp-json\/wp\/v2\/types\/product"}],"wp:featuredmedia":[{"embeddable":true,"href":"https:\/\/fireware.nl\/de\/wp-json\/wp\/v2\/media\/20710"}],"wp:attachment":[{"href":"https:\/\/fireware.nl\/de\/wp-json\/wp\/v2\/media?parent=19040"}],"wp:term":[{"taxonomy":"product_brand","embeddable":true,"href":"https:\/\/fireware.nl\/de\/wp-json\/wp\/v2\/product_brand?post=19040"},{"taxonomy":"product_cat","embeddable":true,"href":"https:\/\/fireware.nl\/de\/wp-json\/wp\/v2\/product_cat?post=19040"},{"taxonomy":"product_tag","embeddable":true,"href":"https:\/\/fireware.nl\/de\/wp-json\/wp\/v2\/product_tag?post=19040"}],"curies":[{"name":"wp","href":"https:\/\/api.w.org\/{rel}","templated":true}]}}