
{"id":19050,"date":"2019-01-23T12:15:39","date_gmt":"2019-01-23T12:15:39","guid":{"rendered":"http:\/\/fireware.sites.hyperhosting.co\/?post_type=product&#038;p=19050"},"modified":"2025-12-08T07:55:05","modified_gmt":"2025-12-08T07:55:05","slug":"nebel-rauchfluid-brandschutzubung","status":"publish","type":"product","link":"https:\/\/fireware.nl\/de\/product\/nebel-rauchfluid-brandschutzubung\/","title":{"rendered":"Nebel \/ Rauchfluid Brandschutz\u00fcbung"},"content":{"rendered":"\n\n\t<p><em>Ein Rauchfluid speziell f\u00fcr Brand- und Evakuierungs\u00fcbungen<\/em><\/p>\n<h2>Speziell f\u00fcr Brand- und Evakuierungs\u00fcbungen<\/h2>\n<p>Dieses Rauchfluid wurde speziell f\u00fcr Brand- und Evakuierungs\u00fcbungen in B\u00fcrogeb\u00e4uden, Pflegezentren, Schulen und anderen Arbeitsst\u00e4tten entwickelt, bei denen es wichtig ist, dass keine R\u00fcckst\u00e4nde verbleiben. Dieses leichte Rauchfluid eignet sich gut, um eine rauchige Atmosph\u00e4re in einem Gang zu erzeugen oder eine beginnende Brand in einem kleinen Raum, wie zum Beispiel einem B\u00fcro, zu simulieren.<\/p>\n<h2>IBGS &#8211; CBRNe &#8211; HAZMAT<\/h2>\n<p>In Feuerwehrorganisationen wird dieses Fluid auch f\u00fcr die Simulation von Unf\u00e4llen mit gef\u00e4hrlichen Stoffen und HAZMAT-\/CBRNe-Zwischenf\u00e4llen eingesetzt. Denken Sie an das Auslaufen von D\u00e4mpfen und die Simulation chemischer Reaktionen. Aufgrund der leichten Struktur des Rauchs verfliegt er sehr realistisch in der Au\u00dfenluft.<\/p>\n<p>Perfekter Reflektionswert f\u00fcr Flammensimulation Neben der Simulation von Rauchbildern wird \u00dcbungsrauch auch als Projektionsfl\u00e4che f\u00fcr die Simulation von Brandherden verwendet. Dieses Rauchfluid wurde speziell entwickelt, um die perfekten Reflexionseigenschaften f\u00fcr eine realistische Brandsimulation in kleineren R\u00e4umen zu haben.<\/p>\n<h2>Keine R\u00fcckst\u00e4nde<\/h2>\n<p>Fireware entwickelt seit 20 Jahren Rauchfl\u00fcssigkeiten f\u00fcr den Rettungsdienst. Diese neueste Generation von Rauchfl\u00fcssigkeit wurde so entwickelt, dass sie bei sachgem\u00e4\u00dfer Anwendung keine R\u00fcckst\u00e4nde hinterl\u00e4sst und dennoch in der Lage ist, ein sehr realistisches Rauch- oder Dampfbild zu simulieren.<\/p>\n<h2>Die reinste Zusammensetzung<\/h2>\n<p>Das Nebel \/ Rauchfluid Brandschutz\u00fcbung besteht aus den reinsten Inhaltsstoffen und ist daher eine der sichersten Rauchfl\u00fcssigkeiten f\u00fcr Mensch und Maschine, die derzeit erh\u00e4ltlich sind. Einer der Hauptbestandteile ist Wasser in seiner reinsten Form!<\/p>\n<h2>Anwendbar in allen modernen Maschinen<\/h2>\n<p>Das Nebel \/ Rauchfluid Brandschutz\u00fcbung kann in den <a href=\"https:\/\/fireware.nl\/de\/produkt\/nebelmaschine-nimbo\/\" target=\"_blank\" rel=\"noopener\">Nimbo<\/a>, <a href=\"https:\/\/fireware.nl\/de\/produkt\/nebelmaschine-cumulus\/\" target=\"_blank\" rel=\"noopener\">Cumulus<\/a> und <a href=\"https:\/\/fireware.nl\/de\/produkt\/nebelmaschine-stratus\/\" target=\"_blank\" rel=\"noopener\">Stratus<\/a> verwendet werden. Aber auch in allen modernen Wasser-Glykol-Rauchmaschinen funktioniert dieses Rauchfluid. Es ist in 5-Liter-F\u00e4ssern, 200-Liter-F\u00e4ssern und 1000-Liter-IBC-Beh\u00e4ltern erh\u00e4ltlich Rauchfluid Brandschutz\u00fcbung ist der neue Name f\u00fcr das Fireware Light Rauchfluid.<\/p>\n<h2>Horizontal\/Vertikal oder durch einen Smoke Hose<\/h2>\n<p>Dieses Rauchfluid l\u00e4sst sich problemlos horizontal und vertikal anwenden. Die Nebel \/ Rauchfluid Brandschutz\u00fcbung kann auch durch ein <a href=\"https:\/\/fireware.nl\/de\/product\/smoke-hose-set-perforiert\/\" target=\"_blank\" rel=\"noopener\">Smoke Hose-Set<\/a> perforiert oder mit einem <a href=\"https:\/\/fireware.nl\/de\/product\/smoke-hose-set\/\" target=\"_blank\" rel=\"noopener\">Smoke Hose-Set<\/a> verschlossen werden, um eine Linienquelle zu simulieren. Sehen Sie sich die Videos auf unserer Website an, um die Effekte zu beurteilen!<\/p>\n<h2>Mehr oder dichteren Rauch ben\u00f6tigt?<\/h2>\n<p>Neben dem Nebel \/ Rauchfluid Brandschutz\u00fcbung gibt es auch noch die<a href=\"https:\/\/fireware.nl\/de\/product\/mittel-nebelfluid\/\" target=\"_blank\" rel=\"noopener\"> Nebel \/ Rauchfluid Feuerwehr Universal<\/a>,<a href=\"https:\/\/fireware.nl\/de\/product\/schwer-nebelfluid\/\" target=\"_blank\" rel=\"noopener\"> Nebel \/ Rauchfluid Feuerwehr Intensiv<\/a> und <a href=\"https:\/\/fireware.nl\/de\/product\/freiluft-nebelfluid\/\" target=\"_blank\" rel=\"noopener\">Nebel \/ Rauchfluid Feuerwehr Extrem<\/a>. Jede f\u00fcr eine andere Anwendung im Rettungsdienst!<\/p>\n<h2><!--StartFragment -->Sehen Sie sich das Video hier an<!--EndFragment --><\/h2>\n\t\t<iframe width=\"560\" height=\"315\" src=https:\/\/player.vimeo.com\/video\/852635152?hl=en&#038;cc_lang_pref=en&#038;cc_load_policy=1 frameborder=\"0\" allow=\"accelerometer; autoplay; clipboard-write; encrypted-media; gyroscope; picture-in-picture\" allowfullscreen><\/iframe>\t\n\t\t<iframe width=\"560\" height=\"315\" src=https:\/\/player.vimeo.com\/video\/852634940?hl=en&#038;cc_lang_pref=en&#038;cc_load_policy=1 frameborder=\"0\" allow=\"accelerometer; autoplay; clipboard-write; encrypted-media; gyroscope; picture-in-picture\" allowfullscreen><\/iframe>\n\t\t\t<a href=\"https:\/\/fireware.nl\/en\/service-portal\/smoke-fluids\/english\/\" target=\"_blank\" rel=\"noopener\">\n\t\t\t\t\t\t\tWeitere Videos \u00fcber das Nebel-\/Rauchfluid ansehen\n\t\t\t\t\t<\/a>\n\n","protected":false},"excerpt":{"rendered":"<ul>\n<li><strong>Der neue Name f\u00fcr das FireWare Light Rauchfluid.<\/strong><\/li>\n<li>Speziell entwickelt f\u00fcr den Innenbereich.<\/li>\n<li>Geeignet, um eine rauchige Atmosph\u00e4re zu erzeugen.<\/li>\n<li>Leichter Rauch, der sich leicht verzieht.<\/li>\n<li>Besonders geeignet f\u00fcr Brandschutz\u00fcbung (Betriebshilfe und Evakuierung).<\/li>\n<li>F\u00fcllt kleine R\u00e4ume wie eine K\u00fcche oder ein B\u00fcro.\u00a0<\/li>\n<li>Wird mit doppelt destilliertem Wasser hergestellt.<\/li>\n<\/ul>\n","protected":false},"featured_media":82347,"template":"","meta":[],"product_brand":[],"product_cat":[86],"product_tag":[],"class_list":{"0":"post-19050","1":"product","2":"type-product","3":"status-publish","4":"has-post-thumbnail","6":"product_cat-nebelfluid","8":"first","9":"instock","10":"taxable","11":"shipping-taxable","12":"purchasable","13":"product-type-variable"},"yoast_head":"<!-- This site is optimized with the Yoast SEO plugin v27.5 - https:\/\/yoast.com\/product\/yoast-seo-wordpress\/ -->\n<title>Nebel \/ Rauchfluid Brandschutz\u00fcbung - FireWare<\/title>\n<meta name=\"description\" content=\"Ein Rauchfluid speziell f\u00fcr Brand- und Evakuierungs\u00fcbungen\" \/>\n<meta name=\"robots\" content=\"index, follow, max-snippet:-1, max-image-preview:large, max-video-preview:-1\" \/>\n<link rel=\"canonical\" href=\"https:\/\/fireware.nl\/de\/product\/nebel-rauchfluid-brandschutzubung\/\" \/>\n<meta property=\"og:locale\" content=\"de_DE\" \/>\n<meta property=\"og:type\" content=\"article\" \/>\n<meta property=\"og:title\" content=\"Nebel \/ Rauchfluid Brandschutz\u00fcbung - FireWare\" \/>\n<meta property=\"og:description\" content=\"Ein Rauchfluid speziell f\u00fcr Brand- und Evakuierungs\u00fcbungen\" \/>\n<meta property=\"og:url\" content=\"https:\/\/fireware.nl\/de\/product\/nebel-rauchfluid-brandschutzubung\/\" \/>\n<meta property=\"og:site_name\" content=\"FireWare\" \/>\n<meta property=\"article:publisher\" content=\"https:\/\/www.facebook.com\/FireWareBV\/\" \/>\n<meta property=\"article:modified_time\" content=\"2025-12-08T07:55:05+00:00\" \/>\n<meta property=\"og:image\" content=\"https:\/\/fireware.nl\/wp-content\/uploads\/2023\/07\/20230608_Rookvloeistof_BHV_002.jpg\" \/>\n\t<meta property=\"og:image:width\" content=\"600\" \/>\n\t<meta property=\"og:image:height\" content=\"600\" \/>\n\t<meta property=\"og:image:type\" content=\"image\/jpeg\" \/>\n<meta name=\"twitter:card\" content=\"summary_large_image\" \/>\n<meta name=\"twitter:site\" content=\"@FireWarebv\" \/>\n<meta name=\"twitter:label1\" content=\"Gesch\u00e4tzte Lesezeit\" \/>\n\t<meta name=\"twitter:data1\" content=\"2\u00a0Minuten\" \/>\n<script type=\"application\/ld+json\" class=\"yoast-schema-graph\">{\"@context\":\"https:\\\/\\\/schema.org\",\"@graph\":[{\"@type\":\"WebPage\",\"@id\":\"https:\\\/\\\/fireware.nl\\\/de\\\/product\\\/nebel-rauchfluid-brandschutzubung\\\/\",\"url\":\"https:\\\/\\\/fireware.nl\\\/de\\\/product\\\/nebel-rauchfluid-brandschutzubung\\\/\",\"name\":\"Nebel \\\/ Rauchfluid Brandschutz\u00fcbung - FireWare\",\"isPartOf\":{\"@id\":\"https:\\\/\\\/fireware.nl\\\/de\\\/#website\"},\"primaryImageOfPage\":{\"@id\":\"https:\\\/\\\/fireware.nl\\\/de\\\/product\\\/nebel-rauchfluid-brandschutzubung\\\/#primaryimage\"},\"image\":{\"@id\":\"https:\\\/\\\/fireware.nl\\\/de\\\/product\\\/nebel-rauchfluid-brandschutzubung\\\/#primaryimage\"},\"thumbnailUrl\":\"https:\\\/\\\/fireware.nl\\\/wp-content\\\/uploads\\\/2023\\\/07\\\/20230608_Rookvloeistof_BHV_002.jpg\",\"datePublished\":\"2019-01-23T12:15:39+00:00\",\"dateModified\":\"2025-12-08T07:55:05+00:00\",\"description\":\"Ein Rauchfluid speziell f\u00fcr Brand- und Evakuierungs\u00fcbungen\",\"breadcrumb\":{\"@id\":\"https:\\\/\\\/fireware.nl\\\/de\\\/product\\\/nebel-rauchfluid-brandschutzubung\\\/#breadcrumb\"},\"inLanguage\":\"de\",\"potentialAction\":[{\"@type\":\"ReadAction\",\"target\":[\"https:\\\/\\\/fireware.nl\\\/de\\\/product\\\/nebel-rauchfluid-brandschutzubung\\\/\"]}]},{\"@type\":\"ImageObject\",\"inLanguage\":\"de\",\"@id\":\"https:\\\/\\\/fireware.nl\\\/de\\\/product\\\/nebel-rauchfluid-brandschutzubung\\\/#primaryimage\",\"url\":\"https:\\\/\\\/fireware.nl\\\/wp-content\\\/uploads\\\/2023\\\/07\\\/20230608_Rookvloeistof_BHV_002.jpg\",\"contentUrl\":\"https:\\\/\\\/fireware.nl\\\/wp-content\\\/uploads\\\/2023\\\/07\\\/20230608_Rookvloeistof_BHV_002.jpg\",\"width\":600,\"height\":600},{\"@type\":\"BreadcrumbList\",\"@id\":\"https:\\\/\\\/fireware.nl\\\/de\\\/product\\\/nebel-rauchfluid-brandschutzubung\\\/#breadcrumb\",\"itemListElement\":[{\"@type\":\"ListItem\",\"position\":1,\"name\":\"Home\",\"item\":\"https:\\\/\\\/fireware.nl\\\/de\\\/\"},{\"@type\":\"ListItem\",\"position\":2,\"name\":\"Produkte\",\"item\":\"https:\\\/\\\/fireware.nl\\\/de\\\/produkte\\\/\"},{\"@type\":\"ListItem\",\"position\":3,\"name\":\"Nebel \\\/ Rauchfluid Brandschutz\u00fcbung\"}]},{\"@type\":\"WebSite\",\"@id\":\"https:\\\/\\\/fireware.nl\\\/de\\\/#website\",\"url\":\"https:\\\/\\\/fireware.nl\\\/de\\\/\",\"name\":\"FireWare\",\"description\":\"CREATING REALISTIC  TRAINING ENVIRONMENTS\",\"publisher\":{\"@id\":\"https:\\\/\\\/fireware.nl\\\/de\\\/#organization\"},\"potentialAction\":[{\"@type\":\"SearchAction\",\"target\":{\"@type\":\"EntryPoint\",\"urlTemplate\":\"https:\\\/\\\/fireware.nl\\\/de\\\/?s={search_term_string}\"},\"query-input\":{\"@type\":\"PropertyValueSpecification\",\"valueRequired\":true,\"valueName\":\"search_term_string\"}}],\"inLanguage\":\"de\"},{\"@type\":\"Organization\",\"@id\":\"https:\\\/\\\/fireware.nl\\\/de\\\/#organization\",\"name\":\"FireWare\",\"url\":\"https:\\\/\\\/fireware.nl\\\/de\\\/\",\"logo\":{\"@type\":\"ImageObject\",\"inLanguage\":\"de\",\"@id\":\"https:\\\/\\\/fireware.nl\\\/de\\\/#\\\/schema\\\/logo\\\/image\\\/\",\"url\":\"https:\\\/\\\/fireware.nl\\\/wp-content\\\/uploads\\\/2018\\\/10\\\/FireWare-logo.jpg\",\"contentUrl\":\"https:\\\/\\\/fireware.nl\\\/wp-content\\\/uploads\\\/2018\\\/10\\\/FireWare-logo.jpg\",\"width\":171,\"height\":70,\"caption\":\"FireWare\"},\"image\":{\"@id\":\"https:\\\/\\\/fireware.nl\\\/de\\\/#\\\/schema\\\/logo\\\/image\\\/\"},\"sameAs\":[\"https:\\\/\\\/www.facebook.com\\\/FireWareBV\\\/\",\"https:\\\/\\\/x.com\\\/FireWarebv\",\"https:\\\/\\\/www.instagram.com\\\/fireware_nl\\\/\",\"https:\\\/\\\/www.linkedin.com\\\/company\\\/3586017\\\/\",\"https:\\\/\\\/www.youtube.com\\\/user\\\/firesalesrentconsult\"]}]}<\/script>\n<!-- \/ Yoast SEO plugin. -->","yoast_head_json":{"title":"Nebel \/ Rauchfluid Brandschutz\u00fcbung - FireWare","description":"Ein Rauchfluid speziell f\u00fcr Brand- und Evakuierungs\u00fcbungen","robots":{"index":"index","follow":"follow","max-snippet":"max-snippet:-1","max-image-preview":"max-image-preview:large","max-video-preview":"max-video-preview:-1"},"canonical":"https:\/\/fireware.nl\/de\/product\/nebel-rauchfluid-brandschutzubung\/","og_locale":"de_DE","og_type":"article","og_title":"Nebel \/ Rauchfluid Brandschutz\u00fcbung - FireWare","og_description":"Ein Rauchfluid speziell f\u00fcr Brand- und Evakuierungs\u00fcbungen","og_url":"https:\/\/fireware.nl\/de\/product\/nebel-rauchfluid-brandschutzubung\/","og_site_name":"FireWare","article_publisher":"https:\/\/www.facebook.com\/FireWareBV\/","article_modified_time":"2025-12-08T07:55:05+00:00","og_image":[{"width":600,"height":600,"url":"https:\/\/fireware.nl\/wp-content\/uploads\/2023\/07\/20230608_Rookvloeistof_BHV_002.jpg","type":"image\/jpeg"}],"twitter_card":"summary_large_image","twitter_site":"@FireWarebv","twitter_misc":{"Gesch\u00e4tzte Lesezeit":"2\u00a0Minuten"},"schema":{"@context":"https:\/\/schema.org","@graph":[{"@type":"WebPage","@id":"https:\/\/fireware.nl\/de\/product\/nebel-rauchfluid-brandschutzubung\/","url":"https:\/\/fireware.nl\/de\/product\/nebel-rauchfluid-brandschutzubung\/","name":"Nebel \/ Rauchfluid Brandschutz\u00fcbung - FireWare","isPartOf":{"@id":"https:\/\/fireware.nl\/de\/#website"},"primaryImageOfPage":{"@id":"https:\/\/fireware.nl\/de\/product\/nebel-rauchfluid-brandschutzubung\/#primaryimage"},"image":{"@id":"https:\/\/fireware.nl\/de\/product\/nebel-rauchfluid-brandschutzubung\/#primaryimage"},"thumbnailUrl":"https:\/\/fireware.nl\/wp-content\/uploads\/2023\/07\/20230608_Rookvloeistof_BHV_002.jpg","datePublished":"2019-01-23T12:15:39+00:00","dateModified":"2025-12-08T07:55:05+00:00","description":"Ein Rauchfluid speziell f\u00fcr Brand- und Evakuierungs\u00fcbungen","breadcrumb":{"@id":"https:\/\/fireware.nl\/de\/product\/nebel-rauchfluid-brandschutzubung\/#breadcrumb"},"inLanguage":"de","potentialAction":[{"@type":"ReadAction","target":["https:\/\/fireware.nl\/de\/product\/nebel-rauchfluid-brandschutzubung\/"]}]},{"@type":"ImageObject","inLanguage":"de","@id":"https:\/\/fireware.nl\/de\/product\/nebel-rauchfluid-brandschutzubung\/#primaryimage","url":"https:\/\/fireware.nl\/wp-content\/uploads\/2023\/07\/20230608_Rookvloeistof_BHV_002.jpg","contentUrl":"https:\/\/fireware.nl\/wp-content\/uploads\/2023\/07\/20230608_Rookvloeistof_BHV_002.jpg","width":600,"height":600},{"@type":"BreadcrumbList","@id":"https:\/\/fireware.nl\/de\/product\/nebel-rauchfluid-brandschutzubung\/#breadcrumb","itemListElement":[{"@type":"ListItem","position":1,"name":"Home","item":"https:\/\/fireware.nl\/de\/"},{"@type":"ListItem","position":2,"name":"Produkte","item":"https:\/\/fireware.nl\/de\/produkte\/"},{"@type":"ListItem","position":3,"name":"Nebel \/ Rauchfluid Brandschutz\u00fcbung"}]},{"@type":"WebSite","@id":"https:\/\/fireware.nl\/de\/#website","url":"https:\/\/fireware.nl\/de\/","name":"FireWare","description":"CREATING REALISTIC  TRAINING ENVIRONMENTS","publisher":{"@id":"https:\/\/fireware.nl\/de\/#organization"},"potentialAction":[{"@type":"SearchAction","target":{"@type":"EntryPoint","urlTemplate":"https:\/\/fireware.nl\/de\/?s={search_term_string}"},"query-input":{"@type":"PropertyValueSpecification","valueRequired":true,"valueName":"search_term_string"}}],"inLanguage":"de"},{"@type":"Organization","@id":"https:\/\/fireware.nl\/de\/#organization","name":"FireWare","url":"https:\/\/fireware.nl\/de\/","logo":{"@type":"ImageObject","inLanguage":"de","@id":"https:\/\/fireware.nl\/de\/#\/schema\/logo\/image\/","url":"https:\/\/fireware.nl\/wp-content\/uploads\/2018\/10\/FireWare-logo.jpg","contentUrl":"https:\/\/fireware.nl\/wp-content\/uploads\/2018\/10\/FireWare-logo.jpg","width":171,"height":70,"caption":"FireWare"},"image":{"@id":"https:\/\/fireware.nl\/de\/#\/schema\/logo\/image\/"},"sameAs":["https:\/\/www.facebook.com\/FireWareBV\/","https:\/\/x.com\/FireWarebv","https:\/\/www.instagram.com\/fireware_nl\/","https:\/\/www.linkedin.com\/company\/3586017\/","https:\/\/www.youtube.com\/user\/firesalesrentconsult"]}]}},"publishpress_future_workflow_manual_trigger":{"enabledWorkflows":[]},"_links":{"self":[{"href":"https:\/\/fireware.nl\/de\/wp-json\/wp\/v2\/product\/19050","targetHints":{"allow":["GET"]}}],"collection":[{"href":"https:\/\/fireware.nl\/de\/wp-json\/wp\/v2\/product"}],"about":[{"href":"https:\/\/fireware.nl\/de\/wp-json\/wp\/v2\/types\/product"}],"wp:featuredmedia":[{"embeddable":true,"href":"https:\/\/fireware.nl\/de\/wp-json\/wp\/v2\/media\/82347"}],"wp:attachment":[{"href":"https:\/\/fireware.nl\/de\/wp-json\/wp\/v2\/media?parent=19050"}],"wp:term":[{"taxonomy":"product_brand","embeddable":true,"href":"https:\/\/fireware.nl\/de\/wp-json\/wp\/v2\/product_brand?post=19050"},{"taxonomy":"product_cat","embeddable":true,"href":"https:\/\/fireware.nl\/de\/wp-json\/wp\/v2\/product_cat?post=19050"},{"taxonomy":"product_tag","embeddable":true,"href":"https:\/\/fireware.nl\/de\/wp-json\/wp\/v2\/product_tag?post=19050"}],"curies":[{"name":"wp","href":"https:\/\/api.w.org\/{rel}","templated":true}]}}