
{"id":19067,"date":"2019-01-23T12:15:38","date_gmt":"2019-01-23T12:15:38","guid":{"rendered":"http:\/\/fireware.sites.hyperhosting.co\/?post_type=product&#038;p=19067"},"modified":"2025-12-08T07:55:47","modified_gmt":"2025-12-08T07:55:47","slug":"nebel-rauchfluid-feuerwehr-intensiv","status":"publish","type":"product","link":"https:\/\/fireware.nl\/de\/product\/nebel-rauchfluid-feuerwehr-intensiv\/","title":{"rendered":"Nebel \/ Rauchfluid Feuerwehr Intensiv"},"content":{"rendered":"\n\n\t<p><em>Ein leistungsstarkes Rauchfluid f\u00fcr gr\u00f6\u00dfere Brand\u00fcbungen.<\/em><\/p>\n<h2>F\u00fcr den Fall, dass etwas mehr \u00dcbungsrauch ben\u00f6tigt wird&#8230;<\/h2>\n<p>Hangars, Lagerhallen, Fabrikhallen, gro\u00dfe Treppenh\u00e4user&#8230; Dies sind alles R\u00e4ume, in denen w\u00e4hrend einer \u00dcbung etwas mehr \u00dcbungsrauch ben\u00f6tigt wird. In solchen F\u00e4llen ist das Rauchfluid Feuerwehr Intensiv die L\u00f6sung! Durch die etwas h\u00f6here Rauchdichte und die etwas l\u00e4ngere Verweildauer des Rauchs bleibt dieser Rauch anders zusammen als andere Rauchfl\u00fcssigkeiten.<\/p>\n<h2>Ideal f\u00fcr den vertikalen Rauchaufbau<\/h2>\n<p>Jeder Feuerwehrmann und jede Feuerwehrfrau wei\u00df, dass warme Luft und Hitze aufsteigen. Dennoch werden die meisten Rauchmaschinen horizontal verwendet. Das Rauchfluid Feuerwehr Intensiv wurde speziell entwickelt, um auch vertikal verwendet werden zu k\u00f6nnen. Durch die einzigartige Zusammensetzung erzeugt dieser \u00dcbungsrauch eine hohe Rauchdichte und maximale Kontrolle \u00fcber die Geschwindigkeit der Rauchkolonne bei Verwendung einer <a href=\"https:\/\/fireware.nl\/de\/produkt\/nebelmaschine-cumulus\/\" target=\"_blank\" rel=\"noopener\">Cumulus<\/a>&#8211; oder <a href=\"https:\/\/fireware.nl\/de\/produkt\/nebelmaschine-stratus\/\" target=\"_blank\" rel=\"noopener\">Stratus<\/a>-Rauchmaschine. Dadurch k\u00f6nnen extrem realistische Rauchbilder erzeugt werden!<\/p>\n<h2>Simulieren Sie die Dampfbildung beim L\u00f6schen<\/h2>\n<p>Beim L\u00f6schen entsteht Dampf. Mit dem Rauchfluid Feuerwehr Intensiv kann diese zus\u00e4tzliche Dampfbildung realistisch simuliert werden. Eine nette zus\u00e4tzliche Erg\u00e4nzung, um die \u00dcbung noch realistischer zu gestalten und Rettungskr\u00e4fte noch besser auf den Ernstfall vorzubereiten!<\/p>\n<h2>Keine R\u00fcckst\u00e4nde<\/h2>\n<p>FireWare entwickelt seit 20 Jahren Rauchfl\u00fcssigkeiten f\u00fcr die Rettungsdienstbranche. Diese neueste Generation von Rauchfluid wurde so entwickelt, dass sie bei sachgem\u00e4\u00dfer Anwendung keine R\u00fcckst\u00e4nde hinterl\u00e4sst und dennoch in der Lage ist, ein sehr realistisches Rauch- oder Dampfbild zu simulieren. Bei Verwendung dieses Rauchfluids muss der Szenenbildner jedoch aufpassen: Eine leichte Ablagerung kann auftreten, wenn es in einem Raum \u00fcberdosiert wird.<\/p>\n<h2>Die reinste Zusammensetzung<\/h2>\n<p>Das Rauchfluid Feuerwehr Intensiv besteht aus den reinsten Inhaltsstoffen und ist daher eine der sichersten Rauchfl\u00fcssigkeiten f\u00fcr Mensch und Maschine, die derzeit erh\u00e4ltlich sind. Einer der Hauptbestandteile ist Wasser in seiner reinsten Form!<\/p>\n<h2>Anwendbar in allen modernen Rauchmaschinen<\/h2>\n<p>Rookvloeistof Rauchfluid Feuerwehr Intensiv BHV kann in den <a href=\"https:\/\/fireware.nl\/de\/produkt\/nebelmaschine-nimbo\/\" target=\"_blank\" rel=\"noopener\">Nimbo<\/a>, <a href=\"https:\/\/fireware.nl\/de\/produkt\/nebelmaschine-cumulus\/\" target=\"_blank\" rel=\"noopener\">Cumulus<\/a> und <a href=\"https:\/\/fireware.nl\/de\/produkt\/nebelmaschine-stratus\/\" target=\"_blank\" rel=\"noopener\">Stratus<\/a> Rauchmaschinen verwendet werden. Aber auch in allen modernen Wasser-Glykol-Rauchmaschinen funktioniert dieses Rauchfluid. Es ist in 5-Liter-F\u00e4ssern, 200-Liter-F\u00e4ssern und 1000-Liter-IBC-Beh\u00e4ltern erh\u00e4ltlich. Rookvloeistof Rauchfluid Feuerwehr Intensiv ist der neue Name f\u00fcr das FireWare Heavy Rauchfluid.<\/p>\n<h2>Horizontal\/Vertikal oder durch einen Smoke Hose<\/h2>\n<p>Dieses Rauchfluid l\u00e4sst sich problemlos horizontal und vertikal anwenden. Die Rookvloeistof Rauchfluid Feuerwehr Intensiv kann auch durch ein <a href=\"https:\/\/fireware.nl\/de\/product\/smoke-hose-set-perforiert\/\" target=\"_blank\" rel=\"noopener\">Smoke Hose-Set perforiert<\/a> oder mit einem <a href=\"https:\/\/fireware.nl\/de\/product\/smoke-hose-set\/\" target=\"_blank\" rel=\"noopener\">Smoke Hose-Set<\/a> verschlossen werden, um eine Linienquelle zu simulieren. Sehen Sie sich die Videos auf unserer Website an, um die Effekte zu beurteilen!<\/p>\n<h2>Leichtere oder dichtere Rauch ben\u00f6tigt?<\/h2>\n<p>Neben dem Rauchfluid Feuerwehr Intensiv gibt es auch noch die <a href=\"https:\/\/fireware.nl\/de\/product\/nebel-rauchfluid-brandschutzubung\/\" target=\"_blank\" rel=\"noopener\">Rauchfluid Brandschutz\u00fcbung<\/a>, <a href=\"https:\/\/fireware.nl\/de\/product\/nebel-rauchfluid-feuerwehr-universal\/\" target=\"_blank\" rel=\"noopener\">Rauchfluid Feuerwehr Universal<\/a> und <a href=\"https:\/\/fireware.nl\/de\/product\/nebel-rauchfluid-feuerwehr-extrem\/\" target=\"_blank\" rel=\"noopener\">Rauchfluid Feuerwehr Extrem<\/a>. Jede f\u00fcr eine andere Anwendung in der Rettungsdienstbranche!<\/p>\n<h2><!--StartFragment -->Sehen Sie sich das Video hier an<!--EndFragment --><\/h2>\n\t\t<iframe width=\"560\" height=\"315\" src=https:\/\/player.vimeo.com\/video\/852635152?hl=en&#038;cc_lang_pref=en&#038;cc_load_policy=1 frameborder=\"0\" allow=\"accelerometer; autoplay; clipboard-write; encrypted-media; gyroscope; picture-in-picture\" allowfullscreen><\/iframe>\n\t\t<iframe width=\"560\" height=\"315\" src=https:\/\/player.vimeo.com\/video\/852634940?hl=en&#038;cc_lang_pref=en&#038;cc_load_policy=1 frameborder=\"0\" allow=\"accelerometer; autoplay; clipboard-write; encrypted-media; gyroscope; picture-in-picture\" allowfullscreen><\/iframe>\t\n\t\t\t<a href=\"https:\/\/fireware.nl\/en\/service-portal\/smoke-fluids\/english\/\" target=\"_blank\" rel=\"noopener\">\n\t\t\t\t\t\t\tWeitere Videos \u00fcber das Nebel-\/Rauchfluid ansehen\n\t\t\t\t\t<\/a>\n\n","protected":false},"excerpt":{"rendered":"<ul>\n<li><strong>Der neue Name f\u00fcr das FireWare Heavy Rauchfluid.<\/strong><\/li>\n<li>Speziell entwickelt f\u00fcr den Innenbereich.<\/li>\n<li>Erzeugt einen dichten Rauch.<\/li>\n<li>Keine R\u00fcckst\u00e4nde.<\/li>\n<li>Sehr geeignet f\u00fcr Feuerwehr\u00fcbungen.<\/li>\n<li>F\u00fcllt sehr gro\u00dfe R\u00e4ume wie eine Lagerhalle.<\/li>\n<li>Wird mit doppelt destilliertem Wasser hergestellt.<\/li>\n<\/ul>\n","protected":false},"featured_media":82335,"template":"","meta":[],"product_brand":[],"product_cat":[86],"product_tag":[],"class_list":{"0":"post-19067","1":"product","2":"type-product","3":"status-publish","4":"has-post-thumbnail","6":"product_cat-nebelfluid","8":"first","9":"instock","10":"taxable","11":"shipping-taxable","12":"purchasable","13":"product-type-variable"},"yoast_head":"<!-- This site is optimized with the Yoast SEO plugin v27.5 - https:\/\/yoast.com\/product\/yoast-seo-wordpress\/ -->\n<title>Nebel \/ Rauchfluid Feuerwehr Intensiv - FireWare<\/title>\n<meta name=\"description\" content=\"Ein leistungsstarkes Rauchfluid f\u00fcr gr\u00f6\u00dfere Brand\u00fcbungen.\" \/>\n<meta name=\"robots\" content=\"index, follow, max-snippet:-1, max-image-preview:large, max-video-preview:-1\" \/>\n<link rel=\"canonical\" href=\"https:\/\/fireware.nl\/de\/product\/nebel-rauchfluid-feuerwehr-intensiv\/\" \/>\n<meta property=\"og:locale\" content=\"de_DE\" \/>\n<meta property=\"og:type\" content=\"article\" \/>\n<meta property=\"og:title\" content=\"Nebel \/ Rauchfluid Feuerwehr Intensiv - FireWare\" \/>\n<meta property=\"og:description\" content=\"Ein leistungsstarkes Rauchfluid f\u00fcr gr\u00f6\u00dfere Brand\u00fcbungen.\" \/>\n<meta property=\"og:url\" content=\"https:\/\/fireware.nl\/de\/product\/nebel-rauchfluid-feuerwehr-intensiv\/\" \/>\n<meta property=\"og:site_name\" content=\"FireWare\" \/>\n<meta property=\"article:publisher\" content=\"https:\/\/www.facebook.com\/FireWareBV\/\" \/>\n<meta property=\"article:modified_time\" content=\"2025-12-08T07:55:47+00:00\" \/>\n<meta property=\"og:image\" content=\"https:\/\/fireware.nl\/wp-content\/uploads\/2023\/07\/20230608_Rookvloeistof_Intensief_001.jpg\" \/>\n\t<meta property=\"og:image:width\" content=\"600\" \/>\n\t<meta property=\"og:image:height\" content=\"600\" \/>\n\t<meta property=\"og:image:type\" content=\"image\/jpeg\" \/>\n<meta name=\"twitter:card\" content=\"summary_large_image\" \/>\n<meta name=\"twitter:site\" content=\"@FireWarebv\" \/>\n<meta name=\"twitter:label1\" content=\"Gesch\u00e4tzte Lesezeit\" \/>\n\t<meta name=\"twitter:data1\" content=\"3\u00a0Minuten\" \/>\n<script type=\"application\/ld+json\" class=\"yoast-schema-graph\">{\"@context\":\"https:\\\/\\\/schema.org\",\"@graph\":[{\"@type\":\"WebPage\",\"@id\":\"https:\\\/\\\/fireware.nl\\\/de\\\/product\\\/nebel-rauchfluid-feuerwehr-intensiv\\\/\",\"url\":\"https:\\\/\\\/fireware.nl\\\/de\\\/product\\\/nebel-rauchfluid-feuerwehr-intensiv\\\/\",\"name\":\"Nebel \\\/ Rauchfluid Feuerwehr Intensiv - FireWare\",\"isPartOf\":{\"@id\":\"https:\\\/\\\/fireware.nl\\\/de\\\/#website\"},\"primaryImageOfPage\":{\"@id\":\"https:\\\/\\\/fireware.nl\\\/de\\\/product\\\/nebel-rauchfluid-feuerwehr-intensiv\\\/#primaryimage\"},\"image\":{\"@id\":\"https:\\\/\\\/fireware.nl\\\/de\\\/product\\\/nebel-rauchfluid-feuerwehr-intensiv\\\/#primaryimage\"},\"thumbnailUrl\":\"https:\\\/\\\/fireware.nl\\\/wp-content\\\/uploads\\\/2023\\\/07\\\/20230608_Rookvloeistof_Intensief_001.jpg\",\"datePublished\":\"2019-01-23T12:15:38+00:00\",\"dateModified\":\"2025-12-08T07:55:47+00:00\",\"description\":\"Ein leistungsstarkes Rauchfluid f\u00fcr gr\u00f6\u00dfere Brand\u00fcbungen.\",\"breadcrumb\":{\"@id\":\"https:\\\/\\\/fireware.nl\\\/de\\\/product\\\/nebel-rauchfluid-feuerwehr-intensiv\\\/#breadcrumb\"},\"inLanguage\":\"de\",\"potentialAction\":[{\"@type\":\"ReadAction\",\"target\":[\"https:\\\/\\\/fireware.nl\\\/de\\\/product\\\/nebel-rauchfluid-feuerwehr-intensiv\\\/\"]}]},{\"@type\":\"ImageObject\",\"inLanguage\":\"de\",\"@id\":\"https:\\\/\\\/fireware.nl\\\/de\\\/product\\\/nebel-rauchfluid-feuerwehr-intensiv\\\/#primaryimage\",\"url\":\"https:\\\/\\\/fireware.nl\\\/wp-content\\\/uploads\\\/2023\\\/07\\\/20230608_Rookvloeistof_Intensief_001.jpg\",\"contentUrl\":\"https:\\\/\\\/fireware.nl\\\/wp-content\\\/uploads\\\/2023\\\/07\\\/20230608_Rookvloeistof_Intensief_001.jpg\",\"width\":600,\"height\":600},{\"@type\":\"BreadcrumbList\",\"@id\":\"https:\\\/\\\/fireware.nl\\\/de\\\/product\\\/nebel-rauchfluid-feuerwehr-intensiv\\\/#breadcrumb\",\"itemListElement\":[{\"@type\":\"ListItem\",\"position\":1,\"name\":\"Home\",\"item\":\"https:\\\/\\\/fireware.nl\\\/de\\\/\"},{\"@type\":\"ListItem\",\"position\":2,\"name\":\"Produkte\",\"item\":\"https:\\\/\\\/fireware.nl\\\/de\\\/produkte\\\/\"},{\"@type\":\"ListItem\",\"position\":3,\"name\":\"Nebel \\\/ Rauchfluid Feuerwehr Intensiv\"}]},{\"@type\":\"WebSite\",\"@id\":\"https:\\\/\\\/fireware.nl\\\/de\\\/#website\",\"url\":\"https:\\\/\\\/fireware.nl\\\/de\\\/\",\"name\":\"FireWare\",\"description\":\"CREATING REALISTIC  TRAINING ENVIRONMENTS\",\"publisher\":{\"@id\":\"https:\\\/\\\/fireware.nl\\\/de\\\/#organization\"},\"potentialAction\":[{\"@type\":\"SearchAction\",\"target\":{\"@type\":\"EntryPoint\",\"urlTemplate\":\"https:\\\/\\\/fireware.nl\\\/de\\\/?s={search_term_string}\"},\"query-input\":{\"@type\":\"PropertyValueSpecification\",\"valueRequired\":true,\"valueName\":\"search_term_string\"}}],\"inLanguage\":\"de\"},{\"@type\":\"Organization\",\"@id\":\"https:\\\/\\\/fireware.nl\\\/de\\\/#organization\",\"name\":\"FireWare\",\"url\":\"https:\\\/\\\/fireware.nl\\\/de\\\/\",\"logo\":{\"@type\":\"ImageObject\",\"inLanguage\":\"de\",\"@id\":\"https:\\\/\\\/fireware.nl\\\/de\\\/#\\\/schema\\\/logo\\\/image\\\/\",\"url\":\"https:\\\/\\\/fireware.nl\\\/wp-content\\\/uploads\\\/2018\\\/10\\\/FireWare-logo.jpg\",\"contentUrl\":\"https:\\\/\\\/fireware.nl\\\/wp-content\\\/uploads\\\/2018\\\/10\\\/FireWare-logo.jpg\",\"width\":171,\"height\":70,\"caption\":\"FireWare\"},\"image\":{\"@id\":\"https:\\\/\\\/fireware.nl\\\/de\\\/#\\\/schema\\\/logo\\\/image\\\/\"},\"sameAs\":[\"https:\\\/\\\/www.facebook.com\\\/FireWareBV\\\/\",\"https:\\\/\\\/x.com\\\/FireWarebv\",\"https:\\\/\\\/www.instagram.com\\\/fireware_nl\\\/\",\"https:\\\/\\\/www.linkedin.com\\\/company\\\/3586017\\\/\",\"https:\\\/\\\/www.youtube.com\\\/user\\\/firesalesrentconsult\"]}]}<\/script>\n<!-- \/ Yoast SEO plugin. -->","yoast_head_json":{"title":"Nebel \/ Rauchfluid Feuerwehr Intensiv - FireWare","description":"Ein leistungsstarkes Rauchfluid f\u00fcr gr\u00f6\u00dfere Brand\u00fcbungen.","robots":{"index":"index","follow":"follow","max-snippet":"max-snippet:-1","max-image-preview":"max-image-preview:large","max-video-preview":"max-video-preview:-1"},"canonical":"https:\/\/fireware.nl\/de\/product\/nebel-rauchfluid-feuerwehr-intensiv\/","og_locale":"de_DE","og_type":"article","og_title":"Nebel \/ Rauchfluid Feuerwehr Intensiv - FireWare","og_description":"Ein leistungsstarkes Rauchfluid f\u00fcr gr\u00f6\u00dfere Brand\u00fcbungen.","og_url":"https:\/\/fireware.nl\/de\/product\/nebel-rauchfluid-feuerwehr-intensiv\/","og_site_name":"FireWare","article_publisher":"https:\/\/www.facebook.com\/FireWareBV\/","article_modified_time":"2025-12-08T07:55:47+00:00","og_image":[{"width":600,"height":600,"url":"https:\/\/fireware.nl\/wp-content\/uploads\/2023\/07\/20230608_Rookvloeistof_Intensief_001.jpg","type":"image\/jpeg"}],"twitter_card":"summary_large_image","twitter_site":"@FireWarebv","twitter_misc":{"Gesch\u00e4tzte Lesezeit":"3\u00a0Minuten"},"schema":{"@context":"https:\/\/schema.org","@graph":[{"@type":"WebPage","@id":"https:\/\/fireware.nl\/de\/product\/nebel-rauchfluid-feuerwehr-intensiv\/","url":"https:\/\/fireware.nl\/de\/product\/nebel-rauchfluid-feuerwehr-intensiv\/","name":"Nebel \/ Rauchfluid Feuerwehr Intensiv - FireWare","isPartOf":{"@id":"https:\/\/fireware.nl\/de\/#website"},"primaryImageOfPage":{"@id":"https:\/\/fireware.nl\/de\/product\/nebel-rauchfluid-feuerwehr-intensiv\/#primaryimage"},"image":{"@id":"https:\/\/fireware.nl\/de\/product\/nebel-rauchfluid-feuerwehr-intensiv\/#primaryimage"},"thumbnailUrl":"https:\/\/fireware.nl\/wp-content\/uploads\/2023\/07\/20230608_Rookvloeistof_Intensief_001.jpg","datePublished":"2019-01-23T12:15:38+00:00","dateModified":"2025-12-08T07:55:47+00:00","description":"Ein leistungsstarkes Rauchfluid f\u00fcr gr\u00f6\u00dfere Brand\u00fcbungen.","breadcrumb":{"@id":"https:\/\/fireware.nl\/de\/product\/nebel-rauchfluid-feuerwehr-intensiv\/#breadcrumb"},"inLanguage":"de","potentialAction":[{"@type":"ReadAction","target":["https:\/\/fireware.nl\/de\/product\/nebel-rauchfluid-feuerwehr-intensiv\/"]}]},{"@type":"ImageObject","inLanguage":"de","@id":"https:\/\/fireware.nl\/de\/product\/nebel-rauchfluid-feuerwehr-intensiv\/#primaryimage","url":"https:\/\/fireware.nl\/wp-content\/uploads\/2023\/07\/20230608_Rookvloeistof_Intensief_001.jpg","contentUrl":"https:\/\/fireware.nl\/wp-content\/uploads\/2023\/07\/20230608_Rookvloeistof_Intensief_001.jpg","width":600,"height":600},{"@type":"BreadcrumbList","@id":"https:\/\/fireware.nl\/de\/product\/nebel-rauchfluid-feuerwehr-intensiv\/#breadcrumb","itemListElement":[{"@type":"ListItem","position":1,"name":"Home","item":"https:\/\/fireware.nl\/de\/"},{"@type":"ListItem","position":2,"name":"Produkte","item":"https:\/\/fireware.nl\/de\/produkte\/"},{"@type":"ListItem","position":3,"name":"Nebel \/ Rauchfluid Feuerwehr Intensiv"}]},{"@type":"WebSite","@id":"https:\/\/fireware.nl\/de\/#website","url":"https:\/\/fireware.nl\/de\/","name":"FireWare","description":"CREATING REALISTIC  TRAINING ENVIRONMENTS","publisher":{"@id":"https:\/\/fireware.nl\/de\/#organization"},"potentialAction":[{"@type":"SearchAction","target":{"@type":"EntryPoint","urlTemplate":"https:\/\/fireware.nl\/de\/?s={search_term_string}"},"query-input":{"@type":"PropertyValueSpecification","valueRequired":true,"valueName":"search_term_string"}}],"inLanguage":"de"},{"@type":"Organization","@id":"https:\/\/fireware.nl\/de\/#organization","name":"FireWare","url":"https:\/\/fireware.nl\/de\/","logo":{"@type":"ImageObject","inLanguage":"de","@id":"https:\/\/fireware.nl\/de\/#\/schema\/logo\/image\/","url":"https:\/\/fireware.nl\/wp-content\/uploads\/2018\/10\/FireWare-logo.jpg","contentUrl":"https:\/\/fireware.nl\/wp-content\/uploads\/2018\/10\/FireWare-logo.jpg","width":171,"height":70,"caption":"FireWare"},"image":{"@id":"https:\/\/fireware.nl\/de\/#\/schema\/logo\/image\/"},"sameAs":["https:\/\/www.facebook.com\/FireWareBV\/","https:\/\/x.com\/FireWarebv","https:\/\/www.instagram.com\/fireware_nl\/","https:\/\/www.linkedin.com\/company\/3586017\/","https:\/\/www.youtube.com\/user\/firesalesrentconsult"]}]}},"publishpress_future_workflow_manual_trigger":{"enabledWorkflows":[]},"_links":{"self":[{"href":"https:\/\/fireware.nl\/de\/wp-json\/wp\/v2\/product\/19067","targetHints":{"allow":["GET"]}}],"collection":[{"href":"https:\/\/fireware.nl\/de\/wp-json\/wp\/v2\/product"}],"about":[{"href":"https:\/\/fireware.nl\/de\/wp-json\/wp\/v2\/types\/product"}],"wp:featuredmedia":[{"embeddable":true,"href":"https:\/\/fireware.nl\/de\/wp-json\/wp\/v2\/media\/82335"}],"wp:attachment":[{"href":"https:\/\/fireware.nl\/de\/wp-json\/wp\/v2\/media?parent=19067"}],"wp:term":[{"taxonomy":"product_brand","embeddable":true,"href":"https:\/\/fireware.nl\/de\/wp-json\/wp\/v2\/product_brand?post=19067"},{"taxonomy":"product_cat","embeddable":true,"href":"https:\/\/fireware.nl\/de\/wp-json\/wp\/v2\/product_cat?post=19067"},{"taxonomy":"product_tag","embeddable":true,"href":"https:\/\/fireware.nl\/de\/wp-json\/wp\/v2\/product_tag?post=19067"}],"curies":[{"name":"wp","href":"https:\/\/api.w.org\/{rel}","templated":true}]}}