
{"id":19072,"date":"2019-01-23T12:16:10","date_gmt":"2019-01-23T12:16:10","guid":{"rendered":"http:\/\/fireware.sites.hyperhosting.co\/?post_type=product&#038;p=19072"},"modified":"2025-12-08T07:56:16","modified_gmt":"2025-12-08T07:56:16","slug":"nebel-rauchfluid-feuerwehr-extrem","status":"publish","type":"product","link":"https:\/\/fireware.nl\/de\/product\/nebel-rauchfluid-feuerwehr-extrem\/","title":{"rendered":"Nebel \/ Rauchfluid Feuerwehr Extrem"},"content":{"rendered":"\n\n\t<p><em>Die spezialisierte Rauchfluid f\u00fcr Simulationen mit gro\u00dfem Rauchbedarf.<\/em><\/p>\n<h2>Die Rauchfluid f\u00fcr Simulationen mit gro\u00dfem Rauchbedarf<\/h2>\n<p>Tunnelbr\u00e4nde, Waldbr\u00e4nde, Industriebr\u00e4nde&#8230; Alle Vorf\u00e4lle, bei denen viel Rauch entsteht. Um solche Vorf\u00e4lle gut zu inszenieren, gibt es die Rauchfluid Feuerwehr Extrem. Zus\u00e4tzlich hat dieses Rauchfluid eine erh\u00f6hte Hitzeresistenz. Ideal f\u00fcr den Einsatz in &#8220;warmen&#8221; \u00dcbungseinrichtungen.<\/p>\n<h2>Lange Standzeit<\/h2>\n<p>Diese Rauchfluid erzeugt einen sehr dichten Rauch, der sich bei geeigneten Wetterbedingungen bis zu 2 km in der Au\u00dfenluft bewegen und sichtbar bleiben kann. Auf diese Weise kann die Kapazit\u00e4t einer Rauchmaschine k\u00fcnstlich erh\u00f6ht werden: Es kommt mehr \u00dcbungsrauch aus der Rauchmaschine heraus, als aufgrund der Leistung zu erwarten w\u00e4re. Ideal f\u00fcr Simulationen mit gro\u00dfem Rauchbedarf wie Waldbr\u00e4nde, Naturbr\u00e4nde und Tunnelbr\u00e4nde.<\/p>\n<h2>Erh\u00f6hte Hitzeresistenz<\/h2>\n<p>Im Vergleich zu anderen FireWare Rauchfluid hat die Rauchfluid Feuerwehr Extrem erh\u00f6hte Hitzeresistenz. Dies bedeutet, dass der Rauch bei h\u00f6heren Temperaturen, beispielsweise in Brand- und R\u00e4uchercontainern, weniger schnell auseinanderf\u00e4llt.<\/p>\n<h2>Spezialisierte Rauchfl\u00fcssigkeit<\/h2>\n<p>FireWare entwickelt seit 20 Jahren Rauchfluid f\u00fcr die Hilfsdienste. Diese letzte Generation spezialisierter Rauchfluid wurde speziell f\u00fcr die Simulation gro\u00dfer Vorf\u00e4lle im Freien entwickelt. Wenn dieses Rauchfluid in Kombination mit einer zu gro\u00dfen Rauchmaschine in einem zu kleinen Raum im Innenbereich verwendet wird, kann es zu Ablagerungen kommen. Bei Verwendung in Innenr\u00e4umen gehen wir davon aus, dass der Szenenbildtechniker sehr gut wei\u00df, was er oder sie tut. In diesem Fall kann das Rauchfluid auch drinnen ohne Ablagerungen verwendet werden.<\/p>\n<h2>Realistisches Bild<\/h2>\n<p>Durch die kompakte und langsame Rauchausbreitung kann dieser Rauchfluid gut f\u00fcr die vertikale Rauchinjektion in Tunneln eingesetzt werden, um eine realistische Rauchschichtbildung zu erzeugen. Aber auch in Kombination mit Zubeh\u00f6r wie dem <a href=\"https:\/\/fireware.nl\/de\/product\/smoke-hose-set-perforiert\/\" target=\"_blank\" rel=\"noopener\">perforierten Smoke Hose Set<\/a> eignet sich dieser Rauchfluid gut f\u00fcr die Erzeugung von Rauchlinien bei Naturbrand-Simulationen oder Simulationen eines ausbrechenden Brandes in einem Geb\u00e4ude. Dies erzeugt einen extrem dichten Rauch mit gut kontrollierbarer Geschwindigkeit. Auf diese Weise tr\u00e4gt dieser Rauchfluid zu einer realistischen Simulation bei!<\/p>\n<h2>Die reinste Zutaten<\/h2>\n<p>Die Rauchfluid Feuerwehr Extrem besteht aus den reinsten Zutaten und ist daher eine der sichersten Rauchfluid f\u00fcr Mensch und Maschine, die derzeit erh\u00e4ltlich sind. Eine der Hauptzutaten ist Wasser in seiner reinsten Form!<\/p>\n<h2>Anwendbar in allen modernen Rauchmaschinen<\/h2>\n<p>Rauchfluid Feuerwehr Extrem ist f\u00fcr die Verwendung in den <a href=\"https:\/\/fireware.nl\/de\/produkt\/nebelmaschine-nimbo\/\" target=\"_blank\" rel=\"noopener\">Nimbo<\/a>-, <a href=\"https:\/\/fireware.nl\/de\/produkt\/nebelmaschine-cumulus\/\" target=\"_blank\" rel=\"noopener\">Cumulus<\/a>&#8211; und <a href=\"https:\/\/fireware.nl\/de\/produkt\/nebelmaschine-stratus\/\" target=\"_blank\" rel=\"noopener\">Stratus<\/a>-RauchmaschinenDie spezialisierte Rauchfluid f\u00fcr Simulationen mit gro\u00dfem Rauchbedarf\u00a0geeignet. Aber auch in allen modernen Wasser-Glycol-Rauchmaschinen funktioniert dieser Rauchfluid. Dieser Rauchfluid ist in 5-Liter-F\u00e4ssern, 200-Liter-F\u00e4ssern und 1000-Liter-IBC-Beh\u00e4ltern erh\u00e4ltlich. Rauchfluid Feuerwehr Extrem ist der neue Name f\u00fcr das FireWare Outdoor Rauchfluid.<\/p>\n<h2>Horizontal \/ vertikal oder durch eine Smoke Hose<\/h2>\n<p>Dieser Rauchfluid l\u00e4sst sich problemlos horizontal und vertikal einsetzen. Die Rauchfluid Feuerwehr Extremkann auch durch ein <a href=\"https:\/\/fireware.nl\/de\/product\/smoke-hose-set-perforiert\/\" target=\"_blank\" rel=\"noopener\">perforiertes Smoke Hose Set<\/a> oder ein dichtes <a href=\"https:\/\/fireware.nl\/de\/product\/smoke-hose-set\/\" target=\"_blank\" rel=\"noopener\">Smoke Hose Set<\/a> verlaufen, um eine Linienquelle zu simulieren. Sehen Sie sich die Videos auf unserer Website an, um die Effekte zu beurteilen!<\/p>\n<h2>Leichterer Rauch ben\u00f6tigt?<\/h2>\n<p>Neben der Rauchfluid Feuerwehr Extrem gibt es auch noch die <a href=\"https:\/\/fireware.nl\/de\/product\/nebel-rauchfluid-brandschutzubung\/\" target=\"_blank\" rel=\"noopener\">Rauchfluid Brandschutz\u00fcbung<\/a>, <a href=\"https:\/\/fireware.nl\/de\/product\/nebel-rauchfluid-feuerwehr-universal\/\" target=\"_blank\" rel=\"noopener\">Rauchfluid Feuerwehr Universal<\/a> und <a href=\"https:\/\/fireware.nl\/de\/product\/nebel-rauchfluid-feuerwehr-intensiv\/\" target=\"_blank\" rel=\"noopener\">Rauchfluid Feuerwehr Intensiv<\/a>. Jeder f\u00fcr eine andere Anwendung in den Hilfsdiensten!<\/p>\n<h2><!--StartFragment -->Sehen Sie sich das Video hier an<!--EndFragment --><\/h2>\n\t\t<iframe width=\"560\" height=\"315\" src=https:\/\/player.vimeo.com\/video\/852635152?hl=en&#038;cc_lang_pref=en&#038;cc_load_policy=1 frameborder=\"0\" allow=\"accelerometer; autoplay; clipboard-write; encrypted-media; gyroscope; picture-in-picture\" allowfullscreen><\/iframe>\t\n\t\t<iframe width=\"560\" height=\"315\" src=https:\/\/player.vimeo.com\/video\/852634940?hl=en&#038;cc_lang_pref=en&#038;cc_load_policy=1 frameborder=\"0\" allow=\"accelerometer; autoplay; clipboard-write; encrypted-media; gyroscope; picture-in-picture\" allowfullscreen><\/iframe>\t\n\t\t\t<a href=\"https:\/\/fireware.nl\/en\/service-portal\/smoke-fluids\/english\/\" target=\"_blank\" rel=\"noopener\">\n\t\t\t\t\t\t\tWeitere Videos \u00fcber das Nebel-\/Rauchfluid ansehen\n\t\t\t\t\t<\/a>\n\n","protected":false},"excerpt":{"rendered":"<ul>\n<li><strong>Der neue Name f\u00fcr das\u00a0FireWare Outdoor Rauchfluids.<\/strong><\/li>\n<li>Speziell f\u00fcr den Einsatz im Freien entwickelt.<\/li>\n<li>Geeignet f\u00fcr die Erzeugung von sehr dichtem Rauch.<\/li>\n<li>Der Rauch bleibt bei hohen Temperaturen l\u00e4nger intakt.<\/li>\n<li>Sehr geeignet f\u00fcr anspruchsvolle Feuerwehr\u00fcbungen.<\/li>\n<li>Extrem lange Standzeit.<\/li>\n<li>Zur Inszenierung von Waldbr\u00e4nden.<\/li>\n<li>Wird mit doppelt destilliertem Wasser hergestellt.<\/li>\n<\/ul>\n","protected":false},"featured_media":82494,"template":"","meta":[],"product_brand":[],"product_cat":[86],"product_tag":[],"class_list":{"0":"post-19072","1":"product","2":"type-product","3":"status-publish","4":"has-post-thumbnail","6":"product_cat-nebelfluid","8":"first","9":"instock","10":"taxable","11":"shipping-taxable","12":"purchasable","13":"product-type-variable"},"yoast_head":"<!-- This site is optimized with the Yoast SEO plugin v27.5 - https:\/\/yoast.com\/product\/yoast-seo-wordpress\/ -->\n<title>Nebel \/ Rauchfluid Feuerwehr Extrem - FireWare<\/title>\n<meta name=\"description\" content=\"Die spezialisierte Rauchfluid f\u00fcr Simulationen mit gro\u00dfem Rauchbedarf.\" \/>\n<meta name=\"robots\" content=\"index, follow, max-snippet:-1, max-image-preview:large, max-video-preview:-1\" \/>\n<link rel=\"canonical\" href=\"https:\/\/fireware.nl\/de\/product\/nebel-rauchfluid-feuerwehr-extrem\/\" \/>\n<meta property=\"og:locale\" content=\"de_DE\" \/>\n<meta property=\"og:type\" content=\"article\" \/>\n<meta property=\"og:title\" content=\"Nebel \/ Rauchfluid Feuerwehr Extrem - FireWare\" \/>\n<meta property=\"og:description\" content=\"Die spezialisierte Rauchfluid f\u00fcr Simulationen mit gro\u00dfem Rauchbedarf.\" \/>\n<meta property=\"og:url\" content=\"https:\/\/fireware.nl\/de\/product\/nebel-rauchfluid-feuerwehr-extrem\/\" \/>\n<meta property=\"og:site_name\" content=\"FireWare\" \/>\n<meta property=\"article:publisher\" content=\"https:\/\/www.facebook.com\/FireWareBV\/\" \/>\n<meta property=\"article:modified_time\" content=\"2025-12-08T07:56:16+00:00\" \/>\n<meta property=\"og:image\" content=\"https:\/\/fireware.nl\/wp-content\/uploads\/2019\/01\/20230608_Rookvloeistof_Extreem_001.jpg\" \/>\n\t<meta property=\"og:image:width\" content=\"600\" \/>\n\t<meta property=\"og:image:height\" content=\"600\" \/>\n\t<meta property=\"og:image:type\" content=\"image\/jpeg\" \/>\n<meta name=\"twitter:card\" content=\"summary_large_image\" \/>\n<meta name=\"twitter:site\" content=\"@FireWarebv\" \/>\n<meta name=\"twitter:label1\" content=\"Gesch\u00e4tzte Lesezeit\" \/>\n\t<meta name=\"twitter:data1\" content=\"3\u00a0Minuten\" \/>\n<script type=\"application\/ld+json\" class=\"yoast-schema-graph\">{\"@context\":\"https:\\\/\\\/schema.org\",\"@graph\":[{\"@type\":\"WebPage\",\"@id\":\"https:\\\/\\\/fireware.nl\\\/de\\\/product\\\/nebel-rauchfluid-feuerwehr-extrem\\\/\",\"url\":\"https:\\\/\\\/fireware.nl\\\/de\\\/product\\\/nebel-rauchfluid-feuerwehr-extrem\\\/\",\"name\":\"Nebel \\\/ Rauchfluid Feuerwehr Extrem - FireWare\",\"isPartOf\":{\"@id\":\"https:\\\/\\\/fireware.nl\\\/de\\\/#website\"},\"primaryImageOfPage\":{\"@id\":\"https:\\\/\\\/fireware.nl\\\/de\\\/product\\\/nebel-rauchfluid-feuerwehr-extrem\\\/#primaryimage\"},\"image\":{\"@id\":\"https:\\\/\\\/fireware.nl\\\/de\\\/product\\\/nebel-rauchfluid-feuerwehr-extrem\\\/#primaryimage\"},\"thumbnailUrl\":\"https:\\\/\\\/fireware.nl\\\/wp-content\\\/uploads\\\/2019\\\/01\\\/20230608_Rookvloeistof_Extreem_001.jpg\",\"datePublished\":\"2019-01-23T12:16:10+00:00\",\"dateModified\":\"2025-12-08T07:56:16+00:00\",\"description\":\"Die spezialisierte Rauchfluid f\u00fcr Simulationen mit gro\u00dfem Rauchbedarf.\",\"breadcrumb\":{\"@id\":\"https:\\\/\\\/fireware.nl\\\/de\\\/product\\\/nebel-rauchfluid-feuerwehr-extrem\\\/#breadcrumb\"},\"inLanguage\":\"de\",\"potentialAction\":[{\"@type\":\"ReadAction\",\"target\":[\"https:\\\/\\\/fireware.nl\\\/de\\\/product\\\/nebel-rauchfluid-feuerwehr-extrem\\\/\"]}]},{\"@type\":\"ImageObject\",\"inLanguage\":\"de\",\"@id\":\"https:\\\/\\\/fireware.nl\\\/de\\\/product\\\/nebel-rauchfluid-feuerwehr-extrem\\\/#primaryimage\",\"url\":\"https:\\\/\\\/fireware.nl\\\/wp-content\\\/uploads\\\/2019\\\/01\\\/20230608_Rookvloeistof_Extreem_001.jpg\",\"contentUrl\":\"https:\\\/\\\/fireware.nl\\\/wp-content\\\/uploads\\\/2019\\\/01\\\/20230608_Rookvloeistof_Extreem_001.jpg\",\"width\":600,\"height\":600},{\"@type\":\"BreadcrumbList\",\"@id\":\"https:\\\/\\\/fireware.nl\\\/de\\\/product\\\/nebel-rauchfluid-feuerwehr-extrem\\\/#breadcrumb\",\"itemListElement\":[{\"@type\":\"ListItem\",\"position\":1,\"name\":\"Home\",\"item\":\"https:\\\/\\\/fireware.nl\\\/de\\\/\"},{\"@type\":\"ListItem\",\"position\":2,\"name\":\"Produkte\",\"item\":\"https:\\\/\\\/fireware.nl\\\/de\\\/produkte\\\/\"},{\"@type\":\"ListItem\",\"position\":3,\"name\":\"Nebel \\\/ Rauchfluid Feuerwehr Extrem\"}]},{\"@type\":\"WebSite\",\"@id\":\"https:\\\/\\\/fireware.nl\\\/de\\\/#website\",\"url\":\"https:\\\/\\\/fireware.nl\\\/de\\\/\",\"name\":\"FireWare\",\"description\":\"CREATING REALISTIC  TRAINING ENVIRONMENTS\",\"publisher\":{\"@id\":\"https:\\\/\\\/fireware.nl\\\/de\\\/#organization\"},\"potentialAction\":[{\"@type\":\"SearchAction\",\"target\":{\"@type\":\"EntryPoint\",\"urlTemplate\":\"https:\\\/\\\/fireware.nl\\\/de\\\/?s={search_term_string}\"},\"query-input\":{\"@type\":\"PropertyValueSpecification\",\"valueRequired\":true,\"valueName\":\"search_term_string\"}}],\"inLanguage\":\"de\"},{\"@type\":\"Organization\",\"@id\":\"https:\\\/\\\/fireware.nl\\\/de\\\/#organization\",\"name\":\"FireWare\",\"url\":\"https:\\\/\\\/fireware.nl\\\/de\\\/\",\"logo\":{\"@type\":\"ImageObject\",\"inLanguage\":\"de\",\"@id\":\"https:\\\/\\\/fireware.nl\\\/de\\\/#\\\/schema\\\/logo\\\/image\\\/\",\"url\":\"https:\\\/\\\/fireware.nl\\\/wp-content\\\/uploads\\\/2018\\\/10\\\/FireWare-logo.jpg\",\"contentUrl\":\"https:\\\/\\\/fireware.nl\\\/wp-content\\\/uploads\\\/2018\\\/10\\\/FireWare-logo.jpg\",\"width\":171,\"height\":70,\"caption\":\"FireWare\"},\"image\":{\"@id\":\"https:\\\/\\\/fireware.nl\\\/de\\\/#\\\/schema\\\/logo\\\/image\\\/\"},\"sameAs\":[\"https:\\\/\\\/www.facebook.com\\\/FireWareBV\\\/\",\"https:\\\/\\\/x.com\\\/FireWarebv\",\"https:\\\/\\\/www.instagram.com\\\/fireware_nl\\\/\",\"https:\\\/\\\/www.linkedin.com\\\/company\\\/3586017\\\/\",\"https:\\\/\\\/www.youtube.com\\\/user\\\/firesalesrentconsult\"]}]}<\/script>\n<!-- \/ Yoast SEO plugin. -->","yoast_head_json":{"title":"Nebel \/ Rauchfluid Feuerwehr Extrem - FireWare","description":"Die spezialisierte Rauchfluid f\u00fcr Simulationen mit gro\u00dfem Rauchbedarf.","robots":{"index":"index","follow":"follow","max-snippet":"max-snippet:-1","max-image-preview":"max-image-preview:large","max-video-preview":"max-video-preview:-1"},"canonical":"https:\/\/fireware.nl\/de\/product\/nebel-rauchfluid-feuerwehr-extrem\/","og_locale":"de_DE","og_type":"article","og_title":"Nebel \/ Rauchfluid Feuerwehr Extrem - FireWare","og_description":"Die spezialisierte Rauchfluid f\u00fcr Simulationen mit gro\u00dfem Rauchbedarf.","og_url":"https:\/\/fireware.nl\/de\/product\/nebel-rauchfluid-feuerwehr-extrem\/","og_site_name":"FireWare","article_publisher":"https:\/\/www.facebook.com\/FireWareBV\/","article_modified_time":"2025-12-08T07:56:16+00:00","og_image":[{"width":600,"height":600,"url":"https:\/\/fireware.nl\/wp-content\/uploads\/2019\/01\/20230608_Rookvloeistof_Extreem_001.jpg","type":"image\/jpeg"}],"twitter_card":"summary_large_image","twitter_site":"@FireWarebv","twitter_misc":{"Gesch\u00e4tzte Lesezeit":"3\u00a0Minuten"},"schema":{"@context":"https:\/\/schema.org","@graph":[{"@type":"WebPage","@id":"https:\/\/fireware.nl\/de\/product\/nebel-rauchfluid-feuerwehr-extrem\/","url":"https:\/\/fireware.nl\/de\/product\/nebel-rauchfluid-feuerwehr-extrem\/","name":"Nebel \/ Rauchfluid Feuerwehr Extrem - FireWare","isPartOf":{"@id":"https:\/\/fireware.nl\/de\/#website"},"primaryImageOfPage":{"@id":"https:\/\/fireware.nl\/de\/product\/nebel-rauchfluid-feuerwehr-extrem\/#primaryimage"},"image":{"@id":"https:\/\/fireware.nl\/de\/product\/nebel-rauchfluid-feuerwehr-extrem\/#primaryimage"},"thumbnailUrl":"https:\/\/fireware.nl\/wp-content\/uploads\/2019\/01\/20230608_Rookvloeistof_Extreem_001.jpg","datePublished":"2019-01-23T12:16:10+00:00","dateModified":"2025-12-08T07:56:16+00:00","description":"Die spezialisierte Rauchfluid f\u00fcr Simulationen mit gro\u00dfem Rauchbedarf.","breadcrumb":{"@id":"https:\/\/fireware.nl\/de\/product\/nebel-rauchfluid-feuerwehr-extrem\/#breadcrumb"},"inLanguage":"de","potentialAction":[{"@type":"ReadAction","target":["https:\/\/fireware.nl\/de\/product\/nebel-rauchfluid-feuerwehr-extrem\/"]}]},{"@type":"ImageObject","inLanguage":"de","@id":"https:\/\/fireware.nl\/de\/product\/nebel-rauchfluid-feuerwehr-extrem\/#primaryimage","url":"https:\/\/fireware.nl\/wp-content\/uploads\/2019\/01\/20230608_Rookvloeistof_Extreem_001.jpg","contentUrl":"https:\/\/fireware.nl\/wp-content\/uploads\/2019\/01\/20230608_Rookvloeistof_Extreem_001.jpg","width":600,"height":600},{"@type":"BreadcrumbList","@id":"https:\/\/fireware.nl\/de\/product\/nebel-rauchfluid-feuerwehr-extrem\/#breadcrumb","itemListElement":[{"@type":"ListItem","position":1,"name":"Home","item":"https:\/\/fireware.nl\/de\/"},{"@type":"ListItem","position":2,"name":"Produkte","item":"https:\/\/fireware.nl\/de\/produkte\/"},{"@type":"ListItem","position":3,"name":"Nebel \/ Rauchfluid Feuerwehr Extrem"}]},{"@type":"WebSite","@id":"https:\/\/fireware.nl\/de\/#website","url":"https:\/\/fireware.nl\/de\/","name":"FireWare","description":"CREATING REALISTIC  TRAINING ENVIRONMENTS","publisher":{"@id":"https:\/\/fireware.nl\/de\/#organization"},"potentialAction":[{"@type":"SearchAction","target":{"@type":"EntryPoint","urlTemplate":"https:\/\/fireware.nl\/de\/?s={search_term_string}"},"query-input":{"@type":"PropertyValueSpecification","valueRequired":true,"valueName":"search_term_string"}}],"inLanguage":"de"},{"@type":"Organization","@id":"https:\/\/fireware.nl\/de\/#organization","name":"FireWare","url":"https:\/\/fireware.nl\/de\/","logo":{"@type":"ImageObject","inLanguage":"de","@id":"https:\/\/fireware.nl\/de\/#\/schema\/logo\/image\/","url":"https:\/\/fireware.nl\/wp-content\/uploads\/2018\/10\/FireWare-logo.jpg","contentUrl":"https:\/\/fireware.nl\/wp-content\/uploads\/2018\/10\/FireWare-logo.jpg","width":171,"height":70,"caption":"FireWare"},"image":{"@id":"https:\/\/fireware.nl\/de\/#\/schema\/logo\/image\/"},"sameAs":["https:\/\/www.facebook.com\/FireWareBV\/","https:\/\/x.com\/FireWarebv","https:\/\/www.instagram.com\/fireware_nl\/","https:\/\/www.linkedin.com\/company\/3586017\/","https:\/\/www.youtube.com\/user\/firesalesrentconsult"]}]}},"publishpress_future_workflow_manual_trigger":{"enabledWorkflows":[]},"_links":{"self":[{"href":"https:\/\/fireware.nl\/de\/wp-json\/wp\/v2\/product\/19072","targetHints":{"allow":["GET"]}}],"collection":[{"href":"https:\/\/fireware.nl\/de\/wp-json\/wp\/v2\/product"}],"about":[{"href":"https:\/\/fireware.nl\/de\/wp-json\/wp\/v2\/types\/product"}],"wp:featuredmedia":[{"embeddable":true,"href":"https:\/\/fireware.nl\/de\/wp-json\/wp\/v2\/media\/82494"}],"wp:attachment":[{"href":"https:\/\/fireware.nl\/de\/wp-json\/wp\/v2\/media?parent=19072"}],"wp:term":[{"taxonomy":"product_brand","embeddable":true,"href":"https:\/\/fireware.nl\/de\/wp-json\/wp\/v2\/product_brand?post=19072"},{"taxonomy":"product_cat","embeddable":true,"href":"https:\/\/fireware.nl\/de\/wp-json\/wp\/v2\/product_cat?post=19072"},{"taxonomy":"product_tag","embeddable":true,"href":"https:\/\/fireware.nl\/de\/wp-json\/wp\/v2\/product_tag?post=19072"}],"curies":[{"name":"wp","href":"https:\/\/api.w.org\/{rel}","templated":true}]}}