
{"id":19085,"date":"2024-11-26T12:19:40","date_gmt":"2024-11-26T12:19:40","guid":{"rendered":"http:\/\/fireware.sites.hyperhosting.co\/?post_type=product&#038;p=19085"},"modified":"2023-09-14T11:50:25","modified_gmt":"2023-09-14T11:50:25","slug":"nebula-ar-upgrade-set","status":"publish","type":"product","link":"https:\/\/fireware.nl\/de\/product\/nebula-ar-upgrade-set\/","title":{"rendered":"Nebula AR Upgrade Set V2"},"content":{"rendered":"<h2><strong>Machen Sie aus ihrem Miniset ein Maxiset<\/strong><\/h2>\n<p>Rauch simulieren an Orten, wo \u00dcbungsrauch nicht erw\u00fcnscht ist? Das ist mit der Bindemaske FireWare Nebula AR m\u00f6glich! Wenn Sie zuvor das Miniset bestellt haben, und es jetzt doch gern zu einem Maxiset erweitern m\u00f6chten, ist das Upgrade-Set der Nebula genau das, was Sie brauchen!<\/p>\n<p>Im Upgrade der Nebula sind 2 lose Brillen enthalten. Damit kann das Miniset erg\u00e4nzt werden. Im Miniset ist Platz verf\u00fcgbar f\u00fcr 2 lose Brillen. Mit der Nebula hat der Kursteilnehmer das Raucherlebnis und der Kursleiter freie Sicht f\u00fcr eine gute Wahrnehmung. So kann ein optimales Feedback gegeben werden. Es gibt sogar einen Zufallsmodus, bei dem die Maske ein unregelm\u00e4\u00dfiges Muster der Verrauchung simuliert, bei der mal mehr mal weniger gute Sicht herrscht.<\/p>\n<p>Die Maske kann direkt auf dem Gesicht, aber auch \u00fcber einer Atemmaske getragen werden. Die gesamte Elektronik ist sauber im Maskengeh\u00e4use verborgen: Keine losen Dr\u00e4hte oder lose K\u00e4stchen f\u00fcr den Sch\u00fcler. Das ist wirklich sicher! Und aufladen? Das k\u00f6nnen sie \u00fcber einen Mini-USB-Anschluss tun.<\/p>\n","protected":false},"excerpt":{"rendered":"<ul>\n<li>Rauch simulieren ohne Rauchmaschine.<\/li>\n<li>Elektronische Blindmaske mit 6 verschiedenen Rauchdichten und Zufallsmodus.<\/li>\n<li>Die Masken werden mit einer Funkfernbedienung angesteuert.<\/li>\n<\/ul>\n","protected":false},"featured_media":20846,"template":"","meta":[],"product_brand":[],"product_cat":[89],"product_tag":[],"class_list":{"0":"post-19085","1":"product","2":"type-product","3":"status-publish","4":"has-post-thumbnail","6":"product_cat-nebel-alternative","8":"first","9":"instock","10":"taxable","11":"shipping-taxable","12":"purchasable","13":"product-type-simple"},"yoast_head":"<!-- This site is optimized with the Yoast SEO plugin v27.5 - https:\/\/yoast.com\/product\/yoast-seo-wordpress\/ -->\n<title>Nebula AR Upgrade Set V2 - FireWare<\/title>\n<meta name=\"robots\" content=\"index, follow, max-snippet:-1, max-image-preview:large, max-video-preview:-1\" \/>\n<link rel=\"canonical\" href=\"https:\/\/fireware.nl\/de\/product\/nebula-ar-upgrade-set\/\" \/>\n<meta property=\"og:locale\" content=\"de_DE\" \/>\n<meta property=\"og:type\" content=\"article\" \/>\n<meta property=\"og:title\" content=\"Nebula AR Upgrade Set V2 - FireWare\" \/>\n<meta property=\"og:description\" content=\"Rauch simulieren ohne Rauchmaschine.  Elektronische Blindmaske mit 6 verschiedenen Rauchdichten und Zufallsmodus.  Die Masken werden mit einer Funkfernbedienung angesteuert.\" \/>\n<meta property=\"og:url\" content=\"https:\/\/fireware.nl\/de\/product\/nebula-ar-upgrade-set\/\" \/>\n<meta property=\"og:site_name\" content=\"FireWare\" \/>\n<meta property=\"article:publisher\" content=\"https:\/\/www.facebook.com\/FireWareBV\/\" \/>\n<meta property=\"og:image\" content=\"https:\/\/fireware.nl\/wp-content\/uploads\/2019\/01\/025-021-003-Nebula-Blindmasker-niet-transparant.jpg\" \/>\n\t<meta property=\"og:image:width\" content=\"600\" \/>\n\t<meta property=\"og:image:height\" content=\"600\" \/>\n\t<meta property=\"og:image:type\" content=\"image\/jpeg\" \/>\n<meta name=\"twitter:card\" content=\"summary_large_image\" \/>\n<meta name=\"twitter:site\" content=\"@FireWarebv\" \/>\n<meta name=\"twitter:label1\" content=\"Gesch\u00e4tzte Lesezeit\" \/>\n\t<meta name=\"twitter:data1\" content=\"1\u00a0Minute\" \/>\n<script type=\"application\/ld+json\" class=\"yoast-schema-graph\">{\"@context\":\"https:\\\/\\\/schema.org\",\"@graph\":[{\"@type\":\"WebPage\",\"@id\":\"https:\\\/\\\/fireware.nl\\\/de\\\/product\\\/nebula-ar-upgrade-set\\\/\",\"url\":\"https:\\\/\\\/fireware.nl\\\/de\\\/product\\\/nebula-ar-upgrade-set\\\/\",\"name\":\"Nebula AR Upgrade Set V2 - FireWare\",\"isPartOf\":{\"@id\":\"https:\\\/\\\/fireware.nl\\\/de\\\/#website\"},\"primaryImageOfPage\":{\"@id\":\"https:\\\/\\\/fireware.nl\\\/de\\\/product\\\/nebula-ar-upgrade-set\\\/#primaryimage\"},\"image\":{\"@id\":\"https:\\\/\\\/fireware.nl\\\/de\\\/product\\\/nebula-ar-upgrade-set\\\/#primaryimage\"},\"thumbnailUrl\":\"https:\\\/\\\/fireware.nl\\\/wp-content\\\/uploads\\\/2019\\\/01\\\/025-021-003-Nebula-Blindmasker-niet-transparant.jpg\",\"datePublished\":\"2024-11-26T12:19:40+00:00\",\"breadcrumb\":{\"@id\":\"https:\\\/\\\/fireware.nl\\\/de\\\/product\\\/nebula-ar-upgrade-set\\\/#breadcrumb\"},\"inLanguage\":\"de\",\"potentialAction\":[{\"@type\":\"ReadAction\",\"target\":[\"https:\\\/\\\/fireware.nl\\\/de\\\/product\\\/nebula-ar-upgrade-set\\\/\"]}]},{\"@type\":\"ImageObject\",\"inLanguage\":\"de\",\"@id\":\"https:\\\/\\\/fireware.nl\\\/de\\\/product\\\/nebula-ar-upgrade-set\\\/#primaryimage\",\"url\":\"https:\\\/\\\/fireware.nl\\\/wp-content\\\/uploads\\\/2019\\\/01\\\/025-021-003-Nebula-Blindmasker-niet-transparant.jpg\",\"contentUrl\":\"https:\\\/\\\/fireware.nl\\\/wp-content\\\/uploads\\\/2019\\\/01\\\/025-021-003-Nebula-Blindmasker-niet-transparant.jpg\",\"width\":600,\"height\":600,\"caption\":\"025-021-003 Nebula Blindmasker niet transparant\"},{\"@type\":\"BreadcrumbList\",\"@id\":\"https:\\\/\\\/fireware.nl\\\/de\\\/product\\\/nebula-ar-upgrade-set\\\/#breadcrumb\",\"itemListElement\":[{\"@type\":\"ListItem\",\"position\":1,\"name\":\"Home\",\"item\":\"https:\\\/\\\/fireware.nl\\\/de\\\/\"},{\"@type\":\"ListItem\",\"position\":2,\"name\":\"Produkte\",\"item\":\"https:\\\/\\\/fireware.nl\\\/de\\\/produkte\\\/\"},{\"@type\":\"ListItem\",\"position\":3,\"name\":\"Nebula AR Upgrade Set V2\"}]},{\"@type\":\"WebSite\",\"@id\":\"https:\\\/\\\/fireware.nl\\\/de\\\/#website\",\"url\":\"https:\\\/\\\/fireware.nl\\\/de\\\/\",\"name\":\"FireWare\",\"description\":\"CREATING REALISTIC  TRAINING ENVIRONMENTS\",\"publisher\":{\"@id\":\"https:\\\/\\\/fireware.nl\\\/de\\\/#organization\"},\"potentialAction\":[{\"@type\":\"SearchAction\",\"target\":{\"@type\":\"EntryPoint\",\"urlTemplate\":\"https:\\\/\\\/fireware.nl\\\/de\\\/?s={search_term_string}\"},\"query-input\":{\"@type\":\"PropertyValueSpecification\",\"valueRequired\":true,\"valueName\":\"search_term_string\"}}],\"inLanguage\":\"de\"},{\"@type\":\"Organization\",\"@id\":\"https:\\\/\\\/fireware.nl\\\/de\\\/#organization\",\"name\":\"FireWare\",\"url\":\"https:\\\/\\\/fireware.nl\\\/de\\\/\",\"logo\":{\"@type\":\"ImageObject\",\"inLanguage\":\"de\",\"@id\":\"https:\\\/\\\/fireware.nl\\\/de\\\/#\\\/schema\\\/logo\\\/image\\\/\",\"url\":\"https:\\\/\\\/fireware.nl\\\/wp-content\\\/uploads\\\/2018\\\/10\\\/FireWare-logo.jpg\",\"contentUrl\":\"https:\\\/\\\/fireware.nl\\\/wp-content\\\/uploads\\\/2018\\\/10\\\/FireWare-logo.jpg\",\"width\":171,\"height\":70,\"caption\":\"FireWare\"},\"image\":{\"@id\":\"https:\\\/\\\/fireware.nl\\\/de\\\/#\\\/schema\\\/logo\\\/image\\\/\"},\"sameAs\":[\"https:\\\/\\\/www.facebook.com\\\/FireWareBV\\\/\",\"https:\\\/\\\/x.com\\\/FireWarebv\",\"https:\\\/\\\/www.instagram.com\\\/fireware_nl\\\/\",\"https:\\\/\\\/www.linkedin.com\\\/company\\\/3586017\\\/\",\"https:\\\/\\\/www.youtube.com\\\/user\\\/firesalesrentconsult\"]}]}<\/script>\n<!-- \/ Yoast SEO plugin. -->","yoast_head_json":{"title":"Nebula AR Upgrade Set V2 - FireWare","robots":{"index":"index","follow":"follow","max-snippet":"max-snippet:-1","max-image-preview":"max-image-preview:large","max-video-preview":"max-video-preview:-1"},"canonical":"https:\/\/fireware.nl\/de\/product\/nebula-ar-upgrade-set\/","og_locale":"de_DE","og_type":"article","og_title":"Nebula AR Upgrade Set V2 - FireWare","og_description":"Rauch simulieren ohne Rauchmaschine.  Elektronische Blindmaske mit 6 verschiedenen Rauchdichten und Zufallsmodus.  Die Masken werden mit einer Funkfernbedienung angesteuert.","og_url":"https:\/\/fireware.nl\/de\/product\/nebula-ar-upgrade-set\/","og_site_name":"FireWare","article_publisher":"https:\/\/www.facebook.com\/FireWareBV\/","og_image":[{"width":600,"height":600,"url":"https:\/\/fireware.nl\/wp-content\/uploads\/2019\/01\/025-021-003-Nebula-Blindmasker-niet-transparant.jpg","type":"image\/jpeg"}],"twitter_card":"summary_large_image","twitter_site":"@FireWarebv","twitter_misc":{"Gesch\u00e4tzte Lesezeit":"1\u00a0Minute"},"schema":{"@context":"https:\/\/schema.org","@graph":[{"@type":"WebPage","@id":"https:\/\/fireware.nl\/de\/product\/nebula-ar-upgrade-set\/","url":"https:\/\/fireware.nl\/de\/product\/nebula-ar-upgrade-set\/","name":"Nebula AR Upgrade Set V2 - FireWare","isPartOf":{"@id":"https:\/\/fireware.nl\/de\/#website"},"primaryImageOfPage":{"@id":"https:\/\/fireware.nl\/de\/product\/nebula-ar-upgrade-set\/#primaryimage"},"image":{"@id":"https:\/\/fireware.nl\/de\/product\/nebula-ar-upgrade-set\/#primaryimage"},"thumbnailUrl":"https:\/\/fireware.nl\/wp-content\/uploads\/2019\/01\/025-021-003-Nebula-Blindmasker-niet-transparant.jpg","datePublished":"2024-11-26T12:19:40+00:00","breadcrumb":{"@id":"https:\/\/fireware.nl\/de\/product\/nebula-ar-upgrade-set\/#breadcrumb"},"inLanguage":"de","potentialAction":[{"@type":"ReadAction","target":["https:\/\/fireware.nl\/de\/product\/nebula-ar-upgrade-set\/"]}]},{"@type":"ImageObject","inLanguage":"de","@id":"https:\/\/fireware.nl\/de\/product\/nebula-ar-upgrade-set\/#primaryimage","url":"https:\/\/fireware.nl\/wp-content\/uploads\/2019\/01\/025-021-003-Nebula-Blindmasker-niet-transparant.jpg","contentUrl":"https:\/\/fireware.nl\/wp-content\/uploads\/2019\/01\/025-021-003-Nebula-Blindmasker-niet-transparant.jpg","width":600,"height":600,"caption":"025-021-003 Nebula Blindmasker niet transparant"},{"@type":"BreadcrumbList","@id":"https:\/\/fireware.nl\/de\/product\/nebula-ar-upgrade-set\/#breadcrumb","itemListElement":[{"@type":"ListItem","position":1,"name":"Home","item":"https:\/\/fireware.nl\/de\/"},{"@type":"ListItem","position":2,"name":"Produkte","item":"https:\/\/fireware.nl\/de\/produkte\/"},{"@type":"ListItem","position":3,"name":"Nebula AR Upgrade Set V2"}]},{"@type":"WebSite","@id":"https:\/\/fireware.nl\/de\/#website","url":"https:\/\/fireware.nl\/de\/","name":"FireWare","description":"CREATING REALISTIC  TRAINING ENVIRONMENTS","publisher":{"@id":"https:\/\/fireware.nl\/de\/#organization"},"potentialAction":[{"@type":"SearchAction","target":{"@type":"EntryPoint","urlTemplate":"https:\/\/fireware.nl\/de\/?s={search_term_string}"},"query-input":{"@type":"PropertyValueSpecification","valueRequired":true,"valueName":"search_term_string"}}],"inLanguage":"de"},{"@type":"Organization","@id":"https:\/\/fireware.nl\/de\/#organization","name":"FireWare","url":"https:\/\/fireware.nl\/de\/","logo":{"@type":"ImageObject","inLanguage":"de","@id":"https:\/\/fireware.nl\/de\/#\/schema\/logo\/image\/","url":"https:\/\/fireware.nl\/wp-content\/uploads\/2018\/10\/FireWare-logo.jpg","contentUrl":"https:\/\/fireware.nl\/wp-content\/uploads\/2018\/10\/FireWare-logo.jpg","width":171,"height":70,"caption":"FireWare"},"image":{"@id":"https:\/\/fireware.nl\/de\/#\/schema\/logo\/image\/"},"sameAs":["https:\/\/www.facebook.com\/FireWareBV\/","https:\/\/x.com\/FireWarebv","https:\/\/www.instagram.com\/fireware_nl\/","https:\/\/www.linkedin.com\/company\/3586017\/","https:\/\/www.youtube.com\/user\/firesalesrentconsult"]}]}},"publishpress_future_workflow_manual_trigger":{"enabledWorkflows":[]},"_links":{"self":[{"href":"https:\/\/fireware.nl\/de\/wp-json\/wp\/v2\/product\/19085","targetHints":{"allow":["GET"]}}],"collection":[{"href":"https:\/\/fireware.nl\/de\/wp-json\/wp\/v2\/product"}],"about":[{"href":"https:\/\/fireware.nl\/de\/wp-json\/wp\/v2\/types\/product"}],"wp:featuredmedia":[{"embeddable":true,"href":"https:\/\/fireware.nl\/de\/wp-json\/wp\/v2\/media\/20846"}],"wp:attachment":[{"href":"https:\/\/fireware.nl\/de\/wp-json\/wp\/v2\/media?parent=19085"}],"wp:term":[{"taxonomy":"product_brand","embeddable":true,"href":"https:\/\/fireware.nl\/de\/wp-json\/wp\/v2\/product_brand?post=19085"},{"taxonomy":"product_cat","embeddable":true,"href":"https:\/\/fireware.nl\/de\/wp-json\/wp\/v2\/product_cat?post=19085"},{"taxonomy":"product_tag","embeddable":true,"href":"https:\/\/fireware.nl\/de\/wp-json\/wp\/v2\/product_tag?post=19085"}],"curies":[{"name":"wp","href":"https:\/\/api.w.org\/{rel}","templated":true}]}}