
{"id":19135,"date":"2019-01-23T12:19:26","date_gmt":"2019-02-01T09:50:19","guid":{"rendered":"http:\/\/fireware.sites.hyperhosting.co\/?post_type=product&#038;p=19135"},"modified":"2025-03-06T11:16:11","modified_gmt":"2025-03-06T11:16:11","slug":"fireware-interactive-incident-trainer","status":"publish","type":"product","link":"https:\/\/fireware.nl\/de\/product\/fireware-interactive-incident-trainer\/","title":{"rendered":"FireWare Interactive Incident Trainer"},"content":{"rendered":"\r\n<h2>Einzigartige Trainingserfahrung in einer Szenariokabine<\/h2>\r\n<p>Den Kursteilnehmer steht jetzt ein wirklich einzigartiges Erlebnis bevor! In einer Szenario-Kabine werden sie Zeuge eines Unfalls&#8230; Daraufhin werden sie herausgefordert, in angemessener Weise zu reagieren. In der Szenario-Kabine wird mithilfe der Projektion, der Animation, der Gestaltung sowie mit Sound- und Lichteffekten eine realistische Trainingsumgebung geschaffen. Der Kursleiter kann mithilfe eines iPads oder eines Smartphones das Szenario ausw\u00e4hlen und auch beeinflussen. Somit steht jeder Kursteilnehmer vor seiner eigenen Herausforderung!<\/p>\r\n<p>Mit einem Knopfdruck wird das Opfer zum Beispiel angefahren oder ger\u00e4t mit seinen Fingern in eine Kreiss\u00e4ge. Nach der Meldung einen Krankenwagen kommen lassen? Auch das ist mit dem iPad ein Kinderspiel. Die Licht- und Soundeffekte werden automatisch auf das Szenario abgestimmt. Hierum braucht sich der Kursleiter nicht zu k\u00fcmmern.<\/p>\r\n<h2>Szenario im Handumdrehen<\/h2>\r\n<p>Jeder Kursteilnehmer durchl\u00e4uft einen kompletten Spannungsbogen: vom eigentlichen Unfall bis hin zur \u00dcbergabe des Opfers an das Personal des Krankenwagens, es kommen alle Phasen des Zwischenfalls vor. Durch die gro\u00dfe Anzahl der verschiedenen Szenarien erh\u00e4lt der Kursteilnehmer sein eigenes Trainingserlebnis. Nach Wahl kann mit einem LOTUS-Opfer oder mit einer Reanimationspuppe gearbeitet werden. Die in den Animationen eingesetzte Person ist \u00fcbrigens als die eingesetzte Reanimationspuppe erkennbar.<\/p>\r\n<p>Im Warteraum k\u00f6nnen die \u00fcbrigen Kursteilnehmer die Handlungen in den Szenario-Kabinen mittels eines \u2013 optionalen \u2013 Videosystems mitverfolgen. So k\u00f6nnen sie einander ein Feedback geben. Und der n\u00e4chste Kursteilnehmer, der hineingeht? Der hat wieder ein absolut neues Szenario!<\/p>\r\n<p>Die Trainingsumgebungen k\u00f6nnen einfach ver\u00e4ndert werden. In weniger als einer Sekunde. Wenn die Anlage mit dem Internet verbunden wird, werden neue Umgebungen und Szenarien zur Verf\u00fcgung gestellt, sobald sie verf\u00fcgbar sind. Und die Datenbank mit den Szenarien wird jedes Jahr gr\u00f6\u00dfer!<\/p>\r\n<p>Auch die Anzahl der Funktionalt\u00e4ten nimmt zu. Die Entwicklung f\u00fcr den interaktiven Erste-Hilfe-Raum steht nicht still. Zus\u00e4tzlich,\u00a0f\u00fcr die bestehenden Benutzer werden die neuen Funktionalit\u00e4ten nutzbar, sobald diese zur Verf\u00fcgung stehen.<\/p>\r\n<p>Dieses Set wird komplett geliefert, einschlie\u00dflich 3 Beamer, Projektionsbildschirme, einer Tragekonstruktion, Sound- und Lichtanlage, Ansteuerung und Montage.\u00a0<strong>Jedes Set ist in ihrer Installation anders. Nehmen Sie bitte\u00a0<a href=\"https:\/\/fireware.nl\/de\/contact\/\" target=\"_blank\" rel=\"noopener noreferrer\">Kontakt<\/a>\u00a0mit uns auf, damit wir Ihnen ein Angebot unterbreiten k\u00f6nnen oder um sich den interaktiven Erste-Hilfe-Raum in unserem Ausstellungsraum live anzusehen!<\/strong><\/p>\r\n<h2>Video<\/h2>\r\n<p><iframe loading=\"lazy\" src=\"https:\/\/player.vimeo.com\/video\/319690619\" width=\"640\" height=\"360\" frameborder=\"0\" allowfullscreen=\"allowfullscreen\"><\/iframe><\/p>\r\n","protected":false},"excerpt":{"rendered":"<ul>\n<li style=\"list-style-type: none;\">\n<ul>\n<li>Szenariokabine mit verschiedenen animierten Vorf\u00e4llen<\/li>\n<li>Realistische Trainingsumgebung durch Projektion, Animation, Dekor, Ton- und Lichteffekte<\/li>\n<li>Stellen Sie innerhalb einer Sekunde verschiedene Szenarien auf<\/li>\n<li>Der Kursleiter kann das Szenario \u00fcber ein iPad oder Smartphone aus der Ferne beeinflussen<\/li>\n<li>Auch f\u00fcr \u00dcbungen mit einem LOTUS-Opfer oder einer Wiederbelebungspuppe<\/li>\n<li>Bestehende Benutzer sind an neuen Entwicklungen beteiligt.<\/li>\n<li>Das Set besteht aus 3 Tr\u00e4gern, Projektionsschirmen, Tragstruktur, Ton- und Lichtinstallation, Steuerung und Montage<\/li>\n<li><strong>Anpassung als Richtlinie: <a href=\"https:\/\/fireware.nl\/de\/kontakt\/\" target=\"_blank\" rel=\"noopener\">Fordern Sie ein Angebot an oder vereinbaren Sie einen Showroom-Besuch<\/a>, um das FIIT live zu sehen.<\/strong><\/li>\n<\/ul>\n<\/li>\n<\/ul>\n","protected":false},"featured_media":38858,"template":"","meta":[],"product_brand":[],"product_cat":[2172],"product_tag":[],"class_list":{"0":"post-19135","1":"product","2":"type-product","3":"status-publish","4":"has-post-thumbnail","6":"product_cat-interaktive-trainingserfahrungen","8":"first","9":"instock","10":"taxable","11":"shipping-taxable","12":"product-type-simple"},"yoast_head":"<!-- This site is optimized with the Yoast SEO plugin v27.5 - https:\/\/yoast.com\/product\/yoast-seo-wordpress\/ -->\n<title>FireWare Interactive Incident Trainer - FireWare<\/title>\n<meta name=\"robots\" content=\"index, follow, max-snippet:-1, max-image-preview:large, max-video-preview:-1\" \/>\n<link rel=\"canonical\" href=\"https:\/\/fireware.nl\/de\/product\/fireware-interactive-incident-trainer\/\" \/>\n<meta property=\"og:locale\" content=\"de_DE\" \/>\n<meta property=\"og:type\" content=\"article\" \/>\n<meta property=\"og:title\" content=\"FireWare Interactive Incident Trainer - FireWare\" \/>\n<meta property=\"og:description\" content=\"Szenariokabine mit verschiedenen animierten Vorf\u00e4llen Realistische Trainingsumgebung durch Projektion, Animation, Dekor, Ton- und Lichteffekte Stellen Sie innerhalb einer Sekunde verschiedene Szenarien auf Der Kursleiter kann das Szenario \u00fcber ein iPad oder Smartphone aus der Ferne beeinflussen Auch f\u00fcr \u00dcbungen mit einem LOTUS-Opfer oder einer Wiederbelebungspuppe Bestehende Benutzer sind an neuen Entwicklungen beteiligt. Das Set besteht aus 3 Tr\u00e4gern, Projektionsschirmen, Tragstruktur, Ton- und Lichtinstallation, Steuerung und Montage Anpassung als Richtlinie: Fordern Sie ein Angebot an oder vereinbaren Sie einen Showroom-Besuch, um das FIIT live zu sehen.\" \/>\n<meta property=\"og:url\" content=\"https:\/\/fireware.nl\/de\/product\/fireware-interactive-incident-trainer\/\" \/>\n<meta property=\"og:site_name\" content=\"FireWare\" \/>\n<meta property=\"article:publisher\" content=\"https:\/\/www.facebook.com\/FireWareBV\/\" \/>\n<meta property=\"article:modified_time\" content=\"2025-03-06T11:16:11+00:00\" \/>\n<meta property=\"og:image\" content=\"https:\/\/fireware.nl\/wp-content\/uploads\/2019\/01\/010-012-001-FireWare-Interactive-Incident-Trainer.jpg\" \/>\n\t<meta property=\"og:image:width\" content=\"600\" \/>\n\t<meta property=\"og:image:height\" content=\"600\" \/>\n\t<meta property=\"og:image:type\" content=\"image\/jpeg\" \/>\n<meta name=\"twitter:card\" content=\"summary_large_image\" \/>\n<meta name=\"twitter:site\" content=\"@FireWarebv\" \/>\n<meta name=\"twitter:label1\" content=\"Gesch\u00e4tzte Lesezeit\" \/>\n\t<meta name=\"twitter:data1\" content=\"2\u00a0Minuten\" \/>\n<script type=\"application\/ld+json\" class=\"yoast-schema-graph\">{\"@context\":\"https:\\\/\\\/schema.org\",\"@graph\":[{\"@type\":\"WebPage\",\"@id\":\"https:\\\/\\\/fireware.nl\\\/de\\\/product\\\/fireware-interactive-incident-trainer\\\/\",\"url\":\"https:\\\/\\\/fireware.nl\\\/de\\\/product\\\/fireware-interactive-incident-trainer\\\/\",\"name\":\"FireWare Interactive Incident Trainer - FireWare\",\"isPartOf\":{\"@id\":\"https:\\\/\\\/fireware.nl\\\/de\\\/#website\"},\"primaryImageOfPage\":{\"@id\":\"https:\\\/\\\/fireware.nl\\\/de\\\/product\\\/fireware-interactive-incident-trainer\\\/#primaryimage\"},\"image\":{\"@id\":\"https:\\\/\\\/fireware.nl\\\/de\\\/product\\\/fireware-interactive-incident-trainer\\\/#primaryimage\"},\"thumbnailUrl\":\"https:\\\/\\\/fireware.nl\\\/wp-content\\\/uploads\\\/2019\\\/01\\\/010-012-001-FireWare-Interactive-Incident-Trainer.jpg\",\"datePublished\":\"2019-02-01T09:50:19+00:00\",\"dateModified\":\"2025-03-06T11:16:11+00:00\",\"breadcrumb\":{\"@id\":\"https:\\\/\\\/fireware.nl\\\/de\\\/product\\\/fireware-interactive-incident-trainer\\\/#breadcrumb\"},\"inLanguage\":\"de\",\"potentialAction\":[{\"@type\":\"ReadAction\",\"target\":[\"https:\\\/\\\/fireware.nl\\\/de\\\/product\\\/fireware-interactive-incident-trainer\\\/\"]}]},{\"@type\":\"ImageObject\",\"inLanguage\":\"de\",\"@id\":\"https:\\\/\\\/fireware.nl\\\/de\\\/product\\\/fireware-interactive-incident-trainer\\\/#primaryimage\",\"url\":\"https:\\\/\\\/fireware.nl\\\/wp-content\\\/uploads\\\/2019\\\/01\\\/010-012-001-FireWare-Interactive-Incident-Trainer.jpg\",\"contentUrl\":\"https:\\\/\\\/fireware.nl\\\/wp-content\\\/uploads\\\/2019\\\/01\\\/010-012-001-FireWare-Interactive-Incident-Trainer.jpg\",\"width\":600,\"height\":600},{\"@type\":\"BreadcrumbList\",\"@id\":\"https:\\\/\\\/fireware.nl\\\/de\\\/product\\\/fireware-interactive-incident-trainer\\\/#breadcrumb\",\"itemListElement\":[{\"@type\":\"ListItem\",\"position\":1,\"name\":\"Home\",\"item\":\"https:\\\/\\\/fireware.nl\\\/de\\\/\"},{\"@type\":\"ListItem\",\"position\":2,\"name\":\"Produkte\",\"item\":\"https:\\\/\\\/fireware.nl\\\/de\\\/produkte\\\/\"},{\"@type\":\"ListItem\",\"position\":3,\"name\":\"FireWare Interactive Incident Trainer\"}]},{\"@type\":\"WebSite\",\"@id\":\"https:\\\/\\\/fireware.nl\\\/de\\\/#website\",\"url\":\"https:\\\/\\\/fireware.nl\\\/de\\\/\",\"name\":\"FireWare\",\"description\":\"CREATING REALISTIC  TRAINING ENVIRONMENTS\",\"publisher\":{\"@id\":\"https:\\\/\\\/fireware.nl\\\/de\\\/#organization\"},\"potentialAction\":[{\"@type\":\"SearchAction\",\"target\":{\"@type\":\"EntryPoint\",\"urlTemplate\":\"https:\\\/\\\/fireware.nl\\\/de\\\/?s={search_term_string}\"},\"query-input\":{\"@type\":\"PropertyValueSpecification\",\"valueRequired\":true,\"valueName\":\"search_term_string\"}}],\"inLanguage\":\"de\"},{\"@type\":\"Organization\",\"@id\":\"https:\\\/\\\/fireware.nl\\\/de\\\/#organization\",\"name\":\"FireWare\",\"url\":\"https:\\\/\\\/fireware.nl\\\/de\\\/\",\"logo\":{\"@type\":\"ImageObject\",\"inLanguage\":\"de\",\"@id\":\"https:\\\/\\\/fireware.nl\\\/de\\\/#\\\/schema\\\/logo\\\/image\\\/\",\"url\":\"https:\\\/\\\/fireware.nl\\\/wp-content\\\/uploads\\\/2018\\\/10\\\/FireWare-logo.jpg\",\"contentUrl\":\"https:\\\/\\\/fireware.nl\\\/wp-content\\\/uploads\\\/2018\\\/10\\\/FireWare-logo.jpg\",\"width\":171,\"height\":70,\"caption\":\"FireWare\"},\"image\":{\"@id\":\"https:\\\/\\\/fireware.nl\\\/de\\\/#\\\/schema\\\/logo\\\/image\\\/\"},\"sameAs\":[\"https:\\\/\\\/www.facebook.com\\\/FireWareBV\\\/\",\"https:\\\/\\\/x.com\\\/FireWarebv\",\"https:\\\/\\\/www.instagram.com\\\/fireware_nl\\\/\",\"https:\\\/\\\/www.linkedin.com\\\/company\\\/3586017\\\/\",\"https:\\\/\\\/www.youtube.com\\\/user\\\/firesalesrentconsult\"]}]}<\/script>\n<!-- \/ Yoast SEO plugin. -->","yoast_head_json":{"title":"FireWare Interactive Incident Trainer - FireWare","robots":{"index":"index","follow":"follow","max-snippet":"max-snippet:-1","max-image-preview":"max-image-preview:large","max-video-preview":"max-video-preview:-1"},"canonical":"https:\/\/fireware.nl\/de\/product\/fireware-interactive-incident-trainer\/","og_locale":"de_DE","og_type":"article","og_title":"FireWare Interactive Incident Trainer - FireWare","og_description":"Szenariokabine mit verschiedenen animierten Vorf\u00e4llen Realistische Trainingsumgebung durch Projektion, Animation, Dekor, Ton- und Lichteffekte Stellen Sie innerhalb einer Sekunde verschiedene Szenarien auf Der Kursleiter kann das Szenario \u00fcber ein iPad oder Smartphone aus der Ferne beeinflussen Auch f\u00fcr \u00dcbungen mit einem LOTUS-Opfer oder einer Wiederbelebungspuppe Bestehende Benutzer sind an neuen Entwicklungen beteiligt. Das Set besteht aus 3 Tr\u00e4gern, Projektionsschirmen, Tragstruktur, Ton- und Lichtinstallation, Steuerung und Montage Anpassung als Richtlinie: Fordern Sie ein Angebot an oder vereinbaren Sie einen Showroom-Besuch, um das FIIT live zu sehen.","og_url":"https:\/\/fireware.nl\/de\/product\/fireware-interactive-incident-trainer\/","og_site_name":"FireWare","article_publisher":"https:\/\/www.facebook.com\/FireWareBV\/","article_modified_time":"2025-03-06T11:16:11+00:00","og_image":[{"width":600,"height":600,"url":"https:\/\/fireware.nl\/wp-content\/uploads\/2019\/01\/010-012-001-FireWare-Interactive-Incident-Trainer.jpg","type":"image\/jpeg"}],"twitter_card":"summary_large_image","twitter_site":"@FireWarebv","twitter_misc":{"Gesch\u00e4tzte Lesezeit":"2\u00a0Minuten"},"schema":{"@context":"https:\/\/schema.org","@graph":[{"@type":"WebPage","@id":"https:\/\/fireware.nl\/de\/product\/fireware-interactive-incident-trainer\/","url":"https:\/\/fireware.nl\/de\/product\/fireware-interactive-incident-trainer\/","name":"FireWare Interactive Incident Trainer - FireWare","isPartOf":{"@id":"https:\/\/fireware.nl\/de\/#website"},"primaryImageOfPage":{"@id":"https:\/\/fireware.nl\/de\/product\/fireware-interactive-incident-trainer\/#primaryimage"},"image":{"@id":"https:\/\/fireware.nl\/de\/product\/fireware-interactive-incident-trainer\/#primaryimage"},"thumbnailUrl":"https:\/\/fireware.nl\/wp-content\/uploads\/2019\/01\/010-012-001-FireWare-Interactive-Incident-Trainer.jpg","datePublished":"2019-02-01T09:50:19+00:00","dateModified":"2025-03-06T11:16:11+00:00","breadcrumb":{"@id":"https:\/\/fireware.nl\/de\/product\/fireware-interactive-incident-trainer\/#breadcrumb"},"inLanguage":"de","potentialAction":[{"@type":"ReadAction","target":["https:\/\/fireware.nl\/de\/product\/fireware-interactive-incident-trainer\/"]}]},{"@type":"ImageObject","inLanguage":"de","@id":"https:\/\/fireware.nl\/de\/product\/fireware-interactive-incident-trainer\/#primaryimage","url":"https:\/\/fireware.nl\/wp-content\/uploads\/2019\/01\/010-012-001-FireWare-Interactive-Incident-Trainer.jpg","contentUrl":"https:\/\/fireware.nl\/wp-content\/uploads\/2019\/01\/010-012-001-FireWare-Interactive-Incident-Trainer.jpg","width":600,"height":600},{"@type":"BreadcrumbList","@id":"https:\/\/fireware.nl\/de\/product\/fireware-interactive-incident-trainer\/#breadcrumb","itemListElement":[{"@type":"ListItem","position":1,"name":"Home","item":"https:\/\/fireware.nl\/de\/"},{"@type":"ListItem","position":2,"name":"Produkte","item":"https:\/\/fireware.nl\/de\/produkte\/"},{"@type":"ListItem","position":3,"name":"FireWare Interactive Incident Trainer"}]},{"@type":"WebSite","@id":"https:\/\/fireware.nl\/de\/#website","url":"https:\/\/fireware.nl\/de\/","name":"FireWare","description":"CREATING REALISTIC  TRAINING ENVIRONMENTS","publisher":{"@id":"https:\/\/fireware.nl\/de\/#organization"},"potentialAction":[{"@type":"SearchAction","target":{"@type":"EntryPoint","urlTemplate":"https:\/\/fireware.nl\/de\/?s={search_term_string}"},"query-input":{"@type":"PropertyValueSpecification","valueRequired":true,"valueName":"search_term_string"}}],"inLanguage":"de"},{"@type":"Organization","@id":"https:\/\/fireware.nl\/de\/#organization","name":"FireWare","url":"https:\/\/fireware.nl\/de\/","logo":{"@type":"ImageObject","inLanguage":"de","@id":"https:\/\/fireware.nl\/de\/#\/schema\/logo\/image\/","url":"https:\/\/fireware.nl\/wp-content\/uploads\/2018\/10\/FireWare-logo.jpg","contentUrl":"https:\/\/fireware.nl\/wp-content\/uploads\/2018\/10\/FireWare-logo.jpg","width":171,"height":70,"caption":"FireWare"},"image":{"@id":"https:\/\/fireware.nl\/de\/#\/schema\/logo\/image\/"},"sameAs":["https:\/\/www.facebook.com\/FireWareBV\/","https:\/\/x.com\/FireWarebv","https:\/\/www.instagram.com\/fireware_nl\/","https:\/\/www.linkedin.com\/company\/3586017\/","https:\/\/www.youtube.com\/user\/firesalesrentconsult"]}]}},"publishpress_future_workflow_manual_trigger":{"enabledWorkflows":[]},"_links":{"self":[{"href":"https:\/\/fireware.nl\/de\/wp-json\/wp\/v2\/product\/19135","targetHints":{"allow":["GET"]}}],"collection":[{"href":"https:\/\/fireware.nl\/de\/wp-json\/wp\/v2\/product"}],"about":[{"href":"https:\/\/fireware.nl\/de\/wp-json\/wp\/v2\/types\/product"}],"wp:featuredmedia":[{"embeddable":true,"href":"https:\/\/fireware.nl\/de\/wp-json\/wp\/v2\/media\/38858"}],"wp:attachment":[{"href":"https:\/\/fireware.nl\/de\/wp-json\/wp\/v2\/media?parent=19135"}],"wp:term":[{"taxonomy":"product_brand","embeddable":true,"href":"https:\/\/fireware.nl\/de\/wp-json\/wp\/v2\/product_brand?post=19135"},{"taxonomy":"product_cat","embeddable":true,"href":"https:\/\/fireware.nl\/de\/wp-json\/wp\/v2\/product_cat?post=19135"},{"taxonomy":"product_tag","embeddable":true,"href":"https:\/\/fireware.nl\/de\/wp-json\/wp\/v2\/product_tag?post=19135"}],"curies":[{"name":"wp","href":"https:\/\/api.w.org\/{rel}","templated":true}]}}