
{"id":19141,"date":"2021-11-10T12:15:38","date_gmt":"2021-11-10T12:15:38","guid":{"rendered":"http:\/\/fireware.sites.hyperhosting.co\/?post_type=product&#038;p=19141"},"modified":"2025-01-20T09:16:34","modified_gmt":"2025-01-20T09:16:34","slug":"ausbildung-set-brandherd","status":"publish","type":"product","link":"https:\/\/fireware.nl\/de\/product\/ausbildung-set-brandherd\/","title":{"rendered":"Ausbildungsset Brandherd V4"},"content":{"rendered":"\r\n<h2>Ein komplettes Set zur einfachen Simulation eines Brandes<\/h2>\r\n<p>Alles, was Sie f\u00fcr die schnelle Inszenierung eines kompletten Brandes brauchen, passt in eine Kiste: das Brandherd-\u00dcbungsset. Mit diesem Komplettset k\u00f6nnen Sie ganz einfach selbst einen Brand simulieren. Dieses Set ist seit Jahren der Standard f\u00fcr viele Feuerwehren und Ausbilder von Werkschutzkr\u00e4ften in den Niederlanden.<\/p>\r\n<h2>Brandherd simulieren<\/h2>\r\n<p>Bei der Entwicklung des Sets wurden alle Aspekte eines Brandes ber\u00fccksichtigt. Somit werden alle Sinneswahrnehmungen angesprochen, n\u00e4mlich Sehen, H\u00f6ren und Riechen. Das Flammenbild simulieren Sie mit der <a href=\"https:\/\/fireware.nl\/de\/product\/mini-silkflame\/\" target=\"_blank\" rel=\"noopener\">Mini Silkflame<\/a> und einem <a href=\"https:\/\/fireware.nl\/de\/product\/firespot\/\" target=\"_blank\" rel=\"noopener\">FireSpot<\/a>. Mit der <a href=\"https:\/\/fireware.nl\/de\/product\/nimbo\/\" target=\"_blank\" rel=\"noopener\">FireWare Nimbo Rauchmaschine<\/a> machen Sie dieses Flammenbild komplett und noch realistischer. Die Rauchmaschine wird mit einer <a href=\"https:\/\/fireware.nl\/de\/produkt\/drahtlose-fernbedienung-fuer-nimbo\/\" target=\"_blank\" rel=\"noopener\">drahtlosen Fernbedienung<\/a> mit einer Reichweite von bis zu 50 Metern geliefert. Die SoundBox V3 wurde mit 45 speziellen Sounds zur Inszenierung hinzugef\u00fcgt. Damit k\u00f6nnen Sie unter anderem das Knistern des Feuers h\u00f6ren oder jemanden um Hilfe rufen lassen.<\/p>\r\n<p>Sie k\u00f6nnen auch die Nase kitzeln und das Szenario lebensecht gestalten. Verwenden Sie dazu die Spr\u00fchdose mit dem <a href=\"https:\/\/fireware.nl\/de\/product\/burning-smell-spray\/\" target=\"_blank\" rel=\"noopener\">Burning Smell Spray<\/a>. Und schlie\u00dflich enth\u00e4lt die Box einen praktischen <a href=\"https:\/\/fireware.nl\/de\/produkt\/schuko-verteilerblock-2x2\/\" target=\"_blank\" rel=\"noopener\">Verteilerblock<\/a> f\u00fcr den Anschluss an das Stromnetz. Dar\u00fcber hinaus gibt es eine <a href=\"https:\/\/fireware.nl\/de\/produkt\/stecker-an-aus-fernbedienung\/\" target=\"_blank\" rel=\"noopener\">Plug-On\/Off-Fernbedienung<\/a>, um die Flammeneffekte drahtlos zu steuern. Dieses Click-On\/Click-Off macht die \u00dcbung noch dynamischer.<\/p>\r\n<p>Die SoundBox V3 ist in dieser neu zusammengestellten Version des Sets enthalten. Dieser leistungsstarke Audioplayer kann in ein WLAN-Netzwerk eingebunden werden. Mit der App k\u00f6nnen dann mehrere SoundBoxes V3 gleichzeitig gesteuert werden. Der Hilferuf kommt beispielsweise aus einer anderen Richtung als das Ger\u00e4usch des Brandherds. Das ist schon sehr realistisch!<\/p>\r\n<p>Au\u00dferdem ist der FireSpot mit einem kompakten Edelstahl-Bodenst\u00e4nder ausgestattet. So wird die Inszenierung noch schneller und einfacher.<\/p>\r\n<p>Das \u00dcbungsset Brandherd ist ideal f\u00fcr eine Evakuierungs\u00fcbung f\u00fcr den Werkschutz in einem Unternehmen. Aber beispielsweise auch f\u00fcr die Inszenierung einer \u00dcbung in einer Werkstatt. Dies erfordert den Einsatz einer Tankwagenspritze. Das Set wird haupts\u00e4chlich von Feuerwehrleuten zum Organisieren von \u00dcbungen verwendet. Aber auch Feuerwehrlehrer nutzen das Set f\u00fcr die Ausbildung. Sie k\u00f6nnen dem Kurs auch Drag-Puppen bei der \u00dcbung einsetzen oder st\u00e4rkere Rauchmaschinen ansteuern.<\/p>\r\n<p>Sie m\u00f6chten eine komplette L\u00f6sch\u00fcbung mit simuliertem Feuer durchf\u00fchren k\u00f6nnen? Dann werfen Sie auch einen Blick auf das <a href=\"https:\/\/fireware.nl\/de\/product\/ausbildungsset-loschtraining\/\" target=\"_blank\" rel=\"noopener\">Apollo LED-L\u00f6sch\u00fcbungsset<\/a>.<\/p>\r\n<h2>Wollen Sie mit dem \u00dcbungsset Brandherd \u00fcben?<\/h2>\r\n<p>Dieses Set enth\u00e4lt alles, was Sie brauchen, um einen kompletten Brand zu inszenieren. Die Box ist aus Kunststoff und hat einen Deckel. Im Inneren befindet sich eine Schaumstoffauskleidung. Die Aussparungen sind exakt auf die Dinge zugeschnitten, die in sie geh\u00f6ren.<\/p>\r\n<p><iframe loading=\"lazy\" src=\"https:\/\/www.youtube.com\/embed\/XXH5HfhZLpE?rel=0&amp;hl=eng&amp;cc_lang_pref=eng&amp;cc_load_policy=1\" width=\"560\" height=\"315\" frameborder=\"0\" allowfullscreen=\"allowfullscreen\"><\/iframe><\/p>\r\n","protected":false},"excerpt":{"rendered":"<ul>\n<li>Jetzt noch besser und schneller in der Anwendung<\/li>\n<li>Alles in einer Kiste, f\u00fcr die Inszenierung eines kleinen Brandes.<\/li>\n<li>Enth\u00e4lt ein FireWare Mini-Silkflame LED, FireSpot, eine Fernbedienung Klick An\/Aus, einen FireWare Nimbo Nebelger\u00e4t mit drahtlose fernbedienung, eine SoundBox V3 Sound-Player, eine Dose FireWare Burning Smell Spray und einen Schuko Verteilerblock.<\/li>\n<li>Kunststoff-Kiste (60 x 40 x 32,5 cm) mit Deckel und Schaumf\u00fcllung nach Ma\u00df.<\/li>\n<li>Kein Nebelfluid im Lieferumfang.<\/li>\n<\/ul>\n","protected":false},"featured_media":74292,"template":"","meta":[],"product_brand":[],"product_cat":[93,216,3686],"product_tag":[],"class_list":{"0":"post-19141","1":"product","2":"type-product","3":"status-publish","4":"has-post-thumbnail","6":"product_cat-demo-produkte","7":"product_cat-simuliertes-feuer","8":"product_cat-uebungssaetze","9":"pa_taal-deutsch","10":"pa_taal-englisch","11":"pa_taal-franzosisch","12":"pa_taal-italienisch","13":"pa_taal-niederlandisch","14":"pa_taal-spanisch","16":"first","17":"instock","18":"taxable","19":"shipping-taxable","20":"purchasable","21":"product-type-variable"},"yoast_head":"<!-- This site is optimized with the Yoast SEO plugin v27.5 - https:\/\/yoast.com\/product\/yoast-seo-wordpress\/ -->\n<title>Ausbildungsset Brandherd V4 - FireWare<\/title>\n<meta name=\"robots\" content=\"index, follow, max-snippet:-1, max-image-preview:large, max-video-preview:-1\" \/>\n<link rel=\"canonical\" href=\"https:\/\/fireware.nl\/de\/product\/ausbildung-set-brandherd\/\" \/>\n<meta property=\"og:locale\" content=\"de_DE\" \/>\n<meta property=\"og:type\" content=\"article\" \/>\n<meta property=\"og:title\" content=\"Ausbildungsset Brandherd V4 - FireWare\" \/>\n<meta property=\"og:description\" content=\"Jetzt noch besser und schneller in der Anwendung Alles in einer Kiste, f\u00fcr die Inszenierung eines kleinen Brandes. Enth\u00e4lt ein FireWare Mini-Silkflame LED, FireSpot, eine Fernbedienung Klick An\/Aus, einen FireWare Nimbo Nebelger\u00e4t mit drahtlose fernbedienung, eine SoundBox V3 Sound-Player, eine Dose FireWare Burning Smell Spray und einen Schuko Verteilerblock. Kunststoff-Kiste (60 x 40 x 32,5 cm) mit Deckel und Schaumf\u00fcllung nach Ma\u00df. Kein Nebelfluid im Lieferumfang.\" \/>\n<meta property=\"og:url\" content=\"https:\/\/fireware.nl\/de\/product\/ausbildung-set-brandherd\/\" \/>\n<meta property=\"og:site_name\" content=\"FireWare\" \/>\n<meta property=\"article:publisher\" content=\"https:\/\/www.facebook.com\/FireWareBV\/\" \/>\n<meta property=\"article:modified_time\" content=\"2025-01-20T09:16:34+00:00\" \/>\n<meta property=\"og:image\" content=\"https:\/\/fireware.nl\/wp-content\/uploads\/2021\/11\/040-030-032-Oefenset-Brandhaard-V4.jpg\" \/>\n\t<meta property=\"og:image:width\" content=\"600\" \/>\n\t<meta property=\"og:image:height\" content=\"600\" \/>\n\t<meta property=\"og:image:type\" content=\"image\/jpeg\" \/>\n<meta name=\"twitter:card\" content=\"summary_large_image\" \/>\n<meta name=\"twitter:site\" content=\"@FireWarebv\" \/>\n<meta name=\"twitter:label1\" content=\"Gesch\u00e4tzte Lesezeit\" \/>\n\t<meta name=\"twitter:data1\" content=\"2\u00a0Minuten\" \/>\n<script type=\"application\/ld+json\" class=\"yoast-schema-graph\">{\"@context\":\"https:\\\/\\\/schema.org\",\"@graph\":[{\"@type\":\"WebPage\",\"@id\":\"https:\\\/\\\/fireware.nl\\\/de\\\/product\\\/ausbildung-set-brandherd\\\/\",\"url\":\"https:\\\/\\\/fireware.nl\\\/de\\\/product\\\/ausbildung-set-brandherd\\\/\",\"name\":\"Ausbildungsset Brandherd V4 - FireWare\",\"isPartOf\":{\"@id\":\"https:\\\/\\\/fireware.nl\\\/de\\\/#website\"},\"primaryImageOfPage\":{\"@id\":\"https:\\\/\\\/fireware.nl\\\/de\\\/product\\\/ausbildung-set-brandherd\\\/#primaryimage\"},\"image\":{\"@id\":\"https:\\\/\\\/fireware.nl\\\/de\\\/product\\\/ausbildung-set-brandherd\\\/#primaryimage\"},\"thumbnailUrl\":\"https:\\\/\\\/fireware.nl\\\/wp-content\\\/uploads\\\/2021\\\/11\\\/040-030-032-Oefenset-Brandhaard-V4.jpg\",\"datePublished\":\"2021-11-10T12:15:38+00:00\",\"dateModified\":\"2025-01-20T09:16:34+00:00\",\"breadcrumb\":{\"@id\":\"https:\\\/\\\/fireware.nl\\\/de\\\/product\\\/ausbildung-set-brandherd\\\/#breadcrumb\"},\"inLanguage\":\"de\",\"potentialAction\":[{\"@type\":\"ReadAction\",\"target\":[\"https:\\\/\\\/fireware.nl\\\/de\\\/product\\\/ausbildung-set-brandherd\\\/\"]}]},{\"@type\":\"ImageObject\",\"inLanguage\":\"de\",\"@id\":\"https:\\\/\\\/fireware.nl\\\/de\\\/product\\\/ausbildung-set-brandherd\\\/#primaryimage\",\"url\":\"https:\\\/\\\/fireware.nl\\\/wp-content\\\/uploads\\\/2021\\\/11\\\/040-030-032-Oefenset-Brandhaard-V4.jpg\",\"contentUrl\":\"https:\\\/\\\/fireware.nl\\\/wp-content\\\/uploads\\\/2021\\\/11\\\/040-030-032-Oefenset-Brandhaard-V4.jpg\",\"width\":600,\"height\":600},{\"@type\":\"BreadcrumbList\",\"@id\":\"https:\\\/\\\/fireware.nl\\\/de\\\/product\\\/ausbildung-set-brandherd\\\/#breadcrumb\",\"itemListElement\":[{\"@type\":\"ListItem\",\"position\":1,\"name\":\"Home\",\"item\":\"https:\\\/\\\/fireware.nl\\\/de\\\/\"},{\"@type\":\"ListItem\",\"position\":2,\"name\":\"Produkte\",\"item\":\"https:\\\/\\\/fireware.nl\\\/de\\\/produkte\\\/\"},{\"@type\":\"ListItem\",\"position\":3,\"name\":\"Ausbildungsset Brandherd V4\"}]},{\"@type\":\"WebSite\",\"@id\":\"https:\\\/\\\/fireware.nl\\\/de\\\/#website\",\"url\":\"https:\\\/\\\/fireware.nl\\\/de\\\/\",\"name\":\"FireWare\",\"description\":\"CREATING REALISTIC  TRAINING ENVIRONMENTS\",\"publisher\":{\"@id\":\"https:\\\/\\\/fireware.nl\\\/de\\\/#organization\"},\"potentialAction\":[{\"@type\":\"SearchAction\",\"target\":{\"@type\":\"EntryPoint\",\"urlTemplate\":\"https:\\\/\\\/fireware.nl\\\/de\\\/?s={search_term_string}\"},\"query-input\":{\"@type\":\"PropertyValueSpecification\",\"valueRequired\":true,\"valueName\":\"search_term_string\"}}],\"inLanguage\":\"de\"},{\"@type\":\"Organization\",\"@id\":\"https:\\\/\\\/fireware.nl\\\/de\\\/#organization\",\"name\":\"FireWare\",\"url\":\"https:\\\/\\\/fireware.nl\\\/de\\\/\",\"logo\":{\"@type\":\"ImageObject\",\"inLanguage\":\"de\",\"@id\":\"https:\\\/\\\/fireware.nl\\\/de\\\/#\\\/schema\\\/logo\\\/image\\\/\",\"url\":\"https:\\\/\\\/fireware.nl\\\/wp-content\\\/uploads\\\/2018\\\/10\\\/FireWare-logo.jpg\",\"contentUrl\":\"https:\\\/\\\/fireware.nl\\\/wp-content\\\/uploads\\\/2018\\\/10\\\/FireWare-logo.jpg\",\"width\":171,\"height\":70,\"caption\":\"FireWare\"},\"image\":{\"@id\":\"https:\\\/\\\/fireware.nl\\\/de\\\/#\\\/schema\\\/logo\\\/image\\\/\"},\"sameAs\":[\"https:\\\/\\\/www.facebook.com\\\/FireWareBV\\\/\",\"https:\\\/\\\/x.com\\\/FireWarebv\",\"https:\\\/\\\/www.instagram.com\\\/fireware_nl\\\/\",\"https:\\\/\\\/www.linkedin.com\\\/company\\\/3586017\\\/\",\"https:\\\/\\\/www.youtube.com\\\/user\\\/firesalesrentconsult\"]}]}<\/script>\n<!-- \/ Yoast SEO plugin. -->","yoast_head_json":{"title":"Ausbildungsset Brandherd V4 - FireWare","robots":{"index":"index","follow":"follow","max-snippet":"max-snippet:-1","max-image-preview":"max-image-preview:large","max-video-preview":"max-video-preview:-1"},"canonical":"https:\/\/fireware.nl\/de\/product\/ausbildung-set-brandherd\/","og_locale":"de_DE","og_type":"article","og_title":"Ausbildungsset Brandherd V4 - FireWare","og_description":"Jetzt noch besser und schneller in der Anwendung Alles in einer Kiste, f\u00fcr die Inszenierung eines kleinen Brandes. Enth\u00e4lt ein FireWare Mini-Silkflame LED, FireSpot, eine Fernbedienung Klick An\/Aus, einen FireWare Nimbo Nebelger\u00e4t mit drahtlose fernbedienung, eine SoundBox V3 Sound-Player, eine Dose FireWare Burning Smell Spray und einen Schuko Verteilerblock. Kunststoff-Kiste (60 x 40 x 32,5 cm) mit Deckel und Schaumf\u00fcllung nach Ma\u00df. Kein Nebelfluid im Lieferumfang.","og_url":"https:\/\/fireware.nl\/de\/product\/ausbildung-set-brandherd\/","og_site_name":"FireWare","article_publisher":"https:\/\/www.facebook.com\/FireWareBV\/","article_modified_time":"2025-01-20T09:16:34+00:00","og_image":[{"width":600,"height":600,"url":"https:\/\/fireware.nl\/wp-content\/uploads\/2021\/11\/040-030-032-Oefenset-Brandhaard-V4.jpg","type":"image\/jpeg"}],"twitter_card":"summary_large_image","twitter_site":"@FireWarebv","twitter_misc":{"Gesch\u00e4tzte Lesezeit":"2\u00a0Minuten"},"schema":{"@context":"https:\/\/schema.org","@graph":[{"@type":"WebPage","@id":"https:\/\/fireware.nl\/de\/product\/ausbildung-set-brandherd\/","url":"https:\/\/fireware.nl\/de\/product\/ausbildung-set-brandherd\/","name":"Ausbildungsset Brandherd V4 - FireWare","isPartOf":{"@id":"https:\/\/fireware.nl\/de\/#website"},"primaryImageOfPage":{"@id":"https:\/\/fireware.nl\/de\/product\/ausbildung-set-brandherd\/#primaryimage"},"image":{"@id":"https:\/\/fireware.nl\/de\/product\/ausbildung-set-brandherd\/#primaryimage"},"thumbnailUrl":"https:\/\/fireware.nl\/wp-content\/uploads\/2021\/11\/040-030-032-Oefenset-Brandhaard-V4.jpg","datePublished":"2021-11-10T12:15:38+00:00","dateModified":"2025-01-20T09:16:34+00:00","breadcrumb":{"@id":"https:\/\/fireware.nl\/de\/product\/ausbildung-set-brandherd\/#breadcrumb"},"inLanguage":"de","potentialAction":[{"@type":"ReadAction","target":["https:\/\/fireware.nl\/de\/product\/ausbildung-set-brandherd\/"]}]},{"@type":"ImageObject","inLanguage":"de","@id":"https:\/\/fireware.nl\/de\/product\/ausbildung-set-brandherd\/#primaryimage","url":"https:\/\/fireware.nl\/wp-content\/uploads\/2021\/11\/040-030-032-Oefenset-Brandhaard-V4.jpg","contentUrl":"https:\/\/fireware.nl\/wp-content\/uploads\/2021\/11\/040-030-032-Oefenset-Brandhaard-V4.jpg","width":600,"height":600},{"@type":"BreadcrumbList","@id":"https:\/\/fireware.nl\/de\/product\/ausbildung-set-brandherd\/#breadcrumb","itemListElement":[{"@type":"ListItem","position":1,"name":"Home","item":"https:\/\/fireware.nl\/de\/"},{"@type":"ListItem","position":2,"name":"Produkte","item":"https:\/\/fireware.nl\/de\/produkte\/"},{"@type":"ListItem","position":3,"name":"Ausbildungsset Brandherd V4"}]},{"@type":"WebSite","@id":"https:\/\/fireware.nl\/de\/#website","url":"https:\/\/fireware.nl\/de\/","name":"FireWare","description":"CREATING REALISTIC  TRAINING ENVIRONMENTS","publisher":{"@id":"https:\/\/fireware.nl\/de\/#organization"},"potentialAction":[{"@type":"SearchAction","target":{"@type":"EntryPoint","urlTemplate":"https:\/\/fireware.nl\/de\/?s={search_term_string}"},"query-input":{"@type":"PropertyValueSpecification","valueRequired":true,"valueName":"search_term_string"}}],"inLanguage":"de"},{"@type":"Organization","@id":"https:\/\/fireware.nl\/de\/#organization","name":"FireWare","url":"https:\/\/fireware.nl\/de\/","logo":{"@type":"ImageObject","inLanguage":"de","@id":"https:\/\/fireware.nl\/de\/#\/schema\/logo\/image\/","url":"https:\/\/fireware.nl\/wp-content\/uploads\/2018\/10\/FireWare-logo.jpg","contentUrl":"https:\/\/fireware.nl\/wp-content\/uploads\/2018\/10\/FireWare-logo.jpg","width":171,"height":70,"caption":"FireWare"},"image":{"@id":"https:\/\/fireware.nl\/de\/#\/schema\/logo\/image\/"},"sameAs":["https:\/\/www.facebook.com\/FireWareBV\/","https:\/\/x.com\/FireWarebv","https:\/\/www.instagram.com\/fireware_nl\/","https:\/\/www.linkedin.com\/company\/3586017\/","https:\/\/www.youtube.com\/user\/firesalesrentconsult"]}]}},"publishpress_future_workflow_manual_trigger":{"enabledWorkflows":[]},"_links":{"self":[{"href":"https:\/\/fireware.nl\/de\/wp-json\/wp\/v2\/product\/19141","targetHints":{"allow":["GET"]}}],"collection":[{"href":"https:\/\/fireware.nl\/de\/wp-json\/wp\/v2\/product"}],"about":[{"href":"https:\/\/fireware.nl\/de\/wp-json\/wp\/v2\/types\/product"}],"wp:featuredmedia":[{"embeddable":true,"href":"https:\/\/fireware.nl\/de\/wp-json\/wp\/v2\/media\/74292"}],"wp:attachment":[{"href":"https:\/\/fireware.nl\/de\/wp-json\/wp\/v2\/media?parent=19141"}],"wp:term":[{"taxonomy":"product_brand","embeddable":true,"href":"https:\/\/fireware.nl\/de\/wp-json\/wp\/v2\/product_brand?post=19141"},{"taxonomy":"product_cat","embeddable":true,"href":"https:\/\/fireware.nl\/de\/wp-json\/wp\/v2\/product_cat?post=19141"},{"taxonomy":"product_tag","embeddable":true,"href":"https:\/\/fireware.nl\/de\/wp-json\/wp\/v2\/product_tag?post=19141"}],"curies":[{"name":"wp","href":"https:\/\/api.w.org\/{rel}","templated":true}]}}