
{"id":19148,"date":"2019-01-23T12:16:12","date_gmt":"2019-02-01T09:53:31","guid":{"rendered":"http:\/\/fireware.sites.hyperhosting.co\/?post_type=product&#038;p=19148"},"modified":"2022-10-27T13:36:41","modified_gmt":"2022-10-27T13:36:41","slug":"mini-ppv-trainer","status":"publish","type":"product","link":"https:\/\/fireware.nl\/de\/product\/mini-ppv-trainer\/","title":{"rendered":"Mini PPV Trainer"},"content":{"rendered":"\r\n<h2>Demonstrieren und \u00fcben Sie mit \u00dcberdruckbel\u00fcftung<\/h2>\r\n<p>Mit dem Mini \u00dcberdruckbel\u00fcftung Trainer k\u00f6nnen Sie demonstrieren, wie man mit \u00dcberdruckbel\u00fcftung arbeitet und auch allerlei Experimente anstellen. Das durchsichtige Wohnhaus hat einen Keller, Parterre, einen ersten Stock und einen Dachboden. Ein Teil fungiert als Treppenhaus. Sie k\u00f6nnen Stockwerke l\u00f6sen und herausnehmen, um das Geb\u00e4ude dadurch zu verkleinern. So l\u00e4sst sich der Trainer auch leicht reinigen.<\/p>\r\n<p>Im \u00dcberdrucktrainer befindet sich ein Rauchkanal. Riegel lassen sich von au\u00dfen \u00f6ffnen, so dass Rauch in die gew\u00fcnschten R\u00e4ume str\u00f6mt. Alle R\u00e4ume k\u00f6nnen getrennt voneinander mit Rauch gef\u00fcllt werden. Die Fenster, T\u00fcren und Dachfenster lassen sich \u00f6ffnen. Zur Simulation von Durchschl\u00e4gen sind die Etagenfu\u00dfb\u00f6den mit Riegeln ausgestattet. Mit den 2 Ventilatoren lassen sich die diversen \u00dcberdrucktechniken \u00fcben und studieren.<\/p>\r\n<p>Der Mini \u00dcDB Trainer wird standardm\u00e4\u00dfig in einem Flightcase geliefert. Auf diesem kann er w\u00e4hrend der Benutzung stehen. So schafft man eine angenehme Arbeitsh\u00f6he und kann zugleich um den Trainer herum laufen. Das Set besteht aus allen Stockwerken, einem Rauchgenerator, 5 Litern Rauchfl\u00fcssigkeit und\u00a02 Ventilatoren.<\/p>\r\n<h2>Sehen Sie sich das Video hier an<\/h2>\r\n<p><iframe loading=\"lazy\" title=\"YouTube video player\" src=\"https:\/\/www.youtube.com\/embed\/K3dNSIxQq_Q?rel=0\" width=\"560\" height=\"315\" frameborder=\"0\" allowfullscreen=\"allowfullscreen\"><\/iframe><\/p>\r\n","protected":false},"excerpt":{"rendered":"<ul>\n<li>Inklusive Rauchgenerator, drahtlose Fernbedienung, Rauchfl\u00fcssigkeit und 2 Ventilatoren.<\/li>\n<li>Um \u00dcberdruckbel\u00fcftung zu demonstrieren.<\/li>\n<li>F\u00fcr \u00dcbungen mit \u00dcberdruck geeignet.<\/li>\n<li>Besteht aus Keller, Parterre, erstem Stock und Dachboden.<\/li>\n<li>Die Zahl der Stockwerke l\u00e4sst sich variieren.<\/li>\n<li>Die R\u00e4ume k\u00f6nnen unabh\u00e4ngig voneinander unter Rauch gesetzt werden.<\/li>\n<li>Mit Schiebefenstern und -t\u00fcren f\u00fcr variable Abluft ausgestattet.<\/li>\n<li>Standardm\u00e4\u00dfig in robustem Flightcase f\u00fcr Transport und Lagerung.<\/li>\n<li>Inklusive drei kleine und drei gro\u00dfe Br\u00e4nde.<\/li>\n<li>Alle Scheiben sind so gekennzeichnet, dass sie gesondert erw\u00e4hnt sind.<\/li>\n<\/ul>\n","protected":false},"featured_media":50762,"template":"","meta":[],"product_brand":[],"product_cat":[93],"product_tag":[],"class_list":{"0":"post-19148","1":"product","2":"type-product","3":"status-publish","4":"has-post-thumbnail","6":"product_cat-demo-produkte","8":"first","9":"instock","10":"taxable","11":"shipping-taxable","12":"purchasable","13":"product-type-simple"},"yoast_head":"<!-- This site is optimized with the Yoast SEO plugin v27.5 - https:\/\/yoast.com\/product\/yoast-seo-wordpress\/ -->\n<title>Mini PPV Trainer - FireWare<\/title>\n<meta name=\"robots\" content=\"index, follow, max-snippet:-1, max-image-preview:large, max-video-preview:-1\" \/>\n<link rel=\"canonical\" href=\"https:\/\/fireware.nl\/de\/product\/mini-ppv-trainer\/\" \/>\n<meta property=\"og:locale\" content=\"de_DE\" \/>\n<meta property=\"og:type\" content=\"article\" \/>\n<meta property=\"og:title\" content=\"Mini PPV Trainer - FireWare\" \/>\n<meta property=\"og:description\" content=\"Inklusive Rauchgenerator, drahtlose Fernbedienung, Rauchfl\u00fcssigkeit und 2 Ventilatoren. Um \u00dcberdruckbel\u00fcftung zu demonstrieren. F\u00fcr \u00dcbungen mit \u00dcberdruck geeignet. Besteht aus Keller, Parterre, erstem Stock und Dachboden. Die Zahl der Stockwerke l\u00e4sst sich variieren. Die R\u00e4ume k\u00f6nnen unabh\u00e4ngig voneinander unter Rauch gesetzt werden. Mit Schiebefenstern und -t\u00fcren f\u00fcr variable Abluft ausgestattet. Standardm\u00e4\u00dfig in robustem Flightcase f\u00fcr Transport und Lagerung. Inklusive drei kleine und drei gro\u00dfe Br\u00e4nde. Alle Scheiben sind so gekennzeichnet, dass sie gesondert erw\u00e4hnt sind.\" \/>\n<meta property=\"og:url\" content=\"https:\/\/fireware.nl\/de\/product\/mini-ppv-trainer\/\" \/>\n<meta property=\"og:site_name\" content=\"FireWare\" \/>\n<meta property=\"article:publisher\" content=\"https:\/\/www.facebook.com\/FireWareBV\/\" \/>\n<meta property=\"article:modified_time\" content=\"2022-10-27T13:36:41+00:00\" \/>\n<meta property=\"og:image\" content=\"https:\/\/fireware.nl\/wp-content\/uploads\/2019\/01\/025-012-006-PPV-Trainer-1.jpg\" \/>\n\t<meta property=\"og:image:width\" content=\"600\" \/>\n\t<meta property=\"og:image:height\" content=\"600\" \/>\n\t<meta property=\"og:image:type\" content=\"image\/jpeg\" \/>\n<meta name=\"twitter:card\" content=\"summary_large_image\" \/>\n<meta name=\"twitter:site\" content=\"@FireWarebv\" \/>\n<meta name=\"twitter:label1\" content=\"Gesch\u00e4tzte Lesezeit\" \/>\n\t<meta name=\"twitter:data1\" content=\"1\u00a0Minute\" \/>\n<script type=\"application\/ld+json\" class=\"yoast-schema-graph\">{\"@context\":\"https:\\\/\\\/schema.org\",\"@graph\":[{\"@type\":\"WebPage\",\"@id\":\"https:\\\/\\\/fireware.nl\\\/de\\\/product\\\/mini-ppv-trainer\\\/\",\"url\":\"https:\\\/\\\/fireware.nl\\\/de\\\/product\\\/mini-ppv-trainer\\\/\",\"name\":\"Mini PPV Trainer - FireWare\",\"isPartOf\":{\"@id\":\"https:\\\/\\\/fireware.nl\\\/de\\\/#website\"},\"primaryImageOfPage\":{\"@id\":\"https:\\\/\\\/fireware.nl\\\/de\\\/product\\\/mini-ppv-trainer\\\/#primaryimage\"},\"image\":{\"@id\":\"https:\\\/\\\/fireware.nl\\\/de\\\/product\\\/mini-ppv-trainer\\\/#primaryimage\"},\"thumbnailUrl\":\"https:\\\/\\\/fireware.nl\\\/wp-content\\\/uploads\\\/2019\\\/01\\\/025-012-006-PPV-Trainer-1.jpg\",\"datePublished\":\"2019-02-01T09:53:31+00:00\",\"dateModified\":\"2022-10-27T13:36:41+00:00\",\"breadcrumb\":{\"@id\":\"https:\\\/\\\/fireware.nl\\\/de\\\/product\\\/mini-ppv-trainer\\\/#breadcrumb\"},\"inLanguage\":\"de\",\"potentialAction\":[{\"@type\":\"ReadAction\",\"target\":[\"https:\\\/\\\/fireware.nl\\\/de\\\/product\\\/mini-ppv-trainer\\\/\"]}]},{\"@type\":\"ImageObject\",\"inLanguage\":\"de\",\"@id\":\"https:\\\/\\\/fireware.nl\\\/de\\\/product\\\/mini-ppv-trainer\\\/#primaryimage\",\"url\":\"https:\\\/\\\/fireware.nl\\\/wp-content\\\/uploads\\\/2019\\\/01\\\/025-012-006-PPV-Trainer-1.jpg\",\"contentUrl\":\"https:\\\/\\\/fireware.nl\\\/wp-content\\\/uploads\\\/2019\\\/01\\\/025-012-006-PPV-Trainer-1.jpg\",\"width\":600,\"height\":600},{\"@type\":\"BreadcrumbList\",\"@id\":\"https:\\\/\\\/fireware.nl\\\/de\\\/product\\\/mini-ppv-trainer\\\/#breadcrumb\",\"itemListElement\":[{\"@type\":\"ListItem\",\"position\":1,\"name\":\"Home\",\"item\":\"https:\\\/\\\/fireware.nl\\\/de\\\/\"},{\"@type\":\"ListItem\",\"position\":2,\"name\":\"Produkte\",\"item\":\"https:\\\/\\\/fireware.nl\\\/de\\\/produkte\\\/\"},{\"@type\":\"ListItem\",\"position\":3,\"name\":\"Mini PPV Trainer\"}]},{\"@type\":\"WebSite\",\"@id\":\"https:\\\/\\\/fireware.nl\\\/de\\\/#website\",\"url\":\"https:\\\/\\\/fireware.nl\\\/de\\\/\",\"name\":\"FireWare\",\"description\":\"CREATING REALISTIC  TRAINING ENVIRONMENTS\",\"publisher\":{\"@id\":\"https:\\\/\\\/fireware.nl\\\/de\\\/#organization\"},\"potentialAction\":[{\"@type\":\"SearchAction\",\"target\":{\"@type\":\"EntryPoint\",\"urlTemplate\":\"https:\\\/\\\/fireware.nl\\\/de\\\/?s={search_term_string}\"},\"query-input\":{\"@type\":\"PropertyValueSpecification\",\"valueRequired\":true,\"valueName\":\"search_term_string\"}}],\"inLanguage\":\"de\"},{\"@type\":\"Organization\",\"@id\":\"https:\\\/\\\/fireware.nl\\\/de\\\/#organization\",\"name\":\"FireWare\",\"url\":\"https:\\\/\\\/fireware.nl\\\/de\\\/\",\"logo\":{\"@type\":\"ImageObject\",\"inLanguage\":\"de\",\"@id\":\"https:\\\/\\\/fireware.nl\\\/de\\\/#\\\/schema\\\/logo\\\/image\\\/\",\"url\":\"https:\\\/\\\/fireware.nl\\\/wp-content\\\/uploads\\\/2018\\\/10\\\/FireWare-logo.jpg\",\"contentUrl\":\"https:\\\/\\\/fireware.nl\\\/wp-content\\\/uploads\\\/2018\\\/10\\\/FireWare-logo.jpg\",\"width\":171,\"height\":70,\"caption\":\"FireWare\"},\"image\":{\"@id\":\"https:\\\/\\\/fireware.nl\\\/de\\\/#\\\/schema\\\/logo\\\/image\\\/\"},\"sameAs\":[\"https:\\\/\\\/www.facebook.com\\\/FireWareBV\\\/\",\"https:\\\/\\\/x.com\\\/FireWarebv\",\"https:\\\/\\\/www.instagram.com\\\/fireware_nl\\\/\",\"https:\\\/\\\/www.linkedin.com\\\/company\\\/3586017\\\/\",\"https:\\\/\\\/www.youtube.com\\\/user\\\/firesalesrentconsult\"]}]}<\/script>\n<!-- \/ Yoast SEO plugin. -->","yoast_head_json":{"title":"Mini PPV Trainer - FireWare","robots":{"index":"index","follow":"follow","max-snippet":"max-snippet:-1","max-image-preview":"max-image-preview:large","max-video-preview":"max-video-preview:-1"},"canonical":"https:\/\/fireware.nl\/de\/product\/mini-ppv-trainer\/","og_locale":"de_DE","og_type":"article","og_title":"Mini PPV Trainer - FireWare","og_description":"Inklusive Rauchgenerator, drahtlose Fernbedienung, Rauchfl\u00fcssigkeit und 2 Ventilatoren. Um \u00dcberdruckbel\u00fcftung zu demonstrieren. F\u00fcr \u00dcbungen mit \u00dcberdruck geeignet. Besteht aus Keller, Parterre, erstem Stock und Dachboden. Die Zahl der Stockwerke l\u00e4sst sich variieren. Die R\u00e4ume k\u00f6nnen unabh\u00e4ngig voneinander unter Rauch gesetzt werden. Mit Schiebefenstern und -t\u00fcren f\u00fcr variable Abluft ausgestattet. Standardm\u00e4\u00dfig in robustem Flightcase f\u00fcr Transport und Lagerung. Inklusive drei kleine und drei gro\u00dfe Br\u00e4nde. Alle Scheiben sind so gekennzeichnet, dass sie gesondert erw\u00e4hnt sind.","og_url":"https:\/\/fireware.nl\/de\/product\/mini-ppv-trainer\/","og_site_name":"FireWare","article_publisher":"https:\/\/www.facebook.com\/FireWareBV\/","article_modified_time":"2022-10-27T13:36:41+00:00","og_image":[{"width":600,"height":600,"url":"https:\/\/fireware.nl\/wp-content\/uploads\/2019\/01\/025-012-006-PPV-Trainer-1.jpg","type":"image\/jpeg"}],"twitter_card":"summary_large_image","twitter_site":"@FireWarebv","twitter_misc":{"Gesch\u00e4tzte Lesezeit":"1\u00a0Minute"},"schema":{"@context":"https:\/\/schema.org","@graph":[{"@type":"WebPage","@id":"https:\/\/fireware.nl\/de\/product\/mini-ppv-trainer\/","url":"https:\/\/fireware.nl\/de\/product\/mini-ppv-trainer\/","name":"Mini PPV Trainer - FireWare","isPartOf":{"@id":"https:\/\/fireware.nl\/de\/#website"},"primaryImageOfPage":{"@id":"https:\/\/fireware.nl\/de\/product\/mini-ppv-trainer\/#primaryimage"},"image":{"@id":"https:\/\/fireware.nl\/de\/product\/mini-ppv-trainer\/#primaryimage"},"thumbnailUrl":"https:\/\/fireware.nl\/wp-content\/uploads\/2019\/01\/025-012-006-PPV-Trainer-1.jpg","datePublished":"2019-02-01T09:53:31+00:00","dateModified":"2022-10-27T13:36:41+00:00","breadcrumb":{"@id":"https:\/\/fireware.nl\/de\/product\/mini-ppv-trainer\/#breadcrumb"},"inLanguage":"de","potentialAction":[{"@type":"ReadAction","target":["https:\/\/fireware.nl\/de\/product\/mini-ppv-trainer\/"]}]},{"@type":"ImageObject","inLanguage":"de","@id":"https:\/\/fireware.nl\/de\/product\/mini-ppv-trainer\/#primaryimage","url":"https:\/\/fireware.nl\/wp-content\/uploads\/2019\/01\/025-012-006-PPV-Trainer-1.jpg","contentUrl":"https:\/\/fireware.nl\/wp-content\/uploads\/2019\/01\/025-012-006-PPV-Trainer-1.jpg","width":600,"height":600},{"@type":"BreadcrumbList","@id":"https:\/\/fireware.nl\/de\/product\/mini-ppv-trainer\/#breadcrumb","itemListElement":[{"@type":"ListItem","position":1,"name":"Home","item":"https:\/\/fireware.nl\/de\/"},{"@type":"ListItem","position":2,"name":"Produkte","item":"https:\/\/fireware.nl\/de\/produkte\/"},{"@type":"ListItem","position":3,"name":"Mini PPV Trainer"}]},{"@type":"WebSite","@id":"https:\/\/fireware.nl\/de\/#website","url":"https:\/\/fireware.nl\/de\/","name":"FireWare","description":"CREATING REALISTIC  TRAINING ENVIRONMENTS","publisher":{"@id":"https:\/\/fireware.nl\/de\/#organization"},"potentialAction":[{"@type":"SearchAction","target":{"@type":"EntryPoint","urlTemplate":"https:\/\/fireware.nl\/de\/?s={search_term_string}"},"query-input":{"@type":"PropertyValueSpecification","valueRequired":true,"valueName":"search_term_string"}}],"inLanguage":"de"},{"@type":"Organization","@id":"https:\/\/fireware.nl\/de\/#organization","name":"FireWare","url":"https:\/\/fireware.nl\/de\/","logo":{"@type":"ImageObject","inLanguage":"de","@id":"https:\/\/fireware.nl\/de\/#\/schema\/logo\/image\/","url":"https:\/\/fireware.nl\/wp-content\/uploads\/2018\/10\/FireWare-logo.jpg","contentUrl":"https:\/\/fireware.nl\/wp-content\/uploads\/2018\/10\/FireWare-logo.jpg","width":171,"height":70,"caption":"FireWare"},"image":{"@id":"https:\/\/fireware.nl\/de\/#\/schema\/logo\/image\/"},"sameAs":["https:\/\/www.facebook.com\/FireWareBV\/","https:\/\/x.com\/FireWarebv","https:\/\/www.instagram.com\/fireware_nl\/","https:\/\/www.linkedin.com\/company\/3586017\/","https:\/\/www.youtube.com\/user\/firesalesrentconsult"]}]}},"publishpress_future_workflow_manual_trigger":{"enabledWorkflows":[]},"_links":{"self":[{"href":"https:\/\/fireware.nl\/de\/wp-json\/wp\/v2\/product\/19148","targetHints":{"allow":["GET"]}}],"collection":[{"href":"https:\/\/fireware.nl\/de\/wp-json\/wp\/v2\/product"}],"about":[{"href":"https:\/\/fireware.nl\/de\/wp-json\/wp\/v2\/types\/product"}],"wp:featuredmedia":[{"embeddable":true,"href":"https:\/\/fireware.nl\/de\/wp-json\/wp\/v2\/media\/50762"}],"wp:attachment":[{"href":"https:\/\/fireware.nl\/de\/wp-json\/wp\/v2\/media?parent=19148"}],"wp:term":[{"taxonomy":"product_brand","embeddable":true,"href":"https:\/\/fireware.nl\/de\/wp-json\/wp\/v2\/product_brand?post=19148"},{"taxonomy":"product_cat","embeddable":true,"href":"https:\/\/fireware.nl\/de\/wp-json\/wp\/v2\/product_cat?post=19148"},{"taxonomy":"product_tag","embeddable":true,"href":"https:\/\/fireware.nl\/de\/wp-json\/wp\/v2\/product_tag?post=19148"}],"curies":[{"name":"wp","href":"https:\/\/api.w.org\/{rel}","templated":true}]}}