
{"id":19243,"date":"2019-01-23T12:15:29","date_gmt":"2019-02-01T10:10:47","guid":{"rendered":"http:\/\/fireware.sites.hyperhosting.co\/?post_type=product&#038;p=19243"},"modified":"2025-03-21T12:10:57","modified_gmt":"2025-03-21T12:10:57","slug":"neptune-befuellungssystem","status":"publish","type":"product","link":"https:\/\/fireware.nl\/de\/product\/neptune-befuellungssystem\/","title":{"rendered":"Neptune Bef\u00fcllungssystem"},"content":{"rendered":"\n\n\t<h2>Selbst \u00dcbungsl\u00f6scher bef\u00fcllen<\/h2>\n<p>Mit dem FireWare Neptune k\u00f6nnen Sie Ihre FireWare \u00dcbungsl\u00f6scher ganz einfach selbst bef\u00fcllen. Befestigen Sie einen Kompressor (nicht im Lieferumfang enthalten) am Luftanschluss und schlie\u00dfen Sie den Schlauch f\u00fcr die Wasserzufuhr an. Nun noch das Schaumreservoir anschlie\u00dfen, und die Bef\u00fcllung kann beginnen. Es k\u00f6nnen 1 bis 3 leere FireWare \u00dcbungsl\u00f6scher gleichzeitig angeschlossen werden. Anschlie\u00dfend kann der Schaum nach Wunsch von 0 bis 100% dosiert werden.\u00a0Der Neptune wird inklusive 5 Liter \u00dcbungsschaum geliefert und ist in einer praktischen stapelbaren Kunststoffkiste eingebaut.<\/p>\n<h2>Sehen Sie sich das Video hier an<\/h2>\n\t<iframe loading=\"lazy\" width=\"1920\" height=\"1080\" src=\"https:\/\/player.vimeo.com\/video\/1068079231?hl=nl&#038;cc_lang_pref=nl&#038;cc_load_policy=1\" frameborder=\"0\" allow=\"accelerometer; autoplay; clipboard-write; encrypted-media; gyroscope; picture-in-picture\" allowfullscreen><\/iframe>\n\n","protected":false},"excerpt":{"rendered":"<ul>\n<li>Bef\u00fcllen Sie Ihre \u00dcbungsl\u00f6scher selbst<\/li>\n<li>Maximal 3 gleichzeitig bef\u00fcllen<\/li>\n<li>Ideal f\u00fcr die Bef\u00fcllung mit Wasser oder mit Wasser und Schaum<\/li>\n<li>Mechanisches Bef\u00fcllungssystem, ohne Elektronik.<\/li>\n<li>Geeignet f\u00fcr alle FireWare \u00dcbungsl\u00f6scher<\/li>\n<li>Inklusive 5 Liter FireWare \u00dcbungsschaum<\/li>\n<li>Inklusive Kunststoffbox 60*40*34 cm.<\/li>\n<li>Anschluss an die Wasserleitung und einen Kompressor (nicht inbegriffen)<\/li>\n<\/ul>\n","protected":false},"featured_media":21218,"template":"","meta":[],"product_brand":[],"product_cat":[102],"product_tag":[],"class_list":{"0":"post-19243","1":"product","2":"type-product","3":"status-publish","4":"has-post-thumbnail","6":"product_cat-uebungs-loeschmittel","8":"first","9":"instock","10":"taxable","11":"shipping-taxable","12":"purchasable","13":"product-type-simple"},"yoast_head":"<!-- This site is optimized with the Yoast SEO plugin v27.5 - https:\/\/yoast.com\/product\/yoast-seo-wordpress\/ -->\n<title>Neptune Bef\u00fcllungssystem - FireWare<\/title>\n<meta name=\"robots\" content=\"index, follow, max-snippet:-1, max-image-preview:large, max-video-preview:-1\" \/>\n<link rel=\"canonical\" href=\"https:\/\/fireware.nl\/de\/product\/neptune-befuellungssystem\/\" \/>\n<meta property=\"og:locale\" content=\"de_DE\" \/>\n<meta property=\"og:type\" content=\"article\" \/>\n<meta property=\"og:title\" content=\"Neptune Bef\u00fcllungssystem - FireWare\" \/>\n<meta property=\"og:description\" content=\"Bef\u00fcllen Sie Ihre \u00dcbungsl\u00f6scher selbst Maximal 3 gleichzeitig bef\u00fcllen Ideal f\u00fcr die Bef\u00fcllung mit Wasser oder mit Wasser und Schaum Mechanisches Bef\u00fcllungssystem, ohne Elektronik. Geeignet f\u00fcr alle FireWare \u00dcbungsl\u00f6scher Inklusive 5 Liter FireWare \u00dcbungsschaum Inklusive Kunststoffbox 60*40*34 cm. Anschluss an die Wasserleitung und einen Kompressor (nicht inbegriffen)\" \/>\n<meta property=\"og:url\" content=\"https:\/\/fireware.nl\/de\/product\/neptune-befuellungssystem\/\" \/>\n<meta property=\"og:site_name\" content=\"FireWare\" \/>\n<meta property=\"article:publisher\" content=\"https:\/\/www.facebook.com\/FireWareBV\/\" \/>\n<meta property=\"article:modified_time\" content=\"2025-03-21T12:10:57+00:00\" \/>\n<meta property=\"og:image\" content=\"https:\/\/fireware.nl\/wp-content\/uploads\/2019\/01\/025-012-007-Neptune-Vulsysteem-Boven.jpg\" \/>\n\t<meta property=\"og:image:width\" content=\"600\" \/>\n\t<meta property=\"og:image:height\" content=\"600\" \/>\n\t<meta property=\"og:image:type\" content=\"image\/jpeg\" \/>\n<meta name=\"twitter:card\" content=\"summary_large_image\" \/>\n<meta name=\"twitter:site\" content=\"@FireWarebv\" \/>\n<meta name=\"twitter:label1\" content=\"Gesch\u00e4tzte Lesezeit\" \/>\n\t<meta name=\"twitter:data1\" content=\"1\u00a0Minute\" \/>\n<script type=\"application\/ld+json\" class=\"yoast-schema-graph\">{\"@context\":\"https:\\\/\\\/schema.org\",\"@graph\":[{\"@type\":\"WebPage\",\"@id\":\"https:\\\/\\\/fireware.nl\\\/de\\\/product\\\/neptune-befuellungssystem\\\/\",\"url\":\"https:\\\/\\\/fireware.nl\\\/de\\\/product\\\/neptune-befuellungssystem\\\/\",\"name\":\"Neptune Bef\u00fcllungssystem - FireWare\",\"isPartOf\":{\"@id\":\"https:\\\/\\\/fireware.nl\\\/de\\\/#website\"},\"primaryImageOfPage\":{\"@id\":\"https:\\\/\\\/fireware.nl\\\/de\\\/product\\\/neptune-befuellungssystem\\\/#primaryimage\"},\"image\":{\"@id\":\"https:\\\/\\\/fireware.nl\\\/de\\\/product\\\/neptune-befuellungssystem\\\/#primaryimage\"},\"thumbnailUrl\":\"https:\\\/\\\/fireware.nl\\\/wp-content\\\/uploads\\\/2019\\\/01\\\/025-012-007-Neptune-Vulsysteem-Boven.jpg\",\"datePublished\":\"2019-02-01T10:10:47+00:00\",\"dateModified\":\"2025-03-21T12:10:57+00:00\",\"breadcrumb\":{\"@id\":\"https:\\\/\\\/fireware.nl\\\/de\\\/product\\\/neptune-befuellungssystem\\\/#breadcrumb\"},\"inLanguage\":\"de\",\"potentialAction\":[{\"@type\":\"ReadAction\",\"target\":[\"https:\\\/\\\/fireware.nl\\\/de\\\/product\\\/neptune-befuellungssystem\\\/\"]}]},{\"@type\":\"ImageObject\",\"inLanguage\":\"de\",\"@id\":\"https:\\\/\\\/fireware.nl\\\/de\\\/product\\\/neptune-befuellungssystem\\\/#primaryimage\",\"url\":\"https:\\\/\\\/fireware.nl\\\/wp-content\\\/uploads\\\/2019\\\/01\\\/025-012-007-Neptune-Vulsysteem-Boven.jpg\",\"contentUrl\":\"https:\\\/\\\/fireware.nl\\\/wp-content\\\/uploads\\\/2019\\\/01\\\/025-012-007-Neptune-Vulsysteem-Boven.jpg\",\"width\":600,\"height\":600,\"caption\":\"025-012-007 Neptune Vulsysteem Boven\"},{\"@type\":\"BreadcrumbList\",\"@id\":\"https:\\\/\\\/fireware.nl\\\/de\\\/product\\\/neptune-befuellungssystem\\\/#breadcrumb\",\"itemListElement\":[{\"@type\":\"ListItem\",\"position\":1,\"name\":\"Home\",\"item\":\"https:\\\/\\\/fireware.nl\\\/de\\\/\"},{\"@type\":\"ListItem\",\"position\":2,\"name\":\"Produkte\",\"item\":\"https:\\\/\\\/fireware.nl\\\/de\\\/produkte\\\/\"},{\"@type\":\"ListItem\",\"position\":3,\"name\":\"Neptune Bef\u00fcllungssystem\"}]},{\"@type\":\"WebSite\",\"@id\":\"https:\\\/\\\/fireware.nl\\\/de\\\/#website\",\"url\":\"https:\\\/\\\/fireware.nl\\\/de\\\/\",\"name\":\"FireWare\",\"description\":\"CREATING REALISTIC  TRAINING ENVIRONMENTS\",\"publisher\":{\"@id\":\"https:\\\/\\\/fireware.nl\\\/de\\\/#organization\"},\"potentialAction\":[{\"@type\":\"SearchAction\",\"target\":{\"@type\":\"EntryPoint\",\"urlTemplate\":\"https:\\\/\\\/fireware.nl\\\/de\\\/?s={search_term_string}\"},\"query-input\":{\"@type\":\"PropertyValueSpecification\",\"valueRequired\":true,\"valueName\":\"search_term_string\"}}],\"inLanguage\":\"de\"},{\"@type\":\"Organization\",\"@id\":\"https:\\\/\\\/fireware.nl\\\/de\\\/#organization\",\"name\":\"FireWare\",\"url\":\"https:\\\/\\\/fireware.nl\\\/de\\\/\",\"logo\":{\"@type\":\"ImageObject\",\"inLanguage\":\"de\",\"@id\":\"https:\\\/\\\/fireware.nl\\\/de\\\/#\\\/schema\\\/logo\\\/image\\\/\",\"url\":\"https:\\\/\\\/fireware.nl\\\/wp-content\\\/uploads\\\/2018\\\/10\\\/FireWare-logo.jpg\",\"contentUrl\":\"https:\\\/\\\/fireware.nl\\\/wp-content\\\/uploads\\\/2018\\\/10\\\/FireWare-logo.jpg\",\"width\":171,\"height\":70,\"caption\":\"FireWare\"},\"image\":{\"@id\":\"https:\\\/\\\/fireware.nl\\\/de\\\/#\\\/schema\\\/logo\\\/image\\\/\"},\"sameAs\":[\"https:\\\/\\\/www.facebook.com\\\/FireWareBV\\\/\",\"https:\\\/\\\/x.com\\\/FireWarebv\",\"https:\\\/\\\/www.instagram.com\\\/fireware_nl\\\/\",\"https:\\\/\\\/www.linkedin.com\\\/company\\\/3586017\\\/\",\"https:\\\/\\\/www.youtube.com\\\/user\\\/firesalesrentconsult\"]}]}<\/script>\n<!-- \/ Yoast SEO plugin. -->","yoast_head_json":{"title":"Neptune Bef\u00fcllungssystem - FireWare","robots":{"index":"index","follow":"follow","max-snippet":"max-snippet:-1","max-image-preview":"max-image-preview:large","max-video-preview":"max-video-preview:-1"},"canonical":"https:\/\/fireware.nl\/de\/product\/neptune-befuellungssystem\/","og_locale":"de_DE","og_type":"article","og_title":"Neptune Bef\u00fcllungssystem - FireWare","og_description":"Bef\u00fcllen Sie Ihre \u00dcbungsl\u00f6scher selbst Maximal 3 gleichzeitig bef\u00fcllen Ideal f\u00fcr die Bef\u00fcllung mit Wasser oder mit Wasser und Schaum Mechanisches Bef\u00fcllungssystem, ohne Elektronik. Geeignet f\u00fcr alle FireWare \u00dcbungsl\u00f6scher Inklusive 5 Liter FireWare \u00dcbungsschaum Inklusive Kunststoffbox 60*40*34 cm. Anschluss an die Wasserleitung und einen Kompressor (nicht inbegriffen)","og_url":"https:\/\/fireware.nl\/de\/product\/neptune-befuellungssystem\/","og_site_name":"FireWare","article_publisher":"https:\/\/www.facebook.com\/FireWareBV\/","article_modified_time":"2025-03-21T12:10:57+00:00","og_image":[{"width":600,"height":600,"url":"https:\/\/fireware.nl\/wp-content\/uploads\/2019\/01\/025-012-007-Neptune-Vulsysteem-Boven.jpg","type":"image\/jpeg"}],"twitter_card":"summary_large_image","twitter_site":"@FireWarebv","twitter_misc":{"Gesch\u00e4tzte Lesezeit":"1\u00a0Minute"},"schema":{"@context":"https:\/\/schema.org","@graph":[{"@type":"WebPage","@id":"https:\/\/fireware.nl\/de\/product\/neptune-befuellungssystem\/","url":"https:\/\/fireware.nl\/de\/product\/neptune-befuellungssystem\/","name":"Neptune Bef\u00fcllungssystem - FireWare","isPartOf":{"@id":"https:\/\/fireware.nl\/de\/#website"},"primaryImageOfPage":{"@id":"https:\/\/fireware.nl\/de\/product\/neptune-befuellungssystem\/#primaryimage"},"image":{"@id":"https:\/\/fireware.nl\/de\/product\/neptune-befuellungssystem\/#primaryimage"},"thumbnailUrl":"https:\/\/fireware.nl\/wp-content\/uploads\/2019\/01\/025-012-007-Neptune-Vulsysteem-Boven.jpg","datePublished":"2019-02-01T10:10:47+00:00","dateModified":"2025-03-21T12:10:57+00:00","breadcrumb":{"@id":"https:\/\/fireware.nl\/de\/product\/neptune-befuellungssystem\/#breadcrumb"},"inLanguage":"de","potentialAction":[{"@type":"ReadAction","target":["https:\/\/fireware.nl\/de\/product\/neptune-befuellungssystem\/"]}]},{"@type":"ImageObject","inLanguage":"de","@id":"https:\/\/fireware.nl\/de\/product\/neptune-befuellungssystem\/#primaryimage","url":"https:\/\/fireware.nl\/wp-content\/uploads\/2019\/01\/025-012-007-Neptune-Vulsysteem-Boven.jpg","contentUrl":"https:\/\/fireware.nl\/wp-content\/uploads\/2019\/01\/025-012-007-Neptune-Vulsysteem-Boven.jpg","width":600,"height":600,"caption":"025-012-007 Neptune Vulsysteem Boven"},{"@type":"BreadcrumbList","@id":"https:\/\/fireware.nl\/de\/product\/neptune-befuellungssystem\/#breadcrumb","itemListElement":[{"@type":"ListItem","position":1,"name":"Home","item":"https:\/\/fireware.nl\/de\/"},{"@type":"ListItem","position":2,"name":"Produkte","item":"https:\/\/fireware.nl\/de\/produkte\/"},{"@type":"ListItem","position":3,"name":"Neptune Bef\u00fcllungssystem"}]},{"@type":"WebSite","@id":"https:\/\/fireware.nl\/de\/#website","url":"https:\/\/fireware.nl\/de\/","name":"FireWare","description":"CREATING REALISTIC  TRAINING ENVIRONMENTS","publisher":{"@id":"https:\/\/fireware.nl\/de\/#organization"},"potentialAction":[{"@type":"SearchAction","target":{"@type":"EntryPoint","urlTemplate":"https:\/\/fireware.nl\/de\/?s={search_term_string}"},"query-input":{"@type":"PropertyValueSpecification","valueRequired":true,"valueName":"search_term_string"}}],"inLanguage":"de"},{"@type":"Organization","@id":"https:\/\/fireware.nl\/de\/#organization","name":"FireWare","url":"https:\/\/fireware.nl\/de\/","logo":{"@type":"ImageObject","inLanguage":"de","@id":"https:\/\/fireware.nl\/de\/#\/schema\/logo\/image\/","url":"https:\/\/fireware.nl\/wp-content\/uploads\/2018\/10\/FireWare-logo.jpg","contentUrl":"https:\/\/fireware.nl\/wp-content\/uploads\/2018\/10\/FireWare-logo.jpg","width":171,"height":70,"caption":"FireWare"},"image":{"@id":"https:\/\/fireware.nl\/de\/#\/schema\/logo\/image\/"},"sameAs":["https:\/\/www.facebook.com\/FireWareBV\/","https:\/\/x.com\/FireWarebv","https:\/\/www.instagram.com\/fireware_nl\/","https:\/\/www.linkedin.com\/company\/3586017\/","https:\/\/www.youtube.com\/user\/firesalesrentconsult"]}]}},"publishpress_future_workflow_manual_trigger":{"enabledWorkflows":[]},"_links":{"self":[{"href":"https:\/\/fireware.nl\/de\/wp-json\/wp\/v2\/product\/19243","targetHints":{"allow":["GET"]}}],"collection":[{"href":"https:\/\/fireware.nl\/de\/wp-json\/wp\/v2\/product"}],"about":[{"href":"https:\/\/fireware.nl\/de\/wp-json\/wp\/v2\/types\/product"}],"wp:featuredmedia":[{"embeddable":true,"href":"https:\/\/fireware.nl\/de\/wp-json\/wp\/v2\/media\/21218"}],"wp:attachment":[{"href":"https:\/\/fireware.nl\/de\/wp-json\/wp\/v2\/media?parent=19243"}],"wp:term":[{"taxonomy":"product_brand","embeddable":true,"href":"https:\/\/fireware.nl\/de\/wp-json\/wp\/v2\/product_brand?post=19243"},{"taxonomy":"product_cat","embeddable":true,"href":"https:\/\/fireware.nl\/de\/wp-json\/wp\/v2\/product_cat?post=19243"},{"taxonomy":"product_tag","embeddable":true,"href":"https:\/\/fireware.nl\/de\/wp-json\/wp\/v2\/product_tag?post=19243"}],"curies":[{"name":"wp","href":"https:\/\/api.w.org\/{rel}","templated":true}]}}